{"id":2383,"date":"2025-03-10T11:59:43","date_gmt":"2025-03-10T11:59:43","guid":{"rendered":"https:\/\/helim.eu\/bakim\/"},"modified":"2025-05-11T06:34:01","modified_gmt":"2025-05-11T06:34:01","slug":"bakim","status":"publish","type":"page","link":"https:\/\/helim.eu\/tr\/bakim\/","title":{"rendered":"Bak\u0131m"},"content":{"rendered":"\n<style type=\"text\/css\" data-created_by=\"avia_inline_auto\" id=\"style-css-av-m7uj1yt0-e7dffc81a17d42c166dd522531a056ec\">\n.avia-section.av-m7uj1yt0-e7dffc81a17d42c166dd522531a056ec .av-parallax .av-parallax-inner{\nbackground-color:#e10800;\nbackground-image:url(https:\/\/helim.eu\/wp-content\/uploads\/2025\/03\/leaktest-battery-leakage-test-helim-10.png);\nbackground-repeat:no-repeat;\nbackground-position:100% 0%;\nbackground-attachment:scroll;\n}\n.avia-section.av-m7uj1yt0-e7dffc81a17d42c166dd522531a056ec .av-section-color-overlay{\nopacity:0.6;\nbackground-color:#e10800;\n}\n#top .avia-section.av-m7uj1yt0-e7dffc81a17d42c166dd522531a056ec .scroll-down-link{\ncolor:#ffffff;\n}\n<\/style>\n<div id='av_section_1'  class='avia-section av-m7uj1yt0-e7dffc81a17d42c166dd522531a056ec main_color avia-section-default avia-no-border-styling  avia-builder-el-0  el_before_av_section  avia-builder-el-first  av-parallax-section avia-bg-style-parallax av-section-color-overlay-active av-minimum-height av-minimum-height-85 av-height-percent  container_wrap fullsize'  data-section-bg-repeat='no-repeat' data-av_minimum_height_pc='85' data-av_min_height_opt='percent'><div class='av-parallax' data-avia-parallax-ratio='0.3' ><div class='av-parallax-inner main_color avia-full-stretch'><\/div><\/div><div class=\"av-section-color-overlay-wrap\"><div class=\"av-section-color-overlay\"><\/div><a href='#next-section' title='' class='scroll-down-link av-custom-scroll-down-color' aria-hidden='true' data-av_icon='\ue877' data-av_iconfont='entypo-fontello'><\/a><div class='container av-section-cont-open' ><main  role=\"main\" itemprop=\"mainContentOfPage\"  class='template-page content  av-content-full alpha units'><div class='post-entry post-entry-type-page post-entry-2383'><div class='entry-content-wrapper clearfix'>\n\n<style type=\"text\/css\" data-created_by=\"avia_inline_auto\" id=\"style-css-av-4w6a-e4e2878a77dacf489fc1da314676a2c1\">\n.flex_column.av-4w6a-e4e2878a77dacf489fc1da314676a2c1{\npadding:50px 0 0 0;\n}\n<\/style>\n<div  class='flex_column av-4w6a-e4e2878a77dacf489fc1da314676a2c1 av_three_fifth  avia-builder-el-1  el_before_av_two_fifth  avia-builder-el-first  first flex_column_div av-parallax-object  ' data-parallax=\"{&quot;parallax&quot;:&quot;right_left&quot;,&quot;parallax_speed&quot;:&quot;40&quot;,&quot;av-desktop-parallax&quot;:&quot;inherit&quot;,&quot;av-desktop-parallax_speed&quot;:&quot;inherit&quot;,&quot;av-medium-parallax&quot;:&quot;inherit&quot;,&quot;av-medium-parallax_speed&quot;:&quot;inherit&quot;,&quot;av-small-parallax&quot;:&quot;inherit&quot;,&quot;av-small-parallax_speed&quot;:&quot;inherit&quot;,&quot;av-mini-parallax&quot;:&quot;inherit&quot;,&quot;av-mini-parallax_speed&quot;:&quot;inherit&quot;,&quot;parallax-container&quot;:&quot;.av-4w6a-e4e2878a77dacf489fc1da314676a2c1&quot;}\"    ><section  class='av_textblock_section av-m7uirohe-b57013c8e80d236f727e40edc1cd64b9 '   itemscope=\"itemscope\" itemtype=\"https:\/\/schema.org\/CreativeWork\" ><div class='avia_textblock'  itemprop=\"text\" ><h1><span style=\"color: #ffffff;\">S\u0131z\u0131nt\u0131 test cihazlar\u0131 &#8211; <\/span><span style=\"color: #ffffff;\">Onar\u0131m, bak\u0131m ve kalibrasyon<\/span><\/h1>\n<h1><\/h1>\n<h1><\/h1>\n<\/div><\/section><br \/>\n\n<style type=\"text\/css\" data-created_by=\"avia_inline_auto\" id=\"style-css-av-m7yo0zzc-841ce2c2f2e477756d17ed2aad87f50e\">\n#top .hr.av-m7yo0zzc-841ce2c2f2e477756d17ed2aad87f50e{\nmargin-top:15px;\nmargin-bottom:15px;\n}\n.hr.av-m7yo0zzc-841ce2c2f2e477756d17ed2aad87f50e .hr-inner{\nwidth:50px;\n}\n<\/style>\n<div  class='hr av-m7yo0zzc-841ce2c2f2e477756d17ed2aad87f50e hr-custom  avia-builder-el-3  el_after_av_textblock  el_before_av_image  hr-center hr-icon-no'><span class='hr-inner inner-border-av-border-none'><span class=\"hr-inner-style\"><\/span><\/span><\/div><br \/>\n\n<style type=\"text\/css\" data-created_by=\"avia_inline_auto\" id=\"style-css-av-m7ynwwq1-bf2986ff46a934ab73287d90faf2f385\">\n.avia-image-container.av-m7ynwwq1-bf2986ff46a934ab73287d90faf2f385 img.avia_image{\nbox-shadow:none;\n}\n.avia-image-container.av-m7ynwwq1-bf2986ff46a934ab73287d90faf2f385 .av-image-caption-overlay-center{\ncolor:#ffffff;\n}\n<\/style>\n<div  class='avia-image-container av-m7ynwwq1-bf2986ff46a934ab73287d90faf2f385 av-styling- avia-align-left  avia-builder-el-4  el_after_av_hr  avia-builder-el-last '   itemprop=\"image\" itemscope=\"itemscope\" itemtype=\"https:\/\/schema.org\/ImageObject\" ><div class=\"avia-image-container-inner\"><div class=\"avia-image-overlay-wrap\"><img decoding=\"async\" fetchpriority=\"high\" class='wp-image-2368 avia-img-lazy-loading-not-2368 avia_image ' src=\"https:\/\/helim.eu\/wp-content\/uploads\/2025\/03\/helim-white-without-bg-600-300x92.png\" alt='' title='Leakage test EV battery - Helim - Logo 600'  height=\"92\" width=\"300\"  itemprop=\"thumbnailUrl\" srcset=\"https:\/\/helim.eu\/wp-content\/uploads\/2025\/03\/helim-white-without-bg-600-300x92.png 300w, https:\/\/helim.eu\/wp-content\/uploads\/2025\/03\/helim-white-without-bg-600.png 600w\" sizes=\"(max-width: 300px) 100vw, 300px\" \/><\/div><\/div><\/div><\/p><\/div><div  class='flex_column av-2v8g-3bf2cc19cd5a2b3ccf8dff553b817e7b av_two_fifth  avia-builder-el-5  el_after_av_three_fifth  avia-builder-el-last  flex_column_div av-parallax-object  ' data-parallax=\"{&quot;parallax&quot;:&quot;left_right&quot;,&quot;parallax_speed&quot;:&quot;&quot;,&quot;av-desktop-parallax&quot;:&quot;inherit&quot;,&quot;av-desktop-parallax_speed&quot;:&quot;inherit&quot;,&quot;av-medium-parallax&quot;:&quot;inherit&quot;,&quot;av-medium-parallax_speed&quot;:&quot;inherit&quot;,&quot;av-small-parallax&quot;:&quot;inherit&quot;,&quot;av-small-parallax_speed&quot;:&quot;inherit&quot;,&quot;av-mini-parallax&quot;:&quot;inherit&quot;,&quot;av-mini-parallax_speed&quot;:&quot;inherit&quot;,&quot;parallax-container&quot;:&quot;.av-2v8g-3bf2cc19cd5a2b3ccf8dff553b817e7b&quot;}\"    ><\/div>\n\n<\/div><\/div><\/main><!-- close content main element --><\/div><\/div><\/div><div id='av_section_2'  class='avia-section av-47lk-f015129779bb3f8076b237345036f878 main_color avia-section-default avia-no-border-styling  avia-builder-el-7  el_after_av_section  el_before_av_section  avia-bg-style-scroll av-minimum-height av-minimum-height-25 av-height-25  container_wrap fullsize'   data-av_minimum_height_pc='25' data-av_min_height_opt='25'><div class='container av-section-cont-open' ><div class='template-page content  av-content-full alpha units'><div class='post-entry post-entry-type-page post-entry-2383'><div class='entry-content-wrapper clearfix'>\n\n<style type=\"text\/css\" data-created_by=\"avia_inline_auto\" id=\"style-css-av-m7voq5i7-63dcc9f6d8eaf1fc54618182a0cb7f21\">\n#top .av_textblock_section.av-m7voq5i7-63dcc9f6d8eaf1fc54618182a0cb7f21 .avia_textblock{\ntext-align:center;\n}\n<\/style>\n<section  class='av_textblock_section av-m7voq5i7-63dcc9f6d8eaf1fc54618182a0cb7f21 '   itemscope=\"itemscope\" itemtype=\"https:\/\/schema.org\/CreativeWork\" ><div class='avia_textblock'  itemprop=\"text\" ><h2 style=\"text-align: left;\" data-pm-slice=\"1 1 &#091;&#093;\"><strong>Ka\u00e7ak test cihazlar\u0131 Onar\u0131m, bak\u0131m ve kalibrasyon  <\/strong><\/h2>\n<p style=\"text-align: left;\">Ak\u00fc ka\u00e7ak test cihazlar\u0131m\u0131z hassas, g\u00fcvenilir ve dayan\u0131kl\u0131d\u0131r. Bununla birlikte, zaman i\u00e7inde a\u015f\u0131nma ve y\u0131pranma veya k\u00fc\u00e7\u00fck kusurlar meydana gelebilir. Her zaman tamamen i\u015flevsel bir test sistemiyle \u00e7al\u0131\u015fabilmeniz i\u00e7in profesyonel <strong>onar\u0131m, bak\u0131m ve kalibrasyon hizmetleri<\/strong> sunuyoruz.  <\/p>\n<h3 style=\"text-align: left;\">Hizmet yelpazemiz:<\/h3>\n<ul style=\"text-align: left;\" data-spread=\"false\">\n<li><strong>Onar\u0131mlar<\/strong>: Cihaz\u0131n\u0131zda bir ar\u0131za veya kusur varsa, onar\u0131mla h\u0131zl\u0131 ve g\u00fcvenilir bir \u015fekilde ilgilenece\u011fiz.<\/li>\n<li><strong>Bak\u0131m<\/strong>: D\u00fczenli kontroller, ak\u00fc ka\u00e7ak dedekt\u00f6rlerinizin her zaman en iyi \u015fekilde \u00e7al\u0131\u015fmas\u0131n\u0131 sa\u011flar.<\/li>\n<li><strong>Kalibrasyon<\/strong>: Hassas \u00f6l\u00e7\u00fcm sonu\u00e7lar\u0131 elde etmek i\u00e7in cihazlar\u0131n\u0131zda profesyonel kalibrasyon sunuyoruz.<\/li>\n<\/ul>\n<h3 style=\"text-align: left;\">Helim cihazlar\u0131 ve i\u015f orta\u011f\u0131 \u00fcr\u00fcnleri i\u00e7in servis<\/h3>\n<p style=\"text-align: left;\">Sadece kendi Helim s\u0131z\u0131nt\u0131 test cihazlar\u0131m\u0131z\u0131n bak\u0131m ve onar\u0131m\u0131 i\u00e7in de\u011fil, ayn\u0131 zamanda Helim&#8217;in <strong>\u00f6zel markal\u0131 \u00fcr\u00fcnleri<\/strong> olarak sat\u0131lan ve Avrupa&#8217;da bulunan cihazlara da hizmet vermekteyiz. Uzmanlar\u0131m\u0131z, h\u0131zl\u0131 ve etkili bir onar\u0131m veya kalibrasyon ger\u00e7ekle\u015ftirmek i\u00e7in gerekli uzmanl\u0131\u011fa sahiptir. Ortak a\u011f\u0131m\u0131z d\u0131\u015f\u0131ndaki di\u011fer \u00fcreticilerin cihazlar\u0131na servis hizmeti vermiyoruz.  <\/p>\n<h3 style=\"text-align: left;\">Hizmet s\u00fcreci nas\u0131l i\u015fler?<\/h3>\n<ol style=\"text-align: left;\" start=\"1\" data-spread=\"false\">\n<li><strong>Bize ula\u015f\u0131n<\/strong>: Cihaz\u0131n\u0131z\u0131 g\u00f6ndermeden \u00f6nce l\u00fctfen bizimle ileti\u015fime ge\u00e7in. Cihaz\u0131 nereye g\u00f6nderece\u011finizi size bildirece\u011fiz. <\/li>\n<li><strong>Ar\u0131za a\u00e7\u0131klamas\u0131<\/strong>: Sorunun k\u0131sa bir a\u00e7\u0131klamas\u0131, onar\u0131m\u0131 verimli bir \u015fekilde planlamam\u0131za ve i\u015flem s\u00fcresini k\u0131saltmam\u0131za yard\u0131mc\u0131 olur.<\/li>\n<li><strong>H\u0131zl\u0131 i\u015flem<\/strong>: \u0130\u015finize devam etmek i\u00e7in test cihaz\u0131n\u0131za ihtiyac\u0131n\u0131z oldu\u011funu biliyoruz. Bu y\u00fczden h\u0131zl\u0131 bir onar\u0131m veya kalibrasyon sa\u011fl\u0131yoruz. <\/li>\n<li><strong>\u0130ade sevkiyat\u0131:<\/strong> \u00c7al\u0131\u015fma tamamland\u0131ktan sonra, cihaz\u0131n\u0131z gecikmeden tekrar kullanabilmeniz i\u00e7in derhal size iade edilecektir.<\/li>\n<\/ol>\n<h3 style=\"text-align: left;\">Neden d\u00fczenli bak\u0131m ve <span style=\"color: #000000;\"><a style=\"color: #000000;\" href=\"https:\/\/de.wikipedia.org\/wiki\/Kalibrierung\" target=\"_blank\" rel=\"noopener\">kalibrasyon<\/a><\/span> \u00d6nemli mi?<\/h3>\n<ul style=\"text-align: left;\" data-spread=\"false\">\n<li><strong>Hassasiyetin korunmas\u0131<\/strong>: G\u00fcvenilir ak\u00fc s\u0131z\u0131nt\u0131 testi i\u00e7in \u00f6l\u00e7\u00fcm do\u011frulu\u011fu esast\u0131r.<\/li>\n<li><strong>Ar\u0131zalar\u0131n \u00f6nlenmesi<\/strong>: D\u00fczenli bak\u0131m, maliyetli duru\u015f s\u00fcrelerinin \u00f6nlenmesine yard\u0131mc\u0131 olur.<\/li>\n<li><strong>Standartlarla uyumluluk<\/strong>: Kalibrasyon, cihazlar\u0131n\u0131z\u0131n mevcut yasal ve \u00fcreticiye \u00f6zel d\u00fczenlemelere uygun olmas\u0131n\u0131 sa\u011flar.<\/li>\n<\/ul>\n<h3 style=\"text-align: left;\">S\u0131z\u0131nt\u0131 test cihazlar\u0131 &#8211; onar\u0131m, bak\u0131m, kalibrasyon<\/h3>\n<p style=\"text-align: left;\"><strong><span style=\"color: #000000;\"><a style=\"color: #000000;\" href=\"https:\/\/helim.eu\/tr\/bize-ulasin\/\">Bize ula\u015f\u0131n<\/a><\/span> Bug\u00fcn bize ula\u015f\u0131n!<\/strong><\/p>\n<p style=\"text-align: left;\">Ak\u00fc ka\u00e7ak dedekt\u00f6r\u00fcn\u00fcz\u00fcn onar\u0131lmas\u0131, bak\u0131m\u0131 veya kalibrasyonuna m\u0131 ihtiyac\u0131n\u0131z var? O halde bizimle ileti\u015fime ge\u00e7mekten \u00e7ekinmeyin. Size h\u0131zl\u0131 ve yetkin bir \u015fekilde yard\u0131mc\u0131 olaca\u011f\u0131z!  <\/p>\n<\/div><\/section>\n<div  class='avia-button-wrap av-m8e7u068-3d43abcf667acc76ccb76ac507851895-wrap avia-button-center  avia-builder-el-9  el_after_av_textblock  avia-builder-el-last '>\n<style type=\"text\/css\" data-created_by=\"avia_inline_auto\" id=\"style-css-av-m8e7u068-3d43abcf667acc76ccb76ac507851895\">\n#top #wrap_all .avia-button.av-m8e7u068-3d43abcf667acc76ccb76ac507851895{\nfont-size:20px;\ntransition:all 0.4s ease-in-out;\n}\n<\/style>\n<a href='https:\/\/helim.eu\/tr\/bize-ulasin\/'  class='avia-button av-m8e7u068-3d43abcf667acc76ccb76ac507851895 avia-icon_select-yes-left-icon avia-size-large avia-position-center avia-color-theme-color'  ><span class='avia_button_icon avia_button_icon_left' aria-hidden='true' data-av_icon='\ue805' data-av_iconfont='entypo-fontello'><\/span><span class='avia_iconbox_title' >Helim ile ileti\u015fiminiz<\/span><\/a><\/div>\n\n<\/div><\/div><\/div><!-- close content main div --><\/div><\/div>\n<style type=\"text\/css\" data-created_by=\"avia_inline_auto\" id=\"style-css-av-2x7u-0d73e1215719be8fe3abeca2ba37d8f1\">\n.avia-section.av-2x7u-0d73e1215719be8fe3abeca2ba37d8f1{\nbackground-repeat:no-repeat;\nbackground-image:url(https:\/\/helim.eu\/wp-content\/uploads\/2025\/03\/battery-air-leak-test-helim-r.png);\nbackground-position:50% 50%;\nbackground-attachment:fixed;\nmargin-top:0px;\nmargin-bottom:50px;\n}\n.avia-section.av-2x7u-0d73e1215719be8fe3abeca2ba37d8f1 .av-section-color-overlay{\nopacity:0.3;\nbackground-color:#ffffff;\n}\n<\/style>\n<div id='av_section_3'  class='avia-section av-2x7u-0d73e1215719be8fe3abeca2ba37d8f1 main_color avia-section-default avia-no-border-styling  avia-builder-el-10  el_after_av_section  avia-builder-el-last  avia-bg-style-fixed av-section-color-overlay-active av-minimum-height av-minimum-height-custom av-height-custom  container_wrap fullsize'  data-section-bg-repeat='no-repeat' data-av_minimum_height_px='350'><div class=\"av-section-color-overlay-wrap\"><div class=\"av-section-color-overlay\"><\/div><div class='container av-section-cont-open' style='height:350px'><div class='template-page content  av-content-full alpha units'><div class='post-entry post-entry-type-page post-entry-2383'><div class='entry-content-wrapper clearfix'>\n","protected":false},"excerpt":{"rendered":"","protected":false},"author":1,"featured_media":0,"parent":0,"menu_order":0,"comment_status":"closed","ping_status":"open","template":"","meta":{"footnotes":""},"class_list":["post-2383","page","type-page","status-publish","hentry"],"yoast_head":"<!-- This site is optimized with the Yoast SEO plugin v27.5 - https:\/\/yoast.com\/product\/yoast-seo-wordpress\/ -->\n<title>Bak\u0131m - Helim - Leak Test Solutions<\/title>\n<meta name=\"description\" content=\"Ka\u00e7ak test cihaz\u0131 onar\u0131m\u0131, bak\u0131m\u0131 ve kalibrasyonu - Helim ak\u00fc ka\u00e7ak test cihazlar\u0131 ve ka\u00e7ak test cihazlar\u0131 i\u00e7in.\" \/>\n<meta name=\"robots\" content=\"index, follow, max-snippet:-1, max-image-preview:large, max-video-preview:-1\" \/>\n<link rel=\"canonical\" href=\"https:\/\/helim.eu\/tr\/bakim\/\" \/>\n<meta property=\"og:locale\" content=\"tr_TR\" \/>\n<meta property=\"og:type\" content=\"article\" \/>\n<meta property=\"og:title\" content=\"Bak\u0131m - Helim - Leak Test Solutions\" \/>\n<meta property=\"og:description\" content=\"Ka\u00e7ak test cihaz\u0131 onar\u0131m\u0131, bak\u0131m\u0131 ve kalibrasyonu - Helim ak\u00fc ka\u00e7ak test cihazlar\u0131 ve ka\u00e7ak test cihazlar\u0131 i\u00e7in.\" \/>\n<meta property=\"og:url\" content=\"https:\/\/helim.eu\/tr\/bakim\/\" \/>\n<meta property=\"og:site_name\" content=\"Helim - Leak Test Solutions\" \/>\n<meta property=\"article:publisher\" content=\"https:\/\/www.facebook.com\/profile.php?id=61574206138313\" \/>\n<meta property=\"article:modified_time\" content=\"2025-05-11T06:34:01+00:00\" \/>\n<meta name=\"twitter:card\" content=\"summary_large_image\" \/>\n<meta name=\"twitter:label1\" content=\"Tahmini okuma s\u00fcresi\" \/>\n\t<meta name=\"twitter:data1\" content=\"18 dakika\" \/>\n<script type=\"application\/ld+json\" class=\"yoast-schema-graph\">{\"@context\":\"https:\\\/\\\/schema.org\",\"@graph\":[{\"@type\":\"WebPage\",\"@id\":\"https:\\\/\\\/helim.eu\\\/tr\\\/bakim\\\/\",\"url\":\"https:\\\/\\\/helim.eu\\\/tr\\\/bakim\\\/\",\"name\":\"Bak\u0131m - Helim - Leak Test Solutions\",\"isPartOf\":{\"@id\":\"https:\\\/\\\/helim.eu\\\/tr\\\/#website\"},\"datePublished\":\"2025-03-10T11:59:43+00:00\",\"dateModified\":\"2025-05-11T06:34:01+00:00\",\"description\":\"Ka\u00e7ak test cihaz\u0131 onar\u0131m\u0131, bak\u0131m\u0131 ve kalibrasyonu - Helim ak\u00fc ka\u00e7ak test cihazlar\u0131 ve ka\u00e7ak test cihazlar\u0131 i\u00e7in.\",\"breadcrumb\":{\"@id\":\"https:\\\/\\\/helim.eu\\\/tr\\\/bakim\\\/#breadcrumb\"},\"inLanguage\":\"tr\",\"potentialAction\":[{\"@type\":\"ReadAction\",\"target\":[\"https:\\\/\\\/helim.eu\\\/tr\\\/bakim\\\/\"]}]},{\"@type\":\"BreadcrumbList\",\"@id\":\"https:\\\/\\\/helim.eu\\\/tr\\\/bakim\\\/#breadcrumb\",\"itemListElement\":[{\"@type\":\"ListItem\",\"position\":1,\"name\":\"Startseite\",\"item\":\"https:\\\/\\\/helim.eu\\\/tr\\\/\"},{\"@type\":\"ListItem\",\"position\":2,\"name\":\"Bak\u0131m\"}]},{\"@type\":\"WebSite\",\"@id\":\"https:\\\/\\\/helim.eu\\\/tr\\\/#website\",\"url\":\"https:\\\/\\\/helim.eu\\\/tr\\\/\",\"name\":\"Helim - Leak Test Solutions\",\"description\":\"EV Battery Leaktester\",\"publisher\":{\"@id\":\"https:\\\/\\\/helim.eu\\\/tr\\\/#organization\"},\"potentialAction\":[{\"@type\":\"SearchAction\",\"target\":{\"@type\":\"EntryPoint\",\"urlTemplate\":\"https:\\\/\\\/helim.eu\\\/tr\\\/?s={search_term_string}\"},\"query-input\":{\"@type\":\"PropertyValueSpecification\",\"valueRequired\":true,\"valueName\":\"search_term_string\"}}],\"inLanguage\":\"tr\"},{\"@type\":\"Organization\",\"@id\":\"https:\\\/\\\/helim.eu\\\/tr\\\/#organization\",\"name\":\"Helim\",\"url\":\"https:\\\/\\\/helim.eu\\\/tr\\\/\",\"logo\":{\"@type\":\"ImageObject\",\"inLanguage\":\"tr\",\"@id\":\"https:\\\/\\\/helim.eu\\\/tr\\\/#\\\/schema\\\/logo\\\/image\\\/\",\"url\":\"https:\\\/\\\/helim.eu\\\/wp-content\\\/uploads\\\/2025\\\/03\\\/helim-logo-r-w-600-600-rand.png\",\"contentUrl\":\"https:\\\/\\\/helim.eu\\\/wp-content\\\/uploads\\\/2025\\\/03\\\/helim-logo-r-w-600-600-rand.png\",\"width\":600,\"height\":600,\"caption\":\"Helim\"},\"image\":{\"@id\":\"https:\\\/\\\/helim.eu\\\/tr\\\/#\\\/schema\\\/logo\\\/image\\\/\"},\"sameAs\":[\"https:\\\/\\\/www.facebook.com\\\/profile.php?id=61574206138313\"]}]}<\/script>\n<!-- \/ Yoast SEO plugin. -->","yoast_head_json":{"title":"Bak\u0131m - Helim - Leak Test Solutions","description":"Ka\u00e7ak test cihaz\u0131 onar\u0131m\u0131, bak\u0131m\u0131 ve kalibrasyonu - Helim ak\u00fc ka\u00e7ak test cihazlar\u0131 ve ka\u00e7ak test cihazlar\u0131 i\u00e7in.","robots":{"index":"index","follow":"follow","max-snippet":"max-snippet:-1","max-image-preview":"max-image-preview:large","max-video-preview":"max-video-preview:-1"},"canonical":"https:\/\/helim.eu\/tr\/bakim\/","og_locale":"tr_TR","og_type":"article","og_title":"Bak\u0131m - Helim - Leak Test Solutions","og_description":"Ka\u00e7ak test cihaz\u0131 onar\u0131m\u0131, bak\u0131m\u0131 ve kalibrasyonu - Helim ak\u00fc ka\u00e7ak test cihazlar\u0131 ve ka\u00e7ak test cihazlar\u0131 i\u00e7in.","og_url":"https:\/\/helim.eu\/tr\/bakim\/","og_site_name":"Helim - Leak Test Solutions","article_publisher":"https:\/\/www.facebook.com\/profile.php?id=61574206138313","article_modified_time":"2025-05-11T06:34:01+00:00","twitter_card":"summary_large_image","twitter_misc":{"Tahmini okuma s\u00fcresi":"18 dakika"},"schema":{"@context":"https:\/\/schema.org","@graph":[{"@type":"WebPage","@id":"https:\/\/helim.eu\/tr\/bakim\/","url":"https:\/\/helim.eu\/tr\/bakim\/","name":"Bak\u0131m - Helim - Leak Test Solutions","isPartOf":{"@id":"https:\/\/helim.eu\/tr\/#website"},"datePublished":"2025-03-10T11:59:43+00:00","dateModified":"2025-05-11T06:34:01+00:00","description":"Ka\u00e7ak test cihaz\u0131 onar\u0131m\u0131, bak\u0131m\u0131 ve kalibrasyonu - Helim ak\u00fc ka\u00e7ak test cihazlar\u0131 ve ka\u00e7ak test cihazlar\u0131 i\u00e7in.","breadcrumb":{"@id":"https:\/\/helim.eu\/tr\/bakim\/#breadcrumb"},"inLanguage":"tr","potentialAction":[{"@type":"ReadAction","target":["https:\/\/helim.eu\/tr\/bakim\/"]}]},{"@type":"BreadcrumbList","@id":"https:\/\/helim.eu\/tr\/bakim\/#breadcrumb","itemListElement":[{"@type":"ListItem","position":1,"name":"Startseite","item":"https:\/\/helim.eu\/tr\/"},{"@type":"ListItem","position":2,"name":"Bak\u0131m"}]},{"@type":"WebSite","@id":"https:\/\/helim.eu\/tr\/#website","url":"https:\/\/helim.eu\/tr\/","name":"Helim - Leak Test Solutions","description":"EV Battery Leaktester","publisher":{"@id":"https:\/\/helim.eu\/tr\/#organization"},"potentialAction":[{"@type":"SearchAction","target":{"@type":"EntryPoint","urlTemplate":"https:\/\/helim.eu\/tr\/?s={search_term_string}"},"query-input":{"@type":"PropertyValueSpecification","valueRequired":true,"valueName":"search_term_string"}}],"inLanguage":"tr"},{"@type":"Organization","@id":"https:\/\/helim.eu\/tr\/#organization","name":"Helim","url":"https:\/\/helim.eu\/tr\/","logo":{"@type":"ImageObject","inLanguage":"tr","@id":"https:\/\/helim.eu\/tr\/#\/schema\/logo\/image\/","url":"https:\/\/helim.eu\/wp-content\/uploads\/2025\/03\/helim-logo-r-w-600-600-rand.png","contentUrl":"https:\/\/helim.eu\/wp-content\/uploads\/2025\/03\/helim-logo-r-w-600-600-rand.png","width":600,"height":600,"caption":"Helim"},"image":{"@id":"https:\/\/helim.eu\/tr\/#\/schema\/logo\/image\/"},"sameAs":["https:\/\/www.facebook.com\/profile.php?id=61574206138313"]}]}},"_links":{"self":[{"href":"https:\/\/helim.eu\/tr\/wp-json\/wp\/v2\/pages\/2383","targetHints":{"allow":["GET"]}}],"collection":[{"href":"https:\/\/helim.eu\/tr\/wp-json\/wp\/v2\/pages"}],"about":[{"href":"https:\/\/helim.eu\/tr\/wp-json\/wp\/v2\/types\/page"}],"author":[{"embeddable":true,"href":"https:\/\/helim.eu\/tr\/wp-json\/wp\/v2\/users\/1"}],"replies":[{"embeddable":true,"href":"https:\/\/helim.eu\/tr\/wp-json\/wp\/v2\/comments?post=2383"}],"version-history":[{"count":4,"href":"https:\/\/helim.eu\/tr\/wp-json\/wp\/v2\/pages\/2383\/revisions"}],"predecessor-version":[{"id":2804,"href":"https:\/\/helim.eu\/tr\/wp-json\/wp\/v2\/pages\/2383\/revisions\/2804"}],"wp:attachment":[{"href":"https:\/\/helim.eu\/tr\/wp-json\/wp\/v2\/media?parent=2383"}],"curies":[{"name":"wp","href":"https:\/\/api.w.org\/{rel}","templated":true}]}}