{"id":2380,"date":"2025-01-22T17:30:34","date_gmt":"2025-01-22T17:30:34","guid":{"rendered":"https:\/\/helim.eu\/gizlilik-politikasi\/"},"modified":"2025-05-11T06:37:39","modified_gmt":"2025-05-11T06:37:39","slug":"gizlilik-politikasi","status":"publish","type":"page","link":"https:\/\/helim.eu\/tr\/gizlilik-politikasi\/","title":{"rendered":"Gizlilik Politikas\u0131"},"content":{"rendered":"<section  class='av_textblock_section av-m860qs28-1630095a5e4c5eb0929470a73e6b6410 '   itemscope=\"itemscope\" itemtype=\"https:\/\/schema.org\/CreativeWork\" ><div class='avia_textblock'  itemprop=\"text\" ><h2 data-pm-slice=\"1 1 []\">Gizlilik Politikas\u0131<\/h2>\n<h3>1. genel bi\u0307lgi\u0307ler<\/h3>\n<p>Ki\u015fisel verilerinizin korunmas\u0131 bizim i\u00e7in \u00f6nemlidir. Bu gizlilik politikas\u0131 hangi verileri toplad\u0131\u011f\u0131m\u0131z\u0131, bunlar\u0131 nas\u0131l kulland\u0131\u011f\u0131m\u0131z\u0131 ve hangi haklara sahip oldu\u011funuzu a\u00e7\u0131klamaktad\u0131r. <\/p>\n<h3>2. veri i\u015flemeden sorumlu ki\u015fi<\/h3>\n<p>NIROXX M\u00fchendislik Ltd.<br \/>\n12 Morozow Bulvar\u0131<br \/>\n8220 Paphos, K\u0131br\u0131s<br \/>\nE-posta: <a>info@niroxx.io<\/a><br \/>\nWeb sitesi:   <a href=\"https:\/\/www.niroxx.io\">https:\/\/www.niroxx.io<\/a><\/p>\n<h3>3. bar\u0131nd\u0131rma ve sunucu g\u00fcnl\u00fck dosyalar\u0131<\/h3>\n<p>Web sitemiz Strato AG taraf\u0131ndan bar\u0131nd\u0131r\u0131lmaktad\u0131r:<br \/>\n<strong>Strato AG<\/strong>, Pascalstra\u00dfe 10, 10587 Berlin, Almanya<\/p>\n<p>Web sitemizi ziyaret etti\u011finizde, bar\u0131nd\u0131rma sa\u011flay\u0131c\u0131s\u0131 a\u015fa\u011f\u0131daki verileri otomatik olarak sunucu g\u00fcnl\u00fck dosyalar\u0131 olarak adland\u0131r\u0131lan dosyalara kaydeder:<\/p>\n<ul data-spread=\"false\">\n<li>Ziyaret\u00e7inin IP adresi<\/li>\n<li>Eri\u015fim tarihi ve saati<\/li>\n<li>Taray\u0131c\u0131 t\u00fcr\u00fc ve s\u00fcr\u00fcm\u00fc<\/li>\n<li>\u0130\u015fletim sistemi<\/li>\n<li>Y\u00f6nlendiren URL (daha \u00f6nce ziyaret edilen sayfa)<\/li>\n<\/ul>\n<p>Bu veriler yaln\u0131zca web sitesinin g\u00fcvenli\u011fi ve teknik bak\u0131m\u0131 i\u00e7in kullan\u0131l\u0131r ve di\u011fer veri kaynaklar\u0131yla birle\u015ftirilmez. Veriler en fazla 7 g\u00fcn boyunca saklan\u0131r ve daha sonra otomatik olarak silinir. <\/p>\n<h3>4. ki\u015fisel verilerin toplanmas\u0131 ve i\u015flenmesi<\/h3>\n<p>Ki\u015fisel verileri yaln\u0131zca ileti\u015fim formu veya e-posta yoluyla bize g\u00f6n\u00fcll\u00fc olarak vermeniz halinde toplar\u0131z. Bu \u00f6zellikle ge\u00e7erlidir: <\/p>\n<ul data-spread=\"false\">\n<li>\u0130sim<\/li>\n<li>E-posta adresi<\/li>\n<li>Telefon numaras\u0131 (varsa)<\/li>\n<li>Mesaj\u0131n\u0131z\u0131n i\u00e7eri\u011fi<\/li>\n<li>Kullan\u0131c\u0131 hesab\u0131 bilgileri (kay\u0131tl\u0131ysa)<\/li>\n<\/ul>\n<h3>5. veri i\u015flemenin amac\u0131<\/h3>\n<p>Sa\u011flad\u0131\u011f\u0131n\u0131z veriler yaln\u0131zca talebinizi i\u015fleme koymak, sizinle ileti\u015fim kurmak ve hizmetlerimizi iyile\u015ftirmek i\u00e7in kullan\u0131lacakt\u0131r.<\/p>\n<h3>6. Yorumlar<\/h3>\n<p>Ziyaret\u00e7iler web sitesine yorum g\u00f6nderdi\u011finde, spam&#8217;i tan\u0131maya yard\u0131mc\u0131 olmak i\u00e7in yorum formunda g\u00f6r\u00fcnt\u00fclenen verilerin yan\u0131 s\u0131ra IP adresi ve kullan\u0131c\u0131 arac\u0131s\u0131 dizesini de toplar\u0131z.<\/p>\n<h3>7. Medya<\/h3>\n<p>Bu web sitesine g\u00f6r\u00fcnt\u00fc y\u00fcklerseniz, g\u00f6m\u00fcl\u00fc EXIF GPS konum verileri i\u00e7eren g\u00f6r\u00fcnt\u00fcleri y\u00fcklemekten ka\u00e7\u0131nmal\u0131s\u0131n\u0131z. Web sitesinin ziyaret\u00e7ileri bu t\u00fcr konum verilerini \u00e7\u0131karabilir. <\/p>\n<h3>8. \u0130leti\u015fim formlar\u0131<\/h3>\n<p>\u0130leti\u015fim formumuzu kullan\u0131rsan\u0131z, m\u00fc\u015fteri hizmetleri amac\u0131yla iletilen verileri 6 aya kadar saklar\u0131z. Bu veriler pazarlama amac\u0131yla kullan\u0131lmaz. <\/p>\n<h3>9. \u00c7erezler<\/h3>\n<p>Web sitemizde \u00e7erezler kullan\u0131lmaktad\u0131r. \u00c7erezler, cihaz\u0131n\u0131zda depolanan k\u00fc\u00e7\u00fck metin dosyalar\u0131d\u0131r. <\/p>\n<p>Kulland\u0131\u011f\u0131m\u0131z \u00e7erezler \u015funlar\u0131 i\u00e7erir<\/p>\n<ul data-spread=\"false\">\n<li><strong>Temel \u00e7erezler<\/strong>: Bunlar web sitesinin \u00e7al\u0131\u015fmas\u0131 i\u00e7in gereklidir.<\/li>\n<li><strong>Analiz ve pazarlama \u00e7erezleri<\/strong>: Bunlar, web sitemizin kullan\u0131m\u0131n\u0131 analiz etmemize ve pazarlamam\u0131z\u0131 optimize etmemize yard\u0131mc\u0131 olur.<\/li>\n<\/ul>\n<p>Taray\u0131c\u0131n\u0131z\u0131n ayarlar\u0131ndan \u00e7erezlerin saklanmas\u0131n\u0131 devre d\u0131\u015f\u0131 b\u0131rakabilirsiniz.<\/p>\n<h3>10. anali\u0307z hi\u0307zmetleri\u0307<\/h3>\n<p>Web sitemiz, Google Ireland Limited, Gordon House, Barrow Street, Dublin 4, \u0130rlanda taraf\u0131ndan sa\u011flanan bir web analiz hizmeti olan Google Analytics&#8217;i kullanmaktad\u0131r.<\/p>\n<p>Google Analytics, web sitemizin kullan\u0131m\u0131n\u0131 analiz etmek i\u00e7in \u00e7erezler kullan\u0131r. IP anonimle\u015ftirmeyi etkinle\u015ftirdik, b\u00f6ylece IP adresiniz Google&#8217;a iletilmeden \u00f6nce AB veya AEA i\u00e7inde kesilir. Uygun taray\u0131c\u0131 ayarlar\u0131n\u0131 se\u00e7erek veya Google Analytics devre d\u0131\u015f\u0131 b\u0131rakma eklentisini kullanarak \u00e7erezlerin depolanmas\u0131n\u0131 \u00f6nleyebilirsiniz.  <\/p>\n<p>Daha fazla bilgi <a>i\u00e7in: https:\/\/policies.google.com\/privacy<\/a><\/p>\n<h3>11. verilerin a\u00e7\u0131klanmas\u0131<\/h3>\n<p>Verileriniz a\u015fa\u011f\u0131daki durumlar haricinde \u00fc\u00e7\u00fcnc\u00fc taraflara aktar\u0131lmayacakt\u0131r:<\/p>\n<ul data-spread=\"false\">\n<li>A\u00e7\u0131k\u00e7a izin verdiniz<\/li>\n<li>Bunu yapmak i\u00e7in yasal bir zorunluluk vard\u0131r<\/li>\n<li>\u0130\u015fleme, GDPR Madde 28 uyar\u0131nca bir i\u015fleyici taraf\u0131ndan ger\u00e7ekle\u015ftirilir<\/li>\n<\/ul>\n<h3>12. saklama s\u00fcresi<\/h3>\n<p>Ki\u015fisel verileri yaln\u0131zca talebinizi i\u015fleme koymak i\u00e7in gerekli oldu\u011fu s\u00fcrece veya yasal saklama y\u00fck\u00fcml\u00fcl\u00fckleri oldu\u011fu s\u00fcrece saklar\u0131z:<\/p>\n<ul data-spread=\"false\">\n<li>\u0130leti\u015fim formu verileri: 6 ay<\/li>\n<li>Analiz verileri: 1 y\u0131l<\/li>\n<li>Sipari\u015f verileri: 10 y\u0131l<\/li>\n<\/ul>\n<h3>13. Verileriniz \u00fczerinde hangi haklara sahip oldu\u011funuz<\/h3>\n<p>A\u015fa\u011f\u0131daki haklara sahipsiniz:<\/p>\n<ul data-spread=\"false\">\n<li>Saklanan veriler hakk\u0131nda bilgi edinme hakk\u0131<\/li>\n<li>Yanl\u0131\u015f verilerin d\u00fczeltilmesi hakk\u0131<\/li>\n<li>Verilerinizi silme hakk\u0131 (yasal saklama y\u00fck\u00fcml\u00fcl\u00fc\u011f\u00fc olmamas\u0131 ko\u015fuluyla)<\/li>\n<li>\u0130\u015flemenin k\u0131s\u0131tlanmas\u0131 hakk\u0131<\/li>\n<li>\u0130\u015flemeye itiraz etme hakk\u0131<\/li>\n<li>Veri ta\u015f\u0131nabilirli\u011fi hakk\u0131<\/li>\n<\/ul>\n<p>Bu haklardan herhangi birini kullanmak isterseniz l\u00fctfen <a>info@niroxx.io<\/a> adresinden bizimle ileti\u015fime ge\u00e7in.<\/p>\n<h3>14 Verilerinizin g\u00f6nderildi\u011fi yer<\/h3>\n<p>AB d\u0131\u015f\u0131nda veri i\u015fleyebilecek \u00fc\u00e7\u00fcnc\u00fc taraf ara\u00e7lar ve hizmetler kullan\u0131yoruz. Bu sa\u011flay\u0131c\u0131lar\u0131n GDPR ile uyumlu olmas\u0131n\u0131 sa\u011fl\u0131yoruz: <\/p>\n<ul data-spread=\"false\">\n<li><strong>Google LLC (Google Analytics, Google Ads, reCAPTCHA)<\/strong>: Gizlilik Kalkan\u0131 Anla\u015fmas\u0131 (2020&#8217;ye kadar) ve standart s\u00f6zle\u015fme maddeleri<\/li>\n<li><strong>Mailchimp (haber b\u00fclteni g\u00f6nderimi)<\/strong>: Standart s\u00f6zle\u015fme maddeleri<\/li>\n<\/ul>\n<h3>15. \u0130leti\u015fim bilgileri<\/h3>\n<p>Veri koruma ile ilgili endi\u015feleriniz i\u00e7in l\u00fctfen bizimle ileti\u015fime ge\u00e7in:<br \/>\nE-Mail:  <a>info@niroxx.io<\/a><\/p>\n<h3>16. Verilerinizi nas\u0131l koruyoruz<\/h3>\n<p>Verilerinizi korumak i\u00e7in teknik ve organizasyonel \u00f6nlemler kullan\u0131yoruz:<\/p>\n<ul data-spread=\"false\">\n<li>SSL\/TLS \u015fifreleme<\/li>\n<li>Eri\u015fim k\u0131s\u0131tlamalar\u0131<\/li>\n<li>\u0130ki fakt\u00f6rl\u00fc kimlik do\u011frulama (varsa)<\/li>\n<li>D\u00fczenli g\u00fcvenlik g\u00fcncellemeleri<\/li>\n<\/ul>\n<h3>17. veri ihlalleri durumunda al\u0131nacak \u00f6nlemler<\/h3>\n<p>Bir veri ihlali durumunda, etkilenen kullan\u0131c\u0131lar\u0131 ve yetkili veri koruma makamlar\u0131n\u0131 yasal h\u00fck\u00fcmlere uygun olarak bilgilendirece\u011fiz.<\/p>\n<h3>18. hangi \u00fc\u00e7\u00fcnc\u00fc taraf sa\u011flay\u0131c\u0131lardan veri ald\u0131\u011f\u0131m\u0131z<\/h3>\n<p>Bu gizlilik politikas\u0131nda belirtilmeyen \u00fc\u00e7\u00fcnc\u00fc taraf sa\u011flay\u0131c\u0131lardan herhangi bir veri alm\u0131yoruz.<\/p>\n<h3>19 Otomatik karar verme<\/h3>\n<p>Web sitemiz otomatik karar verme veya profil olu\u015fturma i\u015flemi ger\u00e7ekle\u015ftirmemektedir.<\/p>\n<h3>20. gi\u0307zli\u0307li\u0307k poli\u0307ti\u0307kasinda yapilan de\u011fi\u0307\u015fi\u0307kli\u0307kler<\/h3>\n<p>Gerekti\u011finde bu gizlilik politikas\u0131n\u0131 g\u00fcncelleme hakk\u0131m\u0131z\u0131 sakl\u0131 tutar\u0131z.<\/p>\n<p><strong>Durum: Mart 2025<\/strong><\/p>\n<\/div><\/section>\n","protected":false},"excerpt":{"rendered":"","protected":false},"author":1,"featured_media":0,"parent":0,"menu_order":0,"comment_status":"closed","ping_status":"open","template":"","meta":{"footnotes":""},"class_list":["post-2380","page","type-page","status-publish","hentry"],"yoast_head":"<!-- This site is optimized with the Yoast SEO plugin v27.5 - https:\/\/yoast.com\/product\/yoast-seo-wordpress\/ -->\n<title>Gizlilik Politikas\u0131 - Helim - Leak Test Solutions<\/title>\n<meta name=\"description\" content=\"Helim&#039;in gizlilik politikas\u0131 - \u00f6zellikle at\u00f6lyeler ve end\u00fcstri i\u00e7in elektrikli ve hibrit ara\u00e7lar i\u00e7in ak\u00fc ka\u00e7ak test cihazlar\u0131 \u00fcreticisi.\" \/>\n<meta name=\"robots\" content=\"index, follow, max-snippet:-1, max-image-preview:large, max-video-preview:-1\" \/>\n<link rel=\"canonical\" href=\"https:\/\/helim.eu\/tr\/gizlilik-politikasi\/\" \/>\n<meta property=\"og:locale\" content=\"tr_TR\" \/>\n<meta property=\"og:type\" content=\"article\" \/>\n<meta property=\"og:title\" content=\"Gizlilik Politikas\u0131 - Helim - Leak Test Solutions\" \/>\n<meta property=\"og:description\" content=\"Helim&#039;in gizlilik politikas\u0131 - \u00f6zellikle at\u00f6lyeler ve end\u00fcstri i\u00e7in elektrikli ve hibrit ara\u00e7lar i\u00e7in ak\u00fc ka\u00e7ak test cihazlar\u0131 \u00fcreticisi.\" \/>\n<meta property=\"og:url\" content=\"https:\/\/helim.eu\/tr\/gizlilik-politikasi\/\" \/>\n<meta property=\"og:site_name\" content=\"Helim - Leak Test Solutions\" \/>\n<meta property=\"article:publisher\" content=\"https:\/\/www.facebook.com\/profile.php?id=61574206138313\" \/>\n<meta property=\"article:modified_time\" content=\"2025-05-11T06:37:39+00:00\" \/>\n<meta name=\"twitter:card\" content=\"summary_large_image\" \/>\n<meta name=\"twitter:label1\" content=\"Tahmini okuma s\u00fcresi\" \/>\n\t<meta name=\"twitter:data1\" content=\"5 dakika\" \/>\n<script type=\"application\/ld+json\" class=\"yoast-schema-graph\">{\"@context\":\"https:\\\/\\\/schema.org\",\"@graph\":[{\"@type\":\"WebPage\",\"@id\":\"https:\\\/\\\/helim.eu\\\/tr\\\/gizlilik-politikasi\\\/\",\"url\":\"https:\\\/\\\/helim.eu\\\/tr\\\/gizlilik-politikasi\\\/\",\"name\":\"Gizlilik Politikas\u0131 - Helim - Leak Test Solutions\",\"isPartOf\":{\"@id\":\"https:\\\/\\\/helim.eu\\\/tr\\\/#website\"},\"datePublished\":\"2025-01-22T17:30:34+00:00\",\"dateModified\":\"2025-05-11T06:37:39+00:00\",\"description\":\"Helim'in gizlilik politikas\u0131 - \u00f6zellikle at\u00f6lyeler ve end\u00fcstri i\u00e7in elektrikli ve hibrit ara\u00e7lar i\u00e7in ak\u00fc ka\u00e7ak test cihazlar\u0131 \u00fcreticisi.\",\"breadcrumb\":{\"@id\":\"https:\\\/\\\/helim.eu\\\/tr\\\/gizlilik-politikasi\\\/#breadcrumb\"},\"inLanguage\":\"tr\",\"potentialAction\":[{\"@type\":\"ReadAction\",\"target\":[\"https:\\\/\\\/helim.eu\\\/tr\\\/gizlilik-politikasi\\\/\"]}]},{\"@type\":\"BreadcrumbList\",\"@id\":\"https:\\\/\\\/helim.eu\\\/tr\\\/gizlilik-politikasi\\\/#breadcrumb\",\"itemListElement\":[{\"@type\":\"ListItem\",\"position\":1,\"name\":\"Startseite\",\"item\":\"https:\\\/\\\/helim.eu\\\/tr\\\/\"},{\"@type\":\"ListItem\",\"position\":2,\"name\":\"Gizlilik Politikas\u0131\"}]},{\"@type\":\"WebSite\",\"@id\":\"https:\\\/\\\/helim.eu\\\/tr\\\/#website\",\"url\":\"https:\\\/\\\/helim.eu\\\/tr\\\/\",\"name\":\"Helim - Leak Test Solutions\",\"description\":\"EV Battery Leaktester\",\"publisher\":{\"@id\":\"https:\\\/\\\/helim.eu\\\/tr\\\/#organization\"},\"potentialAction\":[{\"@type\":\"SearchAction\",\"target\":{\"@type\":\"EntryPoint\",\"urlTemplate\":\"https:\\\/\\\/helim.eu\\\/tr\\\/?s={search_term_string}\"},\"query-input\":{\"@type\":\"PropertyValueSpecification\",\"valueRequired\":true,\"valueName\":\"search_term_string\"}}],\"inLanguage\":\"tr\"},{\"@type\":\"Organization\",\"@id\":\"https:\\\/\\\/helim.eu\\\/tr\\\/#organization\",\"name\":\"Helim\",\"url\":\"https:\\\/\\\/helim.eu\\\/tr\\\/\",\"logo\":{\"@type\":\"ImageObject\",\"inLanguage\":\"tr\",\"@id\":\"https:\\\/\\\/helim.eu\\\/tr\\\/#\\\/schema\\\/logo\\\/image\\\/\",\"url\":\"https:\\\/\\\/helim.eu\\\/wp-content\\\/uploads\\\/2025\\\/03\\\/helim-logo-r-w-600-600-rand.png\",\"contentUrl\":\"https:\\\/\\\/helim.eu\\\/wp-content\\\/uploads\\\/2025\\\/03\\\/helim-logo-r-w-600-600-rand.png\",\"width\":600,\"height\":600,\"caption\":\"Helim\"},\"image\":{\"@id\":\"https:\\\/\\\/helim.eu\\\/tr\\\/#\\\/schema\\\/logo\\\/image\\\/\"},\"sameAs\":[\"https:\\\/\\\/www.facebook.com\\\/profile.php?id=61574206138313\"]}]}<\/script>\n<!-- \/ Yoast SEO plugin. -->","yoast_head_json":{"title":"Gizlilik Politikas\u0131 - Helim - Leak Test Solutions","description":"Helim'in gizlilik politikas\u0131 - \u00f6zellikle at\u00f6lyeler ve end\u00fcstri i\u00e7in elektrikli ve hibrit ara\u00e7lar i\u00e7in ak\u00fc ka\u00e7ak test cihazlar\u0131 \u00fcreticisi.","robots":{"index":"index","follow":"follow","max-snippet":"max-snippet:-1","max-image-preview":"max-image-preview:large","max-video-preview":"max-video-preview:-1"},"canonical":"https:\/\/helim.eu\/tr\/gizlilik-politikasi\/","og_locale":"tr_TR","og_type":"article","og_title":"Gizlilik Politikas\u0131 - Helim - Leak Test Solutions","og_description":"Helim'in gizlilik politikas\u0131 - \u00f6zellikle at\u00f6lyeler ve end\u00fcstri i\u00e7in elektrikli ve hibrit ara\u00e7lar i\u00e7in ak\u00fc ka\u00e7ak test cihazlar\u0131 \u00fcreticisi.","og_url":"https:\/\/helim.eu\/tr\/gizlilik-politikasi\/","og_site_name":"Helim - Leak Test Solutions","article_publisher":"https:\/\/www.facebook.com\/profile.php?id=61574206138313","article_modified_time":"2025-05-11T06:37:39+00:00","twitter_card":"summary_large_image","twitter_misc":{"Tahmini okuma s\u00fcresi":"5 dakika"},"schema":{"@context":"https:\/\/schema.org","@graph":[{"@type":"WebPage","@id":"https:\/\/helim.eu\/tr\/gizlilik-politikasi\/","url":"https:\/\/helim.eu\/tr\/gizlilik-politikasi\/","name":"Gizlilik Politikas\u0131 - Helim - Leak Test Solutions","isPartOf":{"@id":"https:\/\/helim.eu\/tr\/#website"},"datePublished":"2025-01-22T17:30:34+00:00","dateModified":"2025-05-11T06:37:39+00:00","description":"Helim'in gizlilik politikas\u0131 - \u00f6zellikle at\u00f6lyeler ve end\u00fcstri i\u00e7in elektrikli ve hibrit ara\u00e7lar i\u00e7in ak\u00fc ka\u00e7ak test cihazlar\u0131 \u00fcreticisi.","breadcrumb":{"@id":"https:\/\/helim.eu\/tr\/gizlilik-politikasi\/#breadcrumb"},"inLanguage":"tr","potentialAction":[{"@type":"ReadAction","target":["https:\/\/helim.eu\/tr\/gizlilik-politikasi\/"]}]},{"@type":"BreadcrumbList","@id":"https:\/\/helim.eu\/tr\/gizlilik-politikasi\/#breadcrumb","itemListElement":[{"@type":"ListItem","position":1,"name":"Startseite","item":"https:\/\/helim.eu\/tr\/"},{"@type":"ListItem","position":2,"name":"Gizlilik Politikas\u0131"}]},{"@type":"WebSite","@id":"https:\/\/helim.eu\/tr\/#website","url":"https:\/\/helim.eu\/tr\/","name":"Helim - Leak Test Solutions","description":"EV Battery Leaktester","publisher":{"@id":"https:\/\/helim.eu\/tr\/#organization"},"potentialAction":[{"@type":"SearchAction","target":{"@type":"EntryPoint","urlTemplate":"https:\/\/helim.eu\/tr\/?s={search_term_string}"},"query-input":{"@type":"PropertyValueSpecification","valueRequired":true,"valueName":"search_term_string"}}],"inLanguage":"tr"},{"@type":"Organization","@id":"https:\/\/helim.eu\/tr\/#organization","name":"Helim","url":"https:\/\/helim.eu\/tr\/","logo":{"@type":"ImageObject","inLanguage":"tr","@id":"https:\/\/helim.eu\/tr\/#\/schema\/logo\/image\/","url":"https:\/\/helim.eu\/wp-content\/uploads\/2025\/03\/helim-logo-r-w-600-600-rand.png","contentUrl":"https:\/\/helim.eu\/wp-content\/uploads\/2025\/03\/helim-logo-r-w-600-600-rand.png","width":600,"height":600,"caption":"Helim"},"image":{"@id":"https:\/\/helim.eu\/tr\/#\/schema\/logo\/image\/"},"sameAs":["https:\/\/www.facebook.com\/profile.php?id=61574206138313"]}]}},"_links":{"self":[{"href":"https:\/\/helim.eu\/tr\/wp-json\/wp\/v2\/pages\/2380","targetHints":{"allow":["GET"]}}],"collection":[{"href":"https:\/\/helim.eu\/tr\/wp-json\/wp\/v2\/pages"}],"about":[{"href":"https:\/\/helim.eu\/tr\/wp-json\/wp\/v2\/types\/page"}],"author":[{"embeddable":true,"href":"https:\/\/helim.eu\/tr\/wp-json\/wp\/v2\/users\/1"}],"replies":[{"embeddable":true,"href":"https:\/\/helim.eu\/tr\/wp-json\/wp\/v2\/comments?post=2380"}],"version-history":[{"count":8,"href":"https:\/\/helim.eu\/tr\/wp-json\/wp\/v2\/pages\/2380\/revisions"}],"predecessor-version":[{"id":2899,"href":"https:\/\/helim.eu\/tr\/wp-json\/wp\/v2\/pages\/2380\/revisions\/2899"}],"wp:attachment":[{"href":"https:\/\/helim.eu\/tr\/wp-json\/wp\/v2\/media?parent=2380"}],"curies":[{"name":"wp","href":"https:\/\/api.w.org\/{rel}","templated":true}]}}