{"id":1798,"date":"2025-01-22T17:30:34","date_gmt":"2025-01-22T17:30:34","guid":{"rendered":"https:\/\/helim.eu\/integritetspolicy\/"},"modified":"2025-05-11T06:37:38","modified_gmt":"2025-05-11T06:37:38","slug":"integritetspolicy","status":"publish","type":"page","link":"https:\/\/helim.eu\/sv\/integritetspolicy\/","title":{"rendered":"Integritetspolicy"},"content":{"rendered":"<section  class='av_textblock_section av-m860qs28-1630095a5e4c5eb0929470a73e6b6410 '   itemscope=\"itemscope\" itemtype=\"https:\/\/schema.org\/CreativeWork\" ><div class='avia_textblock'  itemprop=\"text\" ><h2 data-pm-slice=\"1 1 []\">Integritetspolicy<\/h2>\n<h3>1. Allm\u00e4n information<\/h3>\n<p>Skyddet av dina personuppgifter \u00e4r viktigt f\u00f6r oss. I denna integritetspolicy f\u00f6rklarar vi vilka uppgifter vi samlar in, hur vi anv\u00e4nder dem och vilka r\u00e4ttigheter du har. <\/p>\n<h3>2. person som \u00e4r ansvarig f\u00f6r databehandlingen<\/h3>\n<p>NIROXX Engineering Ltd.<br \/>\n12 Morozow Avenue<br \/>\n8220 Paphos, Cypern<br \/>\nE-post: <a>info@niroxx.io<\/a><br \/>\nWebbplats:   <a href=\"https:\/\/www.niroxx.io\">https:\/\/www.niroxx.io<\/a><\/p>\n<h3>3. hosting- och serverloggfiler<\/h3>\n<p>V\u00e5r webbplats \u00e4r hostad av Strato AG:<br \/>\n<strong>Strato AG<\/strong>, Pascalstra\u00dfe 10, 10587 Berlin, Tyskland<\/p>\n<p>N\u00e4r du bes\u00f6ker v\u00e5r webbplats sparar hostingleverant\u00f6ren automatiskt f\u00f6ljande data i s\u00e5 kallade serverloggfiler:<\/p>\n<ul data-spread=\"false\">\n<li>IP-adress till bes\u00f6karen<\/li>\n<li>Datum och tid f\u00f6r \u00e5tkomst<\/li>\n<li>Typ och version av webbl\u00e4sare<\/li>\n<li>Operativsystem<\/li>\n<li>Referrer URL (den tidigare bes\u00f6kta sidan)<\/li>\n<\/ul>\n<p>Dessa uppgifter anv\u00e4nds uteslutande f\u00f6r s\u00e4kerhet och tekniskt underh\u00e5ll av webbplatsen och sammanf\u00f6rs inte med andra datak\u00e4llor. Uppgifterna sparas i h\u00f6gst 7 dagar och raderas d\u00e4refter automatiskt. <\/p>\n<h3>4. insamling och behandling av personuppgifter<\/h3>\n<p>Vi samlar endast in personuppgifter om du frivilligt l\u00e4mnar dem till oss via kontaktformul\u00e4ret eller via e-post. Detta g\u00e4ller i synnerhet: <\/p>\n<ul data-spread=\"false\">\n<li>Namn<\/li>\n<li>E-postadress<\/li>\n<li>Telefonnummer (om s\u00e5dant finns)<\/li>\n<li>Inneh\u00e5llet i ditt meddelande<\/li>\n<li>Information om anv\u00e4ndarkonto (om du \u00e4r registrerad)<\/li>\n<\/ul>\n<h3>5. \u00c4ndam\u00e5let med databehandlingen<\/h3>\n<p>De uppgifter du l\u00e4mnar kommer endast att anv\u00e4ndas f\u00f6r att behandla din f\u00f6rfr\u00e5gan, f\u00f6r att kommunicera med dig och f\u00f6r att f\u00f6rb\u00e4ttra v\u00e5ra tj\u00e4nster.<\/p>\n<h3>6. Kommentarer<\/h3>\n<p>N\u00e4r bes\u00f6kare skriver kommentarer p\u00e5 webbplatsen samlar vi in de uppgifter som visas i kommentarsformul\u00e4ret samt IP-adressen och anv\u00e4ndaragentstr\u00e4ngen f\u00f6r att hj\u00e4lpa till att identifiera skr\u00e4ppost.<\/p>\n<h3>7. Media<\/h3>\n<p>Om du laddar upp bilder till denna webbplats b\u00f6r du undvika att ladda upp bilder med inb\u00e4ddade EXIF GPS-platsdata. Bes\u00f6kare p\u00e5 webbplatsen kan extrahera s\u00e5dana platsdata. <\/p>\n<h3>8. Kontaktformul\u00e4r<\/h3>\n<p>Om du anv\u00e4nder v\u00e5rt kontaktformul\u00e4r lagrar vi de uppgifter som \u00f6verf\u00f6rs f\u00f6r kundtj\u00e4nst\u00e4ndam\u00e5l i upp till 6 m\u00e5nader. Dessa uppgifter anv\u00e4nds inte f\u00f6r marknadsf\u00f6rings\u00e4ndam\u00e5l. <\/p>\n<h3>9. kakor<\/h3>\n<p>V\u00e5r webbplats anv\u00e4nder cookies. Cookies \u00e4r sm\u00e5 textfiler som lagras p\u00e5 din enhet. <\/p>\n<p>De cookies vi anv\u00e4nder inkluderar<\/p>\n<ul data-spread=\"false\">\n<li><strong>Viktiga cookies<\/strong>: Dessa \u00e4r n\u00f6dv\u00e4ndiga f\u00f6r att webbplatsen ska fungera.<\/li>\n<li><strong>Analys- och marknadsf\u00f6ringscookies<\/strong>: Dessa hj\u00e4lper oss att analysera anv\u00e4ndningen av v\u00e5r webbplats och att optimera v\u00e5r marknadsf\u00f6ring.<\/li>\n<\/ul>\n<p>Du kan avaktivera lagring av cookies i inst\u00e4llningarna i din webbl\u00e4sare.<\/p>\n<h3>10. Analystj\u00e4nster<\/h3>\n<p>V\u00e5r webbplats anv\u00e4nder Google Analytics, en webbanalystj\u00e4nst som tillhandah\u00e5lls av Google Ireland Limited, Gordon House, Barrow Street, Dublin 4, Irland.<\/p>\n<p>Google Analytics anv\u00e4nder cookies f\u00f6r att analysera anv\u00e4ndningen av v\u00e5r webbplats. Vi har aktiverat IP-anonymisering s\u00e5 att din IP-adress avkortas inom EU eller EES innan den \u00f6verf\u00f6rs till Google. Du kan f\u00f6rhindra lagring av cookies genom att v\u00e4lja l\u00e4mpliga webbl\u00e4sarinst\u00e4llningar eller genom att anv\u00e4nda Google Analytics opt-out plugin.  <\/p>\n<p>Ytterligare information: <a>https:\/\/policies.google.com\/privacy<\/a><\/p>\n<h3>11. utl\u00e4mnande av uppgifter<\/h3>\n<p>Dina uppgifter kommer inte att vidarebefordras till tredje part s\u00e5vida inte:<\/p>\n<ul data-spread=\"false\">\n<li>Du har uttryckligen samtyckt till<\/li>\n<li>det finns en r\u00e4ttslig skyldighet att g\u00f6ra det<\/li>\n<li>Behandlingen utf\u00f6rs av ett personuppgiftsbitr\u00e4de i enlighet med artikel 28 i GDPR<\/li>\n<\/ul>\n<h3>12. Lagringsperiod<\/h3>\n<p>Vi lagrar endast personuppgifter s\u00e5 l\u00e4nge som det \u00e4r n\u00f6dv\u00e4ndigt f\u00f6r att behandla din f\u00f6rfr\u00e5gan eller s\u00e5 l\u00e4nge som det finns lagstadgade lagringsskyldigheter:<\/p>\n<ul data-spread=\"false\">\n<li>Data fr\u00e5n kontaktformul\u00e4r: 6 m\u00e5nader<\/li>\n<li>Analysdata: 1 \u00e5r<\/li>\n<li>Orderdata: 10 \u00e5r<\/li>\n<\/ul>\n<h3>13. vilka r\u00e4ttigheter du har till dina uppgifter<\/h3>\n<p>Du har f\u00f6ljande r\u00e4ttigheter:<\/p>\n<ul data-spread=\"false\">\n<li>R\u00e4tt till information om de lagrade uppgifterna<\/li>\n<li>R\u00e4tt till r\u00e4ttelse av felaktiga uppgifter<\/li>\n<li>R\u00e4tt till radering av dina uppgifter (f\u00f6rutsatt att det inte finns n\u00e5gon lagstadgad lagringsskyldighet)<\/li>\n<li>R\u00e4tt till begr\u00e4nsning av behandling<\/li>\n<li>R\u00e4tt att inv\u00e4nda mot behandlingen<\/li>\n<li>R\u00e4tt till dataportabilitet<\/li>\n<\/ul>\n<p>V\u00e4nligen kontakta oss p\u00e5 <a>info@niroxx.io<\/a> om du vill ut\u00f6va n\u00e5gon av dessa r\u00e4ttigheter.<\/p>\n<h3>14 Vart dina uppgifter skickas<\/h3>\n<p>Vi anv\u00e4nder verktyg och tj\u00e4nster fr\u00e5n tredje part som kan behandla uppgifter utanf\u00f6r EU. Vi s\u00e4kerst\u00e4ller att dessa leverant\u00f6rer f\u00f6ljer dataskyddsf\u00f6rordningen: <\/p>\n<ul data-spread=\"false\">\n<li><strong>Google LLC (Google Analytics, Google Ads, reCAPTCHA<\/strong>): Privacy Shield-avtal (fram till 2020) och standardavtalsklausuler<\/li>\n<li><strong>Mailchimp (utskick av nyhetsbrev)<\/strong>: Standardavtalsklausuler<\/li>\n<\/ul>\n<h3>15. Kontaktuppgifter<\/h3>\n<p>F\u00f6r fr\u00e5gor om dataskydd, v\u00e4nligen kontakta oss p\u00e5<br \/>\nE-post:  <a>info@niroxx.io<\/a><\/p>\n<h3>16. hur vi skyddar dina uppgifter<\/h3>\n<p>Vi anv\u00e4nder tekniska och organisatoriska \u00e5tg\u00e4rder f\u00f6r att skydda dina uppgifter:<\/p>\n<ul data-spread=\"false\">\n<li>SSL\/TLS-kryptering<\/li>\n<li>Begr\u00e4nsningar av \u00e5tkomst<\/li>\n<li>Tv\u00e5faktorsautentisering (om till\u00e4mpligt)<\/li>\n<li>Regelbundna s\u00e4kerhetsuppdateringar<\/li>\n<\/ul>\n<h3>17. \u00e5tg\u00e4rder i h\u00e4ndelse av dataintr\u00e5ng<\/h3>\n<p>I h\u00e4ndelse av ett dataintr\u00e5ng kommer vi att meddela ber\u00f6rda anv\u00e4ndare och beh\u00f6riga dataskyddsmyndigheter i enlighet med lagstadgade best\u00e4mmelser.<\/p>\n<h3>18. fr\u00e5n vilka tredjepartsleverant\u00f6rer vi f\u00e5r uppgifter<\/h3>\n<p>Vi tar inte emot n\u00e5gra uppgifter fr\u00e5n tredjepartsleverant\u00f6rer som inte n\u00e4mns i denna integritetspolicy.<\/p>\n<h3>19 Automatiserat beslutsfattande<\/h3>\n<p>V\u00e5r webbplats utf\u00f6r inte automatiserat beslutsfattande eller profilering.<\/p>\n<h3>20. \u00e4ndringar av integritetspolicyn<\/h3>\n<p>Vi f\u00f6rbeh\u00e5ller oss r\u00e4tten att uppdatera denna integritetspolicy vid behov.<\/p>\n<p><strong>Status: mars 2025<\/strong><\/p>\n<\/div><\/section>\n","protected":false},"excerpt":{"rendered":"","protected":false},"author":1,"featured_media":0,"parent":0,"menu_order":0,"comment_status":"closed","ping_status":"open","template":"","meta":{"footnotes":""},"class_list":["post-1798","page","type-page","status-publish","hentry"],"yoast_head":"<!-- This site is optimized with the Yoast SEO plugin v27.5 - https:\/\/yoast.com\/product\/yoast-seo-wordpress\/ -->\n<title>Integritetspolicy - Helim - Leak Test Solutions<\/title>\n<meta name=\"description\" content=\"Integritetspolicy f\u00f6r Helim - tillverkare av batteril\u00e4ckagetestare f\u00f6r el- och hybridfordon, s\u00e4rskilt f\u00f6r verkst\u00e4der och industrin.\" \/>\n<meta name=\"robots\" content=\"index, follow, max-snippet:-1, max-image-preview:large, max-video-preview:-1\" \/>\n<link rel=\"canonical\" href=\"https:\/\/helim.eu\/sv\/integritetspolicy\/\" \/>\n<meta property=\"og:locale\" content=\"sv_SE\" \/>\n<meta property=\"og:type\" content=\"article\" \/>\n<meta property=\"og:title\" content=\"Integritetspolicy - Helim - Leak Test Solutions\" \/>\n<meta property=\"og:description\" content=\"Integritetspolicy f\u00f6r Helim - tillverkare av batteril\u00e4ckagetestare f\u00f6r el- och hybridfordon, s\u00e4rskilt f\u00f6r verkst\u00e4der och industrin.\" \/>\n<meta property=\"og:url\" content=\"https:\/\/helim.eu\/sv\/integritetspolicy\/\" \/>\n<meta property=\"og:site_name\" content=\"Helim - Leak Test Solutions\" \/>\n<meta property=\"article:publisher\" content=\"https:\/\/www.facebook.com\/profile.php?id=61574206138313\" \/>\n<meta property=\"article:modified_time\" content=\"2025-05-11T06:37:38+00:00\" \/>\n<meta name=\"twitter:card\" content=\"summary_large_image\" \/>\n<meta name=\"twitter:label1\" content=\"Ber\u00e4knad l\u00e4stid\" \/>\n\t<meta name=\"twitter:data1\" content=\"5 minuter\" \/>\n<script type=\"application\/ld+json\" class=\"yoast-schema-graph\">{\"@context\":\"https:\\\/\\\/schema.org\",\"@graph\":[{\"@type\":\"WebPage\",\"@id\":\"https:\\\/\\\/helim.eu\\\/sv\\\/integritetspolicy\\\/\",\"url\":\"https:\\\/\\\/helim.eu\\\/sv\\\/integritetspolicy\\\/\",\"name\":\"Integritetspolicy - Helim - Leak Test Solutions\",\"isPartOf\":{\"@id\":\"https:\\\/\\\/helim.eu\\\/sv\\\/#website\"},\"datePublished\":\"2025-01-22T17:30:34+00:00\",\"dateModified\":\"2025-05-11T06:37:38+00:00\",\"description\":\"Integritetspolicy f\u00f6r Helim - tillverkare av batteril\u00e4ckagetestare f\u00f6r el- och hybridfordon, s\u00e4rskilt f\u00f6r verkst\u00e4der och industrin.\",\"breadcrumb\":{\"@id\":\"https:\\\/\\\/helim.eu\\\/sv\\\/integritetspolicy\\\/#breadcrumb\"},\"inLanguage\":\"sv-SE\",\"potentialAction\":[{\"@type\":\"ReadAction\",\"target\":[\"https:\\\/\\\/helim.eu\\\/sv\\\/integritetspolicy\\\/\"]}]},{\"@type\":\"BreadcrumbList\",\"@id\":\"https:\\\/\\\/helim.eu\\\/sv\\\/integritetspolicy\\\/#breadcrumb\",\"itemListElement\":[{\"@type\":\"ListItem\",\"position\":1,\"name\":\"Startseite\",\"item\":\"https:\\\/\\\/helim.eu\\\/sv\\\/\"},{\"@type\":\"ListItem\",\"position\":2,\"name\":\"Integritetspolicy\"}]},{\"@type\":\"WebSite\",\"@id\":\"https:\\\/\\\/helim.eu\\\/sv\\\/#website\",\"url\":\"https:\\\/\\\/helim.eu\\\/sv\\\/\",\"name\":\"Helim - Leak Test Solutions\",\"description\":\"EV Battery Leaktester\",\"publisher\":{\"@id\":\"https:\\\/\\\/helim.eu\\\/sv\\\/#organization\"},\"potentialAction\":[{\"@type\":\"SearchAction\",\"target\":{\"@type\":\"EntryPoint\",\"urlTemplate\":\"https:\\\/\\\/helim.eu\\\/sv\\\/?s={search_term_string}\"},\"query-input\":{\"@type\":\"PropertyValueSpecification\",\"valueRequired\":true,\"valueName\":\"search_term_string\"}}],\"inLanguage\":\"sv-SE\"},{\"@type\":\"Organization\",\"@id\":\"https:\\\/\\\/helim.eu\\\/sv\\\/#organization\",\"name\":\"Helim\",\"url\":\"https:\\\/\\\/helim.eu\\\/sv\\\/\",\"logo\":{\"@type\":\"ImageObject\",\"inLanguage\":\"sv-SE\",\"@id\":\"https:\\\/\\\/helim.eu\\\/sv\\\/#\\\/schema\\\/logo\\\/image\\\/\",\"url\":\"https:\\\/\\\/helim.eu\\\/wp-content\\\/uploads\\\/2025\\\/03\\\/helim-logo-r-w-600-600-rand.png\",\"contentUrl\":\"https:\\\/\\\/helim.eu\\\/wp-content\\\/uploads\\\/2025\\\/03\\\/helim-logo-r-w-600-600-rand.png\",\"width\":600,\"height\":600,\"caption\":\"Helim\"},\"image\":{\"@id\":\"https:\\\/\\\/helim.eu\\\/sv\\\/#\\\/schema\\\/logo\\\/image\\\/\"},\"sameAs\":[\"https:\\\/\\\/www.facebook.com\\\/profile.php?id=61574206138313\"]}]}<\/script>\n<!-- \/ Yoast SEO plugin. -->","yoast_head_json":{"title":"Integritetspolicy - Helim - Leak Test Solutions","description":"Integritetspolicy f\u00f6r Helim - tillverkare av batteril\u00e4ckagetestare f\u00f6r el- och hybridfordon, s\u00e4rskilt f\u00f6r verkst\u00e4der och industrin.","robots":{"index":"index","follow":"follow","max-snippet":"max-snippet:-1","max-image-preview":"max-image-preview:large","max-video-preview":"max-video-preview:-1"},"canonical":"https:\/\/helim.eu\/sv\/integritetspolicy\/","og_locale":"sv_SE","og_type":"article","og_title":"Integritetspolicy - Helim - Leak Test Solutions","og_description":"Integritetspolicy f\u00f6r Helim - tillverkare av batteril\u00e4ckagetestare f\u00f6r el- och hybridfordon, s\u00e4rskilt f\u00f6r verkst\u00e4der och industrin.","og_url":"https:\/\/helim.eu\/sv\/integritetspolicy\/","og_site_name":"Helim - Leak Test Solutions","article_publisher":"https:\/\/www.facebook.com\/profile.php?id=61574206138313","article_modified_time":"2025-05-11T06:37:38+00:00","twitter_card":"summary_large_image","twitter_misc":{"Ber\u00e4knad l\u00e4stid":"5 minuter"},"schema":{"@context":"https:\/\/schema.org","@graph":[{"@type":"WebPage","@id":"https:\/\/helim.eu\/sv\/integritetspolicy\/","url":"https:\/\/helim.eu\/sv\/integritetspolicy\/","name":"Integritetspolicy - Helim - Leak Test Solutions","isPartOf":{"@id":"https:\/\/helim.eu\/sv\/#website"},"datePublished":"2025-01-22T17:30:34+00:00","dateModified":"2025-05-11T06:37:38+00:00","description":"Integritetspolicy f\u00f6r Helim - tillverkare av batteril\u00e4ckagetestare f\u00f6r el- och hybridfordon, s\u00e4rskilt f\u00f6r verkst\u00e4der och industrin.","breadcrumb":{"@id":"https:\/\/helim.eu\/sv\/integritetspolicy\/#breadcrumb"},"inLanguage":"sv-SE","potentialAction":[{"@type":"ReadAction","target":["https:\/\/helim.eu\/sv\/integritetspolicy\/"]}]},{"@type":"BreadcrumbList","@id":"https:\/\/helim.eu\/sv\/integritetspolicy\/#breadcrumb","itemListElement":[{"@type":"ListItem","position":1,"name":"Startseite","item":"https:\/\/helim.eu\/sv\/"},{"@type":"ListItem","position":2,"name":"Integritetspolicy"}]},{"@type":"WebSite","@id":"https:\/\/helim.eu\/sv\/#website","url":"https:\/\/helim.eu\/sv\/","name":"Helim - Leak Test Solutions","description":"EV Battery Leaktester","publisher":{"@id":"https:\/\/helim.eu\/sv\/#organization"},"potentialAction":[{"@type":"SearchAction","target":{"@type":"EntryPoint","urlTemplate":"https:\/\/helim.eu\/sv\/?s={search_term_string}"},"query-input":{"@type":"PropertyValueSpecification","valueRequired":true,"valueName":"search_term_string"}}],"inLanguage":"sv-SE"},{"@type":"Organization","@id":"https:\/\/helim.eu\/sv\/#organization","name":"Helim","url":"https:\/\/helim.eu\/sv\/","logo":{"@type":"ImageObject","inLanguage":"sv-SE","@id":"https:\/\/helim.eu\/sv\/#\/schema\/logo\/image\/","url":"https:\/\/helim.eu\/wp-content\/uploads\/2025\/03\/helim-logo-r-w-600-600-rand.png","contentUrl":"https:\/\/helim.eu\/wp-content\/uploads\/2025\/03\/helim-logo-r-w-600-600-rand.png","width":600,"height":600,"caption":"Helim"},"image":{"@id":"https:\/\/helim.eu\/sv\/#\/schema\/logo\/image\/"},"sameAs":["https:\/\/www.facebook.com\/profile.php?id=61574206138313"]}]}},"_links":{"self":[{"href":"https:\/\/helim.eu\/sv\/wp-json\/wp\/v2\/pages\/1798","targetHints":{"allow":["GET"]}}],"collection":[{"href":"https:\/\/helim.eu\/sv\/wp-json\/wp\/v2\/pages"}],"about":[{"href":"https:\/\/helim.eu\/sv\/wp-json\/wp\/v2\/types\/page"}],"author":[{"embeddable":true,"href":"https:\/\/helim.eu\/sv\/wp-json\/wp\/v2\/users\/1"}],"replies":[{"embeddable":true,"href":"https:\/\/helim.eu\/sv\/wp-json\/wp\/v2\/comments?post=1798"}],"version-history":[{"count":3,"href":"https:\/\/helim.eu\/sv\/wp-json\/wp\/v2\/pages\/1798\/revisions"}],"predecessor-version":[{"id":2890,"href":"https:\/\/helim.eu\/sv\/wp-json\/wp\/v2\/pages\/1798\/revisions\/2890"}],"wp:attachment":[{"href":"https:\/\/helim.eu\/sv\/wp-json\/wp\/v2\/media?parent=1798"}],"curies":[{"name":"wp","href":"https:\/\/api.w.org\/{rel}","templated":true}]}}