{"id":1774,"date":"2025-03-10T11:59:43","date_gmt":"2025-03-10T11:59:43","guid":{"rendered":"https:\/\/helim.eu\/underhaall\/"},"modified":"2025-05-11T06:33:59","modified_gmt":"2025-05-11T06:33:59","slug":"underhaall","status":"publish","type":"page","link":"https:\/\/helim.eu\/sv\/underhaall\/","title":{"rendered":"Underh\u00e5ll"},"content":{"rendered":"\n<style type=\"text\/css\" data-created_by=\"avia_inline_auto\" id=\"style-css-av-m7uj1yt0-e7dffc81a17d42c166dd522531a056ec\">\n.avia-section.av-m7uj1yt0-e7dffc81a17d42c166dd522531a056ec .av-parallax .av-parallax-inner{\nbackground-color:#e10800;\nbackground-image:url(https:\/\/helim.eu\/wp-content\/uploads\/2025\/03\/leaktest-battery-leakage-test-helim-10.png);\nbackground-repeat:no-repeat;\nbackground-position:100% 0%;\nbackground-attachment:scroll;\n}\n.avia-section.av-m7uj1yt0-e7dffc81a17d42c166dd522531a056ec .av-section-color-overlay{\nopacity:0.6;\nbackground-color:#e10800;\n}\n#top .avia-section.av-m7uj1yt0-e7dffc81a17d42c166dd522531a056ec .scroll-down-link{\ncolor:#ffffff;\n}\n<\/style>\n<div id='av_section_1'  class='avia-section av-m7uj1yt0-e7dffc81a17d42c166dd522531a056ec main_color avia-section-default avia-no-border-styling  avia-builder-el-0  el_before_av_section  avia-builder-el-first  av-parallax-section avia-bg-style-parallax av-section-color-overlay-active av-minimum-height av-minimum-height-85 av-height-percent  container_wrap fullsize'  data-section-bg-repeat='no-repeat' data-av_minimum_height_pc='85' data-av_min_height_opt='percent'><div class='av-parallax' data-avia-parallax-ratio='0.3' ><div class='av-parallax-inner main_color avia-full-stretch'><\/div><\/div><div class=\"av-section-color-overlay-wrap\"><div class=\"av-section-color-overlay\"><\/div><a href='#next-section' title='' class='scroll-down-link av-custom-scroll-down-color' aria-hidden='true' data-av_icon='\ue877' data-av_iconfont='entypo-fontello'><\/a><div class='container av-section-cont-open' ><main  role=\"main\" itemprop=\"mainContentOfPage\"  class='template-page content  av-content-full alpha units'><div class='post-entry post-entry-type-page post-entry-1774'><div class='entry-content-wrapper clearfix'>\n\n<style type=\"text\/css\" data-created_by=\"avia_inline_auto\" id=\"style-css-av-4w6a-e4e2878a77dacf489fc1da314676a2c1\">\n.flex_column.av-4w6a-e4e2878a77dacf489fc1da314676a2c1{\npadding:50px 0 0 0;\n}\n<\/style>\n<div  class='flex_column av-4w6a-e4e2878a77dacf489fc1da314676a2c1 av_three_fifth  avia-builder-el-1  el_before_av_two_fifth  avia-builder-el-first  first flex_column_div av-parallax-object  ' data-parallax=\"{&quot;parallax&quot;:&quot;right_left&quot;,&quot;parallax_speed&quot;:&quot;40&quot;,&quot;av-desktop-parallax&quot;:&quot;inherit&quot;,&quot;av-desktop-parallax_speed&quot;:&quot;inherit&quot;,&quot;av-medium-parallax&quot;:&quot;inherit&quot;,&quot;av-medium-parallax_speed&quot;:&quot;inherit&quot;,&quot;av-small-parallax&quot;:&quot;inherit&quot;,&quot;av-small-parallax_speed&quot;:&quot;inherit&quot;,&quot;av-mini-parallax&quot;:&quot;inherit&quot;,&quot;av-mini-parallax_speed&quot;:&quot;inherit&quot;,&quot;parallax-container&quot;:&quot;.av-4w6a-e4e2878a77dacf489fc1da314676a2c1&quot;}\"    ><section  class='av_textblock_section av-m7uirohe-b57013c8e80d236f727e40edc1cd64b9 '   itemscope=\"itemscope\" itemtype=\"https:\/\/schema.org\/CreativeWork\" ><div class='avia_textblock'  itemprop=\"text\" ><h1><span style=\"color: #ffffff;\">Utrustning f\u00f6r l\u00e4ckagetestning &#8211; <\/span><span style=\"color: #ffffff;\">Reparation, underh\u00e5ll och kalibrering<\/span><\/h1>\n<h1><\/h1>\n<h1><\/h1>\n<\/div><\/section><br \/>\n\n<style type=\"text\/css\" data-created_by=\"avia_inline_auto\" id=\"style-css-av-m7yo0zzc-841ce2c2f2e477756d17ed2aad87f50e\">\n#top .hr.av-m7yo0zzc-841ce2c2f2e477756d17ed2aad87f50e{\nmargin-top:15px;\nmargin-bottom:15px;\n}\n.hr.av-m7yo0zzc-841ce2c2f2e477756d17ed2aad87f50e .hr-inner{\nwidth:50px;\n}\n<\/style>\n<div  class='hr av-m7yo0zzc-841ce2c2f2e477756d17ed2aad87f50e hr-custom  avia-builder-el-3  el_after_av_textblock  el_before_av_image  hr-center hr-icon-no'><span class='hr-inner inner-border-av-border-none'><span class=\"hr-inner-style\"><\/span><\/span><\/div><br \/>\n\n<style type=\"text\/css\" data-created_by=\"avia_inline_auto\" id=\"style-css-av-m7ynwwq1-042f6e080cffaed68ab39815fbc49284\">\n.avia-image-container.av-m7ynwwq1-042f6e080cffaed68ab39815fbc49284 img.avia_image{\nbox-shadow:none;\n}\n.avia-image-container.av-m7ynwwq1-042f6e080cffaed68ab39815fbc49284 .av-image-caption-overlay-center{\ncolor:#ffffff;\n}\n<\/style>\n<div  class='avia-image-container av-m7ynwwq1-042f6e080cffaed68ab39815fbc49284 av-styling- avia-align-left  avia-builder-el-4  el_after_av_hr  avia-builder-el-last '   itemprop=\"image\" itemscope=\"itemscope\" itemtype=\"https:\/\/schema.org\/ImageObject\" ><div class=\"avia-image-container-inner\"><div class=\"avia-image-overlay-wrap\"><img decoding=\"async\" fetchpriority=\"high\" class='wp-image-1755 avia-img-lazy-loading-not-1755 avia_image ' src=\"https:\/\/helim.eu\/wp-content\/uploads\/2025\/03\/helim-white-without-bg-600-300x92.png\" alt='' title='Leakage test EV battery - Helim - Logo 600'  height=\"92\" width=\"300\"  itemprop=\"thumbnailUrl\" srcset=\"https:\/\/helim.eu\/wp-content\/uploads\/2025\/03\/helim-white-without-bg-600-300x92.png 300w, https:\/\/helim.eu\/wp-content\/uploads\/2025\/03\/helim-white-without-bg-600.png 600w\" sizes=\"(max-width: 300px) 100vw, 300px\" \/><\/div><\/div><\/div><\/p><\/div><div  class='flex_column av-2v8g-3bf2cc19cd5a2b3ccf8dff553b817e7b av_two_fifth  avia-builder-el-5  el_after_av_three_fifth  avia-builder-el-last  flex_column_div av-parallax-object  ' data-parallax=\"{&quot;parallax&quot;:&quot;left_right&quot;,&quot;parallax_speed&quot;:&quot;&quot;,&quot;av-desktop-parallax&quot;:&quot;inherit&quot;,&quot;av-desktop-parallax_speed&quot;:&quot;inherit&quot;,&quot;av-medium-parallax&quot;:&quot;inherit&quot;,&quot;av-medium-parallax_speed&quot;:&quot;inherit&quot;,&quot;av-small-parallax&quot;:&quot;inherit&quot;,&quot;av-small-parallax_speed&quot;:&quot;inherit&quot;,&quot;av-mini-parallax&quot;:&quot;inherit&quot;,&quot;av-mini-parallax_speed&quot;:&quot;inherit&quot;,&quot;parallax-container&quot;:&quot;.av-2v8g-3bf2cc19cd5a2b3ccf8dff553b817e7b&quot;}\"    ><\/div>\n\n<\/div><\/div><\/main><!-- close content main element --><\/div><\/div><\/div><div id='av_section_2'  class='avia-section av-47lk-f015129779bb3f8076b237345036f878 main_color avia-section-default avia-no-border-styling  avia-builder-el-7  el_after_av_section  el_before_av_section  avia-bg-style-scroll av-minimum-height av-minimum-height-25 av-height-25  container_wrap fullsize'   data-av_minimum_height_pc='25' data-av_min_height_opt='25'><div class='container av-section-cont-open' ><div class='template-page content  av-content-full alpha units'><div class='post-entry post-entry-type-page post-entry-1774'><div class='entry-content-wrapper clearfix'>\n\n<style type=\"text\/css\" data-created_by=\"avia_inline_auto\" id=\"style-css-av-m7voq5i7-63dcc9f6d8eaf1fc54618182a0cb7f21\">\n#top .av_textblock_section.av-m7voq5i7-63dcc9f6d8eaf1fc54618182a0cb7f21 .avia_textblock{\ntext-align:center;\n}\n<\/style>\n<section  class='av_textblock_section av-m7voq5i7-63dcc9f6d8eaf1fc54618182a0cb7f21 '   itemscope=\"itemscope\" itemtype=\"https:\/\/schema.org\/CreativeWork\" ><div class='avia_textblock'  itemprop=\"text\" ><h2 style=\"text-align: left;\" data-pm-slice=\"1 1 &#091;&#093;\"><strong>L\u00e4cktestare Reparation, underh\u00e5ll och kalibrering  <\/strong><\/h2>\n<p style=\"text-align: left;\">V\u00e5ra batteril\u00e4ckagetestare \u00e4r exakta, tillf\u00f6rlitliga och h\u00e5llbara. Trots detta kan slitage eller mindre defekter uppst\u00e5 med tiden. Vi erbjuder professionella <strong>reparations-, underh\u00e5lls- och kalibreringstj\u00e4nster<\/strong> s\u00e5 att du alltid kan arbeta med ett fullt fungerande testsystem.  <\/p>\n<h3 style=\"text-align: left;\">V\u00e5rt utbud av tj\u00e4nster:<\/h3>\n<ul style=\"text-align: left;\" data-spread=\"false\">\n<li><strong>Reparationer<\/strong>: Om din enhet har ett fel eller en defekt tar vi hand om reparationen snabbt och tillf\u00f6rlitligt.<\/li>\n<li><strong>Underh\u00e5ll<\/strong>: Regelbundna inspektioner s\u00e4kerst\u00e4ller att dina batteril\u00e4ckagedetektorer alltid fungerar optimalt.<\/li>\n<li><strong>Kalibrering<\/strong>: F\u00f6r att s\u00e4kerst\u00e4lla exakta m\u00e4tresultat erbjuder vi professionell kalibrering av dina enheter.<\/li>\n<\/ul>\n<h3 style=\"text-align: left;\">Service f\u00f6r Helim-enheter och partnerprodukter<\/h3>\n<p style=\"text-align: left;\">Vi \u00e4r inte bara tillg\u00e4ngliga f\u00f6r underh\u00e5ll och reparation av v\u00e5ra egna Helim-l\u00e4cktestare, utan servar \u00e4ven enheter som har s\u00e5lts som <strong>private label-produkter<\/strong> fr\u00e5n Helim och som finns tillg\u00e4ngliga i Europa. V\u00e5ra experter har den expertis som kr\u00e4vs f\u00f6r att utf\u00f6ra en snabb och effektiv reparation eller kalibrering. Vi utf\u00f6r inte service p\u00e5 enheter fr\u00e5n andra tillverkare utanf\u00f6r v\u00e5rt partnern\u00e4tverk.  <\/p>\n<h3 style=\"text-align: left;\">Hur serviceprocessen fungerar<\/h3>\n<ol style=\"text-align: left;\" start=\"1\" data-spread=\"false\">\n<li>Kontakta <strong>oss<\/strong>: V\u00e4nligen kontakta oss innan du skickar in din enhet. Vi meddelar dig var du ska skicka enheten. <\/li>\n<li><strong>Felbeskrivning<\/strong>: En kort beskrivning av problemet hj\u00e4lper oss att planera reparationen p\u00e5 ett effektivt s\u00e4tt och f\u00f6rkorta handl\u00e4ggningstiden.<\/li>\n<li><strong>Snabb behandling<\/strong>: Vi vet att du beh\u00f6ver din testare f\u00f6r att kunna forts\u00e4tta ditt arbete. Det \u00e4r d\u00e4rf\u00f6r vi ser till att reparationen eller kalibreringen g\u00e5r snabbt. <\/li>\n<li><strong>Returnering av f\u00f6rs\u00e4ndelse<\/strong>: N\u00e4r arbetet har slutf\u00f6rts kommer din enhet att returneras till dig omedelbart s\u00e5 att du kan anv\u00e4nda den igen utan dr\u00f6jsm\u00e5l.<\/li>\n<\/ol>\n<h3 style=\"text-align: left;\">Varf\u00f6r \u00e4r regelbundet underh\u00e5ll och <span style=\"color: #000000;\"><a style=\"color: #000000;\" href=\"https:\/\/de.wikipedia.org\/wiki\/Kalibrierung\" target=\"_blank\" rel=\"noopener\">kalibrering<\/a><\/span> viktigt?<\/h3>\n<ul style=\"text-align: left;\" data-spread=\"false\">\n<li><strong>Bibeh\u00e5llen precision<\/strong>: M\u00e4tnoggrannhet \u00e4r avg\u00f6rande f\u00f6r tillf\u00f6rlitlig l\u00e4ckagetestning av batterier.<\/li>\n<li><strong>Undvikande av haverier<\/strong>: Regelbundet underh\u00e5ll hj\u00e4lper till att undvika kostsamma stillest\u00e5ndstider.<\/li>\n<li><strong>\u00d6verensst\u00e4mmelse med standarder<\/strong>: Kalibrering s\u00e4kerst\u00e4ller att dina enheter \u00f6verensst\u00e4mmer med g\u00e4llande lagar och tillverkarspecifika f\u00f6reskrifter.<\/li>\n<\/ul>\n<h3 style=\"text-align: left;\">L\u00e4ckagetestare &#8211; reparation, underh\u00e5ll, kalibrering<\/h3>\n<p style=\"text-align: left;\"><strong><span style=\"color: #000000;\"><a style=\"color: #000000;\" href=\"https:\/\/helim.eu\/sv\/kontakta-oss\/\">Kontakta oss<\/a><\/span> Kontakta oss redan idag!<\/strong><\/p>\n<p style=\"text-align: left;\">Beh\u00f6ver du reparera, underh\u00e5lla eller kalibrera din batteril\u00e4ckages\u00f6kare? D\u00e5 ska du inte tveka att kontakta oss. Vi hj\u00e4lper dig snabbt och kompetent!  <\/p>\n<\/div><\/section>\n<div  class='avia-button-wrap av-m8e7u068-8e6818c222b8b31460d8b21057cadd29-wrap avia-button-center  avia-builder-el-9  el_after_av_textblock  avia-builder-el-last '>\n<style type=\"text\/css\" data-created_by=\"avia_inline_auto\" id=\"style-css-av-m8e7u068-8e6818c222b8b31460d8b21057cadd29\">\n#top #wrap_all .avia-button.av-m8e7u068-8e6818c222b8b31460d8b21057cadd29{\nfont-size:20px;\ntransition:all 0.4s ease-in-out;\n}\n<\/style>\n<a href='https:\/\/helim.eu\/sv\/kontakta-oss\/'  class='avia-button av-m8e7u068-8e6818c222b8b31460d8b21057cadd29 avia-icon_select-yes-left-icon avia-size-large avia-position-center avia-color-theme-color'  ><span class='avia_button_icon avia_button_icon_left' aria-hidden='true' data-av_icon='\ue805' data-av_iconfont='entypo-fontello'><\/span><span class='avia_iconbox_title' >Din kontakt med Helim<\/span><\/a><\/div>\n\n<\/div><\/div><\/div><!-- close content main div --><\/div><\/div>\n<style type=\"text\/css\" data-created_by=\"avia_inline_auto\" id=\"style-css-av-2x7u-0d73e1215719be8fe3abeca2ba37d8f1\">\n.avia-section.av-2x7u-0d73e1215719be8fe3abeca2ba37d8f1{\nbackground-repeat:no-repeat;\nbackground-image:url(https:\/\/helim.eu\/wp-content\/uploads\/2025\/03\/battery-air-leak-test-helim-r.png);\nbackground-position:50% 50%;\nbackground-attachment:fixed;\nmargin-top:0px;\nmargin-bottom:50px;\n}\n.avia-section.av-2x7u-0d73e1215719be8fe3abeca2ba37d8f1 .av-section-color-overlay{\nopacity:0.3;\nbackground-color:#ffffff;\n}\n<\/style>\n<div id='av_section_3'  class='avia-section av-2x7u-0d73e1215719be8fe3abeca2ba37d8f1 main_color avia-section-default avia-no-border-styling  avia-builder-el-10  el_after_av_section  avia-builder-el-last  avia-bg-style-fixed av-section-color-overlay-active av-minimum-height av-minimum-height-custom av-height-custom  container_wrap fullsize'  data-section-bg-repeat='no-repeat' data-av_minimum_height_px='350'><div class=\"av-section-color-overlay-wrap\"><div class=\"av-section-color-overlay\"><\/div><div class='container av-section-cont-open' style='height:350px'><div class='template-page content  av-content-full alpha units'><div class='post-entry post-entry-type-page post-entry-1774'><div class='entry-content-wrapper clearfix'>\n","protected":false},"excerpt":{"rendered":"","protected":false},"author":1,"featured_media":0,"parent":0,"menu_order":0,"comment_status":"closed","ping_status":"open","template":"","meta":{"footnotes":""},"class_list":["post-1774","page","type-page","status-publish","hentry"],"yoast_head":"<!-- This site is optimized with the Yoast SEO plugin v27.5 - https:\/\/yoast.com\/product\/yoast-seo-wordpress\/ -->\n<title>Underh\u00e5ll - Helim - Leak Test Solutions<\/title>\n<meta name=\"description\" content=\"Reparation, underh\u00e5ll och kalibrering av l\u00e4ckagetestare - f\u00f6r Helim batteril\u00e4ckagetestare och l\u00e4ckagetestare.\" \/>\n<meta name=\"robots\" content=\"index, follow, max-snippet:-1, max-image-preview:large, max-video-preview:-1\" \/>\n<link rel=\"canonical\" href=\"https:\/\/helim.eu\/sv\/underhaall\/\" \/>\n<meta property=\"og:locale\" content=\"sv_SE\" \/>\n<meta property=\"og:type\" content=\"article\" \/>\n<meta property=\"og:title\" content=\"Underh\u00e5ll - Helim - Leak Test Solutions\" \/>\n<meta property=\"og:description\" content=\"Reparation, underh\u00e5ll och kalibrering av l\u00e4ckagetestare - f\u00f6r Helim batteril\u00e4ckagetestare och l\u00e4ckagetestare.\" \/>\n<meta property=\"og:url\" content=\"https:\/\/helim.eu\/sv\/underhaall\/\" \/>\n<meta property=\"og:site_name\" content=\"Helim - Leak Test Solutions\" \/>\n<meta property=\"article:publisher\" content=\"https:\/\/www.facebook.com\/profile.php?id=61574206138313\" \/>\n<meta property=\"article:modified_time\" content=\"2025-05-11T06:33:59+00:00\" \/>\n<meta name=\"twitter:card\" content=\"summary_large_image\" \/>\n<meta name=\"twitter:label1\" content=\"Ber\u00e4knad l\u00e4stid\" \/>\n\t<meta name=\"twitter:data1\" content=\"18 minuter\" \/>\n<script type=\"application\/ld+json\" class=\"yoast-schema-graph\">{\"@context\":\"https:\\\/\\\/schema.org\",\"@graph\":[{\"@type\":\"WebPage\",\"@id\":\"https:\\\/\\\/helim.eu\\\/sv\\\/underhaall\\\/\",\"url\":\"https:\\\/\\\/helim.eu\\\/sv\\\/underhaall\\\/\",\"name\":\"Underh\u00e5ll - Helim - Leak Test Solutions\",\"isPartOf\":{\"@id\":\"https:\\\/\\\/helim.eu\\\/sv\\\/#website\"},\"datePublished\":\"2025-03-10T11:59:43+00:00\",\"dateModified\":\"2025-05-11T06:33:59+00:00\",\"description\":\"Reparation, underh\u00e5ll och kalibrering av l\u00e4ckagetestare - f\u00f6r Helim batteril\u00e4ckagetestare och l\u00e4ckagetestare.\",\"breadcrumb\":{\"@id\":\"https:\\\/\\\/helim.eu\\\/sv\\\/underhaall\\\/#breadcrumb\"},\"inLanguage\":\"sv-SE\",\"potentialAction\":[{\"@type\":\"ReadAction\",\"target\":[\"https:\\\/\\\/helim.eu\\\/sv\\\/underhaall\\\/\"]}]},{\"@type\":\"BreadcrumbList\",\"@id\":\"https:\\\/\\\/helim.eu\\\/sv\\\/underhaall\\\/#breadcrumb\",\"itemListElement\":[{\"@type\":\"ListItem\",\"position\":1,\"name\":\"Startseite\",\"item\":\"https:\\\/\\\/helim.eu\\\/sv\\\/\"},{\"@type\":\"ListItem\",\"position\":2,\"name\":\"Underh\u00e5ll\"}]},{\"@type\":\"WebSite\",\"@id\":\"https:\\\/\\\/helim.eu\\\/sv\\\/#website\",\"url\":\"https:\\\/\\\/helim.eu\\\/sv\\\/\",\"name\":\"Helim - Leak Test Solutions\",\"description\":\"EV Battery Leaktester\",\"publisher\":{\"@id\":\"https:\\\/\\\/helim.eu\\\/sv\\\/#organization\"},\"potentialAction\":[{\"@type\":\"SearchAction\",\"target\":{\"@type\":\"EntryPoint\",\"urlTemplate\":\"https:\\\/\\\/helim.eu\\\/sv\\\/?s={search_term_string}\"},\"query-input\":{\"@type\":\"PropertyValueSpecification\",\"valueRequired\":true,\"valueName\":\"search_term_string\"}}],\"inLanguage\":\"sv-SE\"},{\"@type\":\"Organization\",\"@id\":\"https:\\\/\\\/helim.eu\\\/sv\\\/#organization\",\"name\":\"Helim\",\"url\":\"https:\\\/\\\/helim.eu\\\/sv\\\/\",\"logo\":{\"@type\":\"ImageObject\",\"inLanguage\":\"sv-SE\",\"@id\":\"https:\\\/\\\/helim.eu\\\/sv\\\/#\\\/schema\\\/logo\\\/image\\\/\",\"url\":\"https:\\\/\\\/helim.eu\\\/wp-content\\\/uploads\\\/2025\\\/03\\\/helim-logo-r-w-600-600-rand.png\",\"contentUrl\":\"https:\\\/\\\/helim.eu\\\/wp-content\\\/uploads\\\/2025\\\/03\\\/helim-logo-r-w-600-600-rand.png\",\"width\":600,\"height\":600,\"caption\":\"Helim\"},\"image\":{\"@id\":\"https:\\\/\\\/helim.eu\\\/sv\\\/#\\\/schema\\\/logo\\\/image\\\/\"},\"sameAs\":[\"https:\\\/\\\/www.facebook.com\\\/profile.php?id=61574206138313\"]}]}<\/script>\n<!-- \/ Yoast SEO plugin. -->","yoast_head_json":{"title":"Underh\u00e5ll - Helim - Leak Test Solutions","description":"Reparation, underh\u00e5ll och kalibrering av l\u00e4ckagetestare - f\u00f6r Helim batteril\u00e4ckagetestare och l\u00e4ckagetestare.","robots":{"index":"index","follow":"follow","max-snippet":"max-snippet:-1","max-image-preview":"max-image-preview:large","max-video-preview":"max-video-preview:-1"},"canonical":"https:\/\/helim.eu\/sv\/underhaall\/","og_locale":"sv_SE","og_type":"article","og_title":"Underh\u00e5ll - Helim - Leak Test Solutions","og_description":"Reparation, underh\u00e5ll och kalibrering av l\u00e4ckagetestare - f\u00f6r Helim batteril\u00e4ckagetestare och l\u00e4ckagetestare.","og_url":"https:\/\/helim.eu\/sv\/underhaall\/","og_site_name":"Helim - Leak Test Solutions","article_publisher":"https:\/\/www.facebook.com\/profile.php?id=61574206138313","article_modified_time":"2025-05-11T06:33:59+00:00","twitter_card":"summary_large_image","twitter_misc":{"Ber\u00e4knad l\u00e4stid":"18 minuter"},"schema":{"@context":"https:\/\/schema.org","@graph":[{"@type":"WebPage","@id":"https:\/\/helim.eu\/sv\/underhaall\/","url":"https:\/\/helim.eu\/sv\/underhaall\/","name":"Underh\u00e5ll - Helim - Leak Test Solutions","isPartOf":{"@id":"https:\/\/helim.eu\/sv\/#website"},"datePublished":"2025-03-10T11:59:43+00:00","dateModified":"2025-05-11T06:33:59+00:00","description":"Reparation, underh\u00e5ll och kalibrering av l\u00e4ckagetestare - f\u00f6r Helim batteril\u00e4ckagetestare och l\u00e4ckagetestare.","breadcrumb":{"@id":"https:\/\/helim.eu\/sv\/underhaall\/#breadcrumb"},"inLanguage":"sv-SE","potentialAction":[{"@type":"ReadAction","target":["https:\/\/helim.eu\/sv\/underhaall\/"]}]},{"@type":"BreadcrumbList","@id":"https:\/\/helim.eu\/sv\/underhaall\/#breadcrumb","itemListElement":[{"@type":"ListItem","position":1,"name":"Startseite","item":"https:\/\/helim.eu\/sv\/"},{"@type":"ListItem","position":2,"name":"Underh\u00e5ll"}]},{"@type":"WebSite","@id":"https:\/\/helim.eu\/sv\/#website","url":"https:\/\/helim.eu\/sv\/","name":"Helim - Leak Test Solutions","description":"EV Battery Leaktester","publisher":{"@id":"https:\/\/helim.eu\/sv\/#organization"},"potentialAction":[{"@type":"SearchAction","target":{"@type":"EntryPoint","urlTemplate":"https:\/\/helim.eu\/sv\/?s={search_term_string}"},"query-input":{"@type":"PropertyValueSpecification","valueRequired":true,"valueName":"search_term_string"}}],"inLanguage":"sv-SE"},{"@type":"Organization","@id":"https:\/\/helim.eu\/sv\/#organization","name":"Helim","url":"https:\/\/helim.eu\/sv\/","logo":{"@type":"ImageObject","inLanguage":"sv-SE","@id":"https:\/\/helim.eu\/sv\/#\/schema\/logo\/image\/","url":"https:\/\/helim.eu\/wp-content\/uploads\/2025\/03\/helim-logo-r-w-600-600-rand.png","contentUrl":"https:\/\/helim.eu\/wp-content\/uploads\/2025\/03\/helim-logo-r-w-600-600-rand.png","width":600,"height":600,"caption":"Helim"},"image":{"@id":"https:\/\/helim.eu\/sv\/#\/schema\/logo\/image\/"},"sameAs":["https:\/\/www.facebook.com\/profile.php?id=61574206138313"]}]}},"_links":{"self":[{"href":"https:\/\/helim.eu\/sv\/wp-json\/wp\/v2\/pages\/1774","targetHints":{"allow":["GET"]}}],"collection":[{"href":"https:\/\/helim.eu\/sv\/wp-json\/wp\/v2\/pages"}],"about":[{"href":"https:\/\/helim.eu\/sv\/wp-json\/wp\/v2\/types\/page"}],"author":[{"embeddable":true,"href":"https:\/\/helim.eu\/sv\/wp-json\/wp\/v2\/users\/1"}],"replies":[{"embeddable":true,"href":"https:\/\/helim.eu\/sv\/wp-json\/wp\/v2\/comments?post=1774"}],"version-history":[{"count":8,"href":"https:\/\/helim.eu\/sv\/wp-json\/wp\/v2\/pages\/1774\/revisions"}],"predecessor-version":[{"id":2795,"href":"https:\/\/helim.eu\/sv\/wp-json\/wp\/v2\/pages\/1774\/revisions\/2795"}],"wp:attachment":[{"href":"https:\/\/helim.eu\/sv\/wp-json\/wp\/v2\/media?parent=1774"}],"curies":[{"name":"wp","href":"https:\/\/api.w.org\/{rel}","templated":true}]}}