{"id":2139,"date":"2025-01-22T17:30:34","date_gmt":"2025-01-22T17:30:34","guid":{"rendered":"https:\/\/helim.eu\/zasady-ochrany-osobnych-udajov\/"},"modified":"2025-05-11T06:37:39","modified_gmt":"2025-05-11T06:37:39","slug":"zasady-ochrany-osobnych-udajov","status":"publish","type":"page","link":"https:\/\/helim.eu\/sk\/zasady-ochrany-osobnych-udajov\/","title":{"rendered":"Z\u00e1sady ochrany osobn\u00fdch \u00fadajov"},"content":{"rendered":"<section  class='av_textblock_section av-m860qs28-1630095a5e4c5eb0929470a73e6b6410 '   itemscope=\"itemscope\" itemtype=\"https:\/\/schema.org\/CreativeWork\" ><div class='avia_textblock'  itemprop=\"text\" ><h2 data-pm-slice=\"1 1 []\">Z\u00e1sady ochrany osobn\u00fdch \u00fadajov<\/h2>\n<h3>1. v\u0161eobecn\u00e9 inform\u00e1cie<\/h3>\n<p>Ochrana va\u0161ich osobn\u00fdch \u00fadajov je pre n\u00e1s d\u00f4le\u017eit\u00e1. Tieto z\u00e1sady ochrany osobn\u00fdch \u00fadajov vysvet\u013euj\u00fa, ak\u00e9 \u00fadaje zhroma\u017e\u010fujeme, ako ich pou\u017e\u00edvame a ak\u00e9 m\u00e1te pr\u00e1va. <\/p>\n<h3>2. osoba zodpovedn\u00e1 za spracovanie \u00fadajov<\/h3>\n<p>NIROXX Engineering Ltd.<br \/>\n12 Morozow Avenue<br \/>\n8220 Pafos, Cyprus<br \/>\nE-mail: <a>info@niroxx.io<\/a><br \/>\nWebov\u00e1 str\u00e1nka:   <a href=\"https:\/\/www.niroxx.io\">https:\/\/www.niroxx.io<\/a><\/p>\n<h3>3. hostingov\u00e9 a serverov\u00e9 protokolov\u00e9 s\u00fabory<\/h3>\n<p>Hostite\u013eom na\u0161ej webovej str\u00e1nky je spolo\u010dnos\u0165 Strato AG:<br \/>\n<strong>Strato AG<\/strong>, Pascalstra\u00dfe 10, 10587 Berl\u00edn, Nemecko<\/p>\n<p>Ke\u010f nav\u0161t\u00edvite na\u0161u webov\u00fa str\u00e1nku, poskytovate\u013e hostingu automaticky uklad\u00e1 nasleduj\u00face \u00fadaje do tzv. s\u00faborov denn\u00edka servera:<\/p>\n<ul data-spread=\"false\">\n<li>IP adresa n\u00e1v\u0161tevn\u00edka<\/li>\n<li>D\u00e1tum a \u010das pr\u00edstupu<\/li>\n<li>Typ a verzia prehliada\u010da<\/li>\n<li>Opera\u010dn\u00fd syst\u00e9m<\/li>\n<li>URL odkazovate\u013ea (predt\u00fdm nav\u0161t\u00edven\u00e1 str\u00e1nka)<\/li>\n<\/ul>\n<p>Tieto \u00fadaje sa pou\u017e\u00edvaj\u00fa v\u00fdlu\u010dne na zabezpe\u010denie a technick\u00fa \u00fadr\u017ebu webovej str\u00e1nky a nie s\u00fa sp\u00e1jan\u00e9 s in\u00fdmi zdrojmi \u00fadajov. \u00dadaje sa uchov\u00e1vaj\u00fa maxim\u00e1lne 7 dn\u00ed a potom sa automaticky vyma\u017e\u00fa. <\/p>\n<h3>4. zhroma\u017e\u010fovanie a spracovanie osobn\u00fdch \u00fadajov<\/h3>\n<p>Osobn\u00e9 \u00fadaje zhroma\u017e\u010fujeme len vtedy, ak n\u00e1m ich poskytnete dobrovo\u013ene prostredn\u00edctvom kontaktn\u00e9ho formul\u00e1ra alebo e-mailom. To plat\u00ed najm\u00e4 pre: <\/p>\n<ul data-spread=\"false\">\n<li>N\u00e1zov<\/li>\n<li>E-mailov\u00e1 adresa<\/li>\n<li>Telef\u00f3nne \u010d\u00edslo (ak je uveden\u00e9)<\/li>\n<li>Obsah va\u0161ej spr\u00e1vy<\/li>\n<li>Inform\u00e1cie o pou\u017e\u00edvate\u013eskom \u00fa\u010dte (ak je registrovan\u00fd)<\/li>\n<\/ul>\n<h3>5. \u00fa\u010del spracovania \u00fadajov<\/h3>\n<p>\u00dadaje, ktor\u00e9 poskytnete, sa pou\u017eij\u00fa len na spracovanie va\u0161ej \u017eiadosti, komunik\u00e1ciu s vami a zlep\u0161enie na\u0161ich slu\u017eieb.<\/p>\n<h3>6. pripomienky<\/h3>\n<p>Ke\u010f n\u00e1v\u0161tevn\u00edci na webovej str\u00e1nke uverej\u0148uj\u00fa koment\u00e1re, zhroma\u017e\u010fujeme \u00fadaje zobrazen\u00e9 vo formul\u00e1ri koment\u00e1ra, ako aj IP adresu a re\u0165azec agenta pou\u017e\u00edvate\u013ea, aby sme pomohli rozpozna\u0165 spam.<\/p>\n<h3>7. m\u00e9di\u00e1<\/h3>\n<p>Ak na t\u00fato webov\u00fa lokalitu nahr\u00e1vate obr\u00e1zky, mali by ste sa vyhn\u00fa\u0165 nahr\u00e1vaniu obr\u00e1zkov s vlo\u017een\u00fdmi \u00fadajmi EXIF o polohe GPS. N\u00e1v\u0161tevn\u00edci webovej lokality by mohli tak\u00e9to \u00fadaje o polohe z\u00edska\u0165. <\/p>\n<h3>8. kontaktn\u00e9 formul\u00e1re<\/h3>\n<p>Ak pou\u017eijete n\u00e1\u0161 kontaktn\u00fd formul\u00e1r, \u00fadaje odoslan\u00e9 na \u00fa\u010dely z\u00e1kazn\u00edckeho servisu uchov\u00e1vame a\u017e 6 mesiacov. Tieto \u00fadaje sa nepou\u017e\u00edvaj\u00fa na marketingov\u00e9 \u00fa\u010dely. <\/p>\n<h3>9. cookies<\/h3>\n<p>Na\u0161a webov\u00e1 str\u00e1nka pou\u017e\u00edva s\u00fabory cookie. S\u00fabory cookie s\u00fa mal\u00e9 textov\u00e9 s\u00fabory, ktor\u00e9 sa ukladaj\u00fa vo va\u0161om zariaden\u00ed. <\/p>\n<p>S\u00fabory cookie, ktor\u00e9 pou\u017e\u00edvame, zah\u0155\u0148aj\u00fa<\/p>\n<ul data-spread=\"false\">\n<li><strong>Z\u00e1kladn\u00e9 s\u00fabory cookie<\/strong>: S\u00fa potrebn\u00e9 na fungovanie webovej str\u00e1nky.<\/li>\n<li><strong>Analytick\u00e9 a marketingov\u00e9 s\u00fabory cookie<\/strong>: Tieto s\u00fabory n\u00e1m pom\u00e1haj\u00fa analyzova\u0165 pou\u017e\u00edvanie na\u0161ej webovej lokality a optimalizova\u0165 n\u00e1\u0161 marketing.<\/li>\n<\/ul>\n<p>Ukladanie s\u00faborov cookie m\u00f4\u017eete deaktivova\u0165 v nastaveniach svojho prehliada\u010da.<\/p>\n<h3>10. analytick\u00e9 slu\u017eby<\/h3>\n<p>Na\u0161a webov\u00e1 str\u00e1nka pou\u017e\u00edva slu\u017ebu Google Analytics, ktor\u00fa poskytuje spolo\u010dnos\u0165 Google Ireland Limited, Gordon House, Barrow Street, Dublin 4, \u00cdrsko.<\/p>\n<p>Slu\u017eba Google Analytics pou\u017e\u00edva s\u00fabory cookie na anal\u00fdzu pou\u017e\u00edvania na\u0161ej webovej str\u00e1nky. Aktivovali sme anonymiz\u00e1ciu IP, tak\u017ee va\u0161a IP adresa sa v r\u00e1mci E\u00da alebo EHP pred odoslan\u00edm spolo\u010dnosti Google skr\u00e1ti. Ukladaniu s\u00faborov cookie m\u00f4\u017eete zabr\u00e1ni\u0165 v\u00fdberom pr\u00edslu\u0161n\u00fdch nastaven\u00ed prehliada\u010da alebo pou\u017eit\u00edm pluginu na odhl\u00e1senie sa z Google Analytics.  <\/p>\n<p>\u010eal\u0161ie inform\u00e1cie: <a>https:\/\/policies.google.com\/privacy<\/a><\/p>\n<h3>11. zverejnenie \u00fadajov<\/h3>\n<p>Va\u0161e \u00fadaje nebud\u00fa poskytnut\u00e9 tret\u00edm stran\u00e1m, pokia\u013e:<\/p>\n<ul data-spread=\"false\">\n<li>V\u00fdslovne ste vyjadrili s\u00fahlas<\/li>\n<li>Je to z\u00e1konn\u00e1 povinnos\u0165<\/li>\n<li>Spracovanie vykon\u00e1va spracovate\u013e v s\u00falade s \u010dl\u00e1nkom 28 GDPR<\/li>\n<\/ul>\n<h3>12. doba skladovania<\/h3>\n<p>Osobn\u00e9 \u00fadaje uchov\u00e1vame len tak dlho, ako je to potrebn\u00e9 na spracovanie v\u00e1\u0161ho dopytu, alebo pokia\u013e existuj\u00fa z\u00e1konn\u00e9 povinnosti ich uchov\u00e1vania:<\/p>\n<ul data-spread=\"false\">\n<li>\u00dadaje z kontaktn\u00e9ho formul\u00e1ra: 6 mesiacov<\/li>\n<li>\u00dadaje z anal\u00fdzy: 1 rok<\/li>\n<li>\u00dadaje o objedn\u00e1vkach: 10 rokov<\/li>\n<\/ul>\n<h3>13. ak\u00e9 m\u00e1te pr\u00e1va na svoje \u00fadaje<\/h3>\n<p>M\u00e1te tieto pr\u00e1va:<\/p>\n<ul data-spread=\"false\">\n<li>Pr\u00e1vo na inform\u00e1cie o ulo\u017een\u00fdch \u00fadajoch<\/li>\n<li>Pr\u00e1vo na opravu nespr\u00e1vnych \u00fadajov<\/li>\n<li>Pr\u00e1vo na vymazanie va\u0161ich \u00fadajov (za predpokladu, \u017ee neexistuje z\u00e1konn\u00e1 povinnos\u0165 ich uchov\u00e1vania).<\/li>\n<li>Pr\u00e1vo na obmedzenie spracovania<\/li>\n<li>Pr\u00e1vo namieta\u0165 proti spracovaniu<\/li>\n<li>Pr\u00e1vo na prenosnos\u0165 \u00fadajov<\/li>\n<\/ul>\n<p>Ak chcete uplatni\u0165 niektor\u00e9 z t\u00fdchto pr\u00e1v, kontaktujte n\u00e1s na <a>adrese info@niroxx.io<\/a>.<\/p>\n<h3>14 Kam sa posielaj\u00fa va\u0161e \u00fadaje<\/h3>\n<p>Pou\u017e\u00edvame n\u00e1stroje a slu\u017eby tret\u00edch str\u00e1n, ktor\u00e9 m\u00f4\u017eu sprac\u00fava\u0165 \u00fadaje mimo E\u00da. Pritom db\u00e1me na to, aby t\u00edto poskytovatelia dodr\u017eiavali GDPR: <\/p>\n<ul data-spread=\"false\">\n<li><strong>Google LLC (Google Analytics, Google Ads, reCAPTCHA<\/strong>): Dohoda o ochrane s\u00fakromia (do roku 2020) a \u0161tandardn\u00e9 zmluvn\u00e9 dolo\u017eky<\/li>\n<li><strong>Mailchimp (zasielanie noviniek<\/strong>): \u0160tandardn\u00e9 zmluvn\u00e9 dolo\u017eky<\/li>\n<\/ul>\n<h3>15. kontaktn\u00e9 inform\u00e1cie<\/h3>\n<p>V pr\u00edpade ot\u00e1zok t\u00fdkaj\u00facich sa ochrany \u00fadajov n\u00e1s kontaktujte na adrese:<br \/>\ne-mail:  <a>info@niroxx.io<\/a><\/p>\n<h3>16. ako chr\u00e1nime va\u0161e \u00fadaje<\/h3>\n<p>Na ochranu va\u0161ich \u00fadajov pou\u017e\u00edvame technick\u00e9 a organiza\u010dn\u00e9 opatrenia:<\/p>\n<ul data-spread=\"false\">\n<li>\u0160ifrovanie SSL\/TLS<\/li>\n<li>Obmedzenia pr\u00edstupu<\/li>\n<li>Dvojfaktorov\u00e9 overovanie (ak je to mo\u017en\u00e9)<\/li>\n<li>Pravideln\u00e9 aktualiz\u00e1cie zabezpe\u010denia<\/li>\n<\/ul>\n<h3>17. opatrenia v pr\u00edpade poru\u0161enia ochrany \u00fadajov<\/h3>\n<p>V pr\u00edpade poru\u0161enia ochrany \u00fadajov budeme informova\u0165 dotknut\u00fdch pou\u017e\u00edvate\u013eov a pr\u00edslu\u0161n\u00e9 org\u00e1ny na ochranu \u00fadajov v s\u00falade so z\u00e1konn\u00fdmi ustanoveniami.<\/p>\n<h3>18. od ktor\u00fdch poskytovate\u013eov tret\u00edch str\u00e1n dost\u00e1vame \u00fadaje<\/h3>\n<p>Od poskytovate\u013eov tret\u00edch str\u00e1n nedost\u00e1vame \u017eiadne \u00fadaje, ktor\u00e9 nie s\u00fa uveden\u00e9 v t\u00fdchto z\u00e1sad\u00e1ch ochrany osobn\u00fdch \u00fadajov.<\/p>\n<h3>19 Automatizovan\u00e9 rozhodovanie<\/h3>\n<p>Na\u0161a webov\u00e1 str\u00e1nka nevykon\u00e1va automatizovan\u00e9 rozhodovanie ani profilovanie.<\/p>\n<h3>20. zmeny z\u00e1sad ochrany osobn\u00fdch \u00fadajov<\/h3>\n<p>Vyhradzujeme si pr\u00e1vo aktualizova\u0165 tieto z\u00e1sady ochrany osobn\u00fdch \u00fadajov v pr\u00edpade potreby.<\/p>\n<p><strong>Stav: marec 2025<\/strong><\/p>\n<\/div><\/section>\n","protected":false},"excerpt":{"rendered":"","protected":false},"author":1,"featured_media":0,"parent":0,"menu_order":0,"comment_status":"closed","ping_status":"open","template":"","meta":{"footnotes":""},"class_list":["post-2139","page","type-page","status-publish","hentry"],"yoast_head":"<!-- This site is optimized with the Yoast SEO plugin v27.4 - https:\/\/yoast.com\/product\/yoast-seo-wordpress\/ -->\n<title>Z\u00e1sady ochrany osobn\u00fdch \u00fadajov - Helim - Leak Test Solutions<\/title>\n<meta name=\"description\" content=\"Z\u00e1sady ochrany osobn\u00fdch \u00fadajov spolo\u010dnosti Helim - v\u00fdrobcu testerov tesnosti bat\u00e9ri\u00ed pre elektrick\u00e9 a hybridn\u00e9 vozidl\u00e1, najm\u00e4 pre dielne a priemysel.\" \/>\n<meta name=\"robots\" content=\"index, follow, max-snippet:-1, max-image-preview:large, max-video-preview:-1\" \/>\n<link rel=\"canonical\" href=\"https:\/\/helim.eu\/sk\/zasady-ochrany-osobnych-udajov\/\" \/>\n<meta property=\"og:locale\" content=\"sk_SK\" \/>\n<meta property=\"og:type\" content=\"article\" \/>\n<meta property=\"og:title\" content=\"Z\u00e1sady ochrany osobn\u00fdch \u00fadajov - Helim - Leak Test Solutions\" \/>\n<meta property=\"og:description\" content=\"Z\u00e1sady ochrany osobn\u00fdch \u00fadajov spolo\u010dnosti Helim - v\u00fdrobcu testerov tesnosti bat\u00e9ri\u00ed pre elektrick\u00e9 a hybridn\u00e9 vozidl\u00e1, najm\u00e4 pre dielne a priemysel.\" \/>\n<meta property=\"og:url\" content=\"https:\/\/helim.eu\/sk\/zasady-ochrany-osobnych-udajov\/\" \/>\n<meta property=\"og:site_name\" content=\"Helim - Leak Test Solutions\" \/>\n<meta property=\"article:publisher\" content=\"https:\/\/www.facebook.com\/profile.php?id=61574206138313\" \/>\n<meta property=\"article:modified_time\" content=\"2025-05-11T06:37:39+00:00\" \/>\n<meta name=\"twitter:card\" content=\"summary_large_image\" \/>\n<meta name=\"twitter:label1\" content=\"Predpokladan\u00fd \u010das \u010d\u00edtania\" \/>\n\t<meta name=\"twitter:data1\" content=\"5 min\u00fat\" \/>\n<script type=\"application\/ld+json\" class=\"yoast-schema-graph\">{\"@context\":\"https:\\\/\\\/schema.org\",\"@graph\":[{\"@type\":\"WebPage\",\"@id\":\"https:\\\/\\\/helim.eu\\\/sk\\\/zasady-ochrany-osobnych-udajov\\\/\",\"url\":\"https:\\\/\\\/helim.eu\\\/sk\\\/zasady-ochrany-osobnych-udajov\\\/\",\"name\":\"Z\u00e1sady ochrany osobn\u00fdch \u00fadajov - Helim - Leak Test Solutions\",\"isPartOf\":{\"@id\":\"https:\\\/\\\/helim.eu\\\/sk\\\/#website\"},\"datePublished\":\"2025-01-22T17:30:34+00:00\",\"dateModified\":\"2025-05-11T06:37:39+00:00\",\"description\":\"Z\u00e1sady ochrany osobn\u00fdch \u00fadajov spolo\u010dnosti Helim - v\u00fdrobcu testerov tesnosti bat\u00e9ri\u00ed pre elektrick\u00e9 a hybridn\u00e9 vozidl\u00e1, najm\u00e4 pre dielne a priemysel.\",\"breadcrumb\":{\"@id\":\"https:\\\/\\\/helim.eu\\\/sk\\\/zasady-ochrany-osobnych-udajov\\\/#breadcrumb\"},\"inLanguage\":\"sk-SK\",\"potentialAction\":[{\"@type\":\"ReadAction\",\"target\":[\"https:\\\/\\\/helim.eu\\\/sk\\\/zasady-ochrany-osobnych-udajov\\\/\"]}]},{\"@type\":\"BreadcrumbList\",\"@id\":\"https:\\\/\\\/helim.eu\\\/sk\\\/zasady-ochrany-osobnych-udajov\\\/#breadcrumb\",\"itemListElement\":[{\"@type\":\"ListItem\",\"position\":1,\"name\":\"Startseite\",\"item\":\"https:\\\/\\\/helim.eu\\\/sk\\\/\"},{\"@type\":\"ListItem\",\"position\":2,\"name\":\"Z\u00e1sady ochrany osobn\u00fdch \u00fadajov\"}]},{\"@type\":\"WebSite\",\"@id\":\"https:\\\/\\\/helim.eu\\\/sk\\\/#website\",\"url\":\"https:\\\/\\\/helim.eu\\\/sk\\\/\",\"name\":\"Helim - Leak Test Solutions\",\"description\":\"EV Battery Leaktester\",\"publisher\":{\"@id\":\"https:\\\/\\\/helim.eu\\\/sk\\\/#organization\"},\"potentialAction\":[{\"@type\":\"SearchAction\",\"target\":{\"@type\":\"EntryPoint\",\"urlTemplate\":\"https:\\\/\\\/helim.eu\\\/sk\\\/?s={search_term_string}\"},\"query-input\":{\"@type\":\"PropertyValueSpecification\",\"valueRequired\":true,\"valueName\":\"search_term_string\"}}],\"inLanguage\":\"sk-SK\"},{\"@type\":\"Organization\",\"@id\":\"https:\\\/\\\/helim.eu\\\/sk\\\/#organization\",\"name\":\"Helim\",\"url\":\"https:\\\/\\\/helim.eu\\\/sk\\\/\",\"logo\":{\"@type\":\"ImageObject\",\"inLanguage\":\"sk-SK\",\"@id\":\"https:\\\/\\\/helim.eu\\\/sk\\\/#\\\/schema\\\/logo\\\/image\\\/\",\"url\":\"https:\\\/\\\/helim.eu\\\/wp-content\\\/uploads\\\/2025\\\/03\\\/helim-logo-r-w-600-600-rand.png\",\"contentUrl\":\"https:\\\/\\\/helim.eu\\\/wp-content\\\/uploads\\\/2025\\\/03\\\/helim-logo-r-w-600-600-rand.png\",\"width\":600,\"height\":600,\"caption\":\"Helim\"},\"image\":{\"@id\":\"https:\\\/\\\/helim.eu\\\/sk\\\/#\\\/schema\\\/logo\\\/image\\\/\"},\"sameAs\":[\"https:\\\/\\\/www.facebook.com\\\/profile.php?id=61574206138313\"]}]}<\/script>\n<!-- \/ Yoast SEO plugin. -->","yoast_head_json":{"title":"Z\u00e1sady ochrany osobn\u00fdch \u00fadajov - Helim - Leak Test Solutions","description":"Z\u00e1sady ochrany osobn\u00fdch \u00fadajov spolo\u010dnosti Helim - v\u00fdrobcu testerov tesnosti bat\u00e9ri\u00ed pre elektrick\u00e9 a hybridn\u00e9 vozidl\u00e1, najm\u00e4 pre dielne a priemysel.","robots":{"index":"index","follow":"follow","max-snippet":"max-snippet:-1","max-image-preview":"max-image-preview:large","max-video-preview":"max-video-preview:-1"},"canonical":"https:\/\/helim.eu\/sk\/zasady-ochrany-osobnych-udajov\/","og_locale":"sk_SK","og_type":"article","og_title":"Z\u00e1sady ochrany osobn\u00fdch \u00fadajov - Helim - Leak Test Solutions","og_description":"Z\u00e1sady ochrany osobn\u00fdch \u00fadajov spolo\u010dnosti Helim - v\u00fdrobcu testerov tesnosti bat\u00e9ri\u00ed pre elektrick\u00e9 a hybridn\u00e9 vozidl\u00e1, najm\u00e4 pre dielne a priemysel.","og_url":"https:\/\/helim.eu\/sk\/zasady-ochrany-osobnych-udajov\/","og_site_name":"Helim - Leak Test Solutions","article_publisher":"https:\/\/www.facebook.com\/profile.php?id=61574206138313","article_modified_time":"2025-05-11T06:37:39+00:00","twitter_card":"summary_large_image","twitter_misc":{"Predpokladan\u00fd \u010das \u010d\u00edtania":"5 min\u00fat"},"schema":{"@context":"https:\/\/schema.org","@graph":[{"@type":"WebPage","@id":"https:\/\/helim.eu\/sk\/zasady-ochrany-osobnych-udajov\/","url":"https:\/\/helim.eu\/sk\/zasady-ochrany-osobnych-udajov\/","name":"Z\u00e1sady ochrany osobn\u00fdch \u00fadajov - Helim - Leak Test Solutions","isPartOf":{"@id":"https:\/\/helim.eu\/sk\/#website"},"datePublished":"2025-01-22T17:30:34+00:00","dateModified":"2025-05-11T06:37:39+00:00","description":"Z\u00e1sady ochrany osobn\u00fdch \u00fadajov spolo\u010dnosti Helim - v\u00fdrobcu testerov tesnosti bat\u00e9ri\u00ed pre elektrick\u00e9 a hybridn\u00e9 vozidl\u00e1, najm\u00e4 pre dielne a priemysel.","breadcrumb":{"@id":"https:\/\/helim.eu\/sk\/zasady-ochrany-osobnych-udajov\/#breadcrumb"},"inLanguage":"sk-SK","potentialAction":[{"@type":"ReadAction","target":["https:\/\/helim.eu\/sk\/zasady-ochrany-osobnych-udajov\/"]}]},{"@type":"BreadcrumbList","@id":"https:\/\/helim.eu\/sk\/zasady-ochrany-osobnych-udajov\/#breadcrumb","itemListElement":[{"@type":"ListItem","position":1,"name":"Startseite","item":"https:\/\/helim.eu\/sk\/"},{"@type":"ListItem","position":2,"name":"Z\u00e1sady ochrany osobn\u00fdch \u00fadajov"}]},{"@type":"WebSite","@id":"https:\/\/helim.eu\/sk\/#website","url":"https:\/\/helim.eu\/sk\/","name":"Helim - Leak Test Solutions","description":"EV Battery Leaktester","publisher":{"@id":"https:\/\/helim.eu\/sk\/#organization"},"potentialAction":[{"@type":"SearchAction","target":{"@type":"EntryPoint","urlTemplate":"https:\/\/helim.eu\/sk\/?s={search_term_string}"},"query-input":{"@type":"PropertyValueSpecification","valueRequired":true,"valueName":"search_term_string"}}],"inLanguage":"sk-SK"},{"@type":"Organization","@id":"https:\/\/helim.eu\/sk\/#organization","name":"Helim","url":"https:\/\/helim.eu\/sk\/","logo":{"@type":"ImageObject","inLanguage":"sk-SK","@id":"https:\/\/helim.eu\/sk\/#\/schema\/logo\/image\/","url":"https:\/\/helim.eu\/wp-content\/uploads\/2025\/03\/helim-logo-r-w-600-600-rand.png","contentUrl":"https:\/\/helim.eu\/wp-content\/uploads\/2025\/03\/helim-logo-r-w-600-600-rand.png","width":600,"height":600,"caption":"Helim"},"image":{"@id":"https:\/\/helim.eu\/sk\/#\/schema\/logo\/image\/"},"sameAs":["https:\/\/www.facebook.com\/profile.php?id=61574206138313"]}]}},"_links":{"self":[{"href":"https:\/\/helim.eu\/sk\/wp-json\/wp\/v2\/pages\/2139","targetHints":{"allow":["GET"]}}],"collection":[{"href":"https:\/\/helim.eu\/sk\/wp-json\/wp\/v2\/pages"}],"about":[{"href":"https:\/\/helim.eu\/sk\/wp-json\/wp\/v2\/types\/page"}],"author":[{"embeddable":true,"href":"https:\/\/helim.eu\/sk\/wp-json\/wp\/v2\/users\/1"}],"replies":[{"embeddable":true,"href":"https:\/\/helim.eu\/sk\/wp-json\/wp\/v2\/comments?post=2139"}],"version-history":[{"count":3,"href":"https:\/\/helim.eu\/sk\/wp-json\/wp\/v2\/pages\/2139\/revisions"}],"predecessor-version":[{"id":2895,"href":"https:\/\/helim.eu\/sk\/wp-json\/wp\/v2\/pages\/2139\/revisions\/2895"}],"wp:attachment":[{"href":"https:\/\/helim.eu\/sk\/wp-json\/wp\/v2\/media?parent=2139"}],"curies":[{"name":"wp","href":"https:\/\/api.w.org\/{rel}","templated":true}]}}