{"id":2136,"date":"2025-03-10T11:59:43","date_gmt":"2025-03-10T11:59:43","guid":{"rendered":"https:\/\/helim.eu\/udrzba\/"},"modified":"2025-05-11T06:34:00","modified_gmt":"2025-05-11T06:34:00","slug":"udrzba","status":"publish","type":"page","link":"https:\/\/helim.eu\/sk\/udrzba\/","title":{"rendered":"\u00dadr\u017eba"},"content":{"rendered":"\n<style type=\"text\/css\" data-created_by=\"avia_inline_auto\" id=\"style-css-av-m7uj1yt0-e7dffc81a17d42c166dd522531a056ec\">\n.avia-section.av-m7uj1yt0-e7dffc81a17d42c166dd522531a056ec .av-parallax .av-parallax-inner{\nbackground-color:#e10800;\nbackground-image:url(https:\/\/helim.eu\/wp-content\/uploads\/2025\/03\/leaktest-battery-leakage-test-helim-10.png);\nbackground-repeat:no-repeat;\nbackground-position:100% 0%;\nbackground-attachment:scroll;\n}\n.avia-section.av-m7uj1yt0-e7dffc81a17d42c166dd522531a056ec .av-section-color-overlay{\nopacity:0.6;\nbackground-color:#e10800;\n}\n#top .avia-section.av-m7uj1yt0-e7dffc81a17d42c166dd522531a056ec .scroll-down-link{\ncolor:#ffffff;\n}\n<\/style>\n<div id='av_section_1'  class='avia-section av-m7uj1yt0-e7dffc81a17d42c166dd522531a056ec main_color avia-section-default avia-no-border-styling  avia-builder-el-0  el_before_av_section  avia-builder-el-first  av-parallax-section avia-bg-style-parallax av-section-color-overlay-active av-minimum-height av-minimum-height-85 av-height-percent  container_wrap fullsize'  data-section-bg-repeat='no-repeat' data-av_minimum_height_pc='85' data-av_min_height_opt='percent'><div class='av-parallax' data-avia-parallax-ratio='0.3' ><div class='av-parallax-inner main_color avia-full-stretch'><\/div><\/div><div class=\"av-section-color-overlay-wrap\"><div class=\"av-section-color-overlay\"><\/div><a href='#next-section' title='' class='scroll-down-link av-custom-scroll-down-color' aria-hidden='true' data-av_icon='\ue877' data-av_iconfont='entypo-fontello'><\/a><div class='container av-section-cont-open' ><main  role=\"main\" itemprop=\"mainContentOfPage\"  class='template-page content  av-content-full alpha units'><div class='post-entry post-entry-type-page post-entry-2136'><div class='entry-content-wrapper clearfix'>\n\n<style type=\"text\/css\" data-created_by=\"avia_inline_auto\" id=\"style-css-av-4w6a-e4e2878a77dacf489fc1da314676a2c1\">\n.flex_column.av-4w6a-e4e2878a77dacf489fc1da314676a2c1{\npadding:50px 0 0 0;\n}\n<\/style>\n<div  class='flex_column av-4w6a-e4e2878a77dacf489fc1da314676a2c1 av_three_fifth  avia-builder-el-1  el_before_av_two_fifth  avia-builder-el-first  first flex_column_div av-parallax-object  ' data-parallax=\"{&quot;parallax&quot;:&quot;right_left&quot;,&quot;parallax_speed&quot;:&quot;40&quot;,&quot;av-desktop-parallax&quot;:&quot;inherit&quot;,&quot;av-desktop-parallax_speed&quot;:&quot;inherit&quot;,&quot;av-medium-parallax&quot;:&quot;inherit&quot;,&quot;av-medium-parallax_speed&quot;:&quot;inherit&quot;,&quot;av-small-parallax&quot;:&quot;inherit&quot;,&quot;av-small-parallax_speed&quot;:&quot;inherit&quot;,&quot;av-mini-parallax&quot;:&quot;inherit&quot;,&quot;av-mini-parallax_speed&quot;:&quot;inherit&quot;,&quot;parallax-container&quot;:&quot;.av-4w6a-e4e2878a77dacf489fc1da314676a2c1&quot;}\"    ><section  class='av_textblock_section av-m7uirohe-b57013c8e80d236f727e40edc1cd64b9 '   itemscope=\"itemscope\" itemtype=\"https:\/\/schema.org\/CreativeWork\" ><div class='avia_textblock'  itemprop=\"text\" ><h1><span style=\"color: #ffffff;\">Zariadenia na testovanie tesnosti &#8211; <\/span><span style=\"color: #ffffff;\">Oprava, \u00fadr\u017eba a kalibr\u00e1cia<\/span><\/h1>\n<h1><\/h1>\n<h1><\/h1>\n<\/div><\/section><br \/>\n\n<style type=\"text\/css\" data-created_by=\"avia_inline_auto\" id=\"style-css-av-m7yo0zzc-841ce2c2f2e477756d17ed2aad87f50e\">\n#top .hr.av-m7yo0zzc-841ce2c2f2e477756d17ed2aad87f50e{\nmargin-top:15px;\nmargin-bottom:15px;\n}\n.hr.av-m7yo0zzc-841ce2c2f2e477756d17ed2aad87f50e .hr-inner{\nwidth:50px;\n}\n<\/style>\n<div  class='hr av-m7yo0zzc-841ce2c2f2e477756d17ed2aad87f50e hr-custom  avia-builder-el-3  el_after_av_textblock  el_before_av_image  hr-center hr-icon-no'><span class='hr-inner inner-border-av-border-none'><span class=\"hr-inner-style\"><\/span><\/span><\/div><br \/>\n\n<style type=\"text\/css\" data-created_by=\"avia_inline_auto\" id=\"style-css-av-m7ynwwq1-ae4014bac1ec58bc1bcf3d47cbf4d0eb\">\n.avia-image-container.av-m7ynwwq1-ae4014bac1ec58bc1bcf3d47cbf4d0eb img.avia_image{\nbox-shadow:none;\n}\n.avia-image-container.av-m7ynwwq1-ae4014bac1ec58bc1bcf3d47cbf4d0eb .av-image-caption-overlay-center{\ncolor:#ffffff;\n}\n<\/style>\n<div  class='avia-image-container av-m7ynwwq1-ae4014bac1ec58bc1bcf3d47cbf4d0eb av-styling- avia-align-left  avia-builder-el-4  el_after_av_hr  avia-builder-el-last '   itemprop=\"image\" itemscope=\"itemscope\" itemtype=\"https:\/\/schema.org\/ImageObject\" ><div class=\"avia-image-container-inner\"><div class=\"avia-image-overlay-wrap\"><img decoding=\"async\" fetchpriority=\"high\" class='wp-image-2124 avia-img-lazy-loading-not-2124 avia_image ' src=\"https:\/\/helim.eu\/wp-content\/uploads\/2025\/03\/helim-white-without-bg-600-300x92.png\" alt='' title='Leakage test EV battery - Helim - Logo 600'  height=\"92\" width=\"300\"  itemprop=\"thumbnailUrl\" srcset=\"https:\/\/helim.eu\/wp-content\/uploads\/2025\/03\/helim-white-without-bg-600-300x92.png 300w, https:\/\/helim.eu\/wp-content\/uploads\/2025\/03\/helim-white-without-bg-600.png 600w\" sizes=\"(max-width: 300px) 100vw, 300px\" \/><\/div><\/div><\/div><\/p><\/div><div  class='flex_column av-2v8g-3bf2cc19cd5a2b3ccf8dff553b817e7b av_two_fifth  avia-builder-el-5  el_after_av_three_fifth  avia-builder-el-last  flex_column_div av-parallax-object  ' data-parallax=\"{&quot;parallax&quot;:&quot;left_right&quot;,&quot;parallax_speed&quot;:&quot;&quot;,&quot;av-desktop-parallax&quot;:&quot;inherit&quot;,&quot;av-desktop-parallax_speed&quot;:&quot;inherit&quot;,&quot;av-medium-parallax&quot;:&quot;inherit&quot;,&quot;av-medium-parallax_speed&quot;:&quot;inherit&quot;,&quot;av-small-parallax&quot;:&quot;inherit&quot;,&quot;av-small-parallax_speed&quot;:&quot;inherit&quot;,&quot;av-mini-parallax&quot;:&quot;inherit&quot;,&quot;av-mini-parallax_speed&quot;:&quot;inherit&quot;,&quot;parallax-container&quot;:&quot;.av-2v8g-3bf2cc19cd5a2b3ccf8dff553b817e7b&quot;}\"    ><\/div>\n\n<\/div><\/div><\/main><!-- close content main element --><\/div><\/div><\/div><div id='av_section_2'  class='avia-section av-47lk-f015129779bb3f8076b237345036f878 main_color avia-section-default avia-no-border-styling  avia-builder-el-7  el_after_av_section  el_before_av_section  avia-bg-style-scroll av-minimum-height av-minimum-height-25 av-height-25  container_wrap fullsize'   data-av_minimum_height_pc='25' data-av_min_height_opt='25'><div class='container av-section-cont-open' ><div class='template-page content  av-content-full alpha units'><div class='post-entry post-entry-type-page post-entry-2136'><div class='entry-content-wrapper clearfix'>\n\n<style type=\"text\/css\" data-created_by=\"avia_inline_auto\" id=\"style-css-av-m7voq5i7-63dcc9f6d8eaf1fc54618182a0cb7f21\">\n#top .av_textblock_section.av-m7voq5i7-63dcc9f6d8eaf1fc54618182a0cb7f21 .avia_textblock{\ntext-align:center;\n}\n<\/style>\n<section  class='av_textblock_section av-m7voq5i7-63dcc9f6d8eaf1fc54618182a0cb7f21 '   itemscope=\"itemscope\" itemtype=\"https:\/\/schema.org\/CreativeWork\" ><div class='avia_textblock'  itemprop=\"text\" ><h2 style=\"text-align: left;\" data-pm-slice=\"1 1 &#091;&#093;\"><strong>Tester tesnosti Oprava, \u00fadr\u017eba a kalibr\u00e1cia  <\/strong><\/h2>\n<p style=\"text-align: left;\">Na\u0161e testery tesnosti bat\u00e9ri\u00ed s\u00fa presn\u00e9, spo\u013eahliv\u00e9 a odoln\u00e9. Napriek tomu m\u00f4\u017ee \u010dasom d\u00f4js\u0165 k opotrebovaniu alebo drobn\u00fdm poruch\u00e1m. Pon\u00fakame profesion\u00e1lne <strong>slu\u017eby v oblasti opr\u00e1v, \u00fadr\u017eby a kalibr\u00e1cie<\/strong>, aby ste mohli pracova\u0165 s plne funk\u010dn\u00fdm testovac\u00edm syst\u00e9mom za ka\u017ed\u00fdch okolnost\u00ed.  <\/p>\n<h3 style=\"text-align: left;\">Na\u0161a ponuka slu\u017eieb:<\/h3>\n<ul style=\"text-align: left;\" data-spread=\"false\">\n<li><strong>Opravy<\/strong>: Ak m\u00e1 va\u0161e zariadenie poruchu alebo chybu, postar\u00e1me sa o opravu r\u00fdchlo a spo\u013eahlivo.<\/li>\n<li><strong>\u00dadr\u017eba<\/strong>: Pravideln\u00e9 kontroly zabezpe\u010dia, \u017ee va\u0161e detektory \u00faniku bat\u00e9ri\u00ed bud\u00fa v\u017edy optim\u00e1lne fungova\u0165.<\/li>\n<li><strong>Kalibr\u00e1cia<\/strong>: Na zabezpe\u010denie presn\u00fdch v\u00fdsledkov merania pon\u00fakame profesion\u00e1lnu kalibr\u00e1ciu va\u0161ich zariaden\u00ed.<\/li>\n<\/ul>\n<h3 style=\"text-align: left;\">Servis zariaden\u00ed Helim a partnersk\u00fdch produktov<\/h3>\n<p style=\"text-align: left;\">Sme k dispoz\u00edcii nielen na \u00fadr\u017ebu a opravu na\u0161ich vlastn\u00fdch testerov tesnosti Helim, ale aj na servis zariaden\u00ed, ktor\u00e9 sa pred\u00e1vaj\u00fa ako <strong>v\u00fdrobky s\u00fakromnej zna\u010dky<\/strong> spolo\u010dnosti Helim a s\u00fa dostupn\u00e9 v Eur\u00f3pe. Na\u0161i odborn\u00edci maj\u00fa potrebn\u00e9 odborn\u00e9 znalosti na vykonanie r\u00fdchlej a \u00fa\u010dinnej opravy alebo kalibr\u00e1cie. Nevykon\u00e1vame servis zariaden\u00ed od in\u00fdch v\u00fdrobcov mimo na\u0161ej partnerskej siete.  <\/p>\n<h3 style=\"text-align: left;\">Ako funguje proces poskytovania slu\u017eieb<\/h3>\n<ol style=\"text-align: left;\" start=\"1\" data-spread=\"false\">\n<li><strong>Kontaktujte n\u00e1s<\/strong>: Pred odoslan\u00edm zariadenia n\u00e1s kontaktujte. D\u00e1me v\u00e1m vedie\u0165, kam m\u00e1te zariadenie posla\u0165. <\/li>\n<li><strong>Opis poruchy<\/strong>: Stru\u010dn\u00fd opis probl\u00e9mu n\u00e1m pom\u00f4\u017ee efekt\u00edvne napl\u00e1nova\u0165 opravu a skr\u00e1ti\u0165 \u010das spracovania.<\/li>\n<li><strong>R\u00fdchle spracovanie<\/strong>: Vieme, \u017ee potrebujete, aby v\u00e1\u0161 tester pokra\u010doval v pr\u00e1ci. Preto zabezpe\u010dujeme r\u00fdchlu opravu alebo kalibr\u00e1ciu. <\/li>\n<li><strong>Sp\u00e4tn\u00e1 z\u00e1sielka<\/strong>: Po dokon\u010den\u00ed pr\u00e1ce v\u00e1m bude zariadenie okam\u017eite vr\u00e1ten\u00e9, aby ste ho mohli bezodkladne op\u00e4\u0165 pou\u017e\u00edva\u0165.<\/li>\n<\/ol>\n<h3 style=\"text-align: left;\">Pre\u010do je pravideln\u00e1 \u00fadr\u017eba a <span style=\"color: #000000;\"><a style=\"color: #000000;\" href=\"https:\/\/de.wikipedia.org\/wiki\/Kalibrierung\" target=\"_blank\" rel=\"noopener\">kalibr\u00e1cia<\/a><\/span> d\u00f4le\u017eit\u00e9?<\/h3>\n<ul style=\"text-align: left;\" data-spread=\"false\">\n<li><strong>Zachovanie presnosti<\/strong>: Presnos\u0165 merania je nevyhnutn\u00e1 pre spo\u013eahliv\u00e9 testovanie \u00faniku bat\u00e9rie.<\/li>\n<li><strong>Predch\u00e1dzanie poruch\u00e1m<\/strong>: Pravideln\u00e1 \u00fadr\u017eba pom\u00e1ha predch\u00e1dza\u0165 n\u00e1kladn\u00fdm v\u00fdpadkom.<\/li>\n<li><strong>Dodr\u017eiavanie noriem<\/strong>: Kalibr\u00e1cia zaru\u010duje, \u017ee va\u0161e zariadenia sp\u013a\u0148aj\u00fa platn\u00e9 pr\u00e1vne predpisy a predpisy \u0161pecifick\u00e9 pre v\u00fdrobcu.<\/li>\n<\/ul>\n<h3 style=\"text-align: left;\">Tester \u00faniku &#8211; oprava, \u00fadr\u017eba, kalibr\u00e1cia<\/h3>\n<p style=\"text-align: left;\"><strong><span style=\"color: #000000;\"><a style=\"color: #000000;\" href=\"https:\/\/helim.eu\/sk\/kontaktujte-nas\/\">Kontaktujte n\u00e1s<\/a><\/span> Kontaktujte n\u00e1s e\u0161te dnes!<\/strong><\/p>\n<p style=\"text-align: left;\">Potrebujete opravi\u0165, udr\u017eiava\u0165 alebo kalibrova\u0165 svoj detektor \u00faniku bat\u00e9ri\u00ed? Potom n\u00e1s nev\u00e1hajte kontaktova\u0165. Pom\u00f4\u017eeme v\u00e1m r\u00fdchlo a kvalifikovane!  <\/p>\n<\/div><\/section>\n<div  class='avia-button-wrap av-m8e7u068-49fb20fec860dfbef411a2a802418064-wrap avia-button-center  avia-builder-el-9  el_after_av_textblock  avia-builder-el-last '>\n<style type=\"text\/css\" data-created_by=\"avia_inline_auto\" id=\"style-css-av-m8e7u068-49fb20fec860dfbef411a2a802418064\">\n#top #wrap_all .avia-button.av-m8e7u068-49fb20fec860dfbef411a2a802418064{\nfont-size:20px;\ntransition:all 0.4s ease-in-out;\n}\n<\/style>\n<a href='https:\/\/helim.eu\/sk\/kontaktujte-nas\/'  class='avia-button av-m8e7u068-49fb20fec860dfbef411a2a802418064 avia-icon_select-yes-left-icon avia-size-large avia-position-center avia-color-theme-color'  ><span class='avia_button_icon avia_button_icon_left' aria-hidden='true' data-av_icon='\ue805' data-av_iconfont='entypo-fontello'><\/span><span class='avia_iconbox_title' >V\u00e1\u0161 kontakt na spolo\u010dnos\u0165 Helim<\/span><\/a><\/div>\n\n<\/div><\/div><\/div><!-- close content main div --><\/div><\/div>\n<style type=\"text\/css\" data-created_by=\"avia_inline_auto\" id=\"style-css-av-2x7u-0d73e1215719be8fe3abeca2ba37d8f1\">\n.avia-section.av-2x7u-0d73e1215719be8fe3abeca2ba37d8f1{\nbackground-repeat:no-repeat;\nbackground-image:url(https:\/\/helim.eu\/wp-content\/uploads\/2025\/03\/battery-air-leak-test-helim-r.png);\nbackground-position:50% 50%;\nbackground-attachment:fixed;\nmargin-top:0px;\nmargin-bottom:50px;\n}\n.avia-section.av-2x7u-0d73e1215719be8fe3abeca2ba37d8f1 .av-section-color-overlay{\nopacity:0.3;\nbackground-color:#ffffff;\n}\n<\/style>\n<div id='av_section_3'  class='avia-section av-2x7u-0d73e1215719be8fe3abeca2ba37d8f1 main_color avia-section-default avia-no-border-styling  avia-builder-el-10  el_after_av_section  avia-builder-el-last  avia-bg-style-fixed av-section-color-overlay-active av-minimum-height av-minimum-height-custom av-height-custom  container_wrap fullsize'  data-section-bg-repeat='no-repeat' data-av_minimum_height_px='350'><div class=\"av-section-color-overlay-wrap\"><div class=\"av-section-color-overlay\"><\/div><div class='container av-section-cont-open' style='height:350px'><div class='template-page content  av-content-full alpha units'><div class='post-entry post-entry-type-page post-entry-2136'><div class='entry-content-wrapper clearfix'>\n","protected":false},"excerpt":{"rendered":"","protected":false},"author":1,"featured_media":0,"parent":0,"menu_order":0,"comment_status":"closed","ping_status":"open","template":"","meta":{"footnotes":""},"class_list":["post-2136","page","type-page","status-publish","hentry"],"yoast_head":"<!-- This site is optimized with the Yoast SEO plugin v27.5 - https:\/\/yoast.com\/product\/yoast-seo-wordpress\/ -->\n<title>\u00dadr\u017eba - Helim - Leak Test Solutions<\/title>\n<meta name=\"description\" content=\"Oprava, \u00fadr\u017eba a kalibr\u00e1cia testerov tesnosti - pre testery tesnosti bat\u00e9ri\u00ed a testery tesnosti Helim.\" \/>\n<meta name=\"robots\" content=\"index, follow, max-snippet:-1, max-image-preview:large, max-video-preview:-1\" \/>\n<link rel=\"canonical\" href=\"https:\/\/helim.eu\/sk\/udrzba\/\" \/>\n<meta property=\"og:locale\" content=\"sk_SK\" \/>\n<meta property=\"og:type\" content=\"article\" \/>\n<meta property=\"og:title\" content=\"\u00dadr\u017eba - Helim - Leak Test Solutions\" \/>\n<meta property=\"og:description\" content=\"Oprava, \u00fadr\u017eba a kalibr\u00e1cia testerov tesnosti - pre testery tesnosti bat\u00e9ri\u00ed a testery tesnosti Helim.\" \/>\n<meta property=\"og:url\" content=\"https:\/\/helim.eu\/sk\/udrzba\/\" \/>\n<meta property=\"og:site_name\" content=\"Helim - Leak Test Solutions\" \/>\n<meta property=\"article:publisher\" content=\"https:\/\/www.facebook.com\/profile.php?id=61574206138313\" \/>\n<meta property=\"article:modified_time\" content=\"2025-05-11T06:34:00+00:00\" \/>\n<meta name=\"twitter:card\" content=\"summary_large_image\" \/>\n<meta name=\"twitter:label1\" content=\"Predpokladan\u00fd \u010das \u010d\u00edtania\" \/>\n\t<meta name=\"twitter:data1\" content=\"18 min\u00fat\" \/>\n<script type=\"application\/ld+json\" class=\"yoast-schema-graph\">{\"@context\":\"https:\\\/\\\/schema.org\",\"@graph\":[{\"@type\":\"WebPage\",\"@id\":\"https:\\\/\\\/helim.eu\\\/sk\\\/udrzba\\\/\",\"url\":\"https:\\\/\\\/helim.eu\\\/sk\\\/udrzba\\\/\",\"name\":\"\u00dadr\u017eba - Helim - Leak Test Solutions\",\"isPartOf\":{\"@id\":\"https:\\\/\\\/helim.eu\\\/sk\\\/#website\"},\"datePublished\":\"2025-03-10T11:59:43+00:00\",\"dateModified\":\"2025-05-11T06:34:00+00:00\",\"description\":\"Oprava, \u00fadr\u017eba a kalibr\u00e1cia testerov tesnosti - pre testery tesnosti bat\u00e9ri\u00ed a testery tesnosti Helim.\",\"breadcrumb\":{\"@id\":\"https:\\\/\\\/helim.eu\\\/sk\\\/udrzba\\\/#breadcrumb\"},\"inLanguage\":\"sk-SK\",\"potentialAction\":[{\"@type\":\"ReadAction\",\"target\":[\"https:\\\/\\\/helim.eu\\\/sk\\\/udrzba\\\/\"]}]},{\"@type\":\"BreadcrumbList\",\"@id\":\"https:\\\/\\\/helim.eu\\\/sk\\\/udrzba\\\/#breadcrumb\",\"itemListElement\":[{\"@type\":\"ListItem\",\"position\":1,\"name\":\"Startseite\",\"item\":\"https:\\\/\\\/helim.eu\\\/sk\\\/\"},{\"@type\":\"ListItem\",\"position\":2,\"name\":\"\u00dadr\u017eba\"}]},{\"@type\":\"WebSite\",\"@id\":\"https:\\\/\\\/helim.eu\\\/sk\\\/#website\",\"url\":\"https:\\\/\\\/helim.eu\\\/sk\\\/\",\"name\":\"Helim - Leak Test Solutions\",\"description\":\"EV Battery Leaktester\",\"publisher\":{\"@id\":\"https:\\\/\\\/helim.eu\\\/sk\\\/#organization\"},\"potentialAction\":[{\"@type\":\"SearchAction\",\"target\":{\"@type\":\"EntryPoint\",\"urlTemplate\":\"https:\\\/\\\/helim.eu\\\/sk\\\/?s={search_term_string}\"},\"query-input\":{\"@type\":\"PropertyValueSpecification\",\"valueRequired\":true,\"valueName\":\"search_term_string\"}}],\"inLanguage\":\"sk-SK\"},{\"@type\":\"Organization\",\"@id\":\"https:\\\/\\\/helim.eu\\\/sk\\\/#organization\",\"name\":\"Helim\",\"url\":\"https:\\\/\\\/helim.eu\\\/sk\\\/\",\"logo\":{\"@type\":\"ImageObject\",\"inLanguage\":\"sk-SK\",\"@id\":\"https:\\\/\\\/helim.eu\\\/sk\\\/#\\\/schema\\\/logo\\\/image\\\/\",\"url\":\"https:\\\/\\\/helim.eu\\\/wp-content\\\/uploads\\\/2025\\\/03\\\/helim-logo-r-w-600-600-rand.png\",\"contentUrl\":\"https:\\\/\\\/helim.eu\\\/wp-content\\\/uploads\\\/2025\\\/03\\\/helim-logo-r-w-600-600-rand.png\",\"width\":600,\"height\":600,\"caption\":\"Helim\"},\"image\":{\"@id\":\"https:\\\/\\\/helim.eu\\\/sk\\\/#\\\/schema\\\/logo\\\/image\\\/\"},\"sameAs\":[\"https:\\\/\\\/www.facebook.com\\\/profile.php?id=61574206138313\"]}]}<\/script>\n<!-- \/ Yoast SEO plugin. -->","yoast_head_json":{"title":"\u00dadr\u017eba - Helim - Leak Test Solutions","description":"Oprava, \u00fadr\u017eba a kalibr\u00e1cia testerov tesnosti - pre testery tesnosti bat\u00e9ri\u00ed a testery tesnosti Helim.","robots":{"index":"index","follow":"follow","max-snippet":"max-snippet:-1","max-image-preview":"max-image-preview:large","max-video-preview":"max-video-preview:-1"},"canonical":"https:\/\/helim.eu\/sk\/udrzba\/","og_locale":"sk_SK","og_type":"article","og_title":"\u00dadr\u017eba - Helim - Leak Test Solutions","og_description":"Oprava, \u00fadr\u017eba a kalibr\u00e1cia testerov tesnosti - pre testery tesnosti bat\u00e9ri\u00ed a testery tesnosti Helim.","og_url":"https:\/\/helim.eu\/sk\/udrzba\/","og_site_name":"Helim - Leak Test Solutions","article_publisher":"https:\/\/www.facebook.com\/profile.php?id=61574206138313","article_modified_time":"2025-05-11T06:34:00+00:00","twitter_card":"summary_large_image","twitter_misc":{"Predpokladan\u00fd \u010das \u010d\u00edtania":"18 min\u00fat"},"schema":{"@context":"https:\/\/schema.org","@graph":[{"@type":"WebPage","@id":"https:\/\/helim.eu\/sk\/udrzba\/","url":"https:\/\/helim.eu\/sk\/udrzba\/","name":"\u00dadr\u017eba - Helim - Leak Test Solutions","isPartOf":{"@id":"https:\/\/helim.eu\/sk\/#website"},"datePublished":"2025-03-10T11:59:43+00:00","dateModified":"2025-05-11T06:34:00+00:00","description":"Oprava, \u00fadr\u017eba a kalibr\u00e1cia testerov tesnosti - pre testery tesnosti bat\u00e9ri\u00ed a testery tesnosti Helim.","breadcrumb":{"@id":"https:\/\/helim.eu\/sk\/udrzba\/#breadcrumb"},"inLanguage":"sk-SK","potentialAction":[{"@type":"ReadAction","target":["https:\/\/helim.eu\/sk\/udrzba\/"]}]},{"@type":"BreadcrumbList","@id":"https:\/\/helim.eu\/sk\/udrzba\/#breadcrumb","itemListElement":[{"@type":"ListItem","position":1,"name":"Startseite","item":"https:\/\/helim.eu\/sk\/"},{"@type":"ListItem","position":2,"name":"\u00dadr\u017eba"}]},{"@type":"WebSite","@id":"https:\/\/helim.eu\/sk\/#website","url":"https:\/\/helim.eu\/sk\/","name":"Helim - Leak Test Solutions","description":"EV Battery Leaktester","publisher":{"@id":"https:\/\/helim.eu\/sk\/#organization"},"potentialAction":[{"@type":"SearchAction","target":{"@type":"EntryPoint","urlTemplate":"https:\/\/helim.eu\/sk\/?s={search_term_string}"},"query-input":{"@type":"PropertyValueSpecification","valueRequired":true,"valueName":"search_term_string"}}],"inLanguage":"sk-SK"},{"@type":"Organization","@id":"https:\/\/helim.eu\/sk\/#organization","name":"Helim","url":"https:\/\/helim.eu\/sk\/","logo":{"@type":"ImageObject","inLanguage":"sk-SK","@id":"https:\/\/helim.eu\/sk\/#\/schema\/logo\/image\/","url":"https:\/\/helim.eu\/wp-content\/uploads\/2025\/03\/helim-logo-r-w-600-600-rand.png","contentUrl":"https:\/\/helim.eu\/wp-content\/uploads\/2025\/03\/helim-logo-r-w-600-600-rand.png","width":600,"height":600,"caption":"Helim"},"image":{"@id":"https:\/\/helim.eu\/sk\/#\/schema\/logo\/image\/"},"sameAs":["https:\/\/www.facebook.com\/profile.php?id=61574206138313"]}]}},"_links":{"self":[{"href":"https:\/\/helim.eu\/sk\/wp-json\/wp\/v2\/pages\/2136","targetHints":{"allow":["GET"]}}],"collection":[{"href":"https:\/\/helim.eu\/sk\/wp-json\/wp\/v2\/pages"}],"about":[{"href":"https:\/\/helim.eu\/sk\/wp-json\/wp\/v2\/types\/page"}],"author":[{"embeddable":true,"href":"https:\/\/helim.eu\/sk\/wp-json\/wp\/v2\/users\/1"}],"replies":[{"embeddable":true,"href":"https:\/\/helim.eu\/sk\/wp-json\/wp\/v2\/comments?post=2136"}],"version-history":[{"count":6,"href":"https:\/\/helim.eu\/sk\/wp-json\/wp\/v2\/pages\/2136\/revisions"}],"predecessor-version":[{"id":2800,"href":"https:\/\/helim.eu\/sk\/wp-json\/wp\/v2\/pages\/2136\/revisions\/2800"}],"wp:attachment":[{"href":"https:\/\/helim.eu\/sk\/wp-json\/wp\/v2\/media?parent=2136"}],"curies":[{"name":"wp","href":"https:\/\/api.w.org\/{rel}","templated":true}]}}