{"id":2111,"date":"2025-03-12T11:03:16","date_gmt":"2025-03-12T11:03:16","guid":{"rendered":"https:\/\/helim.eu\/odtlacok\/"},"modified":"2025-04-11T13:10:22","modified_gmt":"2025-04-11T13:10:22","slug":"odtlacok","status":"publish","type":"page","link":"https:\/\/helim.eu\/sk\/odtlacok\/","title":{"rendered":"Odtla\u010dok"},"content":{"rendered":"<div id='av_section_1'  class='avia-section av-85sg-9253af3811e26d8c58991fb476b4cd22 main_color avia-section-default avia-no-border-styling  avia-builder-el-0  avia-builder-el-no-sibling  avia-bg-style-scroll av-minimum-height av-minimum-height-custom av-height-custom  container_wrap fullsize'   data-av_minimum_height_px='700'><div class='container av-section-cont-open' style='height:700px'><main  role=\"main\" itemprop=\"mainContentOfPage\"  class='template-page content  av-content-full alpha units'><div class='post-entry post-entry-type-page post-entry-2111'><div class='entry-content-wrapper clearfix'>\n\n<style type=\"text\/css\" data-created_by=\"avia_inline_auto\" id=\"style-css-av-m7vp4u51-b406612f7e81a91b95aa156f5719d08d\">\n.flex_column.av-m7vp4u51-b406612f7e81a91b95aa156f5719d08d{\npadding:40px 0 0 0;\n}\n<\/style>\n<div  class='flex_column av-m7vp4u51-b406612f7e81a91b95aa156f5719d08d av_one_half  avia-builder-el-1  avia-builder-el-no-sibling  first flex_column_div  '     ><section  class='av_textblock_section av-42ho-1ab9d9e8948954851446949b3d030a10 '   itemscope=\"itemscope\" itemtype=\"https:\/\/schema.org\/CreativeWork\" ><div class='avia_textblock'  itemprop=\"text\" ><p data-start=\"251\" data-end=\"308\"><strong data-start=\"251\" data-end=\"306\">Inform\u00e1cie pod\u013ea \u00a7 5 TMG \/ \u010dl. 4 smernice o elektronickom obchode<\/strong><\/p>\n<p data-start=\"310\" data-end=\"451\"><strong data-start=\"310\" data-end=\"344\">Zodpovednos\u0165 za obsah:<\/strong><\/p>\n<p data-start=\"310\" data-end=\"451\"><br class=\"avia-permanent-lb\"><br data-start=\"344\" data-end=\"347\"><strong data-start=\"347\" data-end=\"374\">NIROXX Engineering Ltd.<\/strong><\/p>\n<p>12 Morozow Avenue<br data-start=\"492\" data-end=\"495\">8220 Pafos  <br data-start=\"492\" data-end=\"495\">Cyprus<\/p>\n<p><strong data-start=\"453\" data-end=\"465\">Kontakt:<\/strong><br data-start=\"465\" data-end=\"468\">Telef\u00f3n Nemecko: +49 176 26 150 383<br data-start=\"492\" data-end=\"495\">Telef\u00f3n Cyprus: +357 99 244 147<br data-start=\"519\" data-end=\"522\">E-mail: <a href=\"mailto:info@helim.eu\">info@helim.eu<\/a><br data-start=\"519\" data-end=\"522\">Webov\u00e1 str\u00e1nka: <a href=\"http:\/\/www.helim.eu\" target=\"_new\" rel=\"noopener\">www.helim.eu<\/a><\/p>\n<p data-start=\"550\" data-end=\"723\"><strong data-start=\"550\" data-end=\"585\">\u010c\u00edslo obchodn\u00e9ho registra a da\u0148ov\u00e9 \u010d\u00edslo:<\/strong><br data-start=\"585\" data-end=\"588\">Obchodn\u00fd register: HE 464680<br data-start=\"621\" data-end=\"624\">Registra\u010dn\u00fd s\u00fad: Okresn\u00fd s\u00fad Pafos<br data-start=\"672\" data-end=\"675\">I\u010c DPH: CY60096432B<\/p>\n<p data-start=\"550\" data-end=\"723\">\n<p data-start=\"725\" data-end=\"777\"><strong data-start=\"725\" data-end=\"745\">V\u00fdkonn\u00fd riadite\u013e:<\/strong><br data-start=\"745\" data-end=\"748\">Alexei Keller<\/p>\n<h4 data-start=\"702\" data-end=\"732\"><strong data-start=\"707\" data-end=\"730\">Odmietnutie zodpovednosti:<\/strong><\/h4>\n<p data-start=\"733\" data-end=\"1165\">Obsah tejto webovej str\u00e1nky bol vytvoren\u00fd s maxim\u00e1lnou mo\u017enou starostlivos\u0165ou. Nenesieme v\u0161ak \u017eiadnu zodpovednos\u0165 za presnos\u0165, \u00faplnos\u0165 a aktu\u00e1lnos\u0165 obsahu. Ako poskytovate\u013e slu\u017eieb sme zodpovedn\u00ed za vlastn\u00fd obsah t\u00fdchto str\u00e1nok v s\u00falade so v\u0161eobecn\u00fdmi pr\u00e1vnymi predpismi. Za obsah extern\u00fdch odkazov nenesieme \u017eiadnu zodpovednos\u0165. Za obsah odkazovan\u00fdch str\u00e1nok zodpovedaj\u00fa v\u00fdlu\u010dne ich prev\u00e1dzkovatelia.    <\/p>\n<h4 data-start=\"1167\" data-end=\"1191\"><strong data-start=\"1172\" data-end=\"1189\">Autorsk\u00e9 pr\u00e1va:<\/strong><\/h4>\n<p data-start=\"1192\" data-end=\"1466\">Obsah a diela na tejto webovej str\u00e1nke vytvoren\u00e9 prev\u00e1dzkovate\u013eom webovej str\u00e1nky podliehaj\u00fa autorsk\u00fdm pr\u00e1vam. Rozmno\u017eovanie, spracovanie, \u0161\u00edrenie alebo ak\u00e1ko\u013evek forma komercializ\u00e1cie tak\u00e9hoto materi\u00e1lu nad r\u00e1mec autorsk\u00e9ho z\u00e1kona si vy\u017eaduje predch\u00e1dzaj\u00faci p\u00edsomn\u00fd s\u00fahlas pr\u00edslu\u0161n\u00e9ho autora alebo tvorcu. <\/p>\n<h4 data-start=\"1468\" data-end=\"1491\"><strong data-start=\"1473\" data-end=\"1489\">Ochrana \u00fadajov:<\/strong><\/h4>\n<p data-start=\"1492\" data-end=\"1606\">Podrobnosti o spracovan\u00ed osobn\u00fdch \u00fadajov n\u00e1jdete v na\u0161ej <strong data-start=\"1563\" data-end=\"1603\"><a href=\"https:\/\/helim.eu\/privacy-policy\/\" rel=\"noopener\" data-start=\"1565\" data-end=\"1601\">Z\u00e1sady ochrany osobn\u00fdch \u00fadajov<\/a><\/strong>.<\/p>\n<\/div><\/section><\/div>\n","protected":false},"excerpt":{"rendered":"","protected":false},"author":1,"featured_media":0,"parent":0,"menu_order":0,"comment_status":"closed","ping_status":"open","template":"","meta":{"footnotes":""},"class_list":["post-2111","page","type-page","status-publish","hentry"],"yoast_head":"<!-- This site is optimized with the Yoast SEO plugin v27.5 - https:\/\/yoast.com\/product\/yoast-seo-wordpress\/ -->\n<title>Odtla\u010dok - Helim - Leak Test Solutions<\/title>\n<meta name=\"robots\" content=\"index, follow, max-snippet:-1, max-image-preview:large, max-video-preview:-1\" \/>\n<link rel=\"canonical\" href=\"https:\/\/helim.eu\/sk\/odtlacok\/\" \/>\n<meta property=\"og:locale\" content=\"sk_SK\" \/>\n<meta property=\"og:type\" content=\"article\" \/>\n<meta property=\"og:title\" content=\"Odtla\u010dok - Helim - Leak Test Solutions\" \/>\n<meta property=\"og:url\" content=\"https:\/\/helim.eu\/sk\/odtlacok\/\" \/>\n<meta property=\"og:site_name\" content=\"Helim - Leak Test Solutions\" \/>\n<meta property=\"article:publisher\" content=\"https:\/\/www.facebook.com\/profile.php?id=61574206138313\" \/>\n<meta property=\"article:modified_time\" content=\"2025-04-11T13:10:22+00:00\" \/>\n<meta name=\"twitter:card\" content=\"summary_large_image\" \/>\n<meta name=\"twitter:label1\" content=\"Predpokladan\u00fd \u010das \u010d\u00edtania\" \/>\n\t<meta name=\"twitter:data1\" content=\"5 min\u00fat\" \/>\n<script type=\"application\/ld+json\" class=\"yoast-schema-graph\">{\"@context\":\"https:\\\/\\\/schema.org\",\"@graph\":[{\"@type\":\"WebPage\",\"@id\":\"https:\\\/\\\/helim.eu\\\/sk\\\/odtlacok\\\/\",\"url\":\"https:\\\/\\\/helim.eu\\\/sk\\\/odtlacok\\\/\",\"name\":\"Odtla\u010dok - Helim - Leak Test Solutions\",\"isPartOf\":{\"@id\":\"https:\\\/\\\/helim.eu\\\/sk\\\/#website\"},\"datePublished\":\"2025-03-12T11:03:16+00:00\",\"dateModified\":\"2025-04-11T13:10:22+00:00\",\"breadcrumb\":{\"@id\":\"https:\\\/\\\/helim.eu\\\/sk\\\/odtlacok\\\/#breadcrumb\"},\"inLanguage\":\"sk-SK\",\"potentialAction\":[{\"@type\":\"ReadAction\",\"target\":[\"https:\\\/\\\/helim.eu\\\/sk\\\/odtlacok\\\/\"]}]},{\"@type\":\"BreadcrumbList\",\"@id\":\"https:\\\/\\\/helim.eu\\\/sk\\\/odtlacok\\\/#breadcrumb\",\"itemListElement\":[{\"@type\":\"ListItem\",\"position\":1,\"name\":\"Startseite\",\"item\":\"https:\\\/\\\/helim.eu\\\/sk\\\/\"},{\"@type\":\"ListItem\",\"position\":2,\"name\":\"Odtla\u010dok\"}]},{\"@type\":\"WebSite\",\"@id\":\"https:\\\/\\\/helim.eu\\\/sk\\\/#website\",\"url\":\"https:\\\/\\\/helim.eu\\\/sk\\\/\",\"name\":\"Helim - Leak Test Solutions\",\"description\":\"EV Battery Leaktester\",\"publisher\":{\"@id\":\"https:\\\/\\\/helim.eu\\\/sk\\\/#organization\"},\"potentialAction\":[{\"@type\":\"SearchAction\",\"target\":{\"@type\":\"EntryPoint\",\"urlTemplate\":\"https:\\\/\\\/helim.eu\\\/sk\\\/?s={search_term_string}\"},\"query-input\":{\"@type\":\"PropertyValueSpecification\",\"valueRequired\":true,\"valueName\":\"search_term_string\"}}],\"inLanguage\":\"sk-SK\"},{\"@type\":\"Organization\",\"@id\":\"https:\\\/\\\/helim.eu\\\/sk\\\/#organization\",\"name\":\"Helim\",\"url\":\"https:\\\/\\\/helim.eu\\\/sk\\\/\",\"logo\":{\"@type\":\"ImageObject\",\"inLanguage\":\"sk-SK\",\"@id\":\"https:\\\/\\\/helim.eu\\\/sk\\\/#\\\/schema\\\/logo\\\/image\\\/\",\"url\":\"https:\\\/\\\/helim.eu\\\/wp-content\\\/uploads\\\/2025\\\/03\\\/helim-logo-r-w-600-600-rand.png\",\"contentUrl\":\"https:\\\/\\\/helim.eu\\\/wp-content\\\/uploads\\\/2025\\\/03\\\/helim-logo-r-w-600-600-rand.png\",\"width\":600,\"height\":600,\"caption\":\"Helim\"},\"image\":{\"@id\":\"https:\\\/\\\/helim.eu\\\/sk\\\/#\\\/schema\\\/logo\\\/image\\\/\"},\"sameAs\":[\"https:\\\/\\\/www.facebook.com\\\/profile.php?id=61574206138313\"]}]}<\/script>\n<!-- \/ Yoast SEO plugin. -->","yoast_head_json":{"title":"Odtla\u010dok - Helim - Leak Test Solutions","robots":{"index":"index","follow":"follow","max-snippet":"max-snippet:-1","max-image-preview":"max-image-preview:large","max-video-preview":"max-video-preview:-1"},"canonical":"https:\/\/helim.eu\/sk\/odtlacok\/","og_locale":"sk_SK","og_type":"article","og_title":"Odtla\u010dok - Helim - Leak Test Solutions","og_url":"https:\/\/helim.eu\/sk\/odtlacok\/","og_site_name":"Helim - Leak Test Solutions","article_publisher":"https:\/\/www.facebook.com\/profile.php?id=61574206138313","article_modified_time":"2025-04-11T13:10:22+00:00","twitter_card":"summary_large_image","twitter_misc":{"Predpokladan\u00fd \u010das \u010d\u00edtania":"5 min\u00fat"},"schema":{"@context":"https:\/\/schema.org","@graph":[{"@type":"WebPage","@id":"https:\/\/helim.eu\/sk\/odtlacok\/","url":"https:\/\/helim.eu\/sk\/odtlacok\/","name":"Odtla\u010dok - Helim - Leak Test Solutions","isPartOf":{"@id":"https:\/\/helim.eu\/sk\/#website"},"datePublished":"2025-03-12T11:03:16+00:00","dateModified":"2025-04-11T13:10:22+00:00","breadcrumb":{"@id":"https:\/\/helim.eu\/sk\/odtlacok\/#breadcrumb"},"inLanguage":"sk-SK","potentialAction":[{"@type":"ReadAction","target":["https:\/\/helim.eu\/sk\/odtlacok\/"]}]},{"@type":"BreadcrumbList","@id":"https:\/\/helim.eu\/sk\/odtlacok\/#breadcrumb","itemListElement":[{"@type":"ListItem","position":1,"name":"Startseite","item":"https:\/\/helim.eu\/sk\/"},{"@type":"ListItem","position":2,"name":"Odtla\u010dok"}]},{"@type":"WebSite","@id":"https:\/\/helim.eu\/sk\/#website","url":"https:\/\/helim.eu\/sk\/","name":"Helim - Leak Test Solutions","description":"EV Battery Leaktester","publisher":{"@id":"https:\/\/helim.eu\/sk\/#organization"},"potentialAction":[{"@type":"SearchAction","target":{"@type":"EntryPoint","urlTemplate":"https:\/\/helim.eu\/sk\/?s={search_term_string}"},"query-input":{"@type":"PropertyValueSpecification","valueRequired":true,"valueName":"search_term_string"}}],"inLanguage":"sk-SK"},{"@type":"Organization","@id":"https:\/\/helim.eu\/sk\/#organization","name":"Helim","url":"https:\/\/helim.eu\/sk\/","logo":{"@type":"ImageObject","inLanguage":"sk-SK","@id":"https:\/\/helim.eu\/sk\/#\/schema\/logo\/image\/","url":"https:\/\/helim.eu\/wp-content\/uploads\/2025\/03\/helim-logo-r-w-600-600-rand.png","contentUrl":"https:\/\/helim.eu\/wp-content\/uploads\/2025\/03\/helim-logo-r-w-600-600-rand.png","width":600,"height":600,"caption":"Helim"},"image":{"@id":"https:\/\/helim.eu\/sk\/#\/schema\/logo\/image\/"},"sameAs":["https:\/\/www.facebook.com\/profile.php?id=61574206138313"]}]}},"_links":{"self":[{"href":"https:\/\/helim.eu\/sk\/wp-json\/wp\/v2\/pages\/2111","targetHints":{"allow":["GET"]}}],"collection":[{"href":"https:\/\/helim.eu\/sk\/wp-json\/wp\/v2\/pages"}],"about":[{"href":"https:\/\/helim.eu\/sk\/wp-json\/wp\/v2\/types\/page"}],"author":[{"embeddable":true,"href":"https:\/\/helim.eu\/sk\/wp-json\/wp\/v2\/users\/1"}],"replies":[{"embeddable":true,"href":"https:\/\/helim.eu\/sk\/wp-json\/wp\/v2\/comments?post=2111"}],"version-history":[{"count":1,"href":"https:\/\/helim.eu\/sk\/wp-json\/wp\/v2\/pages\/2111\/revisions"}],"predecessor-version":[{"id":2114,"href":"https:\/\/helim.eu\/sk\/wp-json\/wp\/v2\/pages\/2111\/revisions\/2114"}],"wp:attachment":[{"href":"https:\/\/helim.eu\/sk\/wp-json\/wp\/v2\/media?parent=2111"}],"curies":[{"name":"wp","href":"https:\/\/api.w.org\/{rel}","templated":true}]}}