{"id":1643,"date":"2025-03-10T11:59:43","date_gmt":"2025-03-10T11:59:43","guid":{"rendered":"https:\/\/helim.eu\/intretinere\/"},"modified":"2025-05-11T06:33:59","modified_gmt":"2025-05-11T06:33:59","slug":"intretinere","status":"publish","type":"page","link":"https:\/\/helim.eu\/ro\/intretinere\/","title":{"rendered":"\u00centre\u021binere"},"content":{"rendered":"\n<style type=\"text\/css\" data-created_by=\"avia_inline_auto\" id=\"style-css-av-m7uj1yt0-e7dffc81a17d42c166dd522531a056ec\">\n.avia-section.av-m7uj1yt0-e7dffc81a17d42c166dd522531a056ec .av-parallax .av-parallax-inner{\nbackground-color:#e10800;\nbackground-image:url(https:\/\/helim.eu\/wp-content\/uploads\/2025\/03\/leaktest-battery-leakage-test-helim-10.png);\nbackground-repeat:no-repeat;\nbackground-position:100% 0%;\nbackground-attachment:scroll;\n}\n.avia-section.av-m7uj1yt0-e7dffc81a17d42c166dd522531a056ec .av-section-color-overlay{\nopacity:0.6;\nbackground-color:#e10800;\n}\n#top .avia-section.av-m7uj1yt0-e7dffc81a17d42c166dd522531a056ec .scroll-down-link{\ncolor:#ffffff;\n}\n<\/style>\n<div id='av_section_1'  class='avia-section av-m7uj1yt0-e7dffc81a17d42c166dd522531a056ec main_color avia-section-default avia-no-border-styling  avia-builder-el-0  el_before_av_section  avia-builder-el-first  av-parallax-section avia-bg-style-parallax av-section-color-overlay-active av-minimum-height av-minimum-height-85 av-height-percent  container_wrap fullsize'  data-section-bg-repeat='no-repeat' data-av_minimum_height_pc='85' data-av_min_height_opt='percent'><div class='av-parallax' data-avia-parallax-ratio='0.3' ><div class='av-parallax-inner main_color avia-full-stretch'><\/div><\/div><div class=\"av-section-color-overlay-wrap\"><div class=\"av-section-color-overlay\"><\/div><a href='#next-section' title='' class='scroll-down-link av-custom-scroll-down-color' aria-hidden='true' data-av_icon='\ue877' data-av_iconfont='entypo-fontello'><\/a><div class='container av-section-cont-open' ><main  role=\"main\" itemprop=\"mainContentOfPage\"  class='template-page content  av-content-full alpha units'><div class='post-entry post-entry-type-page post-entry-1643'><div class='entry-content-wrapper clearfix'>\n\n<style type=\"text\/css\" data-created_by=\"avia_inline_auto\" id=\"style-css-av-4w6a-e4e2878a77dacf489fc1da314676a2c1\">\n.flex_column.av-4w6a-e4e2878a77dacf489fc1da314676a2c1{\npadding:50px 0 0 0;\n}\n<\/style>\n<div  class='flex_column av-4w6a-e4e2878a77dacf489fc1da314676a2c1 av_three_fifth  avia-builder-el-1  el_before_av_two_fifth  avia-builder-el-first  first flex_column_div av-parallax-object  ' data-parallax=\"{&quot;parallax&quot;:&quot;right_left&quot;,&quot;parallax_speed&quot;:&quot;40&quot;,&quot;av-desktop-parallax&quot;:&quot;inherit&quot;,&quot;av-desktop-parallax_speed&quot;:&quot;inherit&quot;,&quot;av-medium-parallax&quot;:&quot;inherit&quot;,&quot;av-medium-parallax_speed&quot;:&quot;inherit&quot;,&quot;av-small-parallax&quot;:&quot;inherit&quot;,&quot;av-small-parallax_speed&quot;:&quot;inherit&quot;,&quot;av-mini-parallax&quot;:&quot;inherit&quot;,&quot;av-mini-parallax_speed&quot;:&quot;inherit&quot;,&quot;parallax-container&quot;:&quot;.av-4w6a-e4e2878a77dacf489fc1da314676a2c1&quot;}\"    ><section  class='av_textblock_section av-m7uirohe-b57013c8e80d236f727e40edc1cd64b9 '   itemscope=\"itemscope\" itemtype=\"https:\/\/schema.org\/CreativeWork\" ><div class='avia_textblock'  itemprop=\"text\" ><h1><span style=\"color: #ffffff;\">Dispozitive de testare a scurgerilor &#8211; <\/span><span style=\"color: #ffffff;\">Reparare, \u00eentre\u021binere \u0219i calibrare<\/span><\/h1>\n<h1><\/h1>\n<h1><\/h1>\n<\/div><\/section><br \/>\n\n<style type=\"text\/css\" data-created_by=\"avia_inline_auto\" id=\"style-css-av-m7yo0zzc-841ce2c2f2e477756d17ed2aad87f50e\">\n#top .hr.av-m7yo0zzc-841ce2c2f2e477756d17ed2aad87f50e{\nmargin-top:15px;\nmargin-bottom:15px;\n}\n.hr.av-m7yo0zzc-841ce2c2f2e477756d17ed2aad87f50e .hr-inner{\nwidth:50px;\n}\n<\/style>\n<div  class='hr av-m7yo0zzc-841ce2c2f2e477756d17ed2aad87f50e hr-custom  avia-builder-el-3  el_after_av_textblock  el_before_av_image  hr-center hr-icon-no'><span class='hr-inner inner-border-av-border-none'><span class=\"hr-inner-style\"><\/span><\/span><\/div><br \/>\n\n<style type=\"text\/css\" data-created_by=\"avia_inline_auto\" id=\"style-css-av-m7ynwwq1-fc340445fd510398bbc527ed6ece25e7\">\n.avia-image-container.av-m7ynwwq1-fc340445fd510398bbc527ed6ece25e7 img.avia_image{\nbox-shadow:none;\n}\n.avia-image-container.av-m7ynwwq1-fc340445fd510398bbc527ed6ece25e7 .av-image-caption-overlay-center{\ncolor:#ffffff;\n}\n<\/style>\n<div  class='avia-image-container av-m7ynwwq1-fc340445fd510398bbc527ed6ece25e7 av-styling- avia-align-left  avia-builder-el-4  el_after_av_hr  avia-builder-el-last '   itemprop=\"image\" itemscope=\"itemscope\" itemtype=\"https:\/\/schema.org\/ImageObject\" ><div class=\"avia-image-container-inner\"><div class=\"avia-image-overlay-wrap\"><img decoding=\"async\" fetchpriority=\"high\" class='wp-image-1631 avia-img-lazy-loading-not-1631 avia_image ' src=\"https:\/\/helim.eu\/wp-content\/uploads\/2025\/03\/helim-white-without-bg-600-300x92.png\" alt='' title='Leakage test EV battery - Helim - Logo 600'  height=\"92\" width=\"300\"  itemprop=\"thumbnailUrl\" srcset=\"https:\/\/helim.eu\/wp-content\/uploads\/2025\/03\/helim-white-without-bg-600-300x92.png 300w, https:\/\/helim.eu\/wp-content\/uploads\/2025\/03\/helim-white-without-bg-600.png 600w\" sizes=\"(max-width: 300px) 100vw, 300px\" \/><\/div><\/div><\/div><\/p><\/div><div  class='flex_column av-2v8g-3bf2cc19cd5a2b3ccf8dff553b817e7b av_two_fifth  avia-builder-el-5  el_after_av_three_fifth  avia-builder-el-last  flex_column_div av-parallax-object  ' data-parallax=\"{&quot;parallax&quot;:&quot;left_right&quot;,&quot;parallax_speed&quot;:&quot;&quot;,&quot;av-desktop-parallax&quot;:&quot;inherit&quot;,&quot;av-desktop-parallax_speed&quot;:&quot;inherit&quot;,&quot;av-medium-parallax&quot;:&quot;inherit&quot;,&quot;av-medium-parallax_speed&quot;:&quot;inherit&quot;,&quot;av-small-parallax&quot;:&quot;inherit&quot;,&quot;av-small-parallax_speed&quot;:&quot;inherit&quot;,&quot;av-mini-parallax&quot;:&quot;inherit&quot;,&quot;av-mini-parallax_speed&quot;:&quot;inherit&quot;,&quot;parallax-container&quot;:&quot;.av-2v8g-3bf2cc19cd5a2b3ccf8dff553b817e7b&quot;}\"    ><\/div>\n\n<\/div><\/div><\/main><!-- close content main element --><\/div><\/div><\/div><div id='av_section_2'  class='avia-section av-47lk-f015129779bb3f8076b237345036f878 main_color avia-section-default avia-no-border-styling  avia-builder-el-7  el_after_av_section  el_before_av_section  avia-bg-style-scroll av-minimum-height av-minimum-height-25 av-height-25  container_wrap fullsize'   data-av_minimum_height_pc='25' data-av_min_height_opt='25'><div class='container av-section-cont-open' ><div class='template-page content  av-content-full alpha units'><div class='post-entry post-entry-type-page post-entry-1643'><div class='entry-content-wrapper clearfix'>\n\n<style type=\"text\/css\" data-created_by=\"avia_inline_auto\" id=\"style-css-av-m7voq5i7-63dcc9f6d8eaf1fc54618182a0cb7f21\">\n#top .av_textblock_section.av-m7voq5i7-63dcc9f6d8eaf1fc54618182a0cb7f21 .avia_textblock{\ntext-align:center;\n}\n<\/style>\n<section  class='av_textblock_section av-m7voq5i7-63dcc9f6d8eaf1fc54618182a0cb7f21 '   itemscope=\"itemscope\" itemtype=\"https:\/\/schema.org\/CreativeWork\" ><div class='avia_textblock'  itemprop=\"text\" ><h2 style=\"text-align: left;\" data-pm-slice=\"1 1 &#091;&#093;\"><strong>Testere de etan\u0219eitate Reparare, \u00eentre\u021binere \u0219i calibrare  <\/strong><\/h2>\n<p style=\"text-align: left;\">Testerele noastre de etan\u0219eitate pentru baterii sunt precise, fiabile \u0219i durabile. Cu toate acestea, uzura sau defectele minore pot ap\u0103rea \u00een timp. Oferim <strong>servicii<\/strong> profesionale <strong>de reparare, \u00eentre\u021binere \u0219i calibrare<\/strong>, astfel \u00eenc\u00e2t s\u0103 pute\u021bi lucra cu un sistem de testare complet func\u021bional \u00een orice moment.  <\/p>\n<h3 style=\"text-align: left;\">Gama noastr\u0103 de servicii:<\/h3>\n<ul style=\"text-align: left;\" data-spread=\"false\">\n<li><strong>Repara\u021bii<\/strong>: Dac\u0103 dispozitivul dvs. are o defec\u021biune sau un defect, ne vom ocupa de repara\u021bie rapid \u0219i fiabil.<\/li>\n<li><strong>\u00centre\u021binere<\/strong>: Inspec\u021biile regulate asigur\u0103 func\u021bionarea optim\u0103 a detectoarelor de scurgeri pentru baterii.<\/li>\n<li><strong>Calibrare<\/strong>: Pentru a asigura rezultate precise ale m\u0103sur\u0103torilor, oferim calibrarea profesional\u0103 a dispozitivelor dumneavoastr\u0103.<\/li>\n<\/ul>\n<h3 style=\"text-align: left;\">Service pentru dispozitive Helim \u0219i produse partenere<\/h3>\n<p style=\"text-align: left;\">Suntem disponibili nu numai pentru \u00eentre\u021binerea \u0219i repararea propriilor testere de etan\u0219eitate Helim, ci \u0219i pentru \u00eentre\u021binerea dispozitivelor care au fost v\u00e2ndute ca <strong>produse sub marc\u0103 proprie<\/strong> de Helim \u0219i care sunt disponibile \u00een Europa. Exper\u021bii no\u0219tri au expertiza necesar\u0103 pentru a efectua o repara\u021bie sau calibrare rapid\u0103 \u0219i eficient\u0103. Nu asigur\u0103m service pentru dispozitivele altor produc\u0103tori din afara re\u021belei noastre de parteneri.  <\/p>\n<h3 style=\"text-align: left;\">Cum func\u021bioneaz\u0103 procesul de service<\/h3>\n<ol style=\"text-align: left;\" start=\"1\" data-spread=\"false\">\n<li><strong>Contacta\u021bi-ne<\/strong>: V\u0103 rug\u0103m s\u0103 ne contacta\u021bi \u00eenainte de a trimite dispozitivul dumneavoastr\u0103. V\u0103 vom spune unde s\u0103 trimite\u021bi dispozitivul. <\/li>\n<li><strong>Descrierea defec\u021biunii<\/strong>: O scurt\u0103 descriere a problemei ne ajut\u0103 s\u0103 planific\u0103m eficient repara\u021bia \u0219i s\u0103 scurt\u0103m timpul de procesare.<\/li>\n<li><strong>Procesare rapid\u0103<\/strong>: \u0218tim c\u0103 ave\u021bi nevoie de testerul dvs. pentru a v\u0103 continua activitatea. De aceea, v\u0103 asigur\u0103m o repara\u021bie sau calibrare rapid\u0103. <\/li>\n<li><strong>Expedierea \u00eenapoi<\/strong>: Dup\u0103 finalizarea lucr\u0103rilor, dispozitivul dvs. v\u0103 va fi returnat imediat, astfel \u00eenc\u00e2t s\u0103 \u00eel pute\u021bi utiliza din nou f\u0103r\u0103 \u00eent\u00e2rziere.<\/li>\n<\/ol>\n<h3 style=\"text-align: left;\">De ce este necesar\u0103 \u00eentre\u021binerea regulat\u0103 \u0219i <span style=\"color: #000000;\"><a style=\"color: #000000;\" href=\"https:\/\/de.wikipedia.org\/wiki\/Kalibrierung\" target=\"_blank\" rel=\"noopener\">calibrare<\/a><\/span> importante?<\/h3>\n<ul style=\"text-align: left;\" data-spread=\"false\">\n<li><strong>Men\u021binerea preciziei<\/strong>: Precizia m\u0103sur\u0103rii este esen\u021bial\u0103 pentru testarea fiabil\u0103 a scurgerilor din baterii.<\/li>\n<li><strong>Evitarea defec\u021biunilor<\/strong>: \u00centre\u021binerea regulat\u0103 ajut\u0103 la evitarea perioadelor costisitoare de nefunc\u021bionare.<\/li>\n<li><strong>Conformitatea cu standardele<\/strong>: Calibrarea asigur\u0103 conformitatea dispozitivelor dvs. cu reglement\u0103rile legale \u00een vigoare \u0219i cu reglement\u0103rile specifice produc\u0103torului.<\/li>\n<\/ul>\n<h3 style=\"text-align: left;\">Testere de etan\u0219eitate &#8211; repara\u021bii, \u00eentre\u021binere, calibrare<\/h3>\n<p style=\"text-align: left;\"><strong><span style=\"color: #000000;\"><a style=\"color: #000000;\" href=\"https:\/\/helim.eu\/ro\/contactati-ne\/\">Contacta\u021bi-ne<\/a><\/span> Contacta\u021bi-ne ast\u0103zi!<\/strong><\/p>\n<p style=\"text-align: left;\">Ave\u021bi nevoie de repararea, \u00eentre\u021binerea sau calibrarea detectorului dumneavoastr\u0103 de scurgeri de baterii? Atunci nu ezita\u021bi s\u0103 lua\u021bi leg\u0103tura cu noi. V\u0103 vom ajuta rapid \u0219i competent!  <\/p>\n<\/div><\/section>\n<div  class='avia-button-wrap av-m8e7u068-02cf88a8a1a11508cd2148b0e7758d5a-wrap avia-button-center  avia-builder-el-9  el_after_av_textblock  avia-builder-el-last '>\n<style type=\"text\/css\" data-created_by=\"avia_inline_auto\" id=\"style-css-av-m8e7u068-02cf88a8a1a11508cd2148b0e7758d5a\">\n#top #wrap_all .avia-button.av-m8e7u068-02cf88a8a1a11508cd2148b0e7758d5a{\nfont-size:20px;\ntransition:all 0.4s ease-in-out;\n}\n<\/style>\n<a href='https:\/\/helim.eu\/ro\/contactati-ne\/'  class='avia-button av-m8e7u068-02cf88a8a1a11508cd2148b0e7758d5a avia-icon_select-yes-left-icon avia-size-large avia-position-center avia-color-theme-color'  ><span class='avia_button_icon avia_button_icon_left' aria-hidden='true' data-av_icon='\ue805' data-av_iconfont='entypo-fontello'><\/span><span class='avia_iconbox_title' >Contactul dumneavoastr\u0103 cu Helim<\/span><\/a><\/div>\n\n<\/div><\/div><\/div><!-- close content main div --><\/div><\/div>\n<style type=\"text\/css\" data-created_by=\"avia_inline_auto\" id=\"style-css-av-2x7u-0d73e1215719be8fe3abeca2ba37d8f1\">\n.avia-section.av-2x7u-0d73e1215719be8fe3abeca2ba37d8f1{\nbackground-repeat:no-repeat;\nbackground-image:url(https:\/\/helim.eu\/wp-content\/uploads\/2025\/03\/battery-air-leak-test-helim-r.png);\nbackground-position:50% 50%;\nbackground-attachment:fixed;\nmargin-top:0px;\nmargin-bottom:50px;\n}\n.avia-section.av-2x7u-0d73e1215719be8fe3abeca2ba37d8f1 .av-section-color-overlay{\nopacity:0.3;\nbackground-color:#ffffff;\n}\n<\/style>\n<div id='av_section_3'  class='avia-section av-2x7u-0d73e1215719be8fe3abeca2ba37d8f1 main_color avia-section-default avia-no-border-styling  avia-builder-el-10  el_after_av_section  avia-builder-el-last  avia-bg-style-fixed av-section-color-overlay-active av-minimum-height av-minimum-height-custom av-height-custom  container_wrap fullsize'  data-section-bg-repeat='no-repeat' data-av_minimum_height_px='350'><div class=\"av-section-color-overlay-wrap\"><div class=\"av-section-color-overlay\"><\/div><div class='container av-section-cont-open' style='height:350px'><div class='template-page content  av-content-full alpha units'><div class='post-entry post-entry-type-page post-entry-1643'><div class='entry-content-wrapper clearfix'>\n","protected":false},"excerpt":{"rendered":"","protected":false},"author":1,"featured_media":0,"parent":0,"menu_order":0,"comment_status":"closed","ping_status":"open","template":"","meta":{"footnotes":""},"class_list":["post-1643","page","type-page","status-publish","hentry"],"yoast_head":"<!-- This site is optimized with the Yoast SEO plugin v27.4 - https:\/\/yoast.com\/product\/yoast-seo-wordpress\/ -->\n<title>\u00centre\u021binere - Helim - Leak Test Solutions<\/title>\n<meta name=\"description\" content=\"Repararea, \u00eentre\u021binerea \u0219i calibrarea testerului de etan\u0219eitate - pentru testerele de etan\u0219eitate pentru baterii Helim \u0219i testerele de etan\u0219eitate.\" \/>\n<meta name=\"robots\" content=\"index, follow, max-snippet:-1, max-image-preview:large, max-video-preview:-1\" \/>\n<link rel=\"canonical\" href=\"https:\/\/helim.eu\/ro\/intretinere\/\" \/>\n<meta property=\"og:locale\" content=\"ro_RO\" \/>\n<meta property=\"og:type\" content=\"article\" \/>\n<meta property=\"og:title\" content=\"\u00centre\u021binere - Helim - Leak Test Solutions\" \/>\n<meta property=\"og:description\" content=\"Repararea, \u00eentre\u021binerea \u0219i calibrarea testerului de etan\u0219eitate - pentru testerele de etan\u0219eitate pentru baterii Helim \u0219i testerele de etan\u0219eitate.\" \/>\n<meta property=\"og:url\" content=\"https:\/\/helim.eu\/ro\/intretinere\/\" \/>\n<meta property=\"og:site_name\" content=\"Helim - Leak Test Solutions\" \/>\n<meta property=\"article:publisher\" content=\"https:\/\/www.facebook.com\/profile.php?id=61574206138313\" \/>\n<meta property=\"article:modified_time\" content=\"2025-05-11T06:33:59+00:00\" \/>\n<meta name=\"twitter:card\" content=\"summary_large_image\" \/>\n<meta name=\"twitter:label1\" content=\"Timp estimat pentru citire\" \/>\n\t<meta name=\"twitter:data1\" content=\"18 minute\" \/>\n<script type=\"application\/ld+json\" class=\"yoast-schema-graph\">{\"@context\":\"https:\\\/\\\/schema.org\",\"@graph\":[{\"@type\":\"WebPage\",\"@id\":\"https:\\\/\\\/helim.eu\\\/ro\\\/intretinere\\\/\",\"url\":\"https:\\\/\\\/helim.eu\\\/ro\\\/intretinere\\\/\",\"name\":\"\u00centre\u021binere - Helim - Leak Test Solutions\",\"isPartOf\":{\"@id\":\"https:\\\/\\\/helim.eu\\\/ro\\\/#website\"},\"datePublished\":\"2025-03-10T11:59:43+00:00\",\"dateModified\":\"2025-05-11T06:33:59+00:00\",\"description\":\"Repararea, \u00eentre\u021binerea \u0219i calibrarea testerului de etan\u0219eitate - pentru testerele de etan\u0219eitate pentru baterii Helim \u0219i testerele de etan\u0219eitate.\",\"breadcrumb\":{\"@id\":\"https:\\\/\\\/helim.eu\\\/ro\\\/intretinere\\\/#breadcrumb\"},\"inLanguage\":\"ro-RO\",\"potentialAction\":[{\"@type\":\"ReadAction\",\"target\":[\"https:\\\/\\\/helim.eu\\\/ro\\\/intretinere\\\/\"]}]},{\"@type\":\"BreadcrumbList\",\"@id\":\"https:\\\/\\\/helim.eu\\\/ro\\\/intretinere\\\/#breadcrumb\",\"itemListElement\":[{\"@type\":\"ListItem\",\"position\":1,\"name\":\"Startseite\",\"item\":\"https:\\\/\\\/helim.eu\\\/ro\\\/\"},{\"@type\":\"ListItem\",\"position\":2,\"name\":\"\u00centre\u021binere\"}]},{\"@type\":\"WebSite\",\"@id\":\"https:\\\/\\\/helim.eu\\\/ro\\\/#website\",\"url\":\"https:\\\/\\\/helim.eu\\\/ro\\\/\",\"name\":\"Helim - Leak Test Solutions\",\"description\":\"EV Battery Leaktester\",\"publisher\":{\"@id\":\"https:\\\/\\\/helim.eu\\\/ro\\\/#organization\"},\"potentialAction\":[{\"@type\":\"SearchAction\",\"target\":{\"@type\":\"EntryPoint\",\"urlTemplate\":\"https:\\\/\\\/helim.eu\\\/ro\\\/?s={search_term_string}\"},\"query-input\":{\"@type\":\"PropertyValueSpecification\",\"valueRequired\":true,\"valueName\":\"search_term_string\"}}],\"inLanguage\":\"ro-RO\"},{\"@type\":\"Organization\",\"@id\":\"https:\\\/\\\/helim.eu\\\/ro\\\/#organization\",\"name\":\"Helim\",\"url\":\"https:\\\/\\\/helim.eu\\\/ro\\\/\",\"logo\":{\"@type\":\"ImageObject\",\"inLanguage\":\"ro-RO\",\"@id\":\"https:\\\/\\\/helim.eu\\\/ro\\\/#\\\/schema\\\/logo\\\/image\\\/\",\"url\":\"https:\\\/\\\/helim.eu\\\/wp-content\\\/uploads\\\/2025\\\/03\\\/helim-logo-r-w-600-600-rand.png\",\"contentUrl\":\"https:\\\/\\\/helim.eu\\\/wp-content\\\/uploads\\\/2025\\\/03\\\/helim-logo-r-w-600-600-rand.png\",\"width\":600,\"height\":600,\"caption\":\"Helim\"},\"image\":{\"@id\":\"https:\\\/\\\/helim.eu\\\/ro\\\/#\\\/schema\\\/logo\\\/image\\\/\"},\"sameAs\":[\"https:\\\/\\\/www.facebook.com\\\/profile.php?id=61574206138313\"]}]}<\/script>\n<!-- \/ Yoast SEO plugin. -->","yoast_head_json":{"title":"\u00centre\u021binere - Helim - Leak Test Solutions","description":"Repararea, \u00eentre\u021binerea \u0219i calibrarea testerului de etan\u0219eitate - pentru testerele de etan\u0219eitate pentru baterii Helim \u0219i testerele de etan\u0219eitate.","robots":{"index":"index","follow":"follow","max-snippet":"max-snippet:-1","max-image-preview":"max-image-preview:large","max-video-preview":"max-video-preview:-1"},"canonical":"https:\/\/helim.eu\/ro\/intretinere\/","og_locale":"ro_RO","og_type":"article","og_title":"\u00centre\u021binere - Helim - Leak Test Solutions","og_description":"Repararea, \u00eentre\u021binerea \u0219i calibrarea testerului de etan\u0219eitate - pentru testerele de etan\u0219eitate pentru baterii Helim \u0219i testerele de etan\u0219eitate.","og_url":"https:\/\/helim.eu\/ro\/intretinere\/","og_site_name":"Helim - Leak Test Solutions","article_publisher":"https:\/\/www.facebook.com\/profile.php?id=61574206138313","article_modified_time":"2025-05-11T06:33:59+00:00","twitter_card":"summary_large_image","twitter_misc":{"Timp estimat pentru citire":"18 minute"},"schema":{"@context":"https:\/\/schema.org","@graph":[{"@type":"WebPage","@id":"https:\/\/helim.eu\/ro\/intretinere\/","url":"https:\/\/helim.eu\/ro\/intretinere\/","name":"\u00centre\u021binere - Helim - Leak Test Solutions","isPartOf":{"@id":"https:\/\/helim.eu\/ro\/#website"},"datePublished":"2025-03-10T11:59:43+00:00","dateModified":"2025-05-11T06:33:59+00:00","description":"Repararea, \u00eentre\u021binerea \u0219i calibrarea testerului de etan\u0219eitate - pentru testerele de etan\u0219eitate pentru baterii Helim \u0219i testerele de etan\u0219eitate.","breadcrumb":{"@id":"https:\/\/helim.eu\/ro\/intretinere\/#breadcrumb"},"inLanguage":"ro-RO","potentialAction":[{"@type":"ReadAction","target":["https:\/\/helim.eu\/ro\/intretinere\/"]}]},{"@type":"BreadcrumbList","@id":"https:\/\/helim.eu\/ro\/intretinere\/#breadcrumb","itemListElement":[{"@type":"ListItem","position":1,"name":"Startseite","item":"https:\/\/helim.eu\/ro\/"},{"@type":"ListItem","position":2,"name":"\u00centre\u021binere"}]},{"@type":"WebSite","@id":"https:\/\/helim.eu\/ro\/#website","url":"https:\/\/helim.eu\/ro\/","name":"Helim - Leak Test Solutions","description":"EV Battery Leaktester","publisher":{"@id":"https:\/\/helim.eu\/ro\/#organization"},"potentialAction":[{"@type":"SearchAction","target":{"@type":"EntryPoint","urlTemplate":"https:\/\/helim.eu\/ro\/?s={search_term_string}"},"query-input":{"@type":"PropertyValueSpecification","valueRequired":true,"valueName":"search_term_string"}}],"inLanguage":"ro-RO"},{"@type":"Organization","@id":"https:\/\/helim.eu\/ro\/#organization","name":"Helim","url":"https:\/\/helim.eu\/ro\/","logo":{"@type":"ImageObject","inLanguage":"ro-RO","@id":"https:\/\/helim.eu\/ro\/#\/schema\/logo\/image\/","url":"https:\/\/helim.eu\/wp-content\/uploads\/2025\/03\/helim-logo-r-w-600-600-rand.png","contentUrl":"https:\/\/helim.eu\/wp-content\/uploads\/2025\/03\/helim-logo-r-w-600-600-rand.png","width":600,"height":600,"caption":"Helim"},"image":{"@id":"https:\/\/helim.eu\/ro\/#\/schema\/logo\/image\/"},"sameAs":["https:\/\/www.facebook.com\/profile.php?id=61574206138313"]}]}},"_links":{"self":[{"href":"https:\/\/helim.eu\/ro\/wp-json\/wp\/v2\/pages\/1643","targetHints":{"allow":["GET"]}}],"collection":[{"href":"https:\/\/helim.eu\/ro\/wp-json\/wp\/v2\/pages"}],"about":[{"href":"https:\/\/helim.eu\/ro\/wp-json\/wp\/v2\/types\/page"}],"author":[{"embeddable":true,"href":"https:\/\/helim.eu\/ro\/wp-json\/wp\/v2\/users\/1"}],"replies":[{"embeddable":true,"href":"https:\/\/helim.eu\/ro\/wp-json\/wp\/v2\/comments?post=1643"}],"version-history":[{"count":6,"href":"https:\/\/helim.eu\/ro\/wp-json\/wp\/v2\/pages\/1643\/revisions"}],"predecessor-version":[{"id":2793,"href":"https:\/\/helim.eu\/ro\/wp-json\/wp\/v2\/pages\/1643\/revisions\/2793"}],"wp:attachment":[{"href":"https:\/\/helim.eu\/ro\/wp-json\/wp\/v2\/media?parent=1643"}],"curies":[{"name":"wp","href":"https:\/\/api.w.org\/{rel}","templated":true}]}}