{"id":1619,"date":"2025-03-12T11:03:16","date_gmt":"2025-03-12T11:03:16","guid":{"rendered":"https:\/\/helim.eu\/imprint\/"},"modified":"2025-04-11T12:54:42","modified_gmt":"2025-04-11T12:54:42","slug":"imprint","status":"publish","type":"page","link":"https:\/\/helim.eu\/ro\/imprint\/","title":{"rendered":"Imprint"},"content":{"rendered":"<div id='av_section_1'  class='avia-section av-85sg-9253af3811e26d8c58991fb476b4cd22 main_color avia-section-default avia-no-border-styling  avia-builder-el-0  avia-builder-el-no-sibling  avia-bg-style-scroll av-minimum-height av-minimum-height-custom av-height-custom  container_wrap fullsize'   data-av_minimum_height_px='700'><div class='container av-section-cont-open' style='height:700px'><main  role=\"main\" itemprop=\"mainContentOfPage\"  class='template-page content  av-content-full alpha units'><div class='post-entry post-entry-type-page post-entry-1619'><div class='entry-content-wrapper clearfix'>\n\n<style type=\"text\/css\" data-created_by=\"avia_inline_auto\" id=\"style-css-av-m7vp4u51-b406612f7e81a91b95aa156f5719d08d\">\n.flex_column.av-m7vp4u51-b406612f7e81a91b95aa156f5719d08d{\npadding:40px 0 0 0;\n}\n<\/style>\n<div  class='flex_column av-m7vp4u51-b406612f7e81a91b95aa156f5719d08d av_one_half  avia-builder-el-1  avia-builder-el-no-sibling  first flex_column_div  '     ><section  class='av_textblock_section av-42ho-1ab9d9e8948954851446949b3d030a10 '   itemscope=\"itemscope\" itemtype=\"https:\/\/schema.org\/CreativeWork\" ><div class='avia_textblock'  itemprop=\"text\" ><p data-start=\"251\" data-end=\"308\"><strong data-start=\"251\" data-end=\"306\">Informa\u021bii \u00een conformitate cu \u00a7 5 TMG \/ art. 4 din Directiva privind comer\u021bul electronic<\/strong><\/p>\n<p data-start=\"310\" data-end=\"451\"><strong data-start=\"310\" data-end=\"344\">Responsabil pentru con\u021binut:<\/strong><\/p>\n<p data-start=\"310\" data-end=\"451\"><br class=\"avia-permanent-lb\"><br data-start=\"344\" data-end=\"347\"><strong data-start=\"347\" data-end=\"374\">NIROXX Engineering Ltd.<\/strong><\/p>\n<p>12 Morozow Avenue<br data-start=\"492\" data-end=\"495\">8220 Paphos  <br data-start=\"492\" data-end=\"495\">Cipru<\/p>\n<p><strong data-start=\"453\" data-end=\"465\">Contact:<\/strong><br data-start=\"465\" data-end=\"468\">Telefon Germania: +49 176 26 150 383<br data-start=\"492\" data-end=\"495\">Telefon Cipru: +357 99 244 147<br data-start=\"519\" data-end=\"522\">Email: <a href=\"mailto:info@helim.eu\">info@helim.eu<\/a><br data-start=\"519\" data-end=\"522\">Website: <a href=\"http:\/\/www.helim.eu\" target=\"_new\" rel=\"noopener\">www.helim.eu<\/a><\/p>\n<p data-start=\"550\" data-end=\"723\"><strong data-start=\"550\" data-end=\"585\">Registrul Comer\u021bului \u0219i num\u0103rul de \u00eenregistrare fiscal\u0103:<\/strong><br data-start=\"585\" data-end=\"588\">Registrul Comer\u021bului: HE 464680<br data-start=\"621\" data-end=\"624\">Curtea de \u00eenregistrare: Paphos District Court<br data-start=\"672\" data-end=\"675\">VAT ID: CY60096432B<\/p>\n<p data-start=\"550\" data-end=\"723\">\n<p data-start=\"725\" data-end=\"777\"><strong data-start=\"725\" data-end=\"745\">Director general:<\/strong><br data-start=\"745\" data-end=\"748\">Alexei Keller<\/p>\n<h4 data-start=\"702\" data-end=\"732\"><strong data-start=\"707\" data-end=\"730\">Disclaimer:<\/strong><\/h4>\n<p data-start=\"733\" data-end=\"1165\">Con\u021binutul acestui site a fost creat cu cea mai mare aten\u021bie posibil\u0103. Cu toate acestea, nu ne asum\u0103m nicio r\u0103spundere pentru acurate\u021bea, integralitatea \u0219i actualitatea con\u021binutului. \u00cen calitate de furnizor de servicii, suntem responsabili pentru propriul nostru con\u021binut de pe aceste pagini, \u00een conformitate cu legisla\u021bia general\u0103. Nu ne asum\u0103m nicio r\u0103spundere pentru con\u021binutul linkurilor externe. Operatorii paginilor legate sunt singurii responsabili pentru con\u021binutul acestora.    <\/p>\n<h4 data-start=\"1167\" data-end=\"1191\"><strong data-start=\"1172\" data-end=\"1189\">Drepturi de autor:<\/strong><\/h4>\n<p data-start=\"1192\" data-end=\"1466\">Con\u021binutul \u0219i lucr\u0103rile de pe acest site web create de operatorul site-ului web sunt supuse drepturilor de autor. Copierea, prelucrarea, distribuirea sau orice form\u0103 de comercializare a unui astfel de material dincolo de domeniul de aplicare al legisla\u021biei privind drepturile de autor necesit\u0103 acordul prealabil scris al autorului sau creatorului respectiv. <\/p>\n<h4 data-start=\"1468\" data-end=\"1491\"><strong data-start=\"1473\" data-end=\"1489\">Protec\u021bia datelor:<\/strong><\/h4>\n<p data-start=\"1492\" data-end=\"1606\">Detalii privind prelucrarea datelor cu caracter personal pot fi g\u0103site \u00een <strong data-start=\"1563\" data-end=\"1603\"><a href=\"https:\/\/helim.eu\/ro\/politica-de-confidentialitate\/\" rel=\"noopener\" data-start=\"1565\" data-end=\"1601\">politica de confiden\u021bialitate<\/a><\/strong>.<\/p>\n<\/div><\/section><\/div>\n","protected":false},"excerpt":{"rendered":"","protected":false},"author":1,"featured_media":0,"parent":0,"menu_order":0,"comment_status":"closed","ping_status":"open","template":"","meta":{"footnotes":""},"class_list":["post-1619","page","type-page","status-publish","hentry"],"yoast_head":"<!-- This site is optimized with the Yoast SEO plugin v27.3 - https:\/\/yoast.com\/product\/yoast-seo-wordpress\/ -->\n<title>Imprint - Helim - Leak Test Solutions<\/title>\n<meta name=\"robots\" content=\"index, follow, max-snippet:-1, max-image-preview:large, max-video-preview:-1\" \/>\n<link rel=\"canonical\" href=\"https:\/\/helim.eu\/ro\/imprint\/\" \/>\n<meta property=\"og:locale\" content=\"ro_RO\" \/>\n<meta property=\"og:type\" content=\"article\" \/>\n<meta property=\"og:title\" content=\"Imprint - Helim - Leak Test Solutions\" \/>\n<meta property=\"og:url\" content=\"https:\/\/helim.eu\/ro\/imprint\/\" \/>\n<meta property=\"og:site_name\" content=\"Helim - Leak Test Solutions\" \/>\n<meta property=\"article:publisher\" content=\"https:\/\/www.facebook.com\/profile.php?id=61574206138313\" \/>\n<meta property=\"article:modified_time\" content=\"2025-04-11T12:54:42+00:00\" \/>\n<meta name=\"twitter:card\" content=\"summary_large_image\" \/>\n<meta name=\"twitter:label1\" content=\"Timp estimat pentru citire\" \/>\n\t<meta name=\"twitter:data1\" content=\"5 minute\" \/>\n<script type=\"application\/ld+json\" class=\"yoast-schema-graph\">{\"@context\":\"https:\\\/\\\/schema.org\",\"@graph\":[{\"@type\":\"WebPage\",\"@id\":\"https:\\\/\\\/helim.eu\\\/ro\\\/imprint\\\/\",\"url\":\"https:\\\/\\\/helim.eu\\\/ro\\\/imprint\\\/\",\"name\":\"Imprint - Helim - Leak Test Solutions\",\"isPartOf\":{\"@id\":\"https:\\\/\\\/helim.eu\\\/ro\\\/#website\"},\"datePublished\":\"2025-03-12T11:03:16+00:00\",\"dateModified\":\"2025-04-11T12:54:42+00:00\",\"breadcrumb\":{\"@id\":\"https:\\\/\\\/helim.eu\\\/ro\\\/imprint\\\/#breadcrumb\"},\"inLanguage\":\"ro-RO\",\"potentialAction\":[{\"@type\":\"ReadAction\",\"target\":[\"https:\\\/\\\/helim.eu\\\/ro\\\/imprint\\\/\"]}]},{\"@type\":\"BreadcrumbList\",\"@id\":\"https:\\\/\\\/helim.eu\\\/ro\\\/imprint\\\/#breadcrumb\",\"itemListElement\":[{\"@type\":\"ListItem\",\"position\":1,\"name\":\"Startseite\",\"item\":\"https:\\\/\\\/helim.eu\\\/ro\\\/\"},{\"@type\":\"ListItem\",\"position\":2,\"name\":\"Imprint\"}]},{\"@type\":\"WebSite\",\"@id\":\"https:\\\/\\\/helim.eu\\\/ro\\\/#website\",\"url\":\"https:\\\/\\\/helim.eu\\\/ro\\\/\",\"name\":\"Helim - Leak Test Solutions\",\"description\":\"EV Battery Leaktester\",\"publisher\":{\"@id\":\"https:\\\/\\\/helim.eu\\\/ro\\\/#organization\"},\"potentialAction\":[{\"@type\":\"SearchAction\",\"target\":{\"@type\":\"EntryPoint\",\"urlTemplate\":\"https:\\\/\\\/helim.eu\\\/ro\\\/?s={search_term_string}\"},\"query-input\":{\"@type\":\"PropertyValueSpecification\",\"valueRequired\":true,\"valueName\":\"search_term_string\"}}],\"inLanguage\":\"ro-RO\"},{\"@type\":\"Organization\",\"@id\":\"https:\\\/\\\/helim.eu\\\/ro\\\/#organization\",\"name\":\"Helim\",\"url\":\"https:\\\/\\\/helim.eu\\\/ro\\\/\",\"logo\":{\"@type\":\"ImageObject\",\"inLanguage\":\"ro-RO\",\"@id\":\"https:\\\/\\\/helim.eu\\\/ro\\\/#\\\/schema\\\/logo\\\/image\\\/\",\"url\":\"https:\\\/\\\/helim.eu\\\/wp-content\\\/uploads\\\/2025\\\/03\\\/helim-logo-r-w-600-600-rand.png\",\"contentUrl\":\"https:\\\/\\\/helim.eu\\\/wp-content\\\/uploads\\\/2025\\\/03\\\/helim-logo-r-w-600-600-rand.png\",\"width\":600,\"height\":600,\"caption\":\"Helim\"},\"image\":{\"@id\":\"https:\\\/\\\/helim.eu\\\/ro\\\/#\\\/schema\\\/logo\\\/image\\\/\"},\"sameAs\":[\"https:\\\/\\\/www.facebook.com\\\/profile.php?id=61574206138313\"]}]}<\/script>\n<!-- \/ Yoast SEO plugin. -->","yoast_head_json":{"title":"Imprint - Helim - Leak Test Solutions","robots":{"index":"index","follow":"follow","max-snippet":"max-snippet:-1","max-image-preview":"max-image-preview:large","max-video-preview":"max-video-preview:-1"},"canonical":"https:\/\/helim.eu\/ro\/imprint\/","og_locale":"ro_RO","og_type":"article","og_title":"Imprint - Helim - Leak Test Solutions","og_url":"https:\/\/helim.eu\/ro\/imprint\/","og_site_name":"Helim - Leak Test Solutions","article_publisher":"https:\/\/www.facebook.com\/profile.php?id=61574206138313","article_modified_time":"2025-04-11T12:54:42+00:00","twitter_card":"summary_large_image","twitter_misc":{"Timp estimat pentru citire":"5 minute"},"schema":{"@context":"https:\/\/schema.org","@graph":[{"@type":"WebPage","@id":"https:\/\/helim.eu\/ro\/imprint\/","url":"https:\/\/helim.eu\/ro\/imprint\/","name":"Imprint - Helim - Leak Test Solutions","isPartOf":{"@id":"https:\/\/helim.eu\/ro\/#website"},"datePublished":"2025-03-12T11:03:16+00:00","dateModified":"2025-04-11T12:54:42+00:00","breadcrumb":{"@id":"https:\/\/helim.eu\/ro\/imprint\/#breadcrumb"},"inLanguage":"ro-RO","potentialAction":[{"@type":"ReadAction","target":["https:\/\/helim.eu\/ro\/imprint\/"]}]},{"@type":"BreadcrumbList","@id":"https:\/\/helim.eu\/ro\/imprint\/#breadcrumb","itemListElement":[{"@type":"ListItem","position":1,"name":"Startseite","item":"https:\/\/helim.eu\/ro\/"},{"@type":"ListItem","position":2,"name":"Imprint"}]},{"@type":"WebSite","@id":"https:\/\/helim.eu\/ro\/#website","url":"https:\/\/helim.eu\/ro\/","name":"Helim - Leak Test Solutions","description":"EV Battery Leaktester","publisher":{"@id":"https:\/\/helim.eu\/ro\/#organization"},"potentialAction":[{"@type":"SearchAction","target":{"@type":"EntryPoint","urlTemplate":"https:\/\/helim.eu\/ro\/?s={search_term_string}"},"query-input":{"@type":"PropertyValueSpecification","valueRequired":true,"valueName":"search_term_string"}}],"inLanguage":"ro-RO"},{"@type":"Organization","@id":"https:\/\/helim.eu\/ro\/#organization","name":"Helim","url":"https:\/\/helim.eu\/ro\/","logo":{"@type":"ImageObject","inLanguage":"ro-RO","@id":"https:\/\/helim.eu\/ro\/#\/schema\/logo\/image\/","url":"https:\/\/helim.eu\/wp-content\/uploads\/2025\/03\/helim-logo-r-w-600-600-rand.png","contentUrl":"https:\/\/helim.eu\/wp-content\/uploads\/2025\/03\/helim-logo-r-w-600-600-rand.png","width":600,"height":600,"caption":"Helim"},"image":{"@id":"https:\/\/helim.eu\/ro\/#\/schema\/logo\/image\/"},"sameAs":["https:\/\/www.facebook.com\/profile.php?id=61574206138313"]}]}},"_links":{"self":[{"href":"https:\/\/helim.eu\/ro\/wp-json\/wp\/v2\/pages\/1619","targetHints":{"allow":["GET"]}}],"collection":[{"href":"https:\/\/helim.eu\/ro\/wp-json\/wp\/v2\/pages"}],"about":[{"href":"https:\/\/helim.eu\/ro\/wp-json\/wp\/v2\/types\/page"}],"author":[{"embeddable":true,"href":"https:\/\/helim.eu\/ro\/wp-json\/wp\/v2\/users\/1"}],"replies":[{"embeddable":true,"href":"https:\/\/helim.eu\/ro\/wp-json\/wp\/v2\/comments?post=1619"}],"version-history":[{"count":6,"href":"https:\/\/helim.eu\/ro\/wp-json\/wp\/v2\/pages\/1619\/revisions"}],"predecessor-version":[{"id":1641,"href":"https:\/\/helim.eu\/ro\/wp-json\/wp\/v2\/pages\/1619\/revisions\/1641"}],"wp:attachment":[{"href":"https:\/\/helim.eu\/ro\/wp-json\/wp\/v2\/media?parent=1619"}],"curies":[{"name":"wp","href":"https:\/\/api.w.org\/{rel}","templated":true}]}}