{"id":1601,"date":"2025-01-22T17:30:34","date_gmt":"2025-01-22T17:30:34","guid":{"rendered":"https:\/\/helim.eu\/politica-de-confidentialitate\/"},"modified":"2025-05-11T06:37:37","modified_gmt":"2025-05-11T06:37:37","slug":"politica-de-confidentialitate","status":"publish","type":"page","link":"https:\/\/helim.eu\/ro\/politica-de-confidentialitate\/","title":{"rendered":"Politica de confiden\u021bialitate"},"content":{"rendered":"<section  class='av_textblock_section av-m860qs28-1630095a5e4c5eb0929470a73e6b6410 '   itemscope=\"itemscope\" itemtype=\"https:\/\/schema.org\/CreativeWork\" ><div class='avia_textblock'  itemprop=\"text\" ><h2 data-pm-slice=\"1 1 []\">Politica de confiden\u021bialitate<\/h2>\n<h3>1. informa\u021bii generale<\/h3>\n<p>Protec\u021bia datelor dvs. personale este important\u0103 pentru noi. Aceast\u0103 politic\u0103 de confiden\u021bialitate explic\u0103 ce date colect\u0103m, cum le folosim \u0219i ce drepturi ave\u021bi. <\/p>\n<h3>2. persoana responsabil\u0103 de prelucrarea datelor<\/h3>\n<p>NIROXX Engineering Ltd.<br \/>\n12 Morozow Avenue<br \/>\n8220 Paphos, Cipru<br \/>\nE-mail: <a>info@niroxx.io<\/a><br \/>\nWebsite:   <a href=\"https:\/\/www.niroxx.io\">https:\/\/www.niroxx.io<\/a><\/p>\n<h3>3. fi\u0219iere jurnal de g\u0103zduire \u0219i server<\/h3>\n<p>Site-ul nostru este g\u0103zduit de Strato AG:<br \/>\n<strong>Strato AG<\/strong>, Pascalstra\u00dfe 10, 10587 Berlin, Germania<\/p>\n<p>Atunci c\u00e2nd vizita\u021bi site-ul nostru, furnizorul de g\u0103zduire salveaz\u0103 automat urm\u0103toarele date \u00een a\u0219a-numitele fi\u0219iere jurnal ale serverului:<\/p>\n<ul data-spread=\"false\">\n<li>Adresa IP a vizitatorului<\/li>\n<li>Data \u0219i ora accesului<\/li>\n<li>Tipul \u0219i versiunea browserului<\/li>\n<li>Sistemul de operare<\/li>\n<li>Referrer URL (pagina vizitat\u0103 anterior)<\/li>\n<\/ul>\n<p>Aceste date sunt utilizate exclusiv pentru securitatea \u0219i \u00eentre\u021binerea tehnic\u0103 a site-ului \u0219i nu sunt fuzionate cu alte surse de date. Datele sunt stocate pentru o perioad\u0103 de maximum 7 zile \u0219i apoi sunt \u0219terse automat. <\/p>\n<h3>4. colectarea \u0219i prelucrarea datelor cu caracter personal<\/h3>\n<p>Colect\u0103m date cu caracter personal numai dac\u0103 ni le furniza\u021bi \u00een mod voluntar prin intermediul formularului de contact sau prin e-mail. Acest lucru se aplic\u0103 \u00een special: <\/p>\n<ul data-spread=\"false\">\n<li>Nume \u0219i prenume<\/li>\n<li>Adresa de e-mail<\/li>\n<li>Num\u0103rul de telefon (dac\u0103 este furnizat)<\/li>\n<li>Con\u021binutul mesajului dvs.<\/li>\n<li>Informa\u021bii despre contul de utilizator (dac\u0103 este \u00eenregistrat)<\/li>\n<\/ul>\n<h3>5. scopul prelucr\u0103rii datelor<\/h3>\n<p>Datele pe care le furniza\u021bi vor fi utilizate numai pentru a procesa solicitarea dumneavoastr\u0103, pentru a comunica cu dumneavoastr\u0103 \u0219i pentru a \u00eembun\u0103t\u0103\u021bi serviciile noastre.<\/p>\n<h3>6. comentarii<\/h3>\n<p>Atunci c\u00e2nd vizitatorii posteaz\u0103 comentarii pe site, colect\u0103m datele afi\u0219ate \u00een formularul de comentariu, precum \u0219i adresa IP \u0219i \u0219irul agentului de utilizator pentru a ajuta la recunoa\u0219terea spam-ului.<\/p>\n<h3>7. mass-media<\/h3>\n<p>Dac\u0103 \u00eenc\u0103rca\u021bi imagini pe acest site web, trebuie s\u0103 evita\u021bi \u00eenc\u0103rcarea imaginilor cu date de localizare EXIF GPS \u00eencorporate. Vizitatorii site-ului ar putea extrage astfel de date de localizare. <\/p>\n<h3>8. formulare de contact<\/h3>\n<p>Dac\u0103 utiliza\u021bi formularul nostru de contact, stoc\u0103m datele transmise \u00een scopuri de servicii pentru clien\u021bi pentru o perioad\u0103 de p\u00e2n\u0103 la 6 luni. Aceste date nu sunt utilizate \u00een scopuri de marketing. <\/p>\n<h3>9. pr\u0103jituri<\/h3>\n<p>Site-ul nostru utilizeaz\u0103 module cookie. Modulele cookie sunt fi\u0219iere text de mici dimensiuni care sunt stocate pe dispozitivul dumneavoastr\u0103. <\/p>\n<p>Cookie-urile pe care le folosim includ<\/p>\n<ul data-spread=\"false\">\n<li><strong>Cookie-uri esen\u021biale<\/strong>: Acestea sunt necesare pentru ca site-ul s\u0103 func\u021bioneze.<\/li>\n<li><strong>Cookie-uri de analiz\u0103 \u0219i marketing<\/strong>: Acestea ne ajut\u0103 s\u0103 analiz\u0103m utilizarea site-ului nostru web \u0219i s\u0103 optimiz\u0103m marketingul nostru.<\/li>\n<\/ul>\n<p>Pute\u021bi dezactiva stocarea de module cookie \u00een set\u0103rile browserului dvs.<\/p>\n<h3>10. servicii de analiz\u0103<\/h3>\n<p>Site-ul nostru utilizeaz\u0103 Google Analytics, un serviciu de analiz\u0103 web furnizat de Google Ireland Limited, Gordon House, Barrow Street, Dublin 4, Irlanda.<\/p>\n<p>Google Analytics utilizeaz\u0103 module cookie pentru a analiza utilizarea site-ului nostru web. Am activat anonimizarea IP astfel \u00eenc\u00e2t adresa dvs. IP s\u0103 fie trunchiat\u0103 \u00een cadrul UE sau SEE \u00eenainte de a fi transmis\u0103 c\u0103tre Google. Pute\u021bi \u00eempiedica stocarea de module cookie prin selectarea set\u0103rilor corespunz\u0103toare ale browserului sau prin utilizarea pluginului de dezactivare Google Analytics.  <\/p>\n<p>Informa\u021bii suplimentare: <a>https:\/\/policies.google.com\/privacy<\/a><\/p>\n<h3>11. divulgarea datelor<\/h3>\n<p>Datele dvs. nu vor fi transmise c\u0103tre ter\u021bi dec\u00e2t dac\u0103:<\/p>\n<ul data-spread=\"false\">\n<li>A\u021bi consim\u021bit \u00een mod expres<\/li>\n<li>Exist\u0103 o obliga\u021bie legal\u0103 de a face acest lucru<\/li>\n<li>Prelucrarea este efectuat\u0103 de o persoan\u0103 \u00eemputernicit\u0103 de c\u0103tre operator \u00een conformitate cu art. 28 din RGPD<\/li>\n<\/ul>\n<h3>12. perioada de depozitare<\/h3>\n<p>Stoc\u0103m datele cu caracter personal doar at\u00e2t timp c\u00e2t este necesar pentru a procesa solicitarea dumneavoastr\u0103 sau at\u00e2t timp c\u00e2t exist\u0103 obliga\u021bii legale de p\u0103strare:<\/p>\n<ul data-spread=\"false\">\n<li>Date din formularul de contact: 6 luni<\/li>\n<li>Date de analiz\u0103: 1 an<\/li>\n<li>Date privind comenzile: 10 ani<\/li>\n<\/ul>\n<h3>13. ce drepturi ave\u021bi cu privire la datele dumneavoastr\u0103<\/h3>\n<p>Ave\u021bi urm\u0103toarele drepturi:<\/p>\n<ul data-spread=\"false\">\n<li>Dreptul la informa\u021bii cu privire la datele stocate<\/li>\n<li>Dreptul la rectificarea datelor incorecte<\/li>\n<li>Dreptul la \u0219tergerea datelor dumneavoastr\u0103 (cu condi\u021bia s\u0103 nu existe o obliga\u021bie legal\u0103 de p\u0103strare)<\/li>\n<li>Dreptul la restric\u021bionarea prelucr\u0103rii<\/li>\n<li>Dreptul de a se opune prelucr\u0103rii<\/li>\n<li>Dreptul la portabilitatea datelor<\/li>\n<\/ul>\n<p>V\u0103 rug\u0103m s\u0103 ne contacta\u021bi la <a>info@niroxx.io<\/a> dac\u0103 dori\u021bi s\u0103 v\u0103 exercita\u021bi oricare dintre aceste drepturi.<\/p>\n<h3>14 Unde sunt trimise datele dumneavoastr\u0103<\/h3>\n<p>Utiliz\u0103m instrumente \u0219i servicii ter\u021be care pot prelucra date \u00een afara UE. \u00cen acest sens, ne asigur\u0103m c\u0103 ace\u0219ti furnizori respect\u0103 GDPR: <\/p>\n<ul data-spread=\"false\">\n<li><strong>Google LLC (Google Analytics, Google Ads, reCAPTCHA)<\/strong>: Privacy Shield Agreement (p\u00e2n\u0103 \u00een 2020) \u0219i clauze contractuale standard<\/li>\n<li><strong>Mailchimp (expedierea buletinului informativ)<\/strong>: Clauze contractuale standard<\/li>\n<\/ul>\n<h3>15. informa\u021bii de contact<\/h3>\n<p>Pentru probleme legate de protec\u021bia datelor, v\u0103 rug\u0103m s\u0103 ne contacta\u021bi la:<br \/>\ne-mail:  <a>info@niroxx.io<\/a><\/p>\n<h3>16. modul \u00een care v\u0103 protej\u0103m datele<\/h3>\n<p>Utiliz\u0103m m\u0103suri tehnice \u0219i organizatorice pentru a v\u0103 proteja datele:<\/p>\n<ul data-spread=\"false\">\n<li>Criptare SSL\/TLS<\/li>\n<li>Restric\u021bii de acces<\/li>\n<li>Autentificare cu doi factori (dac\u0103 este cazul)<\/li>\n<li>Actualiz\u0103ri periodice de securitate<\/li>\n<\/ul>\n<h3>17. m\u0103suri \u00een cazul \u00eenc\u0103lc\u0103rii securit\u0103\u021bii datelor<\/h3>\n<p>\u00cen cazul unei \u00eenc\u0103lc\u0103ri a securit\u0103\u021bii datelor, vom notifica utilizatorii afecta\u021bi \u0219i autorit\u0103\u021bile competente pentru protec\u021bia datelor \u00een conformitate cu dispozi\u021biile legale.<\/p>\n<h3>18. de la ce furnizori ter\u021bi primim date<\/h3>\n<p>Nu primim date de la furnizori ter\u021bi care nu sunt men\u021biona\u021bi \u00een aceast\u0103 politic\u0103 de confiden\u021bialitate.<\/p>\n<h3>19 Automatizarea procesului decizional<\/h3>\n<p>Site-ul nostru web nu ia decizii automatizate \u0219i nu realizeaz\u0103 profiluri.<\/p>\n<h3>20. modific\u0103ri ale politicii de confiden\u021bialitate<\/h3>\n<p>Ne rezerv\u0103m dreptul de a actualiza aceast\u0103 politic\u0103 de confiden\u021bialitate dac\u0103 este necesar.<\/p>\n<p><strong>Statut: martie 2025<\/strong><\/p>\n<\/div><\/section>\n","protected":false},"excerpt":{"rendered":"","protected":false},"author":1,"featured_media":0,"parent":0,"menu_order":0,"comment_status":"closed","ping_status":"open","template":"","meta":{"footnotes":""},"class_list":["post-1601","page","type-page","status-publish","hentry"],"yoast_head":"<!-- This site is optimized with the Yoast SEO plugin v27.5 - https:\/\/yoast.com\/product\/yoast-seo-wordpress\/ -->\n<title>Politica de confiden\u021bialitate - Helim - Leak Test Solutions<\/title>\n<meta name=\"description\" content=\"Politica de confiden\u021bialitate a Helim - produc\u0103tor de testere de scurgere a bateriei pentru vehicule electrice \u0219i hibride, \u00een special pentru ateliere \u0219i industrie.\" \/>\n<meta name=\"robots\" content=\"index, follow, max-snippet:-1, max-image-preview:large, max-video-preview:-1\" \/>\n<link rel=\"canonical\" href=\"https:\/\/helim.eu\/ro\/politica-de-confidentialitate\/\" \/>\n<meta property=\"og:locale\" content=\"ro_RO\" \/>\n<meta property=\"og:type\" content=\"article\" \/>\n<meta property=\"og:title\" content=\"Politica de confiden\u021bialitate - Helim - Leak Test Solutions\" \/>\n<meta property=\"og:description\" content=\"Politica de confiden\u021bialitate a Helim - produc\u0103tor de testere de scurgere a bateriei pentru vehicule electrice \u0219i hibride, \u00een special pentru ateliere \u0219i industrie.\" \/>\n<meta property=\"og:url\" content=\"https:\/\/helim.eu\/ro\/politica-de-confidentialitate\/\" \/>\n<meta property=\"og:site_name\" content=\"Helim - Leak Test Solutions\" \/>\n<meta property=\"article:publisher\" content=\"https:\/\/www.facebook.com\/profile.php?id=61574206138313\" \/>\n<meta property=\"article:modified_time\" content=\"2025-05-11T06:37:37+00:00\" \/>\n<meta name=\"twitter:card\" content=\"summary_large_image\" \/>\n<meta name=\"twitter:label1\" content=\"Timp estimat pentru citire\" \/>\n\t<meta name=\"twitter:data1\" content=\"5 minute\" \/>\n<script type=\"application\/ld+json\" class=\"yoast-schema-graph\">{\"@context\":\"https:\\\/\\\/schema.org\",\"@graph\":[{\"@type\":\"WebPage\",\"@id\":\"https:\\\/\\\/helim.eu\\\/ro\\\/politica-de-confidentialitate\\\/\",\"url\":\"https:\\\/\\\/helim.eu\\\/ro\\\/politica-de-confidentialitate\\\/\",\"name\":\"Politica de confiden\u021bialitate - Helim - Leak Test Solutions\",\"isPartOf\":{\"@id\":\"https:\\\/\\\/helim.eu\\\/ro\\\/#website\"},\"datePublished\":\"2025-01-22T17:30:34+00:00\",\"dateModified\":\"2025-05-11T06:37:37+00:00\",\"description\":\"Politica de confiden\u021bialitate a Helim - produc\u0103tor de testere de scurgere a bateriei pentru vehicule electrice \u0219i hibride, \u00een special pentru ateliere \u0219i industrie.\",\"breadcrumb\":{\"@id\":\"https:\\\/\\\/helim.eu\\\/ro\\\/politica-de-confidentialitate\\\/#breadcrumb\"},\"inLanguage\":\"ro-RO\",\"potentialAction\":[{\"@type\":\"ReadAction\",\"target\":[\"https:\\\/\\\/helim.eu\\\/ro\\\/politica-de-confidentialitate\\\/\"]}]},{\"@type\":\"BreadcrumbList\",\"@id\":\"https:\\\/\\\/helim.eu\\\/ro\\\/politica-de-confidentialitate\\\/#breadcrumb\",\"itemListElement\":[{\"@type\":\"ListItem\",\"position\":1,\"name\":\"Startseite\",\"item\":\"https:\\\/\\\/helim.eu\\\/ro\\\/\"},{\"@type\":\"ListItem\",\"position\":2,\"name\":\"Politica de confiden\u021bialitate\"}]},{\"@type\":\"WebSite\",\"@id\":\"https:\\\/\\\/helim.eu\\\/ro\\\/#website\",\"url\":\"https:\\\/\\\/helim.eu\\\/ro\\\/\",\"name\":\"Helim - Leak Test Solutions\",\"description\":\"EV Battery Leaktester\",\"publisher\":{\"@id\":\"https:\\\/\\\/helim.eu\\\/ro\\\/#organization\"},\"potentialAction\":[{\"@type\":\"SearchAction\",\"target\":{\"@type\":\"EntryPoint\",\"urlTemplate\":\"https:\\\/\\\/helim.eu\\\/ro\\\/?s={search_term_string}\"},\"query-input\":{\"@type\":\"PropertyValueSpecification\",\"valueRequired\":true,\"valueName\":\"search_term_string\"}}],\"inLanguage\":\"ro-RO\"},{\"@type\":\"Organization\",\"@id\":\"https:\\\/\\\/helim.eu\\\/ro\\\/#organization\",\"name\":\"Helim\",\"url\":\"https:\\\/\\\/helim.eu\\\/ro\\\/\",\"logo\":{\"@type\":\"ImageObject\",\"inLanguage\":\"ro-RO\",\"@id\":\"https:\\\/\\\/helim.eu\\\/ro\\\/#\\\/schema\\\/logo\\\/image\\\/\",\"url\":\"https:\\\/\\\/helim.eu\\\/wp-content\\\/uploads\\\/2025\\\/03\\\/helim-logo-r-w-600-600-rand.png\",\"contentUrl\":\"https:\\\/\\\/helim.eu\\\/wp-content\\\/uploads\\\/2025\\\/03\\\/helim-logo-r-w-600-600-rand.png\",\"width\":600,\"height\":600,\"caption\":\"Helim\"},\"image\":{\"@id\":\"https:\\\/\\\/helim.eu\\\/ro\\\/#\\\/schema\\\/logo\\\/image\\\/\"},\"sameAs\":[\"https:\\\/\\\/www.facebook.com\\\/profile.php?id=61574206138313\"]}]}<\/script>\n<!-- \/ Yoast SEO plugin. -->","yoast_head_json":{"title":"Politica de confiden\u021bialitate - Helim - Leak Test Solutions","description":"Politica de confiden\u021bialitate a Helim - produc\u0103tor de testere de scurgere a bateriei pentru vehicule electrice \u0219i hibride, \u00een special pentru ateliere \u0219i industrie.","robots":{"index":"index","follow":"follow","max-snippet":"max-snippet:-1","max-image-preview":"max-image-preview:large","max-video-preview":"max-video-preview:-1"},"canonical":"https:\/\/helim.eu\/ro\/politica-de-confidentialitate\/","og_locale":"ro_RO","og_type":"article","og_title":"Politica de confiden\u021bialitate - Helim - Leak Test Solutions","og_description":"Politica de confiden\u021bialitate a Helim - produc\u0103tor de testere de scurgere a bateriei pentru vehicule electrice \u0219i hibride, \u00een special pentru ateliere \u0219i industrie.","og_url":"https:\/\/helim.eu\/ro\/politica-de-confidentialitate\/","og_site_name":"Helim - Leak Test Solutions","article_publisher":"https:\/\/www.facebook.com\/profile.php?id=61574206138313","article_modified_time":"2025-05-11T06:37:37+00:00","twitter_card":"summary_large_image","twitter_misc":{"Timp estimat pentru citire":"5 minute"},"schema":{"@context":"https:\/\/schema.org","@graph":[{"@type":"WebPage","@id":"https:\/\/helim.eu\/ro\/politica-de-confidentialitate\/","url":"https:\/\/helim.eu\/ro\/politica-de-confidentialitate\/","name":"Politica de confiden\u021bialitate - Helim - Leak Test Solutions","isPartOf":{"@id":"https:\/\/helim.eu\/ro\/#website"},"datePublished":"2025-01-22T17:30:34+00:00","dateModified":"2025-05-11T06:37:37+00:00","description":"Politica de confiden\u021bialitate a Helim - produc\u0103tor de testere de scurgere a bateriei pentru vehicule electrice \u0219i hibride, \u00een special pentru ateliere \u0219i industrie.","breadcrumb":{"@id":"https:\/\/helim.eu\/ro\/politica-de-confidentialitate\/#breadcrumb"},"inLanguage":"ro-RO","potentialAction":[{"@type":"ReadAction","target":["https:\/\/helim.eu\/ro\/politica-de-confidentialitate\/"]}]},{"@type":"BreadcrumbList","@id":"https:\/\/helim.eu\/ro\/politica-de-confidentialitate\/#breadcrumb","itemListElement":[{"@type":"ListItem","position":1,"name":"Startseite","item":"https:\/\/helim.eu\/ro\/"},{"@type":"ListItem","position":2,"name":"Politica de confiden\u021bialitate"}]},{"@type":"WebSite","@id":"https:\/\/helim.eu\/ro\/#website","url":"https:\/\/helim.eu\/ro\/","name":"Helim - Leak Test Solutions","description":"EV Battery Leaktester","publisher":{"@id":"https:\/\/helim.eu\/ro\/#organization"},"potentialAction":[{"@type":"SearchAction","target":{"@type":"EntryPoint","urlTemplate":"https:\/\/helim.eu\/ro\/?s={search_term_string}"},"query-input":{"@type":"PropertyValueSpecification","valueRequired":true,"valueName":"search_term_string"}}],"inLanguage":"ro-RO"},{"@type":"Organization","@id":"https:\/\/helim.eu\/ro\/#organization","name":"Helim","url":"https:\/\/helim.eu\/ro\/","logo":{"@type":"ImageObject","inLanguage":"ro-RO","@id":"https:\/\/helim.eu\/ro\/#\/schema\/logo\/image\/","url":"https:\/\/helim.eu\/wp-content\/uploads\/2025\/03\/helim-logo-r-w-600-600-rand.png","contentUrl":"https:\/\/helim.eu\/wp-content\/uploads\/2025\/03\/helim-logo-r-w-600-600-rand.png","width":600,"height":600,"caption":"Helim"},"image":{"@id":"https:\/\/helim.eu\/ro\/#\/schema\/logo\/image\/"},"sameAs":["https:\/\/www.facebook.com\/profile.php?id=61574206138313"]}]}},"_links":{"self":[{"href":"https:\/\/helim.eu\/ro\/wp-json\/wp\/v2\/pages\/1601","targetHints":{"allow":["GET"]}}],"collection":[{"href":"https:\/\/helim.eu\/ro\/wp-json\/wp\/v2\/pages"}],"about":[{"href":"https:\/\/helim.eu\/ro\/wp-json\/wp\/v2\/types\/page"}],"author":[{"embeddable":true,"href":"https:\/\/helim.eu\/ro\/wp-json\/wp\/v2\/users\/1"}],"replies":[{"embeddable":true,"href":"https:\/\/helim.eu\/ro\/wp-json\/wp\/v2\/comments?post=1601"}],"version-history":[{"count":4,"href":"https:\/\/helim.eu\/ro\/wp-json\/wp\/v2\/pages\/1601\/revisions"}],"predecessor-version":[{"id":2888,"href":"https:\/\/helim.eu\/ro\/wp-json\/wp\/v2\/pages\/1601\/revisions\/2888"}],"wp:attachment":[{"href":"https:\/\/helim.eu\/ro\/wp-json\/wp\/v2\/media?parent=1601"}],"curies":[{"name":"wp","href":"https:\/\/api.w.org\/{rel}","templated":true}]}}