{"id":1568,"date":"2025-03-10T11:59:43","date_gmt":"2025-03-10T11:59:43","guid":{"rendered":"https:\/\/helim.eu\/manutencao\/"},"modified":"2025-05-11T06:33:59","modified_gmt":"2025-05-11T06:33:59","slug":"manutencao","status":"publish","type":"page","link":"https:\/\/helim.eu\/pt-pt\/manutencao\/","title":{"rendered":"Manuten\u00e7\u00e3o"},"content":{"rendered":"\n<style type=\"text\/css\" data-created_by=\"avia_inline_auto\" id=\"style-css-av-m7uj1yt0-e7dffc81a17d42c166dd522531a056ec\">\n.avia-section.av-m7uj1yt0-e7dffc81a17d42c166dd522531a056ec .av-parallax .av-parallax-inner{\nbackground-color:#e10800;\nbackground-image:url(https:\/\/helim.eu\/wp-content\/uploads\/2025\/03\/leaktest-battery-leakage-test-helim-10.png);\nbackground-repeat:no-repeat;\nbackground-position:100% 0%;\nbackground-attachment:scroll;\n}\n.avia-section.av-m7uj1yt0-e7dffc81a17d42c166dd522531a056ec .av-section-color-overlay{\nopacity:0.6;\nbackground-color:#e10800;\n}\n#top .avia-section.av-m7uj1yt0-e7dffc81a17d42c166dd522531a056ec .scroll-down-link{\ncolor:#ffffff;\n}\n<\/style>\n<div id='av_section_1'  class='avia-section av-m7uj1yt0-e7dffc81a17d42c166dd522531a056ec main_color avia-section-default avia-no-border-styling  avia-builder-el-0  el_before_av_section  avia-builder-el-first  av-parallax-section avia-bg-style-parallax av-section-color-overlay-active av-minimum-height av-minimum-height-85 av-height-percent  container_wrap fullsize'  data-section-bg-repeat='no-repeat' data-av_minimum_height_pc='85' data-av_min_height_opt='percent'><div class='av-parallax' data-avia-parallax-ratio='0.3' ><div class='av-parallax-inner main_color avia-full-stretch'><\/div><\/div><div class=\"av-section-color-overlay-wrap\"><div class=\"av-section-color-overlay\"><\/div><a href='#next-section' title='' class='scroll-down-link av-custom-scroll-down-color' aria-hidden='true' data-av_icon='\ue877' data-av_iconfont='entypo-fontello'><\/a><div class='container av-section-cont-open' ><main  role=\"main\" itemprop=\"mainContentOfPage\"  class='template-page content  av-content-full alpha units'><div class='post-entry post-entry-type-page post-entry-1568'><div class='entry-content-wrapper clearfix'>\n\n<style type=\"text\/css\" data-created_by=\"avia_inline_auto\" id=\"style-css-av-4w6a-e4e2878a77dacf489fc1da314676a2c1\">\n.flex_column.av-4w6a-e4e2878a77dacf489fc1da314676a2c1{\npadding:50px 0 0 0;\n}\n<\/style>\n<div  class='flex_column av-4w6a-e4e2878a77dacf489fc1da314676a2c1 av_three_fifth  avia-builder-el-1  el_before_av_two_fifth  avia-builder-el-first  first flex_column_div av-parallax-object  ' data-parallax=\"{&quot;parallax&quot;:&quot;right_left&quot;,&quot;parallax_speed&quot;:&quot;40&quot;,&quot;av-desktop-parallax&quot;:&quot;inherit&quot;,&quot;av-desktop-parallax_speed&quot;:&quot;inherit&quot;,&quot;av-medium-parallax&quot;:&quot;inherit&quot;,&quot;av-medium-parallax_speed&quot;:&quot;inherit&quot;,&quot;av-small-parallax&quot;:&quot;inherit&quot;,&quot;av-small-parallax_speed&quot;:&quot;inherit&quot;,&quot;av-mini-parallax&quot;:&quot;inherit&quot;,&quot;av-mini-parallax_speed&quot;:&quot;inherit&quot;,&quot;parallax-container&quot;:&quot;.av-4w6a-e4e2878a77dacf489fc1da314676a2c1&quot;}\"    ><section  class='av_textblock_section av-m7uirohe-b57013c8e80d236f727e40edc1cd64b9 '   itemscope=\"itemscope\" itemtype=\"https:\/\/schema.org\/CreativeWork\" ><div class='avia_textblock'  itemprop=\"text\" ><h1><span style=\"color: #ffffff;\">Dispositivos de Teste de Fugas &#8211; <\/span><span style=\"color: #ffffff;\">Repara\u00e7\u00e3o, Manuten\u00e7\u00e3o e Calibra\u00e7\u00e3o<\/span><\/h1>\n<h1><\/h1>\n<h1><\/h1>\n<\/div><\/section><br \/>\n\n<style type=\"text\/css\" data-created_by=\"avia_inline_auto\" id=\"style-css-av-m7yo0zzc-841ce2c2f2e477756d17ed2aad87f50e\">\n#top .hr.av-m7yo0zzc-841ce2c2f2e477756d17ed2aad87f50e{\nmargin-top:15px;\nmargin-bottom:15px;\n}\n.hr.av-m7yo0zzc-841ce2c2f2e477756d17ed2aad87f50e .hr-inner{\nwidth:50px;\n}\n<\/style>\n<div  class='hr av-m7yo0zzc-841ce2c2f2e477756d17ed2aad87f50e hr-custom  avia-builder-el-3  el_after_av_textblock  el_before_av_image  hr-center hr-icon-no'><span class='hr-inner inner-border-av-border-none'><span class=\"hr-inner-style\"><\/span><\/span><\/div><br \/>\n\n<style type=\"text\/css\" data-created_by=\"avia_inline_auto\" id=\"style-css-av-m7ynwwq1-2b29cc2c1743c3437e88ad1d56d26576\">\n.avia-image-container.av-m7ynwwq1-2b29cc2c1743c3437e88ad1d56d26576 img.avia_image{\nbox-shadow:none;\n}\n.avia-image-container.av-m7ynwwq1-2b29cc2c1743c3437e88ad1d56d26576 .av-image-caption-overlay-center{\ncolor:#ffffff;\n}\n<\/style>\n<div  class='avia-image-container av-m7ynwwq1-2b29cc2c1743c3437e88ad1d56d26576 av-styling- avia-align-left  avia-builder-el-4  el_after_av_hr  avia-builder-el-last '   itemprop=\"image\" itemscope=\"itemscope\" itemtype=\"https:\/\/schema.org\/ImageObject\" ><div class=\"avia-image-container-inner\"><div class=\"avia-image-overlay-wrap\"><img decoding=\"async\" fetchpriority=\"high\" class='wp-image-1551 avia-img-lazy-loading-not-1551 avia_image ' src=\"https:\/\/helim.eu\/wp-content\/uploads\/2025\/03\/helim-white-without-bg-600-300x92.png\" alt='' title='Leakage test EV battery - Helim - Logo 600'  height=\"92\" width=\"300\"  itemprop=\"thumbnailUrl\" srcset=\"https:\/\/helim.eu\/wp-content\/uploads\/2025\/03\/helim-white-without-bg-600-300x92.png 300w, https:\/\/helim.eu\/wp-content\/uploads\/2025\/03\/helim-white-without-bg-600.png 600w\" sizes=\"(max-width: 300px) 100vw, 300px\" \/><\/div><\/div><\/div><\/p><\/div><div  class='flex_column av-2v8g-3bf2cc19cd5a2b3ccf8dff553b817e7b av_two_fifth  avia-builder-el-5  el_after_av_three_fifth  avia-builder-el-last  flex_column_div av-parallax-object  ' data-parallax=\"{&quot;parallax&quot;:&quot;left_right&quot;,&quot;parallax_speed&quot;:&quot;&quot;,&quot;av-desktop-parallax&quot;:&quot;inherit&quot;,&quot;av-desktop-parallax_speed&quot;:&quot;inherit&quot;,&quot;av-medium-parallax&quot;:&quot;inherit&quot;,&quot;av-medium-parallax_speed&quot;:&quot;inherit&quot;,&quot;av-small-parallax&quot;:&quot;inherit&quot;,&quot;av-small-parallax_speed&quot;:&quot;inherit&quot;,&quot;av-mini-parallax&quot;:&quot;inherit&quot;,&quot;av-mini-parallax_speed&quot;:&quot;inherit&quot;,&quot;parallax-container&quot;:&quot;.av-2v8g-3bf2cc19cd5a2b3ccf8dff553b817e7b&quot;}\"    ><\/div>\n\n<\/div><\/div><\/main><!-- close content main element --><\/div><\/div><\/div><div id='av_section_2'  class='avia-section av-47lk-f015129779bb3f8076b237345036f878 main_color avia-section-default avia-no-border-styling  avia-builder-el-7  el_after_av_section  el_before_av_section  avia-bg-style-scroll av-minimum-height av-minimum-height-25 av-height-25  container_wrap fullsize'   data-av_minimum_height_pc='25' data-av_min_height_opt='25'><div class='container av-section-cont-open' ><div class='template-page content  av-content-full alpha units'><div class='post-entry post-entry-type-page post-entry-1568'><div class='entry-content-wrapper clearfix'>\n\n<style type=\"text\/css\" data-created_by=\"avia_inline_auto\" id=\"style-css-av-m7voq5i7-63dcc9f6d8eaf1fc54618182a0cb7f21\">\n#top .av_textblock_section.av-m7voq5i7-63dcc9f6d8eaf1fc54618182a0cb7f21 .avia_textblock{\ntext-align:center;\n}\n<\/style>\n<section  class='av_textblock_section av-m7voq5i7-63dcc9f6d8eaf1fc54618182a0cb7f21 '   itemscope=\"itemscope\" itemtype=\"https:\/\/schema.org\/CreativeWork\" ><div class='avia_textblock'  itemprop=\"text\" ><h2 style=\"text-align: left;\" data-pm-slice=\"1 1 &#091;&#093;\"><strong>Repara\u00e7\u00e3o, Manuten\u00e7\u00e3o e Calibra\u00e7\u00e3o de Dispositivos de Teste de Fugas <\/strong><\/h2>\n<p style=\"text-align: left;\">Os nossos dispositivos de teste de estanqueidade de baterias s\u00e3o precisos, fi\u00e1veis e duradouros. No entanto, com o passar do tempo, podem ocorrer desgastes ou pequenos defeitos. Para que possa trabalhar sempre com um sistema de teste totalmente funcional, oferecemos servi\u00e7os profissionais de <strong>repara\u00e7\u00e3o, manuten\u00e7\u00e3o e calibra\u00e7\u00e3o<\/strong>.  <\/p>\n<h3 style=\"text-align: left;\">A nossa oferta de servi\u00e7os:<\/h3>\n<ul style=\"text-align: left;\" data-spread=\"false\">\n<li><strong>Repara\u00e7\u00f5es<\/strong>: Caso o seu dispositivo apresente uma avaria ou defeito, trataremos da sua repara\u00e7\u00e3o de forma r\u00e1pida e fi\u00e1vel.<\/li>\n<li><strong>Manuten\u00e7\u00e3o<\/strong>: Inspe\u00e7\u00f5es regulares asseguram que os seus dispositivos de teste de estanqueidade de baterias funcionam sempre de forma ideal.<\/li>\n<li><strong>Calibra\u00e7\u00e3o<\/strong>: Para garantir resultados de medi\u00e7\u00e3o precisos, oferecemos uma calibra\u00e7\u00e3o profissional dos seus dispositivos.<\/li>\n<\/ul>\n<h3 style=\"text-align: left;\">Servi\u00e7o para Dispositivos Helim e Produtos de Parceiros<\/h3>\n<p style=\"text-align: left;\">Estamos dispon\u00edveis n\u00e3o s\u00f3 para a manuten\u00e7\u00e3o e repara\u00e7\u00e3o dos nossos pr\u00f3prios dispositivos de teste de estanqueidade Helim, mas tamb\u00e9m para dispositivos que foram vendidos como <strong>produtos de marca pr\u00f3pria<\/strong> pela Helim e est\u00e3o dispon\u00edveis na Europa. Os nossos especialistas possuem o conhecimento necess\u00e1rio para realizar uma repara\u00e7\u00e3o ou calibra\u00e7\u00e3o r\u00e1pida e eficaz. N\u00e3o prestamos assist\u00eancia a dispositivos de outras marcas fora da nossa rede de parceiros.  <\/p>\n<h3 style=\"text-align: left;\">Como funciona o processo de servi\u00e7o<\/h3>\n<ol style=\"text-align: left;\" start=\"1\" data-spread=\"false\">\n<li><strong>Contacto<\/strong>: Antes de enviar o seu dispositivo, por favor, entre em contacto connosco. Inform\u00e1-lo-emos para onde deve enviar o dispositivo. <\/li>\n<li><strong>Descri\u00e7\u00e3o da avaria<\/strong>: Uma breve descri\u00e7\u00e3o do problema ajuda-nos a planear a repara\u00e7\u00e3o de forma eficiente e a reduzir o tempo de processamento.<\/li>\n<li><strong>Processamento r\u00e1pido<\/strong>: Sabemos que necessita do seu dispositivo de teste para continuar o seu trabalho. Por isso, asseguramos uma repara\u00e7\u00e3o ou calibra\u00e7\u00e3o c\u00e9lere. <\/li>\n<li><strong>Devolu\u00e7\u00e3o<\/strong>: Ap\u00f3s a conclus\u00e3o dos trabalhos, receber\u00e1 o seu dispositivo de volta imediatamente, para que possa utiliz\u00e1-lo novamente sem demora.<\/li>\n<\/ol>\n<h3 style=\"text-align: left;\">Por que \u00e9 importante a manuten\u00e7\u00e3o e <span style=\"color: #000000;\"><a style=\"color: #000000;\" href=\"https:\/\/de.wikipedia.org\/wiki\/Kalibrierung\" target=\"_blank\" rel=\"noopener\">calibra\u00e7\u00e3o<\/a><\/span> regular?<\/h3>\n<ul style=\"text-align: left;\" data-spread=\"false\">\n<li><strong>Preserva\u00e7\u00e3o da precis\u00e3o<\/strong>: A exatid\u00e3o de medi\u00e7\u00e3o \u00e9 essencial para um teste de estanqueidade de baterias fi\u00e1vel.<\/li>\n<li><strong>Preven\u00e7\u00e3o de falhas<\/strong>: A manuten\u00e7\u00e3o regular ajuda a evitar per\u00edodos de inatividade dispendiosos.<\/li>\n<li><strong>Conformidade com as normas<\/strong>: A calibra\u00e7\u00e3o assegura que os seus dispositivos cumprem os regulamentos legais e espec\u00edficos do fabricante atuais.<\/li>\n<\/ul>\n<h3 style=\"text-align: left;\">Dispositivos de Teste de Fugas &#8211; Repara\u00e7\u00e3o, Manuten\u00e7\u00e3o, Calibra\u00e7\u00e3o<\/h3>\n<p style=\"text-align: left;\"><strong><span style=\"color: #000000;\"><a style=\"color: #000000;\" href=\"https:\/\/helim.eu\/pt-pt\/contacto\/\">Contacte-nos<\/a><\/span> hoje mesmo!<\/strong><\/p>\n<p style=\"text-align: left;\">Necessita de uma repara\u00e7\u00e3o, manuten\u00e7\u00e3o ou calibra\u00e7\u00e3o do seu dispositivo de teste de estanqueidade de baterias? Ent\u00e3o n\u00e3o hesite e entre em contacto connosco. Ajud\u00e1-lo-emos de forma r\u00e1pida e competente!  <\/p>\n<\/div><\/section>\n<div  class='avia-button-wrap av-m8e7u068-83d1f8595fe085b9a0435cfa80d6cb93-wrap avia-button-center  avia-builder-el-9  el_after_av_textblock  avia-builder-el-last '>\n<style type=\"text\/css\" data-created_by=\"avia_inline_auto\" id=\"style-css-av-m8e7u068-83d1f8595fe085b9a0435cfa80d6cb93\">\n#top #wrap_all .avia-button.av-m8e7u068-83d1f8595fe085b9a0435cfa80d6cb93{\nfont-size:20px;\ntransition:all 0.4s ease-in-out;\n}\n<\/style>\n<a href='https:\/\/helim.eu\/pt-pt\/contacto\/'  class='avia-button av-m8e7u068-83d1f8595fe085b9a0435cfa80d6cb93 avia-icon_select-yes-left-icon avia-size-large avia-position-center avia-color-theme-color'  ><span class='avia_button_icon avia_button_icon_left' aria-hidden='true' data-av_icon='\ue805' data-av_iconfont='entypo-fontello'><\/span><span class='avia_iconbox_title' >O seu contacto com a Helim<\/span><\/a><\/div>\n\n<\/div><\/div><\/div><!-- close content main div --><\/div><\/div>\n<style type=\"text\/css\" data-created_by=\"avia_inline_auto\" id=\"style-css-av-2x7u-0d73e1215719be8fe3abeca2ba37d8f1\">\n.avia-section.av-2x7u-0d73e1215719be8fe3abeca2ba37d8f1{\nbackground-repeat:no-repeat;\nbackground-image:url(https:\/\/helim.eu\/wp-content\/uploads\/2025\/03\/battery-air-leak-test-helim-r.png);\nbackground-position:50% 50%;\nbackground-attachment:fixed;\nmargin-top:0px;\nmargin-bottom:50px;\n}\n.avia-section.av-2x7u-0d73e1215719be8fe3abeca2ba37d8f1 .av-section-color-overlay{\nopacity:0.3;\nbackground-color:#ffffff;\n}\n<\/style>\n<div id='av_section_3'  class='avia-section av-2x7u-0d73e1215719be8fe3abeca2ba37d8f1 main_color avia-section-default avia-no-border-styling  avia-builder-el-10  el_after_av_section  avia-builder-el-last  avia-bg-style-fixed av-section-color-overlay-active av-minimum-height av-minimum-height-custom av-height-custom  container_wrap fullsize'  data-section-bg-repeat='no-repeat' data-av_minimum_height_px='350'><div class=\"av-section-color-overlay-wrap\"><div class=\"av-section-color-overlay\"><\/div><div class='container av-section-cont-open' style='height:350px'><div class='template-page content  av-content-full alpha units'><div class='post-entry post-entry-type-page post-entry-1568'><div class='entry-content-wrapper clearfix'>\n","protected":false},"excerpt":{"rendered":"","protected":false},"author":1,"featured_media":0,"parent":0,"menu_order":0,"comment_status":"closed","ping_status":"open","template":"","meta":{"footnotes":""},"class_list":["post-1568","page","type-page","status-publish","hentry"],"yoast_head":"<!-- This site is optimized with the Yoast SEO plugin v27.5 - https:\/\/yoast.com\/product\/yoast-seo-wordpress\/ -->\n<title>Manuten\u00e7\u00e3o - Helim - Leak Test Solutions<\/title>\n<meta name=\"description\" content=\"Repara\u00e7\u00e3o, Manuten\u00e7\u00e3o e Calibra\u00e7\u00e3o de Dispositivos de Teste de Fugas - para dispositivos de teste de estanqueidade de baterias e de fugas Helim.\" \/>\n<meta name=\"robots\" content=\"index, follow, max-snippet:-1, max-image-preview:large, max-video-preview:-1\" \/>\n<link rel=\"canonical\" href=\"https:\/\/helim.eu\/pt-pt\/manutencao\/\" \/>\n<meta property=\"og:locale\" content=\"pt_PT\" \/>\n<meta property=\"og:type\" content=\"article\" \/>\n<meta property=\"og:title\" content=\"Manuten\u00e7\u00e3o - Helim - Leak Test Solutions\" \/>\n<meta property=\"og:description\" content=\"Repara\u00e7\u00e3o, Manuten\u00e7\u00e3o e Calibra\u00e7\u00e3o de Dispositivos de Teste de Fugas - para dispositivos de teste de estanqueidade de baterias e de fugas Helim.\" \/>\n<meta property=\"og:url\" content=\"https:\/\/helim.eu\/pt-pt\/manutencao\/\" \/>\n<meta property=\"og:site_name\" content=\"Helim - Leak Test Solutions\" \/>\n<meta property=\"article:publisher\" content=\"https:\/\/www.facebook.com\/profile.php?id=61574206138313\" \/>\n<meta property=\"article:modified_time\" content=\"2025-05-11T06:33:59+00:00\" \/>\n<meta name=\"twitter:card\" content=\"summary_large_image\" \/>\n<meta name=\"twitter:label1\" content=\"Tempo estimado de leitura\" \/>\n\t<meta name=\"twitter:data1\" content=\"19 minutos\" \/>\n<script type=\"application\/ld+json\" class=\"yoast-schema-graph\">{\"@context\":\"https:\\\/\\\/schema.org\",\"@graph\":[{\"@type\":\"WebPage\",\"@id\":\"https:\\\/\\\/helim.eu\\\/pt-pt\\\/manutencao\\\/\",\"url\":\"https:\\\/\\\/helim.eu\\\/pt-pt\\\/manutencao\\\/\",\"name\":\"Manuten\u00e7\u00e3o - Helim - Leak Test Solutions\",\"isPartOf\":{\"@id\":\"https:\\\/\\\/helim.eu\\\/pt-pt\\\/#website\"},\"datePublished\":\"2025-03-10T11:59:43+00:00\",\"dateModified\":\"2025-05-11T06:33:59+00:00\",\"description\":\"Repara\u00e7\u00e3o, Manuten\u00e7\u00e3o e Calibra\u00e7\u00e3o de Dispositivos de Teste de Fugas - para dispositivos de teste de estanqueidade de baterias e de fugas Helim.\",\"breadcrumb\":{\"@id\":\"https:\\\/\\\/helim.eu\\\/pt-pt\\\/manutencao\\\/#breadcrumb\"},\"inLanguage\":\"pt-PT\",\"potentialAction\":[{\"@type\":\"ReadAction\",\"target\":[\"https:\\\/\\\/helim.eu\\\/pt-pt\\\/manutencao\\\/\"]}]},{\"@type\":\"BreadcrumbList\",\"@id\":\"https:\\\/\\\/helim.eu\\\/pt-pt\\\/manutencao\\\/#breadcrumb\",\"itemListElement\":[{\"@type\":\"ListItem\",\"position\":1,\"name\":\"Startseite\",\"item\":\"https:\\\/\\\/helim.eu\\\/pt-pt\\\/\"},{\"@type\":\"ListItem\",\"position\":2,\"name\":\"Manuten\u00e7\u00e3o\"}]},{\"@type\":\"WebSite\",\"@id\":\"https:\\\/\\\/helim.eu\\\/pt-pt\\\/#website\",\"url\":\"https:\\\/\\\/helim.eu\\\/pt-pt\\\/\",\"name\":\"Helim - Leak Test Solutions\",\"description\":\"EV Battery Leaktester\",\"publisher\":{\"@id\":\"https:\\\/\\\/helim.eu\\\/pt-pt\\\/#organization\"},\"potentialAction\":[{\"@type\":\"SearchAction\",\"target\":{\"@type\":\"EntryPoint\",\"urlTemplate\":\"https:\\\/\\\/helim.eu\\\/pt-pt\\\/?s={search_term_string}\"},\"query-input\":{\"@type\":\"PropertyValueSpecification\",\"valueRequired\":true,\"valueName\":\"search_term_string\"}}],\"inLanguage\":\"pt-PT\"},{\"@type\":\"Organization\",\"@id\":\"https:\\\/\\\/helim.eu\\\/pt-pt\\\/#organization\",\"name\":\"Helim\",\"url\":\"https:\\\/\\\/helim.eu\\\/pt-pt\\\/\",\"logo\":{\"@type\":\"ImageObject\",\"inLanguage\":\"pt-PT\",\"@id\":\"https:\\\/\\\/helim.eu\\\/pt-pt\\\/#\\\/schema\\\/logo\\\/image\\\/\",\"url\":\"https:\\\/\\\/helim.eu\\\/wp-content\\\/uploads\\\/2025\\\/03\\\/helim-logo-r-w-600-600-rand.png\",\"contentUrl\":\"https:\\\/\\\/helim.eu\\\/wp-content\\\/uploads\\\/2025\\\/03\\\/helim-logo-r-w-600-600-rand.png\",\"width\":600,\"height\":600,\"caption\":\"Helim\"},\"image\":{\"@id\":\"https:\\\/\\\/helim.eu\\\/pt-pt\\\/#\\\/schema\\\/logo\\\/image\\\/\"},\"sameAs\":[\"https:\\\/\\\/www.facebook.com\\\/profile.php?id=61574206138313\"]}]}<\/script>\n<!-- \/ Yoast SEO plugin. -->","yoast_head_json":{"title":"Manuten\u00e7\u00e3o - Helim - Leak Test Solutions","description":"Repara\u00e7\u00e3o, Manuten\u00e7\u00e3o e Calibra\u00e7\u00e3o de Dispositivos de Teste de Fugas - para dispositivos de teste de estanqueidade de baterias e de fugas Helim.","robots":{"index":"index","follow":"follow","max-snippet":"max-snippet:-1","max-image-preview":"max-image-preview:large","max-video-preview":"max-video-preview:-1"},"canonical":"https:\/\/helim.eu\/pt-pt\/manutencao\/","og_locale":"pt_PT","og_type":"article","og_title":"Manuten\u00e7\u00e3o - Helim - Leak Test Solutions","og_description":"Repara\u00e7\u00e3o, Manuten\u00e7\u00e3o e Calibra\u00e7\u00e3o de Dispositivos de Teste de Fugas - para dispositivos de teste de estanqueidade de baterias e de fugas Helim.","og_url":"https:\/\/helim.eu\/pt-pt\/manutencao\/","og_site_name":"Helim - Leak Test Solutions","article_publisher":"https:\/\/www.facebook.com\/profile.php?id=61574206138313","article_modified_time":"2025-05-11T06:33:59+00:00","twitter_card":"summary_large_image","twitter_misc":{"Tempo estimado de leitura":"19 minutos"},"schema":{"@context":"https:\/\/schema.org","@graph":[{"@type":"WebPage","@id":"https:\/\/helim.eu\/pt-pt\/manutencao\/","url":"https:\/\/helim.eu\/pt-pt\/manutencao\/","name":"Manuten\u00e7\u00e3o - Helim - Leak Test Solutions","isPartOf":{"@id":"https:\/\/helim.eu\/pt-pt\/#website"},"datePublished":"2025-03-10T11:59:43+00:00","dateModified":"2025-05-11T06:33:59+00:00","description":"Repara\u00e7\u00e3o, Manuten\u00e7\u00e3o e Calibra\u00e7\u00e3o de Dispositivos de Teste de Fugas - para dispositivos de teste de estanqueidade de baterias e de fugas Helim.","breadcrumb":{"@id":"https:\/\/helim.eu\/pt-pt\/manutencao\/#breadcrumb"},"inLanguage":"pt-PT","potentialAction":[{"@type":"ReadAction","target":["https:\/\/helim.eu\/pt-pt\/manutencao\/"]}]},{"@type":"BreadcrumbList","@id":"https:\/\/helim.eu\/pt-pt\/manutencao\/#breadcrumb","itemListElement":[{"@type":"ListItem","position":1,"name":"Startseite","item":"https:\/\/helim.eu\/pt-pt\/"},{"@type":"ListItem","position":2,"name":"Manuten\u00e7\u00e3o"}]},{"@type":"WebSite","@id":"https:\/\/helim.eu\/pt-pt\/#website","url":"https:\/\/helim.eu\/pt-pt\/","name":"Helim - Leak Test Solutions","description":"EV Battery Leaktester","publisher":{"@id":"https:\/\/helim.eu\/pt-pt\/#organization"},"potentialAction":[{"@type":"SearchAction","target":{"@type":"EntryPoint","urlTemplate":"https:\/\/helim.eu\/pt-pt\/?s={search_term_string}"},"query-input":{"@type":"PropertyValueSpecification","valueRequired":true,"valueName":"search_term_string"}}],"inLanguage":"pt-PT"},{"@type":"Organization","@id":"https:\/\/helim.eu\/pt-pt\/#organization","name":"Helim","url":"https:\/\/helim.eu\/pt-pt\/","logo":{"@type":"ImageObject","inLanguage":"pt-PT","@id":"https:\/\/helim.eu\/pt-pt\/#\/schema\/logo\/image\/","url":"https:\/\/helim.eu\/wp-content\/uploads\/2025\/03\/helim-logo-r-w-600-600-rand.png","contentUrl":"https:\/\/helim.eu\/wp-content\/uploads\/2025\/03\/helim-logo-r-w-600-600-rand.png","width":600,"height":600,"caption":"Helim"},"image":{"@id":"https:\/\/helim.eu\/pt-pt\/#\/schema\/logo\/image\/"},"sameAs":["https:\/\/www.facebook.com\/profile.php?id=61574206138313"]}]}},"_links":{"self":[{"href":"https:\/\/helim.eu\/pt-pt\/wp-json\/wp\/v2\/pages\/1568","targetHints":{"allow":["GET"]}}],"collection":[{"href":"https:\/\/helim.eu\/pt-pt\/wp-json\/wp\/v2\/pages"}],"about":[{"href":"https:\/\/helim.eu\/pt-pt\/wp-json\/wp\/v2\/types\/page"}],"author":[{"embeddable":true,"href":"https:\/\/helim.eu\/pt-pt\/wp-json\/wp\/v2\/users\/1"}],"replies":[{"embeddable":true,"href":"https:\/\/helim.eu\/pt-pt\/wp-json\/wp\/v2\/comments?post=1568"}],"version-history":[{"count":4,"href":"https:\/\/helim.eu\/pt-pt\/wp-json\/wp\/v2\/pages\/1568\/revisions"}],"predecessor-version":[{"id":2792,"href":"https:\/\/helim.eu\/pt-pt\/wp-json\/wp\/v2\/pages\/1568\/revisions\/2792"}],"wp:attachment":[{"href":"https:\/\/helim.eu\/pt-pt\/wp-json\/wp\/v2\/media?parent=1568"}],"curies":[{"name":"wp","href":"https:\/\/api.w.org\/{rel}","templated":true}]}}