{"id":2001,"date":"2025-03-10T11:59:43","date_gmt":"2025-03-10T11:59:43","guid":{"rendered":"https:\/\/helim.eu\/konserwacja\/"},"modified":"2025-05-11T06:34:00","modified_gmt":"2025-05-11T06:34:00","slug":"konserwacja","status":"publish","type":"page","link":"https:\/\/helim.eu\/pl\/konserwacja\/","title":{"rendered":"Konserwacja"},"content":{"rendered":"\n<style type=\"text\/css\" data-created_by=\"avia_inline_auto\" id=\"style-css-av-m7uj1yt0-e7dffc81a17d42c166dd522531a056ec\">\n.avia-section.av-m7uj1yt0-e7dffc81a17d42c166dd522531a056ec .av-parallax .av-parallax-inner{\nbackground-color:#e10800;\nbackground-image:url(https:\/\/helim.eu\/wp-content\/uploads\/2025\/03\/leaktest-battery-leakage-test-helim-10.png);\nbackground-repeat:no-repeat;\nbackground-position:100% 0%;\nbackground-attachment:scroll;\n}\n.avia-section.av-m7uj1yt0-e7dffc81a17d42c166dd522531a056ec .av-section-color-overlay{\nopacity:0.6;\nbackground-color:#e10800;\n}\n#top .avia-section.av-m7uj1yt0-e7dffc81a17d42c166dd522531a056ec .scroll-down-link{\ncolor:#ffffff;\n}\n<\/style>\n<div id='av_section_1'  class='avia-section av-m7uj1yt0-e7dffc81a17d42c166dd522531a056ec main_color avia-section-default avia-no-border-styling  avia-builder-el-0  el_before_av_section  avia-builder-el-first  av-parallax-section avia-bg-style-parallax av-section-color-overlay-active av-minimum-height av-minimum-height-85 av-height-percent  container_wrap fullsize'  data-section-bg-repeat='no-repeat' data-av_minimum_height_pc='85' data-av_min_height_opt='percent'><div class='av-parallax' data-avia-parallax-ratio='0.3' ><div class='av-parallax-inner main_color avia-full-stretch'><\/div><\/div><div class=\"av-section-color-overlay-wrap\"><div class=\"av-section-color-overlay\"><\/div><a href='#next-section' title='' class='scroll-down-link av-custom-scroll-down-color' aria-hidden='true' data-av_icon='\ue877' data-av_iconfont='entypo-fontello'><\/a><div class='container av-section-cont-open' ><main  role=\"main\" itemprop=\"mainContentOfPage\"  class='template-page content  av-content-full alpha units'><div class='post-entry post-entry-type-page post-entry-2001'><div class='entry-content-wrapper clearfix'>\n\n<style type=\"text\/css\" data-created_by=\"avia_inline_auto\" id=\"style-css-av-4w6a-e4e2878a77dacf489fc1da314676a2c1\">\n.flex_column.av-4w6a-e4e2878a77dacf489fc1da314676a2c1{\npadding:50px 0 0 0;\n}\n<\/style>\n<div  class='flex_column av-4w6a-e4e2878a77dacf489fc1da314676a2c1 av_three_fifth  avia-builder-el-1  el_before_av_two_fifth  avia-builder-el-first  first flex_column_div av-parallax-object  ' data-parallax=\"{&quot;parallax&quot;:&quot;right_left&quot;,&quot;parallax_speed&quot;:&quot;40&quot;,&quot;av-desktop-parallax&quot;:&quot;inherit&quot;,&quot;av-desktop-parallax_speed&quot;:&quot;inherit&quot;,&quot;av-medium-parallax&quot;:&quot;inherit&quot;,&quot;av-medium-parallax_speed&quot;:&quot;inherit&quot;,&quot;av-small-parallax&quot;:&quot;inherit&quot;,&quot;av-small-parallax_speed&quot;:&quot;inherit&quot;,&quot;av-mini-parallax&quot;:&quot;inherit&quot;,&quot;av-mini-parallax_speed&quot;:&quot;inherit&quot;,&quot;parallax-container&quot;:&quot;.av-4w6a-e4e2878a77dacf489fc1da314676a2c1&quot;}\"    ><section  class='av_textblock_section av-m7uirohe-b57013c8e80d236f727e40edc1cd64b9 '   itemscope=\"itemscope\" itemtype=\"https:\/\/schema.org\/CreativeWork\" ><div class='avia_textblock'  itemprop=\"text\" ><h1><span style=\"color: #ffffff;\">Urz\u0105dzenia do testowania szczelno\u015bci &#8211; <\/span><span style=\"color: #ffffff;\">Naprawa, konserwacja i kalibracja<\/span><\/h1>\n<h1><\/h1>\n<h1><\/h1>\n<\/div><\/section><br \/>\n\n<style type=\"text\/css\" data-created_by=\"avia_inline_auto\" id=\"style-css-av-m7yo0zzc-841ce2c2f2e477756d17ed2aad87f50e\">\n#top .hr.av-m7yo0zzc-841ce2c2f2e477756d17ed2aad87f50e{\nmargin-top:15px;\nmargin-bottom:15px;\n}\n.hr.av-m7yo0zzc-841ce2c2f2e477756d17ed2aad87f50e .hr-inner{\nwidth:50px;\n}\n<\/style>\n<div  class='hr av-m7yo0zzc-841ce2c2f2e477756d17ed2aad87f50e hr-custom  avia-builder-el-3  el_after_av_textblock  el_before_av_image  hr-center hr-icon-no'><span class='hr-inner inner-border-av-border-none'><span class=\"hr-inner-style\"><\/span><\/span><\/div><br \/>\n\n<style type=\"text\/css\" data-created_by=\"avia_inline_auto\" id=\"style-css-av-m7ynwwq1-37357be65797e668f2b683745e5f3cb0\">\n.avia-image-container.av-m7ynwwq1-37357be65797e668f2b683745e5f3cb0 img.avia_image{\nbox-shadow:none;\n}\n.avia-image-container.av-m7ynwwq1-37357be65797e668f2b683745e5f3cb0 .av-image-caption-overlay-center{\ncolor:#ffffff;\n}\n<\/style>\n<div  class='avia-image-container av-m7ynwwq1-37357be65797e668f2b683745e5f3cb0 av-styling- avia-align-left  avia-builder-el-4  el_after_av_hr  avia-builder-el-last '   itemprop=\"image\" itemscope=\"itemscope\" itemtype=\"https:\/\/schema.org\/ImageObject\" ><div class=\"avia-image-container-inner\"><div class=\"avia-image-overlay-wrap\"><img decoding=\"async\" fetchpriority=\"high\" class='wp-image-1958 avia-img-lazy-loading-not-1958 avia_image ' src=\"https:\/\/helim.eu\/wp-content\/uploads\/2025\/03\/helim-white-without-bg-600-300x92.png\" alt='' title='Leakage test EV battery - Helim - Logo 600'  height=\"92\" width=\"300\"  itemprop=\"thumbnailUrl\" srcset=\"https:\/\/helim.eu\/wp-content\/uploads\/2025\/03\/helim-white-without-bg-600-300x92.png 300w, https:\/\/helim.eu\/wp-content\/uploads\/2025\/03\/helim-white-without-bg-600.png 600w\" sizes=\"(max-width: 300px) 100vw, 300px\" \/><\/div><\/div><\/div><\/p><\/div><div  class='flex_column av-2v8g-3bf2cc19cd5a2b3ccf8dff553b817e7b av_two_fifth  avia-builder-el-5  el_after_av_three_fifth  avia-builder-el-last  flex_column_div av-parallax-object  ' data-parallax=\"{&quot;parallax&quot;:&quot;left_right&quot;,&quot;parallax_speed&quot;:&quot;&quot;,&quot;av-desktop-parallax&quot;:&quot;inherit&quot;,&quot;av-desktop-parallax_speed&quot;:&quot;inherit&quot;,&quot;av-medium-parallax&quot;:&quot;inherit&quot;,&quot;av-medium-parallax_speed&quot;:&quot;inherit&quot;,&quot;av-small-parallax&quot;:&quot;inherit&quot;,&quot;av-small-parallax_speed&quot;:&quot;inherit&quot;,&quot;av-mini-parallax&quot;:&quot;inherit&quot;,&quot;av-mini-parallax_speed&quot;:&quot;inherit&quot;,&quot;parallax-container&quot;:&quot;.av-2v8g-3bf2cc19cd5a2b3ccf8dff553b817e7b&quot;}\"    ><\/div>\n\n<\/div><\/div><\/main><!-- close content main element --><\/div><\/div><\/div><div id='av_section_2'  class='avia-section av-47lk-f015129779bb3f8076b237345036f878 main_color avia-section-default avia-no-border-styling  avia-builder-el-7  el_after_av_section  el_before_av_section  avia-bg-style-scroll av-minimum-height av-minimum-height-25 av-height-25  container_wrap fullsize'   data-av_minimum_height_pc='25' data-av_min_height_opt='25'><div class='container av-section-cont-open' ><div class='template-page content  av-content-full alpha units'><div class='post-entry post-entry-type-page post-entry-2001'><div class='entry-content-wrapper clearfix'>\n\n<style type=\"text\/css\" data-created_by=\"avia_inline_auto\" id=\"style-css-av-m7voq5i7-63dcc9f6d8eaf1fc54618182a0cb7f21\">\n#top .av_textblock_section.av-m7voq5i7-63dcc9f6d8eaf1fc54618182a0cb7f21 .avia_textblock{\ntext-align:center;\n}\n<\/style>\n<section  class='av_textblock_section av-m7voq5i7-63dcc9f6d8eaf1fc54618182a0cb7f21 '   itemscope=\"itemscope\" itemtype=\"https:\/\/schema.org\/CreativeWork\" ><div class='avia_textblock'  itemprop=\"text\" ><h2 style=\"text-align: left;\" data-pm-slice=\"1 1 &#091;&#093;\"><strong>Testery szczelno\u015bci Naprawa, konserwacja i kalibracja  <\/strong><\/h2>\n<p style=\"text-align: left;\">Nasze testery szczelno\u015bci akumulator\u00f3w s\u0105 precyzyjne, niezawodne i trwa\u0142e. Niemniej jednak z czasem mo\u017ce doj\u015b\u0107 do zu\u017cycia lub drobnych usterek. Oferujemy profesjonalne <strong>us\u0142ugi naprawy, konserwacji i kalibracji<\/strong>, aby\u015b m\u00f3g\u0142 zawsze pracowa\u0107 z w pe\u0142ni funkcjonalnym systemem testowym.  <\/p>\n<h3 style=\"text-align: left;\">Nasz zakres us\u0142ug:<\/h3>\n<ul style=\"text-align: left;\" data-spread=\"false\">\n<li><strong>Naprawy<\/strong>: Je\u015bli urz\u0105dzenie ma usterk\u0119 lub wad\u0119, zajmiemy si\u0119 napraw\u0105 szybko i niezawodnie.<\/li>\n<li><strong>Konserwacja<\/strong>: Regularne kontrole zapewniaj\u0105, \u017ce wykrywacze wyciek\u00f3w baterii zawsze dzia\u0142aj\u0105 optymalnie.<\/li>\n<li><strong>Kalibracja<\/strong>: Aby zapewni\u0107 precyzyjne wyniki pomiar\u00f3w, oferujemy profesjonaln\u0105 kalibracj\u0119 urz\u0105dze\u0144.<\/li>\n<\/ul>\n<h3 style=\"text-align: left;\">Serwis urz\u0105dze\u0144 Helim i produkt\u00f3w partnerskich<\/h3>\n<p style=\"text-align: left;\">Jeste\u015bmy dost\u0119pni nie tylko w zakresie konserwacji i naprawy naszych w\u0142asnych tester\u00f3w szczelno\u015bci Helim, ale tak\u017ce serwisujemy urz\u0105dzenia, kt\u00f3re zosta\u0142y sprzedane jako <strong>produkty marki w\u0142asnej<\/strong> Helim i s\u0105 dost\u0119pne w Europie. Nasi eksperci posiadaj\u0105 niezb\u0119dn\u0105 wiedz\u0119 do przeprowadzenia szybkiej i skutecznej naprawy lub kalibracji. Nie serwisujemy urz\u0105dze\u0144 innych producent\u00f3w spoza naszej sieci partnerskiej.  <\/p>\n<h3 style=\"text-align: left;\">Jak dzia\u0142a proces obs\u0142ugi<\/h3>\n<ol style=\"text-align: left;\" start=\"1\" data-spread=\"false\">\n<li><strong>Kontakt<\/strong>: Prosimy o kontakt przed wys\u0142aniem urz\u0105dzenia. Poinformujemy Ci\u0119, gdzie wys\u0142a\u0107 urz\u0105dzenie. <\/li>\n<li><strong>Opis usterki<\/strong>: Kr\u00f3tki opis problemu pomaga nam efektywnie zaplanowa\u0107 napraw\u0119 i skr\u00f3ci\u0107 czas przetwarzania.<\/li>\n<li><strong>Szybkie przetwarzanie<\/strong>: Wiemy, \u017ce tester jest potrzebny do kontynuowania pracy. Dlatego zapewniamy szybk\u0105 napraw\u0119 lub kalibracj\u0119. <\/li>\n<li><strong>Przesy\u0142ka zwrotna<\/strong>: Po zako\u0144czeniu prac Twoje urz\u0105dzenie zostanie niezw\u0142ocznie zwr\u00f3cone, aby\u015b m\u00f3g\u0142 z niego ponownie korzysta\u0107 bez op\u00f3\u017anie\u0144.<\/li>\n<\/ol>\n<h3 style=\"text-align: left;\">Dlaczego regularna konserwacja i <span style=\"color: #000000;\"><a style=\"color: #000000;\" href=\"https:\/\/de.wikipedia.org\/wiki\/Kalibrierung\" target=\"_blank\" rel=\"noopener\">kalibracja<\/a><\/span> jest wa\u017cna?<\/h3>\n<ul style=\"text-align: left;\" data-spread=\"false\">\n<li><strong>Zachowanie precyzji<\/strong>: Dok\u0142adno\u015b\u0107 pomiaru jest niezb\u0119dna do przeprowadzenia niezawodnego testu szczelno\u015bci akumulatora.<\/li>\n<li><strong>Unikanie awarii<\/strong>: Regularna konserwacja pomaga unikn\u0105\u0107 kosztownych przestoj\u00f3w.<\/li>\n<li><strong>Zgodno\u015b\u0107 z normami<\/strong>: Kalibracja zapewnia zgodno\u015b\u0107 urz\u0105dze\u0144 z aktualnymi przepisami prawnymi i regulacjami producenta.<\/li>\n<\/ul>\n<h3 style=\"text-align: left;\">Testery szczelno\u015bci &#8211; naprawa, konserwacja, kalibracja<\/h3>\n<p style=\"text-align: left;\"><strong><span style=\"color: #000000;\"><a style=\"color: #000000;\" href=\"https:\/\/helim.eu\/pl\/skontaktuj-sie-z-nami\/\">Skontaktuj si\u0119 z nami<\/a><\/span> Skontaktuj si\u0119 z nami ju\u017c dzi\u015b!<\/strong><\/p>\n<p style=\"text-align: left;\">Potrzebujesz naprawy, konserwacji lub kalibracji wykrywacza wyciek\u00f3w z akumulatora? W takim razie nie wahaj si\u0119 z nami skontaktowa\u0107. Pomo\u017cemy szybko i kompetentnie!  <\/p>\n<\/div><\/section>\n<div  class='avia-button-wrap av-m8e7u068-7e7f1588133cd113320bdebbc1a3da3e-wrap avia-button-center  avia-builder-el-9  el_after_av_textblock  avia-builder-el-last '>\n<style type=\"text\/css\" data-created_by=\"avia_inline_auto\" id=\"style-css-av-m8e7u068-7e7f1588133cd113320bdebbc1a3da3e\">\n#top #wrap_all .avia-button.av-m8e7u068-7e7f1588133cd113320bdebbc1a3da3e{\nfont-size:20px;\ntransition:all 0.4s ease-in-out;\n}\n<\/style>\n<a href='https:\/\/helim.eu\/pl\/skontaktuj-sie-z-nami\/'  class='avia-button av-m8e7u068-7e7f1588133cd113320bdebbc1a3da3e avia-icon_select-yes-left-icon avia-size-large avia-position-center avia-color-theme-color'  ><span class='avia_button_icon avia_button_icon_left' aria-hidden='true' data-av_icon='\ue805' data-av_iconfont='entypo-fontello'><\/span><span class='avia_iconbox_title' >Tw\u00f3j kontakt z Helim<\/span><\/a><\/div>\n\n<\/div><\/div><\/div><!-- close content main div --><\/div><\/div>\n<style type=\"text\/css\" data-created_by=\"avia_inline_auto\" id=\"style-css-av-2x7u-0d73e1215719be8fe3abeca2ba37d8f1\">\n.avia-section.av-2x7u-0d73e1215719be8fe3abeca2ba37d8f1{\nbackground-repeat:no-repeat;\nbackground-image:url(https:\/\/helim.eu\/wp-content\/uploads\/2025\/03\/battery-air-leak-test-helim-r.png);\nbackground-position:50% 50%;\nbackground-attachment:fixed;\nmargin-top:0px;\nmargin-bottom:50px;\n}\n.avia-section.av-2x7u-0d73e1215719be8fe3abeca2ba37d8f1 .av-section-color-overlay{\nopacity:0.3;\nbackground-color:#ffffff;\n}\n<\/style>\n<div id='av_section_3'  class='avia-section av-2x7u-0d73e1215719be8fe3abeca2ba37d8f1 main_color avia-section-default avia-no-border-styling  avia-builder-el-10  el_after_av_section  avia-builder-el-last  avia-bg-style-fixed av-section-color-overlay-active av-minimum-height av-minimum-height-custom av-height-custom  container_wrap fullsize'  data-section-bg-repeat='no-repeat' data-av_minimum_height_px='350'><div class=\"av-section-color-overlay-wrap\"><div class=\"av-section-color-overlay\"><\/div><div class='container av-section-cont-open' style='height:350px'><div class='template-page content  av-content-full alpha units'><div class='post-entry post-entry-type-page post-entry-2001'><div class='entry-content-wrapper clearfix'>\n","protected":false},"excerpt":{"rendered":"","protected":false},"author":1,"featured_media":0,"parent":0,"menu_order":0,"comment_status":"closed","ping_status":"open","template":"","meta":{"footnotes":""},"class_list":["post-2001","page","type-page","status-publish","hentry"],"yoast_head":"<!-- This site is optimized with the Yoast SEO plugin v27.5 - https:\/\/yoast.com\/product\/yoast-seo-wordpress\/ -->\n<title>Konserwacja - Helim - Leak Test Solutions<\/title>\n<meta name=\"description\" content=\"Naprawa, konserwacja i kalibracja tester\u00f3w szczelno\u015bci - dla tester\u00f3w szczelno\u015bci akumulator\u00f3w i tester\u00f3w szczelno\u015bci Helim.\" \/>\n<meta name=\"robots\" content=\"index, follow, max-snippet:-1, max-image-preview:large, max-video-preview:-1\" \/>\n<link rel=\"canonical\" href=\"https:\/\/helim.eu\/pl\/konserwacja\/\" \/>\n<meta property=\"og:locale\" content=\"pl_PL\" \/>\n<meta property=\"og:type\" content=\"article\" \/>\n<meta property=\"og:title\" content=\"Konserwacja - Helim - Leak Test Solutions\" \/>\n<meta property=\"og:description\" content=\"Naprawa, konserwacja i kalibracja tester\u00f3w szczelno\u015bci - dla tester\u00f3w szczelno\u015bci akumulator\u00f3w i tester\u00f3w szczelno\u015bci Helim.\" \/>\n<meta property=\"og:url\" content=\"https:\/\/helim.eu\/pl\/konserwacja\/\" \/>\n<meta property=\"og:site_name\" content=\"Helim - Leak Test Solutions\" \/>\n<meta property=\"article:publisher\" content=\"https:\/\/www.facebook.com\/profile.php?id=61574206138313\" \/>\n<meta property=\"article:modified_time\" content=\"2025-05-11T06:34:00+00:00\" \/>\n<meta name=\"twitter:card\" content=\"summary_large_image\" \/>\n<meta name=\"twitter:label1\" content=\"Szacowany czas czytania\" \/>\n\t<meta name=\"twitter:data1\" content=\"18 minut\" \/>\n<script type=\"application\/ld+json\" class=\"yoast-schema-graph\">{\"@context\":\"https:\\\/\\\/schema.org\",\"@graph\":[{\"@type\":\"WebPage\",\"@id\":\"https:\\\/\\\/helim.eu\\\/pl\\\/konserwacja\\\/\",\"url\":\"https:\\\/\\\/helim.eu\\\/pl\\\/konserwacja\\\/\",\"name\":\"Konserwacja - Helim - Leak Test Solutions\",\"isPartOf\":{\"@id\":\"https:\\\/\\\/helim.eu\\\/pl\\\/#website\"},\"datePublished\":\"2025-03-10T11:59:43+00:00\",\"dateModified\":\"2025-05-11T06:34:00+00:00\",\"description\":\"Naprawa, konserwacja i kalibracja tester\u00f3w szczelno\u015bci - dla tester\u00f3w szczelno\u015bci akumulator\u00f3w i tester\u00f3w szczelno\u015bci Helim.\",\"breadcrumb\":{\"@id\":\"https:\\\/\\\/helim.eu\\\/pl\\\/konserwacja\\\/#breadcrumb\"},\"inLanguage\":\"pl-PL\",\"potentialAction\":[{\"@type\":\"ReadAction\",\"target\":[\"https:\\\/\\\/helim.eu\\\/pl\\\/konserwacja\\\/\"]}]},{\"@type\":\"BreadcrumbList\",\"@id\":\"https:\\\/\\\/helim.eu\\\/pl\\\/konserwacja\\\/#breadcrumb\",\"itemListElement\":[{\"@type\":\"ListItem\",\"position\":1,\"name\":\"Startseite\",\"item\":\"https:\\\/\\\/helim.eu\\\/pl\\\/\"},{\"@type\":\"ListItem\",\"position\":2,\"name\":\"Konserwacja\"}]},{\"@type\":\"WebSite\",\"@id\":\"https:\\\/\\\/helim.eu\\\/pl\\\/#website\",\"url\":\"https:\\\/\\\/helim.eu\\\/pl\\\/\",\"name\":\"Helim - Leak Test Solutions\",\"description\":\"EV Battery Leaktester\",\"publisher\":{\"@id\":\"https:\\\/\\\/helim.eu\\\/pl\\\/#organization\"},\"potentialAction\":[{\"@type\":\"SearchAction\",\"target\":{\"@type\":\"EntryPoint\",\"urlTemplate\":\"https:\\\/\\\/helim.eu\\\/pl\\\/?s={search_term_string}\"},\"query-input\":{\"@type\":\"PropertyValueSpecification\",\"valueRequired\":true,\"valueName\":\"search_term_string\"}}],\"inLanguage\":\"pl-PL\"},{\"@type\":\"Organization\",\"@id\":\"https:\\\/\\\/helim.eu\\\/pl\\\/#organization\",\"name\":\"Helim\",\"url\":\"https:\\\/\\\/helim.eu\\\/pl\\\/\",\"logo\":{\"@type\":\"ImageObject\",\"inLanguage\":\"pl-PL\",\"@id\":\"https:\\\/\\\/helim.eu\\\/pl\\\/#\\\/schema\\\/logo\\\/image\\\/\",\"url\":\"https:\\\/\\\/helim.eu\\\/wp-content\\\/uploads\\\/2025\\\/03\\\/helim-logo-r-w-600-600-rand.png\",\"contentUrl\":\"https:\\\/\\\/helim.eu\\\/wp-content\\\/uploads\\\/2025\\\/03\\\/helim-logo-r-w-600-600-rand.png\",\"width\":600,\"height\":600,\"caption\":\"Helim\"},\"image\":{\"@id\":\"https:\\\/\\\/helim.eu\\\/pl\\\/#\\\/schema\\\/logo\\\/image\\\/\"},\"sameAs\":[\"https:\\\/\\\/www.facebook.com\\\/profile.php?id=61574206138313\"]}]}<\/script>\n<!-- \/ Yoast SEO plugin. -->","yoast_head_json":{"title":"Konserwacja - Helim - Leak Test Solutions","description":"Naprawa, konserwacja i kalibracja tester\u00f3w szczelno\u015bci - dla tester\u00f3w szczelno\u015bci akumulator\u00f3w i tester\u00f3w szczelno\u015bci Helim.","robots":{"index":"index","follow":"follow","max-snippet":"max-snippet:-1","max-image-preview":"max-image-preview:large","max-video-preview":"max-video-preview:-1"},"canonical":"https:\/\/helim.eu\/pl\/konserwacja\/","og_locale":"pl_PL","og_type":"article","og_title":"Konserwacja - Helim - Leak Test Solutions","og_description":"Naprawa, konserwacja i kalibracja tester\u00f3w szczelno\u015bci - dla tester\u00f3w szczelno\u015bci akumulator\u00f3w i tester\u00f3w szczelno\u015bci Helim.","og_url":"https:\/\/helim.eu\/pl\/konserwacja\/","og_site_name":"Helim - Leak Test Solutions","article_publisher":"https:\/\/www.facebook.com\/profile.php?id=61574206138313","article_modified_time":"2025-05-11T06:34:00+00:00","twitter_card":"summary_large_image","twitter_misc":{"Szacowany czas czytania":"18 minut"},"schema":{"@context":"https:\/\/schema.org","@graph":[{"@type":"WebPage","@id":"https:\/\/helim.eu\/pl\/konserwacja\/","url":"https:\/\/helim.eu\/pl\/konserwacja\/","name":"Konserwacja - Helim - Leak Test Solutions","isPartOf":{"@id":"https:\/\/helim.eu\/pl\/#website"},"datePublished":"2025-03-10T11:59:43+00:00","dateModified":"2025-05-11T06:34:00+00:00","description":"Naprawa, konserwacja i kalibracja tester\u00f3w szczelno\u015bci - dla tester\u00f3w szczelno\u015bci akumulator\u00f3w i tester\u00f3w szczelno\u015bci Helim.","breadcrumb":{"@id":"https:\/\/helim.eu\/pl\/konserwacja\/#breadcrumb"},"inLanguage":"pl-PL","potentialAction":[{"@type":"ReadAction","target":["https:\/\/helim.eu\/pl\/konserwacja\/"]}]},{"@type":"BreadcrumbList","@id":"https:\/\/helim.eu\/pl\/konserwacja\/#breadcrumb","itemListElement":[{"@type":"ListItem","position":1,"name":"Startseite","item":"https:\/\/helim.eu\/pl\/"},{"@type":"ListItem","position":2,"name":"Konserwacja"}]},{"@type":"WebSite","@id":"https:\/\/helim.eu\/pl\/#website","url":"https:\/\/helim.eu\/pl\/","name":"Helim - Leak Test Solutions","description":"EV Battery Leaktester","publisher":{"@id":"https:\/\/helim.eu\/pl\/#organization"},"potentialAction":[{"@type":"SearchAction","target":{"@type":"EntryPoint","urlTemplate":"https:\/\/helim.eu\/pl\/?s={search_term_string}"},"query-input":{"@type":"PropertyValueSpecification","valueRequired":true,"valueName":"search_term_string"}}],"inLanguage":"pl-PL"},{"@type":"Organization","@id":"https:\/\/helim.eu\/pl\/#organization","name":"Helim","url":"https:\/\/helim.eu\/pl\/","logo":{"@type":"ImageObject","inLanguage":"pl-PL","@id":"https:\/\/helim.eu\/pl\/#\/schema\/logo\/image\/","url":"https:\/\/helim.eu\/wp-content\/uploads\/2025\/03\/helim-logo-r-w-600-600-rand.png","contentUrl":"https:\/\/helim.eu\/wp-content\/uploads\/2025\/03\/helim-logo-r-w-600-600-rand.png","width":600,"height":600,"caption":"Helim"},"image":{"@id":"https:\/\/helim.eu\/pl\/#\/schema\/logo\/image\/"},"sameAs":["https:\/\/www.facebook.com\/profile.php?id=61574206138313"]}]}},"_links":{"self":[{"href":"https:\/\/helim.eu\/pl\/wp-json\/wp\/v2\/pages\/2001","targetHints":{"allow":["GET"]}}],"collection":[{"href":"https:\/\/helim.eu\/pl\/wp-json\/wp\/v2\/pages"}],"about":[{"href":"https:\/\/helim.eu\/pl\/wp-json\/wp\/v2\/types\/page"}],"author":[{"embeddable":true,"href":"https:\/\/helim.eu\/pl\/wp-json\/wp\/v2\/users\/1"}],"replies":[{"embeddable":true,"href":"https:\/\/helim.eu\/pl\/wp-json\/wp\/v2\/comments?post=2001"}],"version-history":[{"count":3,"href":"https:\/\/helim.eu\/pl\/wp-json\/wp\/v2\/pages\/2001\/revisions"}],"predecessor-version":[{"id":2798,"href":"https:\/\/helim.eu\/pl\/wp-json\/wp\/v2\/pages\/2001\/revisions\/2798"}],"wp:attachment":[{"href":"https:\/\/helim.eu\/pl\/wp-json\/wp\/v2\/media?parent=2001"}],"curies":[{"name":"wp","href":"https:\/\/api.w.org\/{rel}","templated":true}]}}