{"id":1977,"date":"2025-01-22T17:30:34","date_gmt":"2025-01-22T17:30:34","guid":{"rendered":"https:\/\/helim.eu\/polityka-prywatnosci\/"},"modified":"2025-05-11T06:37:38","modified_gmt":"2025-05-11T06:37:38","slug":"polityka-prywatnosci","status":"publish","type":"page","link":"https:\/\/helim.eu\/pl\/polityka-prywatnosci\/","title":{"rendered":"Polityka prywatno\u015bci"},"content":{"rendered":"<section  class='av_textblock_section av-m860qs28-1630095a5e4c5eb0929470a73e6b6410 '   itemscope=\"itemscope\" itemtype=\"https:\/\/schema.org\/CreativeWork\" ><div class='avia_textblock'  itemprop=\"text\" ><h2 data-pm-slice=\"1 1 []\">Polityka prywatno\u015bci<\/h2>\n<h3>1. informacje og\u00f3lne<\/h3>\n<p>Ochrona danych osobowych u\u017cytkownik\u00f3w jest dla nas wa\u017cna. Niniejsza polityka prywatno\u015bci wyja\u015bnia, jakie dane gromadzimy, w jaki spos\u00f3b je wykorzystujemy i jakie prawa przys\u0142uguj\u0105 u\u017cytkownikom. <\/p>\n<h3>2. osoba odpowiedzialna za przetwarzanie danych<\/h3>\n<p>NIROXX Engineering Ltd.<br \/>\n12 Morozow Avenue<br \/>\n8220 Pafos, Cypr<br \/>\nE-mail: <a>info@niroxx.io<\/a><br \/>\nStrona internetowa:   <a href=\"https:\/\/www.niroxx.io\">https:\/\/www.niroxx.io<\/a><\/p>\n<h3>3. pliki dziennika hostingu i serwera<\/h3>\n<p>Nasza strona internetowa jest hostowana przez Strato AG:<br \/>\n<strong>Strato AG<\/strong>, Pascalstra\u00dfe 10, 10587 Berlin, Niemcy<\/p>\n<p>Gdy odwiedzasz nasz\u0105 stron\u0119 internetow\u0105, dostawca hostingu automatycznie zapisuje nast\u0119puj\u0105ce dane w tak zwanych plikach dziennika serwera:<\/p>\n<ul data-spread=\"false\">\n<li>Adres IP odwiedzaj\u0105cego<\/li>\n<li>Data i godzina dost\u0119pu<\/li>\n<li>Typ i wersja przegl\u0105darki<\/li>\n<li>System operacyjny<\/li>\n<li>Referrer URL (poprzednio odwiedzana strona)<\/li>\n<\/ul>\n<p>Dane te s\u0105 wykorzystywane wy\u0142\u0105cznie w celu zapewnienia bezpiecze\u0144stwa i technicznej obs\u0142ugi strony internetowej i nie s\u0105 \u0142\u0105czone z innymi \u017ar\u00f3d\u0142ami danych. Dane s\u0105 przechowywane przez maksymalnie 7 dni, a nast\u0119pnie automatycznie usuwane. <\/p>\n<h3>4. gromadzenie i przetwarzanie danych osobowych<\/h3>\n<p>Gromadzimy dane osobowe tylko wtedy, gdy u\u017cytkownik przeka\u017ce je nam dobrowolnie za po\u015brednictwem formularza kontaktowego lub wiadomo\u015bci e-mail. Dotyczy to w szczeg\u00f3lno\u015bci: <\/p>\n<ul data-spread=\"false\">\n<li>Nazwa<\/li>\n<li>Adres e-mail<\/li>\n<li>Numer telefonu (je\u015bli podano)<\/li>\n<li>Tre\u015b\u0107 wiadomo\u015bci<\/li>\n<li>Informacje o koncie u\u017cytkownika (je\u015bli jest zarejestrowane)<\/li>\n<\/ul>\n<h3>5. cel przetwarzania danych<\/h3>\n<p>Podane przez u\u017cytkownika dane b\u0119d\u0105 wykorzystywane wy\u0142\u0105cznie w celu przetworzenia zapytania, komunikacji z u\u017cytkownikiem i ulepszania naszych us\u0142ug.<\/p>\n<h3>6. komentarze<\/h3>\n<p>Gdy odwiedzaj\u0105cy publikuj\u0105 komentarze w witrynie, gromadzimy dane wy\u015bwietlane w formularzu komentarza, a tak\u017ce adres IP i ci\u0105g agenta u\u017cytkownika, aby pom\u00f3c w rozpoznawaniu spamu.<\/p>\n<h3>7. media<\/h3>\n<p>W przypadku przesy\u0142ania obraz\u00f3w do tej witryny nale\u017cy unika\u0107 przesy\u0142ania obraz\u00f3w z osadzonymi danymi lokalizacji GPS EXIF. Odwiedzaj\u0105cy witryn\u0119 mogliby wyodr\u0119bni\u0107 takie dane lokalizacji. <\/p>\n<h3>8. formularze kontaktowe<\/h3>\n<p>Je\u015bli korzystasz z naszego formularza kontaktowego, przechowujemy przes\u0142ane dane do cel\u00f3w obs\u0142ugi klienta przez okres do 6 miesi\u0119cy. Dane te nie s\u0105 wykorzystywane do cel\u00f3w marketingowych. <\/p>\n<h3>9. ciasteczka<\/h3>\n<p>Nasza strona internetowa wykorzystuje pliki cookie. Pliki cookie to ma\u0142e pliki tekstowe przechowywane na urz\u0105dzeniu u\u017cytkownika. <\/p>\n<p>U\u017cywane przez nas pliki cookie obejmuj\u0105<\/p>\n<ul data-spread=\"false\">\n<li><strong>Niezb\u0119dne pliki cookie<\/strong>: S\u0105 one niezb\u0119dne do dzia\u0142ania strony internetowej.<\/li>\n<li><strong>Analityczne i marketingowe pliki cookie<\/strong>: Pomagaj\u0105 nam analizowa\u0107 korzystanie z naszej strony internetowej i optymalizowa\u0107 nasze dzia\u0142ania marketingowe.<\/li>\n<\/ul>\n<p>Przechowywanie plik\u00f3w cookie mo\u017cna wy\u0142\u0105czy\u0107 w ustawieniach przegl\u0105darki.<\/p>\n<h3>10. us\u0142ugi analityczne<\/h3>\n<p>Nasza strona internetowa korzysta z Google Analytics, us\u0142ugi analityki internetowej \u015bwiadczonej przez Google Ireland Limited, Gordon House, Barrow Street, Dublin 4, Irlandia.<\/p>\n<p>Google Analytics wykorzystuje pliki cookie do analizy korzystania z naszej strony internetowej. Aktywowali\u015bmy anonimizacj\u0119 IP, dzi\u0119ki czemu adres IP u\u017cytkownika jest skracany w UE lub EOG przed przes\u0142aniem do Google. Mo\u017cesz zapobiec przechowywaniu plik\u00f3w cookie, wybieraj\u0105c odpowiednie ustawienia przegl\u0105darki lub korzystaj\u0105c z wtyczki rezygnacji Google Analytics.  <\/p>\n<p>Wi\u0119cej informacji: <a>https:\/\/policies.google.com\/privacy<\/a><\/p>\n<h3>11. ujawnianie danych<\/h3>\n<p>Dane u\u017cytkownika nie b\u0119d\u0105 przekazywane stronom trzecim, chyba \u017ce:<\/p>\n<ul data-spread=\"false\">\n<li>U\u017cytkownik wyra\u017anie wyrazi\u0142 zgod\u0119<\/li>\n<li>Istnieje prawny obowi\u0105zek, aby to zrobi\u0107<\/li>\n<li>Przetwarzanie jest przeprowadzane przez podmiot przetwarzaj\u0105cy zgodnie z art. 28 RODO.<\/li>\n<\/ul>\n<h3>12. okres przechowywania<\/h3>\n<p>Przechowujemy dane osobowe tylko tak d\u0142ugo, jak jest to konieczne do przetworzenia zapytania lub tak d\u0142ugo, jak istniej\u0105 ustawowe obowi\u0105zki przechowywania:<\/p>\n<ul data-spread=\"false\">\n<li>Dane formularza kontaktowego: 6 miesi\u0119cy<\/li>\n<li>Dane analityczne: 1 rok<\/li>\n<li>Dane zam\u00f3wienia: 10 lat<\/li>\n<\/ul>\n<h3>13. jakie prawa przys\u0142uguj\u0105 u\u017cytkownikowi w odniesieniu do jego danych<\/h3>\n<p>U\u017cytkownik ma nast\u0119puj\u0105ce prawa:<\/p>\n<ul data-spread=\"false\">\n<li>Prawo do informacji o przechowywanych danych<\/li>\n<li>Prawo do sprostowania nieprawid\u0142owych danych<\/li>\n<li>Prawo do usuni\u0119cia danych (pod warunkiem, \u017ce nie ma ustawowego obowi\u0105zku ich przechowywania)<\/li>\n<li>Prawo do ograniczenia przetwarzania<\/li>\n<li>Prawo do sprzeciwu wobec przetwarzania<\/li>\n<li>Prawo do przenoszenia danych<\/li>\n<\/ul>\n<p>Prosimy o kontakt pod adresem <a>info@niroxx.io<\/a>, je\u015bli u\u017cytkownik chce skorzysta\u0107 z kt\u00f3regokolwiek z tych praw.<\/p>\n<h3>14 Gdzie przesy\u0142ane s\u0105 dane u\u017cytkownika<\/h3>\n<p>Korzystamy z narz\u0119dzi i us\u0142ug stron trzecich, kt\u00f3re mog\u0105 przetwarza\u0107 dane poza UE. W ten spos\u00f3b zapewniamy, \u017ce dostawcy ci przestrzegaj\u0105 RODO: <\/p>\n<ul data-spread=\"false\">\n<li><strong>Google LLC (Google Analytics, Google Ads, reCAPTCHA)<\/strong>: Umowa o ochronie prywatno\u015bci (do 2020 r.) i standardowe klauzule umowne<\/li>\n<li><strong>Mailchimp (wysy\u0142ka newslettera)<\/strong>: Standardowe klauzule umowne<\/li>\n<\/ul>\n<h3>15. Informacje kontaktowe<\/h3>\n<p>W sprawach dotycz\u0105cych ochrony danych osobowych prosimy o kontakt pod adresem:<br \/>\ne-mail:  <a>info@niroxx.io<\/a><\/p>\n<h3>16. jak chronimy dane u\u017cytkownika<\/h3>\n<p>Stosujemy \u015brodki techniczne i organizacyjne w celu ochrony danych u\u017cytkownika:<\/p>\n<ul data-spread=\"false\">\n<li>Szyfrowanie SSL\/TLS<\/li>\n<li>Ograniczenia dost\u0119pu<\/li>\n<li>Uwierzytelnianie dwusk\u0142adnikowe (je\u015bli dotyczy)<\/li>\n<li>Regularne aktualizacje zabezpiecze\u0144<\/li>\n<\/ul>\n<h3>17. \u015brodki podejmowane w przypadku naruszenia danych<\/h3>\n<p>W przypadku naruszenia ochrony danych powiadomimy o tym u\u017cytkownik\u00f3w i w\u0142a\u015bciwe organy ochrony danych zgodnie z przepisami ustawowymi.<\/p>\n<h3>18. od kt\u00f3rych dostawc\u00f3w zewn\u0119trznych otrzymujemy dane<\/h3>\n<p>Nie otrzymujemy \u017cadnych danych od dostawc\u00f3w zewn\u0119trznych, kt\u00f3rzy nie s\u0105 wymienieni w niniejszej polityce prywatno\u015bci.<\/p>\n<h3>19 Zautomatyzowane podejmowanie decyzji<\/h3>\n<p>Nasza strona internetowa nie dokonuje zautomatyzowanego podejmowania decyzji ani profilowania.<\/p>\n<h3>20. zmiany w polityce prywatno\u015bci<\/h3>\n<p>Zastrzegamy sobie prawo do aktualizacji niniejszej polityki prywatno\u015bci w razie potrzeby.<\/p>\n<p><strong>Status: marzec 2025 r.<\/strong><\/p>\n<\/div><\/section>\n","protected":false},"excerpt":{"rendered":"","protected":false},"author":1,"featured_media":0,"parent":0,"menu_order":0,"comment_status":"closed","ping_status":"open","template":"","meta":{"footnotes":""},"class_list":["post-1977","page","type-page","status-publish","hentry"],"yoast_head":"<!-- This site is optimized with the Yoast SEO plugin v27.5 - https:\/\/yoast.com\/product\/yoast-seo-wordpress\/ -->\n<title>Polityka prywatno\u015bci - Helim - Leak Test Solutions<\/title>\n<meta name=\"description\" content=\"Polityka prywatno\u015bci Helim - producenta tester\u00f3w szczelno\u015bci akumulator\u00f3w do pojazd\u00f3w elektrycznych i hybrydowych, w szczeg\u00f3lno\u015bci dla warsztat\u00f3w i przemys\u0142u.\" \/>\n<meta name=\"robots\" content=\"index, follow, max-snippet:-1, max-image-preview:large, max-video-preview:-1\" \/>\n<link rel=\"canonical\" href=\"https:\/\/helim.eu\/pl\/polityka-prywatnosci\/\" \/>\n<meta property=\"og:locale\" content=\"pl_PL\" \/>\n<meta property=\"og:type\" content=\"article\" \/>\n<meta property=\"og:title\" content=\"Polityka prywatno\u015bci - Helim - Leak Test Solutions\" \/>\n<meta property=\"og:description\" content=\"Polityka prywatno\u015bci Helim - producenta tester\u00f3w szczelno\u015bci akumulator\u00f3w do pojazd\u00f3w elektrycznych i hybrydowych, w szczeg\u00f3lno\u015bci dla warsztat\u00f3w i przemys\u0142u.\" \/>\n<meta property=\"og:url\" content=\"https:\/\/helim.eu\/pl\/polityka-prywatnosci\/\" \/>\n<meta property=\"og:site_name\" content=\"Helim - Leak Test Solutions\" \/>\n<meta property=\"article:publisher\" content=\"https:\/\/www.facebook.com\/profile.php?id=61574206138313\" \/>\n<meta property=\"article:modified_time\" content=\"2025-05-11T06:37:38+00:00\" \/>\n<meta name=\"twitter:card\" content=\"summary_large_image\" \/>\n<meta name=\"twitter:label1\" content=\"Szacowany czas czytania\" \/>\n\t<meta name=\"twitter:data1\" content=\"5 minut\" \/>\n<script type=\"application\/ld+json\" class=\"yoast-schema-graph\">{\"@context\":\"https:\\\/\\\/schema.org\",\"@graph\":[{\"@type\":\"WebPage\",\"@id\":\"https:\\\/\\\/helim.eu\\\/pl\\\/polityka-prywatnosci\\\/\",\"url\":\"https:\\\/\\\/helim.eu\\\/pl\\\/polityka-prywatnosci\\\/\",\"name\":\"Polityka prywatno\u015bci - Helim - Leak Test Solutions\",\"isPartOf\":{\"@id\":\"https:\\\/\\\/helim.eu\\\/pl\\\/#website\"},\"datePublished\":\"2025-01-22T17:30:34+00:00\",\"dateModified\":\"2025-05-11T06:37:38+00:00\",\"description\":\"Polityka prywatno\u015bci Helim - producenta tester\u00f3w szczelno\u015bci akumulator\u00f3w do pojazd\u00f3w elektrycznych i hybrydowych, w szczeg\u00f3lno\u015bci dla warsztat\u00f3w i przemys\u0142u.\",\"breadcrumb\":{\"@id\":\"https:\\\/\\\/helim.eu\\\/pl\\\/polityka-prywatnosci\\\/#breadcrumb\"},\"inLanguage\":\"pl-PL\",\"potentialAction\":[{\"@type\":\"ReadAction\",\"target\":[\"https:\\\/\\\/helim.eu\\\/pl\\\/polityka-prywatnosci\\\/\"]}]},{\"@type\":\"BreadcrumbList\",\"@id\":\"https:\\\/\\\/helim.eu\\\/pl\\\/polityka-prywatnosci\\\/#breadcrumb\",\"itemListElement\":[{\"@type\":\"ListItem\",\"position\":1,\"name\":\"Startseite\",\"item\":\"https:\\\/\\\/helim.eu\\\/pl\\\/\"},{\"@type\":\"ListItem\",\"position\":2,\"name\":\"Polityka prywatno\u015bci\"}]},{\"@type\":\"WebSite\",\"@id\":\"https:\\\/\\\/helim.eu\\\/pl\\\/#website\",\"url\":\"https:\\\/\\\/helim.eu\\\/pl\\\/\",\"name\":\"Helim - Leak Test Solutions\",\"description\":\"EV Battery Leaktester\",\"publisher\":{\"@id\":\"https:\\\/\\\/helim.eu\\\/pl\\\/#organization\"},\"potentialAction\":[{\"@type\":\"SearchAction\",\"target\":{\"@type\":\"EntryPoint\",\"urlTemplate\":\"https:\\\/\\\/helim.eu\\\/pl\\\/?s={search_term_string}\"},\"query-input\":{\"@type\":\"PropertyValueSpecification\",\"valueRequired\":true,\"valueName\":\"search_term_string\"}}],\"inLanguage\":\"pl-PL\"},{\"@type\":\"Organization\",\"@id\":\"https:\\\/\\\/helim.eu\\\/pl\\\/#organization\",\"name\":\"Helim\",\"url\":\"https:\\\/\\\/helim.eu\\\/pl\\\/\",\"logo\":{\"@type\":\"ImageObject\",\"inLanguage\":\"pl-PL\",\"@id\":\"https:\\\/\\\/helim.eu\\\/pl\\\/#\\\/schema\\\/logo\\\/image\\\/\",\"url\":\"https:\\\/\\\/helim.eu\\\/wp-content\\\/uploads\\\/2025\\\/03\\\/helim-logo-r-w-600-600-rand.png\",\"contentUrl\":\"https:\\\/\\\/helim.eu\\\/wp-content\\\/uploads\\\/2025\\\/03\\\/helim-logo-r-w-600-600-rand.png\",\"width\":600,\"height\":600,\"caption\":\"Helim\"},\"image\":{\"@id\":\"https:\\\/\\\/helim.eu\\\/pl\\\/#\\\/schema\\\/logo\\\/image\\\/\"},\"sameAs\":[\"https:\\\/\\\/www.facebook.com\\\/profile.php?id=61574206138313\"]}]}<\/script>\n<!-- \/ Yoast SEO plugin. -->","yoast_head_json":{"title":"Polityka prywatno\u015bci - Helim - Leak Test Solutions","description":"Polityka prywatno\u015bci Helim - producenta tester\u00f3w szczelno\u015bci akumulator\u00f3w do pojazd\u00f3w elektrycznych i hybrydowych, w szczeg\u00f3lno\u015bci dla warsztat\u00f3w i przemys\u0142u.","robots":{"index":"index","follow":"follow","max-snippet":"max-snippet:-1","max-image-preview":"max-image-preview:large","max-video-preview":"max-video-preview:-1"},"canonical":"https:\/\/helim.eu\/pl\/polityka-prywatnosci\/","og_locale":"pl_PL","og_type":"article","og_title":"Polityka prywatno\u015bci - Helim - Leak Test Solutions","og_description":"Polityka prywatno\u015bci Helim - producenta tester\u00f3w szczelno\u015bci akumulator\u00f3w do pojazd\u00f3w elektrycznych i hybrydowych, w szczeg\u00f3lno\u015bci dla warsztat\u00f3w i przemys\u0142u.","og_url":"https:\/\/helim.eu\/pl\/polityka-prywatnosci\/","og_site_name":"Helim - Leak Test Solutions","article_publisher":"https:\/\/www.facebook.com\/profile.php?id=61574206138313","article_modified_time":"2025-05-11T06:37:38+00:00","twitter_card":"summary_large_image","twitter_misc":{"Szacowany czas czytania":"5 minut"},"schema":{"@context":"https:\/\/schema.org","@graph":[{"@type":"WebPage","@id":"https:\/\/helim.eu\/pl\/polityka-prywatnosci\/","url":"https:\/\/helim.eu\/pl\/polityka-prywatnosci\/","name":"Polityka prywatno\u015bci - Helim - Leak Test Solutions","isPartOf":{"@id":"https:\/\/helim.eu\/pl\/#website"},"datePublished":"2025-01-22T17:30:34+00:00","dateModified":"2025-05-11T06:37:38+00:00","description":"Polityka prywatno\u015bci Helim - producenta tester\u00f3w szczelno\u015bci akumulator\u00f3w do pojazd\u00f3w elektrycznych i hybrydowych, w szczeg\u00f3lno\u015bci dla warsztat\u00f3w i przemys\u0142u.","breadcrumb":{"@id":"https:\/\/helim.eu\/pl\/polityka-prywatnosci\/#breadcrumb"},"inLanguage":"pl-PL","potentialAction":[{"@type":"ReadAction","target":["https:\/\/helim.eu\/pl\/polityka-prywatnosci\/"]}]},{"@type":"BreadcrumbList","@id":"https:\/\/helim.eu\/pl\/polityka-prywatnosci\/#breadcrumb","itemListElement":[{"@type":"ListItem","position":1,"name":"Startseite","item":"https:\/\/helim.eu\/pl\/"},{"@type":"ListItem","position":2,"name":"Polityka prywatno\u015bci"}]},{"@type":"WebSite","@id":"https:\/\/helim.eu\/pl\/#website","url":"https:\/\/helim.eu\/pl\/","name":"Helim - Leak Test Solutions","description":"EV Battery Leaktester","publisher":{"@id":"https:\/\/helim.eu\/pl\/#organization"},"potentialAction":[{"@type":"SearchAction","target":{"@type":"EntryPoint","urlTemplate":"https:\/\/helim.eu\/pl\/?s={search_term_string}"},"query-input":{"@type":"PropertyValueSpecification","valueRequired":true,"valueName":"search_term_string"}}],"inLanguage":"pl-PL"},{"@type":"Organization","@id":"https:\/\/helim.eu\/pl\/#organization","name":"Helim","url":"https:\/\/helim.eu\/pl\/","logo":{"@type":"ImageObject","inLanguage":"pl-PL","@id":"https:\/\/helim.eu\/pl\/#\/schema\/logo\/image\/","url":"https:\/\/helim.eu\/wp-content\/uploads\/2025\/03\/helim-logo-r-w-600-600-rand.png","contentUrl":"https:\/\/helim.eu\/wp-content\/uploads\/2025\/03\/helim-logo-r-w-600-600-rand.png","width":600,"height":600,"caption":"Helim"},"image":{"@id":"https:\/\/helim.eu\/pl\/#\/schema\/logo\/image\/"},"sameAs":["https:\/\/www.facebook.com\/profile.php?id=61574206138313"]}]}},"_links":{"self":[{"href":"https:\/\/helim.eu\/pl\/wp-json\/wp\/v2\/pages\/1977","targetHints":{"allow":["GET"]}}],"collection":[{"href":"https:\/\/helim.eu\/pl\/wp-json\/wp\/v2\/pages"}],"about":[{"href":"https:\/\/helim.eu\/pl\/wp-json\/wp\/v2\/types\/page"}],"author":[{"embeddable":true,"href":"https:\/\/helim.eu\/pl\/wp-json\/wp\/v2\/users\/1"}],"replies":[{"embeddable":true,"href":"https:\/\/helim.eu\/pl\/wp-json\/wp\/v2\/comments?post=1977"}],"version-history":[{"count":8,"href":"https:\/\/helim.eu\/pl\/wp-json\/wp\/v2\/pages\/1977\/revisions"}],"predecessor-version":[{"id":2893,"href":"https:\/\/helim.eu\/pl\/wp-json\/wp\/v2\/pages\/1977\/revisions\/2893"}],"wp:attachment":[{"href":"https:\/\/helim.eu\/pl\/wp-json\/wp\/v2\/media?parent=1977"}],"curies":[{"name":"wp","href":"https:\/\/api.w.org\/{rel}","templated":true}]}}