{"id":2525,"date":"2025-01-22T17:30:34","date_gmt":"2025-01-22T17:30:34","guid":{"rendered":"https:\/\/helim.eu\/konfidencialitates-politika\/"},"modified":"2025-05-11T06:37:40","modified_gmt":"2025-05-11T06:37:40","slug":"konfidencialitates-politika","status":"publish","type":"page","link":"https:\/\/helim.eu\/lv\/konfidencialitates-politika\/","title":{"rendered":"Konfidencialit\u0101tes politika"},"content":{"rendered":"<section  class='av_textblock_section av-m860qs28-1630095a5e4c5eb0929470a73e6b6410 '   itemscope=\"itemscope\" itemtype=\"https:\/\/schema.org\/CreativeWork\" ><div class='avia_textblock'  itemprop=\"text\" ><h2 data-pm-slice=\"1 1 []\">Konfidencialit\u0101tes politika<\/h2>\n<h3>1. visp\u0101r\u012bga inform\u0101cija<\/h3>\n<p>J\u016bsu personas datu aizsardz\u012bba mums ir svar\u012bga. \u0160aj\u0101 konfidencialit\u0101tes politik\u0101 ir izskaidrots, k\u0101dus datus m\u0113s apkopojam, k\u0101 tos izmantojam un k\u0101das ir j\u016bsu ties\u012bbas. <\/p>\n<h3>2. par datu apstr\u0101di atbild\u012bg\u0101 persona<\/h3>\n<p>NIROXX Engineering Ltd.<br \/>\nMorozova prospekts 12<br \/>\n8220 Pafosa, Kipra<br \/>\nE-pasts: <a>info@niroxx.io<\/a><br \/>\nT\u012bmek\u013ca vietne:   <a href=\"https:\/\/www.niroxx.io\">https:\/\/www.niroxx.io<\/a><\/p>\n<h3>3. mitin\u0101\u0161anas un servera \u017eurn\u0101lu failus<\/h3>\n<p>M\u016bsu t\u012bmek\u013ca vietnes mitin\u0101t\u0101js ir uz\u0146\u0113mums Strato AG:<br \/>\n<strong>Strato AG<\/strong>, Pascalstra\u00dfe 10, 10587 Berlin, V\u0101cija<\/p>\n<p>Kad apmekl\u0113jat m\u016bsu t\u012bmek\u013ca vietni, hostinga pakalpojumu sniedz\u0113js autom\u0101tiski saglab\u0101 \u0161\u0101dus datus t\u0101 sauktajos servera \u017eurn\u0101lu failos:<\/p>\n<ul data-spread=\"false\">\n<li>Apmekl\u0113t\u0101ja IP adrese<\/li>\n<li>Piek\u013cuves datums un laiks<\/li>\n<li>P\u0101rl\u016bkprogrammas tips un versija<\/li>\n<li>Oper\u0113t\u0101jsist\u0113ma<\/li>\n<li>Atsauces URL (iepriek\u0161 apmekl\u0113t\u0101 lapa)<\/li>\n<\/ul>\n<p>\u0160ie dati tiek izmantoti tikai t\u012bmek\u013ca vietnes dro\u0161\u012bbas un tehnisk\u0101s uztur\u0113\u0161anas vajadz\u012bb\u0101m un netiek apvienoti ar citiem datu avotiem. Dati tiek glab\u0101ti ne ilg\u0101k k\u0101 7 dienas un p\u0113c tam tiek autom\u0101tiski dz\u0113sti. <\/p>\n<h3>4. personas datu v\u0101k\u0161ana un apstr\u0101de<\/h3>\n<p>M\u0113s apkopojam personas datus tikai tad, ja j\u016bs tos sniedzat mums br\u012bvpr\u0101t\u012bgi, izmantojot kontaktformu vai e-pastu. Tas jo \u012bpa\u0161i attiecas uz: <\/p>\n<ul data-spread=\"false\">\n<li>Nosaukums<\/li>\n<li>E-pasta adrese<\/li>\n<li>T\u0101lru\u0146a numurs (ja nor\u0101d\u012bts)<\/li>\n<li>J\u016bsu zi\u0146ojuma saturs<\/li>\n<li>Lietot\u0101ja konta inform\u0101cija (ja re\u0123istr\u0113ts)<\/li>\n<\/ul>\n<h3>5. datu apstr\u0101des m\u0113r\u0137is<\/h3>\n<p>J\u016bsu sniegtie dati tiks izmantoti tikai, lai apstr\u0101d\u0101tu j\u016bsu piepras\u012bjumu, sazin\u0101tos ar jums un uzlabotu m\u016bsu pakalpojumus.<\/p>\n<h3>6. koment\u0101ri<\/h3>\n<p>Kad apmekl\u0113t\u0101ji vietn\u0113 public\u0113 koment\u0101rus, m\u0113s apkopojam koment\u0101ra veidlap\u0101 redzamos datus, k\u0101 ar\u012b IP adresi un lietot\u0101ja a\u0123enta virkni, lai pal\u012bdz\u0113tu atpaz\u012bt surog\u0101tpasta v\u0113stules.<\/p>\n<h3>7. pla\u0161sazi\u0146as l\u012bdzek\u013ci<\/h3>\n<p>Ja aug\u0161upiel\u0101d\u0113jat att\u0113lus \u0161aj\u0101 vietn\u0113, izvairieties no att\u0113lu ar iestr\u0101d\u0101tiem EXIF GPS atra\u0161an\u0101s vietas datiem aug\u0161upiel\u0101des. T\u012bmek\u013ca vietnes apmekl\u0113t\u0101ji var\u0113tu ieg\u016bt \u0161\u0101dus atra\u0161an\u0101s vietas datus. <\/p>\n<h3>8. kontaktu veidlapas<\/h3>\n<p>Ja izmantojat m\u016bsu kontaktu veidlapu, m\u0113s saglab\u0101jam nos\u016bt\u012btos datus klientu apkalpo\u0161anas vajadz\u012bb\u0101m l\u012bdz 6 m\u0113ne\u0161iem. \u0160ie dati netiek izmantoti m\u0101rketinga m\u0113r\u0137iem. <\/p>\n<h3>9. s\u012bkfaili<\/h3>\n<p>M\u016bsu vietn\u0113 tiek izmantotas s\u012bkdatnes. S\u012bkdatnes ir nelieli teksta faili, kas tiek saglab\u0101ti j\u016bsu ier\u012bc\u0113. <\/p>\n<p>M\u016bsu izmantotie s\u012bkfaili ir \u0161\u0101di.<\/p>\n<ul data-spread=\"false\">\n<li><strong>Svar\u012bg\u0101kie s\u012bkfaili<\/strong>: tie ir nepiecie\u0161ami, lai t\u012bmek\u013ca vietne var\u0113tu darboties.<\/li>\n<li><strong>Anal\u012bzes un m\u0101rketinga s\u012bkfaili<\/strong>: tie pal\u012bdz mums analiz\u0113t m\u016bsu vietnes izmanto\u0161anu un optimiz\u0113t m\u016bsu m\u0101rketingu.<\/li>\n<\/ul>\n<p>S\u012bkdat\u0146u saglab\u0101\u0161anu varat deaktiviz\u0113t p\u0101rl\u016bkprogrammas iestat\u012bjumos.<\/p>\n<h3>10. anal\u012bzes pakalpojumi<\/h3>\n<p>M\u016bsu vietn\u0113 tiek izmantots Google Analytics, t\u012bmek\u013ca anal\u012bzes pakalpojums, ko nodro\u0161ina Google Ireland Limited, Gordon House, Barrow Street, Dublin 4, \u012arija.<\/p>\n<p>Google Analytics izmanto s\u012bkfailus, lai analiz\u0113tu m\u016bsu vietnes izmanto\u0161anu. M\u0113s esam aktiviz\u0113ju\u0161i IP anonimiz\u0101ciju, lai j\u016bsu IP adrese tiktu sa\u012bsin\u0101ta ES vai EEZ pirms nos\u016bt\u012b\u0161anas Google. J\u016bs varat nov\u0113rst s\u012bkfailu saglab\u0101\u0161anu, izv\u0113loties atbilsto\u0161us p\u0101rl\u016bkprogrammas iestat\u012bjumus vai izmantojot Google Analytics atteik\u0161an\u0101s spraudni.  <\/p>\n<p>Papildu inform\u0101cija: <a>https:\/\/policies.google.com\/privacy<\/a><\/p>\n<h3>11. datu izpau\u0161ana<\/h3>\n<p>J\u016bsu dati netiks nodoti tre\u0161aj\u0101m person\u0101m, ja vien:<\/p>\n<ul data-spread=\"false\">\n<li>J\u016bs esat skaidri piekritis<\/li>\n<li>Tas ir juridisks pien\u0101kums.<\/li>\n<li>Apstr\u0101di veic apstr\u0101d\u0101t\u0101js saska\u0146\u0101 ar VDAR 28. pantu.<\/li>\n<\/ul>\n<h3>12. glab\u0101\u0161anas periods<\/h3>\n<p>Personas datus m\u0113s glab\u0101jam tikai tik ilgi, cik tas ir nepiecie\u0161ams, lai apstr\u0101d\u0101tu j\u016bsu piepras\u012bjumu, vai tik ilgi, kam\u0113r ir sp\u0113k\u0101 likum\u0101 noteiktie datu glab\u0101\u0161anas pien\u0101kumi:<\/p>\n<ul data-spread=\"false\">\n<li>Kontaktu veidlapu dati: 6 m\u0113ne\u0161i<\/li>\n<li>Anal\u012bzes dati: 1 gads<\/li>\n<li>Pas\u016bt\u012bjumu dati: 10 gadi<\/li>\n<\/ul>\n<h3>13. k\u0101das ties\u012bbas jums ir uz j\u016bsu datiem<\/h3>\n<p>Jums ir \u0161\u0101das ties\u012bbas:<\/p>\n<ul data-spread=\"false\">\n<li>Ties\u012bbas uz inform\u0101ciju par saglab\u0101tajiem datiem<\/li>\n<li>Ties\u012bbas uz nepareizu datu labo\u0161anu<\/li>\n<li>Ties\u012bbas dz\u0113st j\u016bsu datus (ja nav ar likumu noteikta datu glab\u0101\u0161anas pien\u0101kuma).<\/li>\n<li>Ties\u012bbas uz apstr\u0101des ierobe\u017eo\u0161anu<\/li>\n<li>Ties\u012bbas iebilst pret apstr\u0101di<\/li>\n<li>Ties\u012bbas uz datu p\u0101rnesam\u012bbu<\/li>\n<\/ul>\n<p>Ja v\u0113laties izmantot k\u0101du no \u0161\u012bm ties\u012bb\u0101m, l\u016bdzu, sazinieties ar mums pa e-pastu <a>info@niroxx.io<\/a>.<\/p>\n<h3>14 Kur tiek nos\u016bt\u012bti j\u016bsu dati<\/h3>\n<p>M\u0113s izmantojam tre\u0161o pu\u0161u r\u012bkus un pakalpojumus, kas var apstr\u0101d\u0101t datus \u0101rpus ES. M\u0113s nodro\u0161in\u0101m, ka \u0161ie pakalpojumu sniedz\u0113ji iev\u0113ro VDAR: <\/p>\n<ul data-spread=\"false\">\n<li><strong>Google LLC (Google Analytics, Google Ads, reCAPTCHA)<\/strong>: konfidencialit\u0101tes vairoga l\u012bgums (l\u012bdz 2020. gadam) un standarta l\u012bguma klauzulas.<\/li>\n<li><strong>Mailchimp (bi\u013cetenu izs\u016bt\u012b\u0161ana<\/strong>): Standarta l\u012bguma klauzulas<\/li>\n<\/ul>\n<h3>15. kontaktinform\u0101cija<\/h3>\n<p>Ja rodas ba\u017eas par datu aizsardz\u012bbu, l\u016bdzu, sazinieties ar mums, rakstot uz \u0161\u0101du adresi:<br \/>\nE-pasts:  <a>info@niroxx.io<\/a><\/p>\n<h3>16. k\u0101 m\u0113s aizsarg\u0101jam j\u016bsu datus<\/h3>\n<p>M\u0113s izmantojam tehniskus un organizatoriskus pas\u0101kumus, lai aizsarg\u0101tu j\u016bsu datus:<\/p>\n<ul data-spread=\"false\">\n<li>SSL\/TLS \u0161ifr\u0113\u0161ana<\/li>\n<li>Piek\u013cuves ierobe\u017eojumi<\/li>\n<li>Divu faktoru autentifik\u0101cija (ja piem\u0113rojams)<\/li>\n<li>Regul\u0101ri dro\u0161\u012bbas atjaunin\u0101jumi<\/li>\n<\/ul>\n<h3>17. pas\u0101kumi datu aizsardz\u012bbas p\u0101rk\u0101pumu gad\u012bjum\u0101.<\/h3>\n<p>Datu aizsardz\u012bbas p\u0101rk\u0101puma gad\u012bjum\u0101 m\u0113s inform\u0113sim skartos lietot\u0101jus un kompetent\u0101s datu aizsardz\u012bbas iest\u0101des saska\u0146\u0101 ar ties\u012bbu aktos paredz\u0113tajiem noteikumiem.<\/p>\n<h3>18. no k\u0101diem tre\u0161o pu\u0161u pakalpojumu sniedz\u0113jiem m\u0113s sa\u0146emam datus.<\/h3>\n<p>M\u0113s nesa\u0146emam nek\u0101dus datus no tre\u0161o pu\u0161u pakalpojumu sniedz\u0113jiem, kas nav min\u0113ti \u0161aj\u0101 konfidencialit\u0101tes politik\u0101.<\/p>\n<h3>19 Automatiz\u0113ta l\u0113mumu pie\u0146em\u0161ana<\/h3>\n<p>M\u016bsu t\u012bmek\u013ca vietn\u0113 netiek veikta automatiz\u0113ta l\u0113mumu pie\u0146em\u0161ana vai profil\u0113\u0161ana.<\/p>\n<h3>20. priv\u0101tuma politikas izmai\u0146as<\/h3>\n<p>M\u0113s paturam ties\u012bbas vajadz\u012bbas gad\u012bjum\u0101 atjaunin\u0101t \u0161o konfidencialit\u0101tes politiku.<\/p>\n<p><strong>Statuss: 2025. gada marts<\/strong><\/p>\n<\/div><\/section>\n","protected":false},"excerpt":{"rendered":"","protected":false},"author":1,"featured_media":0,"parent":0,"menu_order":0,"comment_status":"closed","ping_status":"open","template":"","meta":{"footnotes":""},"class_list":["post-2525","page","type-page","status-publish","hentry"],"yoast_head":"<!-- This site is optimized with the Yoast SEO plugin v27.5 - https:\/\/yoast.com\/product\/yoast-seo-wordpress\/ -->\n<title>Konfidencialit\u0101tes politika - Helim - Leak Test Solutions<\/title>\n<meta name=\"description\" content=\"Helim - elektrisko un hibr\u012bdautomobi\u013cu akumulatoru nopl\u016bdes testeru ra\u017eot\u0101js, \u012bpa\u0161i darbn\u012bc\u0101m un r\u016bpniec\u012bbai - priv\u0101tuma politika.\" \/>\n<meta name=\"robots\" content=\"index, follow, max-snippet:-1, max-image-preview:large, max-video-preview:-1\" \/>\n<link rel=\"canonical\" href=\"https:\/\/helim.eu\/lv\/konfidencialitates-politika\/\" \/>\n<meta property=\"og:locale\" content=\"lv_LV\" \/>\n<meta property=\"og:type\" content=\"article\" \/>\n<meta property=\"og:title\" content=\"Konfidencialit\u0101tes politika - Helim - Leak Test Solutions\" \/>\n<meta property=\"og:description\" content=\"Helim - elektrisko un hibr\u012bdautomobi\u013cu akumulatoru nopl\u016bdes testeru ra\u017eot\u0101js, \u012bpa\u0161i darbn\u012bc\u0101m un r\u016bpniec\u012bbai - priv\u0101tuma politika.\" \/>\n<meta property=\"og:url\" content=\"https:\/\/helim.eu\/lv\/konfidencialitates-politika\/\" \/>\n<meta property=\"og:site_name\" content=\"Helim - Leak Test Solutions\" \/>\n<meta property=\"article:publisher\" content=\"https:\/\/www.facebook.com\/profile.php?id=61574206138313\" \/>\n<meta property=\"article:modified_time\" content=\"2025-05-11T06:37:40+00:00\" \/>\n<meta name=\"twitter:card\" content=\"summary_large_image\" \/>\n<meta name=\"twitter:label1\" content=\"Est. reading time\" \/>\n\t<meta name=\"twitter:data1\" content=\"6 minutes\" \/>\n<script type=\"application\/ld+json\" class=\"yoast-schema-graph\">{\"@context\":\"https:\\\/\\\/schema.org\",\"@graph\":[{\"@type\":\"WebPage\",\"@id\":\"https:\\\/\\\/helim.eu\\\/lv\\\/konfidencialitates-politika\\\/\",\"url\":\"https:\\\/\\\/helim.eu\\\/lv\\\/konfidencialitates-politika\\\/\",\"name\":\"Konfidencialit\u0101tes politika - Helim - Leak Test Solutions\",\"isPartOf\":{\"@id\":\"https:\\\/\\\/helim.eu\\\/lv\\\/#website\"},\"datePublished\":\"2025-01-22T17:30:34+00:00\",\"dateModified\":\"2025-05-11T06:37:40+00:00\",\"description\":\"Helim - elektrisko un hibr\u012bdautomobi\u013cu akumulatoru nopl\u016bdes testeru ra\u017eot\u0101js, \u012bpa\u0161i darbn\u012bc\u0101m un r\u016bpniec\u012bbai - priv\u0101tuma politika.\",\"breadcrumb\":{\"@id\":\"https:\\\/\\\/helim.eu\\\/lv\\\/konfidencialitates-politika\\\/#breadcrumb\"},\"inLanguage\":\"lv-LV\",\"potentialAction\":[{\"@type\":\"ReadAction\",\"target\":[\"https:\\\/\\\/helim.eu\\\/lv\\\/konfidencialitates-politika\\\/\"]}]},{\"@type\":\"BreadcrumbList\",\"@id\":\"https:\\\/\\\/helim.eu\\\/lv\\\/konfidencialitates-politika\\\/#breadcrumb\",\"itemListElement\":[{\"@type\":\"ListItem\",\"position\":1,\"name\":\"Startseite\",\"item\":\"https:\\\/\\\/helim.eu\\\/lv\\\/\"},{\"@type\":\"ListItem\",\"position\":2,\"name\":\"Konfidencialit\u0101tes politika\"}]},{\"@type\":\"WebSite\",\"@id\":\"https:\\\/\\\/helim.eu\\\/lv\\\/#website\",\"url\":\"https:\\\/\\\/helim.eu\\\/lv\\\/\",\"name\":\"Helim - Leak Test Solutions\",\"description\":\"EV Battery Leaktester\",\"publisher\":{\"@id\":\"https:\\\/\\\/helim.eu\\\/lv\\\/#organization\"},\"potentialAction\":[{\"@type\":\"SearchAction\",\"target\":{\"@type\":\"EntryPoint\",\"urlTemplate\":\"https:\\\/\\\/helim.eu\\\/lv\\\/?s={search_term_string}\"},\"query-input\":{\"@type\":\"PropertyValueSpecification\",\"valueRequired\":true,\"valueName\":\"search_term_string\"}}],\"inLanguage\":\"lv-LV\"},{\"@type\":\"Organization\",\"@id\":\"https:\\\/\\\/helim.eu\\\/lv\\\/#organization\",\"name\":\"Helim\",\"url\":\"https:\\\/\\\/helim.eu\\\/lv\\\/\",\"logo\":{\"@type\":\"ImageObject\",\"inLanguage\":\"lv-LV\",\"@id\":\"https:\\\/\\\/helim.eu\\\/lv\\\/#\\\/schema\\\/logo\\\/image\\\/\",\"url\":\"https:\\\/\\\/helim.eu\\\/wp-content\\\/uploads\\\/2025\\\/03\\\/helim-logo-r-w-600-600-rand.png\",\"contentUrl\":\"https:\\\/\\\/helim.eu\\\/wp-content\\\/uploads\\\/2025\\\/03\\\/helim-logo-r-w-600-600-rand.png\",\"width\":600,\"height\":600,\"caption\":\"Helim\"},\"image\":{\"@id\":\"https:\\\/\\\/helim.eu\\\/lv\\\/#\\\/schema\\\/logo\\\/image\\\/\"},\"sameAs\":[\"https:\\\/\\\/www.facebook.com\\\/profile.php?id=61574206138313\"]}]}<\/script>\n<!-- \/ Yoast SEO plugin. -->","yoast_head_json":{"title":"Konfidencialit\u0101tes politika - Helim - Leak Test Solutions","description":"Helim - elektrisko un hibr\u012bdautomobi\u013cu akumulatoru nopl\u016bdes testeru ra\u017eot\u0101js, \u012bpa\u0161i darbn\u012bc\u0101m un r\u016bpniec\u012bbai - priv\u0101tuma politika.","robots":{"index":"index","follow":"follow","max-snippet":"max-snippet:-1","max-image-preview":"max-image-preview:large","max-video-preview":"max-video-preview:-1"},"canonical":"https:\/\/helim.eu\/lv\/konfidencialitates-politika\/","og_locale":"lv_LV","og_type":"article","og_title":"Konfidencialit\u0101tes politika - Helim - Leak Test Solutions","og_description":"Helim - elektrisko un hibr\u012bdautomobi\u013cu akumulatoru nopl\u016bdes testeru ra\u017eot\u0101js, \u012bpa\u0161i darbn\u012bc\u0101m un r\u016bpniec\u012bbai - priv\u0101tuma politika.","og_url":"https:\/\/helim.eu\/lv\/konfidencialitates-politika\/","og_site_name":"Helim - Leak Test Solutions","article_publisher":"https:\/\/www.facebook.com\/profile.php?id=61574206138313","article_modified_time":"2025-05-11T06:37:40+00:00","twitter_card":"summary_large_image","twitter_misc":{"Est. reading time":"6 minutes"},"schema":{"@context":"https:\/\/schema.org","@graph":[{"@type":"WebPage","@id":"https:\/\/helim.eu\/lv\/konfidencialitates-politika\/","url":"https:\/\/helim.eu\/lv\/konfidencialitates-politika\/","name":"Konfidencialit\u0101tes politika - Helim - Leak Test Solutions","isPartOf":{"@id":"https:\/\/helim.eu\/lv\/#website"},"datePublished":"2025-01-22T17:30:34+00:00","dateModified":"2025-05-11T06:37:40+00:00","description":"Helim - elektrisko un hibr\u012bdautomobi\u013cu akumulatoru nopl\u016bdes testeru ra\u017eot\u0101js, \u012bpa\u0161i darbn\u012bc\u0101m un r\u016bpniec\u012bbai - priv\u0101tuma politika.","breadcrumb":{"@id":"https:\/\/helim.eu\/lv\/konfidencialitates-politika\/#breadcrumb"},"inLanguage":"lv-LV","potentialAction":[{"@type":"ReadAction","target":["https:\/\/helim.eu\/lv\/konfidencialitates-politika\/"]}]},{"@type":"BreadcrumbList","@id":"https:\/\/helim.eu\/lv\/konfidencialitates-politika\/#breadcrumb","itemListElement":[{"@type":"ListItem","position":1,"name":"Startseite","item":"https:\/\/helim.eu\/lv\/"},{"@type":"ListItem","position":2,"name":"Konfidencialit\u0101tes politika"}]},{"@type":"WebSite","@id":"https:\/\/helim.eu\/lv\/#website","url":"https:\/\/helim.eu\/lv\/","name":"Helim - Leak Test Solutions","description":"EV Battery Leaktester","publisher":{"@id":"https:\/\/helim.eu\/lv\/#organization"},"potentialAction":[{"@type":"SearchAction","target":{"@type":"EntryPoint","urlTemplate":"https:\/\/helim.eu\/lv\/?s={search_term_string}"},"query-input":{"@type":"PropertyValueSpecification","valueRequired":true,"valueName":"search_term_string"}}],"inLanguage":"lv-LV"},{"@type":"Organization","@id":"https:\/\/helim.eu\/lv\/#organization","name":"Helim","url":"https:\/\/helim.eu\/lv\/","logo":{"@type":"ImageObject","inLanguage":"lv-LV","@id":"https:\/\/helim.eu\/lv\/#\/schema\/logo\/image\/","url":"https:\/\/helim.eu\/wp-content\/uploads\/2025\/03\/helim-logo-r-w-600-600-rand.png","contentUrl":"https:\/\/helim.eu\/wp-content\/uploads\/2025\/03\/helim-logo-r-w-600-600-rand.png","width":600,"height":600,"caption":"Helim"},"image":{"@id":"https:\/\/helim.eu\/lv\/#\/schema\/logo\/image\/"},"sameAs":["https:\/\/www.facebook.com\/profile.php?id=61574206138313"]}]}},"_links":{"self":[{"href":"https:\/\/helim.eu\/lv\/wp-json\/wp\/v2\/pages\/2525","targetHints":{"allow":["GET"]}}],"collection":[{"href":"https:\/\/helim.eu\/lv\/wp-json\/wp\/v2\/pages"}],"about":[{"href":"https:\/\/helim.eu\/lv\/wp-json\/wp\/v2\/types\/page"}],"author":[{"embeddable":true,"href":"https:\/\/helim.eu\/lv\/wp-json\/wp\/v2\/users\/1"}],"replies":[{"embeddable":true,"href":"https:\/\/helim.eu\/lv\/wp-json\/wp\/v2\/comments?post=2525"}],"version-history":[{"count":6,"href":"https:\/\/helim.eu\/lv\/wp-json\/wp\/v2\/pages\/2525\/revisions"}],"predecessor-version":[{"id":2901,"href":"https:\/\/helim.eu\/lv\/wp-json\/wp\/v2\/pages\/2525\/revisions\/2901"}],"wp:attachment":[{"href":"https:\/\/helim.eu\/lv\/wp-json\/wp\/v2\/media?parent=2525"}],"curies":[{"name":"wp","href":"https:\/\/api.w.org\/{rel}","templated":true}]}}