{"id":2517,"date":"2025-03-12T11:03:16","date_gmt":"2025-03-12T11:03:16","guid":{"rendered":"https:\/\/helim.eu\/imprint\/"},"modified":"2025-04-11T13:22:01","modified_gmt":"2025-04-11T13:22:01","slug":"imprint","status":"publish","type":"page","link":"https:\/\/helim.eu\/lv\/imprint\/","title":{"rendered":"Imprint"},"content":{"rendered":"<div id='av_section_1'  class='avia-section av-85sg-9253af3811e26d8c58991fb476b4cd22 main_color avia-section-default avia-no-border-styling  avia-builder-el-0  avia-builder-el-no-sibling  avia-bg-style-scroll av-minimum-height av-minimum-height-custom av-height-custom  container_wrap fullsize'   data-av_minimum_height_px='700'><div class='container av-section-cont-open' style='height:700px'><main  role=\"main\" itemprop=\"mainContentOfPage\"  class='template-page content  av-content-full alpha units'><div class='post-entry post-entry-type-page post-entry-2517'><div class='entry-content-wrapper clearfix'>\n\n<style type=\"text\/css\" data-created_by=\"avia_inline_auto\" id=\"style-css-av-m7vp4u51-b406612f7e81a91b95aa156f5719d08d\">\n.flex_column.av-m7vp4u51-b406612f7e81a91b95aa156f5719d08d{\npadding:40px 0 0 0;\n}\n<\/style>\n<div  class='flex_column av-m7vp4u51-b406612f7e81a91b95aa156f5719d08d av_one_half  avia-builder-el-1  avia-builder-el-no-sibling  first flex_column_div  '     ><section  class='av_textblock_section av-42ho-1ab9d9e8948954851446949b3d030a10 '   itemscope=\"itemscope\" itemtype=\"https:\/\/schema.org\/CreativeWork\" ><div class='avia_textblock'  itemprop=\"text\" ><p data-start=\"251\" data-end=\"308\"><strong data-start=\"251\" data-end=\"306\">Inform\u0101cija saska\u0146\u0101 ar TMG 5. pantu \/ E-komercijas direkt\u012bvas 4. pantu<\/strong><\/p>\n<p data-start=\"310\" data-end=\"451\"><strong data-start=\"310\" data-end=\"344\">Atbild\u012bgs par saturu:<\/strong><\/p>\n<p data-start=\"310\" data-end=\"451\"><br class=\"avia-permanent-lb\"><br data-start=\"344\" data-end=\"347\"><strong data-start=\"347\" data-end=\"374\">NIROXX Engineering Ltd.<\/strong><\/p>\n<p>Morozova prospekts 12<br data-start=\"492\" data-end=\"495\">8220 Pafa  <br data-start=\"492\" data-end=\"495\">Kipra<\/p>\n<p><strong data-start=\"453\" data-end=\"465\">Kontakti:<\/strong><br data-start=\"465\" data-end=\"468\">T\u0101lrunis V\u0101cija: +49 176 26 150 383<br data-start=\"492\" data-end=\"495\">T\u0101lrunis Kipra: +357 99 244 147<br data-start=\"519\" data-end=\"522\">E-pasts: <a href=\"mailto:info@helim.eu\">info@helim.eu<\/a><br data-start=\"519\" data-end=\"522\">T\u012bmek\u013ca vietne: <a href=\"http:\/\/www.helim.eu\" target=\"_new\" rel=\"noopener\">www.helim.eu<\/a><\/p>\n<p data-start=\"550\" data-end=\"723\"><strong data-start=\"550\" data-end=\"585\">Komercre\u0123istra un nodok\u013cu maks\u0101t\u0101ja numurs:<\/strong><br data-start=\"585\" data-end=\"588\">Komercre\u0123istrs: HE 464680<br data-start=\"621\" data-end=\"624\">Re\u0123istra tiesa: Pafosas rajona tiesa<br data-start=\"672\" data-end=\"675\">PVN maks\u0101t\u0101ja re\u0123istr\u0101cijas numurs: CY60096432B<\/p>\n<p data-start=\"550\" data-end=\"723\">\n<p data-start=\"725\" data-end=\"777\"><strong data-start=\"725\" data-end=\"745\">Izpilddirektors:<\/strong><br data-start=\"745\" data-end=\"748\">Alexei Keller<\/p>\n<h4 data-start=\"702\" data-end=\"732\"><strong data-start=\"707\" data-end=\"730\">Atruna:<\/strong><\/h4>\n<p data-start=\"733\" data-end=\"1165\">\u0160\u012bs t\u012bmek\u013ca vietnes saturs ir izveidots ar visliel\u0101ko iesp\u0113jamo r\u016bp\u012bbu. Tom\u0113r m\u0113s neuz\u0146emamies atbild\u012bbu par satura precizit\u0101ti, piln\u012bgumu un aktualit\u0101ti. M\u0113s k\u0101 pakalpojumu sniedz\u0113js esam atbild\u012bgi par savu saturu \u0161aj\u0101s lap\u0101s saska\u0146\u0101 ar visp\u0101r\u0113jiem ties\u012bbu aktiem. M\u0113s neuz\u0146emamies nek\u0101du atbild\u012bbu par \u0101r\u0113jo sai\u0161u saturu. Par saist\u012bto lapu saturu ir atbild\u012bgi tikai un vien\u012bgi \u0161o lapu operatori.    <\/p>\n<h4 data-start=\"1167\" data-end=\"1191\"><strong data-start=\"1172\" data-end=\"1189\">Autorties\u012bbas:<\/strong><\/h4>\n<p data-start=\"1192\" data-end=\"1466\">Uz saturu un darbiem \u0161aj\u0101 t\u012bmek\u013ca vietn\u0113, ko izveidojis t\u012bmek\u013ca vietnes operators, attiecas autorties\u012bbas. \u0160\u0101da materi\u0101la pavairo\u0161anai, apstr\u0101dei, izplat\u012b\u0161anai vai jebk\u0101da veida komercializ\u0101cijai, kas p\u0101rsniedz autorties\u012bbu likuma darb\u012bbas jomu, ir nepiecie\u0161ama attiec\u012bg\u0101 autora vai rad\u012bt\u0101ja iepriek\u0161\u0113ja rakstiska piekri\u0161ana. <\/p>\n<h4 data-start=\"1468\" data-end=\"1491\"><strong data-start=\"1473\" data-end=\"1489\">Datu aizsardz\u012bba:<\/strong><\/h4>\n<p data-start=\"1492\" data-end=\"1606\">S\u012bk\u0101ka inform\u0101cija par personas datu apstr\u0101di ir atrodama m\u016bsu <strong data-start=\"1563\" data-end=\"1603\"><a href=\"https:\/\/helim.eu\/privacy-policy\/\" rel=\"noopener\" data-start=\"1565\" data-end=\"1601\">priv\u0101tuma politik\u0101<\/a><\/strong>.<\/p>\n<\/div><\/section><\/div>\n","protected":false},"excerpt":{"rendered":"","protected":false},"author":1,"featured_media":0,"parent":0,"menu_order":0,"comment_status":"closed","ping_status":"open","template":"","meta":{"footnotes":""},"class_list":["post-2517","page","type-page","status-publish","hentry"],"yoast_head":"<!-- This site is optimized with the Yoast SEO plugin v27.5 - https:\/\/yoast.com\/product\/yoast-seo-wordpress\/ -->\n<title>Imprint - Helim - Leak Test Solutions<\/title>\n<meta name=\"robots\" content=\"index, follow, max-snippet:-1, max-image-preview:large, max-video-preview:-1\" \/>\n<link rel=\"canonical\" href=\"https:\/\/helim.eu\/lv\/imprint\/\" \/>\n<meta property=\"og:locale\" content=\"lv_LV\" \/>\n<meta property=\"og:type\" content=\"article\" \/>\n<meta property=\"og:title\" content=\"Imprint - Helim - Leak Test Solutions\" \/>\n<meta property=\"og:url\" content=\"https:\/\/helim.eu\/lv\/imprint\/\" \/>\n<meta property=\"og:site_name\" content=\"Helim - Leak Test Solutions\" \/>\n<meta property=\"article:publisher\" content=\"https:\/\/www.facebook.com\/profile.php?id=61574206138313\" \/>\n<meta property=\"article:modified_time\" content=\"2025-04-11T13:22:01+00:00\" \/>\n<meta name=\"twitter:card\" content=\"summary_large_image\" \/>\n<meta name=\"twitter:label1\" content=\"Est. reading time\" \/>\n\t<meta name=\"twitter:data1\" content=\"6 minutes\" \/>\n<script type=\"application\/ld+json\" class=\"yoast-schema-graph\">{\"@context\":\"https:\\\/\\\/schema.org\",\"@graph\":[{\"@type\":\"WebPage\",\"@id\":\"https:\\\/\\\/helim.eu\\\/lv\\\/imprint\\\/\",\"url\":\"https:\\\/\\\/helim.eu\\\/lv\\\/imprint\\\/\",\"name\":\"Imprint - Helim - Leak Test Solutions\",\"isPartOf\":{\"@id\":\"https:\\\/\\\/helim.eu\\\/lv\\\/#website\"},\"datePublished\":\"2025-03-12T11:03:16+00:00\",\"dateModified\":\"2025-04-11T13:22:01+00:00\",\"breadcrumb\":{\"@id\":\"https:\\\/\\\/helim.eu\\\/lv\\\/imprint\\\/#breadcrumb\"},\"inLanguage\":\"lv-LV\",\"potentialAction\":[{\"@type\":\"ReadAction\",\"target\":[\"https:\\\/\\\/helim.eu\\\/lv\\\/imprint\\\/\"]}]},{\"@type\":\"BreadcrumbList\",\"@id\":\"https:\\\/\\\/helim.eu\\\/lv\\\/imprint\\\/#breadcrumb\",\"itemListElement\":[{\"@type\":\"ListItem\",\"position\":1,\"name\":\"Startseite\",\"item\":\"https:\\\/\\\/helim.eu\\\/lv\\\/\"},{\"@type\":\"ListItem\",\"position\":2,\"name\":\"Imprint\"}]},{\"@type\":\"WebSite\",\"@id\":\"https:\\\/\\\/helim.eu\\\/lv\\\/#website\",\"url\":\"https:\\\/\\\/helim.eu\\\/lv\\\/\",\"name\":\"Helim - Leak Test Solutions\",\"description\":\"EV Battery Leaktester\",\"publisher\":{\"@id\":\"https:\\\/\\\/helim.eu\\\/lv\\\/#organization\"},\"potentialAction\":[{\"@type\":\"SearchAction\",\"target\":{\"@type\":\"EntryPoint\",\"urlTemplate\":\"https:\\\/\\\/helim.eu\\\/lv\\\/?s={search_term_string}\"},\"query-input\":{\"@type\":\"PropertyValueSpecification\",\"valueRequired\":true,\"valueName\":\"search_term_string\"}}],\"inLanguage\":\"lv-LV\"},{\"@type\":\"Organization\",\"@id\":\"https:\\\/\\\/helim.eu\\\/lv\\\/#organization\",\"name\":\"Helim\",\"url\":\"https:\\\/\\\/helim.eu\\\/lv\\\/\",\"logo\":{\"@type\":\"ImageObject\",\"inLanguage\":\"lv-LV\",\"@id\":\"https:\\\/\\\/helim.eu\\\/lv\\\/#\\\/schema\\\/logo\\\/image\\\/\",\"url\":\"https:\\\/\\\/helim.eu\\\/wp-content\\\/uploads\\\/2025\\\/03\\\/helim-logo-r-w-600-600-rand.png\",\"contentUrl\":\"https:\\\/\\\/helim.eu\\\/wp-content\\\/uploads\\\/2025\\\/03\\\/helim-logo-r-w-600-600-rand.png\",\"width\":600,\"height\":600,\"caption\":\"Helim\"},\"image\":{\"@id\":\"https:\\\/\\\/helim.eu\\\/lv\\\/#\\\/schema\\\/logo\\\/image\\\/\"},\"sameAs\":[\"https:\\\/\\\/www.facebook.com\\\/profile.php?id=61574206138313\"]}]}<\/script>\n<!-- \/ Yoast SEO plugin. -->","yoast_head_json":{"title":"Imprint - Helim - Leak Test Solutions","robots":{"index":"index","follow":"follow","max-snippet":"max-snippet:-1","max-image-preview":"max-image-preview:large","max-video-preview":"max-video-preview:-1"},"canonical":"https:\/\/helim.eu\/lv\/imprint\/","og_locale":"lv_LV","og_type":"article","og_title":"Imprint - Helim - Leak Test Solutions","og_url":"https:\/\/helim.eu\/lv\/imprint\/","og_site_name":"Helim - Leak Test Solutions","article_publisher":"https:\/\/www.facebook.com\/profile.php?id=61574206138313","article_modified_time":"2025-04-11T13:22:01+00:00","twitter_card":"summary_large_image","twitter_misc":{"Est. reading time":"6 minutes"},"schema":{"@context":"https:\/\/schema.org","@graph":[{"@type":"WebPage","@id":"https:\/\/helim.eu\/lv\/imprint\/","url":"https:\/\/helim.eu\/lv\/imprint\/","name":"Imprint - Helim - Leak Test Solutions","isPartOf":{"@id":"https:\/\/helim.eu\/lv\/#website"},"datePublished":"2025-03-12T11:03:16+00:00","dateModified":"2025-04-11T13:22:01+00:00","breadcrumb":{"@id":"https:\/\/helim.eu\/lv\/imprint\/#breadcrumb"},"inLanguage":"lv-LV","potentialAction":[{"@type":"ReadAction","target":["https:\/\/helim.eu\/lv\/imprint\/"]}]},{"@type":"BreadcrumbList","@id":"https:\/\/helim.eu\/lv\/imprint\/#breadcrumb","itemListElement":[{"@type":"ListItem","position":1,"name":"Startseite","item":"https:\/\/helim.eu\/lv\/"},{"@type":"ListItem","position":2,"name":"Imprint"}]},{"@type":"WebSite","@id":"https:\/\/helim.eu\/lv\/#website","url":"https:\/\/helim.eu\/lv\/","name":"Helim - Leak Test Solutions","description":"EV Battery Leaktester","publisher":{"@id":"https:\/\/helim.eu\/lv\/#organization"},"potentialAction":[{"@type":"SearchAction","target":{"@type":"EntryPoint","urlTemplate":"https:\/\/helim.eu\/lv\/?s={search_term_string}"},"query-input":{"@type":"PropertyValueSpecification","valueRequired":true,"valueName":"search_term_string"}}],"inLanguage":"lv-LV"},{"@type":"Organization","@id":"https:\/\/helim.eu\/lv\/#organization","name":"Helim","url":"https:\/\/helim.eu\/lv\/","logo":{"@type":"ImageObject","inLanguage":"lv-LV","@id":"https:\/\/helim.eu\/lv\/#\/schema\/logo\/image\/","url":"https:\/\/helim.eu\/wp-content\/uploads\/2025\/03\/helim-logo-r-w-600-600-rand.png","contentUrl":"https:\/\/helim.eu\/wp-content\/uploads\/2025\/03\/helim-logo-r-w-600-600-rand.png","width":600,"height":600,"caption":"Helim"},"image":{"@id":"https:\/\/helim.eu\/lv\/#\/schema\/logo\/image\/"},"sameAs":["https:\/\/www.facebook.com\/profile.php?id=61574206138313"]}]}},"_links":{"self":[{"href":"https:\/\/helim.eu\/lv\/wp-json\/wp\/v2\/pages\/2517","targetHints":{"allow":["GET"]}}],"collection":[{"href":"https:\/\/helim.eu\/lv\/wp-json\/wp\/v2\/pages"}],"about":[{"href":"https:\/\/helim.eu\/lv\/wp-json\/wp\/v2\/types\/page"}],"author":[{"embeddable":true,"href":"https:\/\/helim.eu\/lv\/wp-json\/wp\/v2\/users\/1"}],"replies":[{"embeddable":true,"href":"https:\/\/helim.eu\/lv\/wp-json\/wp\/v2\/comments?post=2517"}],"version-history":[{"count":1,"href":"https:\/\/helim.eu\/lv\/wp-json\/wp\/v2\/pages\/2517\/revisions"}],"predecessor-version":[{"id":2520,"href":"https:\/\/helim.eu\/lv\/wp-json\/wp\/v2\/pages\/2517\/revisions\/2520"}],"wp:attachment":[{"href":"https:\/\/helim.eu\/lv\/wp-json\/wp\/v2\/media?parent=2517"}],"curies":[{"name":"wp","href":"https:\/\/api.w.org\/{rel}","templated":true}]}}