{"id":2603,"date":"2025-01-22T17:30:34","date_gmt":"2025-01-22T17:30:34","guid":{"rendered":"https:\/\/helim.eu\/privatumo-politika\/"},"modified":"2025-05-11T06:37:40","modified_gmt":"2025-05-11T06:37:40","slug":"privatumo-politika","status":"publish","type":"page","link":"https:\/\/helim.eu\/lt\/privatumo-politika\/","title":{"rendered":"Privatumo politika"},"content":{"rendered":"<section  class='av_textblock_section av-m860qs28-1630095a5e4c5eb0929470a73e6b6410 '   itemscope=\"itemscope\" itemtype=\"https:\/\/schema.org\/CreativeWork\" ><div class='avia_textblock'  itemprop=\"text\" ><h2 data-pm-slice=\"1 1 []\">Privatumo politika<\/h2>\n<h3>1. bendroji informacija<\/h3>\n<p>Mums svarbi j\u016bs\u0173 asmens duomen\u0173 apsauga. \u0160ioje privatumo politikoje paai\u0161kinama, kokius duomenis renkame, kaip juos naudojame ir kokias teises turite. <\/p>\n<h3>2. asmuo, atsakingas u\u017e duomen\u0173 tvarkym\u0105<\/h3>\n<p>NIROXX Engineering Ltd.<br \/>\n12 Morozovo prospektas<br \/>\n8220 Pafosas, Kipras<br \/>\nEl. pa\u0161tas: <a>info@niroxx.io<\/a><br \/>\nInterneto svetain\u0117:   <a href=\"https:\/\/www.niroxx.io\">https:\/\/www.niroxx.io<\/a><\/p>\n<h3>3. prieglobos ir serverio \u017eurnalo rinkmenos<\/h3>\n<p>M\u016bs\u0173 svetain\u0117s prieglob\u0105 teikia &#8222;Strato AG&#8221;:<br \/>\n<strong>Strato AG<\/strong>, Pascalstra\u00dfe 10, 10587 Berlynas, Vokietija<\/p>\n<p>Kai lankot\u0117s m\u016bs\u0173 svetain\u0117je, prieglobos paslaug\u0173 teik\u0117jas automati\u0161kai i\u0161saugo toliau nurodytus duomenis vadinamuosiuose serverio \u017eurnalo failuose:<\/p>\n<ul data-spread=\"false\">\n<li>Lankytojo IP adresas<\/li>\n<li>Prieigos data ir laikas<\/li>\n<li>Nar\u0161ykl\u0117s tipas ir versija<\/li>\n<li>Operacin\u0117 sistema<\/li>\n<li>Nuorodos URL (anks\u010diau aplankytas puslapis)<\/li>\n<\/ul>\n<p>\u0160ie duomenys naudojami tik svetain\u0117s saugumui ir techninei prie\u017ei\u016brai ir n\u0117ra sujungiami su kitais duomen\u0173 \u0161altiniais. Duomenys saugomi ne ilgiau kaip 7 dienas, po to automati\u0161kai i\u0161trinami. <\/p>\n<h3>4. asmens duomen\u0173 rinkimas ir tvarkymas<\/h3>\n<p>Asmeninius duomenis renkame tik tada, jei juos mums pateikiate savanori\u0161kai per kontaktin\u0119 form\u0105 arba el. pa\u0161tu. Tai vis\u0173 pirma taikoma: <\/p>\n<ul data-spread=\"false\">\n<li>Pavadinimas<\/li>\n<li>El. pa\u0161to adresas<\/li>\n<li>Telefono numeris (jei nurodytas)<\/li>\n<li>J\u016bs\u0173 prane\u0161imo turinys<\/li>\n<li>Naudotojo paskyros informacija (jei registruota)<\/li>\n<\/ul>\n<h3>5. duomen\u0173 tvarkymo tikslas<\/h3>\n<p>J\u016bs\u0173 pateikti duomenys bus naudojami tik j\u016bs\u0173 u\u017eklausai apdoroti, ry\u0161iams su jumis palaikyti ir m\u016bs\u0173 paslaugoms tobulinti.<\/p>\n<h3>6. komentarai<\/h3>\n<p>Kai lankytojai svetain\u0117je ra\u0161o komentarus, renkame komentaro formoje rodomus duomenis, taip pat IP adres\u0105 ir naudotojo agento eilut\u0119, kad gal\u0117tume atpa\u017einti nepageidaujamus lai\u0161kus.<\/p>\n<h3>7. \u017einiasklaida<\/h3>\n<p>Jei \u012f \u0161i\u0105 svetain\u0119 \u012fkeliate vaizdus, tur\u0117tum\u0117te vengti \u012fkelti vaizdus su \u012fterptais EXIF GPS vietos duomenimis. Svetain\u0117s lankytojai gali i\u0161gauti tokius buvimo vietos duomenis. <\/p>\n<h3>8. kontaktin\u0117s formos<\/h3>\n<p>Jei naudojate m\u016bs\u0173 kontaktin\u0119 form\u0105, klient\u0173 aptarnavimo tikslais perduotus duomenis saugome iki 6 m\u0117nesi\u0173. \u0160ie duomenys nenaudojami rinkodaros tikslais. <\/p>\n<h3>9. slapukai<\/h3>\n<p>M\u016bs\u0173 svetain\u0117je naudojami slapukai. Slapukai &#8211; tai nedideli tekstiniai failai, saugomi j\u016bs\u0173 \u012frenginyje. <\/p>\n<p>M\u016bs\u0173 naudojami slapukai yra \u0161ie.<\/p>\n<ul data-spread=\"false\">\n<li><strong>Pagrindiniai slapukai<\/strong>: jie b\u016btini, kad svetain\u0117 veikt\u0173.<\/li>\n<li><strong>Analiz\u0117s ir rinkodaros slapukai<\/strong>: jie padeda mums analizuoti naudojim\u0105si m\u016bs\u0173 svetaine ir optimizuoti rinkodar\u0105.<\/li>\n<\/ul>\n<p>Slapuk\u0173 saugojim\u0105 galite i\u0161jungti nar\u0161ykl\u0117s nustatymuose.<\/p>\n<h3>10. analiz\u0117s paslaugos<\/h3>\n<p>M\u016bs\u0173 svetain\u0117je naudojama &#8222;Google Analytics&#8221; &#8211; \u017einiatinklio analiz\u0117s paslauga, kuri\u0105 teikia &#8222;Google Ireland Limited&#8221;, Gordon House, Barrow Street, Dublinas 4, Airija.<\/p>\n<p>&#8222;Google Analytics&#8221; naudoja slapukus, kad gal\u0117t\u0173 analizuoti m\u016bs\u0173 svetain\u0117s naudojim\u0105. \u012ejung\u0117me IP anonimizavim\u0105, kad j\u016bs\u0173 IP adresas b\u016bt\u0173 sutrumpintas ES arba EEE teritorijoje prie\u0161 perduodant j\u012f &#8222;Google&#8221;. Galite neleisti saugoti slapuk\u0173 pasirink\u0119 atitinkamus nar\u0161ykl\u0117s nustatymus arba naudodami &#8222;Google Analytics&#8221; atsisakymo \u012fskiep\u012f.  <\/p>\n<p>Daugiau informacijos: https: <a>\/\/policies.google.com\/privacy<\/a><\/p>\n<h3>11. duomen\u0173 atskleidimas<\/h3>\n<p>J\u016bs\u0173 duomenys nebus perduodami tre\u010diosioms \u0161alims, nebent:<\/p>\n<ul data-spread=\"false\">\n<li>J\u016bs ai\u0161kiai sutikote.<\/li>\n<li>Tai daryti yra teisin\u0117 prievol\u0117.<\/li>\n<li>Duomenis tvarko duomen\u0173 tvarkytojas pagal BDAR 28 straipsn\u012f<\/li>\n<\/ul>\n<h3>12. saugojimo laikotarpis<\/h3>\n<p>Asmens duomenis saugome tik tiek laiko, kiek reikia j\u016bs\u0173 u\u017eklausai apdoroti, arba tiek, kiek pagal teis\u0117s aktus privaloma saugoti:<\/p>\n<ul data-spread=\"false\">\n<li>Kontaktin\u0117s formos duomenys: 6 m\u0117nesiai<\/li>\n<li>Analiz\u0117s duomenys: 1 metai<\/li>\n<li>U\u017esakym\u0173 duomenys: 10 met\u0173<\/li>\n<\/ul>\n<h3>13. kokias teises turite \u012f savo duomenis<\/h3>\n<p>Turite \u0161ias teises:<\/p>\n<ul data-spread=\"false\">\n<li>Teis\u0117 gauti informacij\u0105 apie saugomus duomenis<\/li>\n<li>Teis\u0117 i\u0161taisyti neteisingus duomenis<\/li>\n<li>Teis\u0117 i\u0161trinti savo duomenis (jei n\u0117ra teis\u0117s aktais nustatyto \u012fpareigojimo juos saugoti).<\/li>\n<li>Teis\u0117 apriboti duomen\u0173 tvarkym\u0105<\/li>\n<li>Teis\u0117 nesutikti su duomen\u0173 tvarkymu<\/li>\n<li>Teis\u0117 \u012f duomen\u0173 perkeliamum\u0105<\/li>\n<\/ul>\n<p>Jei norite pasinaudoti bet kuria i\u0161 \u0161i\u0173 teisi\u0173, susisiekite su mumis el. pa\u0161tu <a>info@niroxx.io<\/a>.<\/p>\n<h3>14 Kur siun\u010diami j\u016bs\u0173 duomenys<\/h3>\n<p>Naudojame tre\u010di\u0173j\u0173 \u0161ali\u0173 \u012frankius ir paslaugas, kurios gali tvarkyti duomenis u\u017e ES rib\u0173. Tokiu b\u016bdu u\u017etikriname, kad \u0161ie paslaug\u0173 teik\u0117jai laikyt\u0173si BDAR: <\/p>\n<ul data-spread=\"false\">\n<li><strong>&#8222;Google LLC&#8221; (&#8222;Google Analytics&#8221;, &#8222;Google Ads&#8221;, &#8222;reCAPTCHA&#8221;)<\/strong>: susitarimas d\u0117l privatumo apsaugos (iki 2020 m.) ir standartin\u0117s sutar\u010di\u0173 s\u0105lygos.<\/li>\n<li><strong>&#8222;Mailchimp&#8221; (naujienlai\u0161ki\u0173 siuntimas)<\/strong>: Standartin\u0117s sutarties s\u0105lygos<\/li>\n<\/ul>\n<h3>15. kontaktin\u0117 informacija<\/h3>\n<p>D\u0117l duomen\u0173 apsaugos klausim\u0173 kreipkit\u0117s \u012f mus \u0161iuo adresu:<br \/>\nel:  <a>info@niroxx.io<\/a><\/p>\n<h3>16. kaip saugome j\u016bs\u0173 duomenis<\/h3>\n<p>J\u016bs\u0173 duomenims apsaugoti naudojame technines ir organizacines priemones:<\/p>\n<ul data-spread=\"false\">\n<li>SSL\/TLS \u0161ifravimas<\/li>\n<li>Prieigos apribojimai<\/li>\n<li>Dviej\u0173 veiksni\u0173 autenti\u0161kumo patvirtinimas (jei taikoma)<\/li>\n<li>Reguliar\u016bs saugumo atnaujinimai<\/li>\n<\/ul>\n<h3>17. priemon\u0117s duomen\u0173 saugumo pa\u017eeidimo atveju<\/h3>\n<p>Duomen\u0173 saugumo pa\u017eeidimo atveju, vadovaudamiesi teis\u0117s akt\u0173 nuostatomis, informuosime nukent\u0117jusius naudotojus ir kompetentingas duomen\u0173 apsaugos institucijas.<\/p>\n<h3>18. i\u0161 koki\u0173 tre\u010di\u0173j\u0173 \u0161ali\u0173 teik\u0117j\u0173 gauname duomenis.<\/h3>\n<p>I\u0161 tre\u010di\u0173j\u0173 \u0161ali\u0173 teik\u0117j\u0173 negauname joki\u0173 \u0161ioje privatumo politikoje nepamin\u0117t\u0173 duomen\u0173.<\/p>\n<h3>19 Automatinis sprendim\u0173 pri\u0117mimas<\/h3>\n<p>M\u016bs\u0173 svetain\u0117je nevykdomas automatizuotas sprendim\u0173 pri\u0117mimas ar profiliavimas.<\/p>\n<h3>20. privatumo politikos pakeitimai<\/h3>\n<p>Pasiliekame teis\u0119 prireikus atnaujinti \u0161i\u0105 privatumo politik\u0105.<\/p>\n<p><strong>Statusas: 2025 m. kovo m\u0117n.<\/strong><\/p>\n<\/div><\/section>\n","protected":false},"excerpt":{"rendered":"","protected":false},"author":1,"featured_media":0,"parent":0,"menu_order":0,"comment_status":"closed","ping_status":"open","template":"","meta":{"footnotes":""},"class_list":["post-2603","page","type-page","status-publish","hentry"],"yoast_head":"<!-- This site is optimized with the Yoast SEO plugin v27.4 - https:\/\/yoast.com\/product\/yoast-seo-wordpress\/ -->\n<title>Privatumo politika - Helim - Leak Test Solutions<\/title>\n<meta name=\"description\" content=\"&quot;Helim&quot; - elektrini\u0173 ir hibridini\u0173 transporto priemoni\u0173 akumuliatori\u0173 nuot\u0117kio testeri\u0173, skirt\u0173 vis\u0173 pirma dirbtuv\u0117ms ir pramonei, gamintojo privatumo politika.\" \/>\n<meta name=\"robots\" content=\"index, follow, max-snippet:-1, max-image-preview:large, max-video-preview:-1\" \/>\n<link rel=\"canonical\" href=\"https:\/\/helim.eu\/lt\/privatumo-politika\/\" \/>\n<meta property=\"og:locale\" content=\"lt_LT\" \/>\n<meta property=\"og:type\" content=\"article\" \/>\n<meta property=\"og:title\" content=\"Privatumo politika - Helim - Leak Test Solutions\" \/>\n<meta property=\"og:description\" content=\"&quot;Helim&quot; - elektrini\u0173 ir hibridini\u0173 transporto priemoni\u0173 akumuliatori\u0173 nuot\u0117kio testeri\u0173, skirt\u0173 vis\u0173 pirma dirbtuv\u0117ms ir pramonei, gamintojo privatumo politika.\" \/>\n<meta property=\"og:url\" content=\"https:\/\/helim.eu\/lt\/privatumo-politika\/\" \/>\n<meta property=\"og:site_name\" content=\"Helim - Leak Test Solutions\" \/>\n<meta property=\"article:publisher\" content=\"https:\/\/www.facebook.com\/profile.php?id=61574206138313\" \/>\n<meta property=\"article:modified_time\" content=\"2025-05-11T06:37:40+00:00\" \/>\n<meta name=\"twitter:card\" content=\"summary_large_image\" \/>\n<meta name=\"twitter:label1\" content=\"Est. reading time\" \/>\n\t<meta name=\"twitter:data1\" content=\"4 minut\u0117s\" \/>\n<script type=\"application\/ld+json\" class=\"yoast-schema-graph\">{\"@context\":\"https:\\\/\\\/schema.org\",\"@graph\":[{\"@type\":\"WebPage\",\"@id\":\"https:\\\/\\\/helim.eu\\\/lt\\\/privatumo-politika\\\/\",\"url\":\"https:\\\/\\\/helim.eu\\\/lt\\\/privatumo-politika\\\/\",\"name\":\"Privatumo politika - Helim - Leak Test Solutions\",\"isPartOf\":{\"@id\":\"https:\\\/\\\/helim.eu\\\/lt\\\/#website\"},\"datePublished\":\"2025-01-22T17:30:34+00:00\",\"dateModified\":\"2025-05-11T06:37:40+00:00\",\"description\":\"\\\"Helim\\\" - elektrini\u0173 ir hibridini\u0173 transporto priemoni\u0173 akumuliatori\u0173 nuot\u0117kio testeri\u0173, skirt\u0173 vis\u0173 pirma dirbtuv\u0117ms ir pramonei, gamintojo privatumo politika.\",\"breadcrumb\":{\"@id\":\"https:\\\/\\\/helim.eu\\\/lt\\\/privatumo-politika\\\/#breadcrumb\"},\"inLanguage\":\"lt-LT\",\"potentialAction\":[{\"@type\":\"ReadAction\",\"target\":[\"https:\\\/\\\/helim.eu\\\/lt\\\/privatumo-politika\\\/\"]}]},{\"@type\":\"BreadcrumbList\",\"@id\":\"https:\\\/\\\/helim.eu\\\/lt\\\/privatumo-politika\\\/#breadcrumb\",\"itemListElement\":[{\"@type\":\"ListItem\",\"position\":1,\"name\":\"Startseite\",\"item\":\"https:\\\/\\\/helim.eu\\\/lt\\\/\"},{\"@type\":\"ListItem\",\"position\":2,\"name\":\"Privatumo politika\"}]},{\"@type\":\"WebSite\",\"@id\":\"https:\\\/\\\/helim.eu\\\/lt\\\/#website\",\"url\":\"https:\\\/\\\/helim.eu\\\/lt\\\/\",\"name\":\"Helim - Leak Test Solutions\",\"description\":\"EV Battery Leaktester\",\"publisher\":{\"@id\":\"https:\\\/\\\/helim.eu\\\/lt\\\/#organization\"},\"potentialAction\":[{\"@type\":\"SearchAction\",\"target\":{\"@type\":\"EntryPoint\",\"urlTemplate\":\"https:\\\/\\\/helim.eu\\\/lt\\\/?s={search_term_string}\"},\"query-input\":{\"@type\":\"PropertyValueSpecification\",\"valueRequired\":true,\"valueName\":\"search_term_string\"}}],\"inLanguage\":\"lt-LT\"},{\"@type\":\"Organization\",\"@id\":\"https:\\\/\\\/helim.eu\\\/lt\\\/#organization\",\"name\":\"Helim\",\"url\":\"https:\\\/\\\/helim.eu\\\/lt\\\/\",\"logo\":{\"@type\":\"ImageObject\",\"inLanguage\":\"lt-LT\",\"@id\":\"https:\\\/\\\/helim.eu\\\/lt\\\/#\\\/schema\\\/logo\\\/image\\\/\",\"url\":\"https:\\\/\\\/helim.eu\\\/wp-content\\\/uploads\\\/2025\\\/03\\\/helim-logo-r-w-600-600-rand.png\",\"contentUrl\":\"https:\\\/\\\/helim.eu\\\/wp-content\\\/uploads\\\/2025\\\/03\\\/helim-logo-r-w-600-600-rand.png\",\"width\":600,\"height\":600,\"caption\":\"Helim\"},\"image\":{\"@id\":\"https:\\\/\\\/helim.eu\\\/lt\\\/#\\\/schema\\\/logo\\\/image\\\/\"},\"sameAs\":[\"https:\\\/\\\/www.facebook.com\\\/profile.php?id=61574206138313\"]}]}<\/script>\n<!-- \/ Yoast SEO plugin. -->","yoast_head_json":{"title":"Privatumo politika - Helim - Leak Test Solutions","description":"\"Helim\" - elektrini\u0173 ir hibridini\u0173 transporto priemoni\u0173 akumuliatori\u0173 nuot\u0117kio testeri\u0173, skirt\u0173 vis\u0173 pirma dirbtuv\u0117ms ir pramonei, gamintojo privatumo politika.","robots":{"index":"index","follow":"follow","max-snippet":"max-snippet:-1","max-image-preview":"max-image-preview:large","max-video-preview":"max-video-preview:-1"},"canonical":"https:\/\/helim.eu\/lt\/privatumo-politika\/","og_locale":"lt_LT","og_type":"article","og_title":"Privatumo politika - Helim - Leak Test Solutions","og_description":"\"Helim\" - elektrini\u0173 ir hibridini\u0173 transporto priemoni\u0173 akumuliatori\u0173 nuot\u0117kio testeri\u0173, skirt\u0173 vis\u0173 pirma dirbtuv\u0117ms ir pramonei, gamintojo privatumo politika.","og_url":"https:\/\/helim.eu\/lt\/privatumo-politika\/","og_site_name":"Helim - Leak Test Solutions","article_publisher":"https:\/\/www.facebook.com\/profile.php?id=61574206138313","article_modified_time":"2025-05-11T06:37:40+00:00","twitter_card":"summary_large_image","twitter_misc":{"Est. reading time":"4 minut\u0117s"},"schema":{"@context":"https:\/\/schema.org","@graph":[{"@type":"WebPage","@id":"https:\/\/helim.eu\/lt\/privatumo-politika\/","url":"https:\/\/helim.eu\/lt\/privatumo-politika\/","name":"Privatumo politika - Helim - Leak Test Solutions","isPartOf":{"@id":"https:\/\/helim.eu\/lt\/#website"},"datePublished":"2025-01-22T17:30:34+00:00","dateModified":"2025-05-11T06:37:40+00:00","description":"\"Helim\" - elektrini\u0173 ir hibridini\u0173 transporto priemoni\u0173 akumuliatori\u0173 nuot\u0117kio testeri\u0173, skirt\u0173 vis\u0173 pirma dirbtuv\u0117ms ir pramonei, gamintojo privatumo politika.","breadcrumb":{"@id":"https:\/\/helim.eu\/lt\/privatumo-politika\/#breadcrumb"},"inLanguage":"lt-LT","potentialAction":[{"@type":"ReadAction","target":["https:\/\/helim.eu\/lt\/privatumo-politika\/"]}]},{"@type":"BreadcrumbList","@id":"https:\/\/helim.eu\/lt\/privatumo-politika\/#breadcrumb","itemListElement":[{"@type":"ListItem","position":1,"name":"Startseite","item":"https:\/\/helim.eu\/lt\/"},{"@type":"ListItem","position":2,"name":"Privatumo politika"}]},{"@type":"WebSite","@id":"https:\/\/helim.eu\/lt\/#website","url":"https:\/\/helim.eu\/lt\/","name":"Helim - Leak Test Solutions","description":"EV Battery Leaktester","publisher":{"@id":"https:\/\/helim.eu\/lt\/#organization"},"potentialAction":[{"@type":"SearchAction","target":{"@type":"EntryPoint","urlTemplate":"https:\/\/helim.eu\/lt\/?s={search_term_string}"},"query-input":{"@type":"PropertyValueSpecification","valueRequired":true,"valueName":"search_term_string"}}],"inLanguage":"lt-LT"},{"@type":"Organization","@id":"https:\/\/helim.eu\/lt\/#organization","name":"Helim","url":"https:\/\/helim.eu\/lt\/","logo":{"@type":"ImageObject","inLanguage":"lt-LT","@id":"https:\/\/helim.eu\/lt\/#\/schema\/logo\/image\/","url":"https:\/\/helim.eu\/wp-content\/uploads\/2025\/03\/helim-logo-r-w-600-600-rand.png","contentUrl":"https:\/\/helim.eu\/wp-content\/uploads\/2025\/03\/helim-logo-r-w-600-600-rand.png","width":600,"height":600,"caption":"Helim"},"image":{"@id":"https:\/\/helim.eu\/lt\/#\/schema\/logo\/image\/"},"sameAs":["https:\/\/www.facebook.com\/profile.php?id=61574206138313"]}]}},"_links":{"self":[{"href":"https:\/\/helim.eu\/lt\/wp-json\/wp\/v2\/pages\/2603","targetHints":{"allow":["GET"]}}],"collection":[{"href":"https:\/\/helim.eu\/lt\/wp-json\/wp\/v2\/pages"}],"about":[{"href":"https:\/\/helim.eu\/lt\/wp-json\/wp\/v2\/types\/page"}],"author":[{"embeddable":true,"href":"https:\/\/helim.eu\/lt\/wp-json\/wp\/v2\/users\/1"}],"replies":[{"embeddable":true,"href":"https:\/\/helim.eu\/lt\/wp-json\/wp\/v2\/comments?post=2603"}],"version-history":[{"count":4,"href":"https:\/\/helim.eu\/lt\/wp-json\/wp\/v2\/pages\/2603\/revisions"}],"predecessor-version":[{"id":2902,"href":"https:\/\/helim.eu\/lt\/wp-json\/wp\/v2\/pages\/2603\/revisions\/2902"}],"wp:attachment":[{"href":"https:\/\/helim.eu\/lt\/wp-json\/wp\/v2\/media?parent=2603"}],"curies":[{"name":"wp","href":"https:\/\/api.w.org\/{rel}","templated":true}]}}