{"id":2575,"date":"2025-03-10T11:59:43","date_gmt":"2025-03-10T11:59:43","guid":{"rendered":"https:\/\/helim.eu\/technine-prieziura\/"},"modified":"2025-05-11T06:34:01","modified_gmt":"2025-05-11T06:34:01","slug":"technine-prieziura","status":"publish","type":"page","link":"https:\/\/helim.eu\/lt\/technine-prieziura\/","title":{"rendered":"Technin\u0117 prie\u017ei\u016bra"},"content":{"rendered":"\n<style type=\"text\/css\" data-created_by=\"avia_inline_auto\" id=\"style-css-av-m7uj1yt0-e7dffc81a17d42c166dd522531a056ec\">\n.avia-section.av-m7uj1yt0-e7dffc81a17d42c166dd522531a056ec .av-parallax .av-parallax-inner{\nbackground-color:#e10800;\nbackground-image:url(https:\/\/helim.eu\/wp-content\/uploads\/2025\/03\/leaktest-battery-leakage-test-helim-10.png);\nbackground-repeat:no-repeat;\nbackground-position:100% 0%;\nbackground-attachment:scroll;\n}\n.avia-section.av-m7uj1yt0-e7dffc81a17d42c166dd522531a056ec .av-section-color-overlay{\nopacity:0.6;\nbackground-color:#e10800;\n}\n#top .avia-section.av-m7uj1yt0-e7dffc81a17d42c166dd522531a056ec .scroll-down-link{\ncolor:#ffffff;\n}\n<\/style>\n<div id='av_section_1'  class='avia-section av-m7uj1yt0-e7dffc81a17d42c166dd522531a056ec main_color avia-section-default avia-no-border-styling  avia-builder-el-0  el_before_av_section  avia-builder-el-first  av-parallax-section avia-bg-style-parallax av-section-color-overlay-active av-minimum-height av-minimum-height-85 av-height-percent  container_wrap fullsize'  data-section-bg-repeat='no-repeat' data-av_minimum_height_pc='85' data-av_min_height_opt='percent'><div class='av-parallax' data-avia-parallax-ratio='0.3' ><div class='av-parallax-inner main_color avia-full-stretch'><\/div><\/div><div class=\"av-section-color-overlay-wrap\"><div class=\"av-section-color-overlay\"><\/div><a href='#next-section' title='' class='scroll-down-link av-custom-scroll-down-color' aria-hidden='true' data-av_icon='\ue877' data-av_iconfont='entypo-fontello'><\/a><div class='container av-section-cont-open' ><main  role=\"main\" itemprop=\"mainContentOfPage\"  class='template-page content  av-content-full alpha units'><div class='post-entry post-entry-type-page post-entry-2575'><div class='entry-content-wrapper clearfix'>\n\n<style type=\"text\/css\" data-created_by=\"avia_inline_auto\" id=\"style-css-av-4w6a-e4e2878a77dacf489fc1da314676a2c1\">\n.flex_column.av-4w6a-e4e2878a77dacf489fc1da314676a2c1{\npadding:50px 0 0 0;\n}\n<\/style>\n<div  class='flex_column av-4w6a-e4e2878a77dacf489fc1da314676a2c1 av_three_fifth  avia-builder-el-1  el_before_av_two_fifth  avia-builder-el-first  first flex_column_div av-parallax-object  ' data-parallax=\"{&quot;parallax&quot;:&quot;right_left&quot;,&quot;parallax_speed&quot;:&quot;40&quot;,&quot;av-desktop-parallax&quot;:&quot;inherit&quot;,&quot;av-desktop-parallax_speed&quot;:&quot;inherit&quot;,&quot;av-medium-parallax&quot;:&quot;inherit&quot;,&quot;av-medium-parallax_speed&quot;:&quot;inherit&quot;,&quot;av-small-parallax&quot;:&quot;inherit&quot;,&quot;av-small-parallax_speed&quot;:&quot;inherit&quot;,&quot;av-mini-parallax&quot;:&quot;inherit&quot;,&quot;av-mini-parallax_speed&quot;:&quot;inherit&quot;,&quot;parallax-container&quot;:&quot;.av-4w6a-e4e2878a77dacf489fc1da314676a2c1&quot;}\"    ><section  class='av_textblock_section av-m7uirohe-b57013c8e80d236f727e40edc1cd64b9 '   itemscope=\"itemscope\" itemtype=\"https:\/\/schema.org\/CreativeWork\" ><div class='avia_textblock'  itemprop=\"text\" ><h1><span style=\"color: #ffffff;\">Nuot\u0117kio bandymo prietaisai &#8211; <\/span><span style=\"color: #ffffff;\">Remontas, technin\u0117 prie\u017ei\u016bra ir kalibravimas<\/span><\/h1>\n<h1><\/h1>\n<h1><\/h1>\n<\/div><\/section><br \/>\n\n<style type=\"text\/css\" data-created_by=\"avia_inline_auto\" id=\"style-css-av-m7yo0zzc-841ce2c2f2e477756d17ed2aad87f50e\">\n#top .hr.av-m7yo0zzc-841ce2c2f2e477756d17ed2aad87f50e{\nmargin-top:15px;\nmargin-bottom:15px;\n}\n.hr.av-m7yo0zzc-841ce2c2f2e477756d17ed2aad87f50e .hr-inner{\nwidth:50px;\n}\n<\/style>\n<div  class='hr av-m7yo0zzc-841ce2c2f2e477756d17ed2aad87f50e hr-custom  avia-builder-el-3  el_after_av_textblock  el_before_av_image  hr-center hr-icon-no'><span class='hr-inner inner-border-av-border-none'><span class=\"hr-inner-style\"><\/span><\/span><\/div><br \/>\n\n<style type=\"text\/css\" data-created_by=\"avia_inline_auto\" id=\"style-css-av-m7ynwwq1-56398a8bd09090e60009567c3e9a1470\">\n.avia-image-container.av-m7ynwwq1-56398a8bd09090e60009567c3e9a1470 img.avia_image{\nbox-shadow:none;\n}\n.avia-image-container.av-m7ynwwq1-56398a8bd09090e60009567c3e9a1470 .av-image-caption-overlay-center{\ncolor:#ffffff;\n}\n<\/style>\n<div  class='avia-image-container av-m7ynwwq1-56398a8bd09090e60009567c3e9a1470 av-styling- avia-align-left  avia-builder-el-4  el_after_av_hr  avia-builder-el-last '   itemprop=\"image\" itemscope=\"itemscope\" itemtype=\"https:\/\/schema.org\/ImageObject\" ><div class=\"avia-image-container-inner\"><div class=\"avia-image-overlay-wrap\"><img decoding=\"async\" fetchpriority=\"high\" class='wp-image-2563 avia-img-lazy-loading-not-2563 avia_image ' src=\"https:\/\/helim.eu\/wp-content\/uploads\/2025\/03\/helim-white-without-bg-600-300x92.png\" alt='' title='Leakage test EV battery - Helim - Logo 600'  height=\"92\" width=\"300\"  itemprop=\"thumbnailUrl\" srcset=\"https:\/\/helim.eu\/wp-content\/uploads\/2025\/03\/helim-white-without-bg-600-300x92.png 300w, https:\/\/helim.eu\/wp-content\/uploads\/2025\/03\/helim-white-without-bg-600.png 600w\" sizes=\"(max-width: 300px) 100vw, 300px\" \/><\/div><\/div><\/div><\/p><\/div><div  class='flex_column av-2v8g-3bf2cc19cd5a2b3ccf8dff553b817e7b av_two_fifth  avia-builder-el-5  el_after_av_three_fifth  avia-builder-el-last  flex_column_div av-parallax-object  ' data-parallax=\"{&quot;parallax&quot;:&quot;left_right&quot;,&quot;parallax_speed&quot;:&quot;&quot;,&quot;av-desktop-parallax&quot;:&quot;inherit&quot;,&quot;av-desktop-parallax_speed&quot;:&quot;inherit&quot;,&quot;av-medium-parallax&quot;:&quot;inherit&quot;,&quot;av-medium-parallax_speed&quot;:&quot;inherit&quot;,&quot;av-small-parallax&quot;:&quot;inherit&quot;,&quot;av-small-parallax_speed&quot;:&quot;inherit&quot;,&quot;av-mini-parallax&quot;:&quot;inherit&quot;,&quot;av-mini-parallax_speed&quot;:&quot;inherit&quot;,&quot;parallax-container&quot;:&quot;.av-2v8g-3bf2cc19cd5a2b3ccf8dff553b817e7b&quot;}\"    ><\/div>\n\n<\/div><\/div><\/main><!-- close content main element --><\/div><\/div><\/div><div id='av_section_2'  class='avia-section av-47lk-f015129779bb3f8076b237345036f878 main_color avia-section-default avia-no-border-styling  avia-builder-el-7  el_after_av_section  el_before_av_section  avia-bg-style-scroll av-minimum-height av-minimum-height-25 av-height-25  container_wrap fullsize'   data-av_minimum_height_pc='25' data-av_min_height_opt='25'><div class='container av-section-cont-open' ><div class='template-page content  av-content-full alpha units'><div class='post-entry post-entry-type-page post-entry-2575'><div class='entry-content-wrapper clearfix'>\n\n<style type=\"text\/css\" data-created_by=\"avia_inline_auto\" id=\"style-css-av-m7voq5i7-63dcc9f6d8eaf1fc54618182a0cb7f21\">\n#top .av_textblock_section.av-m7voq5i7-63dcc9f6d8eaf1fc54618182a0cb7f21 .avia_textblock{\ntext-align:center;\n}\n<\/style>\n<section  class='av_textblock_section av-m7voq5i7-63dcc9f6d8eaf1fc54618182a0cb7f21 '   itemscope=\"itemscope\" itemtype=\"https:\/\/schema.org\/CreativeWork\" ><div class='avia_textblock'  itemprop=\"text\" ><h2 style=\"text-align: left;\" data-pm-slice=\"1 1 &#091;&#093;\"><strong>Nuot\u0117kio testeriai Remontas, technin\u0117 prie\u017ei\u016bra ir kalibravimas  <\/strong><\/h2>\n<p style=\"text-align: left;\">M\u016bs\u0173 akumuliatori\u0173 nuot\u0117kio testeriai yra tiksl\u016bs, patikimi ir patvar\u016bs. Nepaisant to, laikui b\u0117gant gali atsirasti nusid\u0117v\u0117jimas ar nedideli defektai. Si\u016blome profesionalias <strong>remonto, technin\u0117s prie\u017ei\u016bros ir kalibravimo paslaugas,<\/strong> kad visada gal\u0117tum\u0117te dirbti su visi\u0161kai veikian\u010dia testavimo sistema.  <\/p>\n<h3 style=\"text-align: left;\">M\u016bs\u0173 teikiam\u0173 paslaug\u0173 spektras:<\/h3>\n<ul style=\"text-align: left;\" data-spread=\"false\">\n<li><strong>Remontas<\/strong>: Jei j\u016bs\u0173 \u012frenginyje atsirado gedimas ar defektas, mes greitai ir patikimai pasir\u016bpinsime remontu.<\/li>\n<li><strong>Technin\u0117 prie\u017ei\u016bra<\/strong>: Reguliariomis ap\u017ei\u016bromis u\u017etikrinama, kad akumuliatoriaus nuot\u0117kio detektoriai visada veikt\u0173 optimaliai.<\/li>\n<li><strong>Kalibravimas<\/strong>: Kad u\u017etikrintum\u0117te tikslius matavimo rezultatus, si\u016blome profesional\u0173 prietais\u0173 kalibravim\u0105.<\/li>\n<\/ul>\n<h3 style=\"text-align: left;\">&#8222;Helim&#8221; prietais\u0173 ir partneri\u0173 produkt\u0173 aptarnavimas<\/h3>\n<p style=\"text-align: left;\">Galime atlikti ne tik savo &#8222;Helim&#8221; nuot\u0117kio testeri\u0173 technin\u0119 prie\u017ei\u016br\u0105 ir remont\u0105, bet ir aptarnauti prietaisus, kuriuos &#8222;Helim&#8221; pardav\u0117 kaip <strong>savo prek\u0117s \u017eenklo gaminius<\/strong> ir kuriuos galima \u012fsigyti Europoje. M\u016bs\u0173 ekspertai turi reikiamos patirties, kad gal\u0117t\u0173 greitai ir veiksmingai atlikti remont\u0105 ar kalibravim\u0105. Kit\u0173 gamintoj\u0173 prietais\u0173, nepriklausan\u010di\u0173 m\u016bs\u0173 partneri\u0173 tinklui, mes neaptarnaujame.  <\/p>\n<h3 style=\"text-align: left;\">Kaip veikia paslaug\u0173 teikimo procesas<\/h3>\n<ol style=\"text-align: left;\" start=\"1\" data-spread=\"false\">\n<li><strong>Susisiekite su mumis<\/strong>: Prie\u0161 si\u0173sdami prietais\u0105, susisiekite su mumis. Informuosime jus, kur si\u0173sti prietais\u0105. <\/li>\n<li><strong>Gedimo apra\u0161ymas<\/strong>: trumpas problemos apra\u0161ymas padeda mums efektyviai suplanuoti remont\u0105 ir sutrumpinti apdorojimo laik\u0105.<\/li>\n<li><strong>Greitas apdorojimas<\/strong>: \u017einome, kad jums reikia, jog testeris t\u0119st\u0173 darb\u0105. Tod\u0117l u\u017etikriname greit\u0105 remont\u0105 arba kalibravim\u0105. <\/li>\n<li><strong>Gr\u0105\u017einimo siunta<\/strong>: J\u016bs\u0173 prietaisas bus nedelsiant gr\u0105\u017eintas jums, kad gal\u0117tum\u0117te juo naudotis nedelsiant.<\/li>\n<\/ol>\n<h3 style=\"text-align: left;\">Kod\u0117l reguliari technin\u0117 prie\u017ei\u016bra ir <span style=\"color: #000000;\"><a style=\"color: #000000;\" href=\"https:\/\/de.wikipedia.org\/wiki\/Kalibrierung\" target=\"_blank\" rel=\"noopener\">kalibravimas<\/a><\/span> svarbu?<\/h3>\n<ul style=\"text-align: left;\" data-spread=\"false\">\n<li><strong>Tikslumo i\u0161laikymas<\/strong>: matavimo tikslumas yra labai svarbus norint patikimai patikrinti akumuliatoriaus nuot\u0117k\u012f.<\/li>\n<li><strong>I\u0161vengiama gedim\u0173<\/strong>: Reguliari technin\u0117 prie\u017ei\u016bra padeda i\u0161vengti brangiai kainuojan\u010di\u0173 prastov\u0173.<\/li>\n<li><strong>Standart\u0173 laikymasis<\/strong>: Kalibravimu u\u017etikrinama, kad j\u016bs\u0173 prietaisai atitikt\u0173 galiojan\u010dius teisinius ir gamintojo reikalavimus.<\/li>\n<\/ul>\n<h3 style=\"text-align: left;\">Nuot\u0117kio testeriai &#8211; remontas, technin\u0117 prie\u017ei\u016bra, kalibravimas<\/h3>\n<p style=\"text-align: left;\"><strong><span style=\"color: #000000;\"><a style=\"color: #000000;\" href=\"https:\/\/helim.eu\/lt\/susisiekite-su-mumis\/\">Susisiekite su mumis<\/a><\/span> Susisiekite su mumis \u0161iandien!<\/strong><\/p>\n<p style=\"text-align: left;\">Ar jums reikia suremontuoti, pri\u017ei\u016br\u0117ti arba kalibruoti akumuliatoriaus nuot\u0117kio detektori\u0173? Tuomet nedvejodami susisiekite su mumis. Pad\u0117sime jums greitai ir kvalifikuotai!  <\/p>\n<\/div><\/section>\n<div  class='avia-button-wrap av-m8e7u068-6c331d431e4a46507eee7d835e117885-wrap avia-button-center  avia-builder-el-9  el_after_av_textblock  avia-builder-el-last '>\n<style type=\"text\/css\" data-created_by=\"avia_inline_auto\" id=\"style-css-av-m8e7u068-6c331d431e4a46507eee7d835e117885\">\n#top #wrap_all .avia-button.av-m8e7u068-6c331d431e4a46507eee7d835e117885{\nfont-size:20px;\ntransition:all 0.4s ease-in-out;\n}\n<\/style>\n<a href='https:\/\/helim.eu\/lt\/susisiekite-su-mumis\/'  class='avia-button av-m8e7u068-6c331d431e4a46507eee7d835e117885 avia-icon_select-yes-left-icon avia-size-large avia-position-center avia-color-theme-color'  ><span class='avia_button_icon avia_button_icon_left' aria-hidden='true' data-av_icon='\ue805' data-av_iconfont='entypo-fontello'><\/span><span class='avia_iconbox_title' >J\u016bs\u0173 kontaktas su &quot;Helim<\/span><\/a><\/div>\n\n<\/div><\/div><\/div><!-- close content main div --><\/div><\/div>\n<style type=\"text\/css\" data-created_by=\"avia_inline_auto\" id=\"style-css-av-2x7u-0d73e1215719be8fe3abeca2ba37d8f1\">\n.avia-section.av-2x7u-0d73e1215719be8fe3abeca2ba37d8f1{\nbackground-repeat:no-repeat;\nbackground-image:url(https:\/\/helim.eu\/wp-content\/uploads\/2025\/03\/battery-air-leak-test-helim-r.png);\nbackground-position:50% 50%;\nbackground-attachment:fixed;\nmargin-top:0px;\nmargin-bottom:50px;\n}\n.avia-section.av-2x7u-0d73e1215719be8fe3abeca2ba37d8f1 .av-section-color-overlay{\nopacity:0.3;\nbackground-color:#ffffff;\n}\n<\/style>\n<div id='av_section_3'  class='avia-section av-2x7u-0d73e1215719be8fe3abeca2ba37d8f1 main_color avia-section-default avia-no-border-styling  avia-builder-el-10  el_after_av_section  avia-builder-el-last  avia-bg-style-fixed av-section-color-overlay-active av-minimum-height av-minimum-height-custom av-height-custom  container_wrap fullsize'  data-section-bg-repeat='no-repeat' data-av_minimum_height_px='350'><div class=\"av-section-color-overlay-wrap\"><div class=\"av-section-color-overlay\"><\/div><div class='container av-section-cont-open' style='height:350px'><div class='template-page content  av-content-full alpha units'><div class='post-entry post-entry-type-page post-entry-2575'><div class='entry-content-wrapper clearfix'>\n","protected":false},"excerpt":{"rendered":"","protected":false},"author":1,"featured_media":0,"parent":0,"menu_order":0,"comment_status":"closed","ping_status":"open","template":"","meta":{"footnotes":""},"class_list":["post-2575","page","type-page","status-publish","hentry"],"yoast_head":"<!-- This site is optimized with the Yoast SEO plugin v27.3 - https:\/\/yoast.com\/product\/yoast-seo-wordpress\/ -->\n<title>Technin\u0117 prie\u017ei\u016bra - Helim - Leak Test Solutions<\/title>\n<meta name=\"description\" content=\"Nuot\u0117kio testeri\u0173 remontas, technin\u0117 prie\u017ei\u016bra ir kalibravimas - &quot;Helim&quot; akumuliatori\u0173 nuot\u0117kio testeriams ir nuot\u0117kio testeriams.\" \/>\n<meta name=\"robots\" content=\"index, follow, max-snippet:-1, max-image-preview:large, max-video-preview:-1\" \/>\n<link rel=\"canonical\" href=\"https:\/\/helim.eu\/lt\/technine-prieziura\/\" \/>\n<meta property=\"og:locale\" content=\"lt_LT\" \/>\n<meta property=\"og:type\" content=\"article\" \/>\n<meta property=\"og:title\" content=\"Technin\u0117 prie\u017ei\u016bra - Helim - Leak Test Solutions\" \/>\n<meta property=\"og:description\" content=\"Nuot\u0117kio testeri\u0173 remontas, technin\u0117 prie\u017ei\u016bra ir kalibravimas - &quot;Helim&quot; akumuliatori\u0173 nuot\u0117kio testeriams ir nuot\u0117kio testeriams.\" \/>\n<meta property=\"og:url\" content=\"https:\/\/helim.eu\/lt\/technine-prieziura\/\" \/>\n<meta property=\"og:site_name\" content=\"Helim - Leak Test Solutions\" \/>\n<meta property=\"article:publisher\" content=\"https:\/\/www.facebook.com\/profile.php?id=61574206138313\" \/>\n<meta property=\"article:modified_time\" content=\"2025-05-11T06:34:01+00:00\" \/>\n<meta name=\"twitter:card\" content=\"summary_large_image\" \/>\n<meta name=\"twitter:label1\" content=\"Est. reading time\" \/>\n\t<meta name=\"twitter:data1\" content=\"18 minu\u010di\u0173\" \/>\n<script type=\"application\/ld+json\" class=\"yoast-schema-graph\">{\"@context\":\"https:\\\/\\\/schema.org\",\"@graph\":[{\"@type\":\"WebPage\",\"@id\":\"https:\\\/\\\/helim.eu\\\/lt\\\/technine-prieziura\\\/\",\"url\":\"https:\\\/\\\/helim.eu\\\/lt\\\/technine-prieziura\\\/\",\"name\":\"Technin\u0117 prie\u017ei\u016bra - Helim - Leak Test Solutions\",\"isPartOf\":{\"@id\":\"https:\\\/\\\/helim.eu\\\/lt\\\/#website\"},\"datePublished\":\"2025-03-10T11:59:43+00:00\",\"dateModified\":\"2025-05-11T06:34:01+00:00\",\"description\":\"Nuot\u0117kio testeri\u0173 remontas, technin\u0117 prie\u017ei\u016bra ir kalibravimas - \\\"Helim\\\" akumuliatori\u0173 nuot\u0117kio testeriams ir nuot\u0117kio testeriams.\",\"breadcrumb\":{\"@id\":\"https:\\\/\\\/helim.eu\\\/lt\\\/technine-prieziura\\\/#breadcrumb\"},\"inLanguage\":\"lt-LT\",\"potentialAction\":[{\"@type\":\"ReadAction\",\"target\":[\"https:\\\/\\\/helim.eu\\\/lt\\\/technine-prieziura\\\/\"]}]},{\"@type\":\"BreadcrumbList\",\"@id\":\"https:\\\/\\\/helim.eu\\\/lt\\\/technine-prieziura\\\/#breadcrumb\",\"itemListElement\":[{\"@type\":\"ListItem\",\"position\":1,\"name\":\"Startseite\",\"item\":\"https:\\\/\\\/helim.eu\\\/lt\\\/\"},{\"@type\":\"ListItem\",\"position\":2,\"name\":\"Technin\u0117 prie\u017ei\u016bra\"}]},{\"@type\":\"WebSite\",\"@id\":\"https:\\\/\\\/helim.eu\\\/lt\\\/#website\",\"url\":\"https:\\\/\\\/helim.eu\\\/lt\\\/\",\"name\":\"Helim - Leak Test Solutions\",\"description\":\"EV Battery Leaktester\",\"publisher\":{\"@id\":\"https:\\\/\\\/helim.eu\\\/lt\\\/#organization\"},\"potentialAction\":[{\"@type\":\"SearchAction\",\"target\":{\"@type\":\"EntryPoint\",\"urlTemplate\":\"https:\\\/\\\/helim.eu\\\/lt\\\/?s={search_term_string}\"},\"query-input\":{\"@type\":\"PropertyValueSpecification\",\"valueRequired\":true,\"valueName\":\"search_term_string\"}}],\"inLanguage\":\"lt-LT\"},{\"@type\":\"Organization\",\"@id\":\"https:\\\/\\\/helim.eu\\\/lt\\\/#organization\",\"name\":\"Helim\",\"url\":\"https:\\\/\\\/helim.eu\\\/lt\\\/\",\"logo\":{\"@type\":\"ImageObject\",\"inLanguage\":\"lt-LT\",\"@id\":\"https:\\\/\\\/helim.eu\\\/lt\\\/#\\\/schema\\\/logo\\\/image\\\/\",\"url\":\"https:\\\/\\\/helim.eu\\\/wp-content\\\/uploads\\\/2025\\\/03\\\/helim-logo-r-w-600-600-rand.png\",\"contentUrl\":\"https:\\\/\\\/helim.eu\\\/wp-content\\\/uploads\\\/2025\\\/03\\\/helim-logo-r-w-600-600-rand.png\",\"width\":600,\"height\":600,\"caption\":\"Helim\"},\"image\":{\"@id\":\"https:\\\/\\\/helim.eu\\\/lt\\\/#\\\/schema\\\/logo\\\/image\\\/\"},\"sameAs\":[\"https:\\\/\\\/www.facebook.com\\\/profile.php?id=61574206138313\"]}]}<\/script>\n<!-- \/ Yoast SEO plugin. -->","yoast_head_json":{"title":"Technin\u0117 prie\u017ei\u016bra - Helim - Leak Test Solutions","description":"Nuot\u0117kio testeri\u0173 remontas, technin\u0117 prie\u017ei\u016bra ir kalibravimas - \"Helim\" akumuliatori\u0173 nuot\u0117kio testeriams ir nuot\u0117kio testeriams.","robots":{"index":"index","follow":"follow","max-snippet":"max-snippet:-1","max-image-preview":"max-image-preview:large","max-video-preview":"max-video-preview:-1"},"canonical":"https:\/\/helim.eu\/lt\/technine-prieziura\/","og_locale":"lt_LT","og_type":"article","og_title":"Technin\u0117 prie\u017ei\u016bra - Helim - Leak Test Solutions","og_description":"Nuot\u0117kio testeri\u0173 remontas, technin\u0117 prie\u017ei\u016bra ir kalibravimas - \"Helim\" akumuliatori\u0173 nuot\u0117kio testeriams ir nuot\u0117kio testeriams.","og_url":"https:\/\/helim.eu\/lt\/technine-prieziura\/","og_site_name":"Helim - Leak Test Solutions","article_publisher":"https:\/\/www.facebook.com\/profile.php?id=61574206138313","article_modified_time":"2025-05-11T06:34:01+00:00","twitter_card":"summary_large_image","twitter_misc":{"Est. reading time":"18 minu\u010di\u0173"},"schema":{"@context":"https:\/\/schema.org","@graph":[{"@type":"WebPage","@id":"https:\/\/helim.eu\/lt\/technine-prieziura\/","url":"https:\/\/helim.eu\/lt\/technine-prieziura\/","name":"Technin\u0117 prie\u017ei\u016bra - Helim - Leak Test Solutions","isPartOf":{"@id":"https:\/\/helim.eu\/lt\/#website"},"datePublished":"2025-03-10T11:59:43+00:00","dateModified":"2025-05-11T06:34:01+00:00","description":"Nuot\u0117kio testeri\u0173 remontas, technin\u0117 prie\u017ei\u016bra ir kalibravimas - \"Helim\" akumuliatori\u0173 nuot\u0117kio testeriams ir nuot\u0117kio testeriams.","breadcrumb":{"@id":"https:\/\/helim.eu\/lt\/technine-prieziura\/#breadcrumb"},"inLanguage":"lt-LT","potentialAction":[{"@type":"ReadAction","target":["https:\/\/helim.eu\/lt\/technine-prieziura\/"]}]},{"@type":"BreadcrumbList","@id":"https:\/\/helim.eu\/lt\/technine-prieziura\/#breadcrumb","itemListElement":[{"@type":"ListItem","position":1,"name":"Startseite","item":"https:\/\/helim.eu\/lt\/"},{"@type":"ListItem","position":2,"name":"Technin\u0117 prie\u017ei\u016bra"}]},{"@type":"WebSite","@id":"https:\/\/helim.eu\/lt\/#website","url":"https:\/\/helim.eu\/lt\/","name":"Helim - Leak Test Solutions","description":"EV Battery Leaktester","publisher":{"@id":"https:\/\/helim.eu\/lt\/#organization"},"potentialAction":[{"@type":"SearchAction","target":{"@type":"EntryPoint","urlTemplate":"https:\/\/helim.eu\/lt\/?s={search_term_string}"},"query-input":{"@type":"PropertyValueSpecification","valueRequired":true,"valueName":"search_term_string"}}],"inLanguage":"lt-LT"},{"@type":"Organization","@id":"https:\/\/helim.eu\/lt\/#organization","name":"Helim","url":"https:\/\/helim.eu\/lt\/","logo":{"@type":"ImageObject","inLanguage":"lt-LT","@id":"https:\/\/helim.eu\/lt\/#\/schema\/logo\/image\/","url":"https:\/\/helim.eu\/wp-content\/uploads\/2025\/03\/helim-logo-r-w-600-600-rand.png","contentUrl":"https:\/\/helim.eu\/wp-content\/uploads\/2025\/03\/helim-logo-r-w-600-600-rand.png","width":600,"height":600,"caption":"Helim"},"image":{"@id":"https:\/\/helim.eu\/lt\/#\/schema\/logo\/image\/"},"sameAs":["https:\/\/www.facebook.com\/profile.php?id=61574206138313"]}]}},"_links":{"self":[{"href":"https:\/\/helim.eu\/lt\/wp-json\/wp\/v2\/pages\/2575","targetHints":{"allow":["GET"]}}],"collection":[{"href":"https:\/\/helim.eu\/lt\/wp-json\/wp\/v2\/pages"}],"about":[{"href":"https:\/\/helim.eu\/lt\/wp-json\/wp\/v2\/types\/page"}],"author":[{"embeddable":true,"href":"https:\/\/helim.eu\/lt\/wp-json\/wp\/v2\/users\/1"}],"replies":[{"embeddable":true,"href":"https:\/\/helim.eu\/lt\/wp-json\/wp\/v2\/comments?post=2575"}],"version-history":[{"count":8,"href":"https:\/\/helim.eu\/lt\/wp-json\/wp\/v2\/pages\/2575\/revisions"}],"predecessor-version":[{"id":2807,"href":"https:\/\/helim.eu\/lt\/wp-json\/wp\/v2\/pages\/2575\/revisions\/2807"}],"wp:attachment":[{"href":"https:\/\/helim.eu\/lt\/wp-json\/wp\/v2\/media?parent=2575"}],"curies":[{"name":"wp","href":"https:\/\/api.w.org\/{rel}","templated":true}]}}