{"id":2555,"date":"2025-03-12T11:03:16","date_gmt":"2025-03-12T11:03:16","guid":{"rendered":"https:\/\/helim.eu\/atspaudas\/"},"modified":"2025-04-11T13:23:26","modified_gmt":"2025-04-11T13:23:26","slug":"atspaudas","status":"publish","type":"page","link":"https:\/\/helim.eu\/lt\/atspaudas\/","title":{"rendered":"Atspaudas"},"content":{"rendered":"<div id='av_section_1'  class='avia-section av-85sg-9253af3811e26d8c58991fb476b4cd22 main_color avia-section-default avia-no-border-styling  avia-builder-el-0  avia-builder-el-no-sibling  avia-bg-style-scroll av-minimum-height av-minimum-height-custom av-height-custom  container_wrap fullsize'   data-av_minimum_height_px='700'><div class='container av-section-cont-open' style='height:700px'><main  role=\"main\" itemprop=\"mainContentOfPage\"  class='template-page content  av-content-full alpha units'><div class='post-entry post-entry-type-page post-entry-2555'><div class='entry-content-wrapper clearfix'>\n\n<style type=\"text\/css\" data-created_by=\"avia_inline_auto\" id=\"style-css-av-m7vp4u51-b406612f7e81a91b95aa156f5719d08d\">\n.flex_column.av-m7vp4u51-b406612f7e81a91b95aa156f5719d08d{\npadding:40px 0 0 0;\n}\n<\/style>\n<div  class='flex_column av-m7vp4u51-b406612f7e81a91b95aa156f5719d08d av_one_half  avia-builder-el-1  avia-builder-el-no-sibling  first flex_column_div  '     ><section  class='av_textblock_section av-42ho-1ab9d9e8948954851446949b3d030a10 '   itemscope=\"itemscope\" itemtype=\"https:\/\/schema.org\/CreativeWork\" ><div class='avia_textblock'  itemprop=\"text\" ><p data-start=\"251\" data-end=\"308\"><strong data-start=\"251\" data-end=\"306\">Informacija pagal TMG 5 straipsn\u012f \/ Elektronin\u0117s prekybos direktyvos 4 straipsn\u012f<\/strong><\/p>\n<p data-start=\"310\" data-end=\"451\"><strong data-start=\"310\" data-end=\"344\">Atsakingas u\u017e turin\u012f:<\/strong><\/p>\n<p data-start=\"310\" data-end=\"451\"><br class=\"avia-permanent-lb\"><br data-start=\"344\" data-end=\"347\"><strong data-start=\"347\" data-end=\"374\">NIROXX Engineering Ltd.<\/strong><\/p>\n<p>12 Morozovo prospektas<br data-start=\"492\" data-end=\"495\">8220 Pafosas  <br data-start=\"492\" data-end=\"495\">Kipras<\/p>\n<p><strong data-start=\"453\" data-end=\"465\">Kontaktai:<\/strong><br data-start=\"465\" data-end=\"468\">Telefonas Vokietijoje: +49 176 26 150 383<br data-start=\"492\" data-end=\"495\">Telefonas Kipre: +357 99 244 147<br data-start=\"519\" data-end=\"522\">El. pa\u0161tas: <a href=\"mailto:info@helim.eu\">info@helim.eu<\/a><br data-start=\"519\" data-end=\"522\">Interneto svetain\u0117: <a href=\"http:\/\/www.helim.eu\" target=\"_new\" rel=\"noopener\">www.helim.eu<\/a><\/p>\n<p data-start=\"550\" data-end=\"723\"><strong data-start=\"550\" data-end=\"585\">Komercinio registro ir mokes\u010di\u0173 mok\u0117tojo kodas:<\/strong><br data-start=\"585\" data-end=\"588\">Komercinis registras: HE 464680<br data-start=\"621\" data-end=\"624\">Registro teismas: Pafoso apygardos teismas<br data-start=\"672\" data-end=\"675\">PVM mok\u0117tojo kodas: CY60096432B<\/p>\n<p data-start=\"550\" data-end=\"723\">\n<p data-start=\"725\" data-end=\"777\"><strong data-start=\"725\" data-end=\"745\">Vykdomasis direktorius:<\/strong><br data-start=\"745\" data-end=\"748\">Alexei Keller<\/p>\n<h4 data-start=\"702\" data-end=\"732\"><strong data-start=\"707\" data-end=\"730\">Atsakomyb\u0117s atsisakymas:<\/strong><\/h4>\n<p data-start=\"733\" data-end=\"1165\">\u0160ios svetain\u0117s turinys buvo sukurtas dedant maksimalias pastangas. Ta\u010diau neprisiimame jokios atsakomyb\u0117s u\u017e turinio tikslum\u0105, i\u0161samum\u0105 ir aktualum\u0105. Mes, kaip paslaug\u0173 teik\u0117jas, esame atsakingi u\u017e savo turin\u012f \u0161iuose puslapiuose pagal bendruosius teis\u0117s aktus. Mes neprisiimame jokios atsakomyb\u0117s u\u017e i\u0161orini\u0173 nuorod\u0173 turin\u012f. U\u017e puslapi\u0173, \u012f kuriuos pateikiamos nuorodos, turin\u012f atsako tik j\u0173 valdytojai.    <\/p>\n<h4 data-start=\"1167\" data-end=\"1191\"><strong data-start=\"1172\" data-end=\"1189\">Autorin\u0117s teis\u0117s:<\/strong><\/h4>\n<p data-start=\"1192\" data-end=\"1466\">Svetain\u0117s operatoriaus sukurtam \u0161ios svetain\u0117s turiniui ir k\u016briniams taikomos autori\u0173 teis\u0117s. Norint kopijuoti, apdoroti, platinti ar bet kokia forma komercializuoti toki\u0105 med\u017eiag\u0105, vir\u0161ijan\u010di\u0105 autori\u0173 teisi\u0173 \u012fstatymo taikymo srit\u012f, reikalingas i\u0161ankstinis ra\u0161ti\u0161kas atitinkamo autoriaus ar k\u016br\u0117jo sutikimas. <\/p>\n<h4 data-start=\"1468\" data-end=\"1491\"><strong data-start=\"1473\" data-end=\"1489\">Duomen\u0173 apsauga:<\/strong><\/h4>\n<p data-start=\"1492\" data-end=\"1606\">I\u0161sami\u0105 informacij\u0105 apie asmens duomen\u0173 tvarkym\u0105 rasite m\u016bs\u0173 <strong data-start=\"1563\" data-end=\"1603\"><a href=\"https:\/\/helim.eu\/privacy-policy\/\" rel=\"noopener\" data-start=\"1565\" data-end=\"1601\">privatumo politikoje<\/a><\/strong>.<\/p>\n<\/div><\/section><\/div>\n","protected":false},"excerpt":{"rendered":"","protected":false},"author":1,"featured_media":0,"parent":0,"menu_order":0,"comment_status":"closed","ping_status":"open","template":"","meta":{"footnotes":""},"class_list":["post-2555","page","type-page","status-publish","hentry"],"yoast_head":"<!-- This site is optimized with the Yoast SEO plugin v27.5 - https:\/\/yoast.com\/product\/yoast-seo-wordpress\/ -->\n<title>Atspaudas - Helim - Leak Test Solutions<\/title>\n<meta name=\"robots\" content=\"index, follow, max-snippet:-1, max-image-preview:large, max-video-preview:-1\" \/>\n<link rel=\"canonical\" href=\"https:\/\/helim.eu\/lt\/atspaudas\/\" \/>\n<meta property=\"og:locale\" content=\"lt_LT\" \/>\n<meta property=\"og:type\" content=\"article\" \/>\n<meta property=\"og:title\" content=\"Atspaudas - Helim - Leak Test Solutions\" \/>\n<meta property=\"og:url\" content=\"https:\/\/helim.eu\/lt\/atspaudas\/\" \/>\n<meta property=\"og:site_name\" content=\"Helim - Leak Test Solutions\" \/>\n<meta property=\"article:publisher\" content=\"https:\/\/www.facebook.com\/profile.php?id=61574206138313\" \/>\n<meta property=\"article:modified_time\" content=\"2025-04-11T13:23:26+00:00\" \/>\n<meta name=\"twitter:card\" content=\"summary_large_image\" \/>\n<meta name=\"twitter:label1\" content=\"Est. reading time\" \/>\n\t<meta name=\"twitter:data1\" content=\"5 minut\u0117s\" \/>\n<script type=\"application\/ld+json\" class=\"yoast-schema-graph\">{\"@context\":\"https:\\\/\\\/schema.org\",\"@graph\":[{\"@type\":\"WebPage\",\"@id\":\"https:\\\/\\\/helim.eu\\\/lt\\\/atspaudas\\\/\",\"url\":\"https:\\\/\\\/helim.eu\\\/lt\\\/atspaudas\\\/\",\"name\":\"Atspaudas - Helim - Leak Test Solutions\",\"isPartOf\":{\"@id\":\"https:\\\/\\\/helim.eu\\\/lt\\\/#website\"},\"datePublished\":\"2025-03-12T11:03:16+00:00\",\"dateModified\":\"2025-04-11T13:23:26+00:00\",\"breadcrumb\":{\"@id\":\"https:\\\/\\\/helim.eu\\\/lt\\\/atspaudas\\\/#breadcrumb\"},\"inLanguage\":\"lt-LT\",\"potentialAction\":[{\"@type\":\"ReadAction\",\"target\":[\"https:\\\/\\\/helim.eu\\\/lt\\\/atspaudas\\\/\"]}]},{\"@type\":\"BreadcrumbList\",\"@id\":\"https:\\\/\\\/helim.eu\\\/lt\\\/atspaudas\\\/#breadcrumb\",\"itemListElement\":[{\"@type\":\"ListItem\",\"position\":1,\"name\":\"Startseite\",\"item\":\"https:\\\/\\\/helim.eu\\\/lt\\\/\"},{\"@type\":\"ListItem\",\"position\":2,\"name\":\"Atspaudas\"}]},{\"@type\":\"WebSite\",\"@id\":\"https:\\\/\\\/helim.eu\\\/lt\\\/#website\",\"url\":\"https:\\\/\\\/helim.eu\\\/lt\\\/\",\"name\":\"Helim - Leak Test Solutions\",\"description\":\"EV Battery Leaktester\",\"publisher\":{\"@id\":\"https:\\\/\\\/helim.eu\\\/lt\\\/#organization\"},\"potentialAction\":[{\"@type\":\"SearchAction\",\"target\":{\"@type\":\"EntryPoint\",\"urlTemplate\":\"https:\\\/\\\/helim.eu\\\/lt\\\/?s={search_term_string}\"},\"query-input\":{\"@type\":\"PropertyValueSpecification\",\"valueRequired\":true,\"valueName\":\"search_term_string\"}}],\"inLanguage\":\"lt-LT\"},{\"@type\":\"Organization\",\"@id\":\"https:\\\/\\\/helim.eu\\\/lt\\\/#organization\",\"name\":\"Helim\",\"url\":\"https:\\\/\\\/helim.eu\\\/lt\\\/\",\"logo\":{\"@type\":\"ImageObject\",\"inLanguage\":\"lt-LT\",\"@id\":\"https:\\\/\\\/helim.eu\\\/lt\\\/#\\\/schema\\\/logo\\\/image\\\/\",\"url\":\"https:\\\/\\\/helim.eu\\\/wp-content\\\/uploads\\\/2025\\\/03\\\/helim-logo-r-w-600-600-rand.png\",\"contentUrl\":\"https:\\\/\\\/helim.eu\\\/wp-content\\\/uploads\\\/2025\\\/03\\\/helim-logo-r-w-600-600-rand.png\",\"width\":600,\"height\":600,\"caption\":\"Helim\"},\"image\":{\"@id\":\"https:\\\/\\\/helim.eu\\\/lt\\\/#\\\/schema\\\/logo\\\/image\\\/\"},\"sameAs\":[\"https:\\\/\\\/www.facebook.com\\\/profile.php?id=61574206138313\"]}]}<\/script>\n<!-- \/ Yoast SEO plugin. -->","yoast_head_json":{"title":"Atspaudas - Helim - Leak Test Solutions","robots":{"index":"index","follow":"follow","max-snippet":"max-snippet:-1","max-image-preview":"max-image-preview:large","max-video-preview":"max-video-preview:-1"},"canonical":"https:\/\/helim.eu\/lt\/atspaudas\/","og_locale":"lt_LT","og_type":"article","og_title":"Atspaudas - Helim - Leak Test Solutions","og_url":"https:\/\/helim.eu\/lt\/atspaudas\/","og_site_name":"Helim - Leak Test Solutions","article_publisher":"https:\/\/www.facebook.com\/profile.php?id=61574206138313","article_modified_time":"2025-04-11T13:23:26+00:00","twitter_card":"summary_large_image","twitter_misc":{"Est. reading time":"5 minut\u0117s"},"schema":{"@context":"https:\/\/schema.org","@graph":[{"@type":"WebPage","@id":"https:\/\/helim.eu\/lt\/atspaudas\/","url":"https:\/\/helim.eu\/lt\/atspaudas\/","name":"Atspaudas - Helim - Leak Test Solutions","isPartOf":{"@id":"https:\/\/helim.eu\/lt\/#website"},"datePublished":"2025-03-12T11:03:16+00:00","dateModified":"2025-04-11T13:23:26+00:00","breadcrumb":{"@id":"https:\/\/helim.eu\/lt\/atspaudas\/#breadcrumb"},"inLanguage":"lt-LT","potentialAction":[{"@type":"ReadAction","target":["https:\/\/helim.eu\/lt\/atspaudas\/"]}]},{"@type":"BreadcrumbList","@id":"https:\/\/helim.eu\/lt\/atspaudas\/#breadcrumb","itemListElement":[{"@type":"ListItem","position":1,"name":"Startseite","item":"https:\/\/helim.eu\/lt\/"},{"@type":"ListItem","position":2,"name":"Atspaudas"}]},{"@type":"WebSite","@id":"https:\/\/helim.eu\/lt\/#website","url":"https:\/\/helim.eu\/lt\/","name":"Helim - Leak Test Solutions","description":"EV Battery Leaktester","publisher":{"@id":"https:\/\/helim.eu\/lt\/#organization"},"potentialAction":[{"@type":"SearchAction","target":{"@type":"EntryPoint","urlTemplate":"https:\/\/helim.eu\/lt\/?s={search_term_string}"},"query-input":{"@type":"PropertyValueSpecification","valueRequired":true,"valueName":"search_term_string"}}],"inLanguage":"lt-LT"},{"@type":"Organization","@id":"https:\/\/helim.eu\/lt\/#organization","name":"Helim","url":"https:\/\/helim.eu\/lt\/","logo":{"@type":"ImageObject","inLanguage":"lt-LT","@id":"https:\/\/helim.eu\/lt\/#\/schema\/logo\/image\/","url":"https:\/\/helim.eu\/wp-content\/uploads\/2025\/03\/helim-logo-r-w-600-600-rand.png","contentUrl":"https:\/\/helim.eu\/wp-content\/uploads\/2025\/03\/helim-logo-r-w-600-600-rand.png","width":600,"height":600,"caption":"Helim"},"image":{"@id":"https:\/\/helim.eu\/lt\/#\/schema\/logo\/image\/"},"sameAs":["https:\/\/www.facebook.com\/profile.php?id=61574206138313"]}]}},"_links":{"self":[{"href":"https:\/\/helim.eu\/lt\/wp-json\/wp\/v2\/pages\/2555","targetHints":{"allow":["GET"]}}],"collection":[{"href":"https:\/\/helim.eu\/lt\/wp-json\/wp\/v2\/pages"}],"about":[{"href":"https:\/\/helim.eu\/lt\/wp-json\/wp\/v2\/types\/page"}],"author":[{"embeddable":true,"href":"https:\/\/helim.eu\/lt\/wp-json\/wp\/v2\/users\/1"}],"replies":[{"embeddable":true,"href":"https:\/\/helim.eu\/lt\/wp-json\/wp\/v2\/comments?post=2555"}],"version-history":[{"count":4,"href":"https:\/\/helim.eu\/lt\/wp-json\/wp\/v2\/pages\/2555\/revisions"}],"predecessor-version":[{"id":2573,"href":"https:\/\/helim.eu\/lt\/wp-json\/wp\/v2\/pages\/2555\/revisions\/2573"}],"wp:attachment":[{"href":"https:\/\/helim.eu\/lt\/wp-json\/wp\/v2\/media?parent=2555"}],"curies":[{"name":"wp","href":"https:\/\/api.w.org\/{rel}","templated":true}]}}