{"id":2431,"date":"2025-03-10T12:00:21","date_gmt":"2025-03-10T12:00:21","guid":{"rendered":"https:\/\/helim.eu\/contatto\/"},"modified":"2025-07-02T07:45:16","modified_gmt":"2025-07-02T07:45:16","slug":"contatto","status":"publish","type":"page","link":"https:\/\/helim.eu\/it\/contatto\/","title":{"rendered":"Contatto"},"content":{"rendered":"\n<style type=\"text\/css\" data-created_by=\"avia_inline_auto\" id=\"style-css-av-m7uj1yt0-e884c54767838f622762901d2299342f\">\n.avia-section.av-m7uj1yt0-e884c54767838f622762901d2299342f .av-parallax .av-parallax-inner{\nbackground-color:#e10800;\nbackground-image:url(https:\/\/helim.eu\/wp-content\/uploads\/2025\/03\/leaktest-battery-leakage-test-helim-10.png);\nbackground-repeat:no-repeat;\nbackground-position:100% 0%;\nbackground-attachment:scroll;\n}\n.avia-section.av-m7uj1yt0-e884c54767838f622762901d2299342f .av-section-color-overlay{\nopacity:0.6;\nbackground-color:#e10800;\n}\n#top .avia-section.av-m7uj1yt0-e884c54767838f622762901d2299342f .scroll-down-link{\ncolor:#ffffff;\n}\n<\/style>\n<div id='av_section_1'  class='avia-section av-m7uj1yt0-e884c54767838f622762901d2299342f main_color avia-section-default avia-no-border-styling  avia-builder-el-0  el_before_av_section  avia-builder-el-first  av-parallax-section avia-bg-style-parallax av-section-color-overlay-active av-minimum-height av-minimum-height-50 av-height-50  container_wrap fullsize'  data-section-bg-repeat='no-repeat' data-av_minimum_height_pc='50' data-av_min_height_opt='50'><div class='av-parallax' data-avia-parallax-ratio='0.3' ><div class='av-parallax-inner main_color avia-full-stretch'><\/div><\/div><div class=\"av-section-color-overlay-wrap\"><div class=\"av-section-color-overlay\"><\/div><a href='#next-section' title='' class='scroll-down-link av-custom-scroll-down-color' aria-hidden='true' data-av_icon='\ue877' data-av_iconfont='entypo-fontello'><\/a><div class='container av-section-cont-open' ><main  role=\"main\" itemprop=\"mainContentOfPage\"  class='template-page content  av-content-full alpha units'><div class='post-entry post-entry-type-page post-entry-2431'><div class='entry-content-wrapper clearfix'>\n\n<style type=\"text\/css\" data-created_by=\"avia_inline_auto\" id=\"style-css-av-4w6a-e4e2878a77dacf489fc1da314676a2c1\">\n.flex_column.av-4w6a-e4e2878a77dacf489fc1da314676a2c1{\npadding:50px 0 0 0;\n}\n<\/style>\n<div  class='flex_column av-4w6a-e4e2878a77dacf489fc1da314676a2c1 av_three_fifth  avia-builder-el-1  el_before_av_two_fifth  avia-builder-el-first  first flex_column_div av-parallax-object  ' data-parallax=\"{&quot;parallax&quot;:&quot;right_left&quot;,&quot;parallax_speed&quot;:&quot;40&quot;,&quot;av-desktop-parallax&quot;:&quot;inherit&quot;,&quot;av-desktop-parallax_speed&quot;:&quot;inherit&quot;,&quot;av-medium-parallax&quot;:&quot;inherit&quot;,&quot;av-medium-parallax_speed&quot;:&quot;inherit&quot;,&quot;av-small-parallax&quot;:&quot;inherit&quot;,&quot;av-small-parallax_speed&quot;:&quot;inherit&quot;,&quot;av-mini-parallax&quot;:&quot;inherit&quot;,&quot;av-mini-parallax_speed&quot;:&quot;inherit&quot;,&quot;parallax-container&quot;:&quot;.av-4w6a-e4e2878a77dacf489fc1da314676a2c1&quot;}\"    ><section  class='av_textblock_section av-m7uirohe-b57013c8e80d236f727e40edc1cd64b9 '   itemscope=\"itemscope\" itemtype=\"https:\/\/schema.org\/CreativeWork\" ><div class='avia_textblock'  itemprop=\"text\" ><h1><span style=\"color: #ffffff;\">Il tuo contatto con noi<\/span><\/h1>\n<h1><\/h1>\n<\/div><\/section><br \/>\n\n<style type=\"text\/css\" data-created_by=\"avia_inline_auto\" id=\"style-css-av-m7yo0zzc-841ce2c2f2e477756d17ed2aad87f50e\">\n#top .hr.av-m7yo0zzc-841ce2c2f2e477756d17ed2aad87f50e{\nmargin-top:15px;\nmargin-bottom:15px;\n}\n.hr.av-m7yo0zzc-841ce2c2f2e477756d17ed2aad87f50e .hr-inner{\nwidth:50px;\n}\n<\/style>\n<div  class='hr av-m7yo0zzc-841ce2c2f2e477756d17ed2aad87f50e hr-custom  avia-builder-el-3  el_after_av_textblock  el_before_av_image  hr-center hr-icon-no'><span class='hr-inner inner-border-av-border-none'><span class=\"hr-inner-style\"><\/span><\/span><\/div><br \/>\n\n<style type=\"text\/css\" data-created_by=\"avia_inline_auto\" id=\"style-css-av-m7ynwwq1-90816033acd6baf85871e37cdd7e6c0c\">\n.avia-image-container.av-m7ynwwq1-90816033acd6baf85871e37cdd7e6c0c img.avia_image{\nbox-shadow:none;\n}\n.avia-image-container.av-m7ynwwq1-90816033acd6baf85871e37cdd7e6c0c .av-image-caption-overlay-center{\ncolor:#ffffff;\n}\n<\/style>\n<div  class='avia-image-container av-m7ynwwq1-90816033acd6baf85871e37cdd7e6c0c av-styling- avia-align-left  avia-builder-el-4  el_after_av_hr  avia-builder-el-last '   itemprop=\"image\" itemscope=\"itemscope\" itemtype=\"https:\/\/schema.org\/ImageObject\" ><div class=\"avia-image-container-inner\"><div class=\"avia-image-overlay-wrap\"><img decoding=\"async\" fetchpriority=\"high\" class='wp-image-2417 avia-img-lazy-loading-not-2417 avia_image ' src=\"https:\/\/helim.eu\/wp-content\/uploads\/2025\/03\/helim-white-without-bg-600-300x92.png\" alt='' title='Leakage test EV battery - Helim - Logo 600'  height=\"92\" width=\"300\"  itemprop=\"thumbnailUrl\" srcset=\"https:\/\/helim.eu\/wp-content\/uploads\/2025\/03\/helim-white-without-bg-600-300x92.png 300w, https:\/\/helim.eu\/wp-content\/uploads\/2025\/03\/helim-white-without-bg-600.png 600w\" sizes=\"(max-width: 300px) 100vw, 300px\" \/><\/div><\/div><\/div><\/p><\/div><div  class='flex_column av-2v8g-3bf2cc19cd5a2b3ccf8dff553b817e7b av_two_fifth  avia-builder-el-5  el_after_av_three_fifth  avia-builder-el-last  flex_column_div av-parallax-object  ' data-parallax=\"{&quot;parallax&quot;:&quot;left_right&quot;,&quot;parallax_speed&quot;:&quot;&quot;,&quot;av-desktop-parallax&quot;:&quot;inherit&quot;,&quot;av-desktop-parallax_speed&quot;:&quot;inherit&quot;,&quot;av-medium-parallax&quot;:&quot;inherit&quot;,&quot;av-medium-parallax_speed&quot;:&quot;inherit&quot;,&quot;av-small-parallax&quot;:&quot;inherit&quot;,&quot;av-small-parallax_speed&quot;:&quot;inherit&quot;,&quot;av-mini-parallax&quot;:&quot;inherit&quot;,&quot;av-mini-parallax_speed&quot;:&quot;inherit&quot;,&quot;parallax-container&quot;:&quot;.av-2v8g-3bf2cc19cd5a2b3ccf8dff553b817e7b&quot;}\"    ><\/div>\n\n<\/div><\/div><\/main><!-- close content main element --><\/div><\/div><\/div><div id='av_section_2'  class='avia-section av-85sg-9253af3811e26d8c58991fb476b4cd22 main_color avia-section-default avia-no-border-styling  avia-builder-el-7  el_after_av_section  el_before_av_section  avia-bg-style-scroll av-minimum-height av-minimum-height-custom av-height-custom  container_wrap fullsize'   data-av_minimum_height_px='700'><div class='container av-section-cont-open' style='height:700px'><div class='template-page content  av-content-full alpha units'><div class='post-entry post-entry-type-page post-entry-2431'><div class='entry-content-wrapper clearfix'>\n<form action=\"https:\/\/helim.eu\/it\/contatto\/\" method=\"post\" data-fields-with-error=\"Sono stati riscontrati errori nei seguenti campi:\" class=\"avia_ajax_form av-form-labels-visible   avia-builder-el-8  avia-builder-el-no-sibling  av-show-form-errors   \" data-avia-form-id=\"1\" data-avia-redirect='' ><h3 class=''>Contattaci<\/h3><fieldset><p class='  first_form  form_element form_fullwidth' id='element_avia_1_1'><label for=\"avia_1_1\">Nome <abbr class=\"required\" title=\"richiesto\">*<\/abbr><\/label> <input name=\"avia_1_1\" class=\"text_input is_empty\" type=\"text\" id=\"avia_1_1\" value=\"\" \/><\/p><p class='  first_form  form_element form_fullwidth' id='element_avia_2_1'><label for=\"avia_2_1\">E-mail <abbr class=\"required\" title=\"richiesto\">*<\/abbr><\/label> <input name=\"avia_2_1\" class=\"text_input is_email\" type=\"text\" id=\"avia_2_1\" value=\"\" \/><\/p><p class='  first_form  form_element form_fullwidth' id='element_avia_3_1'><label for=\"avia_3_1\">Telefono<\/label> <input name=\"avia_3_1\" class=\"text_input \" type=\"text\" id=\"avia_3_1\" value=\"\" \/><\/p><p class='  first_form  form_element form_fullwidth' id='element_avia_4_1'><label for=\"avia_4_1\">Oggetto <abbr class=\"required\" title=\"richiesto\">*<\/abbr><\/label><select  name=\"avia_4_1\" class=\"select is_empty\" id=\"avia_4_1\"><option   value='Richiesta dispositivo di prova tenuta batteria'>Richiesta dispositivo di prova tenuta batteria<\/option><option   value='richiesta altri dispositivi di prova perdite'>richiesta altri dispositivi di prova perdite<\/option><option   value='riparazione e manutenzione'>riparazione e manutenzione<\/option><\/select><\/p><p class='  first_form  form_element form_fullwidth' id='element_avia_5_1'><label for=\"avia_5_1\" class=\"textare_label hidden textare_label_avia_5_1\">Messaggio <abbr class=\"required\" title=\"richiesto\">*<\/abbr><\/label><textarea  name=\"avia_5_1\" class=\"text_area is_empty\" cols=\"40\" rows=\"7\" id=\"avia_5_1\" ><\/textarea><\/p><p class=\"hidden\"><input type=\"text\" name=\"avia_6_1\" class=\"hidden \" id=\"avia_6_1\" value=\"\" \/><\/p><p class='   form_element form_fullwidth' id='element_avia_7_1'><span class='value_verifier_label'>4 + 2 = ?<\/span><input name=\"avia_7_1_verifier\" type=\"hidden\" id=\"avia_7_1_verifier\" value=\"778153467\"\/><label for=\"avia_7_1\">Dimostra di essere umano risolvendo l'equazione <abbr class=\"required\" title=\"richiesto\">*<\/abbr><\/label><input name=\"avia_7_1\" class=\"text_input captcha\" type=\"text\" id=\"avia_7_1\" value=\"\"\/><\/p><p class=\"form_element \"><input type=\"hidden\" value=\"1\" name=\"avia_generated_form1\" \/><input type=\"submit\" value=\"Invia\" class=\"button\"  data-sending-label=\"Invio\"\/><\/p><\/fieldset><\/form><div id=\"ajaxresponse_1\" class=\"ajaxresponse ajaxresponse_1 hidden\"><\/div>\n<\/div><\/div><\/div><!-- close content main div --><\/div><\/div>\n<style type=\"text\/css\" data-created_by=\"avia_inline_auto\" id=\"style-css-av-m7vq220t-16bfaa785507388f50cff64c5d05d2d1\">\n.avia-section.av-m7vq220t-16bfaa785507388f50cff64c5d05d2d1{\nbackground-repeat:no-repeat;\nbackground-image:url(https:\/\/helim.eu\/wp-content\/uploads\/2025\/03\/battery-air-leak-test-helim-r.png);\nbackground-position:50% 50%;\nbackground-attachment:fixed;\n}\n.avia-section.av-m7vq220t-16bfaa785507388f50cff64c5d05d2d1 .av-section-color-overlay{\nopacity:0.3;\nbackground-color:#333333;\n}\n<\/style>\n<div id='av_section_3'  class='avia-section av-m7vq220t-16bfaa785507388f50cff64c5d05d2d1 main_color avia-section-default avia-no-border-styling  avia-builder-el-9  el_after_av_section  el_before_av_section  av-mini-hide avia-bg-style-fixed av-section-color-overlay-active av-minimum-height av-minimum-height-custom av-height-custom  container_wrap fullsize'  data-section-bg-repeat='no-repeat' data-av_minimum_height_px='350'><div class=\"av-section-color-overlay-wrap\"><div class=\"av-section-color-overlay\"><\/div><div class='container av-section-cont-open' style='height:350px'><div class='template-page content  av-content-full alpha units'><div class='post-entry post-entry-type-page post-entry-2431'><div class='entry-content-wrapper clearfix'><\/p>\n<\/div><\/div><\/div><!-- close content main div --><\/div><\/div><\/div><div id='av_section_4'  class='avia-section av-47lk-f015129779bb3f8076b237345036f878 main_color avia-section-default avia-no-border-styling  avia-builder-el-10  el_after_av_section  el_before_av_section  avia-bg-style-scroll av-minimum-height av-minimum-height-25 av-height-25  container_wrap fullsize'   data-av_minimum_height_pc='25' data-av_min_height_opt='25'><div class='container av-section-cont-open' ><div class='template-page content  av-content-full alpha units'><div class='post-entry post-entry-type-page post-entry-2431'><div class='entry-content-wrapper clearfix'>\n\n<style type=\"text\/css\" data-created_by=\"avia_inline_auto\" id=\"style-css-av-m7voq5i7-63dcc9f6d8eaf1fc54618182a0cb7f21\">\n#top .av_textblock_section.av-m7voq5i7-63dcc9f6d8eaf1fc54618182a0cb7f21 .avia_textblock{\ntext-align:center;\n}\n<\/style>\n<section  class='av_textblock_section av-m7voq5i7-63dcc9f6d8eaf1fc54618182a0cb7f21 '   itemscope=\"itemscope\" itemtype=\"https:\/\/schema.org\/CreativeWork\" ><div class='avia_textblock'  itemprop=\"text\" ><h3 style=\"text-align: center;\"><span style=\"color: #000000;\">o direttamente via e-mail<\/span><\/h3>\n<h2 style=\"text-align: center;\"><span style=\"color: #000000;\"><a style=\"color: #000000;\" href=\"mailto:info@helim.eu\">info@helim.eu<\/a><\/span><\/h2>\n<\/div><\/section>\n\n<\/div><\/div><\/div><!-- close content main div --><\/div><\/div>\n<style type=\"text\/css\" data-created_by=\"avia_inline_auto\" id=\"style-css-av-2x7u-b176549d181935c7f70c17e542152199\">\n.avia-section.av-2x7u-b176549d181935c7f70c17e542152199{\nbackground-repeat:no-repeat;\nbackground-image:url(https:\/\/helim.eu\/wp-content\/uploads\/2025\/03\/battery-air-leak-test-helim-r.png);\nbackground-position:50% 50%;\nbackground-attachment:fixed;\nmargin-top:0px;\nmargin-bottom:50px;\n}\n.avia-section.av-2x7u-b176549d181935c7f70c17e542152199 .av-section-color-overlay{\nopacity:0.3;\nbackground-color:#333333;\n}\n<\/style>\n<div id='av_section_5'  class='avia-section av-2x7u-b176549d181935c7f70c17e542152199 main_color avia-section-default avia-no-border-styling  avia-builder-el-12  el_after_av_section  el_before_av_section  av-mini-hide avia-bg-style-fixed av-section-color-overlay-active av-minimum-height av-minimum-height-custom av-height-custom  container_wrap fullsize'  data-section-bg-repeat='no-repeat' data-av_minimum_height_px='350'><div class=\"av-section-color-overlay-wrap\"><div class=\"av-section-color-overlay\"><\/div><div class='container av-section-cont-open' style='height:350px'><div class='template-page content  av-content-full alpha units'><div class='post-entry post-entry-type-page post-entry-2431'><div class='entry-content-wrapper clearfix'>\n<\/div><\/div><\/div><!-- close content main div --><\/div><\/div><\/div><div id='av_section_6'  class='avia-section av-m8e56uus-b049f246afb3d19ec29a2e2ba8133cdf main_color avia-section-default avia-no-border-styling  avia-builder-el-13  el_after_av_section  avia-builder-el-last  av-desktop-hide av-medium-hide av-small-hide av-mini-hide avia-bg-style-scroll av-minimum-height av-minimum-height-25 av-height-25  container_wrap fullsize'   data-av_minimum_height_pc='25' data-av_min_height_opt='25'><div class='container av-section-cont-open' ><div class='template-page content  av-content-full alpha units'><div class='post-entry post-entry-type-page post-entry-2431'><div class='entry-content-wrapper clearfix'>\n\n<style type=\"text\/css\" data-created_by=\"avia_inline_auto\" id=\"style-css-av-m8e56jcr-dec421574fe1f37bd6a1a08426f5859d\">\n#top .av_textblock_section.av-m8e56jcr-dec421574fe1f37bd6a1a08426f5859d .avia_textblock{\ntext-align:center;\n}\n<\/style>\n<section  class='av_textblock_section av-m8e56jcr-dec421574fe1f37bd6a1a08426f5859d '   itemscope=\"itemscope\" itemtype=\"https:\/\/schema.org\/CreativeWork\" ><div class='avia_textblock'  itemprop=\"text\" ><h3 data-pm-slice=\"1 1 &#091;&#093;\">Contatto Helim &#8211; Soluzioni professionali per il test di tenuta delle batterie<\/h3>\n<p>L&#8217;elettromobilit\u00e0 pone alte esigenze alle officine e alle stazioni di prova. Un affidabile test di tenuta delle batterie \u00e8 cruciale per garantire la sicurezza e la longevit\u00e0 delle batterie ad alto voltaggio nei veicoli elettrici e ibridi. Perci\u00f2 \u00e8 essenziale utilizzare metodi di prova moderni. Con i dispositivi innovativi di prova tenuta batterie di Helim, le officine ottengono una soluzione efficiente e precisa per il test delle perdite degli alloggiamenti delle batterie e dei circuiti di raffreddamento. Cos\u00ec, i danni possono essere rilevati e evitati precocemente.    <\/p>\n<h3>Test di tenuta delle batterie per la massima sicurezza<\/h3>\n<p>I moderni tester di perdite delle batterie assicurano una diagnosi rapida e affidabile per prevenire l&#8217;ingresso di umidit\u00e0. Questo mantiene protetta la batteria e ne prolunga la vita. Una batteria che perde non solo ne riduce la durata, ma comporta anche rischi critici per la sicurezza degli utenti del veicolo e del personale dell&#8217;officina. Perci\u00f2, un test professionale delle perdite della batteria \u00e8 essenziale. Inoltre, un controllo regolare supporta la funzionalit\u00e0 a lungo termine della batteria.    <\/p>\n<h3>Perch\u00e9 il test di tenuta delle batterie \u00e8 importante?<\/h3>\n<ul>\n<li><strong>Maggiore sicurezza<\/strong> per gli utenti del veicolo e il personale dell&#8217;officina attraverso il rilevamento precoce delle perdite e la prevenzione<\/li>\n<li><strong>Maggiore durata della batteria<\/strong>, poich\u00e9 i potenziali difetti vengono identificati immediatamente<\/li>\n<li><strong>Prevenzione dei danni da umidit\u00e0<\/strong> rilevando precocemente gli alloggiamenti delle batterie non a tenuta<\/li>\n<li><strong>Conformit\u00e0 alle norme di legge<\/strong> e alle specifiche dei principali produttori per un test delle perdite della batteria conforme alle norme<\/li>\n<li><strong>Diagnosi rapida e precisa<\/strong> grazie all&#8217;uso di dispositivi di prova tenuta batterie avanzati con tecnologia di sensori innovativa<\/li>\n<\/ul>\n<h3>Aree di applicazione versatili del test di perdite delle batterie<\/h3>\n<p>Le possibilit\u00e0 di utilizzo dei nostri tester di perdite delle batterie sono varie:<\/p>\n<ul data-spread=\"false\">\n<li><span style=\"color: #000000;\"><a style=\"color: #000000;\" href=\"https:\/\/de.wikipedia.org\/wiki\/Autowerkstatt\" target=\"_blank\" rel=\"noopener\"><strong>Officine<\/strong><\/a><\/span> che vogliono stabilire un test professionale delle batterie come parte integrante della loro offerta di servizi<\/li>\n<li><strong>Centri di prova<\/strong> che dipendono da un test di tenuta delle batterie affidabile e standardizzato<\/li>\n<li><strong>Produttori di automobili<\/strong> che necessitano di un test di perdite efficiente per la produzione di batterie<\/li>\n<\/ul>\n<p>Oltre al test dell&#8217;alloggiamento della batteria, i nostri dispositivi di prova tenuta batterie registrano anche il test di tenuta del circuito di raffreddamento. Questo garantisce che n\u00e9 umidit\u00e0 n\u00e9 particelle estranee penetrino nei componenti sensibili della batteria ad alto voltaggio. Questo contribuisce in modo decisivo alla sicurezza e alla longevit\u00e0 delle batterie.  <\/p>\n<h3>Test di perdite della batteria efficiente con Helim<\/h3>\n<p>Il nostro test di perdite della batteria si basa sulla tecnologia di sensori pi\u00f9 moderna, che rileva anche le pi\u00f9 piccole perdite. Inoltre, offriamo procedure di prova precise per vari tipi e forme di batterie. Il nostro obiettivo \u00e8 fornire un test di tenuta delle batterie efficiente e sicuro che soddisfi i requisiti attuali del settore. Controlli regolari aiutano a evitare guasti imprevisti e a ridurre i costi di manutenzione.   <\/p>\n<h3>Contatta Helim ora!<\/h3>\n<p>Hai domande sui nostri dispositivi di prova tenuta batterie? Allora usa il nostro modulo di contatto o mandaci un&#8217;e-mail! Saremo felici di consigliarti e aiutarti a trovare la soluzione ottimale per le tue esigenze di test delle perdite della batteria.  <\/p>\n<p>Noi di Helim siamo al tuo fianco non solo durante la consulenza, ma anche dopo l&#8217;acquisto dei nostri prodotti. Se hai bisogno di una <a href=\"https:\/\/helim.eu\/maintenance\/\" target=\"_blank\" rel=\"noopener\"><span style=\"color: #000000;\">riparazione<\/span><\/a> o di una calibrazione dei tuoi dispositivi, siamo qui per te e ci assicuriamo che i tuoi sistemi di prova funzionino sempre in modo ottimale.<\/p>\n<\/div><\/section>\n\n","protected":false},"excerpt":{"rendered":"","protected":false},"author":1,"featured_media":0,"parent":0,"menu_order":0,"comment_status":"closed","ping_status":"open","template":"","meta":{"footnotes":""},"class_list":["post-2431","page","type-page","status-publish","hentry"],"yoast_head":"<!-- This site is optimized with the Yoast SEO plugin v27.5 - https:\/\/yoast.com\/product\/yoast-seo-wordpress\/ -->\n<title>Contatto - Helim - Leak Test Solutions<\/title>\n<meta name=\"description\" content=\"Il tuo contatto con Helim \u2013 il tuo partner per il test di tenuta delle batterie HV di precisione nelle officine e nel settore post-vendita.\" \/>\n<meta name=\"robots\" content=\"index, follow, max-snippet:-1, max-image-preview:large, max-video-preview:-1\" \/>\n<link rel=\"canonical\" href=\"https:\/\/helim.eu\/it\/contatto\/\" \/>\n<meta property=\"og:locale\" content=\"it_IT\" \/>\n<meta property=\"og:type\" content=\"article\" \/>\n<meta property=\"og:title\" content=\"Contatto - Helim - Leak Test Solutions\" \/>\n<meta property=\"og:description\" content=\"Il tuo contatto con Helim \u2013 il tuo partner per il test di tenuta delle batterie HV di precisione nelle officine e nel settore post-vendita.\" \/>\n<meta property=\"og:url\" content=\"https:\/\/helim.eu\/it\/contatto\/\" \/>\n<meta property=\"og:site_name\" content=\"Helim - Leak Test Solutions\" \/>\n<meta property=\"article:publisher\" content=\"https:\/\/www.facebook.com\/profile.php?id=61574206138313\" \/>\n<meta property=\"article:modified_time\" content=\"2025-07-02T07:45:16+00:00\" \/>\n<meta name=\"twitter:card\" content=\"summary_large_image\" \/>\n<meta name=\"twitter:label1\" content=\"Tempo di lettura stimato\" \/>\n\t<meta name=\"twitter:data1\" content=\"25 minuti\" \/>\n<script type=\"application\/ld+json\" class=\"yoast-schema-graph\">{\"@context\":\"https:\\\/\\\/schema.org\",\"@graph\":[{\"@type\":\"WebPage\",\"@id\":\"https:\\\/\\\/helim.eu\\\/it\\\/contatto\\\/\",\"url\":\"https:\\\/\\\/helim.eu\\\/it\\\/contatto\\\/\",\"name\":\"Contatto - Helim - Leak Test Solutions\",\"isPartOf\":{\"@id\":\"https:\\\/\\\/helim.eu\\\/it\\\/#website\"},\"datePublished\":\"2025-03-10T12:00:21+00:00\",\"dateModified\":\"2025-07-02T07:45:16+00:00\",\"description\":\"Il tuo contatto con Helim \u2013 il tuo partner per il test di tenuta delle batterie HV di precisione nelle officine e nel settore post-vendita.\",\"breadcrumb\":{\"@id\":\"https:\\\/\\\/helim.eu\\\/it\\\/contatto\\\/#breadcrumb\"},\"inLanguage\":\"it-IT\",\"potentialAction\":[{\"@type\":\"ReadAction\",\"target\":[\"https:\\\/\\\/helim.eu\\\/it\\\/contatto\\\/\"]}]},{\"@type\":\"BreadcrumbList\",\"@id\":\"https:\\\/\\\/helim.eu\\\/it\\\/contatto\\\/#breadcrumb\",\"itemListElement\":[{\"@type\":\"ListItem\",\"position\":1,\"name\":\"Startseite\",\"item\":\"https:\\\/\\\/helim.eu\\\/it\\\/\"},{\"@type\":\"ListItem\",\"position\":2,\"name\":\"Contatto\"}]},{\"@type\":\"WebSite\",\"@id\":\"https:\\\/\\\/helim.eu\\\/it\\\/#website\",\"url\":\"https:\\\/\\\/helim.eu\\\/it\\\/\",\"name\":\"Helim - Leak Test Solutions\",\"description\":\"EV Battery Leaktester\",\"publisher\":{\"@id\":\"https:\\\/\\\/helim.eu\\\/it\\\/#organization\"},\"potentialAction\":[{\"@type\":\"SearchAction\",\"target\":{\"@type\":\"EntryPoint\",\"urlTemplate\":\"https:\\\/\\\/helim.eu\\\/it\\\/?s={search_term_string}\"},\"query-input\":{\"@type\":\"PropertyValueSpecification\",\"valueRequired\":true,\"valueName\":\"search_term_string\"}}],\"inLanguage\":\"it-IT\"},{\"@type\":\"Organization\",\"@id\":\"https:\\\/\\\/helim.eu\\\/it\\\/#organization\",\"name\":\"Helim\",\"url\":\"https:\\\/\\\/helim.eu\\\/it\\\/\",\"logo\":{\"@type\":\"ImageObject\",\"inLanguage\":\"it-IT\",\"@id\":\"https:\\\/\\\/helim.eu\\\/it\\\/#\\\/schema\\\/logo\\\/image\\\/\",\"url\":\"https:\\\/\\\/helim.eu\\\/wp-content\\\/uploads\\\/2025\\\/03\\\/helim-logo-r-w-600-600-rand.png\",\"contentUrl\":\"https:\\\/\\\/helim.eu\\\/wp-content\\\/uploads\\\/2025\\\/03\\\/helim-logo-r-w-600-600-rand.png\",\"width\":600,\"height\":600,\"caption\":\"Helim\"},\"image\":{\"@id\":\"https:\\\/\\\/helim.eu\\\/it\\\/#\\\/schema\\\/logo\\\/image\\\/\"},\"sameAs\":[\"https:\\\/\\\/www.facebook.com\\\/profile.php?id=61574206138313\"]}]}<\/script>\n<!-- \/ Yoast SEO plugin. -->","yoast_head_json":{"title":"Contatto - Helim - Leak Test Solutions","description":"Il tuo contatto con Helim \u2013 il tuo partner per il test di tenuta delle batterie HV di precisione nelle officine e nel settore post-vendita.","robots":{"index":"index","follow":"follow","max-snippet":"max-snippet:-1","max-image-preview":"max-image-preview:large","max-video-preview":"max-video-preview:-1"},"canonical":"https:\/\/helim.eu\/it\/contatto\/","og_locale":"it_IT","og_type":"article","og_title":"Contatto - Helim - Leak Test Solutions","og_description":"Il tuo contatto con Helim \u2013 il tuo partner per il test di tenuta delle batterie HV di precisione nelle officine e nel settore post-vendita.","og_url":"https:\/\/helim.eu\/it\/contatto\/","og_site_name":"Helim - Leak Test Solutions","article_publisher":"https:\/\/www.facebook.com\/profile.php?id=61574206138313","article_modified_time":"2025-07-02T07:45:16+00:00","twitter_card":"summary_large_image","twitter_misc":{"Tempo di lettura stimato":"25 minuti"},"schema":{"@context":"https:\/\/schema.org","@graph":[{"@type":"WebPage","@id":"https:\/\/helim.eu\/it\/contatto\/","url":"https:\/\/helim.eu\/it\/contatto\/","name":"Contatto - Helim - Leak Test Solutions","isPartOf":{"@id":"https:\/\/helim.eu\/it\/#website"},"datePublished":"2025-03-10T12:00:21+00:00","dateModified":"2025-07-02T07:45:16+00:00","description":"Il tuo contatto con Helim \u2013 il tuo partner per il test di tenuta delle batterie HV di precisione nelle officine e nel settore post-vendita.","breadcrumb":{"@id":"https:\/\/helim.eu\/it\/contatto\/#breadcrumb"},"inLanguage":"it-IT","potentialAction":[{"@type":"ReadAction","target":["https:\/\/helim.eu\/it\/contatto\/"]}]},{"@type":"BreadcrumbList","@id":"https:\/\/helim.eu\/it\/contatto\/#breadcrumb","itemListElement":[{"@type":"ListItem","position":1,"name":"Startseite","item":"https:\/\/helim.eu\/it\/"},{"@type":"ListItem","position":2,"name":"Contatto"}]},{"@type":"WebSite","@id":"https:\/\/helim.eu\/it\/#website","url":"https:\/\/helim.eu\/it\/","name":"Helim - Leak Test Solutions","description":"EV Battery Leaktester","publisher":{"@id":"https:\/\/helim.eu\/it\/#organization"},"potentialAction":[{"@type":"SearchAction","target":{"@type":"EntryPoint","urlTemplate":"https:\/\/helim.eu\/it\/?s={search_term_string}"},"query-input":{"@type":"PropertyValueSpecification","valueRequired":true,"valueName":"search_term_string"}}],"inLanguage":"it-IT"},{"@type":"Organization","@id":"https:\/\/helim.eu\/it\/#organization","name":"Helim","url":"https:\/\/helim.eu\/it\/","logo":{"@type":"ImageObject","inLanguage":"it-IT","@id":"https:\/\/helim.eu\/it\/#\/schema\/logo\/image\/","url":"https:\/\/helim.eu\/wp-content\/uploads\/2025\/03\/helim-logo-r-w-600-600-rand.png","contentUrl":"https:\/\/helim.eu\/wp-content\/uploads\/2025\/03\/helim-logo-r-w-600-600-rand.png","width":600,"height":600,"caption":"Helim"},"image":{"@id":"https:\/\/helim.eu\/it\/#\/schema\/logo\/image\/"},"sameAs":["https:\/\/www.facebook.com\/profile.php?id=61574206138313"]}]}},"_links":{"self":[{"href":"https:\/\/helim.eu\/it\/wp-json\/wp\/v2\/pages\/2431","targetHints":{"allow":["GET"]}}],"collection":[{"href":"https:\/\/helim.eu\/it\/wp-json\/wp\/v2\/pages"}],"about":[{"href":"https:\/\/helim.eu\/it\/wp-json\/wp\/v2\/types\/page"}],"author":[{"embeddable":true,"href":"https:\/\/helim.eu\/it\/wp-json\/wp\/v2\/users\/1"}],"replies":[{"embeddable":true,"href":"https:\/\/helim.eu\/it\/wp-json\/wp\/v2\/comments?post=2431"}],"version-history":[{"count":6,"href":"https:\/\/helim.eu\/it\/wp-json\/wp\/v2\/pages\/2431\/revisions"}],"predecessor-version":[{"id":3536,"href":"https:\/\/helim.eu\/it\/wp-json\/wp\/v2\/pages\/2431\/revisions\/3536"}],"wp:attachment":[{"href":"https:\/\/helim.eu\/it\/wp-json\/wp\/v2\/media?parent=2431"}],"curies":[{"name":"wp","href":"https:\/\/api.w.org\/{rel}","templated":true}]}}