{"id":2337,"date":"2025-03-10T11:59:43","date_gmt":"2025-03-10T11:59:43","guid":{"rendered":"https:\/\/helim.eu\/karbantartas\/"},"modified":"2025-05-11T06:34:01","modified_gmt":"2025-05-11T06:34:01","slug":"karbantartas","status":"publish","type":"page","link":"https:\/\/helim.eu\/hu\/karbantartas\/","title":{"rendered":"Karbantart\u00e1s"},"content":{"rendered":"\n<style type=\"text\/css\" data-created_by=\"avia_inline_auto\" id=\"style-css-av-m7uj1yt0-e7dffc81a17d42c166dd522531a056ec\">\n.avia-section.av-m7uj1yt0-e7dffc81a17d42c166dd522531a056ec .av-parallax .av-parallax-inner{\nbackground-color:#e10800;\nbackground-image:url(https:\/\/helim.eu\/wp-content\/uploads\/2025\/03\/leaktest-battery-leakage-test-helim-10.png);\nbackground-repeat:no-repeat;\nbackground-position:100% 0%;\nbackground-attachment:scroll;\n}\n.avia-section.av-m7uj1yt0-e7dffc81a17d42c166dd522531a056ec .av-section-color-overlay{\nopacity:0.6;\nbackground-color:#e10800;\n}\n#top .avia-section.av-m7uj1yt0-e7dffc81a17d42c166dd522531a056ec .scroll-down-link{\ncolor:#ffffff;\n}\n<\/style>\n<div id='av_section_1'  class='avia-section av-m7uj1yt0-e7dffc81a17d42c166dd522531a056ec main_color avia-section-default avia-no-border-styling  avia-builder-el-0  el_before_av_section  avia-builder-el-first  av-parallax-section avia-bg-style-parallax av-section-color-overlay-active av-minimum-height av-minimum-height-85 av-height-percent  container_wrap fullsize'  data-section-bg-repeat='no-repeat' data-av_minimum_height_pc='85' data-av_min_height_opt='percent'><div class='av-parallax' data-avia-parallax-ratio='0.3' ><div class='av-parallax-inner main_color avia-full-stretch'><\/div><\/div><div class=\"av-section-color-overlay-wrap\"><div class=\"av-section-color-overlay\"><\/div><a href='#next-section' title='' class='scroll-down-link av-custom-scroll-down-color' aria-hidden='true' data-av_icon='\ue877' data-av_iconfont='entypo-fontello'><\/a><div class='container av-section-cont-open' ><main  role=\"main\" itemprop=\"mainContentOfPage\"  class='template-page content  av-content-full alpha units'><div class='post-entry post-entry-type-page post-entry-2337'><div class='entry-content-wrapper clearfix'>\n\n<style type=\"text\/css\" data-created_by=\"avia_inline_auto\" id=\"style-css-av-4w6a-e4e2878a77dacf489fc1da314676a2c1\">\n.flex_column.av-4w6a-e4e2878a77dacf489fc1da314676a2c1{\npadding:50px 0 0 0;\n}\n<\/style>\n<div  class='flex_column av-4w6a-e4e2878a77dacf489fc1da314676a2c1 av_three_fifth  avia-builder-el-1  el_before_av_two_fifth  avia-builder-el-first  first flex_column_div av-parallax-object  ' data-parallax=\"{&quot;parallax&quot;:&quot;right_left&quot;,&quot;parallax_speed&quot;:&quot;40&quot;,&quot;av-desktop-parallax&quot;:&quot;inherit&quot;,&quot;av-desktop-parallax_speed&quot;:&quot;inherit&quot;,&quot;av-medium-parallax&quot;:&quot;inherit&quot;,&quot;av-medium-parallax_speed&quot;:&quot;inherit&quot;,&quot;av-small-parallax&quot;:&quot;inherit&quot;,&quot;av-small-parallax_speed&quot;:&quot;inherit&quot;,&quot;av-mini-parallax&quot;:&quot;inherit&quot;,&quot;av-mini-parallax_speed&quot;:&quot;inherit&quot;,&quot;parallax-container&quot;:&quot;.av-4w6a-e4e2878a77dacf489fc1da314676a2c1&quot;}\"    ><section  class='av_textblock_section av-m7uirohe-b57013c8e80d236f727e40edc1cd64b9 '   itemscope=\"itemscope\" itemtype=\"https:\/\/schema.org\/CreativeWork\" ><div class='avia_textblock'  itemprop=\"text\" ><h1><span style=\"color: #ffffff;\">Sziv\u00e1rg\u00e1svizsg\u00e1l\u00f3 eszk\u00f6z\u00f6k &#8211; <\/span><span style=\"color: #ffffff;\">Jav\u00edt\u00e1s, karbantart\u00e1s \u00e9s kalibr\u00e1l\u00e1s<\/span><\/h1>\n<h1><\/h1>\n<h1><\/h1>\n<\/div><\/section><br \/>\n\n<style type=\"text\/css\" data-created_by=\"avia_inline_auto\" id=\"style-css-av-m7yo0zzc-841ce2c2f2e477756d17ed2aad87f50e\">\n#top .hr.av-m7yo0zzc-841ce2c2f2e477756d17ed2aad87f50e{\nmargin-top:15px;\nmargin-bottom:15px;\n}\n.hr.av-m7yo0zzc-841ce2c2f2e477756d17ed2aad87f50e .hr-inner{\nwidth:50px;\n}\n<\/style>\n<div  class='hr av-m7yo0zzc-841ce2c2f2e477756d17ed2aad87f50e hr-custom  avia-builder-el-3  el_after_av_textblock  el_before_av_image  hr-center hr-icon-no'><span class='hr-inner inner-border-av-border-none'><span class=\"hr-inner-style\"><\/span><\/span><\/div><br \/>\n\n<style type=\"text\/css\" data-created_by=\"avia_inline_auto\" id=\"style-css-av-m7ynwwq1-201154de6be939cc7fa3a016bc2ae017\">\n.avia-image-container.av-m7ynwwq1-201154de6be939cc7fa3a016bc2ae017 img.avia_image{\nbox-shadow:none;\n}\n.avia-image-container.av-m7ynwwq1-201154de6be939cc7fa3a016bc2ae017 .av-image-caption-overlay-center{\ncolor:#ffffff;\n}\n<\/style>\n<div  class='avia-image-container av-m7ynwwq1-201154de6be939cc7fa3a016bc2ae017 av-styling- avia-align-left  avia-builder-el-4  el_after_av_hr  avia-builder-el-last '   itemprop=\"image\" itemscope=\"itemscope\" itemtype=\"https:\/\/schema.org\/ImageObject\" ><div class=\"avia-image-container-inner\"><div class=\"avia-image-overlay-wrap\"><img decoding=\"async\" fetchpriority=\"high\" class='wp-image-2322 avia-img-lazy-loading-not-2322 avia_image ' src=\"https:\/\/helim.eu\/wp-content\/uploads\/2025\/03\/helim-white-without-bg-600-300x92.png\" alt='' title='Leakage test EV battery - Helim - Logo 600'  height=\"92\" width=\"300\"  itemprop=\"thumbnailUrl\" srcset=\"https:\/\/helim.eu\/wp-content\/uploads\/2025\/03\/helim-white-without-bg-600-300x92.png 300w, https:\/\/helim.eu\/wp-content\/uploads\/2025\/03\/helim-white-without-bg-600.png 600w\" sizes=\"(max-width: 300px) 100vw, 300px\" \/><\/div><\/div><\/div><\/p><\/div><div  class='flex_column av-2v8g-3bf2cc19cd5a2b3ccf8dff553b817e7b av_two_fifth  avia-builder-el-5  el_after_av_three_fifth  avia-builder-el-last  flex_column_div av-parallax-object  ' data-parallax=\"{&quot;parallax&quot;:&quot;left_right&quot;,&quot;parallax_speed&quot;:&quot;&quot;,&quot;av-desktop-parallax&quot;:&quot;inherit&quot;,&quot;av-desktop-parallax_speed&quot;:&quot;inherit&quot;,&quot;av-medium-parallax&quot;:&quot;inherit&quot;,&quot;av-medium-parallax_speed&quot;:&quot;inherit&quot;,&quot;av-small-parallax&quot;:&quot;inherit&quot;,&quot;av-small-parallax_speed&quot;:&quot;inherit&quot;,&quot;av-mini-parallax&quot;:&quot;inherit&quot;,&quot;av-mini-parallax_speed&quot;:&quot;inherit&quot;,&quot;parallax-container&quot;:&quot;.av-2v8g-3bf2cc19cd5a2b3ccf8dff553b817e7b&quot;}\"    ><\/div>\n\n<\/div><\/div><\/main><!-- close content main element --><\/div><\/div><\/div><div id='av_section_2'  class='avia-section av-47lk-f015129779bb3f8076b237345036f878 main_color avia-section-default avia-no-border-styling  avia-builder-el-7  el_after_av_section  el_before_av_section  avia-bg-style-scroll av-minimum-height av-minimum-height-25 av-height-25  container_wrap fullsize'   data-av_minimum_height_pc='25' data-av_min_height_opt='25'><div class='container av-section-cont-open' ><div class='template-page content  av-content-full alpha units'><div class='post-entry post-entry-type-page post-entry-2337'><div class='entry-content-wrapper clearfix'>\n\n<style type=\"text\/css\" data-created_by=\"avia_inline_auto\" id=\"style-css-av-m7voq5i7-63dcc9f6d8eaf1fc54618182a0cb7f21\">\n#top .av_textblock_section.av-m7voq5i7-63dcc9f6d8eaf1fc54618182a0cb7f21 .avia_textblock{\ntext-align:center;\n}\n<\/style>\n<section  class='av_textblock_section av-m7voq5i7-63dcc9f6d8eaf1fc54618182a0cb7f21 '   itemscope=\"itemscope\" itemtype=\"https:\/\/schema.org\/CreativeWork\" ><div class='avia_textblock'  itemprop=\"text\" ><h2 style=\"text-align: left;\" data-pm-slice=\"1 1 &#091;&#093;\"><strong>Sziv\u00e1rg\u00e1svizsg\u00e1l\u00f3k Jav\u00edt\u00e1s, karbantart\u00e1s \u00e9s kalibr\u00e1l\u00e1s  <\/strong><\/h2>\n<p style=\"text-align: left;\">Akkumul\u00e1tor sziv\u00e1rg\u00e1svizsg\u00e1l\u00f3ink pontosak, megb\u00edzhat\u00f3ak \u00e9s tart\u00f3sak. Mindazon\u00e1ltal id\u0151vel el\u0151fordulhatnak kop\u00e1sok vagy kisebb hib\u00e1k. Professzion\u00e1lis <strong>jav\u00edt\u00e1si, karbantart\u00e1si \u00e9s kalibr\u00e1l\u00e1si szolg\u00e1ltat\u00e1sokat<\/strong> k\u00edn\u00e1lunk, hogy \u00d6n mindig teljesen m\u0171k\u00f6d\u0151k\u00e9pes tesztrendszerrel dolgozhasson.  <\/p>\n<h3 style=\"text-align: left;\">Szolg\u00e1ltat\u00e1saink k\u00f6re:<\/h3>\n<ul style=\"text-align: left;\" data-spread=\"false\">\n<li><strong>Jav\u00edt\u00e1s<\/strong>: Ha k\u00e9sz\u00fcl\u00e9k\u00e9nek hib\u00e1ja vagy meghib\u00e1sod\u00e1sa van, gyorsan \u00e9s megb\u00edzhat\u00f3an gondoskodunk a jav\u00edt\u00e1sr\u00f3l.<\/li>\n<li><strong>Karbantart\u00e1s<\/strong>: A rendszeres ellen\u0151rz\u00e9sek biztos\u00edtj\u00e1k, hogy az akkumul\u00e1tor sziv\u00e1rg\u00e1s\u00e9rz\u00e9kel\u0151i mindig optim\u00e1lisan m\u0171k\u00f6djenek.<\/li>\n<li><strong>Kalibr\u00e1l\u00e1s<\/strong>: A pontos m\u00e9r\u00e9si eredm\u00e9nyek biztos\u00edt\u00e1sa \u00e9rdek\u00e9ben a k\u00e9sz\u00fcl\u00e9kek professzion\u00e1lis kalibr\u00e1l\u00e1s\u00e1t k\u00edn\u00e1ljuk.<\/li>\n<\/ul>\n<h3 style=\"text-align: left;\">Szerviz a Helim k\u00e9sz\u00fcl\u00e9kekhez \u00e9s a partnerek term\u00e9keihez<\/h3>\n<p style=\"text-align: left;\">Nemcsak a saj\u00e1t Helim sziv\u00e1rg\u00e1svizsg\u00e1l\u00f3 k\u00e9sz\u00fcl\u00e9keink karbantart\u00e1s\u00e1hoz \u00e9s jav\u00edt\u00e1s\u00e1hoz \u00e1llunk rendelkez\u00e9sre, hanem a Helim <strong>saj\u00e1t m\u00e1rk\u00e1s term\u00e9kek\u00e9nt<\/strong> \u00e9rt\u00e9kes\u00edtett \u00e9s Eur\u00f3p\u00e1ban kaphat\u00f3 k\u00e9sz\u00fcl\u00e9keket is szervizelj\u00fck. Szakembereink rendelkeznek a sz\u00fcks\u00e9ges szak\u00e9rtelemmel a gyors \u00e9s hat\u00e9kony jav\u00edt\u00e1s vagy kalibr\u00e1l\u00e1s elv\u00e9gz\u00e9s\u00e9hez. A partnerh\u00e1l\u00f3zatunkon k\u00edv\u00fcl m\u00e1s gy\u00e1rt\u00f3kt\u00f3l sz\u00e1rmaz\u00f3 k\u00e9sz\u00fcl\u00e9keket nem szervizel\u00fcnk.  <\/p>\n<h3 style=\"text-align: left;\">Hogyan m\u0171k\u00f6dik a szolg\u00e1ltat\u00e1si folyamat<\/h3>\n<ol style=\"text-align: left;\" start=\"1\" data-spread=\"false\">\n<li><strong>Kapcsolatfelv\u00e9tel<\/strong>: K\u00e9rj\u00fck, l\u00e9pjen kapcsolatba vel\u00fcnk, miel\u0151tt bek\u00fcldi a k\u00e9sz\u00fcl\u00e9ket. T\u00e1j\u00e9koztatni fogjuk, hogy hov\u00e1 k\u00fcldje el a k\u00e9sz\u00fcl\u00e9ket. <\/li>\n<li><strong>Hibale\u00edr\u00e1s<\/strong>: A probl\u00e9ma r\u00f6vid le\u00edr\u00e1sa seg\u00edt a jav\u00edt\u00e1s hat\u00e9kony megtervez\u00e9s\u00e9ben \u00e9s a feldolgoz\u00e1si id\u0151 ler\u00f6vid\u00edt\u00e9s\u00e9ben.<\/li>\n<li><strong>Gyors feldolgoz\u00e1s<\/strong>: Tudjuk, hogy \u00d6nnek sz\u00fcks\u00e9ge van a tesztel\u0151j\u00e9re, hogy folytathassa a munk\u00e1j\u00e1t. Ez\u00e9rt biztos\u00edtjuk a gyors jav\u00edt\u00e1st vagy kalibr\u00e1l\u00e1st. <\/li>\n<li><strong>Visszasz\u00e1ll\u00edt\u00e1s<\/strong>: A munka befejez\u00e9se ut\u00e1n a k\u00e9sz\u00fcl\u00e9ket azonnal visszak\u00fcldj\u00fck \u00d6nnek, hogy k\u00e9sedelem n\u00e9lk\u00fcl \u00fajra haszn\u00e1lhassa.<\/li>\n<\/ol>\n<h3 style=\"text-align: left;\">Mi\u00e9rt fontos a rendszeres karbantart\u00e1s \u00e9s <span style=\"color: #000000;\"><a style=\"color: #000000;\" href=\"https:\/\/de.wikipedia.org\/wiki\/Kalibrierung\" target=\"_blank\" rel=\"noopener\">kalibr\u00e1l\u00e1s<\/a><\/span> fontos?<\/h3>\n<ul style=\"text-align: left;\" data-spread=\"false\">\n<li><strong>A pontoss\u00e1g fenntart\u00e1sa<\/strong>: A m\u00e9r\u00e9si pontoss\u00e1g elengedhetetlen a megb\u00edzhat\u00f3 akkumul\u00e1tor sziv\u00e1rg\u00e1svizsg\u00e1lathoz.<\/li>\n<li><strong>Az \u00fczemzavarok elker\u00fcl\u00e9se<\/strong>: A rendszeres karbantart\u00e1s seg\u00edt elker\u00fclni a k\u00f6lts\u00e9ges le\u00e1ll\u00e1sokat.<\/li>\n<li><strong>A szabv\u00e1nyoknak val\u00f3 megfelel\u00e9s<\/strong>: A kalibr\u00e1l\u00e1s biztos\u00edtja, hogy k\u00e9sz\u00fcl\u00e9kei megfeleljenek az aktu\u00e1lis jogi \u00e9s gy\u00e1rt\u00f3specifikus el\u0151\u00edr\u00e1soknak.<\/li>\n<\/ul>\n<h3 style=\"text-align: left;\">Sziv\u00e1rg\u00e1svizsg\u00e1l\u00f3k &#8211; jav\u00edt\u00e1s, karbantart\u00e1s, kalibr\u00e1l\u00e1s<\/h3>\n<p style=\"text-align: left;\"><strong><span style=\"color: #000000;\"><a style=\"color: #000000;\" href=\"https:\/\/helim.eu\/hu\/kapcsolatfelvetel\/\">Kapcsolatfelv\u00e9tel<\/a><\/span> L\u00e9pjen kapcsolatba vel\u00fcnk m\u00e9g ma!<\/strong><\/p>\n<p style=\"text-align: left;\">Jav\u00edt\u00e1sra, karbantart\u00e1sra vagy kalibr\u00e1l\u00e1sra van sz\u00fcks\u00e9ge az akkumul\u00e1tor sziv\u00e1rg\u00e1s\u00e9rz\u00e9kel\u0151je sz\u00e1m\u00e1ra? Akkor ne habozzon, vegye fel vel\u00fcnk a kapcsolatot. Gyorsan \u00e9s szakszer\u0171en seg\u00edt\u00fcnk \u00d6nnek!  <\/p>\n<\/div><\/section>\n<div  class='avia-button-wrap av-m8e7u068-22181c1ffb13a9b0cc5c4e91763ca2a9-wrap avia-button-center  avia-builder-el-9  el_after_av_textblock  avia-builder-el-last '>\n<style type=\"text\/css\" data-created_by=\"avia_inline_auto\" id=\"style-css-av-m8e7u068-22181c1ffb13a9b0cc5c4e91763ca2a9\">\n#top #wrap_all .avia-button.av-m8e7u068-22181c1ffb13a9b0cc5c4e91763ca2a9{\nfont-size:20px;\ntransition:all 0.4s ease-in-out;\n}\n<\/style>\n<a href='https:\/\/helim.eu\/hu\/kapcsolatfelvetel\/'  class='avia-button av-m8e7u068-22181c1ffb13a9b0cc5c4e91763ca2a9 avia-icon_select-yes-left-icon avia-size-large avia-position-center avia-color-theme-color'  ><span class='avia_button_icon avia_button_icon_left' aria-hidden='true' data-av_icon='\ue805' data-av_iconfont='entypo-fontello'><\/span><span class='avia_iconbox_title' >Az \u00d6n kapcsolata Helim<\/span><\/a><\/div>\n\n<\/div><\/div><\/div><!-- close content main div --><\/div><\/div>\n<style type=\"text\/css\" data-created_by=\"avia_inline_auto\" id=\"style-css-av-2x7u-0d73e1215719be8fe3abeca2ba37d8f1\">\n.avia-section.av-2x7u-0d73e1215719be8fe3abeca2ba37d8f1{\nbackground-repeat:no-repeat;\nbackground-image:url(https:\/\/helim.eu\/wp-content\/uploads\/2025\/03\/battery-air-leak-test-helim-r.png);\nbackground-position:50% 50%;\nbackground-attachment:fixed;\nmargin-top:0px;\nmargin-bottom:50px;\n}\n.avia-section.av-2x7u-0d73e1215719be8fe3abeca2ba37d8f1 .av-section-color-overlay{\nopacity:0.3;\nbackground-color:#ffffff;\n}\n<\/style>\n<div id='av_section_3'  class='avia-section av-2x7u-0d73e1215719be8fe3abeca2ba37d8f1 main_color avia-section-default avia-no-border-styling  avia-builder-el-10  el_after_av_section  avia-builder-el-last  avia-bg-style-fixed av-section-color-overlay-active av-minimum-height av-minimum-height-custom av-height-custom  container_wrap fullsize'  data-section-bg-repeat='no-repeat' data-av_minimum_height_px='350'><div class=\"av-section-color-overlay-wrap\"><div class=\"av-section-color-overlay\"><\/div><div class='container av-section-cont-open' style='height:350px'><div class='template-page content  av-content-full alpha units'><div class='post-entry post-entry-type-page post-entry-2337'><div class='entry-content-wrapper clearfix'>\n","protected":false},"excerpt":{"rendered":"","protected":false},"author":1,"featured_media":0,"parent":0,"menu_order":0,"comment_status":"closed","ping_status":"open","template":"","meta":{"footnotes":""},"class_list":["post-2337","page","type-page","status-publish","hentry"],"yoast_head":"<!-- This site is optimized with the Yoast SEO plugin v27.5 - https:\/\/yoast.com\/product\/yoast-seo-wordpress\/ -->\n<title>Karbantart\u00e1s - Helim - Leak Test Solutions<\/title>\n<meta name=\"description\" content=\"Sziv\u00e1rg\u00e1svizsg\u00e1l\u00f3 jav\u00edt\u00e1s, karbantart\u00e1s \u00e9s kalibr\u00e1l\u00e1s - Helim akkumul\u00e1tor sziv\u00e1rg\u00e1svizsg\u00e1l\u00f3 \u00e9s sziv\u00e1rg\u00e1svizsg\u00e1l\u00f3 k\u00e9sz\u00fcl\u00e9kekhez.\" \/>\n<meta name=\"robots\" content=\"index, follow, max-snippet:-1, max-image-preview:large, max-video-preview:-1\" \/>\n<link rel=\"canonical\" href=\"https:\/\/helim.eu\/hu\/karbantartas\/\" \/>\n<meta property=\"og:locale\" content=\"hu_HU\" \/>\n<meta property=\"og:type\" content=\"article\" \/>\n<meta property=\"og:title\" content=\"Karbantart\u00e1s - Helim - Leak Test Solutions\" \/>\n<meta property=\"og:description\" content=\"Sziv\u00e1rg\u00e1svizsg\u00e1l\u00f3 jav\u00edt\u00e1s, karbantart\u00e1s \u00e9s kalibr\u00e1l\u00e1s - Helim akkumul\u00e1tor sziv\u00e1rg\u00e1svizsg\u00e1l\u00f3 \u00e9s sziv\u00e1rg\u00e1svizsg\u00e1l\u00f3 k\u00e9sz\u00fcl\u00e9kekhez.\" \/>\n<meta property=\"og:url\" content=\"https:\/\/helim.eu\/hu\/karbantartas\/\" \/>\n<meta property=\"og:site_name\" content=\"Helim - Leak Test Solutions\" \/>\n<meta property=\"article:publisher\" content=\"https:\/\/www.facebook.com\/profile.php?id=61574206138313\" \/>\n<meta property=\"article:modified_time\" content=\"2025-05-11T06:34:01+00:00\" \/>\n<meta name=\"twitter:card\" content=\"summary_large_image\" \/>\n<meta name=\"twitter:label1\" content=\"Becs\u00fclt olvas\u00e1si id\u0151\" \/>\n\t<meta name=\"twitter:data1\" content=\"19 perc\" \/>\n<script type=\"application\/ld+json\" class=\"yoast-schema-graph\">{\"@context\":\"https:\\\/\\\/schema.org\",\"@graph\":[{\"@type\":\"WebPage\",\"@id\":\"https:\\\/\\\/helim.eu\\\/hu\\\/karbantartas\\\/\",\"url\":\"https:\\\/\\\/helim.eu\\\/hu\\\/karbantartas\\\/\",\"name\":\"Karbantart\u00e1s - Helim - Leak Test Solutions\",\"isPartOf\":{\"@id\":\"https:\\\/\\\/helim.eu\\\/hu\\\/#website\"},\"datePublished\":\"2025-03-10T11:59:43+00:00\",\"dateModified\":\"2025-05-11T06:34:01+00:00\",\"description\":\"Sziv\u00e1rg\u00e1svizsg\u00e1l\u00f3 jav\u00edt\u00e1s, karbantart\u00e1s \u00e9s kalibr\u00e1l\u00e1s - Helim akkumul\u00e1tor sziv\u00e1rg\u00e1svizsg\u00e1l\u00f3 \u00e9s sziv\u00e1rg\u00e1svizsg\u00e1l\u00f3 k\u00e9sz\u00fcl\u00e9kekhez.\",\"breadcrumb\":{\"@id\":\"https:\\\/\\\/helim.eu\\\/hu\\\/karbantartas\\\/#breadcrumb\"},\"inLanguage\":\"hu\",\"potentialAction\":[{\"@type\":\"ReadAction\",\"target\":[\"https:\\\/\\\/helim.eu\\\/hu\\\/karbantartas\\\/\"]}]},{\"@type\":\"BreadcrumbList\",\"@id\":\"https:\\\/\\\/helim.eu\\\/hu\\\/karbantartas\\\/#breadcrumb\",\"itemListElement\":[{\"@type\":\"ListItem\",\"position\":1,\"name\":\"Startseite\",\"item\":\"https:\\\/\\\/helim.eu\\\/hu\\\/\"},{\"@type\":\"ListItem\",\"position\":2,\"name\":\"Karbantart\u00e1s\"}]},{\"@type\":\"WebSite\",\"@id\":\"https:\\\/\\\/helim.eu\\\/hu\\\/#website\",\"url\":\"https:\\\/\\\/helim.eu\\\/hu\\\/\",\"name\":\"Helim - Leak Test Solutions\",\"description\":\"EV Battery Leaktester\",\"publisher\":{\"@id\":\"https:\\\/\\\/helim.eu\\\/hu\\\/#organization\"},\"potentialAction\":[{\"@type\":\"SearchAction\",\"target\":{\"@type\":\"EntryPoint\",\"urlTemplate\":\"https:\\\/\\\/helim.eu\\\/hu\\\/?s={search_term_string}\"},\"query-input\":{\"@type\":\"PropertyValueSpecification\",\"valueRequired\":true,\"valueName\":\"search_term_string\"}}],\"inLanguage\":\"hu\"},{\"@type\":\"Organization\",\"@id\":\"https:\\\/\\\/helim.eu\\\/hu\\\/#organization\",\"name\":\"Helim\",\"url\":\"https:\\\/\\\/helim.eu\\\/hu\\\/\",\"logo\":{\"@type\":\"ImageObject\",\"inLanguage\":\"hu\",\"@id\":\"https:\\\/\\\/helim.eu\\\/hu\\\/#\\\/schema\\\/logo\\\/image\\\/\",\"url\":\"https:\\\/\\\/helim.eu\\\/wp-content\\\/uploads\\\/2025\\\/03\\\/helim-logo-r-w-600-600-rand.png\",\"contentUrl\":\"https:\\\/\\\/helim.eu\\\/wp-content\\\/uploads\\\/2025\\\/03\\\/helim-logo-r-w-600-600-rand.png\",\"width\":600,\"height\":600,\"caption\":\"Helim\"},\"image\":{\"@id\":\"https:\\\/\\\/helim.eu\\\/hu\\\/#\\\/schema\\\/logo\\\/image\\\/\"},\"sameAs\":[\"https:\\\/\\\/www.facebook.com\\\/profile.php?id=61574206138313\"]}]}<\/script>\n<!-- \/ Yoast SEO plugin. -->","yoast_head_json":{"title":"Karbantart\u00e1s - Helim - Leak Test Solutions","description":"Sziv\u00e1rg\u00e1svizsg\u00e1l\u00f3 jav\u00edt\u00e1s, karbantart\u00e1s \u00e9s kalibr\u00e1l\u00e1s - Helim akkumul\u00e1tor sziv\u00e1rg\u00e1svizsg\u00e1l\u00f3 \u00e9s sziv\u00e1rg\u00e1svizsg\u00e1l\u00f3 k\u00e9sz\u00fcl\u00e9kekhez.","robots":{"index":"index","follow":"follow","max-snippet":"max-snippet:-1","max-image-preview":"max-image-preview:large","max-video-preview":"max-video-preview:-1"},"canonical":"https:\/\/helim.eu\/hu\/karbantartas\/","og_locale":"hu_HU","og_type":"article","og_title":"Karbantart\u00e1s - Helim - Leak Test Solutions","og_description":"Sziv\u00e1rg\u00e1svizsg\u00e1l\u00f3 jav\u00edt\u00e1s, karbantart\u00e1s \u00e9s kalibr\u00e1l\u00e1s - Helim akkumul\u00e1tor sziv\u00e1rg\u00e1svizsg\u00e1l\u00f3 \u00e9s sziv\u00e1rg\u00e1svizsg\u00e1l\u00f3 k\u00e9sz\u00fcl\u00e9kekhez.","og_url":"https:\/\/helim.eu\/hu\/karbantartas\/","og_site_name":"Helim - Leak Test Solutions","article_publisher":"https:\/\/www.facebook.com\/profile.php?id=61574206138313","article_modified_time":"2025-05-11T06:34:01+00:00","twitter_card":"summary_large_image","twitter_misc":{"Becs\u00fclt olvas\u00e1si id\u0151":"19 perc"},"schema":{"@context":"https:\/\/schema.org","@graph":[{"@type":"WebPage","@id":"https:\/\/helim.eu\/hu\/karbantartas\/","url":"https:\/\/helim.eu\/hu\/karbantartas\/","name":"Karbantart\u00e1s - Helim - Leak Test Solutions","isPartOf":{"@id":"https:\/\/helim.eu\/hu\/#website"},"datePublished":"2025-03-10T11:59:43+00:00","dateModified":"2025-05-11T06:34:01+00:00","description":"Sziv\u00e1rg\u00e1svizsg\u00e1l\u00f3 jav\u00edt\u00e1s, karbantart\u00e1s \u00e9s kalibr\u00e1l\u00e1s - Helim akkumul\u00e1tor sziv\u00e1rg\u00e1svizsg\u00e1l\u00f3 \u00e9s sziv\u00e1rg\u00e1svizsg\u00e1l\u00f3 k\u00e9sz\u00fcl\u00e9kekhez.","breadcrumb":{"@id":"https:\/\/helim.eu\/hu\/karbantartas\/#breadcrumb"},"inLanguage":"hu","potentialAction":[{"@type":"ReadAction","target":["https:\/\/helim.eu\/hu\/karbantartas\/"]}]},{"@type":"BreadcrumbList","@id":"https:\/\/helim.eu\/hu\/karbantartas\/#breadcrumb","itemListElement":[{"@type":"ListItem","position":1,"name":"Startseite","item":"https:\/\/helim.eu\/hu\/"},{"@type":"ListItem","position":2,"name":"Karbantart\u00e1s"}]},{"@type":"WebSite","@id":"https:\/\/helim.eu\/hu\/#website","url":"https:\/\/helim.eu\/hu\/","name":"Helim - Leak Test Solutions","description":"EV Battery Leaktester","publisher":{"@id":"https:\/\/helim.eu\/hu\/#organization"},"potentialAction":[{"@type":"SearchAction","target":{"@type":"EntryPoint","urlTemplate":"https:\/\/helim.eu\/hu\/?s={search_term_string}"},"query-input":{"@type":"PropertyValueSpecification","valueRequired":true,"valueName":"search_term_string"}}],"inLanguage":"hu"},{"@type":"Organization","@id":"https:\/\/helim.eu\/hu\/#organization","name":"Helim","url":"https:\/\/helim.eu\/hu\/","logo":{"@type":"ImageObject","inLanguage":"hu","@id":"https:\/\/helim.eu\/hu\/#\/schema\/logo\/image\/","url":"https:\/\/helim.eu\/wp-content\/uploads\/2025\/03\/helim-logo-r-w-600-600-rand.png","contentUrl":"https:\/\/helim.eu\/wp-content\/uploads\/2025\/03\/helim-logo-r-w-600-600-rand.png","width":600,"height":600,"caption":"Helim"},"image":{"@id":"https:\/\/helim.eu\/hu\/#\/schema\/logo\/image\/"},"sameAs":["https:\/\/www.facebook.com\/profile.php?id=61574206138313"]}]}},"_links":{"self":[{"href":"https:\/\/helim.eu\/hu\/wp-json\/wp\/v2\/pages\/2337","targetHints":{"allow":["GET"]}}],"collection":[{"href":"https:\/\/helim.eu\/hu\/wp-json\/wp\/v2\/pages"}],"about":[{"href":"https:\/\/helim.eu\/hu\/wp-json\/wp\/v2\/types\/page"}],"author":[{"embeddable":true,"href":"https:\/\/helim.eu\/hu\/wp-json\/wp\/v2\/users\/1"}],"replies":[{"embeddable":true,"href":"https:\/\/helim.eu\/hu\/wp-json\/wp\/v2\/comments?post=2337"}],"version-history":[{"count":3,"href":"https:\/\/helim.eu\/hu\/wp-json\/wp\/v2\/pages\/2337\/revisions"}],"predecessor-version":[{"id":2803,"href":"https:\/\/helim.eu\/hu\/wp-json\/wp\/v2\/pages\/2337\/revisions\/2803"}],"wp:attachment":[{"href":"https:\/\/helim.eu\/hu\/wp-json\/wp\/v2\/media?parent=2337"}],"curies":[{"name":"wp","href":"https:\/\/api.w.org\/{rel}","templated":true}]}}