{"id":2334,"date":"2025-01-22T17:30:34","date_gmt":"2025-01-22T17:30:34","guid":{"rendered":"https:\/\/helim.eu\/adatvedelmi-iranyelvek\/"},"modified":"2025-05-11T06:37:39","modified_gmt":"2025-05-11T06:37:39","slug":"adatvedelmi-iranyelvek","status":"publish","type":"page","link":"https:\/\/helim.eu\/hu\/adatvedelmi-iranyelvek\/","title":{"rendered":"Adatv\u00e9delmi ir\u00e1nyelvek"},"content":{"rendered":"<section  class='av_textblock_section av-m860qs28-1630095a5e4c5eb0929470a73e6b6410 '   itemscope=\"itemscope\" itemtype=\"https:\/\/schema.org\/CreativeWork\" ><div class='avia_textblock'  itemprop=\"text\" ><h2 data-pm-slice=\"1 1 []\">Adatv\u00e9delmi szab\u00e1lyzat<\/h2>\n<h3>1. \u00e1ltal\u00e1nos inform\u00e1ci\u00f3k<\/h3>\n<p>Az \u00d6n szem\u00e9lyes adatainak v\u00e9delme fontos sz\u00e1munkra. Ez az adatv\u00e9delmi szab\u00e1lyzat elmagyar\u00e1zza, hogy milyen adatokat gy\u0171jt\u00fcnk, hogyan haszn\u00e1ljuk fel azokat, \u00e9s milyen jogai vannak. <\/p>\n<h3>2. az adatkezel\u00e9s\u00e9rt felel\u0151s szem\u00e9ly<\/h3>\n<p>NIROXX Engineering Kft.<br \/>\nMorozow sug\u00e1r\u00fat 12<br \/>\n8220 Paphos, Ciprus<br \/>\nE-mail: <a>info@niroxx.io<\/a><br \/>\nWeboldal:   <a href=\"https:\/\/www.niroxx.io\">https:\/\/www.niroxx.io<\/a><\/p>\n<h3>3. t\u00e1rhely- \u00e9s szervernapl\u00f3f\u00e1jlok<\/h3>\n<p>Weboldalunkat a Strato AG \u00fczemelteti:<br \/>\n<strong>Strato AG<\/strong>, Pascalstra\u00dfe 10, 10587 Berlin, N\u00e9metorsz\u00e1g<\/p>\n<p>Amikor \u00d6n megl\u00e1togatja weboldalunkat, a t\u00e1rhelyszolg\u00e1ltat\u00f3 automatikusan elmenti a k\u00f6vetkez\u0151 adatokat az \u00fagynevezett szervernapl\u00f3f\u00e1jlokban:<\/p>\n<ul data-spread=\"false\">\n<li>A l\u00e1togat\u00f3 IP-c\u00edme<\/li>\n<li>A hozz\u00e1f\u00e9r\u00e9s d\u00e1tuma \u00e9s id\u0151pontja<\/li>\n<li>B\u00f6ng\u00e9sz\u0151 t\u00edpusa \u00e9s verzi\u00f3ja<\/li>\n<li>Oper\u00e1ci\u00f3s rendszer<\/li>\n<li>Referrer URL (a kor\u00e1bban megl\u00e1togatott oldal)<\/li>\n<\/ul>\n<p>Ezeket az adatokat kiz\u00e1r\u00f3lag a weboldal biztons\u00e1ga \u00e9s technikai karbantart\u00e1sa c\u00e9lj\u00e1b\u00f3l haszn\u00e1ljuk, \u00e9s nem egyes\u00edtj\u00fck m\u00e1s adatforr\u00e1sokkal. Az adatokat legfeljebb 7 napig t\u00e1roljuk, majd automatikusan t\u00f6r\u00f6lj\u00fck. <\/p>\n<h3>4. szem\u00e9lyes adatok gy\u0171jt\u00e9se \u00e9s feldolgoz\u00e1sa<\/h3>\n<p>Csak akkor gy\u0171jt\u00fcnk szem\u00e9lyes adatokat, ha \u00d6n \u00f6nk\u00e9ntesen megadja azokat nek\u00fcnk a kapcsolatfelv\u00e9teli \u0171rlapon vagy e-mailben. Ez k\u00fcl\u00f6n\u00f6sen vonatkozik: <\/p>\n<ul data-spread=\"false\">\n<li>N\u00e9v<\/li>\n<li>E-mail c\u00edm<\/li>\n<li>Telefonsz\u00e1m (ha megadj\u00e1k)<\/li>\n<li>Az \u00fczenet tartalma<\/li>\n<li>Felhaszn\u00e1l\u00f3i fi\u00f3kadatok (ha regisztr\u00e1lt)<\/li>\n<\/ul>\n<h3>5. az adatkezel\u00e9s c\u00e9lja<\/h3>\n<p>Az \u00d6n \u00e1ltal megadott adatokat kiz\u00e1r\u00f3lag az \u00d6n k\u00e9r\u00e9s\u00e9nek feldolgoz\u00e1s\u00e1ra, az \u00d6nnel val\u00f3 kommunik\u00e1ci\u00f3ra \u00e9s szolg\u00e1ltat\u00e1saink fejleszt\u00e9s\u00e9re haszn\u00e1ljuk fel.<\/p>\n<h3>6. megjegyz\u00e9sek<\/h3>\n<p>Amikor a l\u00e1togat\u00f3k hozz\u00e1sz\u00f3l\u00e1sokat tesznek k\u00f6zz\u00e9 a weboldalon, a spamek felismer\u00e9s\u00e9nek el\u0151seg\u00edt\u00e9se \u00e9rdek\u00e9ben \u00f6sszegy\u0171jtj\u00fck a hozz\u00e1sz\u00f3l\u00e1si \u0171rlapon megjelen\u0151 adatokat, valamint az IP-c\u00edmet \u00e9s a felhaszn\u00e1l\u00f3i \u00fcgyn\u00f6k karakterl\u00e1nc\u00e1t.<\/p>\n<h3>7. m\u00e9dia<\/h3>\n<p>Ha k\u00e9peket t\u00f6lt fel erre a weboldalra, ker\u00fclje a be\u00e1gyazott EXIF GPS helymeghat\u00e1roz\u00f3 adatokkal rendelkez\u0151 k\u00e9pek felt\u00f6lt\u00e9s\u00e9t. A weboldal l\u00e1togat\u00f3i ugyanis az ilyen helymeghat\u00e1roz\u00f3 adatokat kinyerhetik. <\/p>\n<h3>8. kapcsolatfelv\u00e9teli \u0171rlapok<\/h3>\n<p>Ha haszn\u00e1lja a kapcsolatfelv\u00e9teli \u0171rlapunkat, az \u00fcgyf\u00e9lszolg\u00e1lati c\u00e9lokra tov\u00e1bb\u00edtott adatokat legfeljebb 6 h\u00f3napig t\u00e1roljuk. Ezeket az adatokat nem haszn\u00e1ljuk fel marketingc\u00e9lokra. <\/p>\n<h3>9. s\u00fctik<\/h3>\n<p>Weboldalunk s\u00fctiket haszn\u00e1l. A s\u00fctik olyan kis sz\u00f6veges f\u00e1jlok, amelyek az \u00d6n eszk\u00f6z\u00e9n t\u00e1rol\u00f3dnak. <\/p>\n<p>Az \u00e1ltalunk haszn\u00e1lt s\u00fctik a k\u00f6vetkez\u0151k<\/p>\n<ul data-spread=\"false\">\n<li><strong>Alapvet\u0151 s\u00fctik<\/strong>: Ezek a weboldal m\u0171k\u00f6d\u00e9s\u00e9hez sz\u00fcks\u00e9gesek.<\/li>\n<li><strong>Elemz\u0151 \u00e9s marketing s\u00fctik<\/strong>: Ezek seg\u00edtenek nek\u00fcnk elemezni a weboldalunk haszn\u00e1lat\u00e1t \u00e9s optimaliz\u00e1lni a marketing\u00fcnket.<\/li>\n<\/ul>\n<p>A cookie-k t\u00e1rol\u00e1s\u00e1t a b\u00f6ng\u00e9sz\u0151 be\u00e1ll\u00edt\u00e1saiban kikapcsolhatja.<\/p>\n<h3>10. elemz\u00e9si szolg\u00e1ltat\u00e1sok<\/h3>\n<p>Weboldalunk a Google Analytics webanalitikai szolg\u00e1ltat\u00e1st haszn\u00e1lja, amelyet a Google Ireland Limited, Gordon House, Barrow Street, Dublin 4, \u00cdrorsz\u00e1g biztos\u00edt.<\/p>\n<p>A Google Analytics s\u00fctiket haszn\u00e1l a weboldalunk haszn\u00e1lat\u00e1nak elemz\u00e9s\u00e9re. Aktiv\u00e1ltuk az IP-anonimiz\u00e1l\u00e1st, \u00edgy az \u00d6n IP-c\u00edme az EU-n vagy az EGT-n bel\u00fcl csonkolva lesz, miel\u0151tt tov\u00e1bb\u00edtan\u00e1nk a Google-nak. A cookie-k t\u00e1rol\u00e1s\u00e1t a megfelel\u0151 b\u00f6ng\u00e9sz\u0151be\u00e1ll\u00edt\u00e1sok kiv\u00e1laszt\u00e1s\u00e1val vagy a Google Analytics opt-out plugin haszn\u00e1lat\u00e1val megakad\u00e1lyozhatja.  <\/p>\n<p>Tov\u00e1bbi inform\u00e1ci\u00f3: <a>https:\/\/policies.google.com\/privacy<\/a><\/p>\n<h3>11. az adatok nyilv\u00e1noss\u00e1gra hozatala<\/h3>\n<p>Az \u00d6n adatait nem adjuk \u00e1t harmadik f\u00e9lnek, kiv\u00e9ve, ha:<\/p>\n<ul data-spread=\"false\">\n<li>\u00d6n kifejezetten hozz\u00e1j\u00e1rult ahhoz, hogy<\/li>\n<li>Erre jogi k\u00f6telezetts\u00e9g van<\/li>\n<li>Az adatfeldolgoz\u00e1st a GDPR 28. cikke szerinti adatfeldolgoz\u00f3 v\u00e9gzi.<\/li>\n<\/ul>\n<h3>12. t\u00e1rol\u00e1si id\u0151szak<\/h3>\n<p>A szem\u00e9lyes adatokat csak addig t\u00e1roljuk, am\u00edg az \u00d6n megkeres\u00e9s\u00e9nek feldolgoz\u00e1s\u00e1hoz sz\u00fcks\u00e9ges, illetve am\u00edg a jogszab\u00e1lyi meg\u0151rz\u00e9si k\u00f6telezetts\u00e9g fenn\u00e1ll:<\/p>\n<ul data-spread=\"false\">\n<li>Kapcsolatfelv\u00e9teli \u0171rlap adatai: 6 h\u00f3nap<\/li>\n<li>Elemz\u00e9si adatok: 1 \u00e9v<\/li>\n<li>Megrendel\u00e9si adatok: 10 \u00e9v<\/li>\n<\/ul>\n<h3>13. milyen jogai vannak az adataihoz<\/h3>\n<p>A k\u00f6vetkez\u0151 jogokkal rendelkezik:<\/p>\n<ul data-spread=\"false\">\n<li>A t\u00e1rolt adatokr\u00f3l val\u00f3 t\u00e1j\u00e9koztat\u00e1shoz val\u00f3 jog<\/li>\n<li>A helytelen adatok helyesb\u00edt\u00e9s\u00e9hez val\u00f3 jog<\/li>\n<li>Az \u00d6n adatainak t\u00f6rl\u00e9s\u00e9hez val\u00f3 jog (felt\u00e9ve, hogy nincs t\u00f6rv\u00e9nyes meg\u0151rz\u00e9si k\u00f6telezetts\u00e9g).<\/li>\n<li>Az adatkezel\u00e9s korl\u00e1toz\u00e1s\u00e1hoz val\u00f3 jog<\/li>\n<li>A feldolgoz\u00e1s elleni tiltakoz\u00e1s joga<\/li>\n<li>Az adathordozhat\u00f3s\u00e1ghoz val\u00f3 jog<\/li>\n<\/ul>\n<p>K\u00e9rj\u00fck, l\u00e9pjen kapcsolatba vel\u00fcnk a <a>info@niroxx.io<\/a> c\u00edmen, ha \u00e9lni k\u00edv\u00e1n ezen jogok b\u00e1rmelyik\u00e9vel.<\/p>\n<h3>14 Hov\u00e1 ker\u00fclnek az \u00d6n adatai<\/h3>\n<p>Olyan harmadik f\u00e9lt\u0151l sz\u00e1rmaz\u00f3 eszk\u00f6z\u00f6ket \u00e9s szolg\u00e1ltat\u00e1sokat haszn\u00e1lunk, amelyek az EU-n k\u00edv\u00fcl is feldolgozhatnak adatokat. Biztos\u00edtjuk, hogy ezek a szolg\u00e1ltat\u00f3k megfeleljenek a GDPR-nak: <\/p>\n<ul data-spread=\"false\">\n<li><strong>Google LLC (Google Analytics, Google Ads, reCAPTCHA)<\/strong>: Privacy Shield meg\u00e1llapod\u00e1s (2020-ig) \u00e9s \u00e1ltal\u00e1nos szerz\u0151d\u00e9si felt\u00e9telek.<\/li>\n<li><strong>Mailchimp (h\u00edrlev\u00e9l k\u00fcld\u00e9s)<\/strong>: \u00c1ltal\u00e1nos szerz\u0151d\u00e9si felt\u00e9telek<\/li>\n<\/ul>\n<h3>15. el\u00e9rhet\u0151s\u00e9gek<\/h3>\n<p>Adatv\u00e9delmi k\u00e9rd\u00e9sekben k\u00e9rj\u00fck, l\u00e9pjen kapcsolatba vel\u00fcnk a k\u00f6vetkez\u0151 c\u00edmen:<br \/>\nE-mail:  <a>info@niroxx.io<\/a><\/p>\n<h3>16. hogyan v\u00e9dj\u00fck az \u00d6n adatait<\/h3>\n<p>Az \u00d6n adatainak v\u00e9delme \u00e9rdek\u00e9ben technikai \u00e9s szervez\u00e9si int\u00e9zked\u00e9seket alkalmazunk:<\/p>\n<ul data-spread=\"false\">\n<li>SSL\/TLS titkos\u00edt\u00e1s<\/li>\n<li>Hozz\u00e1f\u00e9r\u00e9si korl\u00e1toz\u00e1sok<\/li>\n<li>K\u00e9tfaktoros hiteles\u00edt\u00e9s (ha alkalmazhat\u00f3)<\/li>\n<li>Rendszeres biztons\u00e1gi friss\u00edt\u00e9sek<\/li>\n<\/ul>\n<h3>17. int\u00e9zked\u00e9sek az adatok megs\u00e9rt\u00e9se eset\u00e9n<\/h3>\n<p>Adats\u00e9rt\u00e9s eset\u00e9n a t\u00f6rv\u00e9nyi rendelkez\u00e9seknek megfelel\u0151en \u00e9rtes\u00edtj\u00fck az \u00e9rintett felhaszn\u00e1l\u00f3kat \u00e9s az illet\u00e9kes adatv\u00e9delmi hat\u00f3s\u00e1gokat.<\/p>\n<h3>18. mely harmadik f\u00e9l szolg\u00e1ltat\u00f3kt\u00f3l kapunk adatokat<\/h3>\n<p>Nem kapunk olyan adatokat harmadik f\u00e9l szolg\u00e1ltat\u00f3kt\u00f3l, amelyek nem szerepelnek ebben az adatv\u00e9delmi szab\u00e1lyzatban.<\/p>\n<h3>19 Automatiz\u00e1lt d\u00f6nt\u00e9shozatal<\/h3>\n<p>Weboldalunk nem v\u00e9gez automatiz\u00e1lt d\u00f6nt\u00e9shozatalt vagy profilalkot\u00e1st.<\/p>\n<h3>20. az adatv\u00e9delmi politika v\u00e1ltoz\u00e1sai<\/h3>\n<p>Fenntartjuk a jogot, hogy sz\u00fcks\u00e9g eset\u00e9n friss\u00edts\u00fck ezt az adatv\u00e9delmi szab\u00e1lyzatot.<\/p>\n<p><strong>\u00c1llapot: 2025. m\u00e1rcius<\/strong><\/p>\n<\/div><\/section>\n","protected":false},"excerpt":{"rendered":"","protected":false},"author":1,"featured_media":0,"parent":0,"menu_order":0,"comment_status":"closed","ping_status":"open","template":"","meta":{"footnotes":""},"class_list":["post-2334","page","type-page","status-publish","hentry"],"yoast_head":"<!-- This site is optimized with the Yoast SEO plugin v27.3 - https:\/\/yoast.com\/product\/yoast-seo-wordpress\/ -->\n<title>Adatv\u00e9delmi ir\u00e1nyelvek - Helim - Leak Test Solutions<\/title>\n<meta name=\"description\" content=\"A Helim - elektromos \u00e9s hibrid j\u00e1rm\u0171vekhez, k\u00fcl\u00f6n\u00f6sen a m\u0171helyek \u00e9s az ipar sz\u00e1m\u00e1ra gy\u00e1rtott akkumul\u00e1tor sziv\u00e1rg\u00e1svizsg\u00e1l\u00f3 k\u00e9sz\u00fcl\u00e9kek gy\u00e1rt\u00f3j\u00e1nak adatv\u00e9delmi ir\u00e1nyelvei.\" \/>\n<meta name=\"robots\" content=\"index, follow, max-snippet:-1, max-image-preview:large, max-video-preview:-1\" \/>\n<link rel=\"canonical\" href=\"https:\/\/helim.eu\/hu\/adatvedelmi-iranyelvek\/\" \/>\n<meta property=\"og:locale\" content=\"hu_HU\" \/>\n<meta property=\"og:type\" content=\"article\" \/>\n<meta property=\"og:title\" content=\"Adatv\u00e9delmi ir\u00e1nyelvek - Helim - Leak Test Solutions\" \/>\n<meta property=\"og:description\" content=\"A Helim - elektromos \u00e9s hibrid j\u00e1rm\u0171vekhez, k\u00fcl\u00f6n\u00f6sen a m\u0171helyek \u00e9s az ipar sz\u00e1m\u00e1ra gy\u00e1rtott akkumul\u00e1tor sziv\u00e1rg\u00e1svizsg\u00e1l\u00f3 k\u00e9sz\u00fcl\u00e9kek gy\u00e1rt\u00f3j\u00e1nak adatv\u00e9delmi ir\u00e1nyelvei.\" \/>\n<meta property=\"og:url\" content=\"https:\/\/helim.eu\/hu\/adatvedelmi-iranyelvek\/\" \/>\n<meta property=\"og:site_name\" content=\"Helim - Leak Test Solutions\" \/>\n<meta property=\"article:publisher\" content=\"https:\/\/www.facebook.com\/profile.php?id=61574206138313\" \/>\n<meta property=\"article:modified_time\" content=\"2025-05-11T06:37:39+00:00\" \/>\n<meta name=\"twitter:card\" content=\"summary_large_image\" \/>\n<meta name=\"twitter:label1\" content=\"Becs\u00fclt olvas\u00e1si id\u0151\" \/>\n\t<meta name=\"twitter:data1\" content=\"6 perc\" \/>\n<script type=\"application\/ld+json\" class=\"yoast-schema-graph\">{\"@context\":\"https:\\\/\\\/schema.org\",\"@graph\":[{\"@type\":\"WebPage\",\"@id\":\"https:\\\/\\\/helim.eu\\\/hu\\\/adatvedelmi-iranyelvek\\\/\",\"url\":\"https:\\\/\\\/helim.eu\\\/hu\\\/adatvedelmi-iranyelvek\\\/\",\"name\":\"Adatv\u00e9delmi ir\u00e1nyelvek - Helim - Leak Test Solutions\",\"isPartOf\":{\"@id\":\"https:\\\/\\\/helim.eu\\\/hu\\\/#website\"},\"datePublished\":\"2025-01-22T17:30:34+00:00\",\"dateModified\":\"2025-05-11T06:37:39+00:00\",\"description\":\"A Helim - elektromos \u00e9s hibrid j\u00e1rm\u0171vekhez, k\u00fcl\u00f6n\u00f6sen a m\u0171helyek \u00e9s az ipar sz\u00e1m\u00e1ra gy\u00e1rtott akkumul\u00e1tor sziv\u00e1rg\u00e1svizsg\u00e1l\u00f3 k\u00e9sz\u00fcl\u00e9kek gy\u00e1rt\u00f3j\u00e1nak adatv\u00e9delmi ir\u00e1nyelvei.\",\"breadcrumb\":{\"@id\":\"https:\\\/\\\/helim.eu\\\/hu\\\/adatvedelmi-iranyelvek\\\/#breadcrumb\"},\"inLanguage\":\"hu\",\"potentialAction\":[{\"@type\":\"ReadAction\",\"target\":[\"https:\\\/\\\/helim.eu\\\/hu\\\/adatvedelmi-iranyelvek\\\/\"]}]},{\"@type\":\"BreadcrumbList\",\"@id\":\"https:\\\/\\\/helim.eu\\\/hu\\\/adatvedelmi-iranyelvek\\\/#breadcrumb\",\"itemListElement\":[{\"@type\":\"ListItem\",\"position\":1,\"name\":\"Startseite\",\"item\":\"https:\\\/\\\/helim.eu\\\/hu\\\/\"},{\"@type\":\"ListItem\",\"position\":2,\"name\":\"Adatv\u00e9delmi ir\u00e1nyelvek\"}]},{\"@type\":\"WebSite\",\"@id\":\"https:\\\/\\\/helim.eu\\\/hu\\\/#website\",\"url\":\"https:\\\/\\\/helim.eu\\\/hu\\\/\",\"name\":\"Helim - Leak Test Solutions\",\"description\":\"EV Battery Leaktester\",\"publisher\":{\"@id\":\"https:\\\/\\\/helim.eu\\\/hu\\\/#organization\"},\"potentialAction\":[{\"@type\":\"SearchAction\",\"target\":{\"@type\":\"EntryPoint\",\"urlTemplate\":\"https:\\\/\\\/helim.eu\\\/hu\\\/?s={search_term_string}\"},\"query-input\":{\"@type\":\"PropertyValueSpecification\",\"valueRequired\":true,\"valueName\":\"search_term_string\"}}],\"inLanguage\":\"hu\"},{\"@type\":\"Organization\",\"@id\":\"https:\\\/\\\/helim.eu\\\/hu\\\/#organization\",\"name\":\"Helim\",\"url\":\"https:\\\/\\\/helim.eu\\\/hu\\\/\",\"logo\":{\"@type\":\"ImageObject\",\"inLanguage\":\"hu\",\"@id\":\"https:\\\/\\\/helim.eu\\\/hu\\\/#\\\/schema\\\/logo\\\/image\\\/\",\"url\":\"https:\\\/\\\/helim.eu\\\/wp-content\\\/uploads\\\/2025\\\/03\\\/helim-logo-r-w-600-600-rand.png\",\"contentUrl\":\"https:\\\/\\\/helim.eu\\\/wp-content\\\/uploads\\\/2025\\\/03\\\/helim-logo-r-w-600-600-rand.png\",\"width\":600,\"height\":600,\"caption\":\"Helim\"},\"image\":{\"@id\":\"https:\\\/\\\/helim.eu\\\/hu\\\/#\\\/schema\\\/logo\\\/image\\\/\"},\"sameAs\":[\"https:\\\/\\\/www.facebook.com\\\/profile.php?id=61574206138313\"]}]}<\/script>\n<!-- \/ Yoast SEO plugin. -->","yoast_head_json":{"title":"Adatv\u00e9delmi ir\u00e1nyelvek - Helim - Leak Test Solutions","description":"A Helim - elektromos \u00e9s hibrid j\u00e1rm\u0171vekhez, k\u00fcl\u00f6n\u00f6sen a m\u0171helyek \u00e9s az ipar sz\u00e1m\u00e1ra gy\u00e1rtott akkumul\u00e1tor sziv\u00e1rg\u00e1svizsg\u00e1l\u00f3 k\u00e9sz\u00fcl\u00e9kek gy\u00e1rt\u00f3j\u00e1nak adatv\u00e9delmi ir\u00e1nyelvei.","robots":{"index":"index","follow":"follow","max-snippet":"max-snippet:-1","max-image-preview":"max-image-preview:large","max-video-preview":"max-video-preview:-1"},"canonical":"https:\/\/helim.eu\/hu\/adatvedelmi-iranyelvek\/","og_locale":"hu_HU","og_type":"article","og_title":"Adatv\u00e9delmi ir\u00e1nyelvek - Helim - Leak Test Solutions","og_description":"A Helim - elektromos \u00e9s hibrid j\u00e1rm\u0171vekhez, k\u00fcl\u00f6n\u00f6sen a m\u0171helyek \u00e9s az ipar sz\u00e1m\u00e1ra gy\u00e1rtott akkumul\u00e1tor sziv\u00e1rg\u00e1svizsg\u00e1l\u00f3 k\u00e9sz\u00fcl\u00e9kek gy\u00e1rt\u00f3j\u00e1nak adatv\u00e9delmi ir\u00e1nyelvei.","og_url":"https:\/\/helim.eu\/hu\/adatvedelmi-iranyelvek\/","og_site_name":"Helim - Leak Test Solutions","article_publisher":"https:\/\/www.facebook.com\/profile.php?id=61574206138313","article_modified_time":"2025-05-11T06:37:39+00:00","twitter_card":"summary_large_image","twitter_misc":{"Becs\u00fclt olvas\u00e1si id\u0151":"6 perc"},"schema":{"@context":"https:\/\/schema.org","@graph":[{"@type":"WebPage","@id":"https:\/\/helim.eu\/hu\/adatvedelmi-iranyelvek\/","url":"https:\/\/helim.eu\/hu\/adatvedelmi-iranyelvek\/","name":"Adatv\u00e9delmi ir\u00e1nyelvek - Helim - Leak Test Solutions","isPartOf":{"@id":"https:\/\/helim.eu\/hu\/#website"},"datePublished":"2025-01-22T17:30:34+00:00","dateModified":"2025-05-11T06:37:39+00:00","description":"A Helim - elektromos \u00e9s hibrid j\u00e1rm\u0171vekhez, k\u00fcl\u00f6n\u00f6sen a m\u0171helyek \u00e9s az ipar sz\u00e1m\u00e1ra gy\u00e1rtott akkumul\u00e1tor sziv\u00e1rg\u00e1svizsg\u00e1l\u00f3 k\u00e9sz\u00fcl\u00e9kek gy\u00e1rt\u00f3j\u00e1nak adatv\u00e9delmi ir\u00e1nyelvei.","breadcrumb":{"@id":"https:\/\/helim.eu\/hu\/adatvedelmi-iranyelvek\/#breadcrumb"},"inLanguage":"hu","potentialAction":[{"@type":"ReadAction","target":["https:\/\/helim.eu\/hu\/adatvedelmi-iranyelvek\/"]}]},{"@type":"BreadcrumbList","@id":"https:\/\/helim.eu\/hu\/adatvedelmi-iranyelvek\/#breadcrumb","itemListElement":[{"@type":"ListItem","position":1,"name":"Startseite","item":"https:\/\/helim.eu\/hu\/"},{"@type":"ListItem","position":2,"name":"Adatv\u00e9delmi ir\u00e1nyelvek"}]},{"@type":"WebSite","@id":"https:\/\/helim.eu\/hu\/#website","url":"https:\/\/helim.eu\/hu\/","name":"Helim - Leak Test Solutions","description":"EV Battery Leaktester","publisher":{"@id":"https:\/\/helim.eu\/hu\/#organization"},"potentialAction":[{"@type":"SearchAction","target":{"@type":"EntryPoint","urlTemplate":"https:\/\/helim.eu\/hu\/?s={search_term_string}"},"query-input":{"@type":"PropertyValueSpecification","valueRequired":true,"valueName":"search_term_string"}}],"inLanguage":"hu"},{"@type":"Organization","@id":"https:\/\/helim.eu\/hu\/#organization","name":"Helim","url":"https:\/\/helim.eu\/hu\/","logo":{"@type":"ImageObject","inLanguage":"hu","@id":"https:\/\/helim.eu\/hu\/#\/schema\/logo\/image\/","url":"https:\/\/helim.eu\/wp-content\/uploads\/2025\/03\/helim-logo-r-w-600-600-rand.png","contentUrl":"https:\/\/helim.eu\/wp-content\/uploads\/2025\/03\/helim-logo-r-w-600-600-rand.png","width":600,"height":600,"caption":"Helim"},"image":{"@id":"https:\/\/helim.eu\/hu\/#\/schema\/logo\/image\/"},"sameAs":["https:\/\/www.facebook.com\/profile.php?id=61574206138313"]}]}},"_links":{"self":[{"href":"https:\/\/helim.eu\/hu\/wp-json\/wp\/v2\/pages\/2334","targetHints":{"allow":["GET"]}}],"collection":[{"href":"https:\/\/helim.eu\/hu\/wp-json\/wp\/v2\/pages"}],"about":[{"href":"https:\/\/helim.eu\/hu\/wp-json\/wp\/v2\/types\/page"}],"author":[{"embeddable":true,"href":"https:\/\/helim.eu\/hu\/wp-json\/wp\/v2\/users\/1"}],"replies":[{"embeddable":true,"href":"https:\/\/helim.eu\/hu\/wp-json\/wp\/v2\/comments?post=2334"}],"version-history":[{"count":7,"href":"https:\/\/helim.eu\/hu\/wp-json\/wp\/v2\/pages\/2334\/revisions"}],"predecessor-version":[{"id":2998,"href":"https:\/\/helim.eu\/hu\/wp-json\/wp\/v2\/pages\/2334\/revisions\/2998"}],"wp:attachment":[{"href":"https:\/\/helim.eu\/hu\/wp-json\/wp\/v2\/media?parent=2334"}],"curies":[{"name":"wp","href":"https:\/\/api.w.org\/{rel}","templated":true}]}}