{"id":2313,"date":"2025-03-12T11:03:16","date_gmt":"2025-03-12T11:03:16","guid":{"rendered":"https:\/\/helim.eu\/impresszum\/"},"modified":"2025-04-11T13:15:54","modified_gmt":"2025-04-11T13:15:54","slug":"impresszum","status":"publish","type":"page","link":"https:\/\/helim.eu\/hu\/impresszum\/","title":{"rendered":"Impresszum"},"content":{"rendered":"<div id='av_section_1'  class='avia-section av-85sg-9253af3811e26d8c58991fb476b4cd22 main_color avia-section-default avia-no-border-styling  avia-builder-el-0  avia-builder-el-no-sibling  avia-bg-style-scroll av-minimum-height av-minimum-height-custom av-height-custom  container_wrap fullsize'   data-av_minimum_height_px='700'><div class='container av-section-cont-open' style='height:700px'><main  role=\"main\" itemprop=\"mainContentOfPage\"  class='template-page content  av-content-full alpha units'><div class='post-entry post-entry-type-page post-entry-2313'><div class='entry-content-wrapper clearfix'>\n\n<style type=\"text\/css\" data-created_by=\"avia_inline_auto\" id=\"style-css-av-m7vp4u51-b406612f7e81a91b95aa156f5719d08d\">\n.flex_column.av-m7vp4u51-b406612f7e81a91b95aa156f5719d08d{\npadding:40px 0 0 0;\n}\n<\/style>\n<div  class='flex_column av-m7vp4u51-b406612f7e81a91b95aa156f5719d08d av_one_half  avia-builder-el-1  avia-builder-el-no-sibling  first flex_column_div  '     ><section  class='av_textblock_section av-42ho-1ab9d9e8948954851446949b3d030a10 '   itemscope=\"itemscope\" itemtype=\"https:\/\/schema.org\/CreativeWork\" ><div class='avia_textblock'  itemprop=\"text\" ><p data-start=\"251\" data-end=\"308\"><strong data-start=\"251\" data-end=\"306\">A TMG 5. \u00a7-a \/ 4. cikk szerinti t\u00e1j\u00e9koztat\u00e1s az e-kereskedelmi ir\u00e1nyelv alapj\u00e1n<\/strong><\/p>\n<p data-start=\"310\" data-end=\"451\"><strong data-start=\"310\" data-end=\"344\">A tartalom\u00e9rt felel\u0151s:<\/strong><\/p>\n<p data-start=\"310\" data-end=\"451\"><br class=\"avia-permanent-lb\"><br data-start=\"344\" data-end=\"347\"><strong data-start=\"347\" data-end=\"374\">NIROXX Engineering Kft.<\/strong><\/p>\n<p>Morozow sug\u00e1r\u00fat 12<br data-start=\"492\" data-end=\"495\">8220 P\u00e1fosz  <br data-start=\"492\" data-end=\"495\">Ciprus<\/p>\n<p><strong data-start=\"453\" data-end=\"465\">El\u00e9rhet\u0151s\u00e9g:<\/strong><br data-start=\"465\" data-end=\"468\">Telefon N\u00e9metorsz\u00e1g: +49 176 26 150 383<br data-start=\"492\" data-end=\"495\">Telefon Ciprus: +357 99 244 147<br data-start=\"519\" data-end=\"522\">E-mail: <a href=\"mailto:info@helim.eu\">info@helim.eu<\/a><br data-start=\"519\" data-end=\"522\">Weboldal: <a href=\"http:\/\/www.helim.eu\" target=\"_new\" rel=\"noopener\">www.helim.eu<\/a><\/p>\n<p data-start=\"550\" data-end=\"723\"><strong data-start=\"550\" data-end=\"585\">Kereskedelmi nyilv\u00e1ntart\u00e1si \u00e9s ad\u00f3sz\u00e1m:<\/strong><br data-start=\"585\" data-end=\"588\">Kereskedelmi nyilv\u00e1ntart\u00e1s: HE 464680<br data-start=\"621\" data-end=\"624\">Nyilv\u00e1ntart\u00f3 b\u00edr\u00f3s\u00e1g: Paphos District Court<br data-start=\"672\" data-end=\"675\">H\u00c9A-azonos\u00edt\u00f3: CY60096432B<\/p>\n<p data-start=\"550\" data-end=\"723\">\n<p data-start=\"725\" data-end=\"777\"><strong data-start=\"725\" data-end=\"745\">\u00dcgyvezet\u0151 igazgat\u00f3:<\/strong><br data-start=\"745\" data-end=\"748\">Alexei Keller<\/p>\n<h4 data-start=\"702\" data-end=\"732\"><strong data-start=\"707\" data-end=\"730\">Felel\u0151ss\u00e9gi nyilatkozat:<\/strong><\/h4>\n<p data-start=\"733\" data-end=\"1165\">A weboldal tartalm\u00e1t a lehet\u0151 legnagyobb gondoss\u00e1ggal \u00e1ll\u00edtottuk \u00f6ssze. A tartalom pontoss\u00e1g\u00e1\u00e9rt, teljess\u00e9g\u00e9\u00e9rt \u00e9s aktualit\u00e1s\u00e1\u00e9rt azonban nem v\u00e1llalunk felel\u0151ss\u00e9get. Szolg\u00e1ltat\u00f3k\u00e9nt az \u00e1ltal\u00e1nos jogszab\u00e1lyoknak megfelel\u0151en saj\u00e1t magunk felel\u00fcnk az oldalakon tal\u00e1lhat\u00f3 tartalmak\u00e9rt. A k\u00fcls\u0151 linkek tartalm\u00e1\u00e9rt nem v\u00e1llalunk felel\u0151ss\u00e9get. A hivatkozott oldalak tartalm\u00e1\u00e9rt kiz\u00e1r\u00f3lag a hivatkozott oldalak \u00fczemeltet\u0151i felel\u0151sek.    <\/p>\n<h4 data-start=\"1167\" data-end=\"1191\"><strong data-start=\"1172\" data-end=\"1189\">Szerz\u0151i jog:<\/strong><\/h4>\n<p data-start=\"1192\" data-end=\"1466\">A weboldalon tal\u00e1lhat\u00f3, a weboldal \u00fczemeltet\u0151je \u00e1ltal l\u00e9trehozott tartalmak \u00e9s m\u0171vek szerz\u0151i jogv\u00e9delem alatt \u00e1llnak. Az ilyen anyagok sokszoros\u00edt\u00e1s\u00e1hoz, feldolgoz\u00e1s\u00e1hoz, terjeszt\u00e9s\u00e9hez vagy b\u00e1rmilyen, a szerz\u0151i jog hat\u00e1ly\u00e1n t\u00fali kereskedelmi forgalomba hozatal\u00e1hoz az adott szerz\u0151 vagy alkot\u00f3 el\u0151zetes \u00edr\u00e1sbeli hozz\u00e1j\u00e1rul\u00e1sa sz\u00fcks\u00e9ges. <\/p>\n<h4 data-start=\"1468\" data-end=\"1491\"><strong data-start=\"1473\" data-end=\"1489\">Adatv\u00e9delem:<\/strong><\/h4>\n<p data-start=\"1492\" data-end=\"1606\">A szem\u00e9lyes adatok feldolgoz\u00e1s\u00e1nak r\u00e9szletei megtal\u00e1lhat\u00f3k a k\u00f6vetkez\u0151 dokumentumokban <strong data-start=\"1563\" data-end=\"1603\"><a href=\"https:\/\/helim.eu\/privacy-policy\/\" rel=\"noopener\" data-start=\"1565\" data-end=\"1601\">adatv\u00e9delmi szab\u00e1lyzatban<\/a><\/strong>.<\/p>\n<\/div><\/section><\/div>\n","protected":false},"excerpt":{"rendered":"","protected":false},"author":1,"featured_media":0,"parent":0,"menu_order":0,"comment_status":"closed","ping_status":"open","template":"","meta":{"footnotes":""},"class_list":["post-2313","page","type-page","status-publish","hentry"],"yoast_head":"<!-- This site is optimized with the Yoast SEO plugin v27.5 - https:\/\/yoast.com\/product\/yoast-seo-wordpress\/ -->\n<title>Impresszum - Helim - Leak Test Solutions<\/title>\n<meta name=\"robots\" content=\"index, follow, max-snippet:-1, max-image-preview:large, max-video-preview:-1\" \/>\n<link rel=\"canonical\" href=\"https:\/\/helim.eu\/hu\/impresszum\/\" \/>\n<meta property=\"og:locale\" content=\"hu_HU\" \/>\n<meta property=\"og:type\" content=\"article\" \/>\n<meta property=\"og:title\" content=\"Impresszum - Helim - Leak Test Solutions\" \/>\n<meta property=\"og:url\" content=\"https:\/\/helim.eu\/hu\/impresszum\/\" \/>\n<meta property=\"og:site_name\" content=\"Helim - Leak Test Solutions\" \/>\n<meta property=\"article:publisher\" content=\"https:\/\/www.facebook.com\/profile.php?id=61574206138313\" \/>\n<meta property=\"article:modified_time\" content=\"2025-04-11T13:15:54+00:00\" \/>\n<meta name=\"twitter:card\" content=\"summary_large_image\" \/>\n<meta name=\"twitter:label1\" content=\"Becs\u00fclt olvas\u00e1si id\u0151\" \/>\n\t<meta name=\"twitter:data1\" content=\"6 perc\" \/>\n<script type=\"application\/ld+json\" class=\"yoast-schema-graph\">{\"@context\":\"https:\\\/\\\/schema.org\",\"@graph\":[{\"@type\":\"WebPage\",\"@id\":\"https:\\\/\\\/helim.eu\\\/hu\\\/impresszum\\\/\",\"url\":\"https:\\\/\\\/helim.eu\\\/hu\\\/impresszum\\\/\",\"name\":\"Impresszum - Helim - Leak Test Solutions\",\"isPartOf\":{\"@id\":\"https:\\\/\\\/helim.eu\\\/hu\\\/#website\"},\"datePublished\":\"2025-03-12T11:03:16+00:00\",\"dateModified\":\"2025-04-11T13:15:54+00:00\",\"breadcrumb\":{\"@id\":\"https:\\\/\\\/helim.eu\\\/hu\\\/impresszum\\\/#breadcrumb\"},\"inLanguage\":\"hu\",\"potentialAction\":[{\"@type\":\"ReadAction\",\"target\":[\"https:\\\/\\\/helim.eu\\\/hu\\\/impresszum\\\/\"]}]},{\"@type\":\"BreadcrumbList\",\"@id\":\"https:\\\/\\\/helim.eu\\\/hu\\\/impresszum\\\/#breadcrumb\",\"itemListElement\":[{\"@type\":\"ListItem\",\"position\":1,\"name\":\"Startseite\",\"item\":\"https:\\\/\\\/helim.eu\\\/hu\\\/\"},{\"@type\":\"ListItem\",\"position\":2,\"name\":\"Impresszum\"}]},{\"@type\":\"WebSite\",\"@id\":\"https:\\\/\\\/helim.eu\\\/hu\\\/#website\",\"url\":\"https:\\\/\\\/helim.eu\\\/hu\\\/\",\"name\":\"Helim - Leak Test Solutions\",\"description\":\"EV Battery Leaktester\",\"publisher\":{\"@id\":\"https:\\\/\\\/helim.eu\\\/hu\\\/#organization\"},\"potentialAction\":[{\"@type\":\"SearchAction\",\"target\":{\"@type\":\"EntryPoint\",\"urlTemplate\":\"https:\\\/\\\/helim.eu\\\/hu\\\/?s={search_term_string}\"},\"query-input\":{\"@type\":\"PropertyValueSpecification\",\"valueRequired\":true,\"valueName\":\"search_term_string\"}}],\"inLanguage\":\"hu\"},{\"@type\":\"Organization\",\"@id\":\"https:\\\/\\\/helim.eu\\\/hu\\\/#organization\",\"name\":\"Helim\",\"url\":\"https:\\\/\\\/helim.eu\\\/hu\\\/\",\"logo\":{\"@type\":\"ImageObject\",\"inLanguage\":\"hu\",\"@id\":\"https:\\\/\\\/helim.eu\\\/hu\\\/#\\\/schema\\\/logo\\\/image\\\/\",\"url\":\"https:\\\/\\\/helim.eu\\\/wp-content\\\/uploads\\\/2025\\\/03\\\/helim-logo-r-w-600-600-rand.png\",\"contentUrl\":\"https:\\\/\\\/helim.eu\\\/wp-content\\\/uploads\\\/2025\\\/03\\\/helim-logo-r-w-600-600-rand.png\",\"width\":600,\"height\":600,\"caption\":\"Helim\"},\"image\":{\"@id\":\"https:\\\/\\\/helim.eu\\\/hu\\\/#\\\/schema\\\/logo\\\/image\\\/\"},\"sameAs\":[\"https:\\\/\\\/www.facebook.com\\\/profile.php?id=61574206138313\"]}]}<\/script>\n<!-- \/ Yoast SEO plugin. -->","yoast_head_json":{"title":"Impresszum - Helim - Leak Test Solutions","robots":{"index":"index","follow":"follow","max-snippet":"max-snippet:-1","max-image-preview":"max-image-preview:large","max-video-preview":"max-video-preview:-1"},"canonical":"https:\/\/helim.eu\/hu\/impresszum\/","og_locale":"hu_HU","og_type":"article","og_title":"Impresszum - Helim - Leak Test Solutions","og_url":"https:\/\/helim.eu\/hu\/impresszum\/","og_site_name":"Helim - Leak Test Solutions","article_publisher":"https:\/\/www.facebook.com\/profile.php?id=61574206138313","article_modified_time":"2025-04-11T13:15:54+00:00","twitter_card":"summary_large_image","twitter_misc":{"Becs\u00fclt olvas\u00e1si id\u0151":"6 perc"},"schema":{"@context":"https:\/\/schema.org","@graph":[{"@type":"WebPage","@id":"https:\/\/helim.eu\/hu\/impresszum\/","url":"https:\/\/helim.eu\/hu\/impresszum\/","name":"Impresszum - Helim - Leak Test Solutions","isPartOf":{"@id":"https:\/\/helim.eu\/hu\/#website"},"datePublished":"2025-03-12T11:03:16+00:00","dateModified":"2025-04-11T13:15:54+00:00","breadcrumb":{"@id":"https:\/\/helim.eu\/hu\/impresszum\/#breadcrumb"},"inLanguage":"hu","potentialAction":[{"@type":"ReadAction","target":["https:\/\/helim.eu\/hu\/impresszum\/"]}]},{"@type":"BreadcrumbList","@id":"https:\/\/helim.eu\/hu\/impresszum\/#breadcrumb","itemListElement":[{"@type":"ListItem","position":1,"name":"Startseite","item":"https:\/\/helim.eu\/hu\/"},{"@type":"ListItem","position":2,"name":"Impresszum"}]},{"@type":"WebSite","@id":"https:\/\/helim.eu\/hu\/#website","url":"https:\/\/helim.eu\/hu\/","name":"Helim - Leak Test Solutions","description":"EV Battery Leaktester","publisher":{"@id":"https:\/\/helim.eu\/hu\/#organization"},"potentialAction":[{"@type":"SearchAction","target":{"@type":"EntryPoint","urlTemplate":"https:\/\/helim.eu\/hu\/?s={search_term_string}"},"query-input":{"@type":"PropertyValueSpecification","valueRequired":true,"valueName":"search_term_string"}}],"inLanguage":"hu"},{"@type":"Organization","@id":"https:\/\/helim.eu\/hu\/#organization","name":"Helim","url":"https:\/\/helim.eu\/hu\/","logo":{"@type":"ImageObject","inLanguage":"hu","@id":"https:\/\/helim.eu\/hu\/#\/schema\/logo\/image\/","url":"https:\/\/helim.eu\/wp-content\/uploads\/2025\/03\/helim-logo-r-w-600-600-rand.png","contentUrl":"https:\/\/helim.eu\/wp-content\/uploads\/2025\/03\/helim-logo-r-w-600-600-rand.png","width":600,"height":600,"caption":"Helim"},"image":{"@id":"https:\/\/helim.eu\/hu\/#\/schema\/logo\/image\/"},"sameAs":["https:\/\/www.facebook.com\/profile.php?id=61574206138313"]}]}},"_links":{"self":[{"href":"https:\/\/helim.eu\/hu\/wp-json\/wp\/v2\/pages\/2313","targetHints":{"allow":["GET"]}}],"collection":[{"href":"https:\/\/helim.eu\/hu\/wp-json\/wp\/v2\/pages"}],"about":[{"href":"https:\/\/helim.eu\/hu\/wp-json\/wp\/v2\/types\/page"}],"author":[{"embeddable":true,"href":"https:\/\/helim.eu\/hu\/wp-json\/wp\/v2\/users\/1"}],"replies":[{"embeddable":true,"href":"https:\/\/helim.eu\/hu\/wp-json\/wp\/v2\/comments?post=2313"}],"version-history":[{"count":1,"href":"https:\/\/helim.eu\/hu\/wp-json\/wp\/v2\/pages\/2313\/revisions"}],"predecessor-version":[{"id":2316,"href":"https:\/\/helim.eu\/hu\/wp-json\/wp\/v2\/pages\/2313\/revisions\/2316"}],"wp:attachment":[{"href":"https:\/\/helim.eu\/hu\/wp-json\/wp\/v2\/media?parent=2313"}],"curies":[{"name":"wp","href":"https:\/\/api.w.org\/{rel}","templated":true}]}}