{"id":1197,"date":"2025-01-22T17:30:34","date_gmt":"2025-01-22T17:30:34","guid":{"rendered":"https:\/\/helim.eu\/tietosuojakaeytaentoe\/"},"modified":"2025-05-11T06:37:36","modified_gmt":"2025-05-11T06:37:36","slug":"tietosuojakaeytaentoe","status":"publish","type":"page","link":"https:\/\/helim.eu\/fi\/tietosuojakaeytaentoe\/","title":{"rendered":"Tietosuojak\u00e4yt\u00e4nt\u00f6"},"content":{"rendered":"<section  class='av_textblock_section av-m860qs28-1630095a5e4c5eb0929470a73e6b6410 '   itemscope=\"itemscope\" itemtype=\"https:\/\/schema.org\/CreativeWork\" ><div class='avia_textblock'  itemprop=\"text\" ><h2 data-pm-slice=\"1 1 []\">Tietosuojak\u00e4yt\u00e4nt\u00f6<\/h2>\n<h3>1. Yleist\u00e4<\/h3>\n<p>Henkil\u00f6tietojesi suojaaminen on meille t\u00e4rke\u00e4\u00e4. T\u00e4ss\u00e4 tietosuojak\u00e4yt\u00e4nn\u00f6ss\u00e4 selitet\u00e4\u00e4n, mit\u00e4 tietoja ker\u00e4\u00e4mme, miten k\u00e4yt\u00e4mme niit\u00e4 ja mit\u00e4 oikeuksia sinulla on. <\/p>\n<h3>2. tietojen k\u00e4sittelyst\u00e4 vastaava henkil\u00f6<\/h3>\n<p>NIROXX Engineering Ltd.<br \/>\n12 Morozow Avenue<br \/>\n8220 Pafos, Kypros<br \/>\nS\u00e4hk\u00f6posti: <a>info@niroxx.io<\/a><br \/>\nVerkkosivusto:   <a href=\"https:\/\/www.niroxx.io\">https:\/\/www.niroxx.io<\/a><\/p>\n<h3>3. hosting- ja palvelinlokitiedostot<\/h3>\n<p>Sivustomme is\u00e4nn\u00f6i Strato AG:<br \/>\n<strong>Strato AG<\/strong>, Pascalstra\u00dfe 10, 10587 Berliini, Saksa<\/p>\n<p>Kun vierailet verkkosivustollamme, hosting-palveluntarjoaja tallentaa automaattisesti seuraavat tiedot niin sanottuihin palvelimen lokitiedostoihin:<\/p>\n<ul data-spread=\"false\">\n<li>K\u00e4vij\u00e4n IP-osoite<\/li>\n<li>P\u00e4iv\u00e4m\u00e4\u00e4r\u00e4 ja kellonaika<\/li>\n<li>Selaimen tyyppi ja versio<\/li>\n<li>K\u00e4ytt\u00f6j\u00e4rjestelm\u00e4<\/li>\n<li>Referrer URL (aiemmin vierailtu sivu)<\/li>\n<\/ul>\n<p>N\u00e4it\u00e4 tietoja k\u00e4ytet\u00e4\u00e4n yksinomaan verkkosivuston turvallisuuteen ja tekniseen yll\u00e4pitoon, eik\u00e4 niit\u00e4 yhdistet\u00e4 muihin tietol\u00e4hteisiin. Tietoja s\u00e4ilytet\u00e4\u00e4n enint\u00e4\u00e4n 7 p\u00e4iv\u00e4\u00e4, mink\u00e4 j\u00e4lkeen ne poistetaan automaattisesti. <\/p>\n<h3>4. henkil\u00f6tietojen ker\u00e4\u00e4minen ja k\u00e4sittely<\/h3>\n<p>Ker\u00e4\u00e4mme henkil\u00f6tietoja vain, jos annat ne meille vapaaehtoisesti yhteydenottolomakkeella tai s\u00e4hk\u00f6postitse. T\u00e4m\u00e4 koskee erityisesti: <\/p>\n<ul data-spread=\"false\">\n<li>Nimi<\/li>\n<li>S\u00e4hk\u00f6postiosoite<\/li>\n<li>Puhelinnumero (jos annettu)<\/li>\n<li>Viestin sis\u00e4lt\u00f6<\/li>\n<li>K\u00e4ytt\u00e4j\u00e4tilin tiedot (jos rekister\u00f6itynyt)<\/li>\n<\/ul>\n<h3>5. tietojen k\u00e4sittelyn tarkoitus<\/h3>\n<p>Antamiasi tietoja k\u00e4ytet\u00e4\u00e4n ainoastaan kyselysi k\u00e4sittelyyn, yhteydenpitoon kanssasi ja palveluidemme parantamiseen.<\/p>\n<h3>6. kommentit<\/h3>\n<p>Kun k\u00e4vij\u00e4t kirjoittavat kommentteja verkkosivustolle, ker\u00e4\u00e4mme kommenttilomakkeessa n\u00e4kyv\u00e4t tiedot sek\u00e4 IP-osoitteen ja k\u00e4ytt\u00e4j\u00e4agenttijonon roskapostin tunnistamiseksi.<\/p>\n<h3>7. media<\/h3>\n<p>Jos lataat kuvia t\u00e4lle verkkosivustolle, sinun tulisi v\u00e4ltt\u00e4\u00e4 sellaisten kuvien lataamista, joihin on upotettu EXIF GPS-sijaintitietoja. Verkkosivuston k\u00e4vij\u00e4t voisivat poimia t\u00e4llaiset sijaintitiedot. <\/p>\n<h3>8. yhteydenottolomakkeet<\/h3>\n<p>Jos k\u00e4yt\u00e4t yhteydenottolomakettamme, s\u00e4ilyt\u00e4mme asiakaspalvelua varten toimitetut tiedot enint\u00e4\u00e4n 6 kuukauden ajan. N\u00e4it\u00e4 tietoja ei k\u00e4ytet\u00e4 markkinointitarkoituksiin. <\/p>\n<h3>9. ev\u00e4steet<\/h3>\n<p>Sivustomme k\u00e4ytt\u00e4\u00e4 ev\u00e4steit\u00e4. Ev\u00e4steet ovat pieni\u00e4 tekstitiedostoja, jotka tallennetaan laitteeseesi. <\/p>\n<p>K\u00e4ytt\u00e4mi\u00e4mme ev\u00e4steit\u00e4 ovat<\/p>\n<ul data-spread=\"false\">\n<li><strong>V\u00e4ltt\u00e4m\u00e4tt\u00f6m\u00e4t ev\u00e4steet<\/strong>: N\u00e4m\u00e4 ovat v\u00e4ltt\u00e4m\u00e4tt\u00f6mi\u00e4 verkkosivuston toiminnan kannalta.<\/li>\n<li><strong>Analyysi- ja markkinointiev\u00e4steet<\/strong>: Ne auttavat meit\u00e4 analysoimaan verkkosivustomme k\u00e4ytt\u00f6\u00e4 ja optimoimaan markkinointiamme.<\/li>\n<\/ul>\n<p>Voit poistaa ev\u00e4steiden tallentamisen k\u00e4yt\u00f6st\u00e4 selaimesi asetuksista.<\/p>\n<h3>10. analyysipalvelut<\/h3>\n<p>Verkkosivustomme k\u00e4ytt\u00e4\u00e4 Google Analyticsia, joka on Google Ireland Limitedin, Gordon House, Barrow Street, Dublin 4, Irlanti, tarjoama web-analyysipalvelu.<\/p>\n<p>Google Analytics k\u00e4ytt\u00e4\u00e4 ev\u00e4steit\u00e4 analysoidakseen verkkosivustomme k\u00e4ytt\u00f6\u00e4. Olemme aktivoineet IP-osoitteiden anonymisoinnin, jotta IP-osoitteesi typistet\u00e4\u00e4n EU:n tai ETA:n alueella ennen kuin se siirret\u00e4\u00e4n Googlelle. Voit est\u00e4\u00e4 ev\u00e4steiden tallentamisen valitsemalla asianmukaiset selainasetukset tai k\u00e4ytt\u00e4m\u00e4ll\u00e4 Google Analyticsin opt-out-lis\u00e4osaa.  <\/p>\n<p>Lis\u00e4tietoja: <a>https:\/\/policies.google.com\/privacy<\/a><\/p>\n<h3>11. tietojen luovuttaminen<\/h3>\n<p>Tietojasi ei luovuteta kolmansille osapuolille, paitsi jos:<\/p>\n<ul data-spread=\"false\">\n<li>Olet nimenomaisesti suostunut<\/li>\n<li>Siihen on oikeudellinen velvoite<\/li>\n<li>K\u00e4sittelyn suorittaa henkil\u00f6tietojen k\u00e4sittelij\u00e4 yleisen tietosuoja-asetuksen 28 artiklan mukaisesti.<\/li>\n<\/ul>\n<h3>12. varastointiaika<\/h3>\n<p>S\u00e4ilyt\u00e4mme henkil\u00f6tietoja vain niin kauan kuin se on tarpeen kyselysi k\u00e4sittelemiseksi tai niin kauan kuin lakis\u00e4\u00e4teiset s\u00e4ilytysvelvoitteet edellytt\u00e4v\u00e4t:<\/p>\n<ul data-spread=\"false\">\n<li>Yhteydenottolomakkeen tiedot: 6 kuukautta<\/li>\n<li>Analyysitiedot: 1 vuosi<\/li>\n<li>Tilaustiedot: 10 vuotta<\/li>\n<\/ul>\n<h3>13. mit\u00e4 oikeuksia sinulla on tietojasi kohtaan<\/h3>\n<p>Sinulla on seuraavat oikeudet:<\/p>\n<ul data-spread=\"false\">\n<li>Oikeus saada tietoja tallennetuista tiedoista<\/li>\n<li>Oikeus korjata virheelliset tiedot<\/li>\n<li>oikeus poistaa tietosi (edellytt\u00e4en, ett\u00e4 lakis\u00e4\u00e4teist\u00e4 s\u00e4ilytt\u00e4misvelvoitetta ei ole).<\/li>\n<li>Oikeus k\u00e4sittelyn rajoittamiseen<\/li>\n<li>Oikeus vastustaa k\u00e4sittely\u00e4<\/li>\n<li>Oikeus tietojen siirrett\u00e4vyyteen<\/li>\n<\/ul>\n<p>Ota meihin yhteytt\u00e4 osoitteeseen <a>info@niroxx.io<\/a>, jos haluat k\u00e4ytt\u00e4\u00e4 n\u00e4it\u00e4 oikeuksia.<\/p>\n<h3>14 Minne tietosi l\u00e4hetet\u00e4\u00e4n<\/h3>\n<p>K\u00e4yt\u00e4mme kolmansien osapuolten ty\u00f6kaluja ja palveluja, jotka saattavat k\u00e4sitell\u00e4 tietoja EU:n ulkopuolella. Varmistamme, ett\u00e4 n\u00e4m\u00e4 palveluntarjoajat noudattavat GDPR:\u00e4\u00e4: <\/p>\n<ul data-spread=\"false\">\n<li><strong>Google LLC (Google Analytics, Google Ads, reCAPTCHA)<\/strong>: Privacy Shield -sopimus (vuoteen 2020 saakka) ja vakiosopimuslausekkeet.<\/li>\n<li><strong>Mailchimp (uutiskirjeiden l\u00e4hett\u00e4minen)<\/strong>: Vakiosopimuslausekkeet<\/li>\n<\/ul>\n<h3>15. yhteystiedot<\/h3>\n<p>Ota meihin yhteytt\u00e4 tietosuojaan liittyviss\u00e4 asioissa osoitteessa:<br \/>\nS\u00e4hk\u00f6posti:  <a>info@niroxx.io<\/a><\/p>\n<h3>16. miten suojaamme tietojasi<\/h3>\n<p>K\u00e4yt\u00e4mme teknisi\u00e4 ja organisatorisia toimenpiteit\u00e4 tietojesi suojaamiseksi:<\/p>\n<ul data-spread=\"false\">\n<li>SSL\/TLS-salaus<\/li>\n<li>P\u00e4\u00e4syrajoitukset<\/li>\n<li>Kaksitekij\u00e4todennus (tarvittaessa)<\/li>\n<li>S\u00e4\u00e4nn\u00f6lliset tietoturvap\u00e4ivitykset<\/li>\n<\/ul>\n<h3>17. toimenpiteet tietoturvaloukkausten varalta<\/h3>\n<p>Tietosuojaloukkauksen sattuessa ilmoitamme siit\u00e4 asianomaisille k\u00e4ytt\u00e4jille ja toimivaltaisille tietosuojaviranomaisille lakis\u00e4\u00e4teisten s\u00e4\u00e4nn\u00f6sten mukaisesti.<\/p>\n<h3>18. milt\u00e4 kolmannen osapuolen palveluntarjoajilta saamme tietoja.<\/h3>\n<p>Emme vastaanota tietoja kolmansilta osapuolilta, joita ei mainita t\u00e4ss\u00e4 tietosuojak\u00e4yt\u00e4nn\u00f6ss\u00e4.<\/p>\n<h3>19 Automatisoitu p\u00e4\u00e4t\u00f6ksenteko<\/h3>\n<p>Verkkosivustomme ei tee automaattista p\u00e4\u00e4t\u00f6ksentekoa tai profilointia.<\/p>\n<h3>20. tietosuojak\u00e4yt\u00e4nn\u00f6n muutokset<\/h3>\n<p>Pid\u00e4t\u00e4mme oikeuden p\u00e4ivitt\u00e4\u00e4 t\u00e4t\u00e4 tietosuojak\u00e4yt\u00e4nt\u00f6\u00e4 tarvittaessa.<\/p>\n<p><strong>Tilanne: maaliskuu 2025<\/strong><\/p>\n<\/div><\/section>\n","protected":false},"excerpt":{"rendered":"","protected":false},"author":1,"featured_media":0,"parent":0,"menu_order":0,"comment_status":"closed","ping_status":"open","template":"","meta":{"footnotes":""},"class_list":["post-1197","page","type-page","status-publish","hentry"],"yoast_head":"<!-- This site is optimized with the Yoast SEO plugin v27.5 - https:\/\/yoast.com\/product\/yoast-seo-wordpress\/ -->\n<title>Tietosuojak\u00e4yt\u00e4nt\u00f6 - Helim - Vuototestausratkaisut<\/title>\n<meta name=\"description\" content=\"Helimin - s\u00e4hk\u00f6- ja hybridiajoneuvojen akkuvuodontestauslaitteiden valmistaja, erityisesti korjaamoille ja teollisuudelle - tietosuojak\u00e4yt\u00e4nt\u00f6.\" \/>\n<meta name=\"robots\" content=\"index, follow, max-snippet:-1, max-image-preview:large, max-video-preview:-1\" \/>\n<link rel=\"canonical\" href=\"https:\/\/helim.eu\/fi\/tietosuojakaeytaentoe\/\" \/>\n<meta property=\"og:locale\" content=\"fi_FI\" \/>\n<meta property=\"og:type\" content=\"article\" \/>\n<meta property=\"og:title\" content=\"Tietosuojak\u00e4yt\u00e4nt\u00f6 - Helim - Vuototestausratkaisut\" \/>\n<meta property=\"og:description\" content=\"Helimin - s\u00e4hk\u00f6- ja hybridiajoneuvojen akkuvuodontestauslaitteiden valmistaja, erityisesti korjaamoille ja teollisuudelle - tietosuojak\u00e4yt\u00e4nt\u00f6.\" \/>\n<meta property=\"og:url\" content=\"https:\/\/helim.eu\/fi\/tietosuojakaeytaentoe\/\" \/>\n<meta property=\"og:site_name\" content=\"Helim - Vuototestausratkaisut\" \/>\n<meta property=\"article:publisher\" content=\"https:\/\/www.facebook.com\/profile.php?id=61574206138313\" \/>\n<meta property=\"article:modified_time\" content=\"2025-05-11T06:37:36+00:00\" \/>\n<meta name=\"twitter:card\" content=\"summary_large_image\" \/>\n<meta name=\"twitter:label1\" content=\"Arvioitu lukuaika\" \/>\n\t<meta name=\"twitter:data1\" content=\"4 minuuttia\" \/>\n<script type=\"application\/ld+json\" class=\"yoast-schema-graph\">{\"@context\":\"https:\\\/\\\/schema.org\",\"@graph\":[{\"@type\":\"WebPage\",\"@id\":\"https:\\\/\\\/helim.eu\\\/fi\\\/tietosuojakaeytaentoe\\\/\",\"url\":\"https:\\\/\\\/helim.eu\\\/fi\\\/tietosuojakaeytaentoe\\\/\",\"name\":\"Tietosuojak\u00e4yt\u00e4nt\u00f6 - Helim - Vuototestausratkaisut\",\"isPartOf\":{\"@id\":\"https:\\\/\\\/helim.eu\\\/fi\\\/#website\"},\"datePublished\":\"2025-01-22T17:30:34+00:00\",\"dateModified\":\"2025-05-11T06:37:36+00:00\",\"description\":\"Helimin - s\u00e4hk\u00f6- ja hybridiajoneuvojen akkuvuodontestauslaitteiden valmistaja, erityisesti korjaamoille ja teollisuudelle - tietosuojak\u00e4yt\u00e4nt\u00f6.\",\"breadcrumb\":{\"@id\":\"https:\\\/\\\/helim.eu\\\/fi\\\/tietosuojakaeytaentoe\\\/#breadcrumb\"},\"inLanguage\":\"fi\",\"potentialAction\":[{\"@type\":\"ReadAction\",\"target\":[\"https:\\\/\\\/helim.eu\\\/fi\\\/tietosuojakaeytaentoe\\\/\"]}]},{\"@type\":\"BreadcrumbList\",\"@id\":\"https:\\\/\\\/helim.eu\\\/fi\\\/tietosuojakaeytaentoe\\\/#breadcrumb\",\"itemListElement\":[{\"@type\":\"ListItem\",\"position\":1,\"name\":\"Startseite\",\"item\":\"https:\\\/\\\/helim.eu\\\/fi\\\/\"},{\"@type\":\"ListItem\",\"position\":2,\"name\":\"Tietosuojak\u00e4yt\u00e4nt\u00f6\"}]},{\"@type\":\"WebSite\",\"@id\":\"https:\\\/\\\/helim.eu\\\/fi\\\/#website\",\"url\":\"https:\\\/\\\/helim.eu\\\/fi\\\/\",\"name\":\"Helim - Leak Test Solutions\",\"description\":\"EV-akun vuototesti\",\"publisher\":{\"@id\":\"https:\\\/\\\/helim.eu\\\/fi\\\/#organization\"},\"potentialAction\":[{\"@type\":\"SearchAction\",\"target\":{\"@type\":\"EntryPoint\",\"urlTemplate\":\"https:\\\/\\\/helim.eu\\\/fi\\\/?s={search_term_string}\"},\"query-input\":{\"@type\":\"PropertyValueSpecification\",\"valueRequired\":true,\"valueName\":\"search_term_string\"}}],\"inLanguage\":\"fi\"},{\"@type\":\"Organization\",\"@id\":\"https:\\\/\\\/helim.eu\\\/fi\\\/#organization\",\"name\":\"Helim\",\"url\":\"https:\\\/\\\/helim.eu\\\/fi\\\/\",\"logo\":{\"@type\":\"ImageObject\",\"inLanguage\":\"fi\",\"@id\":\"https:\\\/\\\/helim.eu\\\/fi\\\/#\\\/schema\\\/logo\\\/image\\\/\",\"url\":\"https:\\\/\\\/helim.eu\\\/wp-content\\\/uploads\\\/2025\\\/03\\\/helim-logo-r-w-600-600-rand.png\",\"contentUrl\":\"https:\\\/\\\/helim.eu\\\/wp-content\\\/uploads\\\/2025\\\/03\\\/helim-logo-r-w-600-600-rand.png\",\"width\":600,\"height\":600,\"caption\":\"Helim\"},\"image\":{\"@id\":\"https:\\\/\\\/helim.eu\\\/fi\\\/#\\\/schema\\\/logo\\\/image\\\/\"},\"sameAs\":[\"https:\\\/\\\/www.facebook.com\\\/profile.php?id=61574206138313\"]}]}<\/script>\n<!-- \/ Yoast SEO plugin. -->","yoast_head_json":{"title":"Tietosuojak\u00e4yt\u00e4nt\u00f6 - Helim - Vuototestausratkaisut","description":"Helimin - s\u00e4hk\u00f6- ja hybridiajoneuvojen akkuvuodontestauslaitteiden valmistaja, erityisesti korjaamoille ja teollisuudelle - tietosuojak\u00e4yt\u00e4nt\u00f6.","robots":{"index":"index","follow":"follow","max-snippet":"max-snippet:-1","max-image-preview":"max-image-preview:large","max-video-preview":"max-video-preview:-1"},"canonical":"https:\/\/helim.eu\/fi\/tietosuojakaeytaentoe\/","og_locale":"fi_FI","og_type":"article","og_title":"Tietosuojak\u00e4yt\u00e4nt\u00f6 - Helim - Vuototestausratkaisut","og_description":"Helimin - s\u00e4hk\u00f6- ja hybridiajoneuvojen akkuvuodontestauslaitteiden valmistaja, erityisesti korjaamoille ja teollisuudelle - tietosuojak\u00e4yt\u00e4nt\u00f6.","og_url":"https:\/\/helim.eu\/fi\/tietosuojakaeytaentoe\/","og_site_name":"Helim - Vuototestausratkaisut","article_publisher":"https:\/\/www.facebook.com\/profile.php?id=61574206138313","article_modified_time":"2025-05-11T06:37:36+00:00","twitter_card":"summary_large_image","twitter_misc":{"Arvioitu lukuaika":"4 minuuttia"},"schema":{"@context":"https:\/\/schema.org","@graph":[{"@type":"WebPage","@id":"https:\/\/helim.eu\/fi\/tietosuojakaeytaentoe\/","url":"https:\/\/helim.eu\/fi\/tietosuojakaeytaentoe\/","name":"Tietosuojak\u00e4yt\u00e4nt\u00f6 - Helim - Vuototestausratkaisut","isPartOf":{"@id":"https:\/\/helim.eu\/fi\/#website"},"datePublished":"2025-01-22T17:30:34+00:00","dateModified":"2025-05-11T06:37:36+00:00","description":"Helimin - s\u00e4hk\u00f6- ja hybridiajoneuvojen akkuvuodontestauslaitteiden valmistaja, erityisesti korjaamoille ja teollisuudelle - tietosuojak\u00e4yt\u00e4nt\u00f6.","breadcrumb":{"@id":"https:\/\/helim.eu\/fi\/tietosuojakaeytaentoe\/#breadcrumb"},"inLanguage":"fi","potentialAction":[{"@type":"ReadAction","target":["https:\/\/helim.eu\/fi\/tietosuojakaeytaentoe\/"]}]},{"@type":"BreadcrumbList","@id":"https:\/\/helim.eu\/fi\/tietosuojakaeytaentoe\/#breadcrumb","itemListElement":[{"@type":"ListItem","position":1,"name":"Startseite","item":"https:\/\/helim.eu\/fi\/"},{"@type":"ListItem","position":2,"name":"Tietosuojak\u00e4yt\u00e4nt\u00f6"}]},{"@type":"WebSite","@id":"https:\/\/helim.eu\/fi\/#website","url":"https:\/\/helim.eu\/fi\/","name":"Helim - Leak Test Solutions","description":"EV-akun vuototesti","publisher":{"@id":"https:\/\/helim.eu\/fi\/#organization"},"potentialAction":[{"@type":"SearchAction","target":{"@type":"EntryPoint","urlTemplate":"https:\/\/helim.eu\/fi\/?s={search_term_string}"},"query-input":{"@type":"PropertyValueSpecification","valueRequired":true,"valueName":"search_term_string"}}],"inLanguage":"fi"},{"@type":"Organization","@id":"https:\/\/helim.eu\/fi\/#organization","name":"Helim","url":"https:\/\/helim.eu\/fi\/","logo":{"@type":"ImageObject","inLanguage":"fi","@id":"https:\/\/helim.eu\/fi\/#\/schema\/logo\/image\/","url":"https:\/\/helim.eu\/wp-content\/uploads\/2025\/03\/helim-logo-r-w-600-600-rand.png","contentUrl":"https:\/\/helim.eu\/wp-content\/uploads\/2025\/03\/helim-logo-r-w-600-600-rand.png","width":600,"height":600,"caption":"Helim"},"image":{"@id":"https:\/\/helim.eu\/fi\/#\/schema\/logo\/image\/"},"sameAs":["https:\/\/www.facebook.com\/profile.php?id=61574206138313"]}]}},"_links":{"self":[{"href":"https:\/\/helim.eu\/fi\/wp-json\/wp\/v2\/pages\/1197","targetHints":{"allow":["GET"]}}],"collection":[{"href":"https:\/\/helim.eu\/fi\/wp-json\/wp\/v2\/pages"}],"about":[{"href":"https:\/\/helim.eu\/fi\/wp-json\/wp\/v2\/types\/page"}],"author":[{"embeddable":true,"href":"https:\/\/helim.eu\/fi\/wp-json\/wp\/v2\/users\/1"}],"replies":[{"embeddable":true,"href":"https:\/\/helim.eu\/fi\/wp-json\/wp\/v2\/comments?post=1197"}],"version-history":[{"count":4,"href":"https:\/\/helim.eu\/fi\/wp-json\/wp\/v2\/pages\/1197\/revisions"}],"predecessor-version":[{"id":2881,"href":"https:\/\/helim.eu\/fi\/wp-json\/wp\/v2\/pages\/1197\/revisions\/2881"}],"wp:attachment":[{"href":"https:\/\/helim.eu\/fi\/wp-json\/wp\/v2\/media?parent=1197"}],"curies":[{"name":"wp","href":"https:\/\/api.w.org\/{rel}","templated":true}]}}