{"id":1194,"date":"2025-03-10T12:00:21","date_gmt":"2025-03-10T12:00:21","guid":{"rendered":"https:\/\/helim.eu\/ota-yhteyttae\/"},"modified":"2025-07-02T07:45:13","modified_gmt":"2025-07-02T07:45:13","slug":"ota-yhteyttae","status":"publish","type":"page","link":"https:\/\/helim.eu\/fi\/ota-yhteyttae\/","title":{"rendered":"Ota yhteytt\u00e4"},"content":{"rendered":"\n<style type=\"text\/css\" data-created_by=\"avia_inline_auto\" id=\"style-css-av-m7uj1yt0-e884c54767838f622762901d2299342f\">\n.avia-section.av-m7uj1yt0-e884c54767838f622762901d2299342f .av-parallax .av-parallax-inner{\nbackground-color:#e10800;\nbackground-image:url(https:\/\/helim.eu\/wp-content\/uploads\/2025\/03\/leaktest-battery-leakage-test-helim-10.png);\nbackground-repeat:no-repeat;\nbackground-position:100% 0%;\nbackground-attachment:scroll;\n}\n.avia-section.av-m7uj1yt0-e884c54767838f622762901d2299342f .av-section-color-overlay{\nopacity:0.6;\nbackground-color:#e10800;\n}\n#top .avia-section.av-m7uj1yt0-e884c54767838f622762901d2299342f .scroll-down-link{\ncolor:#ffffff;\n}\n<\/style>\n<div id='av_section_1'  class='avia-section av-m7uj1yt0-e884c54767838f622762901d2299342f main_color avia-section-default avia-no-border-styling  avia-builder-el-0  el_before_av_section  avia-builder-el-first  av-parallax-section avia-bg-style-parallax av-section-color-overlay-active av-minimum-height av-minimum-height-50 av-height-50  container_wrap fullsize'  data-section-bg-repeat='no-repeat' data-av_minimum_height_pc='50' data-av_min_height_opt='50'><div class='av-parallax' data-avia-parallax-ratio='0.3' ><div class='av-parallax-inner main_color avia-full-stretch'><\/div><\/div><div class=\"av-section-color-overlay-wrap\"><div class=\"av-section-color-overlay\"><\/div><a href='#next-section' title='' class='scroll-down-link av-custom-scroll-down-color' aria-hidden='true' data-av_icon='\ue877' data-av_iconfont='entypo-fontello'><\/a><div class='container av-section-cont-open' ><main  role=\"main\" itemprop=\"mainContentOfPage\"  class='template-page content  av-content-full alpha units'><div class='post-entry post-entry-type-page post-entry-1194'><div class='entry-content-wrapper clearfix'>\n\n<style type=\"text\/css\" data-created_by=\"avia_inline_auto\" id=\"style-css-av-4w6a-e4e2878a77dacf489fc1da314676a2c1\">\n.flex_column.av-4w6a-e4e2878a77dacf489fc1da314676a2c1{\npadding:50px 0 0 0;\n}\n<\/style>\n<div  class='flex_column av-4w6a-e4e2878a77dacf489fc1da314676a2c1 av_three_fifth  avia-builder-el-1  el_before_av_two_fifth  avia-builder-el-first  first flex_column_div av-parallax-object  ' data-parallax=\"{&quot;parallax&quot;:&quot;right_left&quot;,&quot;parallax_speed&quot;:&quot;40&quot;,&quot;av-desktop-parallax&quot;:&quot;inherit&quot;,&quot;av-desktop-parallax_speed&quot;:&quot;inherit&quot;,&quot;av-medium-parallax&quot;:&quot;inherit&quot;,&quot;av-medium-parallax_speed&quot;:&quot;inherit&quot;,&quot;av-small-parallax&quot;:&quot;inherit&quot;,&quot;av-small-parallax_speed&quot;:&quot;inherit&quot;,&quot;av-mini-parallax&quot;:&quot;inherit&quot;,&quot;av-mini-parallax_speed&quot;:&quot;inherit&quot;,&quot;parallax-container&quot;:&quot;.av-4w6a-e4e2878a77dacf489fc1da314676a2c1&quot;}\"    ><section  class='av_textblock_section av-m7uirohe-b57013c8e80d236f727e40edc1cd64b9 '   itemscope=\"itemscope\" itemtype=\"https:\/\/schema.org\/CreativeWork\" ><div class='avia_textblock'  itemprop=\"text\" ><h1><span style=\"color: #ffffff;\">Yhteydenottosi meihin<\/span><\/h1>\n<h1><\/h1>\n<\/div><\/section><br \/>\n\n<style type=\"text\/css\" data-created_by=\"avia_inline_auto\" id=\"style-css-av-m7yo0zzc-841ce2c2f2e477756d17ed2aad87f50e\">\n#top .hr.av-m7yo0zzc-841ce2c2f2e477756d17ed2aad87f50e{\nmargin-top:15px;\nmargin-bottom:15px;\n}\n.hr.av-m7yo0zzc-841ce2c2f2e477756d17ed2aad87f50e .hr-inner{\nwidth:50px;\n}\n<\/style>\n<div  class='hr av-m7yo0zzc-841ce2c2f2e477756d17ed2aad87f50e hr-custom  avia-builder-el-3  el_after_av_textblock  el_before_av_image  hr-center hr-icon-no'><span class='hr-inner inner-border-av-border-none'><span class=\"hr-inner-style\"><\/span><\/span><\/div><br \/>\n\n<style type=\"text\/css\" data-created_by=\"avia_inline_auto\" id=\"style-css-av-m7ynwwq1-5d57f91631eb2e26386d776bd9cec654\">\n.avia-image-container.av-m7ynwwq1-5d57f91631eb2e26386d776bd9cec654 img.avia_image{\nbox-shadow:none;\n}\n.avia-image-container.av-m7ynwwq1-5d57f91631eb2e26386d776bd9cec654 .av-image-caption-overlay-center{\ncolor:#ffffff;\n}\n<\/style>\n<div  class='avia-image-container av-m7ynwwq1-5d57f91631eb2e26386d776bd9cec654 av-styling- avia-align-left  avia-builder-el-4  el_after_av_hr  avia-builder-el-last '   itemprop=\"image\" itemscope=\"itemscope\" itemtype=\"https:\/\/schema.org\/ImageObject\" ><div class=\"avia-image-container-inner\"><div class=\"avia-image-overlay-wrap\"><img decoding=\"async\" fetchpriority=\"high\" class='wp-image-1152 avia-img-lazy-loading-not-1152 avia_image ' src=\"https:\/\/helim.eu\/wp-content\/uploads\/2025\/03\/helim-white-without-bg-600-300x92.png\" alt='' title='Leakage test EV battery - Helim - Logo 600'  height=\"92\" width=\"300\"  itemprop=\"thumbnailUrl\" srcset=\"https:\/\/helim.eu\/wp-content\/uploads\/2025\/03\/helim-white-without-bg-600-300x92.png 300w, https:\/\/helim.eu\/wp-content\/uploads\/2025\/03\/helim-white-without-bg-600.png 600w\" sizes=\"(max-width: 300px) 100vw, 300px\" \/><\/div><\/div><\/div><\/p><\/div><div  class='flex_column av-2v8g-3bf2cc19cd5a2b3ccf8dff553b817e7b av_two_fifth  avia-builder-el-5  el_after_av_three_fifth  avia-builder-el-last  flex_column_div av-parallax-object  ' data-parallax=\"{&quot;parallax&quot;:&quot;left_right&quot;,&quot;parallax_speed&quot;:&quot;&quot;,&quot;av-desktop-parallax&quot;:&quot;inherit&quot;,&quot;av-desktop-parallax_speed&quot;:&quot;inherit&quot;,&quot;av-medium-parallax&quot;:&quot;inherit&quot;,&quot;av-medium-parallax_speed&quot;:&quot;inherit&quot;,&quot;av-small-parallax&quot;:&quot;inherit&quot;,&quot;av-small-parallax_speed&quot;:&quot;inherit&quot;,&quot;av-mini-parallax&quot;:&quot;inherit&quot;,&quot;av-mini-parallax_speed&quot;:&quot;inherit&quot;,&quot;parallax-container&quot;:&quot;.av-2v8g-3bf2cc19cd5a2b3ccf8dff553b817e7b&quot;}\"    ><\/div>\n\n<\/div><\/div><\/main><!-- close content main element --><\/div><\/div><\/div><div id='av_section_2'  class='avia-section av-85sg-9253af3811e26d8c58991fb476b4cd22 main_color avia-section-default avia-no-border-styling  avia-builder-el-7  el_after_av_section  el_before_av_section  avia-bg-style-scroll av-minimum-height av-minimum-height-custom av-height-custom  container_wrap fullsize'   data-av_minimum_height_px='700'><div class='container av-section-cont-open' style='height:700px'><div class='template-page content  av-content-full alpha units'><div class='post-entry post-entry-type-page post-entry-1194'><div class='entry-content-wrapper clearfix'>\n<form action=\"https:\/\/helim.eu\/fi\/ota-yhteyttae\/\" method=\"post\" data-fields-with-error=\"Found errors in the following field(s):\" class=\"avia_ajax_form av-form-labels-visible   avia-builder-el-8  avia-builder-el-no-sibling  av-show-form-errors   \" data-avia-form-id=\"1\" data-avia-redirect='' ><h3 class=''>Ota yhteytt\u00e4 meihin<\/h3><fieldset><p class='  first_form  form_element form_fullwidth' id='element_avia_1_1'><label for=\"avia_1_1\">Nimi <abbr class=\"required\" title=\"required\">*<\/abbr><\/label> <input name=\"avia_1_1\" class=\"text_input is_empty\" type=\"text\" id=\"avia_1_1\" value=\"\" \/><\/p><p class='  first_form  form_element form_fullwidth' id='element_avia_2_1'><label for=\"avia_2_1\">s\u00e4hk\u00f6postiosoite <abbr class=\"required\" title=\"required\">*<\/abbr><\/label> <input name=\"avia_2_1\" class=\"text_input is_email\" type=\"text\" id=\"avia_2_1\" value=\"\" \/><\/p><p class='  first_form  form_element form_fullwidth' id='element_avia_3_1'><label for=\"avia_3_1\">Puhelin<\/label> <input name=\"avia_3_1\" class=\"text_input \" type=\"text\" id=\"avia_3_1\" value=\"\" \/><\/p><p class='  first_form  form_element form_fullwidth' id='element_avia_4_1'><label for=\"avia_4_1\">Aihe <abbr class=\"required\" title=\"required\">*<\/abbr><\/label><select  name=\"avia_4_1\" class=\"select is_empty\" id=\"avia_4_1\"><option   value='Tiedustelu akun vuototesteri'>Tiedustelu akun vuototesteri<\/option><option   value='tiedustelu muut vuototesterit'>tiedustelu muut vuototesterit<\/option><option   value='korjaus ja huolto'>korjaus ja huolto<\/option><\/select><\/p><p class='  first_form  form_element form_fullwidth' id='element_avia_5_1'><label for=\"avia_5_1\" class=\"textare_label hidden textare_label_avia_5_1\">Viesti <abbr class=\"required\" title=\"required\">*<\/abbr><\/label><textarea  name=\"avia_5_1\" class=\"text_area is_empty\" cols=\"40\" rows=\"7\" id=\"avia_5_1\" ><\/textarea><\/p><p class=\"hidden\"><input type=\"text\" name=\"avia_6_1\" class=\"hidden \" id=\"avia_6_1\" value=\"\" \/><\/p><p class='   form_element form_fullwidth' id='element_avia_7_1'><span class='value_verifier_label'>4 + 3 = ?<\/span><input name=\"avia_7_1_verifier\" type=\"hidden\" id=\"avia_7_1_verifier\" value=\"474487331\"\/><label for=\"avia_7_1\">Please prove that you are human by solving the equation <abbr class=\"required\" title=\"required\">*<\/abbr><\/label><input name=\"avia_7_1\" class=\"text_input captcha\" type=\"text\" id=\"avia_7_1\" value=\"\"\/><\/p><p class=\"form_element \"><input type=\"hidden\" value=\"1\" name=\"avia_generated_form1\" \/><input type=\"submit\" value=\"L\u00e4het\u00e4\" class=\"button\"  data-sending-label=\"Sending\"\/><\/p><\/fieldset><\/form><div id=\"ajaxresponse_1\" class=\"ajaxresponse ajaxresponse_1 hidden\"><\/div>\n<\/div><\/div><\/div><!-- close content main div --><\/div><\/div>\n<style type=\"text\/css\" data-created_by=\"avia_inline_auto\" id=\"style-css-av-m7vq220t-16bfaa785507388f50cff64c5d05d2d1\">\n.avia-section.av-m7vq220t-16bfaa785507388f50cff64c5d05d2d1{\nbackground-repeat:no-repeat;\nbackground-image:url(https:\/\/helim.eu\/wp-content\/uploads\/2025\/03\/battery-air-leak-test-helim-r.png);\nbackground-position:50% 50%;\nbackground-attachment:fixed;\n}\n.avia-section.av-m7vq220t-16bfaa785507388f50cff64c5d05d2d1 .av-section-color-overlay{\nopacity:0.3;\nbackground-color:#333333;\n}\n<\/style>\n<div id='av_section_3'  class='avia-section av-m7vq220t-16bfaa785507388f50cff64c5d05d2d1 main_color avia-section-default avia-no-border-styling  avia-builder-el-9  el_after_av_section  el_before_av_section  av-mini-hide avia-bg-style-fixed av-section-color-overlay-active av-minimum-height av-minimum-height-custom av-height-custom  container_wrap fullsize'  data-section-bg-repeat='no-repeat' data-av_minimum_height_px='350'><div class=\"av-section-color-overlay-wrap\"><div class=\"av-section-color-overlay\"><\/div><div class='container av-section-cont-open' style='height:350px'><div class='template-page content  av-content-full alpha units'><div class='post-entry post-entry-type-page post-entry-1194'><div class='entry-content-wrapper clearfix'><\/p>\n<\/div><\/div><\/div><!-- close content main div --><\/div><\/div><\/div><div id='av_section_4'  class='avia-section av-47lk-f015129779bb3f8076b237345036f878 main_color avia-section-default avia-no-border-styling  avia-builder-el-10  el_after_av_section  el_before_av_section  avia-bg-style-scroll av-minimum-height av-minimum-height-25 av-height-25  container_wrap fullsize'   data-av_minimum_height_pc='25' data-av_min_height_opt='25'><div class='container av-section-cont-open' ><div class='template-page content  av-content-full alpha units'><div class='post-entry post-entry-type-page post-entry-1194'><div class='entry-content-wrapper clearfix'>\n\n<style type=\"text\/css\" data-created_by=\"avia_inline_auto\" id=\"style-css-av-m7voq5i7-63dcc9f6d8eaf1fc54618182a0cb7f21\">\n#top .av_textblock_section.av-m7voq5i7-63dcc9f6d8eaf1fc54618182a0cb7f21 .avia_textblock{\ntext-align:center;\n}\n<\/style>\n<section  class='av_textblock_section av-m7voq5i7-63dcc9f6d8eaf1fc54618182a0cb7f21 '   itemscope=\"itemscope\" itemtype=\"https:\/\/schema.org\/CreativeWork\" ><div class='avia_textblock'  itemprop=\"text\" ><h3 style=\"text-align: center;\"><span style=\"color: #000000;\">tai suoraan s\u00e4hk\u00f6postitse<\/span><\/h3>\n<h2 style=\"text-align: center;\"><span style=\"color: #000000;\"><a style=\"color: #000000;\" href=\"mailto:info@helim.eu\">info@helim.eu<\/a><\/span><\/h2>\n<\/div><\/section>\n\n<\/div><\/div><\/div><!-- close content main div --><\/div><\/div>\n<style type=\"text\/css\" data-created_by=\"avia_inline_auto\" id=\"style-css-av-2x7u-b176549d181935c7f70c17e542152199\">\n.avia-section.av-2x7u-b176549d181935c7f70c17e542152199{\nbackground-repeat:no-repeat;\nbackground-image:url(https:\/\/helim.eu\/wp-content\/uploads\/2025\/03\/battery-air-leak-test-helim-r.png);\nbackground-position:50% 50%;\nbackground-attachment:fixed;\nmargin-top:0px;\nmargin-bottom:50px;\n}\n.avia-section.av-2x7u-b176549d181935c7f70c17e542152199 .av-section-color-overlay{\nopacity:0.3;\nbackground-color:#333333;\n}\n<\/style>\n<div id='av_section_5'  class='avia-section av-2x7u-b176549d181935c7f70c17e542152199 main_color avia-section-default avia-no-border-styling  avia-builder-el-12  el_after_av_section  el_before_av_section  av-mini-hide avia-bg-style-fixed av-section-color-overlay-active av-minimum-height av-minimum-height-custom av-height-custom  container_wrap fullsize'  data-section-bg-repeat='no-repeat' data-av_minimum_height_px='350'><div class=\"av-section-color-overlay-wrap\"><div class=\"av-section-color-overlay\"><\/div><div class='container av-section-cont-open' style='height:350px'><div class='template-page content  av-content-full alpha units'><div class='post-entry post-entry-type-page post-entry-1194'><div class='entry-content-wrapper clearfix'>\n<\/div><\/div><\/div><!-- close content main div --><\/div><\/div><\/div><div id='av_section_6'  class='avia-section av-m8e56uus-b049f246afb3d19ec29a2e2ba8133cdf main_color avia-section-default avia-no-border-styling  avia-builder-el-13  el_after_av_section  avia-builder-el-last  av-desktop-hide av-medium-hide av-small-hide av-mini-hide avia-bg-style-scroll av-minimum-height av-minimum-height-25 av-height-25  container_wrap fullsize'   data-av_minimum_height_pc='25' data-av_min_height_opt='25'><div class='container av-section-cont-open' ><div class='template-page content  av-content-full alpha units'><div class='post-entry post-entry-type-page post-entry-1194'><div class='entry-content-wrapper clearfix'>\n\n<style type=\"text\/css\" data-created_by=\"avia_inline_auto\" id=\"style-css-av-m8e56jcr-dec421574fe1f37bd6a1a08426f5859d\">\n#top .av_textblock_section.av-m8e56jcr-dec421574fe1f37bd6a1a08426f5859d .avia_textblock{\ntext-align:center;\n}\n<\/style>\n<section  class='av_textblock_section av-m8e56jcr-dec421574fe1f37bd6a1a08426f5859d '   itemscope=\"itemscope\" itemtype=\"https:\/\/schema.org\/CreativeWork\" ><div class='avia_textblock'  itemprop=\"text\" ><h3 data-pm-slice=\"1 1 &#091;&#093;\">Ota yhteytt\u00e4 Helimiin &#8211; Ammattilaisratkaisut akkujen vuototestaukseen<\/h3>\n<p>S\u00e4hk\u00f6inen liikkuvuus asettaa suuria vaatimuksia korjaamoille ja testausasemille. Luotettava akkujen vuototestaus on ratkaisevan t\u00e4rke\u00e4\u00e4 s\u00e4hk\u00f6- ja hybridiajoneuvojen korkeaj\u00e4nniteakkujen turvallisuuden ja pitk\u00e4ik\u00e4isyyden varmistamiseksi. Siksi on t\u00e4rke\u00e4\u00e4 k\u00e4ytt\u00e4\u00e4 nykyaikaisia testausmenetelmi\u00e4. Helimin innovatiiviset akkujen vuototesterit tarjoavat korjaamoille tehokkaan ja tarkan ratkaisun akkukoteloiden ja j\u00e4\u00e4hdytyspiirien vuototestaukseen. N\u00e4in vauriot voidaan tunnistaa ja v\u00e4ltt\u00e4\u00e4 jo varhaisessa vaiheessa.    <\/p>\n<h3>Akun vuototesti maksimaalista turvallisuutta varten<\/h3>\n<p>Nykyaikaiset akun vuototesterit takaavat nopean ja luotettavan diagnostiikan kosteuden p\u00e4\u00e4syn est\u00e4miseksi. T\u00e4m\u00e4 suojaa akkua ja pident\u00e4\u00e4 sen k\u00e4ytt\u00f6ik\u00e4\u00e4. Vuotava akku ei ainoastaan lyhenn\u00e4 sen k\u00e4ytt\u00f6ik\u00e4\u00e4, vaan se my\u00f6s aiheuttaa turvallisuusriskin ajoneuvon k\u00e4ytt\u00e4jille ja korjaamohenkil\u00f6kunnalle. Ammattitaitoinen akun vuototesti on siksi olennaisen t\u00e4rke\u00e4. Lis\u00e4ksi s\u00e4\u00e4nn\u00f6llinen tarkastus tukee akun pitk\u00e4aikaista toimivuutta.    <\/p>\n<h3>Miksi akun vuototesti on t\u00e4rke\u00e4?<\/h3>\n<ul>\n<li>Ajoneuvon k\u00e4ytt\u00e4jien ja korjaamohenkil\u00f6kunnan <strong>turvallisuuden parantaminen<\/strong> vuotojen varhaisen havaitsemisen ja ennaltaehk\u00e4isyn avulla.<\/li>\n<li><strong>Pidempi akun k\u00e4ytt\u00f6ik\u00e4<\/strong>, koska mahdolliset viat tunnistetaan v\u00e4litt\u00f6m\u00e4sti.<\/li>\n<li><strong>Kosteusvaurioiden ehk\u00e4iseminen<\/strong> havaitsemalla vuotavat akkukotelot varhaisessa vaiheessa.<\/li>\n<li><strong>Lakis\u00e4\u00e4teisten standardien<\/strong> ja johtavien valmistajien eritelmien <strong>noudattaminen<\/strong> akkujen standardoitua vuototestausta varten.<\/li>\n<li><strong>Nopea ja tarkka diagnoosi<\/strong> innovatiivisella anturitekniikalla varustettujen edistyksellisten akkuvuodontestauslaitteiden ansiosta.<\/li>\n<\/ul>\n<h3>Monipuoliset k\u00e4ytt\u00f6alueet akun vuototestauksessa<\/h3>\n<p>Akun vuototestereit\u00e4 voidaan k\u00e4ytt\u00e4\u00e4 monenlaisiin sovelluksiin:<\/p>\n<ul data-spread=\"false\">\n<li><span style=\"color: #000000;\"><a style=\"color: #000000;\" href=\"https:\/\/de.wikipedia.org\/wiki\/Autowerkstatt\" target=\"_blank\" rel=\"noopener\"><strong>ty\u00f6pajat<\/strong><\/a><\/span>jotka haluaisivat ottaa ammattimaisen akkutestauksen kiinte\u00e4ksi osaksi palvelutarjontaansa.<\/li>\n<li><strong>Testikeskukset<\/strong>, jotka ovat riippuvaisia luotettavasta ja standardoidusta akun vuototestauksesta.<\/li>\n<li><strong>Autonvalmistajat<\/strong>, jotka tarvitsevat tehokasta vuototestausta akkutuotantoa varten.<\/li>\n<\/ul>\n<p>Akkukotelotestin lis\u00e4ksi akkuvuototesterimme tallentavat my\u00f6s j\u00e4\u00e4hdytyspiirin vuototestin. N\u00e4in varmistetaan, ettei kosteutta tai vieraita hiukkasia p\u00e4\u00e4se korkeaj\u00e4nniteakun herkkiin komponentteihin. T\u00e4m\u00e4 vaikuttaa ratkaisevasti akkujen turvallisuuteen ja pitk\u00e4ik\u00e4isyyteen.  <\/p>\n<h3>Tehokas akun vuototestaus Helimin avulla<\/h3>\n<p>Akun vuototestaus perustuu uusimpaan anturitekniikkaan, joka havaitsee pienimm\u00e4tkin vuodot. Lis\u00e4ksi tarjoamme tarkkoja testausmenetelmi\u00e4 eri akkutyypeille ja -malleille. Tavoitteenamme on tarjota tehokasta ja turvallista akkujen vuototestausta, joka t\u00e4ytt\u00e4\u00e4 alan nykyiset vaatimukset. S\u00e4\u00e4nn\u00f6llinen testaus auttaa v\u00e4ltt\u00e4m\u00e4\u00e4n odottamattomia vikoja ja v\u00e4hent\u00e4m\u00e4\u00e4n huoltokustannuksia.   <\/p>\n<h3>Ota yhteytt\u00e4 Helimiin nyt!<\/h3>\n<p>Onko sinulla kysytt\u00e4v\u00e4\u00e4 akun vuototestereist\u00e4? K\u00e4yt\u00e4 yhteydenottolomakettamme tai l\u00e4het\u00e4 meille s\u00e4hk\u00f6postia! Neuvomme sinua mielell\u00e4mme ja autamme sinua l\u00f6yt\u00e4m\u00e4\u00e4n optimaalisen ratkaisun akun vuototestausvaatimuksiisi.  <\/p>\n<p>Me Helimill\u00e4 emme ole tukenasi vain konsultaation aikana, vaan tuemme sinua my\u00f6s tuotteidemme ostamisen j\u00e4lkeen. Jos tarvitset <a href=\"https:\/\/helim.eu\/fi\/huolto\/\" target=\"_blank\" rel=\"noopener\"><span style=\"color: #000000;\">korjausta<\/span><\/a> tai laitteidesi kalibrointia, olemme tukenasi ja varmistamme, ett\u00e4 testausj\u00e4rjestelm\u00e4si toimivat aina optimaalisesti.<\/p>\n<\/div><\/section>\n\n","protected":false},"excerpt":{"rendered":"","protected":false},"author":1,"featured_media":0,"parent":0,"menu_order":0,"comment_status":"closed","ping_status":"open","template":"","meta":{"footnotes":""},"class_list":["post-1194","page","type-page","status-publish","hentry"],"yoast_head":"<!-- This site is optimized with the Yoast SEO plugin v27.5 - https:\/\/yoast.com\/product\/yoast-seo-wordpress\/ -->\n<title>Ota yhteytt\u00e4 - Helim - Vuototestausratkaisut<\/title>\n<meta name=\"description\" content=\"Yhteyshenkil\u00f6si Helimiss\u00e4 - kumppanisi tarkkaan HV-akkujen vuototarkastukseen korjaamoilla ja huoltopalveluissa.\" \/>\n<meta name=\"robots\" content=\"index, follow, max-snippet:-1, max-image-preview:large, max-video-preview:-1\" \/>\n<link rel=\"canonical\" href=\"https:\/\/helim.eu\/fi\/ota-yhteyttae\/\" \/>\n<meta property=\"og:locale\" content=\"fi_FI\" \/>\n<meta property=\"og:type\" content=\"article\" \/>\n<meta property=\"og:title\" content=\"Ota yhteytt\u00e4 - Helim - Vuototestausratkaisut\" \/>\n<meta property=\"og:description\" content=\"Yhteyshenkil\u00f6si Helimiss\u00e4 - kumppanisi tarkkaan HV-akkujen vuototarkastukseen korjaamoilla ja huoltopalveluissa.\" \/>\n<meta property=\"og:url\" content=\"https:\/\/helim.eu\/fi\/ota-yhteyttae\/\" \/>\n<meta property=\"og:site_name\" content=\"Helim - Vuototestausratkaisut\" \/>\n<meta property=\"article:publisher\" content=\"https:\/\/www.facebook.com\/profile.php?id=61574206138313\" \/>\n<meta property=\"article:modified_time\" content=\"2025-07-02T07:45:13+00:00\" \/>\n<meta name=\"twitter:card\" content=\"summary_large_image\" \/>\n<meta name=\"twitter:label1\" content=\"Arvioitu lukuaika\" \/>\n\t<meta name=\"twitter:data1\" content=\"24 minuuttia\" \/>\n<script type=\"application\/ld+json\" class=\"yoast-schema-graph\">{\"@context\":\"https:\\\/\\\/schema.org\",\"@graph\":[{\"@type\":\"WebPage\",\"@id\":\"https:\\\/\\\/helim.eu\\\/fi\\\/ota-yhteyttae\\\/\",\"url\":\"https:\\\/\\\/helim.eu\\\/fi\\\/ota-yhteyttae\\\/\",\"name\":\"Ota yhteytt\u00e4 - Helim - Vuototestausratkaisut\",\"isPartOf\":{\"@id\":\"https:\\\/\\\/helim.eu\\\/fi\\\/#website\"},\"datePublished\":\"2025-03-10T12:00:21+00:00\",\"dateModified\":\"2025-07-02T07:45:13+00:00\",\"description\":\"Yhteyshenkil\u00f6si Helimiss\u00e4 - kumppanisi tarkkaan HV-akkujen vuototarkastukseen korjaamoilla ja huoltopalveluissa.\",\"breadcrumb\":{\"@id\":\"https:\\\/\\\/helim.eu\\\/fi\\\/ota-yhteyttae\\\/#breadcrumb\"},\"inLanguage\":\"fi\",\"potentialAction\":[{\"@type\":\"ReadAction\",\"target\":[\"https:\\\/\\\/helim.eu\\\/fi\\\/ota-yhteyttae\\\/\"]}]},{\"@type\":\"BreadcrumbList\",\"@id\":\"https:\\\/\\\/helim.eu\\\/fi\\\/ota-yhteyttae\\\/#breadcrumb\",\"itemListElement\":[{\"@type\":\"ListItem\",\"position\":1,\"name\":\"Startseite\",\"item\":\"https:\\\/\\\/helim.eu\\\/fi\\\/\"},{\"@type\":\"ListItem\",\"position\":2,\"name\":\"Ota yhteytt\u00e4\"}]},{\"@type\":\"WebSite\",\"@id\":\"https:\\\/\\\/helim.eu\\\/fi\\\/#website\",\"url\":\"https:\\\/\\\/helim.eu\\\/fi\\\/\",\"name\":\"Helim - Leak Test Solutions\",\"description\":\"EV-akun vuototesti\",\"publisher\":{\"@id\":\"https:\\\/\\\/helim.eu\\\/fi\\\/#organization\"},\"potentialAction\":[{\"@type\":\"SearchAction\",\"target\":{\"@type\":\"EntryPoint\",\"urlTemplate\":\"https:\\\/\\\/helim.eu\\\/fi\\\/?s={search_term_string}\"},\"query-input\":{\"@type\":\"PropertyValueSpecification\",\"valueRequired\":true,\"valueName\":\"search_term_string\"}}],\"inLanguage\":\"fi\"},{\"@type\":\"Organization\",\"@id\":\"https:\\\/\\\/helim.eu\\\/fi\\\/#organization\",\"name\":\"Helim\",\"url\":\"https:\\\/\\\/helim.eu\\\/fi\\\/\",\"logo\":{\"@type\":\"ImageObject\",\"inLanguage\":\"fi\",\"@id\":\"https:\\\/\\\/helim.eu\\\/fi\\\/#\\\/schema\\\/logo\\\/image\\\/\",\"url\":\"https:\\\/\\\/helim.eu\\\/wp-content\\\/uploads\\\/2025\\\/03\\\/helim-logo-r-w-600-600-rand.png\",\"contentUrl\":\"https:\\\/\\\/helim.eu\\\/wp-content\\\/uploads\\\/2025\\\/03\\\/helim-logo-r-w-600-600-rand.png\",\"width\":600,\"height\":600,\"caption\":\"Helim\"},\"image\":{\"@id\":\"https:\\\/\\\/helim.eu\\\/fi\\\/#\\\/schema\\\/logo\\\/image\\\/\"},\"sameAs\":[\"https:\\\/\\\/www.facebook.com\\\/profile.php?id=61574206138313\"]}]}<\/script>\n<!-- \/ Yoast SEO plugin. -->","yoast_head_json":{"title":"Ota yhteytt\u00e4 - Helim - Vuototestausratkaisut","description":"Yhteyshenkil\u00f6si Helimiss\u00e4 - kumppanisi tarkkaan HV-akkujen vuototarkastukseen korjaamoilla ja huoltopalveluissa.","robots":{"index":"index","follow":"follow","max-snippet":"max-snippet:-1","max-image-preview":"max-image-preview:large","max-video-preview":"max-video-preview:-1"},"canonical":"https:\/\/helim.eu\/fi\/ota-yhteyttae\/","og_locale":"fi_FI","og_type":"article","og_title":"Ota yhteytt\u00e4 - Helim - Vuototestausratkaisut","og_description":"Yhteyshenkil\u00f6si Helimiss\u00e4 - kumppanisi tarkkaan HV-akkujen vuototarkastukseen korjaamoilla ja huoltopalveluissa.","og_url":"https:\/\/helim.eu\/fi\/ota-yhteyttae\/","og_site_name":"Helim - Vuototestausratkaisut","article_publisher":"https:\/\/www.facebook.com\/profile.php?id=61574206138313","article_modified_time":"2025-07-02T07:45:13+00:00","twitter_card":"summary_large_image","twitter_misc":{"Arvioitu lukuaika":"24 minuuttia"},"schema":{"@context":"https:\/\/schema.org","@graph":[{"@type":"WebPage","@id":"https:\/\/helim.eu\/fi\/ota-yhteyttae\/","url":"https:\/\/helim.eu\/fi\/ota-yhteyttae\/","name":"Ota yhteytt\u00e4 - Helim - Vuototestausratkaisut","isPartOf":{"@id":"https:\/\/helim.eu\/fi\/#website"},"datePublished":"2025-03-10T12:00:21+00:00","dateModified":"2025-07-02T07:45:13+00:00","description":"Yhteyshenkil\u00f6si Helimiss\u00e4 - kumppanisi tarkkaan HV-akkujen vuototarkastukseen korjaamoilla ja huoltopalveluissa.","breadcrumb":{"@id":"https:\/\/helim.eu\/fi\/ota-yhteyttae\/#breadcrumb"},"inLanguage":"fi","potentialAction":[{"@type":"ReadAction","target":["https:\/\/helim.eu\/fi\/ota-yhteyttae\/"]}]},{"@type":"BreadcrumbList","@id":"https:\/\/helim.eu\/fi\/ota-yhteyttae\/#breadcrumb","itemListElement":[{"@type":"ListItem","position":1,"name":"Startseite","item":"https:\/\/helim.eu\/fi\/"},{"@type":"ListItem","position":2,"name":"Ota yhteytt\u00e4"}]},{"@type":"WebSite","@id":"https:\/\/helim.eu\/fi\/#website","url":"https:\/\/helim.eu\/fi\/","name":"Helim - Leak Test Solutions","description":"EV-akun vuototesti","publisher":{"@id":"https:\/\/helim.eu\/fi\/#organization"},"potentialAction":[{"@type":"SearchAction","target":{"@type":"EntryPoint","urlTemplate":"https:\/\/helim.eu\/fi\/?s={search_term_string}"},"query-input":{"@type":"PropertyValueSpecification","valueRequired":true,"valueName":"search_term_string"}}],"inLanguage":"fi"},{"@type":"Organization","@id":"https:\/\/helim.eu\/fi\/#organization","name":"Helim","url":"https:\/\/helim.eu\/fi\/","logo":{"@type":"ImageObject","inLanguage":"fi","@id":"https:\/\/helim.eu\/fi\/#\/schema\/logo\/image\/","url":"https:\/\/helim.eu\/wp-content\/uploads\/2025\/03\/helim-logo-r-w-600-600-rand.png","contentUrl":"https:\/\/helim.eu\/wp-content\/uploads\/2025\/03\/helim-logo-r-w-600-600-rand.png","width":600,"height":600,"caption":"Helim"},"image":{"@id":"https:\/\/helim.eu\/fi\/#\/schema\/logo\/image\/"},"sameAs":["https:\/\/www.facebook.com\/profile.php?id=61574206138313"]}]}},"_links":{"self":[{"href":"https:\/\/helim.eu\/fi\/wp-json\/wp\/v2\/pages\/1194","targetHints":{"allow":["GET"]}}],"collection":[{"href":"https:\/\/helim.eu\/fi\/wp-json\/wp\/v2\/pages"}],"about":[{"href":"https:\/\/helim.eu\/fi\/wp-json\/wp\/v2\/types\/page"}],"author":[{"embeddable":true,"href":"https:\/\/helim.eu\/fi\/wp-json\/wp\/v2\/users\/1"}],"replies":[{"embeddable":true,"href":"https:\/\/helim.eu\/fi\/wp-json\/wp\/v2\/comments?post=1194"}],"version-history":[{"count":6,"href":"https:\/\/helim.eu\/fi\/wp-json\/wp\/v2\/pages\/1194\/revisions"}],"predecessor-version":[{"id":3518,"href":"https:\/\/helim.eu\/fi\/wp-json\/wp\/v2\/pages\/1194\/revisions\/3518"}],"wp:attachment":[{"href":"https:\/\/helim.eu\/fi\/wp-json\/wp\/v2\/media?parent=1194"}],"curies":[{"name":"wp","href":"https:\/\/api.w.org\/{rel}","templated":true}]}}