{"id":1166,"date":"2025-03-12T11:03:16","date_gmt":"2025-03-12T11:03:16","guid":{"rendered":"https:\/\/helim.eu\/jaelki\/"},"modified":"2025-04-10T16:10:28","modified_gmt":"2025-04-10T16:10:28","slug":"jaelki","status":"publish","type":"page","link":"https:\/\/helim.eu\/fi\/jaelki\/","title":{"rendered":"J\u00e4lki"},"content":{"rendered":"<div id='av_section_1'  class='avia-section av-85sg-9253af3811e26d8c58991fb476b4cd22 main_color avia-section-default avia-no-border-styling  avia-builder-el-0  avia-builder-el-no-sibling  avia-bg-style-scroll av-minimum-height av-minimum-height-custom av-height-custom  container_wrap fullsize'   data-av_minimum_height_px='700'><div class='container av-section-cont-open' style='height:700px'><main  role=\"main\" itemprop=\"mainContentOfPage\"  class='template-page content  av-content-full alpha units'><div class='post-entry post-entry-type-page post-entry-1166'><div class='entry-content-wrapper clearfix'>\n\n<style type=\"text\/css\" data-created_by=\"avia_inline_auto\" id=\"style-css-av-m7vp4u51-b406612f7e81a91b95aa156f5719d08d\">\n.flex_column.av-m7vp4u51-b406612f7e81a91b95aa156f5719d08d{\npadding:40px 0 0 0;\n}\n<\/style>\n<div  class='flex_column av-m7vp4u51-b406612f7e81a91b95aa156f5719d08d av_one_half  avia-builder-el-1  avia-builder-el-no-sibling  first flex_column_div  '     ><section  class='av_textblock_section av-42ho-1ab9d9e8948954851446949b3d030a10 '   itemscope=\"itemscope\" itemtype=\"https:\/\/schema.org\/CreativeWork\" ><div class='avia_textblock'  itemprop=\"text\" ><p data-start=\"251\" data-end=\"308\"><strong data-start=\"251\" data-end=\"306\">TMG:n 5 \u00a7:n \/ verkkokauppadirektiivin 4 artiklan mukaiset tiedot.<\/strong><\/p>\n<p data-start=\"310\" data-end=\"451\"><strong data-start=\"310\" data-end=\"344\">Vastaa sis\u00e4ll\u00f6st\u00e4:<\/strong><\/p>\n<p data-start=\"310\" data-end=\"451\"><br class=\"avia-permanent-lb\"><br data-start=\"344\" data-end=\"347\"><strong data-start=\"347\" data-end=\"374\">NIROXX Engineering Ltd.<\/strong><\/p>\n<p>12 Morozow Avenue<br data-start=\"492\" data-end=\"495\">8220 Pafos  <br data-start=\"492\" data-end=\"495\">Kypros<\/p>\n<p><strong data-start=\"453\" data-end=\"465\">Yhteystiedot:<\/strong><br data-start=\"465\" data-end=\"468\">Puhelin Saksa: +49 176 26 150 383<br data-start=\"492\" data-end=\"495\">Puhelin Kypros: +357 99 244 147<br data-start=\"519\" data-end=\"522\">S\u00e4hk\u00f6posti: <a href=\"mailto:info@helim.eu\">info@helim.eu<\/a><br data-start=\"519\" data-end=\"522\">Verkkosivusto: <a href=\"http:\/\/www.helim.eu\" target=\"_new\" rel=\"noopener\">www.helim.eu<\/a>.<\/p>\n<p data-start=\"550\" data-end=\"723\"><strong data-start=\"550\" data-end=\"585\">Kaupparekisteri- ja veronumero:<\/strong><br data-start=\"585\" data-end=\"588\">Kaupparekisteri: HE 464680<br data-start=\"621\" data-end=\"624\">Rekisterituomioistuin: Paphos District Court<br data-start=\"672\" data-end=\"675\">ALV-tunnus: CY60096432B.<\/p>\n<p data-start=\"550\" data-end=\"723\">\n<p data-start=\"725\" data-end=\"777\"><strong data-start=\"725\" data-end=\"745\">Toimitusjohtaja:<\/strong><br data-start=\"745\" data-end=\"748\">Alexei Keller<\/p>\n<h4 data-start=\"702\" data-end=\"732\"><strong data-start=\"707\" data-end=\"730\">Vastuuvapauslauseke:<\/strong><\/h4>\n<p data-start=\"733\" data-end=\"1165\">T\u00e4m\u00e4n verkkosivuston sis\u00e4lt\u00f6 on laadittu mahdollisimman huolellisesti. Emme kuitenkaan ota vastuuta sis\u00e4ll\u00f6n tarkkuudesta, t\u00e4ydellisyydest\u00e4 ja ajankohtaisuudesta. Palveluntarjoajana olemme vastuussa n\u00e4ill\u00e4 sivuilla olevasta omasta sis\u00e4ll\u00f6st\u00e4mme yleisen lains\u00e4\u00e4d\u00e4nn\u00f6n mukaisesti. Emme ota vastuuta ulkopuolisten linkkien sis\u00e4ll\u00f6st\u00e4. Linkitettyjen sivujen yll\u00e4pit\u00e4j\u00e4t ovat yksin vastuussa niiden sis\u00e4ll\u00f6st\u00e4.    <\/p>\n<h4 data-start=\"1167\" data-end=\"1191\"><strong data-start=\"1172\" data-end=\"1189\">Tekij\u00e4noikeus:<\/strong><\/h4>\n<p data-start=\"1192\" data-end=\"1466\">Verkkosivuston yll\u00e4pit\u00e4j\u00e4n luoma sis\u00e4lt\u00f6 ja teokset t\u00e4ll\u00e4 verkkosivustolla ovat tekij\u00e4noikeuden alaisia. T\u00e4llaisen aineiston kopiointi, k\u00e4sittely, jakelu tai kaikenlainen kaupallistaminen tekij\u00e4noikeuslain soveltamisalan ulkopuolella edellytt\u00e4\u00e4 kyseisen aineiston tekij\u00e4n tai luojan kirjallista ennakkosuostumusta. <\/p>\n<h4 data-start=\"1468\" data-end=\"1491\"><strong data-start=\"1473\" data-end=\"1489\">Tietosuoja:<\/strong><\/h4>\n<p data-start=\"1492\" data-end=\"1606\">Yksityiskohtaiset tiedot henkil\u00f6tietojen k\u00e4sittelyst\u00e4 l\u00f6ytyv\u00e4t osoitteesta <strong data-start=\"1563\" data-end=\"1603\"><a href=\"https:\/\/helim.eu\/privacy-policy\/\" rel=\"noopener\" data-start=\"1565\" data-end=\"1601\">tietosuojak\u00e4yt\u00e4nn\u00f6st\u00e4<\/a><\/strong>.<\/p>\n<\/div><\/section><\/div>\n","protected":false},"excerpt":{"rendered":"","protected":false},"author":1,"featured_media":0,"parent":0,"menu_order":0,"comment_status":"closed","ping_status":"open","template":"","meta":{"footnotes":""},"class_list":["post-1166","page","type-page","status-publish","hentry"],"yoast_head":"<!-- This site is optimized with the Yoast SEO plugin v27.5 - https:\/\/yoast.com\/product\/yoast-seo-wordpress\/ -->\n<title>J\u00e4lki - Helim - Vuototestausratkaisut<\/title>\n<meta name=\"robots\" content=\"index, follow, max-snippet:-1, max-image-preview:large, max-video-preview:-1\" \/>\n<link rel=\"canonical\" href=\"https:\/\/helim.eu\/fi\/jaelki\/\" \/>\n<meta property=\"og:locale\" content=\"fi_FI\" \/>\n<meta property=\"og:type\" content=\"article\" \/>\n<meta property=\"og:title\" content=\"J\u00e4lki - Helim - Vuototestausratkaisut\" \/>\n<meta property=\"og:url\" content=\"https:\/\/helim.eu\/fi\/jaelki\/\" \/>\n<meta property=\"og:site_name\" content=\"Helim - Vuototestausratkaisut\" \/>\n<meta property=\"article:publisher\" content=\"https:\/\/www.facebook.com\/profile.php?id=61574206138313\" \/>\n<meta property=\"article:modified_time\" content=\"2025-04-10T16:10:28+00:00\" \/>\n<meta name=\"twitter:card\" content=\"summary_large_image\" \/>\n<meta name=\"twitter:label1\" content=\"Arvioitu lukuaika\" \/>\n\t<meta name=\"twitter:data1\" content=\"5 minuuttia\" \/>\n<script type=\"application\/ld+json\" class=\"yoast-schema-graph\">{\"@context\":\"https:\\\/\\\/schema.org\",\"@graph\":[{\"@type\":\"WebPage\",\"@id\":\"https:\\\/\\\/helim.eu\\\/fi\\\/jaelki\\\/\",\"url\":\"https:\\\/\\\/helim.eu\\\/fi\\\/jaelki\\\/\",\"name\":\"J\u00e4lki - Helim - Vuototestausratkaisut\",\"isPartOf\":{\"@id\":\"https:\\\/\\\/helim.eu\\\/fi\\\/#website\"},\"datePublished\":\"2025-03-12T11:03:16+00:00\",\"dateModified\":\"2025-04-10T16:10:28+00:00\",\"breadcrumb\":{\"@id\":\"https:\\\/\\\/helim.eu\\\/fi\\\/jaelki\\\/#breadcrumb\"},\"inLanguage\":\"fi\",\"potentialAction\":[{\"@type\":\"ReadAction\",\"target\":[\"https:\\\/\\\/helim.eu\\\/fi\\\/jaelki\\\/\"]}]},{\"@type\":\"BreadcrumbList\",\"@id\":\"https:\\\/\\\/helim.eu\\\/fi\\\/jaelki\\\/#breadcrumb\",\"itemListElement\":[{\"@type\":\"ListItem\",\"position\":1,\"name\":\"Startseite\",\"item\":\"https:\\\/\\\/helim.eu\\\/fi\\\/\"},{\"@type\":\"ListItem\",\"position\":2,\"name\":\"J\u00e4lki\"}]},{\"@type\":\"WebSite\",\"@id\":\"https:\\\/\\\/helim.eu\\\/fi\\\/#website\",\"url\":\"https:\\\/\\\/helim.eu\\\/fi\\\/\",\"name\":\"Helim - Leak Test Solutions\",\"description\":\"EV-akun vuototesti\",\"publisher\":{\"@id\":\"https:\\\/\\\/helim.eu\\\/fi\\\/#organization\"},\"potentialAction\":[{\"@type\":\"SearchAction\",\"target\":{\"@type\":\"EntryPoint\",\"urlTemplate\":\"https:\\\/\\\/helim.eu\\\/fi\\\/?s={search_term_string}\"},\"query-input\":{\"@type\":\"PropertyValueSpecification\",\"valueRequired\":true,\"valueName\":\"search_term_string\"}}],\"inLanguage\":\"fi\"},{\"@type\":\"Organization\",\"@id\":\"https:\\\/\\\/helim.eu\\\/fi\\\/#organization\",\"name\":\"Helim\",\"url\":\"https:\\\/\\\/helim.eu\\\/fi\\\/\",\"logo\":{\"@type\":\"ImageObject\",\"inLanguage\":\"fi\",\"@id\":\"https:\\\/\\\/helim.eu\\\/fi\\\/#\\\/schema\\\/logo\\\/image\\\/\",\"url\":\"https:\\\/\\\/helim.eu\\\/wp-content\\\/uploads\\\/2025\\\/03\\\/helim-logo-r-w-600-600-rand.png\",\"contentUrl\":\"https:\\\/\\\/helim.eu\\\/wp-content\\\/uploads\\\/2025\\\/03\\\/helim-logo-r-w-600-600-rand.png\",\"width\":600,\"height\":600,\"caption\":\"Helim\"},\"image\":{\"@id\":\"https:\\\/\\\/helim.eu\\\/fi\\\/#\\\/schema\\\/logo\\\/image\\\/\"},\"sameAs\":[\"https:\\\/\\\/www.facebook.com\\\/profile.php?id=61574206138313\"]}]}<\/script>\n<!-- \/ Yoast SEO plugin. -->","yoast_head_json":{"title":"J\u00e4lki - Helim - Vuototestausratkaisut","robots":{"index":"index","follow":"follow","max-snippet":"max-snippet:-1","max-image-preview":"max-image-preview:large","max-video-preview":"max-video-preview:-1"},"canonical":"https:\/\/helim.eu\/fi\/jaelki\/","og_locale":"fi_FI","og_type":"article","og_title":"J\u00e4lki - Helim - Vuototestausratkaisut","og_url":"https:\/\/helim.eu\/fi\/jaelki\/","og_site_name":"Helim - Vuototestausratkaisut","article_publisher":"https:\/\/www.facebook.com\/profile.php?id=61574206138313","article_modified_time":"2025-04-10T16:10:28+00:00","twitter_card":"summary_large_image","twitter_misc":{"Arvioitu lukuaika":"5 minuuttia"},"schema":{"@context":"https:\/\/schema.org","@graph":[{"@type":"WebPage","@id":"https:\/\/helim.eu\/fi\/jaelki\/","url":"https:\/\/helim.eu\/fi\/jaelki\/","name":"J\u00e4lki - Helim - Vuototestausratkaisut","isPartOf":{"@id":"https:\/\/helim.eu\/fi\/#website"},"datePublished":"2025-03-12T11:03:16+00:00","dateModified":"2025-04-10T16:10:28+00:00","breadcrumb":{"@id":"https:\/\/helim.eu\/fi\/jaelki\/#breadcrumb"},"inLanguage":"fi","potentialAction":[{"@type":"ReadAction","target":["https:\/\/helim.eu\/fi\/jaelki\/"]}]},{"@type":"BreadcrumbList","@id":"https:\/\/helim.eu\/fi\/jaelki\/#breadcrumb","itemListElement":[{"@type":"ListItem","position":1,"name":"Startseite","item":"https:\/\/helim.eu\/fi\/"},{"@type":"ListItem","position":2,"name":"J\u00e4lki"}]},{"@type":"WebSite","@id":"https:\/\/helim.eu\/fi\/#website","url":"https:\/\/helim.eu\/fi\/","name":"Helim - Leak Test Solutions","description":"EV-akun vuototesti","publisher":{"@id":"https:\/\/helim.eu\/fi\/#organization"},"potentialAction":[{"@type":"SearchAction","target":{"@type":"EntryPoint","urlTemplate":"https:\/\/helim.eu\/fi\/?s={search_term_string}"},"query-input":{"@type":"PropertyValueSpecification","valueRequired":true,"valueName":"search_term_string"}}],"inLanguage":"fi"},{"@type":"Organization","@id":"https:\/\/helim.eu\/fi\/#organization","name":"Helim","url":"https:\/\/helim.eu\/fi\/","logo":{"@type":"ImageObject","inLanguage":"fi","@id":"https:\/\/helim.eu\/fi\/#\/schema\/logo\/image\/","url":"https:\/\/helim.eu\/wp-content\/uploads\/2025\/03\/helim-logo-r-w-600-600-rand.png","contentUrl":"https:\/\/helim.eu\/wp-content\/uploads\/2025\/03\/helim-logo-r-w-600-600-rand.png","width":600,"height":600,"caption":"Helim"},"image":{"@id":"https:\/\/helim.eu\/fi\/#\/schema\/logo\/image\/"},"sameAs":["https:\/\/www.facebook.com\/profile.php?id=61574206138313"]}]}},"_links":{"self":[{"href":"https:\/\/helim.eu\/fi\/wp-json\/wp\/v2\/pages\/1166","targetHints":{"allow":["GET"]}}],"collection":[{"href":"https:\/\/helim.eu\/fi\/wp-json\/wp\/v2\/pages"}],"about":[{"href":"https:\/\/helim.eu\/fi\/wp-json\/wp\/v2\/types\/page"}],"author":[{"embeddable":true,"href":"https:\/\/helim.eu\/fi\/wp-json\/wp\/v2\/users\/1"}],"replies":[{"embeddable":true,"href":"https:\/\/helim.eu\/fi\/wp-json\/wp\/v2\/comments?post=1166"}],"version-history":[{"count":2,"href":"https:\/\/helim.eu\/fi\/wp-json\/wp\/v2\/pages\/1166\/revisions"}],"predecessor-version":[{"id":1168,"href":"https:\/\/helim.eu\/fi\/wp-json\/wp\/v2\/pages\/1166\/revisions\/1168"}],"wp:attachment":[{"href":"https:\/\/helim.eu\/fi\/wp-json\/wp\/v2\/media?parent=1166"}],"curies":[{"name":"wp","href":"https:\/\/api.w.org\/{rel}","templated":true}]}}