{"id":2086,"date":"2025-03-12T11:03:16","date_gmt":"2025-03-12T11:03:16","guid":{"rendered":"https:\/\/helim.eu\/jaelg\/"},"modified":"2025-04-11T13:10:07","modified_gmt":"2025-04-11T13:10:07","slug":"jaelg","status":"publish","type":"page","link":"https:\/\/helim.eu\/et\/jaelg\/","title":{"rendered":"J\u00e4lg"},"content":{"rendered":"<div id='av_section_1'  class='avia-section av-85sg-9253af3811e26d8c58991fb476b4cd22 main_color avia-section-default avia-no-border-styling  avia-builder-el-0  avia-builder-el-no-sibling  avia-bg-style-scroll av-minimum-height av-minimum-height-custom av-height-custom  container_wrap fullsize'   data-av_minimum_height_px='700'><div class='container av-section-cont-open' style='height:700px'><main  role=\"main\" itemprop=\"mainContentOfPage\"  class='template-page content  av-content-full alpha units'><div class='post-entry post-entry-type-page post-entry-2086'><div class='entry-content-wrapper clearfix'>\n\n<style type=\"text\/css\" data-created_by=\"avia_inline_auto\" id=\"style-css-av-m7vp4u51-b406612f7e81a91b95aa156f5719d08d\">\n.flex_column.av-m7vp4u51-b406612f7e81a91b95aa156f5719d08d{\npadding:40px 0 0 0;\n}\n<\/style>\n<div  class='flex_column av-m7vp4u51-b406612f7e81a91b95aa156f5719d08d av_one_half  avia-builder-el-1  avia-builder-el-no-sibling  first flex_column_div  '     ><section  class='av_textblock_section av-42ho-1ab9d9e8948954851446949b3d030a10 '   itemscope=\"itemscope\" itemtype=\"https:\/\/schema.org\/CreativeWork\" ><div class='avia_textblock'  itemprop=\"text\" ><p data-start=\"251\" data-end=\"308\"><strong data-start=\"251\" data-end=\"306\">Teave vastavalt TMG \u00a7 5 \/ e-kaubanduse direktiivi artiklile 4<\/strong><\/p>\n<p data-start=\"310\" data-end=\"451\"><strong data-start=\"310\" data-end=\"344\">Vastutab sisu eest:<\/strong><\/p>\n<p data-start=\"310\" data-end=\"451\"><br class=\"avia-permanent-lb\"><br data-start=\"344\" data-end=\"347\"><strong data-start=\"347\" data-end=\"374\">NIROXX Engineering Ltd.<\/strong><\/p>\n<p>Morozowi alevik 12<br data-start=\"492\" data-end=\"495\">8220 Pafos  <br data-start=\"492\" data-end=\"495\">K\u00fcpros<\/p>\n<p><strong data-start=\"453\" data-end=\"465\">Kontakt:<\/strong><br data-start=\"465\" data-end=\"468\">Telefon Saksamaa: +49 176 26 150 383<br data-start=\"492\" data-end=\"495\">Telefon K\u00fcpros: +357 99 244 147<br data-start=\"519\" data-end=\"522\">E-post: <a href=\"mailto:info@helim.eu\">info@helim.eu<\/a><br data-start=\"519\" data-end=\"522\">Veebileht: <a href=\"http:\/\/www.helim.eu\" target=\"_new\" rel=\"noopener\">www.helim.eu<\/a><\/p>\n<p data-start=\"550\" data-end=\"723\"><strong data-start=\"550\" data-end=\"585\">\u00c4riregistri- ja maksunumber:<\/strong><br data-start=\"585\" data-end=\"588\">\u00c4riregister: HE 464680<br data-start=\"621\" data-end=\"624\">Registrikohus: Paphose ringkonnakohus<br data-start=\"672\" data-end=\"675\">k\u00e4ibemaksukohustuslase tunnuskood: CY60096432B<\/p>\n<p data-start=\"550\" data-end=\"723\">\n<p data-start=\"725\" data-end=\"777\"><strong data-start=\"725\" data-end=\"745\">Tegevdirektor:<\/strong><br data-start=\"745\" data-end=\"748\">Alexei Keller<\/p>\n<h4 data-start=\"702\" data-end=\"732\"><strong data-start=\"707\" data-end=\"730\">Vastutusest loobumine:<\/strong><\/h4>\n<p data-start=\"733\" data-end=\"1165\">K\u00e4esoleva veebisaidi sisu on koostatud v\u00f5imalikult hoolikalt. Me ei v\u00f5ta siiski mingit vastutust sisu t\u00e4psuse, t\u00e4ielikkuse ja ajakohasuse eest. Teenusepakkujana vastutame me ise nende lehek\u00fclgede sisu eest vastavalt \u00fcldistele \u00f5igusaktidele. Me ei v\u00f5ta vastutust v\u00e4liste linkide sisu eest. Linkidega seotud lehek\u00fclgede operaatorid vastutavad nende sisu eest ainuisikuliselt.    <\/p>\n<h4 data-start=\"1167\" data-end=\"1191\"><strong data-start=\"1172\" data-end=\"1189\">Autori\u00f5igus:<\/strong><\/h4>\n<p data-start=\"1192\" data-end=\"1466\">Veebisaidi operaatori loodud sisu ja teosed sellel veebisaidil kuuluvad autori\u00f5iguse alla. Sellise materjali paljundamine, t\u00f6\u00f6tlemine, levitamine v\u00f5i mis tahes vormis kommertsialiseerimine v\u00e4ljaspool autori\u00f5iguse seadust n\u00f5uab vastava autori v\u00f5i looja eelnevat kirjalikku n\u00f5usolekut. <\/p>\n<h4 data-start=\"1468\" data-end=\"1491\"><strong data-start=\"1473\" data-end=\"1489\">Andmekaitse:<\/strong><\/h4>\n<p data-start=\"1492\" data-end=\"1606\">\u00dcksikasjad isikuandmete t\u00f6\u00f6tlemise kohta leiate meie veebilehelt. <strong data-start=\"1563\" data-end=\"1603\"><a href=\"https:\/\/helim.eu\/et\/privaatsuspoliitika\/\" rel=\"noopener\" data-start=\"1565\" data-end=\"1601\">privaatsuspoliitikas<\/a><\/strong>.<\/p>\n<\/div><\/section><\/div>\n","protected":false},"excerpt":{"rendered":"","protected":false},"author":1,"featured_media":0,"parent":0,"menu_order":0,"comment_status":"closed","ping_status":"open","template":"","meta":{"footnotes":""},"class_list":["post-2086","page","type-page","status-publish","hentry"],"yoast_head":"<!-- This site is optimized with the Yoast SEO plugin v27.5 - https:\/\/yoast.com\/product\/yoast-seo-wordpress\/ -->\n<title>J\u00e4lg - Helim - Leak Test Solutions<\/title>\n<meta name=\"robots\" content=\"index, follow, max-snippet:-1, max-image-preview:large, max-video-preview:-1\" \/>\n<link rel=\"canonical\" href=\"https:\/\/helim.eu\/et\/jaelg\/\" \/>\n<meta property=\"og:locale\" content=\"et_EE\" \/>\n<meta property=\"og:type\" content=\"article\" \/>\n<meta property=\"og:title\" content=\"J\u00e4lg - Helim - Leak Test Solutions\" \/>\n<meta property=\"og:url\" content=\"https:\/\/helim.eu\/et\/jaelg\/\" \/>\n<meta property=\"og:site_name\" content=\"Helim - Leak Test Solutions\" \/>\n<meta property=\"article:publisher\" content=\"https:\/\/www.facebook.com\/profile.php?id=61574206138313\" \/>\n<meta property=\"article:modified_time\" content=\"2025-04-11T13:10:07+00:00\" \/>\n<meta name=\"twitter:card\" content=\"summary_large_image\" \/>\n<meta name=\"twitter:label1\" content=\"Est. reading time\" \/>\n\t<meta name=\"twitter:data1\" content=\"5 minutit\" \/>\n<script type=\"application\/ld+json\" class=\"yoast-schema-graph\">{\"@context\":\"https:\\\/\\\/schema.org\",\"@graph\":[{\"@type\":\"WebPage\",\"@id\":\"https:\\\/\\\/helim.eu\\\/et\\\/jaelg\\\/\",\"url\":\"https:\\\/\\\/helim.eu\\\/et\\\/jaelg\\\/\",\"name\":\"J\u00e4lg - Helim - Leak Test Solutions\",\"isPartOf\":{\"@id\":\"https:\\\/\\\/helim.eu\\\/et\\\/#website\"},\"datePublished\":\"2025-03-12T11:03:16+00:00\",\"dateModified\":\"2025-04-11T13:10:07+00:00\",\"breadcrumb\":{\"@id\":\"https:\\\/\\\/helim.eu\\\/et\\\/jaelg\\\/#breadcrumb\"},\"inLanguage\":\"et\",\"potentialAction\":[{\"@type\":\"ReadAction\",\"target\":[\"https:\\\/\\\/helim.eu\\\/et\\\/jaelg\\\/\"]}]},{\"@type\":\"BreadcrumbList\",\"@id\":\"https:\\\/\\\/helim.eu\\\/et\\\/jaelg\\\/#breadcrumb\",\"itemListElement\":[{\"@type\":\"ListItem\",\"position\":1,\"name\":\"Startseite\",\"item\":\"https:\\\/\\\/helim.eu\\\/et\\\/\"},{\"@type\":\"ListItem\",\"position\":2,\"name\":\"J\u00e4lg\"}]},{\"@type\":\"WebSite\",\"@id\":\"https:\\\/\\\/helim.eu\\\/et\\\/#website\",\"url\":\"https:\\\/\\\/helim.eu\\\/et\\\/\",\"name\":\"Helim - Leak Test Solutions\",\"description\":\"EV Battery Leaktester\",\"publisher\":{\"@id\":\"https:\\\/\\\/helim.eu\\\/et\\\/#organization\"},\"potentialAction\":[{\"@type\":\"SearchAction\",\"target\":{\"@type\":\"EntryPoint\",\"urlTemplate\":\"https:\\\/\\\/helim.eu\\\/et\\\/?s={search_term_string}\"},\"query-input\":{\"@type\":\"PropertyValueSpecification\",\"valueRequired\":true,\"valueName\":\"search_term_string\"}}],\"inLanguage\":\"et\"},{\"@type\":\"Organization\",\"@id\":\"https:\\\/\\\/helim.eu\\\/et\\\/#organization\",\"name\":\"Helim\",\"url\":\"https:\\\/\\\/helim.eu\\\/et\\\/\",\"logo\":{\"@type\":\"ImageObject\",\"inLanguage\":\"et\",\"@id\":\"https:\\\/\\\/helim.eu\\\/et\\\/#\\\/schema\\\/logo\\\/image\\\/\",\"url\":\"https:\\\/\\\/helim.eu\\\/wp-content\\\/uploads\\\/2025\\\/03\\\/helim-logo-r-w-600-600-rand.png\",\"contentUrl\":\"https:\\\/\\\/helim.eu\\\/wp-content\\\/uploads\\\/2025\\\/03\\\/helim-logo-r-w-600-600-rand.png\",\"width\":600,\"height\":600,\"caption\":\"Helim\"},\"image\":{\"@id\":\"https:\\\/\\\/helim.eu\\\/et\\\/#\\\/schema\\\/logo\\\/image\\\/\"},\"sameAs\":[\"https:\\\/\\\/www.facebook.com\\\/profile.php?id=61574206138313\"]}]}<\/script>\n<!-- \/ Yoast SEO plugin. -->","yoast_head_json":{"title":"J\u00e4lg - Helim - Leak Test Solutions","robots":{"index":"index","follow":"follow","max-snippet":"max-snippet:-1","max-image-preview":"max-image-preview:large","max-video-preview":"max-video-preview:-1"},"canonical":"https:\/\/helim.eu\/et\/jaelg\/","og_locale":"et_EE","og_type":"article","og_title":"J\u00e4lg - Helim - Leak Test Solutions","og_url":"https:\/\/helim.eu\/et\/jaelg\/","og_site_name":"Helim - Leak Test Solutions","article_publisher":"https:\/\/www.facebook.com\/profile.php?id=61574206138313","article_modified_time":"2025-04-11T13:10:07+00:00","twitter_card":"summary_large_image","twitter_misc":{"Est. reading time":"5 minutit"},"schema":{"@context":"https:\/\/schema.org","@graph":[{"@type":"WebPage","@id":"https:\/\/helim.eu\/et\/jaelg\/","url":"https:\/\/helim.eu\/et\/jaelg\/","name":"J\u00e4lg - Helim - Leak Test Solutions","isPartOf":{"@id":"https:\/\/helim.eu\/et\/#website"},"datePublished":"2025-03-12T11:03:16+00:00","dateModified":"2025-04-11T13:10:07+00:00","breadcrumb":{"@id":"https:\/\/helim.eu\/et\/jaelg\/#breadcrumb"},"inLanguage":"et","potentialAction":[{"@type":"ReadAction","target":["https:\/\/helim.eu\/et\/jaelg\/"]}]},{"@type":"BreadcrumbList","@id":"https:\/\/helim.eu\/et\/jaelg\/#breadcrumb","itemListElement":[{"@type":"ListItem","position":1,"name":"Startseite","item":"https:\/\/helim.eu\/et\/"},{"@type":"ListItem","position":2,"name":"J\u00e4lg"}]},{"@type":"WebSite","@id":"https:\/\/helim.eu\/et\/#website","url":"https:\/\/helim.eu\/et\/","name":"Helim - Leak Test Solutions","description":"EV Battery Leaktester","publisher":{"@id":"https:\/\/helim.eu\/et\/#organization"},"potentialAction":[{"@type":"SearchAction","target":{"@type":"EntryPoint","urlTemplate":"https:\/\/helim.eu\/et\/?s={search_term_string}"},"query-input":{"@type":"PropertyValueSpecification","valueRequired":true,"valueName":"search_term_string"}}],"inLanguage":"et"},{"@type":"Organization","@id":"https:\/\/helim.eu\/et\/#organization","name":"Helim","url":"https:\/\/helim.eu\/et\/","logo":{"@type":"ImageObject","inLanguage":"et","@id":"https:\/\/helim.eu\/et\/#\/schema\/logo\/image\/","url":"https:\/\/helim.eu\/wp-content\/uploads\/2025\/03\/helim-logo-r-w-600-600-rand.png","contentUrl":"https:\/\/helim.eu\/wp-content\/uploads\/2025\/03\/helim-logo-r-w-600-600-rand.png","width":600,"height":600,"caption":"Helim"},"image":{"@id":"https:\/\/helim.eu\/et\/#\/schema\/logo\/image\/"},"sameAs":["https:\/\/www.facebook.com\/profile.php?id=61574206138313"]}]}},"_links":{"self":[{"href":"https:\/\/helim.eu\/et\/wp-json\/wp\/v2\/pages\/2086","targetHints":{"allow":["GET"]}}],"collection":[{"href":"https:\/\/helim.eu\/et\/wp-json\/wp\/v2\/pages"}],"about":[{"href":"https:\/\/helim.eu\/et\/wp-json\/wp\/v2\/types\/page"}],"author":[{"embeddable":true,"href":"https:\/\/helim.eu\/et\/wp-json\/wp\/v2\/users\/1"}],"replies":[{"embeddable":true,"href":"https:\/\/helim.eu\/et\/wp-json\/wp\/v2\/comments?post=2086"}],"version-history":[{"count":2,"href":"https:\/\/helim.eu\/et\/wp-json\/wp\/v2\/pages\/2086\/revisions"}],"predecessor-version":[{"id":2959,"href":"https:\/\/helim.eu\/et\/wp-json\/wp\/v2\/pages\/2086\/revisions\/2959"}],"wp:attachment":[{"href":"https:\/\/helim.eu\/et\/wp-json\/wp\/v2\/media?parent=2086"}],"curies":[{"name":"wp","href":"https:\/\/api.w.org\/{rel}","templated":true}]}}