{"id":2028,"date":"2025-03-10T12:00:21","date_gmt":"2025-03-10T12:00:21","guid":{"rendered":"https:\/\/helim.eu\/votke-meiega-uehendust\/"},"modified":"2025-07-02T07:45:15","modified_gmt":"2025-07-02T07:45:15","slug":"votke-meiega-uehendust","status":"publish","type":"page","link":"https:\/\/helim.eu\/et\/votke-meiega-uehendust\/","title":{"rendered":"V\u00f5tke meiega \u00fchendust"},"content":{"rendered":"\n<style type=\"text\/css\" data-created_by=\"avia_inline_auto\" id=\"style-css-av-m7uj1yt0-e884c54767838f622762901d2299342f\">\n.avia-section.av-m7uj1yt0-e884c54767838f622762901d2299342f .av-parallax .av-parallax-inner{\nbackground-color:#e10800;\nbackground-image:url(https:\/\/helim.eu\/wp-content\/uploads\/2025\/03\/leaktest-battery-leakage-test-helim-10.png);\nbackground-repeat:no-repeat;\nbackground-position:100% 0%;\nbackground-attachment:scroll;\n}\n.avia-section.av-m7uj1yt0-e884c54767838f622762901d2299342f .av-section-color-overlay{\nopacity:0.6;\nbackground-color:#e10800;\n}\n#top .avia-section.av-m7uj1yt0-e884c54767838f622762901d2299342f .scroll-down-link{\ncolor:#ffffff;\n}\n<\/style>\n<div id='av_section_1'  class='avia-section av-m7uj1yt0-e884c54767838f622762901d2299342f main_color avia-section-default avia-no-border-styling  avia-builder-el-0  el_before_av_section  avia-builder-el-first  av-parallax-section avia-bg-style-parallax av-section-color-overlay-active av-minimum-height av-minimum-height-50 av-height-50  container_wrap fullsize'  data-section-bg-repeat='no-repeat' data-av_minimum_height_pc='50' data-av_min_height_opt='50'><div class='av-parallax' data-avia-parallax-ratio='0.3' ><div class='av-parallax-inner main_color avia-full-stretch'><\/div><\/div><div class=\"av-section-color-overlay-wrap\"><div class=\"av-section-color-overlay\"><\/div><a href='#next-section' title='' class='scroll-down-link av-custom-scroll-down-color' aria-hidden='true' data-av_icon='\ue877' data-av_iconfont='entypo-fontello'><\/a><div class='container av-section-cont-open' ><main  role=\"main\" itemprop=\"mainContentOfPage\"  class='template-page content  av-content-full alpha units'><div class='post-entry post-entry-type-page post-entry-2028'><div class='entry-content-wrapper clearfix'>\n\n<style type=\"text\/css\" data-created_by=\"avia_inline_auto\" id=\"style-css-av-4w6a-e4e2878a77dacf489fc1da314676a2c1\">\n.flex_column.av-4w6a-e4e2878a77dacf489fc1da314676a2c1{\npadding:50px 0 0 0;\n}\n<\/style>\n<div  class='flex_column av-4w6a-e4e2878a77dacf489fc1da314676a2c1 av_three_fifth  avia-builder-el-1  el_before_av_two_fifth  avia-builder-el-first  first flex_column_div av-parallax-object  ' data-parallax=\"{&quot;parallax&quot;:&quot;right_left&quot;,&quot;parallax_speed&quot;:&quot;40&quot;,&quot;av-desktop-parallax&quot;:&quot;inherit&quot;,&quot;av-desktop-parallax_speed&quot;:&quot;inherit&quot;,&quot;av-medium-parallax&quot;:&quot;inherit&quot;,&quot;av-medium-parallax_speed&quot;:&quot;inherit&quot;,&quot;av-small-parallax&quot;:&quot;inherit&quot;,&quot;av-small-parallax_speed&quot;:&quot;inherit&quot;,&quot;av-mini-parallax&quot;:&quot;inherit&quot;,&quot;av-mini-parallax_speed&quot;:&quot;inherit&quot;,&quot;parallax-container&quot;:&quot;.av-4w6a-e4e2878a77dacf489fc1da314676a2c1&quot;}\"    ><section  class='av_textblock_section av-m7uirohe-b57013c8e80d236f727e40edc1cd64b9 '   itemscope=\"itemscope\" itemtype=\"https:\/\/schema.org\/CreativeWork\" ><div class='avia_textblock'  itemprop=\"text\" ><h1><span style=\"color: #ffffff;\">Teie kontakt meiega<\/span><\/h1>\n<h1><\/h1>\n<\/div><\/section><br \/>\n\n<style type=\"text\/css\" data-created_by=\"avia_inline_auto\" id=\"style-css-av-m7yo0zzc-841ce2c2f2e477756d17ed2aad87f50e\">\n#top .hr.av-m7yo0zzc-841ce2c2f2e477756d17ed2aad87f50e{\nmargin-top:15px;\nmargin-bottom:15px;\n}\n.hr.av-m7yo0zzc-841ce2c2f2e477756d17ed2aad87f50e .hr-inner{\nwidth:50px;\n}\n<\/style>\n<div  class='hr av-m7yo0zzc-841ce2c2f2e477756d17ed2aad87f50e hr-custom  avia-builder-el-3  el_after_av_textblock  el_before_av_image  hr-center hr-icon-no'><span class='hr-inner inner-border-av-border-none'><span class=\"hr-inner-style\"><\/span><\/span><\/div><br \/>\n\n<style type=\"text\/css\" data-created_by=\"avia_inline_auto\" id=\"style-css-av-m7ynwwq1-234aec3c5f6f401797622253e5cd7fb3\">\n.avia-image-container.av-m7ynwwq1-234aec3c5f6f401797622253e5cd7fb3 img.avia_image{\nbox-shadow:none;\n}\n.avia-image-container.av-m7ynwwq1-234aec3c5f6f401797622253e5cd7fb3 .av-image-caption-overlay-center{\ncolor:#ffffff;\n}\n<\/style>\n<div  class='avia-image-container av-m7ynwwq1-234aec3c5f6f401797622253e5cd7fb3 av-styling- avia-align-left  avia-builder-el-4  el_after_av_hr  avia-builder-el-last '   itemprop=\"image\" itemscope=\"itemscope\" itemtype=\"https:\/\/schema.org\/ImageObject\" ><div class=\"avia-image-container-inner\"><div class=\"avia-image-overlay-wrap\"><img decoding=\"async\" fetchpriority=\"high\" class='wp-image-2048 avia-img-lazy-loading-not-2048 avia_image ' src=\"https:\/\/helim.eu\/wp-content\/uploads\/2025\/03\/helim-white-without-bg-600-300x92.png\" alt='' title='Leakage test EV battery - Helim - Logo 600'  height=\"92\" width=\"300\"  itemprop=\"thumbnailUrl\" srcset=\"https:\/\/helim.eu\/wp-content\/uploads\/2025\/03\/helim-white-without-bg-600-300x92.png 300w, https:\/\/helim.eu\/wp-content\/uploads\/2025\/03\/helim-white-without-bg-600.png 600w\" sizes=\"(max-width: 300px) 100vw, 300px\" \/><\/div><\/div><\/div><\/p><\/div><div  class='flex_column av-2v8g-3bf2cc19cd5a2b3ccf8dff553b817e7b av_two_fifth  avia-builder-el-5  el_after_av_three_fifth  avia-builder-el-last  flex_column_div av-parallax-object  ' data-parallax=\"{&quot;parallax&quot;:&quot;left_right&quot;,&quot;parallax_speed&quot;:&quot;&quot;,&quot;av-desktop-parallax&quot;:&quot;inherit&quot;,&quot;av-desktop-parallax_speed&quot;:&quot;inherit&quot;,&quot;av-medium-parallax&quot;:&quot;inherit&quot;,&quot;av-medium-parallax_speed&quot;:&quot;inherit&quot;,&quot;av-small-parallax&quot;:&quot;inherit&quot;,&quot;av-small-parallax_speed&quot;:&quot;inherit&quot;,&quot;av-mini-parallax&quot;:&quot;inherit&quot;,&quot;av-mini-parallax_speed&quot;:&quot;inherit&quot;,&quot;parallax-container&quot;:&quot;.av-2v8g-3bf2cc19cd5a2b3ccf8dff553b817e7b&quot;}\"    ><\/div>\n\n<\/div><\/div><\/main><!-- close content main element --><\/div><\/div><\/div><div id='av_section_2'  class='avia-section av-85sg-9253af3811e26d8c58991fb476b4cd22 main_color avia-section-default avia-no-border-styling  avia-builder-el-7  el_after_av_section  el_before_av_section  avia-bg-style-scroll av-minimum-height av-minimum-height-custom av-height-custom  container_wrap fullsize'   data-av_minimum_height_px='700'><div class='container av-section-cont-open' style='height:700px'><div class='template-page content  av-content-full alpha units'><div class='post-entry post-entry-type-page post-entry-2028'><div class='entry-content-wrapper clearfix'>\n<form action=\"https:\/\/helim.eu\/et\/votke-meiega-uehendust\/\" method=\"post\" data-fields-with-error=\"Found errors in the following field(s):\" class=\"avia_ajax_form av-form-labels-visible   avia-builder-el-8  avia-builder-el-no-sibling  av-show-form-errors   \" data-avia-form-id=\"1\" data-avia-redirect='' ><h3 class=''>V\u00f5tke meiega \u00fchendust<\/h3><fieldset><p class='  first_form  form_element form_fullwidth' id='element_avia_1_1'><label for=\"avia_1_1\">Nimi <abbr class=\"required\" title=\"required\">*<\/abbr><\/label> <input name=\"avia_1_1\" class=\"text_input is_empty\" type=\"text\" id=\"avia_1_1\" value=\"\" \/><\/p><p class='  first_form  form_element form_fullwidth' id='element_avia_2_1'><label for=\"avia_2_1\">e-mail <abbr class=\"required\" title=\"required\">*<\/abbr><\/label> <input name=\"avia_2_1\" class=\"text_input is_email\" type=\"text\" id=\"avia_2_1\" value=\"\" \/><\/p><p class='  first_form  form_element form_fullwidth' id='element_avia_3_1'><label for=\"avia_3_1\">Telefon<\/label> <input name=\"avia_3_1\" class=\"text_input \" type=\"text\" id=\"avia_3_1\" value=\"\" \/><\/p><p class='  first_form  form_element form_fullwidth' id='element_avia_4_1'><label for=\"avia_4_1\">Teema <abbr class=\"required\" title=\"required\">*<\/abbr><\/label><select  name=\"avia_4_1\" class=\"select is_empty\" id=\"avia_4_1\"><option   value='K\u00fcsi aku lekkekatse'>K\u00fcsi aku lekkekatse<\/option><option   value='k\u00fcsi muud lekkekatsed'>k\u00fcsi muud lekkekatsed<\/option><option   value='remont ja hooldus'>remont ja hooldus<\/option><\/select><\/p><p class='  first_form  form_element form_fullwidth' id='element_avia_5_1'><label for=\"avia_5_1\" class=\"textare_label hidden textare_label_avia_5_1\">S\u00f5num <abbr class=\"required\" title=\"required\">*<\/abbr><\/label><textarea  name=\"avia_5_1\" class=\"text_area is_empty\" cols=\"40\" rows=\"7\" id=\"avia_5_1\" ><\/textarea><\/p><p class=\"hidden\"><input type=\"text\" name=\"avia_6_1\" class=\"hidden \" id=\"avia_6_1\" value=\"\" \/><\/p><p class='   form_element form_fullwidth' id='element_avia_7_1'><span class='value_verifier_label'>6 + 1 = ?<\/span><input name=\"avia_7_1_verifier\" type=\"hidden\" id=\"avia_7_1_verifier\" value=\"574724677\"\/><label for=\"avia_7_1\">Please prove that you are human by solving the equation <abbr class=\"required\" title=\"required\">*<\/abbr><\/label><input name=\"avia_7_1\" class=\"text_input captcha\" type=\"text\" id=\"avia_7_1\" value=\"\"\/><\/p><p class=\"form_element \"><input type=\"hidden\" value=\"1\" name=\"avia_generated_form1\" \/><input type=\"submit\" value=\"Saada\" class=\"button\"  data-sending-label=\"Sending\"\/><\/p><\/fieldset><\/form><div id=\"ajaxresponse_1\" class=\"ajaxresponse ajaxresponse_1 hidden\"><\/div>\n<\/div><\/div><\/div><!-- close content main div --><\/div><\/div>\n<style type=\"text\/css\" data-created_by=\"avia_inline_auto\" id=\"style-css-av-m7vq220t-16bfaa785507388f50cff64c5d05d2d1\">\n.avia-section.av-m7vq220t-16bfaa785507388f50cff64c5d05d2d1{\nbackground-repeat:no-repeat;\nbackground-image:url(https:\/\/helim.eu\/wp-content\/uploads\/2025\/03\/battery-air-leak-test-helim-r.png);\nbackground-position:50% 50%;\nbackground-attachment:fixed;\n}\n.avia-section.av-m7vq220t-16bfaa785507388f50cff64c5d05d2d1 .av-section-color-overlay{\nopacity:0.3;\nbackground-color:#333333;\n}\n<\/style>\n<div id='av_section_3'  class='avia-section av-m7vq220t-16bfaa785507388f50cff64c5d05d2d1 main_color avia-section-default avia-no-border-styling  avia-builder-el-9  el_after_av_section  el_before_av_section  av-mini-hide avia-bg-style-fixed av-section-color-overlay-active av-minimum-height av-minimum-height-custom av-height-custom  container_wrap fullsize'  data-section-bg-repeat='no-repeat' data-av_minimum_height_px='350'><div class=\"av-section-color-overlay-wrap\"><div class=\"av-section-color-overlay\"><\/div><div class='container av-section-cont-open' style='height:350px'><div class='template-page content  av-content-full alpha units'><div class='post-entry post-entry-type-page post-entry-2028'><div class='entry-content-wrapper clearfix'><\/p>\n<\/div><\/div><\/div><!-- close content main div --><\/div><\/div><\/div><div id='av_section_4'  class='avia-section av-47lk-f015129779bb3f8076b237345036f878 main_color avia-section-default avia-no-border-styling  avia-builder-el-10  el_after_av_section  el_before_av_section  avia-bg-style-scroll av-minimum-height av-minimum-height-25 av-height-25  container_wrap fullsize'   data-av_minimum_height_pc='25' data-av_min_height_opt='25'><div class='container av-section-cont-open' ><div class='template-page content  av-content-full alpha units'><div class='post-entry post-entry-type-page post-entry-2028'><div class='entry-content-wrapper clearfix'>\n\n<style type=\"text\/css\" data-created_by=\"avia_inline_auto\" id=\"style-css-av-m7voq5i7-63dcc9f6d8eaf1fc54618182a0cb7f21\">\n#top .av_textblock_section.av-m7voq5i7-63dcc9f6d8eaf1fc54618182a0cb7f21 .avia_textblock{\ntext-align:center;\n}\n<\/style>\n<section  class='av_textblock_section av-m7voq5i7-63dcc9f6d8eaf1fc54618182a0cb7f21 '   itemscope=\"itemscope\" itemtype=\"https:\/\/schema.org\/CreativeWork\" ><div class='avia_textblock'  itemprop=\"text\" ><h3 style=\"text-align: center;\"><span style=\"color: #000000;\">v\u00f5i otse e-posti teel<\/span><\/h3>\n<h2 style=\"text-align: center;\"><span style=\"color: #000000;\"><a style=\"color: #000000;\" href=\"mailto:info@helim.eu\">info@helim.eu<\/a><\/span><\/h2>\n<\/div><\/section>\n\n<\/div><\/div><\/div><!-- close content main div --><\/div><\/div>\n<style type=\"text\/css\" data-created_by=\"avia_inline_auto\" id=\"style-css-av-2x7u-b176549d181935c7f70c17e542152199\">\n.avia-section.av-2x7u-b176549d181935c7f70c17e542152199{\nbackground-repeat:no-repeat;\nbackground-image:url(https:\/\/helim.eu\/wp-content\/uploads\/2025\/03\/battery-air-leak-test-helim-r.png);\nbackground-position:50% 50%;\nbackground-attachment:fixed;\nmargin-top:0px;\nmargin-bottom:50px;\n}\n.avia-section.av-2x7u-b176549d181935c7f70c17e542152199 .av-section-color-overlay{\nopacity:0.3;\nbackground-color:#333333;\n}\n<\/style>\n<div id='av_section_5'  class='avia-section av-2x7u-b176549d181935c7f70c17e542152199 main_color avia-section-default avia-no-border-styling  avia-builder-el-12  el_after_av_section  el_before_av_section  av-mini-hide avia-bg-style-fixed av-section-color-overlay-active av-minimum-height av-minimum-height-custom av-height-custom  container_wrap fullsize'  data-section-bg-repeat='no-repeat' data-av_minimum_height_px='350'><div class=\"av-section-color-overlay-wrap\"><div class=\"av-section-color-overlay\"><\/div><div class='container av-section-cont-open' style='height:350px'><div class='template-page content  av-content-full alpha units'><div class='post-entry post-entry-type-page post-entry-2028'><div class='entry-content-wrapper clearfix'>\n<\/div><\/div><\/div><!-- close content main div --><\/div><\/div><\/div><div id='av_section_6'  class='avia-section av-m8e56uus-b049f246afb3d19ec29a2e2ba8133cdf main_color avia-section-default avia-no-border-styling  avia-builder-el-13  el_after_av_section  avia-builder-el-last  av-desktop-hide av-medium-hide av-small-hide av-mini-hide avia-bg-style-scroll av-minimum-height av-minimum-height-25 av-height-25  container_wrap fullsize'   data-av_minimum_height_pc='25' data-av_min_height_opt='25'><div class='container av-section-cont-open' ><div class='template-page content  av-content-full alpha units'><div class='post-entry post-entry-type-page post-entry-2028'><div class='entry-content-wrapper clearfix'>\n\n<style type=\"text\/css\" data-created_by=\"avia_inline_auto\" id=\"style-css-av-m8e56jcr-dec421574fe1f37bd6a1a08426f5859d\">\n#top .av_textblock_section.av-m8e56jcr-dec421574fe1f37bd6a1a08426f5859d .avia_textblock{\ntext-align:center;\n}\n<\/style>\n<section  class='av_textblock_section av-m8e56jcr-dec421574fe1f37bd6a1a08426f5859d '   itemscope=\"itemscope\" itemtype=\"https:\/\/schema.org\/CreativeWork\" ><div class='avia_textblock'  itemprop=\"text\" ><h3 data-pm-slice=\"1 1 &#091;&#093;\">V\u00f5tke \u00fchendust Helimiga &#8211; Professionaalsed lahendused aku lekke testimiseks<\/h3>\n<p>Elektromobiilsus seab k\u00f5rged n\u00f5udmised t\u00f6\u00f6kodadele ja katsejaamadele. Elektri- ja h\u00fcbriids\u00f5idukite k\u00f5rgepingeakude ohutuse ja pikaealisuse tagamiseks on oluline akude usaldusv\u00e4\u00e4rne lekkekatse. Seet\u00f5ttu on oluline kasutada kaasaegseid katsemeetodeid. Helimi uuenduslikud akude lekkekatseseadmed pakuvad t\u00f6\u00f6kodadele t\u00f5husat ja t\u00e4pset lahendust akukorpuste ja jahutuskontuuride lekkekontrolliks. See v\u00f5imaldab kahjustusi varakult \u00e4ra tunda ja v\u00e4ltida.    <\/p>\n<h3>Aku lekkekatse maksimaalse ohutuse tagamiseks<\/h3>\n<p>Kaasaegsed aku lekkekatseseadmed tagavad kiire ja usaldusv\u00e4\u00e4rse diagnostika, et v\u00e4ltida niiskuse sissetungi. See kaitseb akut ja pikendab selle kasutusiga. Lekkinud aku mitte ainult ei l\u00fchenda selle kasutusiga, vaid kujutab endast ka ohutusriski s\u00f5iduki kasutajatele ja t\u00f6\u00f6kojapersonalile. Seep\u00e4rast on professionaalne aku lekkekatse h\u00e4davajalik. Lisaks toetab regulaarne kontroll aku pikaajalist funktsioneerimist.    <\/p>\n<h3>Miks on aku lekkekatse oluline?<\/h3>\n<ul>\n<li><strong>Suurem ohutus<\/strong> s\u00f5idukikasutajatele ja t\u00f6\u00f6kojapersonalile t\u00e4nu varajasele lekete avastamisele ja ennetamisele<\/li>\n<li><strong>Pikem aku kasutusiga<\/strong>, kuna v\u00f5imalikud defektid tuvastatakse kohe.<\/li>\n<li><strong>Niiskuskahjustuste ennetamine<\/strong> lekkivate akukorpuste varajase tuvastamise abil<\/li>\n<li><strong>Vastavus \u00f5iguslikele standarditele<\/strong> ja juhtivate tootjate spetsifikatsioonidele akude standardiseeritud lekkekatsete tegemiseks.<\/li>\n<li><strong>Kiire ja t\u00e4pne diagnoosimine<\/strong> t\u00e4nu t\u00e4iustatud aku lekkekatseseadmete kasutamisele koos uuendusliku anduritehnoloogiaga<\/li>\n<\/ul>\n<h3>Mitmek\u00fclgsed kasutusalad aku lekke testimiseks<\/h3>\n<p>Meie aku lekkekatseid saab kasutada mitmesuguste rakenduste jaoks:<\/p>\n<ul data-spread=\"false\">\n<li><span style=\"color: #000000;\"><a style=\"color: #000000;\" href=\"https:\/\/de.wikipedia.org\/wiki\/Autowerkstatt\" target=\"_blank\" rel=\"noopener\"><strong>t\u00f6\u00f6toad<\/strong><\/a><\/span>kes sooviksid kehtestada professionaalse patareide testimise oma teenuste pakkumise lahutamatuks osaks<\/li>\n<li><strong>Testkeskused<\/strong>, mis s\u00f5ltuvad usaldusv\u00e4\u00e4rsest ja standardiseeritud aku lekkekatsestusest<\/li>\n<li><strong>Autotootjad<\/strong>, kes vajavad t\u00f5husat lekkekontrolli akude tootmiseks<\/li>\n<\/ul>\n<p>Lisaks aku korpuse testimisele salvestavad meie aku lekkekatsed ka jahutuskontuuri lekkekatse. Sellega tagatakse, et k\u00f5rgepingeaku tundlikesse komponentidesse ei p\u00e4\u00e4se niiskust ega v\u00f5\u00f5rkehi. See aitab otsustavalt kaasa akude ohutusele ja pikaealisusele.  <\/p>\n<h3>T\u00f5hus aku lekke testimine Helimiga<\/h3>\n<p>Meie aku lekete testimine p\u00f5hineb kaasaegsel anduritehnoloogial, mis tuvastab isegi k\u00f5ige v\u00e4iksemad lekked. Lisaks pakume t\u00e4pseid testimismeetodeid erinevate akut\u00fc\u00fcpide ja -konstruktsioonide jaoks. Meie eesm\u00e4rk on pakkuda t\u00f5husat ja ohutut akude lekkekontrolli, mis vastab kehtivatele t\u00f6\u00f6stusn\u00f5uetele. Regulaarne testimine aitab v\u00e4ltida ootamatuid rikkeid ja v\u00e4hendada hoolduskulusid.   <\/p>\n<h3>V\u00f5ta \u00fchendust Helimiga kohe!<\/h3>\n<p>Kas teil on k\u00fcsimusi meie aku lekkekatseseadmete kohta? Siis kasutage meie kontaktvormi v\u00f5i saatke meile e-kiri! Anname teile hea meelega n\u00f5u ja aitame leida optimaalse lahenduse teie aku lekkekontrolli n\u00f5uetele.  <\/p>\n<p>Meie Helim ei ole teie k\u00f5rval mitte ainult konsultatsiooni ajal, vaid toetame teid ka p\u00e4rast meie toodete ostmist. Kui teil on vaja <a href=\"https:\/\/helim.eu\/maintenance\/\" target=\"_blank\" rel=\"noopener\"><span style=\"color: #000000;\">remonti<\/span><\/a> v\u00f5i oma seadmete kalibreerimist, oleme teie jaoks olemas ja tagame, et teie testis\u00fcsteemid toimiksid alati optimaalselt.<\/p>\n<\/div><\/section>\n\n","protected":false},"excerpt":{"rendered":"","protected":false},"author":1,"featured_media":0,"parent":0,"menu_order":0,"comment_status":"closed","ping_status":"open","template":"","meta":{"footnotes":""},"class_list":["post-2028","page","type-page","status-publish","hentry"],"yoast_head":"<!-- This site is optimized with the Yoast SEO plugin v27.5 - https:\/\/yoast.com\/product\/yoast-seo-wordpress\/ -->\n<title>V\u00f5tke meiega \u00fchendust - Helim - Leak Test Solutions<\/title>\n<meta name=\"description\" content=\"Helim on teie kontaktisik - teie partner t\u00e4psete HV-akude lekkekatsete tegemiseks t\u00f6\u00f6kodades ja m\u00fc\u00fcgij\u00e4rgses sektoris.\" \/>\n<meta name=\"robots\" content=\"index, follow, max-snippet:-1, max-image-preview:large, max-video-preview:-1\" \/>\n<link rel=\"canonical\" href=\"https:\/\/helim.eu\/et\/votke-meiega-uehendust\/\" \/>\n<meta property=\"og:locale\" content=\"et_EE\" \/>\n<meta property=\"og:type\" content=\"article\" \/>\n<meta property=\"og:title\" content=\"V\u00f5tke meiega \u00fchendust - Helim - Leak Test Solutions\" \/>\n<meta property=\"og:description\" content=\"Helim on teie kontaktisik - teie partner t\u00e4psete HV-akude lekkekatsete tegemiseks t\u00f6\u00f6kodades ja m\u00fc\u00fcgij\u00e4rgses sektoris.\" \/>\n<meta property=\"og:url\" content=\"https:\/\/helim.eu\/et\/votke-meiega-uehendust\/\" \/>\n<meta property=\"og:site_name\" content=\"Helim - Leak Test Solutions\" \/>\n<meta property=\"article:publisher\" content=\"https:\/\/www.facebook.com\/profile.php?id=61574206138313\" \/>\n<meta property=\"article:modified_time\" content=\"2025-07-02T07:45:15+00:00\" \/>\n<meta name=\"twitter:card\" content=\"summary_large_image\" \/>\n<meta name=\"twitter:label1\" content=\"Est. reading time\" \/>\n\t<meta name=\"twitter:data1\" content=\"24 minutit\" \/>\n<script type=\"application\/ld+json\" class=\"yoast-schema-graph\">{\"@context\":\"https:\\\/\\\/schema.org\",\"@graph\":[{\"@type\":\"WebPage\",\"@id\":\"https:\\\/\\\/helim.eu\\\/et\\\/votke-meiega-uehendust\\\/\",\"url\":\"https:\\\/\\\/helim.eu\\\/et\\\/votke-meiega-uehendust\\\/\",\"name\":\"V\u00f5tke meiega \u00fchendust - Helim - Leak Test Solutions\",\"isPartOf\":{\"@id\":\"https:\\\/\\\/helim.eu\\\/et\\\/#website\"},\"datePublished\":\"2025-03-10T12:00:21+00:00\",\"dateModified\":\"2025-07-02T07:45:15+00:00\",\"description\":\"Helim on teie kontaktisik - teie partner t\u00e4psete HV-akude lekkekatsete tegemiseks t\u00f6\u00f6kodades ja m\u00fc\u00fcgij\u00e4rgses sektoris.\",\"breadcrumb\":{\"@id\":\"https:\\\/\\\/helim.eu\\\/et\\\/votke-meiega-uehendust\\\/#breadcrumb\"},\"inLanguage\":\"et\",\"potentialAction\":[{\"@type\":\"ReadAction\",\"target\":[\"https:\\\/\\\/helim.eu\\\/et\\\/votke-meiega-uehendust\\\/\"]}]},{\"@type\":\"BreadcrumbList\",\"@id\":\"https:\\\/\\\/helim.eu\\\/et\\\/votke-meiega-uehendust\\\/#breadcrumb\",\"itemListElement\":[{\"@type\":\"ListItem\",\"position\":1,\"name\":\"Startseite\",\"item\":\"https:\\\/\\\/helim.eu\\\/et\\\/\"},{\"@type\":\"ListItem\",\"position\":2,\"name\":\"V\u00f5tke meiega \u00fchendust\"}]},{\"@type\":\"WebSite\",\"@id\":\"https:\\\/\\\/helim.eu\\\/et\\\/#website\",\"url\":\"https:\\\/\\\/helim.eu\\\/et\\\/\",\"name\":\"Helim - Leak Test Solutions\",\"description\":\"EV Battery Leaktester\",\"publisher\":{\"@id\":\"https:\\\/\\\/helim.eu\\\/et\\\/#organization\"},\"potentialAction\":[{\"@type\":\"SearchAction\",\"target\":{\"@type\":\"EntryPoint\",\"urlTemplate\":\"https:\\\/\\\/helim.eu\\\/et\\\/?s={search_term_string}\"},\"query-input\":{\"@type\":\"PropertyValueSpecification\",\"valueRequired\":true,\"valueName\":\"search_term_string\"}}],\"inLanguage\":\"et\"},{\"@type\":\"Organization\",\"@id\":\"https:\\\/\\\/helim.eu\\\/et\\\/#organization\",\"name\":\"Helim\",\"url\":\"https:\\\/\\\/helim.eu\\\/et\\\/\",\"logo\":{\"@type\":\"ImageObject\",\"inLanguage\":\"et\",\"@id\":\"https:\\\/\\\/helim.eu\\\/et\\\/#\\\/schema\\\/logo\\\/image\\\/\",\"url\":\"https:\\\/\\\/helim.eu\\\/wp-content\\\/uploads\\\/2025\\\/03\\\/helim-logo-r-w-600-600-rand.png\",\"contentUrl\":\"https:\\\/\\\/helim.eu\\\/wp-content\\\/uploads\\\/2025\\\/03\\\/helim-logo-r-w-600-600-rand.png\",\"width\":600,\"height\":600,\"caption\":\"Helim\"},\"image\":{\"@id\":\"https:\\\/\\\/helim.eu\\\/et\\\/#\\\/schema\\\/logo\\\/image\\\/\"},\"sameAs\":[\"https:\\\/\\\/www.facebook.com\\\/profile.php?id=61574206138313\"]}]}<\/script>\n<!-- \/ Yoast SEO plugin. -->","yoast_head_json":{"title":"V\u00f5tke meiega \u00fchendust - Helim - Leak Test Solutions","description":"Helim on teie kontaktisik - teie partner t\u00e4psete HV-akude lekkekatsete tegemiseks t\u00f6\u00f6kodades ja m\u00fc\u00fcgij\u00e4rgses sektoris.","robots":{"index":"index","follow":"follow","max-snippet":"max-snippet:-1","max-image-preview":"max-image-preview:large","max-video-preview":"max-video-preview:-1"},"canonical":"https:\/\/helim.eu\/et\/votke-meiega-uehendust\/","og_locale":"et_EE","og_type":"article","og_title":"V\u00f5tke meiega \u00fchendust - Helim - Leak Test Solutions","og_description":"Helim on teie kontaktisik - teie partner t\u00e4psete HV-akude lekkekatsete tegemiseks t\u00f6\u00f6kodades ja m\u00fc\u00fcgij\u00e4rgses sektoris.","og_url":"https:\/\/helim.eu\/et\/votke-meiega-uehendust\/","og_site_name":"Helim - Leak Test Solutions","article_publisher":"https:\/\/www.facebook.com\/profile.php?id=61574206138313","article_modified_time":"2025-07-02T07:45:15+00:00","twitter_card":"summary_large_image","twitter_misc":{"Est. reading time":"24 minutit"},"schema":{"@context":"https:\/\/schema.org","@graph":[{"@type":"WebPage","@id":"https:\/\/helim.eu\/et\/votke-meiega-uehendust\/","url":"https:\/\/helim.eu\/et\/votke-meiega-uehendust\/","name":"V\u00f5tke meiega \u00fchendust - Helim - Leak Test Solutions","isPartOf":{"@id":"https:\/\/helim.eu\/et\/#website"},"datePublished":"2025-03-10T12:00:21+00:00","dateModified":"2025-07-02T07:45:15+00:00","description":"Helim on teie kontaktisik - teie partner t\u00e4psete HV-akude lekkekatsete tegemiseks t\u00f6\u00f6kodades ja m\u00fc\u00fcgij\u00e4rgses sektoris.","breadcrumb":{"@id":"https:\/\/helim.eu\/et\/votke-meiega-uehendust\/#breadcrumb"},"inLanguage":"et","potentialAction":[{"@type":"ReadAction","target":["https:\/\/helim.eu\/et\/votke-meiega-uehendust\/"]}]},{"@type":"BreadcrumbList","@id":"https:\/\/helim.eu\/et\/votke-meiega-uehendust\/#breadcrumb","itemListElement":[{"@type":"ListItem","position":1,"name":"Startseite","item":"https:\/\/helim.eu\/et\/"},{"@type":"ListItem","position":2,"name":"V\u00f5tke meiega \u00fchendust"}]},{"@type":"WebSite","@id":"https:\/\/helim.eu\/et\/#website","url":"https:\/\/helim.eu\/et\/","name":"Helim - Leak Test Solutions","description":"EV Battery Leaktester","publisher":{"@id":"https:\/\/helim.eu\/et\/#organization"},"potentialAction":[{"@type":"SearchAction","target":{"@type":"EntryPoint","urlTemplate":"https:\/\/helim.eu\/et\/?s={search_term_string}"},"query-input":{"@type":"PropertyValueSpecification","valueRequired":true,"valueName":"search_term_string"}}],"inLanguage":"et"},{"@type":"Organization","@id":"https:\/\/helim.eu\/et\/#organization","name":"Helim","url":"https:\/\/helim.eu\/et\/","logo":{"@type":"ImageObject","inLanguage":"et","@id":"https:\/\/helim.eu\/et\/#\/schema\/logo\/image\/","url":"https:\/\/helim.eu\/wp-content\/uploads\/2025\/03\/helim-logo-r-w-600-600-rand.png","contentUrl":"https:\/\/helim.eu\/wp-content\/uploads\/2025\/03\/helim-logo-r-w-600-600-rand.png","width":600,"height":600,"caption":"Helim"},"image":{"@id":"https:\/\/helim.eu\/et\/#\/schema\/logo\/image\/"},"sameAs":["https:\/\/www.facebook.com\/profile.php?id=61574206138313"]}]}},"_links":{"self":[{"href":"https:\/\/helim.eu\/et\/wp-json\/wp\/v2\/pages\/2028","targetHints":{"allow":["GET"]}}],"collection":[{"href":"https:\/\/helim.eu\/et\/wp-json\/wp\/v2\/pages"}],"about":[{"href":"https:\/\/helim.eu\/et\/wp-json\/wp\/v2\/types\/page"}],"author":[{"embeddable":true,"href":"https:\/\/helim.eu\/et\/wp-json\/wp\/v2\/users\/1"}],"replies":[{"embeddable":true,"href":"https:\/\/helim.eu\/et\/wp-json\/wp\/v2\/comments?post=2028"}],"version-history":[{"count":5,"href":"https:\/\/helim.eu\/et\/wp-json\/wp\/v2\/pages\/2028\/revisions"}],"predecessor-version":[{"id":3530,"href":"https:\/\/helim.eu\/et\/wp-json\/wp\/v2\/pages\/2028\/revisions\/3530"}],"wp:attachment":[{"href":"https:\/\/helim.eu\/et\/wp-json\/wp\/v2\/media?parent=2028"}],"curies":[{"name":"wp","href":"https:\/\/api.w.org\/{rel}","templated":true}]}}