{"id":2021,"date":"2025-01-22T17:30:34","date_gmt":"2025-01-22T17:30:34","guid":{"rendered":"https:\/\/helim.eu\/privaatsuspoliitika\/"},"modified":"2025-09-10T16:38:25","modified_gmt":"2025-09-10T16:38:25","slug":"privaatsuspoliitika","status":"publish","type":"page","link":"https:\/\/helim.eu\/et\/privaatsuspoliitika\/","title":{"rendered":"Privaatsuspoliitika"},"content":{"rendered":"<section  class='av_textblock_section av-m860qs28-1630095a5e4c5eb0929470a73e6b6410 '   itemscope=\"itemscope\" itemtype=\"https:\/\/schema.org\/CreativeWork\" ><div class='avia_textblock'  itemprop=\"text\" ><h2 data-pm-slice=\"1 1 []\">Privaatsuspoliitika<\/h2>\n<h3>1. \u00fcldine teave<\/h3>\n<p>Teie isikuandmete kaitse on meile oluline. K\u00e4esolev privaatsuspoliitika selgitab, milliseid andmeid me kogume, kuidas me neid kasutame ja millised \u00f5igused teil on. <\/p>\n<h3>2. andmete t\u00f6\u00f6tlemise eest vastutav isik<\/h3>\n<p>NIROXX Engineering Ltd.<br \/>\nMorozowi alevik 12<br \/>\n8220 Paphos, K\u00fcpros<br \/>\nE-post: <a>info@niroxx.io<\/a><br \/>\nVeebileht:   <a href=\"https:\/\/www.niroxx.io\">https:\/\/www.niroxx.io<\/a><\/p>\n<h3>3. hosting ja serveri logifailid<\/h3>\n<p>Meie veebilehte haldab Strato AG:<br \/>\n<strong>Strato AG<\/strong>, Pascalstra\u00dfe 10, 10587 Berliin, Saksamaa<\/p>\n<p>Kui k\u00fclastate meie veebisaiti, salvestab veebimajutuse pakkuja automaatselt j\u00e4rgmised andmed niinimetatud serverilogifailidesse:<\/p>\n<ul data-spread=\"false\">\n<li>K\u00fclastaja IP-aadress<\/li>\n<li>Juurdep\u00e4\u00e4su kuup\u00e4ev ja kellaaeg<\/li>\n<li>Brauseri t\u00fc\u00fcp ja versioon<\/li>\n<li>Operatsioonis\u00fcsteem<\/li>\n<li>Referrer URL (eelnevalt k\u00fclastatud lehek\u00fclg)<\/li>\n<\/ul>\n<p>Neid andmeid kasutatakse ainult veebisaidi turvalisuse ja tehnilise hoolduse tagamiseks ning neid ei liideta teiste andmeallikatega. Andmeid s\u00e4ilitatakse maksimaalselt 7 p\u00e4eva ja seej\u00e4rel kustutatakse need automaatselt. <\/p>\n<h3>4. isikuandmete kogumine ja t\u00f6\u00f6tlemine<\/h3>\n<p>Me kogume isikuandmeid ainult siis, kui annate need meile vabatahtlikult kontaktvormi v\u00f5i e-posti teel. See kehtib eelk\u00f5ige: <\/p>\n<ul data-spread=\"false\">\n<li>Nimi<\/li>\n<li>E-posti aadress<\/li>\n<li>Telefoninumber (kui see on esitatud)<\/li>\n<li>Teie s\u00f5numi sisu<\/li>\n<li>Kasutajakonto andmed (kui on registreeritud)<\/li>\n<\/ul>\n<h3>5. andmet\u00f6\u00f6tluse eesm\u00e4rk<\/h3>\n<p>Teie esitatud andmeid kasutatakse ainult teie p\u00e4ringu t\u00f6\u00f6tlemiseks, teiega suhtlemiseks ja meie teenuste parandamiseks.<\/p>\n<h3>6. kommentaarid<\/h3>\n<p>Kui k\u00fclastajad avaldavad veebilehel kommentaare, kogume me kommentaarivormis kuvatavaid andmeid, samuti IP-aadressi ja kasutajaagentide stringi, et aidata r\u00e4mpsposti \u00e4ra tunda.<\/p>\n<h3>7. meedia<\/h3>\n<p>Kui te laadite sellele veebisaidile pilte \u00fcles, peaksite v\u00e4ltima EXIF GPS-positsioneerimisandmetega piltide \u00fcleslaadimist. Veebisaidi k\u00fclastajad v\u00f5ivad sellised asukohaandmed v\u00e4lja v\u00f5tta. <\/p>\n<h3>8. kontaktvormid<\/h3>\n<p>Kui kasutate meie kontaktvormi, salvestame klienditeeninduse eesm\u00e4rgil edastatud andmeid kuni 6 kuud. Neid andmeid ei kasutata turunduslikel eesm\u00e4rkidel. <\/p>\n<h3>9. k\u00fcpsised<\/h3>\n<p>Meie veebisait kasutab k\u00fcpsiseid. K\u00fcpsised on v\u00e4ikesed tekstifailid, mis salvestatakse teie seadmesse. <\/p>\n<p>Meie kasutatavad k\u00fcpsised on j\u00e4rgmised<\/p>\n<ul data-spread=\"false\">\n<li><strong>Olulised k\u00fcpsised<\/strong>: Need on vajalikud veebisaidi toimimiseks.<\/li>\n<li><strong>Anal\u00fc\u00fcsi- ja turundusk\u00fcpsised<\/strong>: Need aitavad meil anal\u00fc\u00fcsida meie veebisaidi kasutamist ja optimeerida meie turundust.<\/li>\n<\/ul>\n<p>K\u00fcpsiste salvestamise saate oma brauseri seadetes v\u00e4lja l\u00fclitada.<\/p>\n<h3>10. anal\u00fc\u00fcsiteenused<\/h3>\n<p>Meie veebisait kasutab Google Analytics&#8217;i, veebianal\u00fc\u00fcsi teenust, mida pakub Google Ireland Limited, Gordon House, Barrow Street, Dublin 4, Iirimaa.<\/p>\n<p>Google Analytics kasutab k\u00fcpsiseid, et anal\u00fc\u00fcsida meie veebisaidi kasutamist. Oleme aktiveerinud IP-anon\u00fc\u00fcmimise, nii et teie IP-aadress k\u00e4rbitakse ELis v\u00f5i EMPs enne Google&#8217;ile edastamist. Te saate k\u00fcpsiste salvestamist takistada, valides sobivad brauseri seaded v\u00f5i kasutades Google Analyticsi loobumispluginit.  <\/p>\n<p>Lisateave: <a>https:\/\/policies.google.com\/privacy<\/a><\/p>\n<h3>11. andmete avalikustamine<\/h3>\n<p>Teie andmeid ei edastata kolmandatele isikutele, v\u00e4lja arvatud juhul, kui:<\/p>\n<ul data-spread=\"false\">\n<li>Te olete selges\u00f5naliselt n\u00f5ustunud<\/li>\n<li>Selleks on juriidiline kohustus<\/li>\n<li>T\u00f6\u00f6tlemine toimub volitatud t\u00f6\u00f6tleja poolt vastavalt GDPR artiklile 28.<\/li>\n<\/ul>\n<h3>12. ladustamisperiood<\/h3>\n<p>Me s\u00e4ilitame isikuandmeid ainult nii kaua, kui see on vajalik teie p\u00e4ringu t\u00f6\u00f6tlemiseks v\u00f5i nii kaua, kui on olemas seadusest tulenev s\u00e4ilitamiskohustus:<\/p>\n<ul data-spread=\"false\">\n<li>Kontaktvormi andmed: 6 kuud<\/li>\n<li>Anal\u00fc\u00fcsiandmed: 1 aasta<\/li>\n<li>Tellimusandmed: 10 aastat<\/li>\n<\/ul>\n<h3>13. millised \u00f5igused teil on oma andmete suhtes<\/h3>\n<p>Teil on j\u00e4rgmised \u00f5igused:<\/p>\n<ul data-spread=\"false\">\n<li>\u00d5igus saada teavet salvestatud andmete kohta<\/li>\n<li>\u00d5igus eba\u00f5igete andmete parandamisele<\/li>\n<li>\u00f5igus teie andmete kustutamisele (tingimusel, et puudub seadusest tulenev s\u00e4ilitamiskohustus).<\/li>\n<li>\u00d5igus t\u00f6\u00f6tlemise piiramisele<\/li>\n<li>\u00d5igus esitada vastuv\u00e4iteid t\u00f6\u00f6tlemisele<\/li>\n<li>\u00d5igus andmete \u00fclekantavusele<\/li>\n<\/ul>\n<p>Palun v\u00f5tke meiega \u00fchendust aadressil <a>info@niroxx.io<\/a>, kui soovite kasutada m\u00f5nda neist \u00f5igustest.<\/p>\n<h3>14 Kuhu teie andmed saadetakse<\/h3>\n<p>Me kasutame kolmanda osapoole vahendeid ja teenuseid, mis v\u00f5ivad t\u00f6\u00f6delda andmeid v\u00e4ljaspool ELi. Tagame, et need teenusepakkujad j\u00e4rgivad GDPRi: <\/p>\n<ul data-spread=\"false\">\n<li><strong>Google LLC (Google Analytics, Google Ads, reCAPTCHA)<\/strong>: Privacy Shield leping (kuni 2020. aastani) ja standardsed lepingutingimused.<\/li>\n<li><strong>Mailchimp (uudiskirja saatmine)<\/strong>: T\u00fc\u00fcpilised lepingutingimused<\/li>\n<\/ul>\n<h3>15. kontaktandmed<\/h3>\n<p>Andmekaitseprobleemide korral v\u00f5tke meiega \u00fchendust aadressil:<br \/>\nE-post:  <a>info@niroxx.io<\/a><\/p>\n<h3>16. kuidas me teie andmeid kaitseme<\/h3>\n<p>Me kasutame teie andmete kaitsmiseks tehnilisi ja korralduslikke meetmeid:<\/p>\n<ul data-spread=\"false\">\n<li>SSL\/TLS kr\u00fcpteerimine<\/li>\n<li>Juurdep\u00e4\u00e4supiirangud<\/li>\n<li>Kahefaktoriline autentimine (kui see on kohaldatav)<\/li>\n<li>Regulaarsed turvauuendused<\/li>\n<\/ul>\n<h3>17. meetmed andmete rikkumise korral<\/h3>\n<p>Andmekaitserikkumise korral teavitame m\u00f5jutatud kasutajaid ja p\u00e4devaid andmekaitseasutusi vastavalt \u00f5igusaktidele.<\/p>\n<h3>18. millistelt kolmandatelt osapooltelt me saame andmeid<\/h3>\n<p>Me ei saa andmeid kolmandatest isikutest teenusepakkujatelt, mida ei ole k\u00e4esolevas privaatsuspoliitikas mainitud.<\/p>\n<h3>19 Automatiseeritud otsuste tegemine<\/h3>\n<p>Meie veebisait ei tee automatiseeritud otsuste tegemist ega profiilianal\u00fc\u00fcsi.<\/p>\n<h3>20. muudatused privaatsuspoliitikas<\/h3>\n<p>Me j\u00e4tame endale \u00f5iguse k\u00e4esolevat privaatsuspoliitikat vajaduse korral ajakohastada.<\/p>\n<p><strong>Staatus: m\u00e4rts 2025<\/strong><\/p>\n<\/div><\/section>\n","protected":false},"excerpt":{"rendered":"","protected":false},"author":1,"featured_media":0,"parent":0,"menu_order":0,"comment_status":"closed","ping_status":"open","template":"","meta":{"footnotes":""},"class_list":["post-2021","page","type-page","status-publish","hentry"],"yoast_head":"<!-- This site is optimized with the Yoast SEO plugin v27.5 - https:\/\/yoast.com\/product\/yoast-seo-wordpress\/ -->\n<title>Privaatsuspoliitika - Helim - Leak Test Solutions<\/title>\n<meta name=\"description\" content=\"Helim - elektri- ja h\u00fcbriids\u00f5idukite aku lekkekatsete tootja, eelk\u00f5ige t\u00f6\u00f6kodadele ja t\u00f6\u00f6stusele.\" \/>\n<meta name=\"robots\" content=\"index, follow, max-snippet:-1, max-image-preview:large, max-video-preview:-1\" \/>\n<link rel=\"canonical\" href=\"https:\/\/helim.eu\/et\/privaatsuspoliitika\/\" \/>\n<meta property=\"og:locale\" content=\"et_EE\" \/>\n<meta property=\"og:type\" content=\"article\" \/>\n<meta property=\"og:title\" content=\"Privaatsuspoliitika - Helim - Leak Test Solutions\" \/>\n<meta property=\"og:description\" content=\"Helim - elektri- ja h\u00fcbriids\u00f5idukite aku lekkekatsete tootja, eelk\u00f5ige t\u00f6\u00f6kodadele ja t\u00f6\u00f6stusele.\" \/>\n<meta property=\"og:url\" content=\"https:\/\/helim.eu\/et\/privaatsuspoliitika\/\" \/>\n<meta property=\"og:site_name\" content=\"Helim - Leak Test Solutions\" \/>\n<meta property=\"article:publisher\" content=\"https:\/\/www.facebook.com\/profile.php?id=61574206138313\" \/>\n<meta property=\"article:modified_time\" content=\"2025-09-10T16:38:25+00:00\" \/>\n<meta name=\"twitter:card\" content=\"summary_large_image\" \/>\n<meta name=\"twitter:label1\" content=\"Est. reading time\" \/>\n\t<meta name=\"twitter:data1\" content=\"4 minutit\" \/>\n<script type=\"application\/ld+json\" class=\"yoast-schema-graph\">{\"@context\":\"https:\\\/\\\/schema.org\",\"@graph\":[{\"@type\":\"WebPage\",\"@id\":\"https:\\\/\\\/helim.eu\\\/et\\\/privaatsuspoliitika\\\/\",\"url\":\"https:\\\/\\\/helim.eu\\\/et\\\/privaatsuspoliitika\\\/\",\"name\":\"Privaatsuspoliitika - Helim - Leak Test Solutions\",\"isPartOf\":{\"@id\":\"https:\\\/\\\/helim.eu\\\/et\\\/#website\"},\"datePublished\":\"2025-01-22T17:30:34+00:00\",\"dateModified\":\"2025-09-10T16:38:25+00:00\",\"description\":\"Helim - elektri- ja h\u00fcbriids\u00f5idukite aku lekkekatsete tootja, eelk\u00f5ige t\u00f6\u00f6kodadele ja t\u00f6\u00f6stusele.\",\"breadcrumb\":{\"@id\":\"https:\\\/\\\/helim.eu\\\/et\\\/privaatsuspoliitika\\\/#breadcrumb\"},\"inLanguage\":\"et\",\"potentialAction\":[{\"@type\":\"ReadAction\",\"target\":[\"https:\\\/\\\/helim.eu\\\/et\\\/privaatsuspoliitika\\\/\"]}]},{\"@type\":\"BreadcrumbList\",\"@id\":\"https:\\\/\\\/helim.eu\\\/et\\\/privaatsuspoliitika\\\/#breadcrumb\",\"itemListElement\":[{\"@type\":\"ListItem\",\"position\":1,\"name\":\"Startseite\",\"item\":\"https:\\\/\\\/helim.eu\\\/et\\\/\"},{\"@type\":\"ListItem\",\"position\":2,\"name\":\"Privaatsuspoliitika\"}]},{\"@type\":\"WebSite\",\"@id\":\"https:\\\/\\\/helim.eu\\\/et\\\/#website\",\"url\":\"https:\\\/\\\/helim.eu\\\/et\\\/\",\"name\":\"Helim - Leak Test Solutions\",\"description\":\"EV Battery Leaktester\",\"publisher\":{\"@id\":\"https:\\\/\\\/helim.eu\\\/et\\\/#organization\"},\"potentialAction\":[{\"@type\":\"SearchAction\",\"target\":{\"@type\":\"EntryPoint\",\"urlTemplate\":\"https:\\\/\\\/helim.eu\\\/et\\\/?s={search_term_string}\"},\"query-input\":{\"@type\":\"PropertyValueSpecification\",\"valueRequired\":true,\"valueName\":\"search_term_string\"}}],\"inLanguage\":\"et\"},{\"@type\":\"Organization\",\"@id\":\"https:\\\/\\\/helim.eu\\\/et\\\/#organization\",\"name\":\"Helim\",\"url\":\"https:\\\/\\\/helim.eu\\\/et\\\/\",\"logo\":{\"@type\":\"ImageObject\",\"inLanguage\":\"et\",\"@id\":\"https:\\\/\\\/helim.eu\\\/et\\\/#\\\/schema\\\/logo\\\/image\\\/\",\"url\":\"https:\\\/\\\/helim.eu\\\/wp-content\\\/uploads\\\/2025\\\/03\\\/helim-logo-r-w-600-600-rand.png\",\"contentUrl\":\"https:\\\/\\\/helim.eu\\\/wp-content\\\/uploads\\\/2025\\\/03\\\/helim-logo-r-w-600-600-rand.png\",\"width\":600,\"height\":600,\"caption\":\"Helim\"},\"image\":{\"@id\":\"https:\\\/\\\/helim.eu\\\/et\\\/#\\\/schema\\\/logo\\\/image\\\/\"},\"sameAs\":[\"https:\\\/\\\/www.facebook.com\\\/profile.php?id=61574206138313\"]}]}<\/script>\n<!-- \/ Yoast SEO plugin. -->","yoast_head_json":{"title":"Privaatsuspoliitika - Helim - Leak Test Solutions","description":"Helim - elektri- ja h\u00fcbriids\u00f5idukite aku lekkekatsete tootja, eelk\u00f5ige t\u00f6\u00f6kodadele ja t\u00f6\u00f6stusele.","robots":{"index":"index","follow":"follow","max-snippet":"max-snippet:-1","max-image-preview":"max-image-preview:large","max-video-preview":"max-video-preview:-1"},"canonical":"https:\/\/helim.eu\/et\/privaatsuspoliitika\/","og_locale":"et_EE","og_type":"article","og_title":"Privaatsuspoliitika - Helim - Leak Test Solutions","og_description":"Helim - elektri- ja h\u00fcbriids\u00f5idukite aku lekkekatsete tootja, eelk\u00f5ige t\u00f6\u00f6kodadele ja t\u00f6\u00f6stusele.","og_url":"https:\/\/helim.eu\/et\/privaatsuspoliitika\/","og_site_name":"Helim - Leak Test Solutions","article_publisher":"https:\/\/www.facebook.com\/profile.php?id=61574206138313","article_modified_time":"2025-09-10T16:38:25+00:00","twitter_card":"summary_large_image","twitter_misc":{"Est. reading time":"4 minutit"},"schema":{"@context":"https:\/\/schema.org","@graph":[{"@type":"WebPage","@id":"https:\/\/helim.eu\/et\/privaatsuspoliitika\/","url":"https:\/\/helim.eu\/et\/privaatsuspoliitika\/","name":"Privaatsuspoliitika - Helim - Leak Test Solutions","isPartOf":{"@id":"https:\/\/helim.eu\/et\/#website"},"datePublished":"2025-01-22T17:30:34+00:00","dateModified":"2025-09-10T16:38:25+00:00","description":"Helim - elektri- ja h\u00fcbriids\u00f5idukite aku lekkekatsete tootja, eelk\u00f5ige t\u00f6\u00f6kodadele ja t\u00f6\u00f6stusele.","breadcrumb":{"@id":"https:\/\/helim.eu\/et\/privaatsuspoliitika\/#breadcrumb"},"inLanguage":"et","potentialAction":[{"@type":"ReadAction","target":["https:\/\/helim.eu\/et\/privaatsuspoliitika\/"]}]},{"@type":"BreadcrumbList","@id":"https:\/\/helim.eu\/et\/privaatsuspoliitika\/#breadcrumb","itemListElement":[{"@type":"ListItem","position":1,"name":"Startseite","item":"https:\/\/helim.eu\/et\/"},{"@type":"ListItem","position":2,"name":"Privaatsuspoliitika"}]},{"@type":"WebSite","@id":"https:\/\/helim.eu\/et\/#website","url":"https:\/\/helim.eu\/et\/","name":"Helim - Leak Test Solutions","description":"EV Battery Leaktester","publisher":{"@id":"https:\/\/helim.eu\/et\/#organization"},"potentialAction":[{"@type":"SearchAction","target":{"@type":"EntryPoint","urlTemplate":"https:\/\/helim.eu\/et\/?s={search_term_string}"},"query-input":{"@type":"PropertyValueSpecification","valueRequired":true,"valueName":"search_term_string"}}],"inLanguage":"et"},{"@type":"Organization","@id":"https:\/\/helim.eu\/et\/#organization","name":"Helim","url":"https:\/\/helim.eu\/et\/","logo":{"@type":"ImageObject","inLanguage":"et","@id":"https:\/\/helim.eu\/et\/#\/schema\/logo\/image\/","url":"https:\/\/helim.eu\/wp-content\/uploads\/2025\/03\/helim-logo-r-w-600-600-rand.png","contentUrl":"https:\/\/helim.eu\/wp-content\/uploads\/2025\/03\/helim-logo-r-w-600-600-rand.png","width":600,"height":600,"caption":"Helim"},"image":{"@id":"https:\/\/helim.eu\/et\/#\/schema\/logo\/image\/"},"sameAs":["https:\/\/www.facebook.com\/profile.php?id=61574206138313"]}]}},"_links":{"self":[{"href":"https:\/\/helim.eu\/et\/wp-json\/wp\/v2\/pages\/2021","targetHints":{"allow":["GET"]}}],"collection":[{"href":"https:\/\/helim.eu\/et\/wp-json\/wp\/v2\/pages"}],"about":[{"href":"https:\/\/helim.eu\/et\/wp-json\/wp\/v2\/types\/page"}],"author":[{"embeddable":true,"href":"https:\/\/helim.eu\/et\/wp-json\/wp\/v2\/users\/1"}],"replies":[{"embeddable":true,"href":"https:\/\/helim.eu\/et\/wp-json\/wp\/v2\/comments?post=2021"}],"version-history":[{"count":12,"href":"https:\/\/helim.eu\/et\/wp-json\/wp\/v2\/pages\/2021\/revisions"}],"predecessor-version":[{"id":4553,"href":"https:\/\/helim.eu\/et\/wp-json\/wp\/v2\/pages\/2021\/revisions\/4553"}],"wp:attachment":[{"href":"https:\/\/helim.eu\/et\/wp-json\/wp\/v2\/media?parent=2021"}],"curies":[{"name":"wp","href":"https:\/\/api.w.org\/{rel}","templated":true}]}}