{"id":2229,"date":"2025-03-12T11:03:16","date_gmt":"2025-03-12T11:03:16","guid":{"rendered":"https:\/\/helim.eu\/aviso-legal\/"},"modified":"2025-04-11T13:13:32","modified_gmt":"2025-04-11T13:13:32","slug":"aviso-legal","status":"publish","type":"page","link":"https:\/\/helim.eu\/es\/aviso-legal\/","title":{"rendered":"Aviso legal"},"content":{"rendered":"<div id='av_section_1'  class='avia-section av-85sg-9253af3811e26d8c58991fb476b4cd22 main_color avia-section-default avia-no-border-styling  avia-builder-el-0  avia-builder-el-no-sibling  avia-bg-style-scroll av-minimum-height av-minimum-height-custom av-height-custom  container_wrap fullsize'   data-av_minimum_height_px='700'><div class='container av-section-cont-open' style='height:700px'><main  role=\"main\" itemprop=\"mainContentOfPage\"  class='template-page content  av-content-full alpha units'><div class='post-entry post-entry-type-page post-entry-2229'><div class='entry-content-wrapper clearfix'>\n\n<style type=\"text\/css\" data-created_by=\"avia_inline_auto\" id=\"style-css-av-m7vp4u51-b406612f7e81a91b95aa156f5719d08d\">\n.flex_column.av-m7vp4u51-b406612f7e81a91b95aa156f5719d08d{\npadding:40px 0 0 0;\n}\n<\/style>\n<div  class='flex_column av-m7vp4u51-b406612f7e81a91b95aa156f5719d08d av_one_half  avia-builder-el-1  avia-builder-el-no-sibling  first flex_column_div  '     ><section  class='av_textblock_section av-42ho-1ab9d9e8948954851446949b3d030a10 '   itemscope=\"itemscope\" itemtype=\"https:\/\/schema.org\/CreativeWork\" ><div class='avia_textblock'  itemprop=\"text\" ><p data-start=\"251\" data-end=\"308\"><strong data-start=\"251\" data-end=\"306\">Informaci\u00f3n conforme al \u00a7 5 TMG \/ Art. 4 de la Directiva sobre comercio electr\u00f3nico<\/strong><\/p>\n<p data-start=\"310\" data-end=\"451\"><strong data-start=\"310\" data-end=\"344\">Responsable del contenido:<\/strong><\/p>\n<p data-start=\"310\" data-end=\"451\"><br class=\"avia-permanent-lb\"><br data-start=\"344\" data-end=\"347\"><strong data-start=\"347\" data-end=\"374\">NIROXX Engineering Ltd.<\/strong><\/p>\n<p>12 Morozow Avenue<br data-start=\"492\" data-end=\"495\">8220 Paphos <br data-start=\"492\" data-end=\"495\">Chipre<\/p>\n<p><strong data-start=\"453\" data-end=\"465\">Contacto:<\/strong><br data-start=\"465\" data-end=\"468\">Tel\u00e9fono Alemania: +49 176 26 150 383<br data-start=\"492\" data-end=\"495\">Tel\u00e9fono Chipre: +357 99 244 147<br data-start=\"519\" data-end=\"522\">Correo electr\u00f3nico: <a href=\"mailto:info@helim.eu\">info@helim.eu<\/a><br data-start=\"519\" data-end=\"522\">Sitio web: <a href=\"http:\/\/www.helim.eu\" target=\"_new\" rel=\"noopener\">www.helim.eu<\/a><\/p>\n<p data-start=\"550\" data-end=\"723\"><strong data-start=\"550\" data-end=\"585\">Registro mercantil y n\u00famero fiscal:<\/strong><br data-start=\"585\" data-end=\"588\">Registro mercantil: HE 464680<br data-start=\"621\" data-end=\"624\">Tribunal de registro: Tribunal de Distrito de Paphos<br data-start=\"672\" data-end=\"675\">N\u00famero de identificaci\u00f3n fiscal: CY60096432B<\/p>\n<p data-start=\"550\" data-end=\"723\">\n<p data-start=\"725\" data-end=\"777\"><strong data-start=\"725\" data-end=\"745\">Director general:<\/strong><br data-start=\"745\" data-end=\"748\">Alexei Keller<\/p>\n<h4 data-start=\"702\" data-end=\"732\"><strong data-start=\"707\" data-end=\"730\">Exenci\u00f3n de responsabilidad:<\/strong><\/h4>\n<p data-start=\"733\" data-end=\"1165\">Los contenidos de este sitio web han sido creados con el m\u00e1ximo cuidado posible. Sin embargo, no garantizamos la exactitud, integridad y actualidad de los contenidos. Como proveedor de servicios, somos responsables de nuestros propios contenidos en estas p\u00e1ginas de acuerdo con las leyes generales. No asumimos ninguna responsabilidad por el contenido de enlaces externos. Los operadores de las p\u00e1ginas enlazadas son los \u00fanicos responsables del contenido de dichas p\u00e1ginas.    <\/p>\n<h4 data-start=\"1167\" data-end=\"1191\"><strong data-start=\"1172\" data-end=\"1189\">Derechos de autor:<\/strong><\/h4>\n<p data-start=\"1192\" data-end=\"1466\">Los contenidos y trabajos creados por el operador del sitio en este sitio web est\u00e1n sujetos a derechos de autor. La reproducci\u00f3n, el procesamiento, la distribuci\u00f3n o cualquier forma de explotaci\u00f3n fuera de los l\u00edmites de los derechos de autor requieren el consentimiento previo por escrito. <\/p>\n<h4 data-start=\"1468\" data-end=\"1491\"><strong data-start=\"1473\" data-end=\"1489\">Protecci\u00f3n de datos:<\/strong><\/h4>\n<p data-start=\"1492\" data-end=\"1606\">Puede encontrar detalles sobre el procesamiento de datos personales en nuestra <strong data-start=\"1563\" data-end=\"1603\"><a href=\"https:\/\/helim.eu\/privacy-policy\/\" rel=\"noopener\" data-start=\"1565\" data-end=\"1601\">pol\u00edtica de privacidad<\/a><\/strong>.<\/p>\n<\/div><\/section><\/div>\n","protected":false},"excerpt":{"rendered":"","protected":false},"author":1,"featured_media":0,"parent":0,"menu_order":0,"comment_status":"closed","ping_status":"open","template":"","meta":{"footnotes":""},"class_list":["post-2229","page","type-page","status-publish","hentry"],"yoast_head":"<!-- This site is optimized with the Yoast SEO plugin v27.5 - https:\/\/yoast.com\/product\/yoast-seo-wordpress\/ -->\n<title>Aviso legal - Helim - Leak Test Solutions<\/title>\n<meta name=\"robots\" content=\"index, follow, max-snippet:-1, max-image-preview:large, max-video-preview:-1\" \/>\n<link rel=\"canonical\" href=\"https:\/\/helim.eu\/es\/aviso-legal\/\" \/>\n<meta property=\"og:locale\" content=\"es_ES\" \/>\n<meta property=\"og:type\" content=\"article\" \/>\n<meta property=\"og:title\" content=\"Aviso legal - Helim - Leak Test Solutions\" \/>\n<meta property=\"og:url\" content=\"https:\/\/helim.eu\/es\/aviso-legal\/\" \/>\n<meta property=\"og:site_name\" content=\"Helim - Leak Test Solutions\" \/>\n<meta property=\"article:publisher\" content=\"https:\/\/www.facebook.com\/profile.php?id=61574206138313\" \/>\n<meta property=\"article:modified_time\" content=\"2025-04-11T13:13:32+00:00\" \/>\n<meta name=\"twitter:card\" content=\"summary_large_image\" \/>\n<meta name=\"twitter:label1\" content=\"Tiempo de lectura\" \/>\n\t<meta name=\"twitter:data1\" content=\"5 minutos\" \/>\n<script type=\"application\/ld+json\" class=\"yoast-schema-graph\">{\"@context\":\"https:\\\/\\\/schema.org\",\"@graph\":[{\"@type\":\"WebPage\",\"@id\":\"https:\\\/\\\/helim.eu\\\/es\\\/aviso-legal\\\/\",\"url\":\"https:\\\/\\\/helim.eu\\\/es\\\/aviso-legal\\\/\",\"name\":\"Aviso legal - Helim - Leak Test Solutions\",\"isPartOf\":{\"@id\":\"https:\\\/\\\/helim.eu\\\/es\\\/#website\"},\"datePublished\":\"2025-03-12T11:03:16+00:00\",\"dateModified\":\"2025-04-11T13:13:32+00:00\",\"breadcrumb\":{\"@id\":\"https:\\\/\\\/helim.eu\\\/es\\\/aviso-legal\\\/#breadcrumb\"},\"inLanguage\":\"es\",\"potentialAction\":[{\"@type\":\"ReadAction\",\"target\":[\"https:\\\/\\\/helim.eu\\\/es\\\/aviso-legal\\\/\"]}]},{\"@type\":\"BreadcrumbList\",\"@id\":\"https:\\\/\\\/helim.eu\\\/es\\\/aviso-legal\\\/#breadcrumb\",\"itemListElement\":[{\"@type\":\"ListItem\",\"position\":1,\"name\":\"Startseite\",\"item\":\"https:\\\/\\\/helim.eu\\\/es\\\/\"},{\"@type\":\"ListItem\",\"position\":2,\"name\":\"Aviso legal\"}]},{\"@type\":\"WebSite\",\"@id\":\"https:\\\/\\\/helim.eu\\\/es\\\/#website\",\"url\":\"https:\\\/\\\/helim.eu\\\/es\\\/\",\"name\":\"Helim - Leak Test Solutions\",\"description\":\"EV Battery Leaktester\",\"publisher\":{\"@id\":\"https:\\\/\\\/helim.eu\\\/es\\\/#organization\"},\"potentialAction\":[{\"@type\":\"SearchAction\",\"target\":{\"@type\":\"EntryPoint\",\"urlTemplate\":\"https:\\\/\\\/helim.eu\\\/es\\\/?s={search_term_string}\"},\"query-input\":{\"@type\":\"PropertyValueSpecification\",\"valueRequired\":true,\"valueName\":\"search_term_string\"}}],\"inLanguage\":\"es\"},{\"@type\":\"Organization\",\"@id\":\"https:\\\/\\\/helim.eu\\\/es\\\/#organization\",\"name\":\"Helim\",\"url\":\"https:\\\/\\\/helim.eu\\\/es\\\/\",\"logo\":{\"@type\":\"ImageObject\",\"inLanguage\":\"es\",\"@id\":\"https:\\\/\\\/helim.eu\\\/es\\\/#\\\/schema\\\/logo\\\/image\\\/\",\"url\":\"https:\\\/\\\/helim.eu\\\/wp-content\\\/uploads\\\/2025\\\/03\\\/helim-logo-r-w-600-600-rand.png\",\"contentUrl\":\"https:\\\/\\\/helim.eu\\\/wp-content\\\/uploads\\\/2025\\\/03\\\/helim-logo-r-w-600-600-rand.png\",\"width\":600,\"height\":600,\"caption\":\"Helim\"},\"image\":{\"@id\":\"https:\\\/\\\/helim.eu\\\/es\\\/#\\\/schema\\\/logo\\\/image\\\/\"},\"sameAs\":[\"https:\\\/\\\/www.facebook.com\\\/profile.php?id=61574206138313\"]}]}<\/script>\n<!-- \/ Yoast SEO plugin. -->","yoast_head_json":{"title":"Aviso legal - Helim - Leak Test Solutions","robots":{"index":"index","follow":"follow","max-snippet":"max-snippet:-1","max-image-preview":"max-image-preview:large","max-video-preview":"max-video-preview:-1"},"canonical":"https:\/\/helim.eu\/es\/aviso-legal\/","og_locale":"es_ES","og_type":"article","og_title":"Aviso legal - Helim - Leak Test Solutions","og_url":"https:\/\/helim.eu\/es\/aviso-legal\/","og_site_name":"Helim - Leak Test Solutions","article_publisher":"https:\/\/www.facebook.com\/profile.php?id=61574206138313","article_modified_time":"2025-04-11T13:13:32+00:00","twitter_card":"summary_large_image","twitter_misc":{"Tiempo de lectura":"5 minutos"},"schema":{"@context":"https:\/\/schema.org","@graph":[{"@type":"WebPage","@id":"https:\/\/helim.eu\/es\/aviso-legal\/","url":"https:\/\/helim.eu\/es\/aviso-legal\/","name":"Aviso legal - Helim - Leak Test Solutions","isPartOf":{"@id":"https:\/\/helim.eu\/es\/#website"},"datePublished":"2025-03-12T11:03:16+00:00","dateModified":"2025-04-11T13:13:32+00:00","breadcrumb":{"@id":"https:\/\/helim.eu\/es\/aviso-legal\/#breadcrumb"},"inLanguage":"es","potentialAction":[{"@type":"ReadAction","target":["https:\/\/helim.eu\/es\/aviso-legal\/"]}]},{"@type":"BreadcrumbList","@id":"https:\/\/helim.eu\/es\/aviso-legal\/#breadcrumb","itemListElement":[{"@type":"ListItem","position":1,"name":"Startseite","item":"https:\/\/helim.eu\/es\/"},{"@type":"ListItem","position":2,"name":"Aviso legal"}]},{"@type":"WebSite","@id":"https:\/\/helim.eu\/es\/#website","url":"https:\/\/helim.eu\/es\/","name":"Helim - Leak Test Solutions","description":"EV Battery Leaktester","publisher":{"@id":"https:\/\/helim.eu\/es\/#organization"},"potentialAction":[{"@type":"SearchAction","target":{"@type":"EntryPoint","urlTemplate":"https:\/\/helim.eu\/es\/?s={search_term_string}"},"query-input":{"@type":"PropertyValueSpecification","valueRequired":true,"valueName":"search_term_string"}}],"inLanguage":"es"},{"@type":"Organization","@id":"https:\/\/helim.eu\/es\/#organization","name":"Helim","url":"https:\/\/helim.eu\/es\/","logo":{"@type":"ImageObject","inLanguage":"es","@id":"https:\/\/helim.eu\/es\/#\/schema\/logo\/image\/","url":"https:\/\/helim.eu\/wp-content\/uploads\/2025\/03\/helim-logo-r-w-600-600-rand.png","contentUrl":"https:\/\/helim.eu\/wp-content\/uploads\/2025\/03\/helim-logo-r-w-600-600-rand.png","width":600,"height":600,"caption":"Helim"},"image":{"@id":"https:\/\/helim.eu\/es\/#\/schema\/logo\/image\/"},"sameAs":["https:\/\/www.facebook.com\/profile.php?id=61574206138313"]}]}},"_links":{"self":[{"href":"https:\/\/helim.eu\/es\/wp-json\/wp\/v2\/pages\/2229","targetHints":{"allow":["GET"]}}],"collection":[{"href":"https:\/\/helim.eu\/es\/wp-json\/wp\/v2\/pages"}],"about":[{"href":"https:\/\/helim.eu\/es\/wp-json\/wp\/v2\/types\/page"}],"author":[{"embeddable":true,"href":"https:\/\/helim.eu\/es\/wp-json\/wp\/v2\/users\/1"}],"replies":[{"embeddable":true,"href":"https:\/\/helim.eu\/es\/wp-json\/wp\/v2\/comments?post=2229"}],"version-history":[{"count":2,"href":"https:\/\/helim.eu\/es\/wp-json\/wp\/v2\/pages\/2229\/revisions"}],"predecessor-version":[{"id":2231,"href":"https:\/\/helim.eu\/es\/wp-json\/wp\/v2\/pages\/2229\/revisions\/2231"}],"wp:attachment":[{"href":"https:\/\/helim.eu\/es\/wp-json\/wp\/v2\/media?parent=2229"}],"curies":[{"name":"wp","href":"https:\/\/api.w.org\/{rel}","templated":true}]}}