{"id":1200,"date":"2025-01-22T17:30:34","date_gmt":"2025-01-22T17:30:34","guid":{"rendered":"https:\/\/helim.eu\/politik-for-beskyttelse-af-personlige-oplysninger\/"},"modified":"2025-05-11T06:37:36","modified_gmt":"2025-05-11T06:37:36","slug":"politik-for-beskyttelse-af-personlige-oplysninger","status":"publish","type":"page","link":"https:\/\/helim.eu\/da\/politik-for-beskyttelse-af-personlige-oplysninger\/","title":{"rendered":"Politik for beskyttelse af personlige oplysninger"},"content":{"rendered":"<section  class='av_textblock_section av-m860qs28-1630095a5e4c5eb0929470a73e6b6410 '   itemscope=\"itemscope\" itemtype=\"https:\/\/schema.org\/CreativeWork\" ><div class='avia_textblock'  itemprop=\"text\" ><h2 data-pm-slice=\"1 1 []\">Fortrolighedspolitik<\/h2>\n<h3>1. Generelle oplysninger<\/h3>\n<p>Beskyttelsen af dine personlige data er vigtig for os. Denne privatlivspolitik forklarer, hvilke data vi indsamler, hvordan vi bruger dem, og hvilke rettigheder du har. <\/p>\n<h3>2. Person, der er ansvarlig for databehandling<\/h3>\n<p>NIROXX Engineering Ltd.<br \/>\n12 Morozow Avenue<br \/>\n8220 Paphos, Cypern<br \/>\nE-mail: <a>info@niroxx.io<\/a><br \/>\nHjemmeside:   <a href=\"https:\/\/www.niroxx.io\">https:\/\/www.niroxx.io<\/a><\/p>\n<h3>3. hosting- og serverlogfiler<\/h3>\n<p>Vores hjemmeside er hostet af Strato AG:<br \/>\n<strong>Strato AG<\/strong>, Pascalstra\u00dfe 10, 10587 Berlin, Tyskland<\/p>\n<p>N\u00e5r du bes\u00f8ger vores hjemmeside, gemmer hostingudbyderen automatisk f\u00f8lgende data i s\u00e5kaldte serverlogfiler:<\/p>\n<ul data-spread=\"false\">\n<li>Den bes\u00f8gendes IP-adresse<\/li>\n<li>Dato og tidspunkt for adgang<\/li>\n<li>Browsertype og -version<\/li>\n<li>Operativsystem<\/li>\n<li>Referrer URL (den tidligere bes\u00f8gte side)<\/li>\n<\/ul>\n<p>Disse data bruges udelukkende til sikkerhed og teknisk vedligeholdelse af hjemmesiden og sammenl\u00e6gges ikke med andre datakilder. Dataene gemmes i h\u00f8jst 7 dage og slettes derefter automatisk. <\/p>\n<h3>4. Indsamling og behandling af personoplysninger<\/h3>\n<p>Vi indsamler kun personoplysninger, hvis du frivilligt giver os dem via kontaktformularen eller via e-mail. Dette g\u00e6lder i s\u00e6rdeleshed: <\/p>\n<ul data-spread=\"false\">\n<li>Navn<\/li>\n<li>E-mail-adresse<\/li>\n<li>Telefonnummer (hvis oplyst)<\/li>\n<li>Indholdet af din besked<\/li>\n<li>Oplysninger om brugerkonto (hvis registreret)<\/li>\n<\/ul>\n<h3>5. Form\u00e5l med databehandling<\/h3>\n<p>De data, du giver, vil kun blive brugt til at behandle din foresp\u00f8rgsel, til at kommunikere med dig og til at forbedre vores tjenester.<\/p>\n<h3>6. Kommentarer<\/h3>\n<p>N\u00e5r bes\u00f8gende skriver kommentarer p\u00e5 webstedet, indsamler vi de data, der vises i kommentarformularen, samt IP-adressen og brugeragentstrengen for at hj\u00e6lpe med at genkende spam.<\/p>\n<h3>7. Medier<\/h3>\n<p>Hvis du uploader billeder til dette websted, b\u00f8r du undg\u00e5 at uploade billeder med indlejrede EXIF GPS-placeringsdata. Bes\u00f8gende p\u00e5 webstedet kan udtr\u00e6kke s\u00e5danne placeringsdata. <\/p>\n<h3>8. Kontaktformularer<\/h3>\n<p>Hvis du bruger vores kontaktformular, gemmer vi de data, der overf\u00f8res til kundeserviceform\u00e5l, i op til 6 m\u00e5neder. Disse data bruges ikke til markedsf\u00f8ringsform\u00e5l. <\/p>\n<h3>9. Sm\u00e5kager<\/h3>\n<p>Vores hjemmeside bruger cookies. Cookies er sm\u00e5 tekstfiler, der gemmes p\u00e5 din enhed. <\/p>\n<p>De cookies, vi bruger, omfatter<\/p>\n<ul data-spread=\"false\">\n<li><strong>Essentielle cookies<\/strong>: Disse er n\u00f8dvendige for, at hjemmesiden kan fungere.<\/li>\n<li><strong>Analyse- og marketingcookies<\/strong>: De hj\u00e6lper os med at analysere brugen af vores hjemmeside og med at optimere vores markedsf\u00f8ring.<\/li>\n<\/ul>\n<p>Du kan deaktivere lagring af cookies i indstillingerne i din browser.<\/p>\n<h3>10. Analysetjenester<\/h3>\n<p>Vores hjemmeside bruger Google Analytics, en webanalysetjeneste, der leveres af Google Ireland Limited, Gordon House, Barrow Street, Dublin 4, Irland.<\/p>\n<p>Google Analytics bruger cookies til at analysere brugen af vores hjemmeside. Vi har aktiveret IP-anonymisering, s\u00e5 din IP-adresse afkortes inden for EU eller E\u00d8S, f\u00f8r den sendes til Google. Du kan forhindre lagring af cookies ved at v\u00e6lge de relevante browserindstillinger eller ved at bruge Google Analytics opt-out-plugin.  <\/p>\n<p>Yderligere information: <a>https:\/\/policies.google.com\/privacy<\/a><\/p>\n<h3>11. Udlevering af data<\/h3>\n<p>Dine data vil ikke blive videregivet til tredjeparter, medmindre:<\/p>\n<ul data-spread=\"false\">\n<li>Du har udtrykkeligt givet dit samtykke<\/li>\n<li>Der er en juridisk forpligtelse til at g\u00f8re det<\/li>\n<li>Behandlingen udf\u00f8res af en databehandler i overensstemmelse med artikel 28 i GDPR.<\/li>\n<\/ul>\n<h3>12. Opbevaringsperiode<\/h3>\n<p>Vi gemmer kun personoplysninger, s\u00e5 l\u00e6nge det er n\u00f8dvendigt for at behandle din foresp\u00f8rgsel, eller s\u00e5 l\u00e6nge der er lovbestemte opbevaringsforpligtelser:<\/p>\n<ul data-spread=\"false\">\n<li>Data fra kontaktformularer: 6 m\u00e5neder<\/li>\n<li>Analysedata: 1 \u00e5r<\/li>\n<li>Bestillingsdata: 10 \u00e5r<\/li>\n<\/ul>\n<h3>13. Hvilke rettigheder du har til dine data<\/h3>\n<p>Du har f\u00f8lgende rettigheder:<\/p>\n<ul data-spread=\"false\">\n<li>Ret til information om de lagrede data<\/li>\n<li>Ret til berigtigelse af ukorrekte data<\/li>\n<li>Ret til sletning af dine data (forudsat at der ikke er nogen lovbestemt opbevaringspligt)<\/li>\n<li>Ret til begr\u00e6nsning af behandling<\/li>\n<li>Ret til at g\u00f8re indsigelse mod behandlingen<\/li>\n<li>Ret til dataportabilitet<\/li>\n<\/ul>\n<p>Kontakt os venligst p\u00e5 <a>info@niroxx.io<\/a>, hvis du \u00f8nsker at ud\u00f8ve nogen af disse rettigheder.<\/p>\n<h3>14 Hvor dine data sendes hen<\/h3>\n<p>Vi bruger tredjepartsv\u00e6rkt\u00f8jer og -tjenester, der kan behandle data uden for EU. P\u00e5 den m\u00e5de sikrer vi, at disse udbydere overholder GDPR: <\/p>\n<ul data-spread=\"false\">\n<li><strong>Google LLC (Google Analytics, Google Ads, reCAPTCHA<\/strong>): Privacy Shield-aftale (indtil 2020) og standardkontraktbestemmelser<\/li>\n<li><strong>Mailchimp (udsendelse af nyhedsbrev)<\/strong>: Standardkontraktbestemmelser<\/li>\n<\/ul>\n<h3>15. Kontaktoplysninger<\/h3>\n<p>Hvis du har sp\u00f8rgsm\u00e5l om databeskyttelse, bedes du kontakte os p\u00e5:<br \/>\ne-mail:  <a>info@niroxx.io<\/a><\/p>\n<h3>16. Hvordan vi beskytter dine data<\/h3>\n<p>Vi bruger tekniske og organisatoriske foranstaltninger til at beskytte dine data:<\/p>\n<ul data-spread=\"false\">\n<li>SSL\/TLS-kryptering<\/li>\n<li>Adgangsbegr\u00e6nsninger<\/li>\n<li>To-faktor-autentificering (hvis relevant)<\/li>\n<li>Regelm\u00e6ssige sikkerhedsopdateringer<\/li>\n<\/ul>\n<h3>17. Foranstaltninger i tilf\u00e6lde af brud p\u00e5 datasikkerheden<\/h3>\n<p>I tilf\u00e6lde af brud p\u00e5 datasikkerheden underretter vi de ber\u00f8rte brugere og de kompetente databeskyttelsesmyndigheder i overensstemmelse med de lovm\u00e6ssige bestemmelser.<\/p>\n<h3>18. fra hvilke tredjepartsleverand\u00f8rer vi modtager data<\/h3>\n<p>Vi modtager ingen data fra tredjepartsudbydere, som ikke er n\u00e6vnt i denne privatlivspolitik.<\/p>\n<h3>19 Automatiseret beslutningstagning<\/h3>\n<p>Vores hjemmeside udf\u00f8rer ikke automatiseret beslutningstagning eller profilering.<\/p>\n<h3>20. \u00c6ndringer af privatlivspolitikken<\/h3>\n<p>Vi forbeholder os ret til at opdatere denne privatlivspolitik, hvis det er n\u00f8dvendigt.<\/p>\n<p><strong>Status: marts 2025<\/strong><\/p>\n<\/div><\/section>\n","protected":false},"excerpt":{"rendered":"","protected":false},"author":1,"featured_media":0,"parent":0,"menu_order":0,"comment_status":"closed","ping_status":"open","template":"","meta":{"footnotes":""},"class_list":["post-1200","page","type-page","status-publish","hentry"],"yoast_head":"<!-- This site is optimized with the Yoast SEO plugin v27.5 - https:\/\/yoast.com\/product\/yoast-seo-wordpress\/ -->\n<title>Politik for beskyttelse af personlige oplysninger - Helim - L\u00f8sninger til l\u00e6kagetest<\/title>\n<meta name=\"description\" content=\"Helims privatlivspolitik - producent af batteril\u00e6kagetestere til el- og hybridbiler, is\u00e6r til v\u00e6rksteder og industrien.\" \/>\n<meta name=\"robots\" content=\"index, follow, max-snippet:-1, max-image-preview:large, max-video-preview:-1\" \/>\n<link rel=\"canonical\" href=\"https:\/\/helim.eu\/da\/politik-for-beskyttelse-af-personlige-oplysninger\/\" \/>\n<meta property=\"og:locale\" content=\"da_DK\" \/>\n<meta property=\"og:type\" content=\"article\" \/>\n<meta property=\"og:title\" content=\"Politik for beskyttelse af personlige oplysninger - Helim - L\u00f8sninger til l\u00e6kagetest\" \/>\n<meta property=\"og:description\" content=\"Helims privatlivspolitik - producent af batteril\u00e6kagetestere til el- og hybridbiler, is\u00e6r til v\u00e6rksteder og industrien.\" \/>\n<meta property=\"og:url\" content=\"https:\/\/helim.eu\/da\/politik-for-beskyttelse-af-personlige-oplysninger\/\" \/>\n<meta property=\"og:site_name\" content=\"Helim - L\u00f8sninger til l\u00e6kagetest\" \/>\n<meta property=\"article:publisher\" content=\"https:\/\/www.facebook.com\/profile.php?id=61574206138313\" \/>\n<meta property=\"article:modified_time\" content=\"2025-05-11T06:37:36+00:00\" \/>\n<meta name=\"twitter:card\" content=\"summary_large_image\" \/>\n<meta name=\"twitter:label1\" content=\"Estimeret l\u00e6setid\" \/>\n\t<meta name=\"twitter:data1\" content=\"4 minutter\" \/>\n<script type=\"application\/ld+json\" class=\"yoast-schema-graph\">{\"@context\":\"https:\\\/\\\/schema.org\",\"@graph\":[{\"@type\":\"WebPage\",\"@id\":\"https:\\\/\\\/helim.eu\\\/da\\\/politik-for-beskyttelse-af-personlige-oplysninger\\\/\",\"url\":\"https:\\\/\\\/helim.eu\\\/da\\\/politik-for-beskyttelse-af-personlige-oplysninger\\\/\",\"name\":\"Politik for beskyttelse af personlige oplysninger - Helim - L\u00f8sninger til l\u00e6kagetest\",\"isPartOf\":{\"@id\":\"https:\\\/\\\/helim.eu\\\/da\\\/#website\"},\"datePublished\":\"2025-01-22T17:30:34+00:00\",\"dateModified\":\"2025-05-11T06:37:36+00:00\",\"description\":\"Helims privatlivspolitik - producent af batteril\u00e6kagetestere til el- og hybridbiler, is\u00e6r til v\u00e6rksteder og industrien.\",\"breadcrumb\":{\"@id\":\"https:\\\/\\\/helim.eu\\\/da\\\/politik-for-beskyttelse-af-personlige-oplysninger\\\/#breadcrumb\"},\"inLanguage\":\"da-DK\",\"potentialAction\":[{\"@type\":\"ReadAction\",\"target\":[\"https:\\\/\\\/helim.eu\\\/da\\\/politik-for-beskyttelse-af-personlige-oplysninger\\\/\"]}]},{\"@type\":\"BreadcrumbList\",\"@id\":\"https:\\\/\\\/helim.eu\\\/da\\\/politik-for-beskyttelse-af-personlige-oplysninger\\\/#breadcrumb\",\"itemListElement\":[{\"@type\":\"ListItem\",\"position\":1,\"name\":\"Startseite\",\"item\":\"https:\\\/\\\/helim.eu\\\/da\\\/\"},{\"@type\":\"ListItem\",\"position\":2,\"name\":\"Politik for beskyttelse af personlige oplysninger\"}]},{\"@type\":\"WebSite\",\"@id\":\"https:\\\/\\\/helim.eu\\\/da\\\/#website\",\"url\":\"https:\\\/\\\/helim.eu\\\/da\\\/\",\"name\":\"Helim - Leak Test Solutions\",\"description\":\"L\u00e6kagetester til elbilbatterier\",\"publisher\":{\"@id\":\"https:\\\/\\\/helim.eu\\\/da\\\/#organization\"},\"potentialAction\":[{\"@type\":\"SearchAction\",\"target\":{\"@type\":\"EntryPoint\",\"urlTemplate\":\"https:\\\/\\\/helim.eu\\\/da\\\/?s={search_term_string}\"},\"query-input\":{\"@type\":\"PropertyValueSpecification\",\"valueRequired\":true,\"valueName\":\"search_term_string\"}}],\"inLanguage\":\"da-DK\"},{\"@type\":\"Organization\",\"@id\":\"https:\\\/\\\/helim.eu\\\/da\\\/#organization\",\"name\":\"Helim\",\"url\":\"https:\\\/\\\/helim.eu\\\/da\\\/\",\"logo\":{\"@type\":\"ImageObject\",\"inLanguage\":\"da-DK\",\"@id\":\"https:\\\/\\\/helim.eu\\\/da\\\/#\\\/schema\\\/logo\\\/image\\\/\",\"url\":\"https:\\\/\\\/helim.eu\\\/wp-content\\\/uploads\\\/2025\\\/03\\\/helim-logo-r-w-600-600-rand.png\",\"contentUrl\":\"https:\\\/\\\/helim.eu\\\/wp-content\\\/uploads\\\/2025\\\/03\\\/helim-logo-r-w-600-600-rand.png\",\"width\":600,\"height\":600,\"caption\":\"Helim\"},\"image\":{\"@id\":\"https:\\\/\\\/helim.eu\\\/da\\\/#\\\/schema\\\/logo\\\/image\\\/\"},\"sameAs\":[\"https:\\\/\\\/www.facebook.com\\\/profile.php?id=61574206138313\"]}]}<\/script>\n<!-- \/ Yoast SEO plugin. -->","yoast_head_json":{"title":"Politik for beskyttelse af personlige oplysninger - Helim - L\u00f8sninger til l\u00e6kagetest","description":"Helims privatlivspolitik - producent af batteril\u00e6kagetestere til el- og hybridbiler, is\u00e6r til v\u00e6rksteder og industrien.","robots":{"index":"index","follow":"follow","max-snippet":"max-snippet:-1","max-image-preview":"max-image-preview:large","max-video-preview":"max-video-preview:-1"},"canonical":"https:\/\/helim.eu\/da\/politik-for-beskyttelse-af-personlige-oplysninger\/","og_locale":"da_DK","og_type":"article","og_title":"Politik for beskyttelse af personlige oplysninger - Helim - L\u00f8sninger til l\u00e6kagetest","og_description":"Helims privatlivspolitik - producent af batteril\u00e6kagetestere til el- og hybridbiler, is\u00e6r til v\u00e6rksteder og industrien.","og_url":"https:\/\/helim.eu\/da\/politik-for-beskyttelse-af-personlige-oplysninger\/","og_site_name":"Helim - L\u00f8sninger til l\u00e6kagetest","article_publisher":"https:\/\/www.facebook.com\/profile.php?id=61574206138313","article_modified_time":"2025-05-11T06:37:36+00:00","twitter_card":"summary_large_image","twitter_misc":{"Estimeret l\u00e6setid":"4 minutter"},"schema":{"@context":"https:\/\/schema.org","@graph":[{"@type":"WebPage","@id":"https:\/\/helim.eu\/da\/politik-for-beskyttelse-af-personlige-oplysninger\/","url":"https:\/\/helim.eu\/da\/politik-for-beskyttelse-af-personlige-oplysninger\/","name":"Politik for beskyttelse af personlige oplysninger - Helim - L\u00f8sninger til l\u00e6kagetest","isPartOf":{"@id":"https:\/\/helim.eu\/da\/#website"},"datePublished":"2025-01-22T17:30:34+00:00","dateModified":"2025-05-11T06:37:36+00:00","description":"Helims privatlivspolitik - producent af batteril\u00e6kagetestere til el- og hybridbiler, is\u00e6r til v\u00e6rksteder og industrien.","breadcrumb":{"@id":"https:\/\/helim.eu\/da\/politik-for-beskyttelse-af-personlige-oplysninger\/#breadcrumb"},"inLanguage":"da-DK","potentialAction":[{"@type":"ReadAction","target":["https:\/\/helim.eu\/da\/politik-for-beskyttelse-af-personlige-oplysninger\/"]}]},{"@type":"BreadcrumbList","@id":"https:\/\/helim.eu\/da\/politik-for-beskyttelse-af-personlige-oplysninger\/#breadcrumb","itemListElement":[{"@type":"ListItem","position":1,"name":"Startseite","item":"https:\/\/helim.eu\/da\/"},{"@type":"ListItem","position":2,"name":"Politik for beskyttelse af personlige oplysninger"}]},{"@type":"WebSite","@id":"https:\/\/helim.eu\/da\/#website","url":"https:\/\/helim.eu\/da\/","name":"Helim - Leak Test Solutions","description":"L\u00e6kagetester til elbilbatterier","publisher":{"@id":"https:\/\/helim.eu\/da\/#organization"},"potentialAction":[{"@type":"SearchAction","target":{"@type":"EntryPoint","urlTemplate":"https:\/\/helim.eu\/da\/?s={search_term_string}"},"query-input":{"@type":"PropertyValueSpecification","valueRequired":true,"valueName":"search_term_string"}}],"inLanguage":"da-DK"},{"@type":"Organization","@id":"https:\/\/helim.eu\/da\/#organization","name":"Helim","url":"https:\/\/helim.eu\/da\/","logo":{"@type":"ImageObject","inLanguage":"da-DK","@id":"https:\/\/helim.eu\/da\/#\/schema\/logo\/image\/","url":"https:\/\/helim.eu\/wp-content\/uploads\/2025\/03\/helim-logo-r-w-600-600-rand.png","contentUrl":"https:\/\/helim.eu\/wp-content\/uploads\/2025\/03\/helim-logo-r-w-600-600-rand.png","width":600,"height":600,"caption":"Helim"},"image":{"@id":"https:\/\/helim.eu\/da\/#\/schema\/logo\/image\/"},"sameAs":["https:\/\/www.facebook.com\/profile.php?id=61574206138313"]}]}},"_links":{"self":[{"href":"https:\/\/helim.eu\/da\/wp-json\/wp\/v2\/pages\/1200","targetHints":{"allow":["GET"]}}],"collection":[{"href":"https:\/\/helim.eu\/da\/wp-json\/wp\/v2\/pages"}],"about":[{"href":"https:\/\/helim.eu\/da\/wp-json\/wp\/v2\/types\/page"}],"author":[{"embeddable":true,"href":"https:\/\/helim.eu\/da\/wp-json\/wp\/v2\/users\/1"}],"replies":[{"embeddable":true,"href":"https:\/\/helim.eu\/da\/wp-json\/wp\/v2\/comments?post=1200"}],"version-history":[{"count":5,"href":"https:\/\/helim.eu\/da\/wp-json\/wp\/v2\/pages\/1200\/revisions"}],"predecessor-version":[{"id":2943,"href":"https:\/\/helim.eu\/da\/wp-json\/wp\/v2\/pages\/1200\/revisions\/2943"}],"wp:attachment":[{"href":"https:\/\/helim.eu\/da\/wp-json\/wp\/v2\/media?parent=1200"}],"curies":[{"name":"wp","href":"https:\/\/api.w.org\/{rel}","templated":true}]}}