{"id":1087,"date":"2025-03-12T11:03:16","date_gmt":"2025-03-12T11:03:16","guid":{"rendered":"https:\/\/helim.eu\/paatryk\/"},"modified":"2025-04-10T16:48:13","modified_gmt":"2025-04-10T16:48:13","slug":"paatryk","status":"publish","type":"page","link":"https:\/\/helim.eu\/da\/paatryk\/","title":{"rendered":"P\u00e5tryk"},"content":{"rendered":"<div id='av_section_1'  class='avia-section av-85sg-9253af3811e26d8c58991fb476b4cd22 main_color avia-section-default avia-no-border-styling  avia-builder-el-0  avia-builder-el-no-sibling  avia-bg-style-scroll av-minimum-height av-minimum-height-custom av-height-custom  container_wrap fullsize'   data-av_minimum_height_px='700'><div class='container av-section-cont-open' style='height:700px'><main  role=\"main\" itemprop=\"mainContentOfPage\"  class='template-page content  av-content-full alpha units'><div class='post-entry post-entry-type-page post-entry-1087'><div class='entry-content-wrapper clearfix'>\n\n<style type=\"text\/css\" data-created_by=\"avia_inline_auto\" id=\"style-css-av-m7vp4u51-b406612f7e81a91b95aa156f5719d08d\">\n.flex_column.av-m7vp4u51-b406612f7e81a91b95aa156f5719d08d{\npadding:40px 0 0 0;\n}\n<\/style>\n<div  class='flex_column av-m7vp4u51-b406612f7e81a91b95aa156f5719d08d av_one_half  avia-builder-el-1  avia-builder-el-no-sibling  first flex_column_div  '     ><section  class='av_textblock_section av-42ho-1ab9d9e8948954851446949b3d030a10 '   itemscope=\"itemscope\" itemtype=\"https:\/\/schema.org\/CreativeWork\" ><div class='avia_textblock'  itemprop=\"text\" ><p data-start=\"251\" data-end=\"308\"><strong data-start=\"251\" data-end=\"306\">Oplysninger i henhold til \u00a7 5 TMG \/ Art. 4 e-handelsdirektivet<\/strong><\/p>\n<p data-start=\"310\" data-end=\"451\"><strong data-start=\"310\" data-end=\"344\">Ansvarlig for indholdet:<\/strong><\/p>\n<p data-start=\"310\" data-end=\"451\"><br class=\"avia-permanent-lb\"><br data-start=\"344\" data-end=\"347\"><strong data-start=\"347\" data-end=\"374\">NIROXX Engineering Ltd.<\/strong><\/p>\n<p>12 Morozow Avenue<br data-start=\"492\" data-end=\"495\">8220 Paphos <br data-start=\"492\" data-end=\"495\">Cyprus<\/p>\n<p><strong data-start=\"453\" data-end=\"465\">Kontakt:<\/strong><br data-start=\"465\" data-end=\"468\">Telefon Tyskland: +49 176 26 150 383<br data-start=\"492\" data-end=\"495\">Telefon Cypern: +357 99 244 147<br data-start=\"519\" data-end=\"522\">E-mail: <a href=\"mailto:info@helim.eu\">info@helim.eu<\/a><br data-start=\"519\" data-end=\"522\">Hjemmeside: <a href=\"http:\/\/www.helim.eu\" target=\"_new\" rel=\"noopener\">www.helim.eu<\/a><\/p>\n<p data-start=\"550\" data-end=\"723\"><strong data-start=\"550\" data-end=\"585\">Handelsregister og skattenummer<\/strong>:<br data-start=\"585\" data-end=\"588\">Handelsregister: HE 464680<br data-start=\"621\" data-end=\"624\">Registerdomstol: Paphos District Court<br data-start=\"672\" data-end=\"675\">Moms-ID: CY60096432B<\/p>\n<p data-start=\"550\" data-end=\"723\">\n<p data-start=\"725\" data-end=\"777\"><strong data-start=\"725\" data-end=\"745\">Administrerende direkt\u00f8r:<\/strong><br data-start=\"745\" data-end=\"748\">Alexei Keller<\/p>\n<h4 data-start=\"702\" data-end=\"732\"><strong data-start=\"707\" data-end=\"730\">Ansvarsfraskrivelse:<\/strong><\/h4>\n<p data-start=\"733\" data-end=\"1165\">Indholdet p\u00e5 dette websted er skabt med den st\u00f8rst mulige omhu. Vi p\u00e5tager os dog intet ansvar for indholdets n\u00f8jagtighed, fuldst\u00e6ndighed og aktualitet. Som tjenesteudbyder er vi ansvarlige for vores eget indhold p\u00e5 disse sider i overensstemmelse med den generelle lovgivning. Vi p\u00e5tager os intet ansvar for indholdet af eksterne links. Operat\u00f8rerne af de linkede sider er alene ansvarlige for deres indhold.    <\/p>\n<h4 data-start=\"1167\" data-end=\"1191\"><strong data-start=\"1172\" data-end=\"1189\">Ophavsret:<\/strong><\/h4>\n<p data-start=\"1192\" data-end=\"1466\">Indholdet og v\u00e6rkerne p\u00e5 dette websted, der er oprettet af webstedets operat\u00f8r, er underlagt ophavsret. Kopiering, behandling, distribution eller enhver form for kommercialisering af s\u00e5dant materiale ud over ophavsretslovens anvendelsesomr\u00e5de kr\u00e6ver forudg\u00e5ende skriftligt samtykke fra dets respektive forfatter eller skaber. <\/p>\n<h4 data-start=\"1468\" data-end=\"1491\"><strong data-start=\"1473\" data-end=\"1489\">Databeskyttelse:<\/strong><\/h4>\n<p data-start=\"1492\" data-end=\"1606\">N\u00e6rmere oplysninger om behandling af personoplysninger findes i vores <strong data-start=\"1563\" data-end=\"1603\"><a href=\"https:\/\/helim.eu\/da\/politik-for-beskyttelse-af-personlige-oplysninger\/\" rel=\"noopener\" data-start=\"1565\" data-end=\"1601\">privatlivspolitik<\/a><\/strong>.<\/p>\n<\/div><\/section><\/div>\n","protected":false},"excerpt":{"rendered":"","protected":false},"author":1,"featured_media":0,"parent":0,"menu_order":0,"comment_status":"closed","ping_status":"open","template":"","meta":{"footnotes":""},"class_list":["post-1087","page","type-page","status-publish","hentry"],"yoast_head":"<!-- This site is optimized with the Yoast SEO plugin v27.5 - https:\/\/yoast.com\/product\/yoast-seo-wordpress\/ -->\n<title>P\u00e5tryk - Helim - L\u00f8sninger til l\u00e6kagetest<\/title>\n<meta name=\"robots\" content=\"index, follow, max-snippet:-1, max-image-preview:large, max-video-preview:-1\" \/>\n<link rel=\"canonical\" href=\"https:\/\/helim.eu\/da\/paatryk\/\" \/>\n<meta property=\"og:locale\" content=\"da_DK\" \/>\n<meta property=\"og:type\" content=\"article\" \/>\n<meta property=\"og:title\" content=\"P\u00e5tryk - Helim - L\u00f8sninger til l\u00e6kagetest\" \/>\n<meta property=\"og:url\" content=\"https:\/\/helim.eu\/da\/paatryk\/\" \/>\n<meta property=\"og:site_name\" content=\"Helim - L\u00f8sninger til l\u00e6kagetest\" \/>\n<meta property=\"article:publisher\" content=\"https:\/\/www.facebook.com\/profile.php?id=61574206138313\" \/>\n<meta property=\"article:modified_time\" content=\"2025-04-10T16:48:13+00:00\" \/>\n<meta name=\"twitter:card\" content=\"summary_large_image\" \/>\n<meta name=\"twitter:label1\" content=\"Estimeret l\u00e6setid\" \/>\n\t<meta name=\"twitter:data1\" content=\"5 minutter\" \/>\n<script type=\"application\/ld+json\" class=\"yoast-schema-graph\">{\"@context\":\"https:\\\/\\\/schema.org\",\"@graph\":[{\"@type\":\"WebPage\",\"@id\":\"https:\\\/\\\/helim.eu\\\/da\\\/paatryk\\\/\",\"url\":\"https:\\\/\\\/helim.eu\\\/da\\\/paatryk\\\/\",\"name\":\"P\u00e5tryk - Helim - L\u00f8sninger til l\u00e6kagetest\",\"isPartOf\":{\"@id\":\"https:\\\/\\\/helim.eu\\\/da\\\/#website\"},\"datePublished\":\"2025-03-12T11:03:16+00:00\",\"dateModified\":\"2025-04-10T16:48:13+00:00\",\"breadcrumb\":{\"@id\":\"https:\\\/\\\/helim.eu\\\/da\\\/paatryk\\\/#breadcrumb\"},\"inLanguage\":\"da-DK\",\"potentialAction\":[{\"@type\":\"ReadAction\",\"target\":[\"https:\\\/\\\/helim.eu\\\/da\\\/paatryk\\\/\"]}]},{\"@type\":\"BreadcrumbList\",\"@id\":\"https:\\\/\\\/helim.eu\\\/da\\\/paatryk\\\/#breadcrumb\",\"itemListElement\":[{\"@type\":\"ListItem\",\"position\":1,\"name\":\"Startseite\",\"item\":\"https:\\\/\\\/helim.eu\\\/da\\\/\"},{\"@type\":\"ListItem\",\"position\":2,\"name\":\"P\u00e5tryk\"}]},{\"@type\":\"WebSite\",\"@id\":\"https:\\\/\\\/helim.eu\\\/da\\\/#website\",\"url\":\"https:\\\/\\\/helim.eu\\\/da\\\/\",\"name\":\"Helim - Leak Test Solutions\",\"description\":\"L\u00e6kagetester til elbilbatterier\",\"publisher\":{\"@id\":\"https:\\\/\\\/helim.eu\\\/da\\\/#organization\"},\"potentialAction\":[{\"@type\":\"SearchAction\",\"target\":{\"@type\":\"EntryPoint\",\"urlTemplate\":\"https:\\\/\\\/helim.eu\\\/da\\\/?s={search_term_string}\"},\"query-input\":{\"@type\":\"PropertyValueSpecification\",\"valueRequired\":true,\"valueName\":\"search_term_string\"}}],\"inLanguage\":\"da-DK\"},{\"@type\":\"Organization\",\"@id\":\"https:\\\/\\\/helim.eu\\\/da\\\/#organization\",\"name\":\"Helim\",\"url\":\"https:\\\/\\\/helim.eu\\\/da\\\/\",\"logo\":{\"@type\":\"ImageObject\",\"inLanguage\":\"da-DK\",\"@id\":\"https:\\\/\\\/helim.eu\\\/da\\\/#\\\/schema\\\/logo\\\/image\\\/\",\"url\":\"https:\\\/\\\/helim.eu\\\/wp-content\\\/uploads\\\/2025\\\/03\\\/helim-logo-r-w-600-600-rand.png\",\"contentUrl\":\"https:\\\/\\\/helim.eu\\\/wp-content\\\/uploads\\\/2025\\\/03\\\/helim-logo-r-w-600-600-rand.png\",\"width\":600,\"height\":600,\"caption\":\"Helim\"},\"image\":{\"@id\":\"https:\\\/\\\/helim.eu\\\/da\\\/#\\\/schema\\\/logo\\\/image\\\/\"},\"sameAs\":[\"https:\\\/\\\/www.facebook.com\\\/profile.php?id=61574206138313\"]}]}<\/script>\n<!-- \/ Yoast SEO plugin. -->","yoast_head_json":{"title":"P\u00e5tryk - Helim - L\u00f8sninger til l\u00e6kagetest","robots":{"index":"index","follow":"follow","max-snippet":"max-snippet:-1","max-image-preview":"max-image-preview:large","max-video-preview":"max-video-preview:-1"},"canonical":"https:\/\/helim.eu\/da\/paatryk\/","og_locale":"da_DK","og_type":"article","og_title":"P\u00e5tryk - Helim - L\u00f8sninger til l\u00e6kagetest","og_url":"https:\/\/helim.eu\/da\/paatryk\/","og_site_name":"Helim - L\u00f8sninger til l\u00e6kagetest","article_publisher":"https:\/\/www.facebook.com\/profile.php?id=61574206138313","article_modified_time":"2025-04-10T16:48:13+00:00","twitter_card":"summary_large_image","twitter_misc":{"Estimeret l\u00e6setid":"5 minutter"},"schema":{"@context":"https:\/\/schema.org","@graph":[{"@type":"WebPage","@id":"https:\/\/helim.eu\/da\/paatryk\/","url":"https:\/\/helim.eu\/da\/paatryk\/","name":"P\u00e5tryk - Helim - L\u00f8sninger til l\u00e6kagetest","isPartOf":{"@id":"https:\/\/helim.eu\/da\/#website"},"datePublished":"2025-03-12T11:03:16+00:00","dateModified":"2025-04-10T16:48:13+00:00","breadcrumb":{"@id":"https:\/\/helim.eu\/da\/paatryk\/#breadcrumb"},"inLanguage":"da-DK","potentialAction":[{"@type":"ReadAction","target":["https:\/\/helim.eu\/da\/paatryk\/"]}]},{"@type":"BreadcrumbList","@id":"https:\/\/helim.eu\/da\/paatryk\/#breadcrumb","itemListElement":[{"@type":"ListItem","position":1,"name":"Startseite","item":"https:\/\/helim.eu\/da\/"},{"@type":"ListItem","position":2,"name":"P\u00e5tryk"}]},{"@type":"WebSite","@id":"https:\/\/helim.eu\/da\/#website","url":"https:\/\/helim.eu\/da\/","name":"Helim - Leak Test Solutions","description":"L\u00e6kagetester til elbilbatterier","publisher":{"@id":"https:\/\/helim.eu\/da\/#organization"},"potentialAction":[{"@type":"SearchAction","target":{"@type":"EntryPoint","urlTemplate":"https:\/\/helim.eu\/da\/?s={search_term_string}"},"query-input":{"@type":"PropertyValueSpecification","valueRequired":true,"valueName":"search_term_string"}}],"inLanguage":"da-DK"},{"@type":"Organization","@id":"https:\/\/helim.eu\/da\/#organization","name":"Helim","url":"https:\/\/helim.eu\/da\/","logo":{"@type":"ImageObject","inLanguage":"da-DK","@id":"https:\/\/helim.eu\/da\/#\/schema\/logo\/image\/","url":"https:\/\/helim.eu\/wp-content\/uploads\/2025\/03\/helim-logo-r-w-600-600-rand.png","contentUrl":"https:\/\/helim.eu\/wp-content\/uploads\/2025\/03\/helim-logo-r-w-600-600-rand.png","width":600,"height":600,"caption":"Helim"},"image":{"@id":"https:\/\/helim.eu\/da\/#\/schema\/logo\/image\/"},"sameAs":["https:\/\/www.facebook.com\/profile.php?id=61574206138313"]}]}},"_links":{"self":[{"href":"https:\/\/helim.eu\/da\/wp-json\/wp\/v2\/pages\/1087","targetHints":{"allow":["GET"]}}],"collection":[{"href":"https:\/\/helim.eu\/da\/wp-json\/wp\/v2\/pages"}],"about":[{"href":"https:\/\/helim.eu\/da\/wp-json\/wp\/v2\/types\/page"}],"author":[{"embeddable":true,"href":"https:\/\/helim.eu\/da\/wp-json\/wp\/v2\/users\/1"}],"replies":[{"embeddable":true,"href":"https:\/\/helim.eu\/da\/wp-json\/wp\/v2\/comments?post=1087"}],"version-history":[{"count":4,"href":"https:\/\/helim.eu\/da\/wp-json\/wp\/v2\/pages\/1087\/revisions"}],"predecessor-version":[{"id":1230,"href":"https:\/\/helim.eu\/da\/wp-json\/wp\/v2\/pages\/1087\/revisions\/1230"}],"wp:attachment":[{"href":"https:\/\/helim.eu\/da\/wp-json\/wp\/v2\/media?parent=1087"}],"curies":[{"name":"wp","href":"https:\/\/api.w.org\/{rel}","templated":true}]}}