{"id":1078,"date":"2025-03-10T12:00:21","date_gmt":"2025-03-10T12:00:21","guid":{"rendered":"https:\/\/helim.eu\/kontakt-os\/"},"modified":"2025-07-02T07:45:12","modified_gmt":"2025-07-02T07:45:12","slug":"kontakt-os","status":"publish","type":"page","link":"https:\/\/helim.eu\/da\/kontakt-os\/","title":{"rendered":"Kontakt os"},"content":{"rendered":"\n<style type=\"text\/css\" data-created_by=\"avia_inline_auto\" id=\"style-css-av-m7uj1yt0-e884c54767838f622762901d2299342f\">\n.avia-section.av-m7uj1yt0-e884c54767838f622762901d2299342f .av-parallax .av-parallax-inner{\nbackground-color:#e10800;\nbackground-image:url(https:\/\/helim.eu\/wp-content\/uploads\/2025\/03\/leaktest-battery-leakage-test-helim-10.png);\nbackground-repeat:no-repeat;\nbackground-position:100% 0%;\nbackground-attachment:scroll;\n}\n.avia-section.av-m7uj1yt0-e884c54767838f622762901d2299342f .av-section-color-overlay{\nopacity:0.6;\nbackground-color:#e10800;\n}\n#top .avia-section.av-m7uj1yt0-e884c54767838f622762901d2299342f .scroll-down-link{\ncolor:#ffffff;\n}\n<\/style>\n<div id='av_section_1'  class='avia-section av-m7uj1yt0-e884c54767838f622762901d2299342f main_color avia-section-default avia-no-border-styling  avia-builder-el-0  el_before_av_section  avia-builder-el-first  av-parallax-section avia-bg-style-parallax av-section-color-overlay-active av-minimum-height av-minimum-height-50 av-height-50  container_wrap fullsize'  data-section-bg-repeat='no-repeat' data-av_minimum_height_pc='50' data-av_min_height_opt='50'><div class='av-parallax' data-avia-parallax-ratio='0.3' ><div class='av-parallax-inner main_color avia-full-stretch'><\/div><\/div><div class=\"av-section-color-overlay-wrap\"><div class=\"av-section-color-overlay\"><\/div><a href='#next-section' title='' class='scroll-down-link av-custom-scroll-down-color' aria-hidden='true' data-av_icon='\ue877' data-av_iconfont='entypo-fontello'><\/a><div class='container av-section-cont-open' ><main  role=\"main\" itemprop=\"mainContentOfPage\"  class='template-page content  av-content-full alpha units'><div class='post-entry post-entry-type-page post-entry-1078'><div class='entry-content-wrapper clearfix'>\n\n<style type=\"text\/css\" data-created_by=\"avia_inline_auto\" id=\"style-css-av-4w6a-e4e2878a77dacf489fc1da314676a2c1\">\n.flex_column.av-4w6a-e4e2878a77dacf489fc1da314676a2c1{\npadding:50px 0 0 0;\n}\n<\/style>\n<div  class='flex_column av-4w6a-e4e2878a77dacf489fc1da314676a2c1 av_three_fifth  avia-builder-el-1  el_before_av_two_fifth  avia-builder-el-first  first flex_column_div av-parallax-object  ' data-parallax=\"{&quot;parallax&quot;:&quot;right_left&quot;,&quot;parallax_speed&quot;:&quot;40&quot;,&quot;av-desktop-parallax&quot;:&quot;inherit&quot;,&quot;av-desktop-parallax_speed&quot;:&quot;inherit&quot;,&quot;av-medium-parallax&quot;:&quot;inherit&quot;,&quot;av-medium-parallax_speed&quot;:&quot;inherit&quot;,&quot;av-small-parallax&quot;:&quot;inherit&quot;,&quot;av-small-parallax_speed&quot;:&quot;inherit&quot;,&quot;av-mini-parallax&quot;:&quot;inherit&quot;,&quot;av-mini-parallax_speed&quot;:&quot;inherit&quot;,&quot;parallax-container&quot;:&quot;.av-4w6a-e4e2878a77dacf489fc1da314676a2c1&quot;}\"    ><section  class='av_textblock_section av-m7uirohe-b57013c8e80d236f727e40edc1cd64b9 '   itemscope=\"itemscope\" itemtype=\"https:\/\/schema.org\/CreativeWork\" ><div class='avia_textblock'  itemprop=\"text\" ><h1><span style=\"color: #ffffff;\">Din kontakt til os<\/span><\/h1>\n<h1><\/h1>\n<\/div><\/section><br \/>\n\n<style type=\"text\/css\" data-created_by=\"avia_inline_auto\" id=\"style-css-av-m7yo0zzc-841ce2c2f2e477756d17ed2aad87f50e\">\n#top .hr.av-m7yo0zzc-841ce2c2f2e477756d17ed2aad87f50e{\nmargin-top:15px;\nmargin-bottom:15px;\n}\n.hr.av-m7yo0zzc-841ce2c2f2e477756d17ed2aad87f50e .hr-inner{\nwidth:50px;\n}\n<\/style>\n<div  class='hr av-m7yo0zzc-841ce2c2f2e477756d17ed2aad87f50e hr-custom  avia-builder-el-3  el_after_av_textblock  el_before_av_image  hr-center hr-icon-no'><span class='hr-inner inner-border-av-border-none'><span class=\"hr-inner-style\"><\/span><\/span><\/div><br \/>\n\n<style type=\"text\/css\" data-created_by=\"avia_inline_auto\" id=\"style-css-av-m7ynwwq1-4821306c1dffe086a29ae3218bbb446a\">\n.avia-image-container.av-m7ynwwq1-4821306c1dffe086a29ae3218bbb446a img.avia_image{\nbox-shadow:none;\n}\n.avia-image-container.av-m7ynwwq1-4821306c1dffe086a29ae3218bbb446a .av-image-caption-overlay-center{\ncolor:#ffffff;\n}\n<\/style>\n<div  class='avia-image-container av-m7ynwwq1-4821306c1dffe086a29ae3218bbb446a av-styling- avia-align-left  avia-builder-el-4  el_after_av_hr  avia-builder-el-last '   itemprop=\"image\" itemscope=\"itemscope\" itemtype=\"https:\/\/schema.org\/ImageObject\" ><div class=\"avia-image-container-inner\"><div class=\"avia-image-overlay-wrap\"><img decoding=\"async\" fetchpriority=\"high\" class='wp-image-210 avia-img-lazy-loading-not-210 avia_image ' src=\"https:\/\/helim.eu\/wp-content\/uploads\/2025\/03\/helim-white-without-bg-600-300x92.png\" alt='Leakage test EV battery - Helim' title='helim-white-without-bg-600'  height=\"92\" width=\"300\"  itemprop=\"thumbnailUrl\" srcset=\"https:\/\/helim.eu\/wp-content\/uploads\/2025\/03\/helim-white-without-bg-600-300x92.png 300w, https:\/\/helim.eu\/wp-content\/uploads\/2025\/03\/helim-white-without-bg-600.png 600w\" sizes=\"(max-width: 300px) 100vw, 300px\" \/><\/div><\/div><\/div><\/p><\/div><div  class='flex_column av-2v8g-3bf2cc19cd5a2b3ccf8dff553b817e7b av_two_fifth  avia-builder-el-5  el_after_av_three_fifth  avia-builder-el-last  flex_column_div av-parallax-object  ' data-parallax=\"{&quot;parallax&quot;:&quot;left_right&quot;,&quot;parallax_speed&quot;:&quot;&quot;,&quot;av-desktop-parallax&quot;:&quot;inherit&quot;,&quot;av-desktop-parallax_speed&quot;:&quot;inherit&quot;,&quot;av-medium-parallax&quot;:&quot;inherit&quot;,&quot;av-medium-parallax_speed&quot;:&quot;inherit&quot;,&quot;av-small-parallax&quot;:&quot;inherit&quot;,&quot;av-small-parallax_speed&quot;:&quot;inherit&quot;,&quot;av-mini-parallax&quot;:&quot;inherit&quot;,&quot;av-mini-parallax_speed&quot;:&quot;inherit&quot;,&quot;parallax-container&quot;:&quot;.av-2v8g-3bf2cc19cd5a2b3ccf8dff553b817e7b&quot;}\"    ><\/div>\n\n<\/div><\/div><\/main><!-- close content main element --><\/div><\/div><\/div><div id='av_section_2'  class='avia-section av-85sg-9253af3811e26d8c58991fb476b4cd22 main_color avia-section-default avia-no-border-styling  avia-builder-el-7  el_after_av_section  el_before_av_section  avia-bg-style-scroll av-minimum-height av-minimum-height-custom av-height-custom  container_wrap fullsize'   data-av_minimum_height_px='700'><div class='container av-section-cont-open' style='height:700px'><div class='template-page content  av-content-full alpha units'><div class='post-entry post-entry-type-page post-entry-1078'><div class='entry-content-wrapper clearfix'>\n<form action=\"https:\/\/helim.eu\/da\/kontakt-os\/\" method=\"post\" data-fields-with-error=\"Found errors in the following field(s):\" class=\"avia_ajax_form av-form-labels-visible   avia-builder-el-8  avia-builder-el-no-sibling  av-show-form-errors   \" data-avia-form-id=\"1\" data-avia-redirect='' ><h3 class=''>Kom i kontakt med os<\/h3><fieldset><p class='  first_form  form_element form_fullwidth' id='element_avia_1_1'><label for=\"avia_1_1\">Navn <abbr class=\"required\" title=\"required\">*<\/abbr><\/label> <input name=\"avia_1_1\" class=\"text_input is_empty\" type=\"text\" id=\"avia_1_1\" value=\"\" \/><\/p><p class='  first_form  form_element form_fullwidth' id='element_avia_2_1'><label for=\"avia_2_1\">e-mail <abbr class=\"required\" title=\"required\">*<\/abbr><\/label> <input name=\"avia_2_1\" class=\"text_input is_email\" type=\"text\" id=\"avia_2_1\" value=\"\" \/><\/p><p class='  first_form  form_element form_fullwidth' id='element_avia_3_1'><label for=\"avia_3_1\">Telefon<\/label> <input name=\"avia_3_1\" class=\"text_input \" type=\"text\" id=\"avia_3_1\" value=\"\" \/><\/p><p class='  first_form  form_element form_fullwidth' id='element_avia_4_1'><label for=\"avia_4_1\">Emne <abbr class=\"required\" title=\"required\">*<\/abbr><\/label><select  name=\"avia_4_1\" class=\"select is_empty\" id=\"avia_4_1\"><option   value='Foresp\u00f8rgsel p\u00e5 batteril\u00e6kagetester'>Foresp\u00f8rgsel p\u00e5 batteril\u00e6kagetester<\/option><option   value='foresp\u00f8rgsel p\u00e5 andre l\u00e6kagetestere'>foresp\u00f8rgsel p\u00e5 andre l\u00e6kagetestere<\/option><option   value='reparation og vedligeholdelse'>reparation og vedligeholdelse<\/option><\/select><\/p><p class='  first_form  form_element form_fullwidth' id='element_avia_5_1'><label for=\"avia_5_1\" class=\"textare_label hidden textare_label_avia_5_1\">Besked <abbr class=\"required\" title=\"required\">*<\/abbr><\/label><textarea  name=\"avia_5_1\" class=\"text_area is_empty\" cols=\"40\" rows=\"7\" id=\"avia_5_1\" ><\/textarea><\/p><p class=\"hidden\"><input type=\"text\" name=\"avia_6_1\" class=\"hidden \" id=\"avia_6_1\" value=\"\" \/><\/p><p class='   form_element form_fullwidth' id='element_avia_7_1'><span class='value_verifier_label'>5 + 2 = ?<\/span><input name=\"avia_7_1_verifier\" type=\"hidden\" id=\"avia_7_1_verifier\" value=\"812477734\"\/><label for=\"avia_7_1\">Please prove that you are human by solving the equation <abbr class=\"required\" title=\"required\">*<\/abbr><\/label><input name=\"avia_7_1\" class=\"text_input captcha\" type=\"text\" id=\"avia_7_1\" value=\"\"\/><\/p><p class=\"form_element \"><input type=\"hidden\" value=\"1\" name=\"avia_generated_form1\" \/><input type=\"submit\" value=\"Send\" class=\"button\"  data-sending-label=\"Sending\"\/><\/p><\/fieldset><\/form><div id=\"ajaxresponse_1\" class=\"ajaxresponse ajaxresponse_1 hidden\"><\/div>\n<\/div><\/div><\/div><!-- close content main div --><\/div><\/div>\n<style type=\"text\/css\" data-created_by=\"avia_inline_auto\" id=\"style-css-av-m7vq220t-16bfaa785507388f50cff64c5d05d2d1\">\n.avia-section.av-m7vq220t-16bfaa785507388f50cff64c5d05d2d1{\nbackground-repeat:no-repeat;\nbackground-image:url(https:\/\/helim.eu\/wp-content\/uploads\/2025\/03\/battery-air-leak-test-helim-r.png);\nbackground-position:50% 50%;\nbackground-attachment:fixed;\n}\n.avia-section.av-m7vq220t-16bfaa785507388f50cff64c5d05d2d1 .av-section-color-overlay{\nopacity:0.3;\nbackground-color:#333333;\n}\n<\/style>\n<div id='av_section_3'  class='avia-section av-m7vq220t-16bfaa785507388f50cff64c5d05d2d1 main_color avia-section-default avia-no-border-styling  avia-builder-el-9  el_after_av_section  el_before_av_section  av-mini-hide avia-bg-style-fixed av-section-color-overlay-active av-minimum-height av-minimum-height-custom av-height-custom  container_wrap fullsize'  data-section-bg-repeat='no-repeat' data-av_minimum_height_px='350'><div class=\"av-section-color-overlay-wrap\"><div class=\"av-section-color-overlay\"><\/div><div class='container av-section-cont-open' style='height:350px'><div class='template-page content  av-content-full alpha units'><div class='post-entry post-entry-type-page post-entry-1078'><div class='entry-content-wrapper clearfix'><\/p>\n<\/div><\/div><\/div><!-- close content main div --><\/div><\/div><\/div><div id='av_section_4'  class='avia-section av-47lk-f015129779bb3f8076b237345036f878 main_color avia-section-default avia-no-border-styling  avia-builder-el-10  el_after_av_section  el_before_av_section  avia-bg-style-scroll av-minimum-height av-minimum-height-25 av-height-25  container_wrap fullsize'   data-av_minimum_height_pc='25' data-av_min_height_opt='25'><div class='container av-section-cont-open' ><div class='template-page content  av-content-full alpha units'><div class='post-entry post-entry-type-page post-entry-1078'><div class='entry-content-wrapper clearfix'>\n\n<style type=\"text\/css\" data-created_by=\"avia_inline_auto\" id=\"style-css-av-m7voq5i7-63dcc9f6d8eaf1fc54618182a0cb7f21\">\n#top .av_textblock_section.av-m7voq5i7-63dcc9f6d8eaf1fc54618182a0cb7f21 .avia_textblock{\ntext-align:center;\n}\n<\/style>\n<section  class='av_textblock_section av-m7voq5i7-63dcc9f6d8eaf1fc54618182a0cb7f21 '   itemscope=\"itemscope\" itemtype=\"https:\/\/schema.org\/CreativeWork\" ><div class='avia_textblock'  itemprop=\"text\" ><h3 style=\"text-align: center;\"><span style=\"color: #000000;\">eller direkte via e-mail<\/span><\/h3>\n<h2 style=\"text-align: center;\"><span style=\"color: #000000;\"><a style=\"color: #000000;\" href=\"mailto:info@helim.eu\">info@helim.eu<\/a><\/span><\/h2>\n<\/div><\/section>\n\n<\/div><\/div><\/div><!-- close content main div --><\/div><\/div>\n<style type=\"text\/css\" data-created_by=\"avia_inline_auto\" id=\"style-css-av-2x7u-b176549d181935c7f70c17e542152199\">\n.avia-section.av-2x7u-b176549d181935c7f70c17e542152199{\nbackground-repeat:no-repeat;\nbackground-image:url(https:\/\/helim.eu\/wp-content\/uploads\/2025\/03\/battery-air-leak-test-helim-r.png);\nbackground-position:50% 50%;\nbackground-attachment:fixed;\nmargin-top:0px;\nmargin-bottom:50px;\n}\n.avia-section.av-2x7u-b176549d181935c7f70c17e542152199 .av-section-color-overlay{\nopacity:0.3;\nbackground-color:#333333;\n}\n<\/style>\n<div id='av_section_5'  class='avia-section av-2x7u-b176549d181935c7f70c17e542152199 main_color avia-section-default avia-no-border-styling  avia-builder-el-12  el_after_av_section  el_before_av_section  av-mini-hide avia-bg-style-fixed av-section-color-overlay-active av-minimum-height av-minimum-height-custom av-height-custom  container_wrap fullsize'  data-section-bg-repeat='no-repeat' data-av_minimum_height_px='350'><div class=\"av-section-color-overlay-wrap\"><div class=\"av-section-color-overlay\"><\/div><div class='container av-section-cont-open' style='height:350px'><div class='template-page content  av-content-full alpha units'><div class='post-entry post-entry-type-page post-entry-1078'><div class='entry-content-wrapper clearfix'>\n<\/div><\/div><\/div><!-- close content main div --><\/div><\/div><\/div><div id='av_section_6'  class='avia-section av-m8e56uus-b049f246afb3d19ec29a2e2ba8133cdf main_color avia-section-default avia-no-border-styling  avia-builder-el-13  el_after_av_section  avia-builder-el-last  av-desktop-hide av-medium-hide av-small-hide av-mini-hide avia-bg-style-scroll av-minimum-height av-minimum-height-25 av-height-25  container_wrap fullsize'   data-av_minimum_height_pc='25' data-av_min_height_opt='25'><div class='container av-section-cont-open' ><div class='template-page content  av-content-full alpha units'><div class='post-entry post-entry-type-page post-entry-1078'><div class='entry-content-wrapper clearfix'>\n\n<style type=\"text\/css\" data-created_by=\"avia_inline_auto\" id=\"style-css-av-m8e56jcr-dec421574fe1f37bd6a1a08426f5859d\">\n#top .av_textblock_section.av-m8e56jcr-dec421574fe1f37bd6a1a08426f5859d .avia_textblock{\ntext-align:center;\n}\n<\/style>\n<section  class='av_textblock_section av-m8e56jcr-dec421574fe1f37bd6a1a08426f5859d '   itemscope=\"itemscope\" itemtype=\"https:\/\/schema.org\/CreativeWork\" ><div class='avia_textblock'  itemprop=\"text\" ><h3 data-pm-slice=\"1 1 &#091;&#093;\">Kontakt Helim &#8211; Professionelle l\u00f8sninger til l\u00e6kagetest af batterier<\/h3>\n<p>Elektromobilitet stiller h\u00f8je krav til v\u00e6rksteder og teststationer. P\u00e5lidelig l\u00e6kagetestning af batterier er afg\u00f8rende for at sikre sikkerheden og levetiden for h\u00f8jsp\u00e6ndingsbatterier i el- og hybridbiler. Derfor er det vigtigt at bruge moderne testmetoder. Helims innovative batteril\u00e6kagetestere giver v\u00e6rkstederne en effektiv og pr\u00e6cis l\u00f8sning til l\u00e6kagetest af batterihuse og k\u00f8lekredsl\u00f8b. Det g\u00f8r det muligt at opdage og undg\u00e5 skader p\u00e5 et tidligt tidspunkt.    <\/p>\n<h3>Batteril\u00e6kagetest for maksimal sikkerhed<\/h3>\n<p>Moderne batteril\u00e6kagetestere sikrer hurtig og p\u00e5lidelig diagnosticering for at forhindre fugtindtr\u00e6ngning. Det beskytter batteriet og forl\u00e6nger dets levetid. Et ut\u00e6t batteri forkorter ikke kun dets levetid, men indeb\u00e6rer ogs\u00e5 sikkerhedskritiske risici for k\u00f8ret\u00f8jets brugere og v\u00e6rkstedspersonalet. En professionel l\u00e6kagetest af batteriet er derfor afg\u00f8rende. Derudover underst\u00f8tter en regelm\u00e6ssig kontrol batteriets funktionalitet p\u00e5 lang sigt.    <\/p>\n<h3>Hvorfor er batteril\u00e6kagetesten vigtig?<\/h3>\n<ul>\n<li><strong>\u00d8get sikkerhed<\/strong> for k\u00f8ret\u00f8jsbrugere og v\u00e6rkstedspersonale gennem tidlig opdagelse og forebyggelse af l\u00e6kager<\/li>\n<li><strong>L\u00e6ngere batterilevetid<\/strong>, da potentielle fejl identificeres med det samme<\/li>\n<li><strong>Forebyggelse af fugtskader<\/strong> ved at opdage ut\u00e6tte batterihuse p\u00e5 et tidligt tidspunkt<\/li>\n<li><strong>Overholdelse af juridiske standarder<\/strong> og f\u00f8rende producenters specifikationer for standardiseret l\u00e6kagetest af batterier<\/li>\n<li><strong>Hurtig og pr\u00e6cis diagnose<\/strong> takket v\u00e6re brugen af avancerede batteril\u00e6kagetestere med innovativ sensorteknologi<\/li>\n<\/ul>\n<h3>Alsidige anvendelsesomr\u00e5der for l\u00e6kagetest af batterier<\/h3>\n<p>Vores batteril\u00e6kagetestere kan bruges til en lang r\u00e6kke form\u00e5l:<\/p>\n<ul data-spread=\"false\">\n<li><span style=\"color: #000000;\"><a style=\"color: #000000;\" href=\"https:\/\/de.wikipedia.org\/wiki\/Autowerkstatt\" target=\"_blank\" rel=\"noopener\"><strong>v\u00e6rksteder<\/strong><\/a><\/span>som gerne vil etablere professionel batteritestning som en integreret del af deres serviceudbud<\/li>\n<li><strong>Testcentre<\/strong>, der er afh\u00e6ngige af p\u00e5lidelig og standardiseret l\u00e6kagetestning af batterier<\/li>\n<li><strong>Bilproducenter<\/strong>, der har brug for effektiv l\u00e6kagetestning til batteriproduktion<\/li>\n<\/ul>\n<p>Ud over testen af batterihuset registrerer vores batteril\u00e6kagetestere ogs\u00e5 l\u00e6kagetesten af k\u00f8lekredsl\u00f8bet. Det sikrer, at hverken fugt eller fremmedlegemer tr\u00e6nger ind i h\u00f8jsp\u00e6ndingsbatteriets f\u00f8lsomme komponenter. Det er et afg\u00f8rende bidrag til batteriernes sikkerhed og levetid.  <\/p>\n<h3>Effektiv l\u00e6kagetest af batterier med Helim<\/h3>\n<p>Vores test af batteril\u00e6kager er baseret p\u00e5 avanceret sensorteknologi, der registrerer selv de mindste l\u00e6kager. Derudover tilbyder vi pr\u00e6cise testmetoder til forskellige batterityper og -designs. Vores m\u00e5l er at levere effektiv og sikker l\u00e6kagetestning af batterier, der opfylder de nuv\u00e6rende branchekrav. Regelm\u00e6ssig testning hj\u00e6lper med at undg\u00e5 uventede fejl og reducere vedligeholdelsesomkostningerne.   <\/p>\n<h3>Kom i kontakt med Helim nu!<\/h3>\n<p>Har du sp\u00f8rgsm\u00e5l om vores batteril\u00e6kagetestere? S\u00e5 brug vores kontaktformular eller send os en e-mail! Vi vil med gl\u00e6de r\u00e5dgive dig og hj\u00e6lpe dig med at finde den optimale l\u00f8sning til dine behov for l\u00e6kagetest af batterier.  <\/p>\n<p>Hos Helim er vi ikke kun ved din side under konsultationen, men st\u00f8tter dig ogs\u00e5 efter k\u00f8bet af vores produkter. Hvis du har brug for en <a href=\"https:\/\/helim.eu\/da\/vedligeholdelse\/\" target=\"_blank\" rel=\"noopener\"><span style=\"color: #000000;\">reparation<\/span><\/a> eller kalibrering af dine enheder, er vi der for dig og sikrer, at dine testsystemer altid fungerer optimalt.<\/p>\n<\/div><\/section>\n\n","protected":false},"excerpt":{"rendered":"","protected":false},"author":1,"featured_media":0,"parent":0,"menu_order":0,"comment_status":"closed","ping_status":"open","template":"","meta":{"footnotes":""},"class_list":["post-1078","page","type-page","status-publish","hentry"],"yoast_head":"<!-- This site is optimized with the Yoast SEO plugin v27.5 - https:\/\/yoast.com\/product\/yoast-seo-wordpress\/ -->\n<title>Kontakt os - Helim - L\u00f8sninger til l\u00e6kagetest<\/title>\n<meta name=\"description\" content=\"Din kontaktperson hos Helim - din partner til pr\u00e6cis l\u00e6kagetestning af HV-batterier p\u00e5 v\u00e6rksteder og i aftersales-sektoren.\" \/>\n<meta name=\"robots\" content=\"index, follow, max-snippet:-1, max-image-preview:large, max-video-preview:-1\" \/>\n<link rel=\"canonical\" href=\"https:\/\/helim.eu\/da\/kontakt-os\/\" \/>\n<meta property=\"og:locale\" content=\"da_DK\" \/>\n<meta property=\"og:type\" content=\"article\" \/>\n<meta property=\"og:title\" content=\"Kontakt os - Helim - L\u00f8sninger til l\u00e6kagetest\" \/>\n<meta property=\"og:description\" content=\"Din kontaktperson hos Helim - din partner til pr\u00e6cis l\u00e6kagetestning af HV-batterier p\u00e5 v\u00e6rksteder og i aftersales-sektoren.\" \/>\n<meta property=\"og:url\" content=\"https:\/\/helim.eu\/da\/kontakt-os\/\" \/>\n<meta property=\"og:site_name\" content=\"Helim - L\u00f8sninger til l\u00e6kagetest\" \/>\n<meta property=\"article:publisher\" content=\"https:\/\/www.facebook.com\/profile.php?id=61574206138313\" \/>\n<meta property=\"article:modified_time\" content=\"2025-07-02T07:45:12+00:00\" \/>\n<meta name=\"twitter:card\" content=\"summary_large_image\" \/>\n<meta name=\"twitter:label1\" content=\"Estimeret l\u00e6setid\" \/>\n\t<meta name=\"twitter:data1\" content=\"24 minutter\" \/>\n<script type=\"application\/ld+json\" class=\"yoast-schema-graph\">{\"@context\":\"https:\\\/\\\/schema.org\",\"@graph\":[{\"@type\":\"WebPage\",\"@id\":\"https:\\\/\\\/helim.eu\\\/da\\\/kontakt-os\\\/\",\"url\":\"https:\\\/\\\/helim.eu\\\/da\\\/kontakt-os\\\/\",\"name\":\"Kontakt os - Helim - L\u00f8sninger til l\u00e6kagetest\",\"isPartOf\":{\"@id\":\"https:\\\/\\\/helim.eu\\\/da\\\/#website\"},\"datePublished\":\"2025-03-10T12:00:21+00:00\",\"dateModified\":\"2025-07-02T07:45:12+00:00\",\"description\":\"Din kontaktperson hos Helim - din partner til pr\u00e6cis l\u00e6kagetestning af HV-batterier p\u00e5 v\u00e6rksteder og i aftersales-sektoren.\",\"breadcrumb\":{\"@id\":\"https:\\\/\\\/helim.eu\\\/da\\\/kontakt-os\\\/#breadcrumb\"},\"inLanguage\":\"da-DK\",\"potentialAction\":[{\"@type\":\"ReadAction\",\"target\":[\"https:\\\/\\\/helim.eu\\\/da\\\/kontakt-os\\\/\"]}]},{\"@type\":\"BreadcrumbList\",\"@id\":\"https:\\\/\\\/helim.eu\\\/da\\\/kontakt-os\\\/#breadcrumb\",\"itemListElement\":[{\"@type\":\"ListItem\",\"position\":1,\"name\":\"Startseite\",\"item\":\"https:\\\/\\\/helim.eu\\\/da\\\/\"},{\"@type\":\"ListItem\",\"position\":2,\"name\":\"Kontakt os\"}]},{\"@type\":\"WebSite\",\"@id\":\"https:\\\/\\\/helim.eu\\\/da\\\/#website\",\"url\":\"https:\\\/\\\/helim.eu\\\/da\\\/\",\"name\":\"Helim - Leak Test Solutions\",\"description\":\"L\u00e6kagetester til elbilbatterier\",\"publisher\":{\"@id\":\"https:\\\/\\\/helim.eu\\\/da\\\/#organization\"},\"potentialAction\":[{\"@type\":\"SearchAction\",\"target\":{\"@type\":\"EntryPoint\",\"urlTemplate\":\"https:\\\/\\\/helim.eu\\\/da\\\/?s={search_term_string}\"},\"query-input\":{\"@type\":\"PropertyValueSpecification\",\"valueRequired\":true,\"valueName\":\"search_term_string\"}}],\"inLanguage\":\"da-DK\"},{\"@type\":\"Organization\",\"@id\":\"https:\\\/\\\/helim.eu\\\/da\\\/#organization\",\"name\":\"Helim\",\"url\":\"https:\\\/\\\/helim.eu\\\/da\\\/\",\"logo\":{\"@type\":\"ImageObject\",\"inLanguage\":\"da-DK\",\"@id\":\"https:\\\/\\\/helim.eu\\\/da\\\/#\\\/schema\\\/logo\\\/image\\\/\",\"url\":\"https:\\\/\\\/helim.eu\\\/wp-content\\\/uploads\\\/2025\\\/03\\\/helim-logo-r-w-600-600-rand.png\",\"contentUrl\":\"https:\\\/\\\/helim.eu\\\/wp-content\\\/uploads\\\/2025\\\/03\\\/helim-logo-r-w-600-600-rand.png\",\"width\":600,\"height\":600,\"caption\":\"Helim\"},\"image\":{\"@id\":\"https:\\\/\\\/helim.eu\\\/da\\\/#\\\/schema\\\/logo\\\/image\\\/\"},\"sameAs\":[\"https:\\\/\\\/www.facebook.com\\\/profile.php?id=61574206138313\"]}]}<\/script>\n<!-- \/ Yoast SEO plugin. -->","yoast_head_json":{"title":"Kontakt os - Helim - L\u00f8sninger til l\u00e6kagetest","description":"Din kontaktperson hos Helim - din partner til pr\u00e6cis l\u00e6kagetestning af HV-batterier p\u00e5 v\u00e6rksteder og i aftersales-sektoren.","robots":{"index":"index","follow":"follow","max-snippet":"max-snippet:-1","max-image-preview":"max-image-preview:large","max-video-preview":"max-video-preview:-1"},"canonical":"https:\/\/helim.eu\/da\/kontakt-os\/","og_locale":"da_DK","og_type":"article","og_title":"Kontakt os - Helim - L\u00f8sninger til l\u00e6kagetest","og_description":"Din kontaktperson hos Helim - din partner til pr\u00e6cis l\u00e6kagetestning af HV-batterier p\u00e5 v\u00e6rksteder og i aftersales-sektoren.","og_url":"https:\/\/helim.eu\/da\/kontakt-os\/","og_site_name":"Helim - L\u00f8sninger til l\u00e6kagetest","article_publisher":"https:\/\/www.facebook.com\/profile.php?id=61574206138313","article_modified_time":"2025-07-02T07:45:12+00:00","twitter_card":"summary_large_image","twitter_misc":{"Estimeret l\u00e6setid":"24 minutter"},"schema":{"@context":"https:\/\/schema.org","@graph":[{"@type":"WebPage","@id":"https:\/\/helim.eu\/da\/kontakt-os\/","url":"https:\/\/helim.eu\/da\/kontakt-os\/","name":"Kontakt os - Helim - L\u00f8sninger til l\u00e6kagetest","isPartOf":{"@id":"https:\/\/helim.eu\/da\/#website"},"datePublished":"2025-03-10T12:00:21+00:00","dateModified":"2025-07-02T07:45:12+00:00","description":"Din kontaktperson hos Helim - din partner til pr\u00e6cis l\u00e6kagetestning af HV-batterier p\u00e5 v\u00e6rksteder og i aftersales-sektoren.","breadcrumb":{"@id":"https:\/\/helim.eu\/da\/kontakt-os\/#breadcrumb"},"inLanguage":"da-DK","potentialAction":[{"@type":"ReadAction","target":["https:\/\/helim.eu\/da\/kontakt-os\/"]}]},{"@type":"BreadcrumbList","@id":"https:\/\/helim.eu\/da\/kontakt-os\/#breadcrumb","itemListElement":[{"@type":"ListItem","position":1,"name":"Startseite","item":"https:\/\/helim.eu\/da\/"},{"@type":"ListItem","position":2,"name":"Kontakt os"}]},{"@type":"WebSite","@id":"https:\/\/helim.eu\/da\/#website","url":"https:\/\/helim.eu\/da\/","name":"Helim - Leak Test Solutions","description":"L\u00e6kagetester til elbilbatterier","publisher":{"@id":"https:\/\/helim.eu\/da\/#organization"},"potentialAction":[{"@type":"SearchAction","target":{"@type":"EntryPoint","urlTemplate":"https:\/\/helim.eu\/da\/?s={search_term_string}"},"query-input":{"@type":"PropertyValueSpecification","valueRequired":true,"valueName":"search_term_string"}}],"inLanguage":"da-DK"},{"@type":"Organization","@id":"https:\/\/helim.eu\/da\/#organization","name":"Helim","url":"https:\/\/helim.eu\/da\/","logo":{"@type":"ImageObject","inLanguage":"da-DK","@id":"https:\/\/helim.eu\/da\/#\/schema\/logo\/image\/","url":"https:\/\/helim.eu\/wp-content\/uploads\/2025\/03\/helim-logo-r-w-600-600-rand.png","contentUrl":"https:\/\/helim.eu\/wp-content\/uploads\/2025\/03\/helim-logo-r-w-600-600-rand.png","width":600,"height":600,"caption":"Helim"},"image":{"@id":"https:\/\/helim.eu\/da\/#\/schema\/logo\/image\/"},"sameAs":["https:\/\/www.facebook.com\/profile.php?id=61574206138313"]}]}},"_links":{"self":[{"href":"https:\/\/helim.eu\/da\/wp-json\/wp\/v2\/pages\/1078","targetHints":{"allow":["GET"]}}],"collection":[{"href":"https:\/\/helim.eu\/da\/wp-json\/wp\/v2\/pages"}],"about":[{"href":"https:\/\/helim.eu\/da\/wp-json\/wp\/v2\/types\/page"}],"author":[{"embeddable":true,"href":"https:\/\/helim.eu\/da\/wp-json\/wp\/v2\/users\/1"}],"replies":[{"embeddable":true,"href":"https:\/\/helim.eu\/da\/wp-json\/wp\/v2\/comments?post=1078"}],"version-history":[{"count":8,"href":"https:\/\/helim.eu\/da\/wp-json\/wp\/v2\/pages\/1078\/revisions"}],"predecessor-version":[{"id":3517,"href":"https:\/\/helim.eu\/da\/wp-json\/wp\/v2\/pages\/1078\/revisions\/3517"}],"wp:attachment":[{"href":"https:\/\/helim.eu\/da\/wp-json\/wp\/v2\/media?parent=1078"}],"curies":[{"name":"wp","href":"https:\/\/api.w.org\/{rel}","templated":true}]}}