{"id":1935,"date":"2025-01-22T17:30:34","date_gmt":"2025-01-22T17:30:34","guid":{"rendered":"https:\/\/helim.eu\/zasady-ochrany-osobnich-udaju\/"},"modified":"2025-07-03T16:05:33","modified_gmt":"2025-07-03T16:05:33","slug":"zasady-ochrany-osobnich-udaju","status":"publish","type":"page","link":"https:\/\/helim.eu\/cs\/zasady-ochrany-osobnich-udaju\/","title":{"rendered":"Z\u00e1sady ochrany osobn\u00edch \u00fadaj\u016f"},"content":{"rendered":"<section  class='av_textblock_section av-m860qs28-1630095a5e4c5eb0929470a73e6b6410 '   itemscope=\"itemscope\" itemtype=\"https:\/\/schema.org\/CreativeWork\" ><div class='avia_textblock'  itemprop=\"text\" ><h2 data-pm-slice=\"1 1 []\">Z\u00e1sady ochrany osobn\u00edch \u00fadaj\u016f<\/h2>\n<h3>1. obecn\u00e9 informace<\/h3>\n<p>Ochrana va\u0161ich osobn\u00edch \u00fadaj\u016f je pro n\u00e1s d\u016fle\u017eit\u00e1. Tyto z\u00e1sady ochrany osobn\u00edch \u00fadaj\u016f vysv\u011btluj\u00ed, jak\u00e9 \u00fadaje shroma\u017e\u010fujeme, jak je pou\u017e\u00edv\u00e1me a jak\u00e1 m\u00e1te pr\u00e1va. <\/p>\n<h3>2. osoba odpov\u011bdn\u00e1 za zpracov\u00e1n\u00ed \u00fadaj\u016f<\/h3>\n<p>NIROXX Engineering Ltd.<br \/>\nMorozow Avenue 12<br \/>\n8220 Pafos, Kypr<br \/>\nE-mail: <a>info@niroxx.io<\/a><br \/>\nWebov\u00e9 str\u00e1nky:   <a href=\"https:\/\/www.niroxx.io\">https:\/\/www.niroxx.io<\/a><\/p>\n<h3>3. hostingov\u00e9 a serverov\u00e9 protokolov\u00e9 soubory<\/h3>\n<p>Hostitelem na\u0161ich webov\u00fdch str\u00e1nek je spole\u010dnost Strato AG:<br \/>\n<strong>Strato AG<\/strong>, Pascalstra\u00dfe 10, 10587 Berl\u00edn, N\u011bmecko<\/p>\n<p>Kdy\u017e nav\u0161t\u00edv\u00edte na\u0161e webov\u00e9 str\u00e1nky, poskytovatel hostingu automaticky ukl\u00e1d\u00e1 n\u00e1sleduj\u00edc\u00ed \u00fadaje do tzv. protokolov\u00fdch soubor\u016f serveru:<\/p>\n<ul data-spread=\"false\">\n<li>IP adresa n\u00e1v\u0161t\u011bvn\u00edka<\/li>\n<li>Datum a \u010das p\u0159\u00edstupu<\/li>\n<li>Typ a verze prohl\u00ed\u017ee\u010de<\/li>\n<li>Opera\u010dn\u00ed syst\u00e9m<\/li>\n<li>URL odkazu (d\u0159\u00edve nav\u0161t\u00edven\u00e1 str\u00e1nka)<\/li>\n<\/ul>\n<p>Tyto \u00fadaje se pou\u017e\u00edvaj\u00ed v\u00fdhradn\u011b pro zabezpe\u010den\u00ed a technickou \u00fadr\u017ebu webov\u00fdch str\u00e1nek a nejsou spojov\u00e1ny s jin\u00fdmi zdroji \u00fadaj\u016f. \u00dadaje jsou uchov\u00e1v\u00e1ny maxim\u00e1ln\u011b 7 dn\u00ed a pot\u00e9 jsou automaticky vymaz\u00e1ny. <\/p>\n<h3>4. shroma\u017e\u010fov\u00e1n\u00ed a zpracov\u00e1n\u00ed osobn\u00edch \u00fadaj\u016f<\/h3>\n<p>Osobn\u00ed \u00fadaje shroma\u017e\u010fujeme pouze tehdy, pokud n\u00e1m je poskytnete dobrovoln\u011b prost\u0159ednictv\u00edm kontaktn\u00edho formul\u00e1\u0159e nebo e-mailu. To plat\u00ed zejm\u00e9na pro: <\/p>\n<ul data-spread=\"false\">\n<li>N\u00e1zev<\/li>\n<li>E-mailov\u00e1 adresa<\/li>\n<li>Telefonn\u00ed \u010d\u00edslo (pokud je uvedeno)<\/li>\n<li>Obsah va\u0161\u00ed zpr\u00e1vy<\/li>\n<li>Informace o u\u017eivatelsk\u00e9m \u00fa\u010dtu (je-li registrov\u00e1n)<\/li>\n<\/ul>\n<h3>5. \u00fa\u010del zpracov\u00e1n\u00ed \u00fadaj\u016f<\/h3>\n<p>V\u00e1mi poskytnut\u00e9 \u00fadaje budou pou\u017eity pouze ke zpracov\u00e1n\u00ed va\u0161eho dotazu, ke komunikaci s v\u00e1mi a ke zlep\u0161en\u00ed na\u0161ich slu\u017eeb.<\/p>\n<h3>6. koment\u00e1\u0159e<\/h3>\n<p>Kdy\u017e n\u00e1v\u0161t\u011bvn\u00edci na webov\u00e9 str\u00e1nce p\u00ed\u0161\u00ed koment\u00e1\u0159e, shroma\u017e\u010fujeme \u00fadaje zobrazen\u00e9 ve formul\u00e1\u0159i koment\u00e1\u0159e, jako\u017e i IP adresu a \u0159et\u011bzec user agent, abychom mohli rozpoznat spam.<\/p>\n<h3>7. m\u00e9dia<\/h3>\n<p>Pokud na tyto webov\u00e9 str\u00e1nky nahr\u00e1v\u00e1te sn\u00edmky, m\u011bli byste se vyhnout nahr\u00e1v\u00e1n\u00ed sn\u00edmk\u016f s vlo\u017een\u00fdmi \u00fadaji EXIF o poloze GPS. N\u00e1v\u0161t\u011bvn\u00edci t\u011bchto webov\u00fdch str\u00e1nek by mohli takov\u00e9 \u00fadaje o poloze z\u00edskat. <\/p>\n<h3>8. kontaktn\u00ed formul\u00e1\u0159e<\/h3>\n<p>Pokud pou\u017eijete n\u00e1\u0161 kontaktn\u00ed formul\u00e1\u0159, uchov\u00e1v\u00e1me p\u0159edan\u00e9 \u00fadaje pro \u00fa\u010dely z\u00e1kaznick\u00e9ho servisu po dobu a\u017e 6 m\u011bs\u00edc\u016f. Tyto \u00fadaje se nepou\u017e\u00edvaj\u00ed pro marketingov\u00e9 \u00fa\u010dely. <\/p>\n<h3>9. cookies<\/h3>\n<p>Na\u0161e webov\u00e9 str\u00e1nky pou\u017e\u00edvaj\u00ed soubory cookie. Soubory cookie jsou mal\u00e9 textov\u00e9 soubory, kter\u00e9 se ukl\u00e1daj\u00ed ve va\u0161em za\u0159\u00edzen\u00ed. <\/p>\n<p>Mezi soubory cookie, kter\u00e9 pou\u017e\u00edv\u00e1me, pat\u0159\u00ed<\/p>\n<ul data-spread=\"false\">\n<li><strong>Z\u00e1kladn\u00ed soubory cookie<\/strong>: Jsou nezbytn\u00e9 pro fungov\u00e1n\u00ed webov\u00fdch str\u00e1nek.<\/li>\n<li><strong>Analytick\u00e9 a marketingov\u00e9 soubory cookie<\/strong>: Pom\u00e1haj\u00ed n\u00e1m analyzovat pou\u017e\u00edv\u00e1n\u00ed na\u0161ich webov\u00fdch str\u00e1nek a optimalizovat n\u00e1\u0161 marketing.<\/li>\n<\/ul>\n<p>Ukl\u00e1d\u00e1n\u00ed soubor\u016f cookie m\u016f\u017eete deaktivovat v nastaven\u00ed sv\u00e9ho prohl\u00ed\u017ee\u010de.<\/p>\n<h3>10. analytick\u00e9 slu\u017eby<\/h3>\n<p>Na\u0161e webov\u00e9 str\u00e1nky pou\u017e\u00edvaj\u00ed slu\u017ebu Google Analytics, kterou poskytuje spole\u010dnost Google Ireland Limited, Gordon House, Barrow Street, Dublin 4, Irsko.<\/p>\n<p>Slu\u017eba Google Analytics pou\u017e\u00edv\u00e1 soubory cookie k anal\u00fdze pou\u017e\u00edv\u00e1n\u00ed na\u0161ich webov\u00fdch str\u00e1nek. Aktivovali jsme anonymizaci IP adresy, tak\u017ee va\u0161e IP adresa je v r\u00e1mci EU nebo EHP p\u0159ed odesl\u00e1n\u00edm spole\u010dnosti Google zkr\u00e1cena. Ukl\u00e1d\u00e1n\u00ed soubor\u016f cookie m\u016f\u017eete zabr\u00e1nit v\u00fdb\u011brem p\u0159\u00edslu\u0161n\u00e9ho nastaven\u00ed prohl\u00ed\u017ee\u010de nebo pou\u017eit\u00edm pluginu pro odhl\u00e1\u0161en\u00ed slu\u017eby Google Analytics.  <\/p>\n<p>Dal\u0161\u00ed informace: <a>https:\/\/policies.google.com\/privacy<\/a><\/p>\n<h3>11. zve\u0159ej\u0148ov\u00e1n\u00ed \u00fadaj\u016f<\/h3>\n<p>Va\u0161e \u00fadaje nebudou p\u0159ed\u00e1ny t\u0159et\u00edm stran\u00e1m, pokud:<\/p>\n<ul data-spread=\"false\">\n<li>V\u00fdslovn\u011b jste souhlasili s t\u00edm, \u017ee<\/li>\n<li>Existuje z\u00e1konn\u00e1 povinnost tak u\u010dinit<\/li>\n<li>Zpracov\u00e1n\u00ed prov\u00e1d\u00ed zpracovatel v souladu s \u010dl. 28 GDPR.<\/li>\n<\/ul>\n<h3>12. doba skladov\u00e1n\u00ed<\/h3>\n<p>Osobn\u00ed \u00fadaje uchov\u00e1v\u00e1me pouze po dobu, kter\u00e1 je nezbytn\u00e1 pro zpracov\u00e1n\u00ed va\u0161eho dotazu, nebo po dobu, po kterou existuj\u00ed z\u00e1konn\u00e9 povinnosti jejich uchov\u00e1v\u00e1n\u00ed:<\/p>\n<ul data-spread=\"false\">\n<li>\u00dadaje z kontaktn\u00edho formul\u00e1\u0159e: 6 m\u011bs\u00edc\u016f<\/li>\n<li>\u00dadaje z anal\u00fdzy: 1 rok<\/li>\n<li>\u00dadaje o objedn\u00e1vce: 10 let<\/li>\n<\/ul>\n<h3>13. jak\u00e1 m\u00e1te pr\u00e1va na sv\u00e9 \u00fadaje<\/h3>\n<p>M\u00e1te n\u00e1sleduj\u00edc\u00ed pr\u00e1va:<\/p>\n<ul data-spread=\"false\">\n<li>Pr\u00e1vo na informace o ulo\u017een\u00fdch \u00fadaj\u00edch<\/li>\n<li>Pr\u00e1vo na opravu nespr\u00e1vn\u00fdch \u00fadaj\u016f<\/li>\n<li>Pr\u00e1vo na v\u00fdmaz va\u0161ich \u00fadaj\u016f (pokud neexistuje z\u00e1konn\u00e1 povinnost jejich uchov\u00e1v\u00e1n\u00ed).<\/li>\n<li>Pr\u00e1vo na omezen\u00ed zpracov\u00e1n\u00ed<\/li>\n<li>Pr\u00e1vo vzn\u00e9st n\u00e1mitku proti zpracov\u00e1n\u00ed<\/li>\n<li>Pr\u00e1vo na p\u0159enositelnost \u00fadaj\u016f<\/li>\n<\/ul>\n<p>Pokud si p\u0159ejete uplatnit n\u011bkter\u00e9 z t\u011bchto pr\u00e1v, kontaktujte n\u00e1s na <a>adrese info@niroxx.io<\/a>.<\/p>\n<h3>14 Kam jsou va\u0161e \u00fadaje odes\u00edl\u00e1ny<\/h3>\n<p>Pou\u017e\u00edv\u00e1me n\u00e1stroje a slu\u017eby t\u0159et\u00edch stran, kter\u00e9 mohou zpracov\u00e1vat \u00fadaje mimo EU. P\u0159itom db\u00e1me na to, aby tito poskytovatel\u00e9 dodr\u017eovali GDPR: <\/p>\n<ul data-spread=\"false\">\n<li><strong>Google LLC (Google Analytics, Google Ads, reCAPTCHA<\/strong>): Dohoda o \u0161t\u00edtu na ochranu soukrom\u00ed (do roku 2020) a standardn\u00ed smluvn\u00ed dolo\u017eky.<\/li>\n<li><strong>Mailchimp (rozes\u00edl\u00e1n\u00ed newsletter\u016f<\/strong>): Standardn\u00ed smluvn\u00ed dolo\u017eky<\/li>\n<\/ul>\n<h3>15. kontaktn\u00ed informace<\/h3>\n<p>V p\u0159\u00edpad\u011b obav o ochranu osobn\u00edch \u00fadaj\u016f n\u00e1s pros\u00edm kontaktujte na adrese:<br \/>\ne-mail:  <a>info@niroxx.io<\/a><\/p>\n<h3>16. jak chr\u00e1n\u00edme va\u0161e \u00fadaje<\/h3>\n<p>K ochran\u011b va\u0161ich \u00fadaj\u016f pou\u017e\u00edv\u00e1me technick\u00e1 a organiza\u010dn\u00ed opat\u0159en\u00ed:<\/p>\n<ul data-spread=\"false\">\n<li>\u0160ifrov\u00e1n\u00ed SSL\/TLS<\/li>\n<li>Omezen\u00ed p\u0159\u00edstupu<\/li>\n<li>Dvoufaktorov\u00e9 ov\u011b\u0159ov\u00e1n\u00ed (pokud je k dispozici)<\/li>\n<li>Pravideln\u00e9 aktualizace zabezpe\u010den\u00ed<\/li>\n<\/ul>\n<h3>17. opat\u0159en\u00ed v p\u0159\u00edpad\u011b naru\u0161en\u00ed bezpe\u010dnosti \u00fadaj\u016f<\/h3>\n<p>V p\u0159\u00edpad\u011b poru\u0161en\u00ed ochrany osobn\u00edch \u00fadaj\u016f informujeme dot\u010den\u00e9 u\u017eivatele a p\u0159\u00edslu\u0161n\u00e9 org\u00e1ny pro ochranu osobn\u00edch \u00fadaj\u016f v souladu se z\u00e1konn\u00fdmi ustanoven\u00edmi.<\/p>\n<h3>18. od kter\u00fdch poskytovatel\u016f t\u0159et\u00edch stran z\u00edsk\u00e1v\u00e1me \u00fadaje.<\/h3>\n<p>Od poskytovatel\u016f t\u0159et\u00edch stran, kte\u0159\u00ed nejsou uvedeni v t\u011bchto z\u00e1sad\u00e1ch ochrany osobn\u00edch \u00fadaj\u016f, nez\u00edsk\u00e1v\u00e1me \u017e\u00e1dn\u00e9 \u00fadaje.<\/p>\n<h3>19 Automatizovan\u00e9 rozhodov\u00e1n\u00ed<\/h3>\n<p>Na\u0161e webov\u00e9 str\u00e1nky neprov\u00e1d\u011bj\u00ed automatizovan\u00e9 rozhodov\u00e1n\u00ed ani profilov\u00e1n\u00ed.<\/p>\n<h3>20. zm\u011bny z\u00e1sad ochrany osobn\u00edch \u00fadaj\u016f<\/h3>\n<p>Vyhrazujeme si pr\u00e1vo tyto z\u00e1sady ochrany osobn\u00edch \u00fadaj\u016f v p\u0159\u00edpad\u011b pot\u0159eby aktualizovat.<\/p>\n<p><strong>Stav: b\u0159ezen 2025<\/strong><\/p>\n<\/div><\/section>\n","protected":false},"excerpt":{"rendered":"","protected":false},"author":1,"featured_media":0,"parent":0,"menu_order":0,"comment_status":"closed","ping_status":"open","template":"","meta":{"footnotes":""},"class_list":["post-1935","page","type-page","status-publish","hentry"],"yoast_head":"<!-- This site is optimized with the Yoast SEO plugin v27.5 - https:\/\/yoast.com\/product\/yoast-seo-wordpress\/ -->\n<title>Z\u00e1sady ochrany osobn\u00edch \u00fadaj\u016f - Helim - Leak Test Solutions<\/title>\n<meta name=\"description\" content=\"Z\u00e1sady ochrany osobn\u00edch \u00fadaj\u016f spole\u010dnosti Helim - v\u00fdrobce tester\u016f t\u011bsnosti bateri\u00ed pro elektrick\u00e1 a hybridn\u00ed vozidla, zejm\u00e9na pro d\u00edlny a pr\u016fmysl.\" \/>\n<meta name=\"robots\" content=\"index, follow, max-snippet:-1, max-image-preview:large, max-video-preview:-1\" \/>\n<link rel=\"canonical\" href=\"https:\/\/helim.eu\/cs\/zasady-ochrany-osobnich-udaju\/\" \/>\n<meta property=\"og:locale\" content=\"cs_CZ\" \/>\n<meta property=\"og:type\" content=\"article\" \/>\n<meta property=\"og:title\" content=\"Z\u00e1sady ochrany osobn\u00edch \u00fadaj\u016f - Helim - Leak Test Solutions\" \/>\n<meta property=\"og:description\" content=\"Z\u00e1sady ochrany osobn\u00edch \u00fadaj\u016f spole\u010dnosti Helim - v\u00fdrobce tester\u016f t\u011bsnosti bateri\u00ed pro elektrick\u00e1 a hybridn\u00ed vozidla, zejm\u00e9na pro d\u00edlny a pr\u016fmysl.\" \/>\n<meta property=\"og:url\" content=\"https:\/\/helim.eu\/cs\/zasady-ochrany-osobnich-udaju\/\" \/>\n<meta property=\"og:site_name\" content=\"Helim - Leak Test Solutions\" \/>\n<meta property=\"article:publisher\" content=\"https:\/\/www.facebook.com\/profile.php?id=61574206138313\" \/>\n<meta property=\"article:modified_time\" content=\"2025-07-03T16:05:33+00:00\" \/>\n<meta name=\"twitter:card\" content=\"summary_large_image\" \/>\n<meta name=\"twitter:label1\" content=\"Odhadovan\u00e1 doba \u010dten\u00ed\" \/>\n\t<meta name=\"twitter:data1\" content=\"6 minut\" \/>\n<script type=\"application\/ld+json\" class=\"yoast-schema-graph\">{\"@context\":\"https:\\\/\\\/schema.org\",\"@graph\":[{\"@type\":\"WebPage\",\"@id\":\"https:\\\/\\\/helim.eu\\\/cs\\\/zasady-ochrany-osobnich-udaju\\\/\",\"url\":\"https:\\\/\\\/helim.eu\\\/cs\\\/zasady-ochrany-osobnich-udaju\\\/\",\"name\":\"Z\u00e1sady ochrany osobn\u00edch \u00fadaj\u016f - Helim - Leak Test Solutions\",\"isPartOf\":{\"@id\":\"https:\\\/\\\/helim.eu\\\/cs\\\/#website\"},\"datePublished\":\"2025-01-22T17:30:34+00:00\",\"dateModified\":\"2025-07-03T16:05:33+00:00\",\"description\":\"Z\u00e1sady ochrany osobn\u00edch \u00fadaj\u016f spole\u010dnosti Helim - v\u00fdrobce tester\u016f t\u011bsnosti bateri\u00ed pro elektrick\u00e1 a hybridn\u00ed vozidla, zejm\u00e9na pro d\u00edlny a pr\u016fmysl.\",\"breadcrumb\":{\"@id\":\"https:\\\/\\\/helim.eu\\\/cs\\\/zasady-ochrany-osobnich-udaju\\\/#breadcrumb\"},\"inLanguage\":\"cs\",\"potentialAction\":[{\"@type\":\"ReadAction\",\"target\":[\"https:\\\/\\\/helim.eu\\\/cs\\\/zasady-ochrany-osobnich-udaju\\\/\"]}]},{\"@type\":\"BreadcrumbList\",\"@id\":\"https:\\\/\\\/helim.eu\\\/cs\\\/zasady-ochrany-osobnich-udaju\\\/#breadcrumb\",\"itemListElement\":[{\"@type\":\"ListItem\",\"position\":1,\"name\":\"Startseite\",\"item\":\"https:\\\/\\\/helim.eu\\\/cs\\\/\"},{\"@type\":\"ListItem\",\"position\":2,\"name\":\"Z\u00e1sady ochrany osobn\u00edch \u00fadaj\u016f\"}]},{\"@type\":\"WebSite\",\"@id\":\"https:\\\/\\\/helim.eu\\\/cs\\\/#website\",\"url\":\"https:\\\/\\\/helim.eu\\\/cs\\\/\",\"name\":\"Helim - Leak Test Solutions\",\"description\":\"EV Battery Leaktester\",\"publisher\":{\"@id\":\"https:\\\/\\\/helim.eu\\\/cs\\\/#organization\"},\"potentialAction\":[{\"@type\":\"SearchAction\",\"target\":{\"@type\":\"EntryPoint\",\"urlTemplate\":\"https:\\\/\\\/helim.eu\\\/cs\\\/?s={search_term_string}\"},\"query-input\":{\"@type\":\"PropertyValueSpecification\",\"valueRequired\":true,\"valueName\":\"search_term_string\"}}],\"inLanguage\":\"cs\"},{\"@type\":\"Organization\",\"@id\":\"https:\\\/\\\/helim.eu\\\/cs\\\/#organization\",\"name\":\"Helim\",\"url\":\"https:\\\/\\\/helim.eu\\\/cs\\\/\",\"logo\":{\"@type\":\"ImageObject\",\"inLanguage\":\"cs\",\"@id\":\"https:\\\/\\\/helim.eu\\\/cs\\\/#\\\/schema\\\/logo\\\/image\\\/\",\"url\":\"https:\\\/\\\/helim.eu\\\/wp-content\\\/uploads\\\/2025\\\/03\\\/helim-logo-r-w-600-600-rand.png\",\"contentUrl\":\"https:\\\/\\\/helim.eu\\\/wp-content\\\/uploads\\\/2025\\\/03\\\/helim-logo-r-w-600-600-rand.png\",\"width\":600,\"height\":600,\"caption\":\"Helim\"},\"image\":{\"@id\":\"https:\\\/\\\/helim.eu\\\/cs\\\/#\\\/schema\\\/logo\\\/image\\\/\"},\"sameAs\":[\"https:\\\/\\\/www.facebook.com\\\/profile.php?id=61574206138313\"]}]}<\/script>\n<!-- \/ Yoast SEO plugin. -->","yoast_head_json":{"title":"Z\u00e1sady ochrany osobn\u00edch \u00fadaj\u016f - Helim - Leak Test Solutions","description":"Z\u00e1sady ochrany osobn\u00edch \u00fadaj\u016f spole\u010dnosti Helim - v\u00fdrobce tester\u016f t\u011bsnosti bateri\u00ed pro elektrick\u00e1 a hybridn\u00ed vozidla, zejm\u00e9na pro d\u00edlny a pr\u016fmysl.","robots":{"index":"index","follow":"follow","max-snippet":"max-snippet:-1","max-image-preview":"max-image-preview:large","max-video-preview":"max-video-preview:-1"},"canonical":"https:\/\/helim.eu\/cs\/zasady-ochrany-osobnich-udaju\/","og_locale":"cs_CZ","og_type":"article","og_title":"Z\u00e1sady ochrany osobn\u00edch \u00fadaj\u016f - Helim - Leak Test Solutions","og_description":"Z\u00e1sady ochrany osobn\u00edch \u00fadaj\u016f spole\u010dnosti Helim - v\u00fdrobce tester\u016f t\u011bsnosti bateri\u00ed pro elektrick\u00e1 a hybridn\u00ed vozidla, zejm\u00e9na pro d\u00edlny a pr\u016fmysl.","og_url":"https:\/\/helim.eu\/cs\/zasady-ochrany-osobnich-udaju\/","og_site_name":"Helim - Leak Test Solutions","article_publisher":"https:\/\/www.facebook.com\/profile.php?id=61574206138313","article_modified_time":"2025-07-03T16:05:33+00:00","twitter_card":"summary_large_image","twitter_misc":{"Odhadovan\u00e1 doba \u010dten\u00ed":"6 minut"},"schema":{"@context":"https:\/\/schema.org","@graph":[{"@type":"WebPage","@id":"https:\/\/helim.eu\/cs\/zasady-ochrany-osobnich-udaju\/","url":"https:\/\/helim.eu\/cs\/zasady-ochrany-osobnich-udaju\/","name":"Z\u00e1sady ochrany osobn\u00edch \u00fadaj\u016f - Helim - Leak Test Solutions","isPartOf":{"@id":"https:\/\/helim.eu\/cs\/#website"},"datePublished":"2025-01-22T17:30:34+00:00","dateModified":"2025-07-03T16:05:33+00:00","description":"Z\u00e1sady ochrany osobn\u00edch \u00fadaj\u016f spole\u010dnosti Helim - v\u00fdrobce tester\u016f t\u011bsnosti bateri\u00ed pro elektrick\u00e1 a hybridn\u00ed vozidla, zejm\u00e9na pro d\u00edlny a pr\u016fmysl.","breadcrumb":{"@id":"https:\/\/helim.eu\/cs\/zasady-ochrany-osobnich-udaju\/#breadcrumb"},"inLanguage":"cs","potentialAction":[{"@type":"ReadAction","target":["https:\/\/helim.eu\/cs\/zasady-ochrany-osobnich-udaju\/"]}]},{"@type":"BreadcrumbList","@id":"https:\/\/helim.eu\/cs\/zasady-ochrany-osobnich-udaju\/#breadcrumb","itemListElement":[{"@type":"ListItem","position":1,"name":"Startseite","item":"https:\/\/helim.eu\/cs\/"},{"@type":"ListItem","position":2,"name":"Z\u00e1sady ochrany osobn\u00edch \u00fadaj\u016f"}]},{"@type":"WebSite","@id":"https:\/\/helim.eu\/cs\/#website","url":"https:\/\/helim.eu\/cs\/","name":"Helim - Leak Test Solutions","description":"EV Battery Leaktester","publisher":{"@id":"https:\/\/helim.eu\/cs\/#organization"},"potentialAction":[{"@type":"SearchAction","target":{"@type":"EntryPoint","urlTemplate":"https:\/\/helim.eu\/cs\/?s={search_term_string}"},"query-input":{"@type":"PropertyValueSpecification","valueRequired":true,"valueName":"search_term_string"}}],"inLanguage":"cs"},{"@type":"Organization","@id":"https:\/\/helim.eu\/cs\/#organization","name":"Helim","url":"https:\/\/helim.eu\/cs\/","logo":{"@type":"ImageObject","inLanguage":"cs","@id":"https:\/\/helim.eu\/cs\/#\/schema\/logo\/image\/","url":"https:\/\/helim.eu\/wp-content\/uploads\/2025\/03\/helim-logo-r-w-600-600-rand.png","contentUrl":"https:\/\/helim.eu\/wp-content\/uploads\/2025\/03\/helim-logo-r-w-600-600-rand.png","width":600,"height":600,"caption":"Helim"},"image":{"@id":"https:\/\/helim.eu\/cs\/#\/schema\/logo\/image\/"},"sameAs":["https:\/\/www.facebook.com\/profile.php?id=61574206138313"]}]}},"_links":{"self":[{"href":"https:\/\/helim.eu\/cs\/wp-json\/wp\/v2\/pages\/1935","targetHints":{"allow":["GET"]}}],"collection":[{"href":"https:\/\/helim.eu\/cs\/wp-json\/wp\/v2\/pages"}],"about":[{"href":"https:\/\/helim.eu\/cs\/wp-json\/wp\/v2\/types\/page"}],"author":[{"embeddable":true,"href":"https:\/\/helim.eu\/cs\/wp-json\/wp\/v2\/users\/1"}],"replies":[{"embeddable":true,"href":"https:\/\/helim.eu\/cs\/wp-json\/wp\/v2\/comments?post=1935"}],"version-history":[{"count":8,"href":"https:\/\/helim.eu\/cs\/wp-json\/wp\/v2\/pages\/1935\/revisions"}],"predecessor-version":[{"id":3628,"href":"https:\/\/helim.eu\/cs\/wp-json\/wp\/v2\/pages\/1935\/revisions\/3628"}],"wp:attachment":[{"href":"https:\/\/helim.eu\/cs\/wp-json\/wp\/v2\/media?parent=1935"}],"curies":[{"name":"wp","href":"https:\/\/api.w.org\/{rel}","templated":true}]}}