{"id":1910,"date":"2025-03-12T11:03:16","date_gmt":"2025-03-12T11:03:16","guid":{"rendered":"https:\/\/helim.eu\/otisk\/"},"modified":"2025-04-11T13:05:32","modified_gmt":"2025-04-11T13:05:32","slug":"otisk","status":"publish","type":"page","link":"https:\/\/helim.eu\/cs\/otisk\/","title":{"rendered":"Otisk"},"content":{"rendered":"<div id='av_section_1'  class='avia-section av-85sg-9253af3811e26d8c58991fb476b4cd22 main_color avia-section-default avia-no-border-styling  avia-builder-el-0  avia-builder-el-no-sibling  avia-bg-style-scroll av-minimum-height av-minimum-height-custom av-height-custom  container_wrap fullsize'   data-av_minimum_height_px='700'><div class='container av-section-cont-open' style='height:700px'><main  role=\"main\" itemprop=\"mainContentOfPage\"  class='template-page content  av-content-full alpha units'><div class='post-entry post-entry-type-page post-entry-1910'><div class='entry-content-wrapper clearfix'>\n\n<style type=\"text\/css\" data-created_by=\"avia_inline_auto\" id=\"style-css-av-m7vp4u51-b406612f7e81a91b95aa156f5719d08d\">\n.flex_column.av-m7vp4u51-b406612f7e81a91b95aa156f5719d08d{\npadding:40px 0 0 0;\n}\n<\/style>\n<div  class='flex_column av-m7vp4u51-b406612f7e81a91b95aa156f5719d08d av_one_half  avia-builder-el-1  avia-builder-el-no-sibling  first flex_column_div  '     ><section  class='av_textblock_section av-42ho-1ab9d9e8948954851446949b3d030a10 '   itemscope=\"itemscope\" itemtype=\"https:\/\/schema.org\/CreativeWork\" ><div class='avia_textblock'  itemprop=\"text\" ><p data-start=\"251\" data-end=\"308\"><strong data-start=\"251\" data-end=\"306\">Informace podle \u00a7 5 TMG \/ \u010dl. 4 sm\u011brnice o elektronick\u00e9m obchodu<\/strong><\/p>\n<p data-start=\"310\" data-end=\"451\"><strong data-start=\"310\" data-end=\"344\">Odpov\u011bdnost za obsah:<\/strong><\/p>\n<p data-start=\"310\" data-end=\"451\"><br class=\"avia-permanent-lb\"><br data-start=\"344\" data-end=\"347\"><strong data-start=\"347\" data-end=\"374\">NIROXX Engineering Ltd.<\/strong><\/p>\n<p>Morozow Avenue 12<br data-start=\"492\" data-end=\"495\">8220 Pafos  <br data-start=\"492\" data-end=\"495\">Kypr<\/p>\n<p><strong data-start=\"453\" data-end=\"465\">Kontakt:<\/strong><br data-start=\"465\" data-end=\"468\">Telefon N\u011bmecko: +49 176 26 150 383<br data-start=\"492\" data-end=\"495\">Telefon Kypr: +357 99 244 147<br data-start=\"519\" data-end=\"522\">E-mail: <a href=\"mailto:info@helim.eu\">info@helim.eu<\/a><br data-start=\"519\" data-end=\"522\">Webov\u00e9 str\u00e1nky: <a href=\"http:\/\/www.helim.eu\" target=\"_new\" rel=\"noopener\">www.helim.eu<\/a><\/p>\n<p data-start=\"550\" data-end=\"723\"><strong data-start=\"550\" data-end=\"585\">Obchodn\u00ed rejst\u0159\u00edk a da\u0148ov\u00e9 \u010d\u00edslo:<\/strong><br data-start=\"585\" data-end=\"588\">Obchodn\u00ed rejst\u0159\u00edk: HE 464680<br data-start=\"621\" data-end=\"624\">Rejst\u0159\u00edkov\u00fd soud: Okresn\u00ed soud Pafos<br data-start=\"672\" data-end=\"675\">DI\u010c: CY60096432B<\/p>\n<p data-start=\"550\" data-end=\"723\">\n<p data-start=\"725\" data-end=\"777\"><strong data-start=\"725\" data-end=\"745\">V\u00fdkonn\u00fd \u0159editel:<\/strong><br data-start=\"745\" data-end=\"748\">Alexei Keller<\/p>\n<h4 data-start=\"702\" data-end=\"732\"><strong data-start=\"707\" data-end=\"730\">Odm\u00edtnut\u00ed odpov\u011bdnosti:<\/strong><\/h4>\n<p data-start=\"733\" data-end=\"1165\">Obsah t\u011bchto webov\u00fdch str\u00e1nek byl vytvo\u0159en s maxim\u00e1ln\u00ed mo\u017enou p\u00e9\u010d\u00ed. Nep\u0159eb\u00edr\u00e1me v\u0161ak \u017e\u00e1dnou odpov\u011bdnost za spr\u00e1vnost, \u00faplnost a aktu\u00e1lnost obsahu. Jako poskytovatel slu\u017eeb neseme odpov\u011bdnost za vlastn\u00ed obsah t\u011bchto str\u00e1nek v souladu s obecn\u00fdmi pr\u00e1vn\u00edmi p\u0159edpisy. Za obsah extern\u00edch odkaz\u016f nep\u0159eb\u00edr\u00e1me \u017e\u00e1dnou odpov\u011bdnost. Za obsah odkazovan\u00fdch str\u00e1nek odpov\u00eddaj\u00ed v\u00fdhradn\u011b jejich provozovatel\u00e9.    <\/p>\n<h4 data-start=\"1167\" data-end=\"1191\"><strong data-start=\"1172\" data-end=\"1189\">Autorsk\u00e1 pr\u00e1va:<\/strong><\/h4>\n<p data-start=\"1192\" data-end=\"1466\">Obsah a d\u00edla na t\u011bchto webov\u00fdch str\u00e1nk\u00e1ch vytvo\u0159en\u00e1 provozovatelem webov\u00fdch str\u00e1nek podl\u00e9haj\u00ed autorsk\u00fdm pr\u00e1v\u016fm. Duplikace, zpracov\u00e1n\u00ed, distribuce nebo jak\u00e1koli forma komercializace takov\u00e9ho materi\u00e1lu nad r\u00e1mec autorsk\u00e9ho z\u00e1kona vy\u017eaduje p\u0159edchoz\u00ed p\u00edsemn\u00fd souhlas p\u0159\u00edslu\u0161n\u00e9ho autora nebo tv\u016frce. <\/p>\n<h4 data-start=\"1468\" data-end=\"1491\"><strong data-start=\"1473\" data-end=\"1489\">Ochrana \u00fadaj\u016f:<\/strong><\/h4>\n<p data-start=\"1492\" data-end=\"1606\">Podrobnosti o zpracov\u00e1n\u00ed osobn\u00edch \u00fadaj\u016f naleznete v na\u0161em <strong data-start=\"1563\" data-end=\"1603\"><a href=\"https:\/\/helim.eu\/privacy-policy\/\" rel=\"noopener\" data-start=\"1565\" data-end=\"1601\">z\u00e1sady ochrany osobn\u00edch \u00fadaj\u016f<\/a><\/strong>.<\/p>\n<\/div><\/section><\/div>\n","protected":false},"excerpt":{"rendered":"","protected":false},"author":1,"featured_media":0,"parent":0,"menu_order":0,"comment_status":"closed","ping_status":"open","template":"","meta":{"footnotes":""},"class_list":["post-1910","page","type-page","status-publish","hentry"],"yoast_head":"<!-- This site is optimized with the Yoast SEO plugin v27.5 - https:\/\/yoast.com\/product\/yoast-seo-wordpress\/ -->\n<title>Otisk - Helim - Leak Test Solutions<\/title>\n<meta name=\"robots\" content=\"index, follow, max-snippet:-1, max-image-preview:large, max-video-preview:-1\" \/>\n<link rel=\"canonical\" href=\"https:\/\/helim.eu\/cs\/otisk\/\" \/>\n<meta property=\"og:locale\" content=\"cs_CZ\" \/>\n<meta property=\"og:type\" content=\"article\" \/>\n<meta property=\"og:title\" content=\"Otisk - Helim - Leak Test Solutions\" \/>\n<meta property=\"og:url\" content=\"https:\/\/helim.eu\/cs\/otisk\/\" \/>\n<meta property=\"og:site_name\" content=\"Helim - Leak Test Solutions\" \/>\n<meta property=\"article:publisher\" content=\"https:\/\/www.facebook.com\/profile.php?id=61574206138313\" \/>\n<meta property=\"article:modified_time\" content=\"2025-04-11T13:05:32+00:00\" \/>\n<meta name=\"twitter:card\" content=\"summary_large_image\" \/>\n<meta name=\"twitter:label1\" content=\"Odhadovan\u00e1 doba \u010dten\u00ed\" \/>\n\t<meta name=\"twitter:data1\" content=\"5 minut\" \/>\n<script type=\"application\/ld+json\" class=\"yoast-schema-graph\">{\"@context\":\"https:\\\/\\\/schema.org\",\"@graph\":[{\"@type\":\"WebPage\",\"@id\":\"https:\\\/\\\/helim.eu\\\/cs\\\/otisk\\\/\",\"url\":\"https:\\\/\\\/helim.eu\\\/cs\\\/otisk\\\/\",\"name\":\"Otisk - Helim - Leak Test Solutions\",\"isPartOf\":{\"@id\":\"https:\\\/\\\/helim.eu\\\/cs\\\/#website\"},\"datePublished\":\"2025-03-12T11:03:16+00:00\",\"dateModified\":\"2025-04-11T13:05:32+00:00\",\"breadcrumb\":{\"@id\":\"https:\\\/\\\/helim.eu\\\/cs\\\/otisk\\\/#breadcrumb\"},\"inLanguage\":\"cs\",\"potentialAction\":[{\"@type\":\"ReadAction\",\"target\":[\"https:\\\/\\\/helim.eu\\\/cs\\\/otisk\\\/\"]}]},{\"@type\":\"BreadcrumbList\",\"@id\":\"https:\\\/\\\/helim.eu\\\/cs\\\/otisk\\\/#breadcrumb\",\"itemListElement\":[{\"@type\":\"ListItem\",\"position\":1,\"name\":\"Startseite\",\"item\":\"https:\\\/\\\/helim.eu\\\/cs\\\/\"},{\"@type\":\"ListItem\",\"position\":2,\"name\":\"Otisk\"}]},{\"@type\":\"WebSite\",\"@id\":\"https:\\\/\\\/helim.eu\\\/cs\\\/#website\",\"url\":\"https:\\\/\\\/helim.eu\\\/cs\\\/\",\"name\":\"Helim - Leak Test Solutions\",\"description\":\"EV Battery Leaktester\",\"publisher\":{\"@id\":\"https:\\\/\\\/helim.eu\\\/cs\\\/#organization\"},\"potentialAction\":[{\"@type\":\"SearchAction\",\"target\":{\"@type\":\"EntryPoint\",\"urlTemplate\":\"https:\\\/\\\/helim.eu\\\/cs\\\/?s={search_term_string}\"},\"query-input\":{\"@type\":\"PropertyValueSpecification\",\"valueRequired\":true,\"valueName\":\"search_term_string\"}}],\"inLanguage\":\"cs\"},{\"@type\":\"Organization\",\"@id\":\"https:\\\/\\\/helim.eu\\\/cs\\\/#organization\",\"name\":\"Helim\",\"url\":\"https:\\\/\\\/helim.eu\\\/cs\\\/\",\"logo\":{\"@type\":\"ImageObject\",\"inLanguage\":\"cs\",\"@id\":\"https:\\\/\\\/helim.eu\\\/cs\\\/#\\\/schema\\\/logo\\\/image\\\/\",\"url\":\"https:\\\/\\\/helim.eu\\\/wp-content\\\/uploads\\\/2025\\\/03\\\/helim-logo-r-w-600-600-rand.png\",\"contentUrl\":\"https:\\\/\\\/helim.eu\\\/wp-content\\\/uploads\\\/2025\\\/03\\\/helim-logo-r-w-600-600-rand.png\",\"width\":600,\"height\":600,\"caption\":\"Helim\"},\"image\":{\"@id\":\"https:\\\/\\\/helim.eu\\\/cs\\\/#\\\/schema\\\/logo\\\/image\\\/\"},\"sameAs\":[\"https:\\\/\\\/www.facebook.com\\\/profile.php?id=61574206138313\"]}]}<\/script>\n<!-- \/ Yoast SEO plugin. -->","yoast_head_json":{"title":"Otisk - Helim - Leak Test Solutions","robots":{"index":"index","follow":"follow","max-snippet":"max-snippet:-1","max-image-preview":"max-image-preview:large","max-video-preview":"max-video-preview:-1"},"canonical":"https:\/\/helim.eu\/cs\/otisk\/","og_locale":"cs_CZ","og_type":"article","og_title":"Otisk - Helim - Leak Test Solutions","og_url":"https:\/\/helim.eu\/cs\/otisk\/","og_site_name":"Helim - Leak Test Solutions","article_publisher":"https:\/\/www.facebook.com\/profile.php?id=61574206138313","article_modified_time":"2025-04-11T13:05:32+00:00","twitter_card":"summary_large_image","twitter_misc":{"Odhadovan\u00e1 doba \u010dten\u00ed":"5 minut"},"schema":{"@context":"https:\/\/schema.org","@graph":[{"@type":"WebPage","@id":"https:\/\/helim.eu\/cs\/otisk\/","url":"https:\/\/helim.eu\/cs\/otisk\/","name":"Otisk - Helim - Leak Test Solutions","isPartOf":{"@id":"https:\/\/helim.eu\/cs\/#website"},"datePublished":"2025-03-12T11:03:16+00:00","dateModified":"2025-04-11T13:05:32+00:00","breadcrumb":{"@id":"https:\/\/helim.eu\/cs\/otisk\/#breadcrumb"},"inLanguage":"cs","potentialAction":[{"@type":"ReadAction","target":["https:\/\/helim.eu\/cs\/otisk\/"]}]},{"@type":"BreadcrumbList","@id":"https:\/\/helim.eu\/cs\/otisk\/#breadcrumb","itemListElement":[{"@type":"ListItem","position":1,"name":"Startseite","item":"https:\/\/helim.eu\/cs\/"},{"@type":"ListItem","position":2,"name":"Otisk"}]},{"@type":"WebSite","@id":"https:\/\/helim.eu\/cs\/#website","url":"https:\/\/helim.eu\/cs\/","name":"Helim - Leak Test Solutions","description":"EV Battery Leaktester","publisher":{"@id":"https:\/\/helim.eu\/cs\/#organization"},"potentialAction":[{"@type":"SearchAction","target":{"@type":"EntryPoint","urlTemplate":"https:\/\/helim.eu\/cs\/?s={search_term_string}"},"query-input":{"@type":"PropertyValueSpecification","valueRequired":true,"valueName":"search_term_string"}}],"inLanguage":"cs"},{"@type":"Organization","@id":"https:\/\/helim.eu\/cs\/#organization","name":"Helim","url":"https:\/\/helim.eu\/cs\/","logo":{"@type":"ImageObject","inLanguage":"cs","@id":"https:\/\/helim.eu\/cs\/#\/schema\/logo\/image\/","url":"https:\/\/helim.eu\/wp-content\/uploads\/2025\/03\/helim-logo-r-w-600-600-rand.png","contentUrl":"https:\/\/helim.eu\/wp-content\/uploads\/2025\/03\/helim-logo-r-w-600-600-rand.png","width":600,"height":600,"caption":"Helim"},"image":{"@id":"https:\/\/helim.eu\/cs\/#\/schema\/logo\/image\/"},"sameAs":["https:\/\/www.facebook.com\/profile.php?id=61574206138313"]}]}},"_links":{"self":[{"href":"https:\/\/helim.eu\/cs\/wp-json\/wp\/v2\/pages\/1910","targetHints":{"allow":["GET"]}}],"collection":[{"href":"https:\/\/helim.eu\/cs\/wp-json\/wp\/v2\/pages"}],"about":[{"href":"https:\/\/helim.eu\/cs\/wp-json\/wp\/v2\/types\/page"}],"author":[{"embeddable":true,"href":"https:\/\/helim.eu\/cs\/wp-json\/wp\/v2\/users\/1"}],"replies":[{"embeddable":true,"href":"https:\/\/helim.eu\/cs\/wp-json\/wp\/v2\/comments?post=1910"}],"version-history":[{"count":1,"href":"https:\/\/helim.eu\/cs\/wp-json\/wp\/v2\/pages\/1910\/revisions"}],"predecessor-version":[{"id":1913,"href":"https:\/\/helim.eu\/cs\/wp-json\/wp\/v2\/pages\/1910\/revisions\/1913"}],"wp:attachment":[{"href":"https:\/\/helim.eu\/cs\/wp-json\/wp\/v2\/media?parent=1910"}],"curies":[{"name":"wp","href":"https:\/\/api.w.org\/{rel}","templated":true}]}}